{"id":9995,"date":"2023-09-05T20:31:04","date_gmt":"2023-09-05T20:31:04","guid":{"rendered":"https:\/\/yaomarket.cl\/?post_type=product&#038;p=9995"},"modified":"2025-11-04T15:24:36","modified_gmt":"2025-11-04T15:24:36","slug":"creatina-monohydrate-creapure","status":"publish","type":"product","link":"https:\/\/yaomarket.cl\/?product=creatina-monohydrate-creapure","title":{"rendered":"Creatina Monohydrate Creapure"},"content":{"rendered":"<p>Sponser\u00ae Creatine Pyrumax: composici\u00f3n de alto rendimiento con piruvato de creatina, monohidrato de creatina y magnesio en una f\u00f3rmula. La creatina aumenta el rendimiento f\u00edsico en r\u00e1fagas sucesivas de ejercicio de alta intensidad y corta duraci\u00f3n. La creatina se conoce como suplemento de rendimiento. Se utiliza principalmente para el suministro de energ\u00eda en deportes al\u00e1cticos anaer\u00f3bicos y en deportes que requieren movimientos explosivos (p. ej., sprints, nataci\u00f3n, remo, lanzamientos) o para desarrollar fuerza y \u200b\u200bm\u00fasculo. Debido a la eficiencia f\u00edsica mejorada, los m\u00fasculos se pueden entrenar de manera m\u00e1s eficiente. Por lo tanto, se puede lograr un mayor rendimiento. La f\u00f3rmula Creatine Pyrumax es perfectamente adecuada para complementar las ventajas del monohidrato de creatina. La solubilidad mejorada del piruvato de creatina permite una absorci\u00f3n fisiol\u00f3gica \u00f3ptima. El magnesio contribuye a la funci\u00f3n muscular normal y apoya una s\u00edntesis de prote\u00ednas normal.<\/p>\n<p>Este producto es vegano.<\/p>\n","protected":false},"excerpt":{"rendered":"<h4><strong>Creatina<\/strong><\/h4>\n<p>La creatina mejora el rendimiento en r\u00e1fagas sucesivas de ejercicio de alta intensidad y corta duraci\u00f3n<\/p>\n<p>Formulaci\u00f3n innovadora del producto, a base de 3 ingredientes<\/p>\n<p>M\u00e1xima garant\u00eda de calidad y pureza certificada<\/p>\n","protected":false},"featured_media":9996,"template":"","meta":[],"product_cat":[535,534],"product_tag":[],"class_list":{"0":"post-9995","1":"product","2":"type-product","3":"status-publish","4":"has-post-thumbnail","6":"product_cat-aumento-de-rendimiento","7":"product_cat-deportista","9":"first","10":"outofstock","11":"shipping-taxable","12":"purchasable","13":"product-type-simple"},"yoast_head":"<!-- This site is optimized with the Yoast SEO plugin v25.2 - https:\/\/yoast.com\/wordpress\/plugins\/seo\/ -->\n<title>Creatina Monohydrate Creapure - YAOMARKET<\/title>\n<meta name=\"robots\" content=\"index, follow, max-snippet:-1, max-image-preview:large, max-video-preview:-1\" \/>\n<link rel=\"canonical\" href=\"https:\/\/yaomarket.cl\/?product=creatina-monohydrate-creapure\" \/>\n<meta property=\"og:locale\" content=\"es_ES\" \/>\n<meta property=\"og:type\" content=\"article\" \/>\n<meta property=\"og:title\" content=\"Creatina Monohydrate Creapure - YAOMARKET\" \/>\n<meta property=\"og:description\" content=\"Creatina La creatina mejora el rendimiento en r\u00e1fagas sucesivas de ejercicio de alta intensidad y corta duraci\u00f3n  Formulaci\u00f3n innovadora del producto, a base de 3 ingredientes  M\u00e1xima garant\u00eda de calidad y pureza certificada\" \/>\n<meta property=\"og:url\" content=\"https:\/\/yaomarket.cl\/?product=creatina-monohydrate-creapure\" \/>\n<meta property=\"og:site_name\" content=\"YAOMARKET\" \/>\n<meta property=\"article:publisher\" content=\"https:\/\/www.facebook.com\/yaomarketchile\/\" \/>\n<meta property=\"article:modified_time\" content=\"2025-11-04T15:24:36+00:00\" \/>\n<meta property=\"og:image\" content=\"https:\/\/yaomarket.cl\/wp-content\/uploads\/2023\/09\/P0-35233502_01.webp\" \/>\n\t<meta property=\"og:image:width\" content=\"460\" \/>\n\t<meta property=\"og:image:height\" content=\"460\" \/>\n\t<meta property=\"og:image:type\" content=\"image\/webp\" \/>\n<meta name=\"twitter:card\" content=\"summary_large_image\" \/>\n<meta name=\"twitter:label1\" content=\"Tiempo de lectura\" \/>\n\t<meta name=\"twitter:data1\" content=\"1 minuto\" \/>\n<script type=\"application\/ld+json\" class=\"yoast-schema-graph\">{\"@context\":\"https:\/\/schema.org\",\"@graph\":[{\"@type\":\"WebPage\",\"@id\":\"https:\/\/yaomarket.cl\/?product=creatina-monohydrate-creapure\",\"url\":\"https:\/\/yaomarket.cl\/?product=creatina-monohydrate-creapure\",\"name\":\"Creatina Monohydrate Creapure - YAOMARKET\",\"isPartOf\":{\"@id\":\"https:\/\/yaomarket.cl\/#website\"},\"primaryImageOfPage\":{\"@id\":\"https:\/\/yaomarket.cl\/?product=creatina-monohydrate-creapure#primaryimage\"},\"image\":{\"@id\":\"https:\/\/yaomarket.cl\/?product=creatina-monohydrate-creapure#primaryimage\"},\"thumbnailUrl\":\"https:\/\/yaomarket.cl\/wp-content\/uploads\/2023\/09\/P0-35233502_01.webp\",\"datePublished\":\"2023-09-05T20:31:04+00:00\",\"dateModified\":\"2025-11-04T15:24:36+00:00\",\"breadcrumb\":{\"@id\":\"https:\/\/yaomarket.cl\/?product=creatina-monohydrate-creapure#breadcrumb\"},\"inLanguage\":\"es\",\"potentialAction\":[{\"@type\":\"ReadAction\",\"target\":[\"https:\/\/yaomarket.cl\/?product=creatina-monohydrate-creapure\"]}]},{\"@type\":\"ImageObject\",\"inLanguage\":\"es\",\"@id\":\"https:\/\/yaomarket.cl\/?product=creatina-monohydrate-creapure#primaryimage\",\"url\":\"https:\/\/yaomarket.cl\/wp-content\/uploads\/2023\/09\/P0-35233502_01.webp\",\"contentUrl\":\"https:\/\/yaomarket.cl\/wp-content\/uploads\/2023\/09\/P0-35233502_01.webp\",\"width\":460,\"height\":460},{\"@type\":\"BreadcrumbList\",\"@id\":\"https:\/\/yaomarket.cl\/?product=creatina-monohydrate-creapure#breadcrumb\",\"itemListElement\":[{\"@type\":\"ListItem\",\"position\":1,\"name\":\"Portada\",\"item\":\"https:\/\/yaomarket.cl\/\"},{\"@type\":\"ListItem\",\"position\":2,\"name\":\"TIENDA\",\"item\":\"https:\/\/yaomarket.cl\/?page_id=8\"},{\"@type\":\"ListItem\",\"position\":3,\"name\":\"Creatina Monohydrate Creapure\"}]},{\"@type\":\"WebSite\",\"@id\":\"https:\/\/yaomarket.cl\/#website\",\"url\":\"https:\/\/yaomarket.cl\/\",\"name\":\"YAOMARKET\",\"description\":\"\",\"publisher\":{\"@id\":\"https:\/\/yaomarket.cl\/#organization\"},\"potentialAction\":[{\"@type\":\"SearchAction\",\"target\":{\"@type\":\"EntryPoint\",\"urlTemplate\":\"https:\/\/yaomarket.cl\/?s={search_term_string}\"},\"query-input\":{\"@type\":\"PropertyValueSpecification\",\"valueRequired\":true,\"valueName\":\"search_term_string\"}}],\"inLanguage\":\"es\"},{\"@type\":\"Organization\",\"@id\":\"https:\/\/yaomarket.cl\/#organization\",\"name\":\"YAOMARKET\",\"url\":\"https:\/\/yaomarket.cl\/\",\"logo\":{\"@type\":\"ImageObject\",\"inLanguage\":\"es\",\"@id\":\"https:\/\/yaomarket.cl\/#\/schema\/logo\/image\/\",\"url\":\"https:\/\/yaomarket.cl\/wp-content\/uploads\/2023\/08\/Logo-Original-Yao-Market-Circular.png\",\"contentUrl\":\"https:\/\/yaomarket.cl\/wp-content\/uploads\/2023\/08\/Logo-Original-Yao-Market-Circular.png\",\"width\":522,\"height\":522,\"caption\":\"YAOMARKET\"},\"image\":{\"@id\":\"https:\/\/yaomarket.cl\/#\/schema\/logo\/image\/\"},\"sameAs\":[\"https:\/\/www.facebook.com\/yaomarketchile\/\",\"https:\/\/www.instagram.com\/yao_market\/\"]}]}<\/script>\n<!-- \/ Yoast SEO plugin. -->","yoast_head_json":{"title":"Creatina Monohydrate Creapure - YAOMARKET","robots":{"index":"index","follow":"follow","max-snippet":"max-snippet:-1","max-image-preview":"max-image-preview:large","max-video-preview":"max-video-preview:-1"},"canonical":"https:\/\/yaomarket.cl\/?product=creatina-monohydrate-creapure","og_locale":"es_ES","og_type":"article","og_title":"Creatina Monohydrate Creapure - YAOMARKET","og_description":"Creatina La creatina mejora el rendimiento en r\u00e1fagas sucesivas de ejercicio de alta intensidad y corta duraci\u00f3n  Formulaci\u00f3n innovadora del producto, a base de 3 ingredientes  M\u00e1xima garant\u00eda de calidad y pureza certificada","og_url":"https:\/\/yaomarket.cl\/?product=creatina-monohydrate-creapure","og_site_name":"YAOMARKET","article_publisher":"https:\/\/www.facebook.com\/yaomarketchile\/","article_modified_time":"2025-11-04T15:24:36+00:00","og_image":[{"width":460,"height":460,"url":"https:\/\/yaomarket.cl\/wp-content\/uploads\/2023\/09\/P0-35233502_01.webp","type":"image\/webp"}],"twitter_card":"summary_large_image","twitter_misc":{"Tiempo de lectura":"1 minuto"},"schema":{"@context":"https:\/\/schema.org","@graph":[{"@type":"WebPage","@id":"https:\/\/yaomarket.cl\/?product=creatina-monohydrate-creapure","url":"https:\/\/yaomarket.cl\/?product=creatina-monohydrate-creapure","name":"Creatina Monohydrate Creapure - YAOMARKET","isPartOf":{"@id":"https:\/\/yaomarket.cl\/#website"},"primaryImageOfPage":{"@id":"https:\/\/yaomarket.cl\/?product=creatina-monohydrate-creapure#primaryimage"},"image":{"@id":"https:\/\/yaomarket.cl\/?product=creatina-monohydrate-creapure#primaryimage"},"thumbnailUrl":"https:\/\/yaomarket.cl\/wp-content\/uploads\/2023\/09\/P0-35233502_01.webp","datePublished":"2023-09-05T20:31:04+00:00","dateModified":"2025-11-04T15:24:36+00:00","breadcrumb":{"@id":"https:\/\/yaomarket.cl\/?product=creatina-monohydrate-creapure#breadcrumb"},"inLanguage":"es","potentialAction":[{"@type":"ReadAction","target":["https:\/\/yaomarket.cl\/?product=creatina-monohydrate-creapure"]}]},{"@type":"ImageObject","inLanguage":"es","@id":"https:\/\/yaomarket.cl\/?product=creatina-monohydrate-creapure#primaryimage","url":"https:\/\/yaomarket.cl\/wp-content\/uploads\/2023\/09\/P0-35233502_01.webp","contentUrl":"https:\/\/yaomarket.cl\/wp-content\/uploads\/2023\/09\/P0-35233502_01.webp","width":460,"height":460},{"@type":"BreadcrumbList","@id":"https:\/\/yaomarket.cl\/?product=creatina-monohydrate-creapure#breadcrumb","itemListElement":[{"@type":"ListItem","position":1,"name":"Portada","item":"https:\/\/yaomarket.cl\/"},{"@type":"ListItem","position":2,"name":"TIENDA","item":"https:\/\/yaomarket.cl\/?page_id=8"},{"@type":"ListItem","position":3,"name":"Creatina Monohydrate Creapure"}]},{"@type":"WebSite","@id":"https:\/\/yaomarket.cl\/#website","url":"https:\/\/yaomarket.cl\/","name":"YAOMARKET","description":"","publisher":{"@id":"https:\/\/yaomarket.cl\/#organization"},"potentialAction":[{"@type":"SearchAction","target":{"@type":"EntryPoint","urlTemplate":"https:\/\/yaomarket.cl\/?s={search_term_string}"},"query-input":{"@type":"PropertyValueSpecification","valueRequired":true,"valueName":"search_term_string"}}],"inLanguage":"es"},{"@type":"Organization","@id":"https:\/\/yaomarket.cl\/#organization","name":"YAOMARKET","url":"https:\/\/yaomarket.cl\/","logo":{"@type":"ImageObject","inLanguage":"es","@id":"https:\/\/yaomarket.cl\/#\/schema\/logo\/image\/","url":"https:\/\/yaomarket.cl\/wp-content\/uploads\/2023\/08\/Logo-Original-Yao-Market-Circular.png","contentUrl":"https:\/\/yaomarket.cl\/wp-content\/uploads\/2023\/08\/Logo-Original-Yao-Market-Circular.png","width":522,"height":522,"caption":"YAOMARKET"},"image":{"@id":"https:\/\/yaomarket.cl\/#\/schema\/logo\/image\/"},"sameAs":["https:\/\/www.facebook.com\/yaomarketchile\/","https:\/\/www.instagram.com\/yao_market\/"]}]}},"_links":{"self":[{"href":"https:\/\/yaomarket.cl\/index.php?rest_route=\/wp\/v2\/product\/9995","targetHints":{"allow":["GET"]}}],"collection":[{"href":"https:\/\/yaomarket.cl\/index.php?rest_route=\/wp\/v2\/product"}],"about":[{"href":"https:\/\/yaomarket.cl\/index.php?rest_route=\/wp\/v2\/types\/product"}],"wp:featuredmedia":[{"embeddable":true,"href":"https:\/\/yaomarket.cl\/index.php?rest_route=\/wp\/v2\/media\/9996"}],"wp:attachment":[{"href":"https:\/\/yaomarket.cl\/index.php?rest_route=%2Fwp%2Fv2%2Fmedia&parent=9995"}],"wp:term":[{"taxonomy":"product_cat","embeddable":true,"href":"https:\/\/yaomarket.cl\/index.php?rest_route=%2Fwp%2Fv2%2Fproduct_cat&post=9995"},{"taxonomy":"product_tag","embeddable":true,"href":"https:\/\/yaomarket.cl\/index.php?rest_route=%2Fwp%2Fv2%2Fproduct_tag&post=9995"}],"curies":[{"name":"wp","href":"https:\/\/api.w.org\/{rel}","templated":true}]}}