{"id":9993,"date":"2023-09-05T20:24:04","date_gmt":"2023-09-05T20:24:04","guid":{"rendered":"https:\/\/yaomarket.cl\/?post_type=product&#038;p=9993"},"modified":"2025-11-04T15:24:36","modified_gmt":"2025-11-04T15:24:36","slug":"caffeine-caps-90-capsulas","status":"publish","type":"product","link":"https:\/\/yaomarket.cl\/?product=caffeine-caps-90-capsulas","title":{"rendered":"Caffeine Caps (90 Capsulas)"},"content":{"rendered":"<p>CAFE\u00cdNA CAPS de Sponser proporciona 50 mg de cafe\u00edna en forma libre por c\u00e1psula. Por lo tanto, son ideales para la dosificaci\u00f3n individual de cafe\u00edna durante el ejercicio y especialmente para personas con est\u00f3magos sensibles. Gracias a los CAFFEINE CAPS resistentes al \u00e1cido g\u00e1strico, la cafe\u00edna solo se libera en el intestino, minimizando as\u00ed los posibles problemas de tolerancia.<\/p>\n<p>nEl contenido de cafe\u00edna de CAFFEINE CAPS es aproximadamente el mismo que el de medio expres\u00f3 o caf\u00e9. Recomendamos su uso especialmente para ejercicios de resistencia m\u00e1s largos de 3 horas o m\u00e1s, ya que es mejor tomar cafe\u00edna en peque\u00f1as cantidades (50-100 mg, o 1-2 c\u00e1psulas) debido al aumento de tensi\u00f3n y sensibilidad del est\u00f3mago.<\/p>\n<p>Para cargas m\u00e1s cortas de hasta 3 horas en total, recomendamos usar ACTIVATOR como refuerzo de cafe\u00edna. Con sus 200 mg por inyecci\u00f3n, es adecuado para alcanzar la dosis recomendada de 3-4 mg de cafe\u00edna por kg de peso corporal. Ingesti\u00f3n ideal 30-60 min antes del tiempo de efectividad deseado.<\/p>\n<p>Efectos de la cafe\u00edna: La cafe\u00edna aumenta la concentraci\u00f3n, el estado de alerta y el estado de alerta y ayuda a mejorar la resistencia.<\/p>\n<p>Los efectos individuales de la cafe\u00edna tambi\u00e9n dependen de los requisitos gen\u00e9ticos. La prueba COFFEGEN &#8211; DNA se puede utilizar para averiguar con qu\u00e9 cantidad de cafe\u00edna y en qu\u00e9 momento se puede lograr un rendimiento \u00f3ptimo.<\/p>\n<p>En el deporte, la gente ha confiado en el efecto de mejora del rendimiento de la cafe\u00edna durante muchos a\u00f1os, lo que ha sido probado en numerosos estudios. Por lo tanto, la cafe\u00edna figura como un suplemento llamado A (categor\u00eda de suplemento m\u00e1s eficaz) por la Sociedad Suiza de Nutrici\u00f3n Deportiva (ssns.ch).<\/p>\n<p>\u00c1rea de aplicaci\u00f3n: Ejercicio de resistencia a largo plazo<\/p>\n<p>En ciclismo, triatl\u00f3n, trail y running, senderismo, esqu\u00ed de traves\u00eda, etc.<\/p>\n<p>Recomendamos 50-100 mg de cafe\u00edna (1-2 c\u00e1psulas) por hora.<\/p>\n<p>Oficina Federal de Salud P\u00fablica de CH: m\u00e1x.200 mg \/ d\u00eda<\/p>\n","protected":false},"excerpt":{"rendered":"<p><strong>CAFE\u00cdNA CAPS de Sponser<\/strong> proporciona 50 mg de cafe\u00edna en forma libre por c\u00e1psula. Por lo tanto, son ideales para la dosificaci\u00f3n individual de cafe\u00edna durante el ejercicio y especialmente para personas con est\u00f3magos sensibles.<\/p>\n","protected":false},"featured_media":9994,"template":"","meta":[],"product_cat":[535,534],"product_tag":[],"class_list":{"0":"post-9993","1":"product","2":"type-product","3":"status-publish","4":"has-post-thumbnail","6":"product_cat-aumento-de-rendimiento","7":"product_cat-deportista","9":"first","10":"outofstock","11":"shipping-taxable","12":"purchasable","13":"product-type-simple"},"yoast_head":"<!-- This site is optimized with the Yoast SEO plugin v25.2 - https:\/\/yoast.com\/wordpress\/plugins\/seo\/ -->\n<title>Caffeine Caps (90 Capsulas) - YAOMARKET<\/title>\n<meta name=\"robots\" content=\"index, follow, max-snippet:-1, max-image-preview:large, max-video-preview:-1\" \/>\n<link rel=\"canonical\" href=\"https:\/\/yaomarket.cl\/?product=caffeine-caps-90-capsulas\" \/>\n<meta property=\"og:locale\" content=\"es_ES\" \/>\n<meta property=\"og:type\" content=\"article\" \/>\n<meta property=\"og:title\" content=\"Caffeine Caps (90 Capsulas) - YAOMARKET\" \/>\n<meta property=\"og:description\" content=\"CAFE\u00cdNA CAPS de Sponser proporciona 50 mg de cafe\u00edna en forma libre por c\u00e1psula. Por lo tanto, son ideales para la dosificaci\u00f3n individual de cafe\u00edna durante el ejercicio y especialmente para personas con est\u00f3magos sensibles.\" \/>\n<meta property=\"og:url\" content=\"https:\/\/yaomarket.cl\/?product=caffeine-caps-90-capsulas\" \/>\n<meta property=\"og:site_name\" content=\"YAOMARKET\" \/>\n<meta property=\"article:publisher\" content=\"https:\/\/www.facebook.com\/yaomarketchile\/\" \/>\n<meta property=\"article:modified_time\" content=\"2025-11-04T15:24:36+00:00\" \/>\n<meta property=\"og:image\" content=\"https:\/\/yaomarket.cl\/wp-content\/uploads\/2023\/09\/sponser-caffeine-caps-90pcs.jpg\" \/>\n\t<meta property=\"og:image:width\" content=\"1261\" \/>\n\t<meta property=\"og:image:height\" content=\"1261\" \/>\n\t<meta property=\"og:image:type\" content=\"image\/jpeg\" \/>\n<meta name=\"twitter:card\" content=\"summary_large_image\" \/>\n<meta name=\"twitter:label1\" content=\"Tiempo de lectura\" \/>\n\t<meta name=\"twitter:data1\" content=\"2 minutos\" \/>\n<script type=\"application\/ld+json\" class=\"yoast-schema-graph\">{\"@context\":\"https:\/\/schema.org\",\"@graph\":[{\"@type\":\"WebPage\",\"@id\":\"https:\/\/yaomarket.cl\/?product=caffeine-caps-90-capsulas\",\"url\":\"https:\/\/yaomarket.cl\/?product=caffeine-caps-90-capsulas\",\"name\":\"Caffeine Caps (90 Capsulas) - YAOMARKET\",\"isPartOf\":{\"@id\":\"https:\/\/yaomarket.cl\/#website\"},\"primaryImageOfPage\":{\"@id\":\"https:\/\/yaomarket.cl\/?product=caffeine-caps-90-capsulas#primaryimage\"},\"image\":{\"@id\":\"https:\/\/yaomarket.cl\/?product=caffeine-caps-90-capsulas#primaryimage\"},\"thumbnailUrl\":\"https:\/\/yaomarket.cl\/wp-content\/uploads\/2023\/09\/sponser-caffeine-caps-90pcs.jpg\",\"datePublished\":\"2023-09-05T20:24:04+00:00\",\"dateModified\":\"2025-11-04T15:24:36+00:00\",\"breadcrumb\":{\"@id\":\"https:\/\/yaomarket.cl\/?product=caffeine-caps-90-capsulas#breadcrumb\"},\"inLanguage\":\"es\",\"potentialAction\":[{\"@type\":\"ReadAction\",\"target\":[\"https:\/\/yaomarket.cl\/?product=caffeine-caps-90-capsulas\"]}]},{\"@type\":\"ImageObject\",\"inLanguage\":\"es\",\"@id\":\"https:\/\/yaomarket.cl\/?product=caffeine-caps-90-capsulas#primaryimage\",\"url\":\"https:\/\/yaomarket.cl\/wp-content\/uploads\/2023\/09\/sponser-caffeine-caps-90pcs.jpg\",\"contentUrl\":\"https:\/\/yaomarket.cl\/wp-content\/uploads\/2023\/09\/sponser-caffeine-caps-90pcs.jpg\",\"width\":1261,\"height\":1261},{\"@type\":\"BreadcrumbList\",\"@id\":\"https:\/\/yaomarket.cl\/?product=caffeine-caps-90-capsulas#breadcrumb\",\"itemListElement\":[{\"@type\":\"ListItem\",\"position\":1,\"name\":\"Portada\",\"item\":\"https:\/\/yaomarket.cl\/\"},{\"@type\":\"ListItem\",\"position\":2,\"name\":\"TIENDA\",\"item\":\"https:\/\/yaomarket.cl\/?page_id=8\"},{\"@type\":\"ListItem\",\"position\":3,\"name\":\"Caffeine Caps (90 Capsulas)\"}]},{\"@type\":\"WebSite\",\"@id\":\"https:\/\/yaomarket.cl\/#website\",\"url\":\"https:\/\/yaomarket.cl\/\",\"name\":\"YAOMARKET\",\"description\":\"\",\"publisher\":{\"@id\":\"https:\/\/yaomarket.cl\/#organization\"},\"potentialAction\":[{\"@type\":\"SearchAction\",\"target\":{\"@type\":\"EntryPoint\",\"urlTemplate\":\"https:\/\/yaomarket.cl\/?s={search_term_string}\"},\"query-input\":{\"@type\":\"PropertyValueSpecification\",\"valueRequired\":true,\"valueName\":\"search_term_string\"}}],\"inLanguage\":\"es\"},{\"@type\":\"Organization\",\"@id\":\"https:\/\/yaomarket.cl\/#organization\",\"name\":\"YAOMARKET\",\"url\":\"https:\/\/yaomarket.cl\/\",\"logo\":{\"@type\":\"ImageObject\",\"inLanguage\":\"es\",\"@id\":\"https:\/\/yaomarket.cl\/#\/schema\/logo\/image\/\",\"url\":\"https:\/\/yaomarket.cl\/wp-content\/uploads\/2023\/08\/Logo-Original-Yao-Market-Circular.png\",\"contentUrl\":\"https:\/\/yaomarket.cl\/wp-content\/uploads\/2023\/08\/Logo-Original-Yao-Market-Circular.png\",\"width\":522,\"height\":522,\"caption\":\"YAOMARKET\"},\"image\":{\"@id\":\"https:\/\/yaomarket.cl\/#\/schema\/logo\/image\/\"},\"sameAs\":[\"https:\/\/www.facebook.com\/yaomarketchile\/\",\"https:\/\/www.instagram.com\/yao_market\/\"]}]}<\/script>\n<!-- \/ Yoast SEO plugin. -->","yoast_head_json":{"title":"Caffeine Caps (90 Capsulas) - YAOMARKET","robots":{"index":"index","follow":"follow","max-snippet":"max-snippet:-1","max-image-preview":"max-image-preview:large","max-video-preview":"max-video-preview:-1"},"canonical":"https:\/\/yaomarket.cl\/?product=caffeine-caps-90-capsulas","og_locale":"es_ES","og_type":"article","og_title":"Caffeine Caps (90 Capsulas) - YAOMARKET","og_description":"CAFE\u00cdNA CAPS de Sponser proporciona 50 mg de cafe\u00edna en forma libre por c\u00e1psula. Por lo tanto, son ideales para la dosificaci\u00f3n individual de cafe\u00edna durante el ejercicio y especialmente para personas con est\u00f3magos sensibles.","og_url":"https:\/\/yaomarket.cl\/?product=caffeine-caps-90-capsulas","og_site_name":"YAOMARKET","article_publisher":"https:\/\/www.facebook.com\/yaomarketchile\/","article_modified_time":"2025-11-04T15:24:36+00:00","og_image":[{"width":1261,"height":1261,"url":"https:\/\/yaomarket.cl\/wp-content\/uploads\/2023\/09\/sponser-caffeine-caps-90pcs.jpg","type":"image\/jpeg"}],"twitter_card":"summary_large_image","twitter_misc":{"Tiempo de lectura":"2 minutos"},"schema":{"@context":"https:\/\/schema.org","@graph":[{"@type":"WebPage","@id":"https:\/\/yaomarket.cl\/?product=caffeine-caps-90-capsulas","url":"https:\/\/yaomarket.cl\/?product=caffeine-caps-90-capsulas","name":"Caffeine Caps (90 Capsulas) - YAOMARKET","isPartOf":{"@id":"https:\/\/yaomarket.cl\/#website"},"primaryImageOfPage":{"@id":"https:\/\/yaomarket.cl\/?product=caffeine-caps-90-capsulas#primaryimage"},"image":{"@id":"https:\/\/yaomarket.cl\/?product=caffeine-caps-90-capsulas#primaryimage"},"thumbnailUrl":"https:\/\/yaomarket.cl\/wp-content\/uploads\/2023\/09\/sponser-caffeine-caps-90pcs.jpg","datePublished":"2023-09-05T20:24:04+00:00","dateModified":"2025-11-04T15:24:36+00:00","breadcrumb":{"@id":"https:\/\/yaomarket.cl\/?product=caffeine-caps-90-capsulas#breadcrumb"},"inLanguage":"es","potentialAction":[{"@type":"ReadAction","target":["https:\/\/yaomarket.cl\/?product=caffeine-caps-90-capsulas"]}]},{"@type":"ImageObject","inLanguage":"es","@id":"https:\/\/yaomarket.cl\/?product=caffeine-caps-90-capsulas#primaryimage","url":"https:\/\/yaomarket.cl\/wp-content\/uploads\/2023\/09\/sponser-caffeine-caps-90pcs.jpg","contentUrl":"https:\/\/yaomarket.cl\/wp-content\/uploads\/2023\/09\/sponser-caffeine-caps-90pcs.jpg","width":1261,"height":1261},{"@type":"BreadcrumbList","@id":"https:\/\/yaomarket.cl\/?product=caffeine-caps-90-capsulas#breadcrumb","itemListElement":[{"@type":"ListItem","position":1,"name":"Portada","item":"https:\/\/yaomarket.cl\/"},{"@type":"ListItem","position":2,"name":"TIENDA","item":"https:\/\/yaomarket.cl\/?page_id=8"},{"@type":"ListItem","position":3,"name":"Caffeine Caps (90 Capsulas)"}]},{"@type":"WebSite","@id":"https:\/\/yaomarket.cl\/#website","url":"https:\/\/yaomarket.cl\/","name":"YAOMARKET","description":"","publisher":{"@id":"https:\/\/yaomarket.cl\/#organization"},"potentialAction":[{"@type":"SearchAction","target":{"@type":"EntryPoint","urlTemplate":"https:\/\/yaomarket.cl\/?s={search_term_string}"},"query-input":{"@type":"PropertyValueSpecification","valueRequired":true,"valueName":"search_term_string"}}],"inLanguage":"es"},{"@type":"Organization","@id":"https:\/\/yaomarket.cl\/#organization","name":"YAOMARKET","url":"https:\/\/yaomarket.cl\/","logo":{"@type":"ImageObject","inLanguage":"es","@id":"https:\/\/yaomarket.cl\/#\/schema\/logo\/image\/","url":"https:\/\/yaomarket.cl\/wp-content\/uploads\/2023\/08\/Logo-Original-Yao-Market-Circular.png","contentUrl":"https:\/\/yaomarket.cl\/wp-content\/uploads\/2023\/08\/Logo-Original-Yao-Market-Circular.png","width":522,"height":522,"caption":"YAOMARKET"},"image":{"@id":"https:\/\/yaomarket.cl\/#\/schema\/logo\/image\/"},"sameAs":["https:\/\/www.facebook.com\/yaomarketchile\/","https:\/\/www.instagram.com\/yao_market\/"]}]}},"_links":{"self":[{"href":"https:\/\/yaomarket.cl\/index.php?rest_route=\/wp\/v2\/product\/9993","targetHints":{"allow":["GET"]}}],"collection":[{"href":"https:\/\/yaomarket.cl\/index.php?rest_route=\/wp\/v2\/product"}],"about":[{"href":"https:\/\/yaomarket.cl\/index.php?rest_route=\/wp\/v2\/types\/product"}],"wp:featuredmedia":[{"embeddable":true,"href":"https:\/\/yaomarket.cl\/index.php?rest_route=\/wp\/v2\/media\/9994"}],"wp:attachment":[{"href":"https:\/\/yaomarket.cl\/index.php?rest_route=%2Fwp%2Fv2%2Fmedia&parent=9993"}],"wp:term":[{"taxonomy":"product_cat","embeddable":true,"href":"https:\/\/yaomarket.cl\/index.php?rest_route=%2Fwp%2Fv2%2Fproduct_cat&post=9993"},{"taxonomy":"product_tag","embeddable":true,"href":"https:\/\/yaomarket.cl\/index.php?rest_route=%2Fwp%2Fv2%2Fproduct_tag&post=9993"}],"curies":[{"name":"wp","href":"https:\/\/api.w.org\/{rel}","templated":true}]}}