{"id":9990,"date":"2023-09-05T20:18:39","date_gmt":"2023-09-05T20:18:39","guid":{"rendered":"https:\/\/yaomarket.cl\/?post_type=product&#038;p=9990"},"modified":"2025-11-04T15:56:09","modified_gmt":"2025-11-04T15:56:09","slug":"magnesium-375","status":"publish","type":"product","link":"https:\/\/yaomarket.cl\/?product=magnesium-375","title":{"rendered":"Magnesium 375"},"content":{"rendered":"<p><em>El magnesio tiene varias funciones en el organismo, entre otros, apoya el equilibrio de electrolitos y sirve a la funci\u00f3n muscular normal. El magnesio y la vitamina C contribuyen a una reducci\u00f3n de la fatiga y el cansancio. La vitamina C sirve para el funcionamiento normal del sistema nervioso. Contribuye a la funci\u00f3n normal del sistema inmune y la protecci\u00f3n de las c\u00e9lulas del estr\u00e9s oxidativo. La vitamina B6 tambi\u00e9n ayuda en los efectos del deporte en el organismo. Tal como la vitamina C y el magnesio, la Vitamina B6 apoya el metabolismo productor de energ\u00eda normal, as\u00ed como el funcionamiento normal del sistema nervioso. Estos 3 nutrientes tambi\u00e9n contribuyen a la reducci\u00f3n del cansancio y la fatiga.<\/em><\/p>\n<p><em><span class=\"easytabs-header-text ui-tabs-anchor js-no-transition\">Ingredientes: Agua, fructosa, zumo de naranja concentrado, citrato de magnesio, acidulante (\u00e1cido l\u00e1ctico, \u00e1cido asc\u00f3rbico), glicerina estabilizadora, bisglicinato de magnesio, vitaminas (ascorbato s\u00f3dico, clorhidrato de piridoxina), conservante sorbato pot\u00e1sico, edulcorantes (gluc\u00f3sidos de esteviol, sucralosa, sacarina s\u00f3dica).<\/span><\/em><\/p>\n<p><span id=\"easytabs-slide-label-8115594461470-2\" class=\"easytabs-header-text ui-tabs-anchor js-no-transition\">VALORES NUTRICIONALES<\/span><\/p>\n<div class=\"easytabs-content-holder\">\n<table>\n<tbody>\n<tr>\n<td>&nbsp;<\/td>\n<td>\n<p align=\"right\">por 100ml<\/p>\n<\/td>\n<td>\n<p align=\"right\">por ampolla<\/p>\n<\/td>\n<\/tr>\n<tr>\n<td>Energ\u00eda kJ (kcal)<\/td>\n<td>\n<p align=\"right\">478 (112)<\/p>\n<\/td>\n<td>\n<p align=\"right\">119 (28)<\/p>\n<\/td>\n<\/tr>\n<tr>\n<td>Gordo<\/td>\n<td>\n<p align=\"right\">0g<\/p>\n<\/td>\n<td>\n<p align=\"right\">0g<\/p>\n<\/td>\n<\/tr>\n<tr>\n<td>de la siguiente manera: \u00e1cidos grasos saturados<\/td>\n<td>\n<p align=\"right\">0g<\/p>\n<\/td>\n<td>\n<p align=\"right\">0g<\/p>\n<\/td>\n<\/tr>\n<tr>\n<td>carbohidratos<\/td>\n<td>\n<p align=\"right\">22g<\/p>\n<\/td>\n<td>\n<p align=\"right\">5,5g<\/p>\n<\/td>\n<\/tr>\n<tr>\n<td>de qu\u00e9 tipos de az\u00facar<\/td>\n<td>\n<p align=\"right\">15g<\/p>\n<\/td>\n<td>\n<p align=\"right\">3,8g<\/p>\n<\/td>\n<\/tr>\n<tr>\n<td>prote\u00edna<\/td>\n<td>\n<p align=\"right\">0,3 g<\/p>\n<\/td>\n<td>\n<p align=\"right\">&lt;0.1g<\/p>\n<\/td>\n<\/tr>\n<tr>\n<td>Sal<\/td>\n<td>\n<p align=\"right\">0,32 g<\/p>\n<\/td>\n<td>\n<p align=\"right\">0.08g<\/p>\n<p align=\"right\">\n<\/td>\n<\/tr>\n<\/tbody>\n<\/table>\n<div class=\"easytabs-accordion-item\"><span id=\"easytabs-slide-label-8115594461470-3\" class=\"easytabs-header-text ui-tabs-anchor js-no-transition\">VITAMINAS<\/span><\/div>\n<div class=\"easytabs-content-holder\">\n<table>\n<tbody>\n<tr>\n<td>&nbsp;<\/td>\n<td>\n<p align=\"right\">por 100ml<\/p>\n<\/td>\n<td>\n<p align=\"right\">%VRN*<\/p>\n<\/td>\n<td>\n<p align=\"right\">por ampolla<\/p>\n<\/td>\n<td>\n<p align=\"right\">%VRN*<\/p>\n<\/td>\n<\/tr>\n<tr>\n<td>C<\/td>\n<td>\n<p align=\"right\">160 miligramos<\/p>\n<\/td>\n<td>\n<p align=\"right\">200%<\/p>\n<\/td>\n<td>\n<p align=\"right\">40 miligramos<\/p>\n<\/td>\n<td>\n<p align=\"right\">50%<\/p>\n<\/td>\n<\/tr>\n<tr>\n<td>B6<\/td>\n<td>\n<p align=\"right\">1,6 miligramos<\/p>\n<\/td>\n<td>\n<p align=\"right\">114%<\/p>\n<\/td>\n<td>\n<p align=\"right\">0,4 miligramos<\/p>\n<\/td>\n<td>\n<p align=\"right\">30%<\/p>\n<\/td>\n<\/tr>\n<\/tbody>\n<\/table>\n<p>&nbsp;<\/p>\n<p>&nbsp;<\/p>\n<table>\n<tbody>\n<tr>\n<td>por 100ml<\/td>\n<td>\n<p align=\"right\">%VRN*<\/p>\n<\/td>\n<td>por ampolla<\/td>\n<td>\n<p align=\"right\">%VRN*<\/p>\n<\/td>\n<\/tr>\n<tr>\n<td>magnesio<\/td>\n<td>\n<p align=\"right\">1500 miligramos<\/p>\n<\/td>\n<td>\n<p align=\"right\">400%<\/p>\n<\/td>\n<td>\n<p align=\"right\">375 miligramos<\/p>\n<\/td>\n<td>\n<p align=\"right\">100%<\/p>\n<\/td>\n<\/tr>\n<\/tbody>\n<\/table>\n<\/div>\n<\/div>\n","protected":false},"excerpt":{"rendered":"<h4><strong>Magnesio l\u00edquido en ampolla.<\/strong><\/h4>\n<ul class=\"product__shortdescription\">\n<li>Para la funci\u00f3n muscular, el equilibrio de electrolitos y el metabolismo energ\u00e9tico<\/li>\n<li>Dosis alta: una ampolla contiene 375 mg de magnesio (= 100% ETD)<\/li>\n<li>Citrato y bisglicinato de magnesio org\u00e1nicos muy biodisponibles<\/li>\n<li>Adicionalmente con vitamina C y B6 contra el agotamiento y el cansancio.<\/li>\n<\/ul>\n","protected":false},"featured_media":9991,"template":"","meta":[],"product_cat":[535,534],"product_tag":[],"class_list":{"0":"post-9990","1":"product","2":"type-product","3":"status-publish","4":"has-post-thumbnail","6":"product_cat-aumento-de-rendimiento","7":"product_cat-deportista","9":"first","10":"outofstock","11":"shipping-taxable","12":"purchasable","13":"product-type-simple"},"yoast_head":"<!-- This site is optimized with the Yoast SEO plugin v25.2 - https:\/\/yoast.com\/wordpress\/plugins\/seo\/ -->\n<title>Magnesium 375 - YAOMARKET<\/title>\n<meta name=\"robots\" content=\"index, follow, max-snippet:-1, max-image-preview:large, max-video-preview:-1\" \/>\n<link rel=\"canonical\" href=\"https:\/\/yaomarket.cl\/?product=magnesium-375\" \/>\n<meta property=\"og:locale\" content=\"es_ES\" \/>\n<meta property=\"og:type\" content=\"article\" \/>\n<meta property=\"og:title\" content=\"Magnesium 375 - YAOMARKET\" \/>\n<meta property=\"og:description\" content=\"Magnesio l\u00edquido en ampolla.   Para la funci\u00f3n muscular, el equilibrio de electrolitos y el metabolismo energ\u00e9tico  Dosis alta: una ampolla contiene 375 mg de magnesio (= 100% ETD)  Citrato y bisglicinato de magnesio org\u00e1nicos muy biodisponibles  Adicionalmente con vitamina C y B6 contra el agotamiento y el cansancio.\" \/>\n<meta property=\"og:url\" content=\"https:\/\/yaomarket.cl\/?product=magnesium-375\" \/>\n<meta property=\"og:site_name\" content=\"YAOMARKET\" \/>\n<meta property=\"article:publisher\" content=\"https:\/\/www.facebook.com\/yaomarketchile\/\" \/>\n<meta property=\"article:modified_time\" content=\"2025-11-04T15:56:09+00:00\" \/>\n<meta property=\"og:image\" content=\"https:\/\/yaomarket.cl\/wp-content\/uploads\/2023\/09\/magnesium-375.jpg\" \/>\n\t<meta property=\"og:image:width\" content=\"1500\" \/>\n\t<meta property=\"og:image:height\" content=\"1500\" \/>\n\t<meta property=\"og:image:type\" content=\"image\/jpeg\" \/>\n<meta name=\"twitter:card\" content=\"summary_large_image\" \/>\n<meta name=\"twitter:label1\" content=\"Tiempo de lectura\" \/>\n\t<meta name=\"twitter:data1\" content=\"1 minuto\" \/>\n<script type=\"application\/ld+json\" class=\"yoast-schema-graph\">{\"@context\":\"https:\/\/schema.org\",\"@graph\":[{\"@type\":\"WebPage\",\"@id\":\"https:\/\/yaomarket.cl\/?product=magnesium-375\",\"url\":\"https:\/\/yaomarket.cl\/?product=magnesium-375\",\"name\":\"Magnesium 375 - YAOMARKET\",\"isPartOf\":{\"@id\":\"https:\/\/yaomarket.cl\/#website\"},\"primaryImageOfPage\":{\"@id\":\"https:\/\/yaomarket.cl\/?product=magnesium-375#primaryimage\"},\"image\":{\"@id\":\"https:\/\/yaomarket.cl\/?product=magnesium-375#primaryimage\"},\"thumbnailUrl\":\"https:\/\/yaomarket.cl\/wp-content\/uploads\/2023\/09\/magnesium-375.jpg\",\"datePublished\":\"2023-09-05T20:18:39+00:00\",\"dateModified\":\"2025-11-04T15:56:09+00:00\",\"breadcrumb\":{\"@id\":\"https:\/\/yaomarket.cl\/?product=magnesium-375#breadcrumb\"},\"inLanguage\":\"es\",\"potentialAction\":[{\"@type\":\"ReadAction\",\"target\":[\"https:\/\/yaomarket.cl\/?product=magnesium-375\"]}]},{\"@type\":\"ImageObject\",\"inLanguage\":\"es\",\"@id\":\"https:\/\/yaomarket.cl\/?product=magnesium-375#primaryimage\",\"url\":\"https:\/\/yaomarket.cl\/wp-content\/uploads\/2023\/09\/magnesium-375.jpg\",\"contentUrl\":\"https:\/\/yaomarket.cl\/wp-content\/uploads\/2023\/09\/magnesium-375.jpg\",\"width\":1500,\"height\":1500},{\"@type\":\"BreadcrumbList\",\"@id\":\"https:\/\/yaomarket.cl\/?product=magnesium-375#breadcrumb\",\"itemListElement\":[{\"@type\":\"ListItem\",\"position\":1,\"name\":\"Portada\",\"item\":\"https:\/\/yaomarket.cl\/\"},{\"@type\":\"ListItem\",\"position\":2,\"name\":\"TIENDA\",\"item\":\"https:\/\/yaomarket.cl\/?page_id=8\"},{\"@type\":\"ListItem\",\"position\":3,\"name\":\"Magnesium 375\"}]},{\"@type\":\"WebSite\",\"@id\":\"https:\/\/yaomarket.cl\/#website\",\"url\":\"https:\/\/yaomarket.cl\/\",\"name\":\"YAOMARKET\",\"description\":\"\",\"publisher\":{\"@id\":\"https:\/\/yaomarket.cl\/#organization\"},\"potentialAction\":[{\"@type\":\"SearchAction\",\"target\":{\"@type\":\"EntryPoint\",\"urlTemplate\":\"https:\/\/yaomarket.cl\/?s={search_term_string}\"},\"query-input\":{\"@type\":\"PropertyValueSpecification\",\"valueRequired\":true,\"valueName\":\"search_term_string\"}}],\"inLanguage\":\"es\"},{\"@type\":\"Organization\",\"@id\":\"https:\/\/yaomarket.cl\/#organization\",\"name\":\"YAOMARKET\",\"url\":\"https:\/\/yaomarket.cl\/\",\"logo\":{\"@type\":\"ImageObject\",\"inLanguage\":\"es\",\"@id\":\"https:\/\/yaomarket.cl\/#\/schema\/logo\/image\/\",\"url\":\"https:\/\/yaomarket.cl\/wp-content\/uploads\/2023\/08\/Logo-Original-Yao-Market-Circular.png\",\"contentUrl\":\"https:\/\/yaomarket.cl\/wp-content\/uploads\/2023\/08\/Logo-Original-Yao-Market-Circular.png\",\"width\":522,\"height\":522,\"caption\":\"YAOMARKET\"},\"image\":{\"@id\":\"https:\/\/yaomarket.cl\/#\/schema\/logo\/image\/\"},\"sameAs\":[\"https:\/\/www.facebook.com\/yaomarketchile\/\",\"https:\/\/www.instagram.com\/yao_market\/\"]}]}<\/script>\n<!-- \/ Yoast SEO plugin. -->","yoast_head_json":{"title":"Magnesium 375 - YAOMARKET","robots":{"index":"index","follow":"follow","max-snippet":"max-snippet:-1","max-image-preview":"max-image-preview:large","max-video-preview":"max-video-preview:-1"},"canonical":"https:\/\/yaomarket.cl\/?product=magnesium-375","og_locale":"es_ES","og_type":"article","og_title":"Magnesium 375 - YAOMARKET","og_description":"Magnesio l\u00edquido en ampolla.   Para la funci\u00f3n muscular, el equilibrio de electrolitos y el metabolismo energ\u00e9tico  Dosis alta: una ampolla contiene 375 mg de magnesio (= 100% ETD)  Citrato y bisglicinato de magnesio org\u00e1nicos muy biodisponibles  Adicionalmente con vitamina C y B6 contra el agotamiento y el cansancio.","og_url":"https:\/\/yaomarket.cl\/?product=magnesium-375","og_site_name":"YAOMARKET","article_publisher":"https:\/\/www.facebook.com\/yaomarketchile\/","article_modified_time":"2025-11-04T15:56:09+00:00","og_image":[{"width":1500,"height":1500,"url":"https:\/\/yaomarket.cl\/wp-content\/uploads\/2023\/09\/magnesium-375.jpg","type":"image\/jpeg"}],"twitter_card":"summary_large_image","twitter_misc":{"Tiempo de lectura":"1 minuto"},"schema":{"@context":"https:\/\/schema.org","@graph":[{"@type":"WebPage","@id":"https:\/\/yaomarket.cl\/?product=magnesium-375","url":"https:\/\/yaomarket.cl\/?product=magnesium-375","name":"Magnesium 375 - YAOMARKET","isPartOf":{"@id":"https:\/\/yaomarket.cl\/#website"},"primaryImageOfPage":{"@id":"https:\/\/yaomarket.cl\/?product=magnesium-375#primaryimage"},"image":{"@id":"https:\/\/yaomarket.cl\/?product=magnesium-375#primaryimage"},"thumbnailUrl":"https:\/\/yaomarket.cl\/wp-content\/uploads\/2023\/09\/magnesium-375.jpg","datePublished":"2023-09-05T20:18:39+00:00","dateModified":"2025-11-04T15:56:09+00:00","breadcrumb":{"@id":"https:\/\/yaomarket.cl\/?product=magnesium-375#breadcrumb"},"inLanguage":"es","potentialAction":[{"@type":"ReadAction","target":["https:\/\/yaomarket.cl\/?product=magnesium-375"]}]},{"@type":"ImageObject","inLanguage":"es","@id":"https:\/\/yaomarket.cl\/?product=magnesium-375#primaryimage","url":"https:\/\/yaomarket.cl\/wp-content\/uploads\/2023\/09\/magnesium-375.jpg","contentUrl":"https:\/\/yaomarket.cl\/wp-content\/uploads\/2023\/09\/magnesium-375.jpg","width":1500,"height":1500},{"@type":"BreadcrumbList","@id":"https:\/\/yaomarket.cl\/?product=magnesium-375#breadcrumb","itemListElement":[{"@type":"ListItem","position":1,"name":"Portada","item":"https:\/\/yaomarket.cl\/"},{"@type":"ListItem","position":2,"name":"TIENDA","item":"https:\/\/yaomarket.cl\/?page_id=8"},{"@type":"ListItem","position":3,"name":"Magnesium 375"}]},{"@type":"WebSite","@id":"https:\/\/yaomarket.cl\/#website","url":"https:\/\/yaomarket.cl\/","name":"YAOMARKET","description":"","publisher":{"@id":"https:\/\/yaomarket.cl\/#organization"},"potentialAction":[{"@type":"SearchAction","target":{"@type":"EntryPoint","urlTemplate":"https:\/\/yaomarket.cl\/?s={search_term_string}"},"query-input":{"@type":"PropertyValueSpecification","valueRequired":true,"valueName":"search_term_string"}}],"inLanguage":"es"},{"@type":"Organization","@id":"https:\/\/yaomarket.cl\/#organization","name":"YAOMARKET","url":"https:\/\/yaomarket.cl\/","logo":{"@type":"ImageObject","inLanguage":"es","@id":"https:\/\/yaomarket.cl\/#\/schema\/logo\/image\/","url":"https:\/\/yaomarket.cl\/wp-content\/uploads\/2023\/08\/Logo-Original-Yao-Market-Circular.png","contentUrl":"https:\/\/yaomarket.cl\/wp-content\/uploads\/2023\/08\/Logo-Original-Yao-Market-Circular.png","width":522,"height":522,"caption":"YAOMARKET"},"image":{"@id":"https:\/\/yaomarket.cl\/#\/schema\/logo\/image\/"},"sameAs":["https:\/\/www.facebook.com\/yaomarketchile\/","https:\/\/www.instagram.com\/yao_market\/"]}]}},"_links":{"self":[{"href":"https:\/\/yaomarket.cl\/index.php?rest_route=\/wp\/v2\/product\/9990","targetHints":{"allow":["GET"]}}],"collection":[{"href":"https:\/\/yaomarket.cl\/index.php?rest_route=\/wp\/v2\/product"}],"about":[{"href":"https:\/\/yaomarket.cl\/index.php?rest_route=\/wp\/v2\/types\/product"}],"wp:featuredmedia":[{"embeddable":true,"href":"https:\/\/yaomarket.cl\/index.php?rest_route=\/wp\/v2\/media\/9991"}],"wp:attachment":[{"href":"https:\/\/yaomarket.cl\/index.php?rest_route=%2Fwp%2Fv2%2Fmedia&parent=9990"}],"wp:term":[{"taxonomy":"product_cat","embeddable":true,"href":"https:\/\/yaomarket.cl\/index.php?rest_route=%2Fwp%2Fv2%2Fproduct_cat&post=9990"},{"taxonomy":"product_tag","embeddable":true,"href":"https:\/\/yaomarket.cl\/index.php?rest_route=%2Fwp%2Fv2%2Fproduct_tag&post=9990"}],"curies":[{"name":"wp","href":"https:\/\/api.w.org\/{rel}","templated":true}]}}