{"id":9861,"date":"2023-05-24T01:57:48","date_gmt":"2023-05-24T01:57:48","guid":{"rendered":"https:\/\/yaomarket.cl\/?post_type=product&#038;p=9861"},"modified":"2025-07-09T20:26:49","modified_gmt":"2025-07-09T20:26:49","slug":"book-collection-tea-32s","status":"publish","type":"product","link":"https:\/\/yaomarket.cl\/?product=book-collection-tea-32s","title":{"rendered":"Book Collection Tea 32s"},"content":{"rendered":"","protected":false},"excerpt":{"rendered":"<p>T\u00e9 Basilur, t\u00e9 premium en Chile, desde Sri Lanka nos encanta con sus productos.<br \/>\nIngredientes:<\/p>\n<p>D\u00e9le a un ser querido un hermoso regalo, este t\u00e9 es perfecto para esto. Gran empaque en forma de libro, t\u00e9 de la m\u00e1s alta calidad con adici\u00f3n de fruta.<\/p>\n<p>Una mezcla de t\u00e9s de la colecci\u00f3n Magic Fruits y un Bouquet de 4 sabores de 8 bolsitas.<\/p>\n<p>Sabores :<\/p>\n<p>FRESA Y KIWI &#8211; T\u00e9 100% negro de Ceil\u00e1n con la adici\u00f3n de manzana y un toque de fresa y kiwi, FRAMBUESA &#8211; ROSA 100% t\u00e9 negro de Ceil\u00e1n con la adici\u00f3n de p\u00e9talos de rosas silvestres y un toque de frambuesa, FRESCURA VERDE &#8211; T\u00e9 verde de Ceil\u00e1n con la adici\u00f3n de menta, MAGIA BLANCA &#8211; verde T\u00e9 Oolong con un toque de leche.<\/p>\n<p>Bolsitas empacadas por separado, aroma completo en cada taza.<\/p>\n<p>N\u00famero de bolsitas &#8211; 32 piezas.<\/p>\n<p>Ideal para regalo!!!!<\/p>\n","protected":false},"featured_media":9847,"template":"","meta":[],"product_cat":[466,469,467],"product_tag":[471,529,528,530,531],"class_list":{"0":"post-9861","1":"product","2":"type-product","3":"status-publish","4":"has-post-thumbnail","6":"product_cat-basilur","7":"product_cat-libros-metalicos","8":"product_cat-regaleria-basilur","9":"product_tag-basilur","10":"product_tag-frambuesa-rosa-100-te-negro-de-ceilan-con-la-adicion-de-petalos-de-rosas-silvestres-y-un-toque-de-frambuesa","11":"product_tag-fresa-y-kiwi-te-100-negro-de-ceilan-con-la-adicion-de-manzana-y-un-toque-de-fresa-y-kiwi","12":"product_tag-frescura-verde-te-verde-de-ceilan-con-la-adicion-de-menta","13":"product_tag-magia-blanca-verde-te-oolong-con-un-toque-de-leche","14":"pa_tipo-de-cafe-cafe-molido","16":"first","17":"instock","18":"shipping-taxable","19":"purchasable","20":"product-type-simple"},"yoast_head":"<!-- This site is optimized with the Yoast SEO plugin v25.2 - https:\/\/yoast.com\/wordpress\/plugins\/seo\/ -->\n<title>Book Collection Tea 32s - YAOMARKET<\/title>\n<meta name=\"robots\" content=\"index, follow, max-snippet:-1, max-image-preview:large, max-video-preview:-1\" \/>\n<link rel=\"canonical\" href=\"https:\/\/yaomarket.cl\/?product=book-collection-tea-32s\" \/>\n<meta property=\"og:locale\" content=\"es_ES\" \/>\n<meta property=\"og:type\" content=\"article\" \/>\n<meta property=\"og:title\" content=\"Book Collection Tea 32s - YAOMARKET\" \/>\n<meta property=\"og:description\" content=\"T\u00e9 Basilur, t\u00e9 premium en Chile, desde Sri Lanka nos encanta con sus productos. Ingredientes:  D\u00e9le a un ser querido un hermoso regalo, este t\u00e9 es perfecto para esto. Gran empaque en forma de libro, t\u00e9 de la m\u00e1s alta calidad con adici\u00f3n de fruta.  Una mezcla de t\u00e9s de la colecci\u00f3n Magic Fruits y un Bouquet de 4 sabores de 8 bolsitas.  Sabores :  FRESA Y KIWI - T\u00e9 100% negro de Ceil\u00e1n con la adici\u00f3n de manzana y un toque de fresa y kiwi, FRAMBUESA - ROSA 100% t\u00e9 negro de Ceil\u00e1n con la adici\u00f3n de p\u00e9talos de rosas silvestres y un toque de frambuesa, FRESCURA VERDE - T\u00e9 verde de Ceil\u00e1n con la adici\u00f3n de menta, MAGIA BLANCA - verde T\u00e9 Oolong con un toque de leche.  Bolsitas empacadas por separado, aroma completo en cada taza.  N\u00famero de bolsitas - 32 piezas.  Ideal para regalo!!!!\" \/>\n<meta property=\"og:url\" content=\"https:\/\/yaomarket.cl\/?product=book-collection-tea-32s\" \/>\n<meta property=\"og:site_name\" content=\"YAOMARKET\" \/>\n<meta property=\"article:publisher\" content=\"https:\/\/www.facebook.com\/yaomarketchile\/\" \/>\n<meta property=\"article:modified_time\" content=\"2025-07-09T20:26:49+00:00\" \/>\n<meta property=\"og:image\" content=\"https:\/\/yaomarket.cl\/wp-content\/uploads\/2023\/05\/Diapositiva6-2-1.jpg\" \/>\n\t<meta property=\"og:image:width\" content=\"753\" \/>\n\t<meta property=\"og:image:height\" content=\"565\" \/>\n\t<meta property=\"og:image:type\" content=\"image\/jpeg\" \/>\n<meta name=\"twitter:card\" content=\"summary_large_image\" \/>\n<script type=\"application\/ld+json\" class=\"yoast-schema-graph\">{\"@context\":\"https:\/\/schema.org\",\"@graph\":[{\"@type\":\"WebPage\",\"@id\":\"https:\/\/yaomarket.cl\/?product=book-collection-tea-32s\",\"url\":\"https:\/\/yaomarket.cl\/?product=book-collection-tea-32s\",\"name\":\"Book Collection Tea 32s - YAOMARKET\",\"isPartOf\":{\"@id\":\"https:\/\/yaomarket.cl\/#website\"},\"primaryImageOfPage\":{\"@id\":\"https:\/\/yaomarket.cl\/?product=book-collection-tea-32s#primaryimage\"},\"image\":{\"@id\":\"https:\/\/yaomarket.cl\/?product=book-collection-tea-32s#primaryimage\"},\"thumbnailUrl\":\"https:\/\/yaomarket.cl\/wp-content\/uploads\/2023\/05\/Diapositiva6-2-1.jpg\",\"datePublished\":\"2023-05-24T01:57:48+00:00\",\"dateModified\":\"2025-07-09T20:26:49+00:00\",\"breadcrumb\":{\"@id\":\"https:\/\/yaomarket.cl\/?product=book-collection-tea-32s#breadcrumb\"},\"inLanguage\":\"es\",\"potentialAction\":[{\"@type\":\"ReadAction\",\"target\":[\"https:\/\/yaomarket.cl\/?product=book-collection-tea-32s\"]}]},{\"@type\":\"ImageObject\",\"inLanguage\":\"es\",\"@id\":\"https:\/\/yaomarket.cl\/?product=book-collection-tea-32s#primaryimage\",\"url\":\"https:\/\/yaomarket.cl\/wp-content\/uploads\/2023\/05\/Diapositiva6-2-1.jpg\",\"contentUrl\":\"https:\/\/yaomarket.cl\/wp-content\/uploads\/2023\/05\/Diapositiva6-2-1.jpg\",\"width\":753,\"height\":565},{\"@type\":\"BreadcrumbList\",\"@id\":\"https:\/\/yaomarket.cl\/?product=book-collection-tea-32s#breadcrumb\",\"itemListElement\":[{\"@type\":\"ListItem\",\"position\":1,\"name\":\"Portada\",\"item\":\"https:\/\/yaomarket.cl\/\"},{\"@type\":\"ListItem\",\"position\":2,\"name\":\"TIENDA\",\"item\":\"https:\/\/yaomarket.cl\/?page_id=8\"},{\"@type\":\"ListItem\",\"position\":3,\"name\":\"Book Collection Tea 32s\"}]},{\"@type\":\"WebSite\",\"@id\":\"https:\/\/yaomarket.cl\/#website\",\"url\":\"https:\/\/yaomarket.cl\/\",\"name\":\"YAOMARKET\",\"description\":\"\",\"publisher\":{\"@id\":\"https:\/\/yaomarket.cl\/#organization\"},\"potentialAction\":[{\"@type\":\"SearchAction\",\"target\":{\"@type\":\"EntryPoint\",\"urlTemplate\":\"https:\/\/yaomarket.cl\/?s={search_term_string}\"},\"query-input\":{\"@type\":\"PropertyValueSpecification\",\"valueRequired\":true,\"valueName\":\"search_term_string\"}}],\"inLanguage\":\"es\"},{\"@type\":\"Organization\",\"@id\":\"https:\/\/yaomarket.cl\/#organization\",\"name\":\"YAOMARKET\",\"url\":\"https:\/\/yaomarket.cl\/\",\"logo\":{\"@type\":\"ImageObject\",\"inLanguage\":\"es\",\"@id\":\"https:\/\/yaomarket.cl\/#\/schema\/logo\/image\/\",\"url\":\"https:\/\/yaomarket.cl\/wp-content\/uploads\/2023\/08\/Logo-Original-Yao-Market-Circular.png\",\"contentUrl\":\"https:\/\/yaomarket.cl\/wp-content\/uploads\/2023\/08\/Logo-Original-Yao-Market-Circular.png\",\"width\":522,\"height\":522,\"caption\":\"YAOMARKET\"},\"image\":{\"@id\":\"https:\/\/yaomarket.cl\/#\/schema\/logo\/image\/\"},\"sameAs\":[\"https:\/\/www.facebook.com\/yaomarketchile\/\",\"https:\/\/www.instagram.com\/yao_market\/\"]}]}<\/script>\n<!-- \/ Yoast SEO plugin. -->","yoast_head_json":{"title":"Book Collection Tea 32s - YAOMARKET","robots":{"index":"index","follow":"follow","max-snippet":"max-snippet:-1","max-image-preview":"max-image-preview:large","max-video-preview":"max-video-preview:-1"},"canonical":"https:\/\/yaomarket.cl\/?product=book-collection-tea-32s","og_locale":"es_ES","og_type":"article","og_title":"Book Collection Tea 32s - YAOMARKET","og_description":"T\u00e9 Basilur, t\u00e9 premium en Chile, desde Sri Lanka nos encanta con sus productos. Ingredientes:  D\u00e9le a un ser querido un hermoso regalo, este t\u00e9 es perfecto para esto. Gran empaque en forma de libro, t\u00e9 de la m\u00e1s alta calidad con adici\u00f3n de fruta.  Una mezcla de t\u00e9s de la colecci\u00f3n Magic Fruits y un Bouquet de 4 sabores de 8 bolsitas.  Sabores :  FRESA Y KIWI - T\u00e9 100% negro de Ceil\u00e1n con la adici\u00f3n de manzana y un toque de fresa y kiwi, FRAMBUESA - ROSA 100% t\u00e9 negro de Ceil\u00e1n con la adici\u00f3n de p\u00e9talos de rosas silvestres y un toque de frambuesa, FRESCURA VERDE - T\u00e9 verde de Ceil\u00e1n con la adici\u00f3n de menta, MAGIA BLANCA - verde T\u00e9 Oolong con un toque de leche.  Bolsitas empacadas por separado, aroma completo en cada taza.  N\u00famero de bolsitas - 32 piezas.  Ideal para regalo!!!!","og_url":"https:\/\/yaomarket.cl\/?product=book-collection-tea-32s","og_site_name":"YAOMARKET","article_publisher":"https:\/\/www.facebook.com\/yaomarketchile\/","article_modified_time":"2025-07-09T20:26:49+00:00","og_image":[{"width":753,"height":565,"url":"https:\/\/yaomarket.cl\/wp-content\/uploads\/2023\/05\/Diapositiva6-2-1.jpg","type":"image\/jpeg"}],"twitter_card":"summary_large_image","schema":{"@context":"https:\/\/schema.org","@graph":[{"@type":"WebPage","@id":"https:\/\/yaomarket.cl\/?product=book-collection-tea-32s","url":"https:\/\/yaomarket.cl\/?product=book-collection-tea-32s","name":"Book Collection Tea 32s - YAOMARKET","isPartOf":{"@id":"https:\/\/yaomarket.cl\/#website"},"primaryImageOfPage":{"@id":"https:\/\/yaomarket.cl\/?product=book-collection-tea-32s#primaryimage"},"image":{"@id":"https:\/\/yaomarket.cl\/?product=book-collection-tea-32s#primaryimage"},"thumbnailUrl":"https:\/\/yaomarket.cl\/wp-content\/uploads\/2023\/05\/Diapositiva6-2-1.jpg","datePublished":"2023-05-24T01:57:48+00:00","dateModified":"2025-07-09T20:26:49+00:00","breadcrumb":{"@id":"https:\/\/yaomarket.cl\/?product=book-collection-tea-32s#breadcrumb"},"inLanguage":"es","potentialAction":[{"@type":"ReadAction","target":["https:\/\/yaomarket.cl\/?product=book-collection-tea-32s"]}]},{"@type":"ImageObject","inLanguage":"es","@id":"https:\/\/yaomarket.cl\/?product=book-collection-tea-32s#primaryimage","url":"https:\/\/yaomarket.cl\/wp-content\/uploads\/2023\/05\/Diapositiva6-2-1.jpg","contentUrl":"https:\/\/yaomarket.cl\/wp-content\/uploads\/2023\/05\/Diapositiva6-2-1.jpg","width":753,"height":565},{"@type":"BreadcrumbList","@id":"https:\/\/yaomarket.cl\/?product=book-collection-tea-32s#breadcrumb","itemListElement":[{"@type":"ListItem","position":1,"name":"Portada","item":"https:\/\/yaomarket.cl\/"},{"@type":"ListItem","position":2,"name":"TIENDA","item":"https:\/\/yaomarket.cl\/?page_id=8"},{"@type":"ListItem","position":3,"name":"Book Collection Tea 32s"}]},{"@type":"WebSite","@id":"https:\/\/yaomarket.cl\/#website","url":"https:\/\/yaomarket.cl\/","name":"YAOMARKET","description":"","publisher":{"@id":"https:\/\/yaomarket.cl\/#organization"},"potentialAction":[{"@type":"SearchAction","target":{"@type":"EntryPoint","urlTemplate":"https:\/\/yaomarket.cl\/?s={search_term_string}"},"query-input":{"@type":"PropertyValueSpecification","valueRequired":true,"valueName":"search_term_string"}}],"inLanguage":"es"},{"@type":"Organization","@id":"https:\/\/yaomarket.cl\/#organization","name":"YAOMARKET","url":"https:\/\/yaomarket.cl\/","logo":{"@type":"ImageObject","inLanguage":"es","@id":"https:\/\/yaomarket.cl\/#\/schema\/logo\/image\/","url":"https:\/\/yaomarket.cl\/wp-content\/uploads\/2023\/08\/Logo-Original-Yao-Market-Circular.png","contentUrl":"https:\/\/yaomarket.cl\/wp-content\/uploads\/2023\/08\/Logo-Original-Yao-Market-Circular.png","width":522,"height":522,"caption":"YAOMARKET"},"image":{"@id":"https:\/\/yaomarket.cl\/#\/schema\/logo\/image\/"},"sameAs":["https:\/\/www.facebook.com\/yaomarketchile\/","https:\/\/www.instagram.com\/yao_market\/"]}]}},"_links":{"self":[{"href":"https:\/\/yaomarket.cl\/index.php?rest_route=\/wp\/v2\/product\/9861","targetHints":{"allow":["GET"]}}],"collection":[{"href":"https:\/\/yaomarket.cl\/index.php?rest_route=\/wp\/v2\/product"}],"about":[{"href":"https:\/\/yaomarket.cl\/index.php?rest_route=\/wp\/v2\/types\/product"}],"wp:featuredmedia":[{"embeddable":true,"href":"https:\/\/yaomarket.cl\/index.php?rest_route=\/wp\/v2\/media\/9847"}],"wp:attachment":[{"href":"https:\/\/yaomarket.cl\/index.php?rest_route=%2Fwp%2Fv2%2Fmedia&parent=9861"}],"wp:term":[{"taxonomy":"product_cat","embeddable":true,"href":"https:\/\/yaomarket.cl\/index.php?rest_route=%2Fwp%2Fv2%2Fproduct_cat&post=9861"},{"taxonomy":"product_tag","embeddable":true,"href":"https:\/\/yaomarket.cl\/index.php?rest_route=%2Fwp%2Fv2%2Fproduct_tag&post=9861"}],"curies":[{"name":"wp","href":"https:\/\/api.w.org\/{rel}","templated":true}]}}