{"id":9860,"date":"2023-05-24T01:54:19","date_gmt":"2023-05-24T01:54:19","guid":{"rendered":"https:\/\/yaomarket.cl\/?post_type=product&#038;p=9860"},"modified":"2025-07-09T20:27:01","modified_gmt":"2025-07-09T20:27:01","slug":"book-frutal-fruit-infusions-asorted-tea-32s","status":"publish","type":"product","link":"https:\/\/yaomarket.cl\/?product=book-frutal-fruit-infusions-asorted-tea-32s","title":{"rendered":"Book Frutal Fruit Infusions Asorted Tea 32s"},"content":{"rendered":"","protected":false},"excerpt":{"rendered":"<p>&nbsp;<\/p>\n<p>T\u00e9 Basilur, t\u00e9 premium en Chile, desde Sri Lanka nos encanta con sus productos.<br \/>\n\u00a1Un surtido sensacional de deliciosas infusiones de frutas, que es un placer para tu paladar. Estas infusiones de frutas veraniegas son ideales para regalar a los seres queridos o para disfrutarlas frescas en una calurosa tarde de verano o como bebida caliente en una fr\u00eda noche de invierno. Cada infusi\u00f3n es una mezcla de frutas y sabores naturales para brindarle el m\u00e1ximo placer de una bebida fant\u00e1stica.<\/p>\n<p>8 bolsitas de t\u00e9 envueltas en papel de aluminio x 4 tipos de t\u00e9 empaquetados en un carrito de metal.<\/p>\n<p>Infusiones de frutas , libres de cafe\u00edna en una muy bonita presentaci\u00f3n para regalar<\/p>\n<p>32 bolsas<\/p>\n<p>Hermosa lata con 4 diferentes tipos de t\u00e9:<\/p>\n<p>Cocktail Caribe &#8211; Mezcla de ciruelas naturales, papaya, manzana y cereza, hibisco y c\u00e1scara de naranja naturales, acianos naturales y sabor a pi\u00f1a y coco.<\/p>\n<p>Blood Orange &#8211; Un c\u00f3ctel natural con manzana, c\u00e1scara de naranja, hibisco, c\u00e1scara de rosa mosqueta, girasoles, flores de naranja y sabores de naranja y crema.<\/p>\n<p>Fresa y Frambuesa &#8211; Un c\u00f3ctel natural de papaya, manzanas, cerezas, fresas, bayas de goji, hibisco y sabores naturales de fresas y frambuesas.<\/p>\n<p>Red Hot Ginger &#8211; Con manzana y papaya naturales, hibisco natural, c\u00e1scara de rosa mosqueta, jengibre, canela y c\u00e1scara de naranja y jengibre de sabor.<\/p>\n<p>&nbsp;<\/p>\n<p>Ideal para regalo!!!!<\/p>\n","protected":false},"featured_media":9846,"template":"","meta":[],"product_cat":[466,469,467],"product_tag":[471,283,524,194,527,198,525,279,526,523],"class_list":{"0":"post-9860","1":"product","2":"type-product","3":"status-publish","4":"has-post-thumbnail","6":"product_cat-basilur","7":"product_cat-libros-metalicos","8":"product_cat-regaleria-basilur","9":"product_tag-basilur","10":"product_tag-frambuesa","11":"product_tag-frutilla-kiwi","12":"product_tag-lima","13":"product_tag-limon-mangopineaple-te-negro","14":"product_tag-mango","15":"product_tag-manzana-rasberryrosehipte-negro","16":"product_tag-pina","17":"product_tag-rosa-mosqueta-lemonlime-te-negro","18":"product_tag-strawberrykiwi-te-negro","19":"pa_tipo-de-cafe-cafe-molido","21":"first","22":"instock","23":"shipping-taxable","24":"purchasable","25":"product-type-simple"},"yoast_head":"<!-- This site is optimized with the Yoast SEO plugin v25.2 - https:\/\/yoast.com\/wordpress\/plugins\/seo\/ -->\n<title>Book Frutal Fruit Infusions Asorted Tea 32s - YAOMARKET<\/title>\n<meta name=\"robots\" content=\"index, follow, max-snippet:-1, max-image-preview:large, max-video-preview:-1\" \/>\n<link rel=\"canonical\" href=\"https:\/\/yaomarket.cl\/?product=book-frutal-fruit-infusions-asorted-tea-32s\" \/>\n<meta property=\"og:locale\" content=\"es_ES\" \/>\n<meta property=\"og:type\" content=\"article\" \/>\n<meta property=\"og:title\" content=\"Book Frutal Fruit Infusions Asorted Tea 32s - YAOMARKET\" \/>\n<meta property=\"og:description\" content=\"&nbsp;  T\u00e9 Basilur, t\u00e9 premium en Chile, desde Sri Lanka nos encanta con sus productos. \u00a1Un surtido sensacional de deliciosas infusiones de frutas, que es un placer para tu paladar. Estas infusiones de frutas veraniegas son ideales para regalar a los seres queridos o para disfrutarlas frescas en una calurosa tarde de verano o como bebida caliente en una fr\u00eda noche de invierno. Cada infusi\u00f3n es una mezcla de frutas y sabores naturales para brindarle el m\u00e1ximo placer de una bebida fant\u00e1stica.  8 bolsitas de t\u00e9 envueltas en papel de aluminio x 4 tipos de t\u00e9 empaquetados en un carrito de metal.  Infusiones de frutas , libres de cafe\u00edna en una muy bonita presentaci\u00f3n para regalar  32 bolsas  Hermosa lata con 4 diferentes tipos de t\u00e9:  Cocktail Caribe - Mezcla de ciruelas naturales, papaya, manzana y cereza, hibisco y c\u00e1scara de naranja naturales, acianos naturales y sabor a pi\u00f1a y coco.  Blood Orange - Un c\u00f3ctel natural con manzana, c\u00e1scara de naranja, hibisco, c\u00e1scara de rosa mosqueta, girasoles, flores de naranja y sabores de naranja y crema.  Fresa y Frambuesa - Un c\u00f3ctel natural de papaya, manzanas, cerezas, fresas, bayas de goji, hibisco y sabores naturales de fresas y frambuesas.  Red Hot Ginger - Con manzana y papaya naturales, hibisco natural, c\u00e1scara de rosa mosqueta, jengibre, canela y c\u00e1scara de naranja y jengibre de sabor.  &nbsp;  Ideal para regalo!!!!\" \/>\n<meta property=\"og:url\" content=\"https:\/\/yaomarket.cl\/?product=book-frutal-fruit-infusions-asorted-tea-32s\" \/>\n<meta property=\"og:site_name\" content=\"YAOMARKET\" \/>\n<meta property=\"article:publisher\" content=\"https:\/\/www.facebook.com\/yaomarketchile\/\" \/>\n<meta property=\"article:modified_time\" content=\"2025-07-09T20:27:01+00:00\" \/>\n<meta property=\"og:image\" content=\"https:\/\/yaomarket.cl\/wp-content\/uploads\/2023\/05\/Diapositiva7-2-1.jpg\" \/>\n\t<meta property=\"og:image:width\" content=\"753\" \/>\n\t<meta property=\"og:image:height\" content=\"565\" \/>\n\t<meta property=\"og:image:type\" content=\"image\/jpeg\" \/>\n<meta name=\"twitter:card\" content=\"summary_large_image\" \/>\n<script type=\"application\/ld+json\" class=\"yoast-schema-graph\">{\"@context\":\"https:\/\/schema.org\",\"@graph\":[{\"@type\":\"WebPage\",\"@id\":\"https:\/\/yaomarket.cl\/?product=book-frutal-fruit-infusions-asorted-tea-32s\",\"url\":\"https:\/\/yaomarket.cl\/?product=book-frutal-fruit-infusions-asorted-tea-32s\",\"name\":\"Book Frutal Fruit Infusions Asorted Tea 32s - YAOMARKET\",\"isPartOf\":{\"@id\":\"https:\/\/yaomarket.cl\/#website\"},\"primaryImageOfPage\":{\"@id\":\"https:\/\/yaomarket.cl\/?product=book-frutal-fruit-infusions-asorted-tea-32s#primaryimage\"},\"image\":{\"@id\":\"https:\/\/yaomarket.cl\/?product=book-frutal-fruit-infusions-asorted-tea-32s#primaryimage\"},\"thumbnailUrl\":\"https:\/\/yaomarket.cl\/wp-content\/uploads\/2023\/05\/Diapositiva7-2-1.jpg\",\"datePublished\":\"2023-05-24T01:54:19+00:00\",\"dateModified\":\"2025-07-09T20:27:01+00:00\",\"breadcrumb\":{\"@id\":\"https:\/\/yaomarket.cl\/?product=book-frutal-fruit-infusions-asorted-tea-32s#breadcrumb\"},\"inLanguage\":\"es\",\"potentialAction\":[{\"@type\":\"ReadAction\",\"target\":[\"https:\/\/yaomarket.cl\/?product=book-frutal-fruit-infusions-asorted-tea-32s\"]}]},{\"@type\":\"ImageObject\",\"inLanguage\":\"es\",\"@id\":\"https:\/\/yaomarket.cl\/?product=book-frutal-fruit-infusions-asorted-tea-32s#primaryimage\",\"url\":\"https:\/\/yaomarket.cl\/wp-content\/uploads\/2023\/05\/Diapositiva7-2-1.jpg\",\"contentUrl\":\"https:\/\/yaomarket.cl\/wp-content\/uploads\/2023\/05\/Diapositiva7-2-1.jpg\",\"width\":753,\"height\":565},{\"@type\":\"BreadcrumbList\",\"@id\":\"https:\/\/yaomarket.cl\/?product=book-frutal-fruit-infusions-asorted-tea-32s#breadcrumb\",\"itemListElement\":[{\"@type\":\"ListItem\",\"position\":1,\"name\":\"Portada\",\"item\":\"https:\/\/yaomarket.cl\/\"},{\"@type\":\"ListItem\",\"position\":2,\"name\":\"TIENDA\",\"item\":\"https:\/\/yaomarket.cl\/?page_id=8\"},{\"@type\":\"ListItem\",\"position\":3,\"name\":\"Book Frutal Fruit Infusions Asorted Tea 32s\"}]},{\"@type\":\"WebSite\",\"@id\":\"https:\/\/yaomarket.cl\/#website\",\"url\":\"https:\/\/yaomarket.cl\/\",\"name\":\"YAOMARKET\",\"description\":\"\",\"publisher\":{\"@id\":\"https:\/\/yaomarket.cl\/#organization\"},\"potentialAction\":[{\"@type\":\"SearchAction\",\"target\":{\"@type\":\"EntryPoint\",\"urlTemplate\":\"https:\/\/yaomarket.cl\/?s={search_term_string}\"},\"query-input\":{\"@type\":\"PropertyValueSpecification\",\"valueRequired\":true,\"valueName\":\"search_term_string\"}}],\"inLanguage\":\"es\"},{\"@type\":\"Organization\",\"@id\":\"https:\/\/yaomarket.cl\/#organization\",\"name\":\"YAOMARKET\",\"url\":\"https:\/\/yaomarket.cl\/\",\"logo\":{\"@type\":\"ImageObject\",\"inLanguage\":\"es\",\"@id\":\"https:\/\/yaomarket.cl\/#\/schema\/logo\/image\/\",\"url\":\"https:\/\/yaomarket.cl\/wp-content\/uploads\/2023\/08\/Logo-Original-Yao-Market-Circular.png\",\"contentUrl\":\"https:\/\/yaomarket.cl\/wp-content\/uploads\/2023\/08\/Logo-Original-Yao-Market-Circular.png\",\"width\":522,\"height\":522,\"caption\":\"YAOMARKET\"},\"image\":{\"@id\":\"https:\/\/yaomarket.cl\/#\/schema\/logo\/image\/\"},\"sameAs\":[\"https:\/\/www.facebook.com\/yaomarketchile\/\",\"https:\/\/www.instagram.com\/yao_market\/\"]}]}<\/script>\n<!-- \/ Yoast SEO plugin. -->","yoast_head_json":{"title":"Book Frutal Fruit Infusions Asorted Tea 32s - YAOMARKET","robots":{"index":"index","follow":"follow","max-snippet":"max-snippet:-1","max-image-preview":"max-image-preview:large","max-video-preview":"max-video-preview:-1"},"canonical":"https:\/\/yaomarket.cl\/?product=book-frutal-fruit-infusions-asorted-tea-32s","og_locale":"es_ES","og_type":"article","og_title":"Book Frutal Fruit Infusions Asorted Tea 32s - YAOMARKET","og_description":"&nbsp;  T\u00e9 Basilur, t\u00e9 premium en Chile, desde Sri Lanka nos encanta con sus productos. \u00a1Un surtido sensacional de deliciosas infusiones de frutas, que es un placer para tu paladar. Estas infusiones de frutas veraniegas son ideales para regalar a los seres queridos o para disfrutarlas frescas en una calurosa tarde de verano o como bebida caliente en una fr\u00eda noche de invierno. Cada infusi\u00f3n es una mezcla de frutas y sabores naturales para brindarle el m\u00e1ximo placer de una bebida fant\u00e1stica.  8 bolsitas de t\u00e9 envueltas en papel de aluminio x 4 tipos de t\u00e9 empaquetados en un carrito de metal.  Infusiones de frutas , libres de cafe\u00edna en una muy bonita presentaci\u00f3n para regalar  32 bolsas  Hermosa lata con 4 diferentes tipos de t\u00e9:  Cocktail Caribe - Mezcla de ciruelas naturales, papaya, manzana y cereza, hibisco y c\u00e1scara de naranja naturales, acianos naturales y sabor a pi\u00f1a y coco.  Blood Orange - Un c\u00f3ctel natural con manzana, c\u00e1scara de naranja, hibisco, c\u00e1scara de rosa mosqueta, girasoles, flores de naranja y sabores de naranja y crema.  Fresa y Frambuesa - Un c\u00f3ctel natural de papaya, manzanas, cerezas, fresas, bayas de goji, hibisco y sabores naturales de fresas y frambuesas.  Red Hot Ginger - Con manzana y papaya naturales, hibisco natural, c\u00e1scara de rosa mosqueta, jengibre, canela y c\u00e1scara de naranja y jengibre de sabor.  &nbsp;  Ideal para regalo!!!!","og_url":"https:\/\/yaomarket.cl\/?product=book-frutal-fruit-infusions-asorted-tea-32s","og_site_name":"YAOMARKET","article_publisher":"https:\/\/www.facebook.com\/yaomarketchile\/","article_modified_time":"2025-07-09T20:27:01+00:00","og_image":[{"width":753,"height":565,"url":"https:\/\/yaomarket.cl\/wp-content\/uploads\/2023\/05\/Diapositiva7-2-1.jpg","type":"image\/jpeg"}],"twitter_card":"summary_large_image","schema":{"@context":"https:\/\/schema.org","@graph":[{"@type":"WebPage","@id":"https:\/\/yaomarket.cl\/?product=book-frutal-fruit-infusions-asorted-tea-32s","url":"https:\/\/yaomarket.cl\/?product=book-frutal-fruit-infusions-asorted-tea-32s","name":"Book Frutal Fruit Infusions Asorted Tea 32s - YAOMARKET","isPartOf":{"@id":"https:\/\/yaomarket.cl\/#website"},"primaryImageOfPage":{"@id":"https:\/\/yaomarket.cl\/?product=book-frutal-fruit-infusions-asorted-tea-32s#primaryimage"},"image":{"@id":"https:\/\/yaomarket.cl\/?product=book-frutal-fruit-infusions-asorted-tea-32s#primaryimage"},"thumbnailUrl":"https:\/\/yaomarket.cl\/wp-content\/uploads\/2023\/05\/Diapositiva7-2-1.jpg","datePublished":"2023-05-24T01:54:19+00:00","dateModified":"2025-07-09T20:27:01+00:00","breadcrumb":{"@id":"https:\/\/yaomarket.cl\/?product=book-frutal-fruit-infusions-asorted-tea-32s#breadcrumb"},"inLanguage":"es","potentialAction":[{"@type":"ReadAction","target":["https:\/\/yaomarket.cl\/?product=book-frutal-fruit-infusions-asorted-tea-32s"]}]},{"@type":"ImageObject","inLanguage":"es","@id":"https:\/\/yaomarket.cl\/?product=book-frutal-fruit-infusions-asorted-tea-32s#primaryimage","url":"https:\/\/yaomarket.cl\/wp-content\/uploads\/2023\/05\/Diapositiva7-2-1.jpg","contentUrl":"https:\/\/yaomarket.cl\/wp-content\/uploads\/2023\/05\/Diapositiva7-2-1.jpg","width":753,"height":565},{"@type":"BreadcrumbList","@id":"https:\/\/yaomarket.cl\/?product=book-frutal-fruit-infusions-asorted-tea-32s#breadcrumb","itemListElement":[{"@type":"ListItem","position":1,"name":"Portada","item":"https:\/\/yaomarket.cl\/"},{"@type":"ListItem","position":2,"name":"TIENDA","item":"https:\/\/yaomarket.cl\/?page_id=8"},{"@type":"ListItem","position":3,"name":"Book Frutal Fruit Infusions Asorted Tea 32s"}]},{"@type":"WebSite","@id":"https:\/\/yaomarket.cl\/#website","url":"https:\/\/yaomarket.cl\/","name":"YAOMARKET","description":"","publisher":{"@id":"https:\/\/yaomarket.cl\/#organization"},"potentialAction":[{"@type":"SearchAction","target":{"@type":"EntryPoint","urlTemplate":"https:\/\/yaomarket.cl\/?s={search_term_string}"},"query-input":{"@type":"PropertyValueSpecification","valueRequired":true,"valueName":"search_term_string"}}],"inLanguage":"es"},{"@type":"Organization","@id":"https:\/\/yaomarket.cl\/#organization","name":"YAOMARKET","url":"https:\/\/yaomarket.cl\/","logo":{"@type":"ImageObject","inLanguage":"es","@id":"https:\/\/yaomarket.cl\/#\/schema\/logo\/image\/","url":"https:\/\/yaomarket.cl\/wp-content\/uploads\/2023\/08\/Logo-Original-Yao-Market-Circular.png","contentUrl":"https:\/\/yaomarket.cl\/wp-content\/uploads\/2023\/08\/Logo-Original-Yao-Market-Circular.png","width":522,"height":522,"caption":"YAOMARKET"},"image":{"@id":"https:\/\/yaomarket.cl\/#\/schema\/logo\/image\/"},"sameAs":["https:\/\/www.facebook.com\/yaomarketchile\/","https:\/\/www.instagram.com\/yao_market\/"]}]}},"_links":{"self":[{"href":"https:\/\/yaomarket.cl\/index.php?rest_route=\/wp\/v2\/product\/9860","targetHints":{"allow":["GET"]}}],"collection":[{"href":"https:\/\/yaomarket.cl\/index.php?rest_route=\/wp\/v2\/product"}],"about":[{"href":"https:\/\/yaomarket.cl\/index.php?rest_route=\/wp\/v2\/types\/product"}],"wp:featuredmedia":[{"embeddable":true,"href":"https:\/\/yaomarket.cl\/index.php?rest_route=\/wp\/v2\/media\/9846"}],"wp:attachment":[{"href":"https:\/\/yaomarket.cl\/index.php?rest_route=%2Fwp%2Fv2%2Fmedia&parent=9860"}],"wp:term":[{"taxonomy":"product_cat","embeddable":true,"href":"https:\/\/yaomarket.cl\/index.php?rest_route=%2Fwp%2Fv2%2Fproduct_cat&post=9860"},{"taxonomy":"product_tag","embeddable":true,"href":"https:\/\/yaomarket.cl\/index.php?rest_route=%2Fwp%2Fv2%2Fproduct_tag&post=9860"}],"curies":[{"name":"wp","href":"https:\/\/api.w.org\/{rel}","templated":true}]}}