{"id":9858,"date":"2023-05-24T01:51:30","date_gmt":"2023-05-24T01:51:30","guid":{"rendered":"https:\/\/yaomarket.cl\/?post_type=product&#038;p=9858"},"modified":"2025-07-09T20:27:15","modified_gmt":"2025-07-09T20:27:15","slug":"book-frutal-te-negro-magic-fruit-tea-32s","status":"publish","type":"product","link":"https:\/\/yaomarket.cl\/?product=book-frutal-te-negro-magic-fruit-tea-32s","title":{"rendered":"Book Frutal Te Negro Magic Fruit Tea 32s"},"content":{"rendered":"","protected":false},"excerpt":{"rendered":"<p>&nbsp;<\/p>\n<p>T\u00e9 Basilur, t\u00e9 premium en Chile, desde Sri Lanka nos encanta con sus productos.<br \/>\n\u00a1Una rica mezcla de t\u00e9s negros combinados con frutas y sabores naturales para hacer un t\u00e9 delicioso y refrescante que es divinamente caliente o helado! Esta es la taza perfecta de un conocedor que es profunda y rica, pero a la vez arom\u00e1tica y rom\u00e1ntica.<\/p>\n<p>8 bolsitas de t\u00e9 envueltas en papel de aluminio x 4 tipos de t\u00e9 envasados en un carrito de metal.<\/p>\n<p>Ingredientes:<\/p>\n<p>STRAWBERRY&amp;KIWI: T\u00e9 negro, frutilla. kiwi, manzana<\/p>\n<p>RASBERRY&amp;ROSEHIP:T\u00e9 negro, frambuesa,rosa mosqueta<\/p>\n<p>LEMON&amp;LIME: T\u00e9 negro, lima, lim\u00f3n<\/p>\n<p>MANGO&amp;PINEAPLE: T\u00e9 negro, mango, pi\u00f1a<\/p>\n<p>Ideal para regalo!!!!<\/p>\n","protected":false},"featured_media":9845,"template":"","meta":[],"product_cat":[466,469,467],"product_tag":[471,283,524,194,527,198,525,279,526,523],"class_list":{"0":"post-9858","1":"product","2":"type-product","3":"status-publish","4":"has-post-thumbnail","6":"product_cat-basilur","7":"product_cat-libros-metalicos","8":"product_cat-regaleria-basilur","9":"product_tag-basilur","10":"product_tag-frambuesa","11":"product_tag-frutilla-kiwi","12":"product_tag-lima","13":"product_tag-limon-mangopineaple-te-negro","14":"product_tag-mango","15":"product_tag-manzana-rasberryrosehipte-negro","16":"product_tag-pina","17":"product_tag-rosa-mosqueta-lemonlime-te-negro","18":"product_tag-strawberrykiwi-te-negro","19":"pa_tipo-de-cafe-cafe-molido","21":"first","22":"instock","23":"shipping-taxable","24":"purchasable","25":"product-type-simple"},"yoast_head":"<!-- This site is optimized with the Yoast SEO plugin v25.2 - https:\/\/yoast.com\/wordpress\/plugins\/seo\/ -->\n<title>Book Frutal Te Negro Magic Fruit Tea 32s - YAOMARKET<\/title>\n<meta name=\"robots\" content=\"index, follow, max-snippet:-1, max-image-preview:large, max-video-preview:-1\" \/>\n<link rel=\"canonical\" href=\"https:\/\/yaomarket.cl\/?product=book-frutal-te-negro-magic-fruit-tea-32s\" \/>\n<meta property=\"og:locale\" content=\"es_ES\" \/>\n<meta property=\"og:type\" content=\"article\" \/>\n<meta property=\"og:title\" content=\"Book Frutal Te Negro Magic Fruit Tea 32s - YAOMARKET\" \/>\n<meta property=\"og:description\" content=\"&nbsp;  T\u00e9 Basilur, t\u00e9 premium en Chile, desde Sri Lanka nos encanta con sus productos. \u00a1Una rica mezcla de t\u00e9s negros combinados con frutas y sabores naturales para hacer un t\u00e9 delicioso y refrescante que es divinamente caliente o helado! Esta es la taza perfecta de un conocedor que es profunda y rica, pero a la vez arom\u00e1tica y rom\u00e1ntica.  8 bolsitas de t\u00e9 envueltas en papel de aluminio x 4 tipos de t\u00e9 envasados en un carrito de metal.  Ingredientes:  STRAWBERRY&amp;KIWI: T\u00e9 negro, frutilla. kiwi, manzana  RASBERRY&amp;ROSEHIP:T\u00e9 negro, frambuesa,rosa mosqueta  LEMON&amp;LIME: T\u00e9 negro, lima, lim\u00f3n  MANGO&amp;PINEAPLE: T\u00e9 negro, mango, pi\u00f1a  Ideal para regalo!!!!\" \/>\n<meta property=\"og:url\" content=\"https:\/\/yaomarket.cl\/?product=book-frutal-te-negro-magic-fruit-tea-32s\" \/>\n<meta property=\"og:site_name\" content=\"YAOMARKET\" \/>\n<meta property=\"article:publisher\" content=\"https:\/\/www.facebook.com\/yaomarketchile\/\" \/>\n<meta property=\"article:modified_time\" content=\"2025-07-09T20:27:15+00:00\" \/>\n<meta property=\"og:image\" content=\"https:\/\/yaomarket.cl\/wp-content\/uploads\/2023\/05\/Diapositiva8-2-1.jpg\" \/>\n\t<meta property=\"og:image:width\" content=\"753\" \/>\n\t<meta property=\"og:image:height\" content=\"565\" \/>\n\t<meta property=\"og:image:type\" content=\"image\/jpeg\" \/>\n<meta name=\"twitter:card\" content=\"summary_large_image\" \/>\n<script type=\"application\/ld+json\" class=\"yoast-schema-graph\">{\"@context\":\"https:\/\/schema.org\",\"@graph\":[{\"@type\":\"WebPage\",\"@id\":\"https:\/\/yaomarket.cl\/?product=book-frutal-te-negro-magic-fruit-tea-32s\",\"url\":\"https:\/\/yaomarket.cl\/?product=book-frutal-te-negro-magic-fruit-tea-32s\",\"name\":\"Book Frutal Te Negro Magic Fruit Tea 32s - YAOMARKET\",\"isPartOf\":{\"@id\":\"https:\/\/yaomarket.cl\/#website\"},\"primaryImageOfPage\":{\"@id\":\"https:\/\/yaomarket.cl\/?product=book-frutal-te-negro-magic-fruit-tea-32s#primaryimage\"},\"image\":{\"@id\":\"https:\/\/yaomarket.cl\/?product=book-frutal-te-negro-magic-fruit-tea-32s#primaryimage\"},\"thumbnailUrl\":\"https:\/\/yaomarket.cl\/wp-content\/uploads\/2023\/05\/Diapositiva8-2-1.jpg\",\"datePublished\":\"2023-05-24T01:51:30+00:00\",\"dateModified\":\"2025-07-09T20:27:15+00:00\",\"breadcrumb\":{\"@id\":\"https:\/\/yaomarket.cl\/?product=book-frutal-te-negro-magic-fruit-tea-32s#breadcrumb\"},\"inLanguage\":\"es\",\"potentialAction\":[{\"@type\":\"ReadAction\",\"target\":[\"https:\/\/yaomarket.cl\/?product=book-frutal-te-negro-magic-fruit-tea-32s\"]}]},{\"@type\":\"ImageObject\",\"inLanguage\":\"es\",\"@id\":\"https:\/\/yaomarket.cl\/?product=book-frutal-te-negro-magic-fruit-tea-32s#primaryimage\",\"url\":\"https:\/\/yaomarket.cl\/wp-content\/uploads\/2023\/05\/Diapositiva8-2-1.jpg\",\"contentUrl\":\"https:\/\/yaomarket.cl\/wp-content\/uploads\/2023\/05\/Diapositiva8-2-1.jpg\",\"width\":753,\"height\":565},{\"@type\":\"BreadcrumbList\",\"@id\":\"https:\/\/yaomarket.cl\/?product=book-frutal-te-negro-magic-fruit-tea-32s#breadcrumb\",\"itemListElement\":[{\"@type\":\"ListItem\",\"position\":1,\"name\":\"Portada\",\"item\":\"https:\/\/yaomarket.cl\/\"},{\"@type\":\"ListItem\",\"position\":2,\"name\":\"TIENDA\",\"item\":\"https:\/\/yaomarket.cl\/?page_id=8\"},{\"@type\":\"ListItem\",\"position\":3,\"name\":\"Book Frutal Te Negro Magic Fruit Tea 32s\"}]},{\"@type\":\"WebSite\",\"@id\":\"https:\/\/yaomarket.cl\/#website\",\"url\":\"https:\/\/yaomarket.cl\/\",\"name\":\"YAOMARKET\",\"description\":\"\",\"publisher\":{\"@id\":\"https:\/\/yaomarket.cl\/#organization\"},\"potentialAction\":[{\"@type\":\"SearchAction\",\"target\":{\"@type\":\"EntryPoint\",\"urlTemplate\":\"https:\/\/yaomarket.cl\/?s={search_term_string}\"},\"query-input\":{\"@type\":\"PropertyValueSpecification\",\"valueRequired\":true,\"valueName\":\"search_term_string\"}}],\"inLanguage\":\"es\"},{\"@type\":\"Organization\",\"@id\":\"https:\/\/yaomarket.cl\/#organization\",\"name\":\"YAOMARKET\",\"url\":\"https:\/\/yaomarket.cl\/\",\"logo\":{\"@type\":\"ImageObject\",\"inLanguage\":\"es\",\"@id\":\"https:\/\/yaomarket.cl\/#\/schema\/logo\/image\/\",\"url\":\"https:\/\/yaomarket.cl\/wp-content\/uploads\/2023\/08\/Logo-Original-Yao-Market-Circular.png\",\"contentUrl\":\"https:\/\/yaomarket.cl\/wp-content\/uploads\/2023\/08\/Logo-Original-Yao-Market-Circular.png\",\"width\":522,\"height\":522,\"caption\":\"YAOMARKET\"},\"image\":{\"@id\":\"https:\/\/yaomarket.cl\/#\/schema\/logo\/image\/\"},\"sameAs\":[\"https:\/\/www.facebook.com\/yaomarketchile\/\",\"https:\/\/www.instagram.com\/yao_market\/\"]}]}<\/script>\n<!-- \/ Yoast SEO plugin. -->","yoast_head_json":{"title":"Book Frutal Te Negro Magic Fruit Tea 32s - YAOMARKET","robots":{"index":"index","follow":"follow","max-snippet":"max-snippet:-1","max-image-preview":"max-image-preview:large","max-video-preview":"max-video-preview:-1"},"canonical":"https:\/\/yaomarket.cl\/?product=book-frutal-te-negro-magic-fruit-tea-32s","og_locale":"es_ES","og_type":"article","og_title":"Book Frutal Te Negro Magic Fruit Tea 32s - YAOMARKET","og_description":"&nbsp;  T\u00e9 Basilur, t\u00e9 premium en Chile, desde Sri Lanka nos encanta con sus productos. \u00a1Una rica mezcla de t\u00e9s negros combinados con frutas y sabores naturales para hacer un t\u00e9 delicioso y refrescante que es divinamente caliente o helado! Esta es la taza perfecta de un conocedor que es profunda y rica, pero a la vez arom\u00e1tica y rom\u00e1ntica.  8 bolsitas de t\u00e9 envueltas en papel de aluminio x 4 tipos de t\u00e9 envasados en un carrito de metal.  Ingredientes:  STRAWBERRY&amp;KIWI: T\u00e9 negro, frutilla. kiwi, manzana  RASBERRY&amp;ROSEHIP:T\u00e9 negro, frambuesa,rosa mosqueta  LEMON&amp;LIME: T\u00e9 negro, lima, lim\u00f3n  MANGO&amp;PINEAPLE: T\u00e9 negro, mango, pi\u00f1a  Ideal para regalo!!!!","og_url":"https:\/\/yaomarket.cl\/?product=book-frutal-te-negro-magic-fruit-tea-32s","og_site_name":"YAOMARKET","article_publisher":"https:\/\/www.facebook.com\/yaomarketchile\/","article_modified_time":"2025-07-09T20:27:15+00:00","og_image":[{"width":753,"height":565,"url":"https:\/\/yaomarket.cl\/wp-content\/uploads\/2023\/05\/Diapositiva8-2-1.jpg","type":"image\/jpeg"}],"twitter_card":"summary_large_image","schema":{"@context":"https:\/\/schema.org","@graph":[{"@type":"WebPage","@id":"https:\/\/yaomarket.cl\/?product=book-frutal-te-negro-magic-fruit-tea-32s","url":"https:\/\/yaomarket.cl\/?product=book-frutal-te-negro-magic-fruit-tea-32s","name":"Book Frutal Te Negro Magic Fruit Tea 32s - YAOMARKET","isPartOf":{"@id":"https:\/\/yaomarket.cl\/#website"},"primaryImageOfPage":{"@id":"https:\/\/yaomarket.cl\/?product=book-frutal-te-negro-magic-fruit-tea-32s#primaryimage"},"image":{"@id":"https:\/\/yaomarket.cl\/?product=book-frutal-te-negro-magic-fruit-tea-32s#primaryimage"},"thumbnailUrl":"https:\/\/yaomarket.cl\/wp-content\/uploads\/2023\/05\/Diapositiva8-2-1.jpg","datePublished":"2023-05-24T01:51:30+00:00","dateModified":"2025-07-09T20:27:15+00:00","breadcrumb":{"@id":"https:\/\/yaomarket.cl\/?product=book-frutal-te-negro-magic-fruit-tea-32s#breadcrumb"},"inLanguage":"es","potentialAction":[{"@type":"ReadAction","target":["https:\/\/yaomarket.cl\/?product=book-frutal-te-negro-magic-fruit-tea-32s"]}]},{"@type":"ImageObject","inLanguage":"es","@id":"https:\/\/yaomarket.cl\/?product=book-frutal-te-negro-magic-fruit-tea-32s#primaryimage","url":"https:\/\/yaomarket.cl\/wp-content\/uploads\/2023\/05\/Diapositiva8-2-1.jpg","contentUrl":"https:\/\/yaomarket.cl\/wp-content\/uploads\/2023\/05\/Diapositiva8-2-1.jpg","width":753,"height":565},{"@type":"BreadcrumbList","@id":"https:\/\/yaomarket.cl\/?product=book-frutal-te-negro-magic-fruit-tea-32s#breadcrumb","itemListElement":[{"@type":"ListItem","position":1,"name":"Portada","item":"https:\/\/yaomarket.cl\/"},{"@type":"ListItem","position":2,"name":"TIENDA","item":"https:\/\/yaomarket.cl\/?page_id=8"},{"@type":"ListItem","position":3,"name":"Book Frutal Te Negro Magic Fruit Tea 32s"}]},{"@type":"WebSite","@id":"https:\/\/yaomarket.cl\/#website","url":"https:\/\/yaomarket.cl\/","name":"YAOMARKET","description":"","publisher":{"@id":"https:\/\/yaomarket.cl\/#organization"},"potentialAction":[{"@type":"SearchAction","target":{"@type":"EntryPoint","urlTemplate":"https:\/\/yaomarket.cl\/?s={search_term_string}"},"query-input":{"@type":"PropertyValueSpecification","valueRequired":true,"valueName":"search_term_string"}}],"inLanguage":"es"},{"@type":"Organization","@id":"https:\/\/yaomarket.cl\/#organization","name":"YAOMARKET","url":"https:\/\/yaomarket.cl\/","logo":{"@type":"ImageObject","inLanguage":"es","@id":"https:\/\/yaomarket.cl\/#\/schema\/logo\/image\/","url":"https:\/\/yaomarket.cl\/wp-content\/uploads\/2023\/08\/Logo-Original-Yao-Market-Circular.png","contentUrl":"https:\/\/yaomarket.cl\/wp-content\/uploads\/2023\/08\/Logo-Original-Yao-Market-Circular.png","width":522,"height":522,"caption":"YAOMARKET"},"image":{"@id":"https:\/\/yaomarket.cl\/#\/schema\/logo\/image\/"},"sameAs":["https:\/\/www.facebook.com\/yaomarketchile\/","https:\/\/www.instagram.com\/yao_market\/"]}]}},"_links":{"self":[{"href":"https:\/\/yaomarket.cl\/index.php?rest_route=\/wp\/v2\/product\/9858","targetHints":{"allow":["GET"]}}],"collection":[{"href":"https:\/\/yaomarket.cl\/index.php?rest_route=\/wp\/v2\/product"}],"about":[{"href":"https:\/\/yaomarket.cl\/index.php?rest_route=\/wp\/v2\/types\/product"}],"wp:featuredmedia":[{"embeddable":true,"href":"https:\/\/yaomarket.cl\/index.php?rest_route=\/wp\/v2\/media\/9845"}],"wp:attachment":[{"href":"https:\/\/yaomarket.cl\/index.php?rest_route=%2Fwp%2Fv2%2Fmedia&parent=9858"}],"wp:term":[{"taxonomy":"product_cat","embeddable":true,"href":"https:\/\/yaomarket.cl\/index.php?rest_route=%2Fwp%2Fv2%2Fproduct_cat&post=9858"},{"taxonomy":"product_tag","embeddable":true,"href":"https:\/\/yaomarket.cl\/index.php?rest_route=%2Fwp%2Fv2%2Fproduct_tag&post=9858"}],"curies":[{"name":"wp","href":"https:\/\/api.w.org\/{rel}","templated":true}]}}