{"id":9853,"date":"2023-05-24T01:29:16","date_gmt":"2023-05-24T01:29:16","guid":{"rendered":"https:\/\/yaomarket.cl\/?post_type=product&#038;p=9853"},"modified":"2025-11-04T15:57:11","modified_gmt":"2025-11-04T15:57:11","slug":"surtido-libro-oriental-n1-32s","status":"publish","type":"product","link":"https:\/\/yaomarket.cl\/?product=surtido-libro-oriental-n1-32s","title":{"rendered":"Surtido Libro Oriental N\u00b01 32s"},"content":{"rendered":"","protected":false},"excerpt":{"rendered":"<p>T\u00e9 Basilur, t\u00e9 premium en Chile, desde Sri Lanka nos encanta con sus productos.<br \/>\nIngredientes:<\/p>\n<p>MORROCAN MINT: T\u00e9 verde, hojas de menta<\/p>\n<p>GOLDEN CRESCENT: T\u00e9 negro<\/p>\n<p>MAGIC NIGTH: T\u00e9 negro, frutilla, durazno, pi\u00f1a, papaya<\/p>\n<p>MASALA CHAI: T\u00e9 negro, jengibre, canela, cardamomo, pimienta, clavo de olor, nuez moscada..<\/p>\n<p>Ideal para regalo!!!!<\/p>\n","protected":false},"featured_media":9840,"template":"","meta":[],"product_cat":[466,469,467],"product_tag":[471,162,367,513,190,188,208,273,511,512,279,199],"class_list":{"0":"post-9853","1":"product","2":"type-product","3":"status-publish","4":"has-post-thumbnail","6":"product_cat-basilur","7":"product_cat-libros-metalicos","8":"product_cat-regaleria-basilur","9":"product_tag-basilur","10":"product_tag-canela","11":"product_tag-cardamomo","12":"product_tag-clavo-de-olor","13":"product_tag-durazno","14":"product_tag-frutilla","15":"product_tag-jengibre","16":"product_tag-nuez-moscada","17":"product_tag-papaya-masala-chai-te-negro","18":"product_tag-pimienta","19":"product_tag-pina","20":"product_tag-te-verde","21":"pa_tipo-de-cafe-cafe-molido","23":"first","24":"instock","25":"shipping-taxable","26":"purchasable","27":"product-type-simple"},"yoast_head":"<!-- This site is optimized with the Yoast SEO plugin v25.2 - https:\/\/yoast.com\/wordpress\/plugins\/seo\/ -->\n<title>Surtido Libro Oriental N\u00b01 32s - YAOMARKET<\/title>\n<meta name=\"robots\" content=\"index, follow, max-snippet:-1, max-image-preview:large, max-video-preview:-1\" \/>\n<link rel=\"canonical\" href=\"https:\/\/yaomarket.cl\/?product=surtido-libro-oriental-n1-32s\" \/>\n<meta property=\"og:locale\" content=\"es_ES\" \/>\n<meta property=\"og:type\" content=\"article\" \/>\n<meta property=\"og:title\" content=\"Surtido Libro Oriental N\u00b01 32s - YAOMARKET\" \/>\n<meta property=\"og:description\" content=\"T\u00e9 Basilur, t\u00e9 premium en Chile, desde Sri Lanka nos encanta con sus productos. Ingredientes:  MORROCAN MINT: T\u00e9 verde, hojas de menta  GOLDEN CRESCENT: T\u00e9 negro  MAGIC NIGTH: T\u00e9 negro, frutilla, durazno, pi\u00f1a, papaya  MASALA CHAI: T\u00e9 negro, jengibre, canela, cardamomo, pimienta, clavo de olor, nuez moscada..  Ideal para regalo!!!!\" \/>\n<meta property=\"og:url\" content=\"https:\/\/yaomarket.cl\/?product=surtido-libro-oriental-n1-32s\" \/>\n<meta property=\"og:site_name\" content=\"YAOMARKET\" \/>\n<meta property=\"article:publisher\" content=\"https:\/\/www.facebook.com\/yaomarketchile\/\" \/>\n<meta property=\"article:modified_time\" content=\"2025-11-04T15:57:11+00:00\" \/>\n<meta property=\"og:image\" content=\"https:\/\/yaomarket.cl\/wp-content\/uploads\/2023\/05\/Diapositiva13-1-1.jpg\" \/>\n\t<meta property=\"og:image:width\" content=\"753\" \/>\n\t<meta property=\"og:image:height\" content=\"565\" \/>\n\t<meta property=\"og:image:type\" content=\"image\/jpeg\" \/>\n<meta name=\"twitter:card\" content=\"summary_large_image\" \/>\n<script type=\"application\/ld+json\" class=\"yoast-schema-graph\">{\"@context\":\"https:\/\/schema.org\",\"@graph\":[{\"@type\":\"WebPage\",\"@id\":\"https:\/\/yaomarket.cl\/?product=surtido-libro-oriental-n1-32s\",\"url\":\"https:\/\/yaomarket.cl\/?product=surtido-libro-oriental-n1-32s\",\"name\":\"Surtido Libro Oriental N\u00b01 32s - YAOMARKET\",\"isPartOf\":{\"@id\":\"https:\/\/yaomarket.cl\/#website\"},\"primaryImageOfPage\":{\"@id\":\"https:\/\/yaomarket.cl\/?product=surtido-libro-oriental-n1-32s#primaryimage\"},\"image\":{\"@id\":\"https:\/\/yaomarket.cl\/?product=surtido-libro-oriental-n1-32s#primaryimage\"},\"thumbnailUrl\":\"https:\/\/yaomarket.cl\/wp-content\/uploads\/2023\/05\/Diapositiva13-1-1.jpg\",\"datePublished\":\"2023-05-24T01:29:16+00:00\",\"dateModified\":\"2025-11-04T15:57:11+00:00\",\"breadcrumb\":{\"@id\":\"https:\/\/yaomarket.cl\/?product=surtido-libro-oriental-n1-32s#breadcrumb\"},\"inLanguage\":\"es\",\"potentialAction\":[{\"@type\":\"ReadAction\",\"target\":[\"https:\/\/yaomarket.cl\/?product=surtido-libro-oriental-n1-32s\"]}]},{\"@type\":\"ImageObject\",\"inLanguage\":\"es\",\"@id\":\"https:\/\/yaomarket.cl\/?product=surtido-libro-oriental-n1-32s#primaryimage\",\"url\":\"https:\/\/yaomarket.cl\/wp-content\/uploads\/2023\/05\/Diapositiva13-1-1.jpg\",\"contentUrl\":\"https:\/\/yaomarket.cl\/wp-content\/uploads\/2023\/05\/Diapositiva13-1-1.jpg\",\"width\":753,\"height\":565},{\"@type\":\"BreadcrumbList\",\"@id\":\"https:\/\/yaomarket.cl\/?product=surtido-libro-oriental-n1-32s#breadcrumb\",\"itemListElement\":[{\"@type\":\"ListItem\",\"position\":1,\"name\":\"Portada\",\"item\":\"https:\/\/yaomarket.cl\/\"},{\"@type\":\"ListItem\",\"position\":2,\"name\":\"TIENDA\",\"item\":\"https:\/\/yaomarket.cl\/?page_id=8\"},{\"@type\":\"ListItem\",\"position\":3,\"name\":\"Surtido Libro Oriental N\u00b01 32s\"}]},{\"@type\":\"WebSite\",\"@id\":\"https:\/\/yaomarket.cl\/#website\",\"url\":\"https:\/\/yaomarket.cl\/\",\"name\":\"YAOMARKET\",\"description\":\"\",\"publisher\":{\"@id\":\"https:\/\/yaomarket.cl\/#organization\"},\"potentialAction\":[{\"@type\":\"SearchAction\",\"target\":{\"@type\":\"EntryPoint\",\"urlTemplate\":\"https:\/\/yaomarket.cl\/?s={search_term_string}\"},\"query-input\":{\"@type\":\"PropertyValueSpecification\",\"valueRequired\":true,\"valueName\":\"search_term_string\"}}],\"inLanguage\":\"es\"},{\"@type\":\"Organization\",\"@id\":\"https:\/\/yaomarket.cl\/#organization\",\"name\":\"YAOMARKET\",\"url\":\"https:\/\/yaomarket.cl\/\",\"logo\":{\"@type\":\"ImageObject\",\"inLanguage\":\"es\",\"@id\":\"https:\/\/yaomarket.cl\/#\/schema\/logo\/image\/\",\"url\":\"https:\/\/yaomarket.cl\/wp-content\/uploads\/2023\/08\/Logo-Original-Yao-Market-Circular.png\",\"contentUrl\":\"https:\/\/yaomarket.cl\/wp-content\/uploads\/2023\/08\/Logo-Original-Yao-Market-Circular.png\",\"width\":522,\"height\":522,\"caption\":\"YAOMARKET\"},\"image\":{\"@id\":\"https:\/\/yaomarket.cl\/#\/schema\/logo\/image\/\"},\"sameAs\":[\"https:\/\/www.facebook.com\/yaomarketchile\/\",\"https:\/\/www.instagram.com\/yao_market\/\"]}]}<\/script>\n<!-- \/ Yoast SEO plugin. -->","yoast_head_json":{"title":"Surtido Libro Oriental N\u00b01 32s - YAOMARKET","robots":{"index":"index","follow":"follow","max-snippet":"max-snippet:-1","max-image-preview":"max-image-preview:large","max-video-preview":"max-video-preview:-1"},"canonical":"https:\/\/yaomarket.cl\/?product=surtido-libro-oriental-n1-32s","og_locale":"es_ES","og_type":"article","og_title":"Surtido Libro Oriental N\u00b01 32s - YAOMARKET","og_description":"T\u00e9 Basilur, t\u00e9 premium en Chile, desde Sri Lanka nos encanta con sus productos. Ingredientes:  MORROCAN MINT: T\u00e9 verde, hojas de menta  GOLDEN CRESCENT: T\u00e9 negro  MAGIC NIGTH: T\u00e9 negro, frutilla, durazno, pi\u00f1a, papaya  MASALA CHAI: T\u00e9 negro, jengibre, canela, cardamomo, pimienta, clavo de olor, nuez moscada..  Ideal para regalo!!!!","og_url":"https:\/\/yaomarket.cl\/?product=surtido-libro-oriental-n1-32s","og_site_name":"YAOMARKET","article_publisher":"https:\/\/www.facebook.com\/yaomarketchile\/","article_modified_time":"2025-11-04T15:57:11+00:00","og_image":[{"width":753,"height":565,"url":"https:\/\/yaomarket.cl\/wp-content\/uploads\/2023\/05\/Diapositiva13-1-1.jpg","type":"image\/jpeg"}],"twitter_card":"summary_large_image","schema":{"@context":"https:\/\/schema.org","@graph":[{"@type":"WebPage","@id":"https:\/\/yaomarket.cl\/?product=surtido-libro-oriental-n1-32s","url":"https:\/\/yaomarket.cl\/?product=surtido-libro-oriental-n1-32s","name":"Surtido Libro Oriental N\u00b01 32s - YAOMARKET","isPartOf":{"@id":"https:\/\/yaomarket.cl\/#website"},"primaryImageOfPage":{"@id":"https:\/\/yaomarket.cl\/?product=surtido-libro-oriental-n1-32s#primaryimage"},"image":{"@id":"https:\/\/yaomarket.cl\/?product=surtido-libro-oriental-n1-32s#primaryimage"},"thumbnailUrl":"https:\/\/yaomarket.cl\/wp-content\/uploads\/2023\/05\/Diapositiva13-1-1.jpg","datePublished":"2023-05-24T01:29:16+00:00","dateModified":"2025-11-04T15:57:11+00:00","breadcrumb":{"@id":"https:\/\/yaomarket.cl\/?product=surtido-libro-oriental-n1-32s#breadcrumb"},"inLanguage":"es","potentialAction":[{"@type":"ReadAction","target":["https:\/\/yaomarket.cl\/?product=surtido-libro-oriental-n1-32s"]}]},{"@type":"ImageObject","inLanguage":"es","@id":"https:\/\/yaomarket.cl\/?product=surtido-libro-oriental-n1-32s#primaryimage","url":"https:\/\/yaomarket.cl\/wp-content\/uploads\/2023\/05\/Diapositiva13-1-1.jpg","contentUrl":"https:\/\/yaomarket.cl\/wp-content\/uploads\/2023\/05\/Diapositiva13-1-1.jpg","width":753,"height":565},{"@type":"BreadcrumbList","@id":"https:\/\/yaomarket.cl\/?product=surtido-libro-oriental-n1-32s#breadcrumb","itemListElement":[{"@type":"ListItem","position":1,"name":"Portada","item":"https:\/\/yaomarket.cl\/"},{"@type":"ListItem","position":2,"name":"TIENDA","item":"https:\/\/yaomarket.cl\/?page_id=8"},{"@type":"ListItem","position":3,"name":"Surtido Libro Oriental N\u00b01 32s"}]},{"@type":"WebSite","@id":"https:\/\/yaomarket.cl\/#website","url":"https:\/\/yaomarket.cl\/","name":"YAOMARKET","description":"","publisher":{"@id":"https:\/\/yaomarket.cl\/#organization"},"potentialAction":[{"@type":"SearchAction","target":{"@type":"EntryPoint","urlTemplate":"https:\/\/yaomarket.cl\/?s={search_term_string}"},"query-input":{"@type":"PropertyValueSpecification","valueRequired":true,"valueName":"search_term_string"}}],"inLanguage":"es"},{"@type":"Organization","@id":"https:\/\/yaomarket.cl\/#organization","name":"YAOMARKET","url":"https:\/\/yaomarket.cl\/","logo":{"@type":"ImageObject","inLanguage":"es","@id":"https:\/\/yaomarket.cl\/#\/schema\/logo\/image\/","url":"https:\/\/yaomarket.cl\/wp-content\/uploads\/2023\/08\/Logo-Original-Yao-Market-Circular.png","contentUrl":"https:\/\/yaomarket.cl\/wp-content\/uploads\/2023\/08\/Logo-Original-Yao-Market-Circular.png","width":522,"height":522,"caption":"YAOMARKET"},"image":{"@id":"https:\/\/yaomarket.cl\/#\/schema\/logo\/image\/"},"sameAs":["https:\/\/www.facebook.com\/yaomarketchile\/","https:\/\/www.instagram.com\/yao_market\/"]}]}},"_links":{"self":[{"href":"https:\/\/yaomarket.cl\/index.php?rest_route=\/wp\/v2\/product\/9853","targetHints":{"allow":["GET"]}}],"collection":[{"href":"https:\/\/yaomarket.cl\/index.php?rest_route=\/wp\/v2\/product"}],"about":[{"href":"https:\/\/yaomarket.cl\/index.php?rest_route=\/wp\/v2\/types\/product"}],"wp:featuredmedia":[{"embeddable":true,"href":"https:\/\/yaomarket.cl\/index.php?rest_route=\/wp\/v2\/media\/9840"}],"wp:attachment":[{"href":"https:\/\/yaomarket.cl\/index.php?rest_route=%2Fwp%2Fv2%2Fmedia&parent=9853"}],"wp:term":[{"taxonomy":"product_cat","embeddable":true,"href":"https:\/\/yaomarket.cl\/index.php?rest_route=%2Fwp%2Fv2%2Fproduct_cat&post=9853"},{"taxonomy":"product_tag","embeddable":true,"href":"https:\/\/yaomarket.cl\/index.php?rest_route=%2Fwp%2Fv2%2Fproduct_tag&post=9853"}],"curies":[{"name":"wp","href":"https:\/\/api.w.org\/{rel}","templated":true}]}}