{"id":9820,"date":"2023-05-22T00:53:49","date_gmt":"2023-05-22T00:53:49","guid":{"rendered":"https:\/\/yaomarket.cl\/?post_type=product&#038;p=9820"},"modified":"2023-05-22T01:33:22","modified_gmt":"2023-05-22T01:33:22","slug":"halawe-halva-375gr-dulce-de-sesamo-con-pistacho","status":"publish","type":"product","link":"https:\/\/yaomarket.cl\/?product=halawe-halva-375gr-dulce-de-sesamo-con-pistacho","title":{"rendered":"Halawe \/ halva 375gr dulce de s\u00e9samo con pistacho"},"content":{"rendered":"","protected":false},"excerpt":{"rendered":"<p>UNIDAD DE 375GR<\/p>\n<p>Halawa, Halwa, Halva. Su nombre proviene del \u00e1rabe \u00abHalwa\u00bb cuya traducci\u00f3n literal significa dulce.El Halwa tiene como ingrediente base la pasta de s\u00e9samo Tahini y miel u otro az\u00facar.Su sabor es muy similar a un \u00abmantecol\u00bb o a un turr\u00f3n blando.Este turr\u00f3n blando de s\u00e9samo con pistachos es perfecto para comer en cualquier momento o para regalar halawa \/ halawe \/halva<\/p>\n","protected":false},"featured_media":9797,"template":"","meta":[],"product_cat":[382,96],"product_tag":[434,104,433,432,435,117,124],"class_list":{"0":"post-9820","1":"product","2":"type-product","3":"status-publish","4":"has-post-thumbnail","6":"product_cat-despensa-productos-del-medio-oriente","7":"product_cat-productos-del-medio-oriente","8":"product_tag-arabe","9":"product_tag-arabico","10":"product_tag-burgol","11":"product_tag-burgul","12":"product_tag-fino","13":"product_tag-molido","14":"product_tag-turco","15":"pa_tipo-de-cafe-cafe-molido","17":"first","18":"instock","19":"shipping-taxable","20":"purchasable","21":"product-type-simple"},"yoast_head":"<!-- This site is optimized with the Yoast SEO plugin v25.2 - https:\/\/yoast.com\/wordpress\/plugins\/seo\/ -->\n<title>Halawe \/ halva 375gr dulce de s\u00e9samo con pistacho - YAOMARKET<\/title>\n<meta name=\"robots\" content=\"index, follow, max-snippet:-1, max-image-preview:large, max-video-preview:-1\" \/>\n<link rel=\"canonical\" href=\"https:\/\/yaomarket.cl\/product\/halawe-halva-375gr-dulce-de-sesamo-con-pistacho\/\" \/>\n<meta property=\"og:locale\" content=\"es_ES\" \/>\n<meta property=\"og:type\" content=\"article\" \/>\n<meta property=\"og:title\" content=\"Halawe \/ halva 375gr dulce de s\u00e9samo con pistacho - YAOMARKET\" \/>\n<meta property=\"og:description\" content=\"UNIDAD DE 375GR  Halawa, Halwa, Halva. Su nombre proviene del \u00e1rabe &quot;Halwa&quot; cuya traducci\u00f3n literal significa dulce.El Halwa tiene como ingrediente base la pasta de s\u00e9samo Tahini y miel u otro az\u00facar.Su sabor es muy similar a un &quot;mantecol&quot; o a un turr\u00f3n blando.Este turr\u00f3n blando de s\u00e9samo con pistachos es perfecto para comer en cualquier momento o para regalar halawa \/ halawe \/halva\" \/>\n<meta property=\"og:url\" content=\"https:\/\/yaomarket.cl\/product\/halawe-halva-375gr-dulce-de-sesamo-con-pistacho\/\" \/>\n<meta property=\"og:site_name\" content=\"YAOMARKET\" \/>\n<meta property=\"article:publisher\" content=\"https:\/\/www.facebook.com\/yaomarketchile\/\" \/>\n<meta property=\"article:modified_time\" content=\"2023-05-22T01:33:22+00:00\" \/>\n<meta property=\"og:image\" content=\"https:\/\/yaomarket.cl\/wp-content\/uploads\/2023\/01\/Diapositiva10.jpg\" \/>\n\t<meta property=\"og:image:width\" content=\"753\" \/>\n\t<meta property=\"og:image:height\" content=\"565\" \/>\n\t<meta property=\"og:image:type\" content=\"image\/jpeg\" \/>\n<meta name=\"twitter:card\" content=\"summary_large_image\" \/>\n<script type=\"application\/ld+json\" class=\"yoast-schema-graph\">{\"@context\":\"https:\/\/schema.org\",\"@graph\":[{\"@type\":\"WebPage\",\"@id\":\"https:\/\/yaomarket.cl\/product\/halawe-halva-375gr-dulce-de-sesamo-con-pistacho\/\",\"url\":\"https:\/\/yaomarket.cl\/product\/halawe-halva-375gr-dulce-de-sesamo-con-pistacho\/\",\"name\":\"Halawe \/ halva 375gr dulce de s\u00e9samo con pistacho - YAOMARKET\",\"isPartOf\":{\"@id\":\"https:\/\/yaomarket.cl\/#website\"},\"primaryImageOfPage\":{\"@id\":\"https:\/\/yaomarket.cl\/product\/halawe-halva-375gr-dulce-de-sesamo-con-pistacho\/#primaryimage\"},\"image\":{\"@id\":\"https:\/\/yaomarket.cl\/product\/halawe-halva-375gr-dulce-de-sesamo-con-pistacho\/#primaryimage\"},\"thumbnailUrl\":\"https:\/\/yaomarket.cl\/wp-content\/uploads\/2023\/01\/Diapositiva10.jpg\",\"datePublished\":\"2023-05-22T00:53:49+00:00\",\"dateModified\":\"2023-05-22T01:33:22+00:00\",\"breadcrumb\":{\"@id\":\"https:\/\/yaomarket.cl\/product\/halawe-halva-375gr-dulce-de-sesamo-con-pistacho\/#breadcrumb\"},\"inLanguage\":\"es\",\"potentialAction\":[{\"@type\":\"ReadAction\",\"target\":[\"https:\/\/yaomarket.cl\/product\/halawe-halva-375gr-dulce-de-sesamo-con-pistacho\/\"]}]},{\"@type\":\"ImageObject\",\"inLanguage\":\"es\",\"@id\":\"https:\/\/yaomarket.cl\/product\/halawe-halva-375gr-dulce-de-sesamo-con-pistacho\/#primaryimage\",\"url\":\"https:\/\/yaomarket.cl\/wp-content\/uploads\/2023\/01\/Diapositiva10.jpg\",\"contentUrl\":\"https:\/\/yaomarket.cl\/wp-content\/uploads\/2023\/01\/Diapositiva10.jpg\",\"width\":753,\"height\":565},{\"@type\":\"BreadcrumbList\",\"@id\":\"https:\/\/yaomarket.cl\/product\/halawe-halva-375gr-dulce-de-sesamo-con-pistacho\/#breadcrumb\",\"itemListElement\":[{\"@type\":\"ListItem\",\"position\":1,\"name\":\"Portada\",\"item\":\"https:\/\/yaomarket.cl\/\"},{\"@type\":\"ListItem\",\"position\":2,\"name\":\"TIENDA\",\"item\":\"https:\/\/yaomarket.cl\/?page_id=8\"},{\"@type\":\"ListItem\",\"position\":3,\"name\":\"Halawe \/ halva 375gr dulce de s\u00e9samo con pistacho\"}]},{\"@type\":\"WebSite\",\"@id\":\"https:\/\/yaomarket.cl\/#website\",\"url\":\"https:\/\/yaomarket.cl\/\",\"name\":\"YAOMARKET\",\"description\":\"\",\"publisher\":{\"@id\":\"https:\/\/yaomarket.cl\/#organization\"},\"potentialAction\":[{\"@type\":\"SearchAction\",\"target\":{\"@type\":\"EntryPoint\",\"urlTemplate\":\"https:\/\/yaomarket.cl\/?s={search_term_string}\"},\"query-input\":{\"@type\":\"PropertyValueSpecification\",\"valueRequired\":true,\"valueName\":\"search_term_string\"}}],\"inLanguage\":\"es\"},{\"@type\":\"Organization\",\"@id\":\"https:\/\/yaomarket.cl\/#organization\",\"name\":\"YAOMARKET\",\"url\":\"https:\/\/yaomarket.cl\/\",\"logo\":{\"@type\":\"ImageObject\",\"inLanguage\":\"es\",\"@id\":\"https:\/\/yaomarket.cl\/#\/schema\/logo\/image\/\",\"url\":\"https:\/\/yaomarket.cl\/wp-content\/uploads\/2023\/08\/Logo-Original-Yao-Market-Circular.png\",\"contentUrl\":\"https:\/\/yaomarket.cl\/wp-content\/uploads\/2023\/08\/Logo-Original-Yao-Market-Circular.png\",\"width\":522,\"height\":522,\"caption\":\"YAOMARKET\"},\"image\":{\"@id\":\"https:\/\/yaomarket.cl\/#\/schema\/logo\/image\/\"},\"sameAs\":[\"https:\/\/www.facebook.com\/yaomarketchile\/\",\"https:\/\/www.instagram.com\/yao_market\/\"]}]}<\/script>\n<!-- \/ Yoast SEO plugin. -->","yoast_head_json":{"title":"Halawe \/ halva 375gr dulce de s\u00e9samo con pistacho - YAOMARKET","robots":{"index":"index","follow":"follow","max-snippet":"max-snippet:-1","max-image-preview":"max-image-preview:large","max-video-preview":"max-video-preview:-1"},"canonical":"https:\/\/yaomarket.cl\/product\/halawe-halva-375gr-dulce-de-sesamo-con-pistacho\/","og_locale":"es_ES","og_type":"article","og_title":"Halawe \/ halva 375gr dulce de s\u00e9samo con pistacho - YAOMARKET","og_description":"UNIDAD DE 375GR  Halawa, Halwa, Halva. Su nombre proviene del \u00e1rabe \"Halwa\" cuya traducci\u00f3n literal significa dulce.El Halwa tiene como ingrediente base la pasta de s\u00e9samo Tahini y miel u otro az\u00facar.Su sabor es muy similar a un \"mantecol\" o a un turr\u00f3n blando.Este turr\u00f3n blando de s\u00e9samo con pistachos es perfecto para comer en cualquier momento o para regalar halawa \/ halawe \/halva","og_url":"https:\/\/yaomarket.cl\/product\/halawe-halva-375gr-dulce-de-sesamo-con-pistacho\/","og_site_name":"YAOMARKET","article_publisher":"https:\/\/www.facebook.com\/yaomarketchile\/","article_modified_time":"2023-05-22T01:33:22+00:00","og_image":[{"width":753,"height":565,"url":"https:\/\/yaomarket.cl\/wp-content\/uploads\/2023\/01\/Diapositiva10.jpg","type":"image\/jpeg"}],"twitter_card":"summary_large_image","schema":{"@context":"https:\/\/schema.org","@graph":[{"@type":"WebPage","@id":"https:\/\/yaomarket.cl\/product\/halawe-halva-375gr-dulce-de-sesamo-con-pistacho\/","url":"https:\/\/yaomarket.cl\/product\/halawe-halva-375gr-dulce-de-sesamo-con-pistacho\/","name":"Halawe \/ halva 375gr dulce de s\u00e9samo con pistacho - YAOMARKET","isPartOf":{"@id":"https:\/\/yaomarket.cl\/#website"},"primaryImageOfPage":{"@id":"https:\/\/yaomarket.cl\/product\/halawe-halva-375gr-dulce-de-sesamo-con-pistacho\/#primaryimage"},"image":{"@id":"https:\/\/yaomarket.cl\/product\/halawe-halva-375gr-dulce-de-sesamo-con-pistacho\/#primaryimage"},"thumbnailUrl":"https:\/\/yaomarket.cl\/wp-content\/uploads\/2023\/01\/Diapositiva10.jpg","datePublished":"2023-05-22T00:53:49+00:00","dateModified":"2023-05-22T01:33:22+00:00","breadcrumb":{"@id":"https:\/\/yaomarket.cl\/product\/halawe-halva-375gr-dulce-de-sesamo-con-pistacho\/#breadcrumb"},"inLanguage":"es","potentialAction":[{"@type":"ReadAction","target":["https:\/\/yaomarket.cl\/product\/halawe-halva-375gr-dulce-de-sesamo-con-pistacho\/"]}]},{"@type":"ImageObject","inLanguage":"es","@id":"https:\/\/yaomarket.cl\/product\/halawe-halva-375gr-dulce-de-sesamo-con-pistacho\/#primaryimage","url":"https:\/\/yaomarket.cl\/wp-content\/uploads\/2023\/01\/Diapositiva10.jpg","contentUrl":"https:\/\/yaomarket.cl\/wp-content\/uploads\/2023\/01\/Diapositiva10.jpg","width":753,"height":565},{"@type":"BreadcrumbList","@id":"https:\/\/yaomarket.cl\/product\/halawe-halva-375gr-dulce-de-sesamo-con-pistacho\/#breadcrumb","itemListElement":[{"@type":"ListItem","position":1,"name":"Portada","item":"https:\/\/yaomarket.cl\/"},{"@type":"ListItem","position":2,"name":"TIENDA","item":"https:\/\/yaomarket.cl\/?page_id=8"},{"@type":"ListItem","position":3,"name":"Halawe \/ halva 375gr dulce de s\u00e9samo con pistacho"}]},{"@type":"WebSite","@id":"https:\/\/yaomarket.cl\/#website","url":"https:\/\/yaomarket.cl\/","name":"YAOMARKET","description":"","publisher":{"@id":"https:\/\/yaomarket.cl\/#organization"},"potentialAction":[{"@type":"SearchAction","target":{"@type":"EntryPoint","urlTemplate":"https:\/\/yaomarket.cl\/?s={search_term_string}"},"query-input":{"@type":"PropertyValueSpecification","valueRequired":true,"valueName":"search_term_string"}}],"inLanguage":"es"},{"@type":"Organization","@id":"https:\/\/yaomarket.cl\/#organization","name":"YAOMARKET","url":"https:\/\/yaomarket.cl\/","logo":{"@type":"ImageObject","inLanguage":"es","@id":"https:\/\/yaomarket.cl\/#\/schema\/logo\/image\/","url":"https:\/\/yaomarket.cl\/wp-content\/uploads\/2023\/08\/Logo-Original-Yao-Market-Circular.png","contentUrl":"https:\/\/yaomarket.cl\/wp-content\/uploads\/2023\/08\/Logo-Original-Yao-Market-Circular.png","width":522,"height":522,"caption":"YAOMARKET"},"image":{"@id":"https:\/\/yaomarket.cl\/#\/schema\/logo\/image\/"},"sameAs":["https:\/\/www.facebook.com\/yaomarketchile\/","https:\/\/www.instagram.com\/yao_market\/"]}]}},"_links":{"self":[{"href":"https:\/\/yaomarket.cl\/index.php?rest_route=\/wp\/v2\/product\/9820","targetHints":{"allow":["GET"]}}],"collection":[{"href":"https:\/\/yaomarket.cl\/index.php?rest_route=\/wp\/v2\/product"}],"about":[{"href":"https:\/\/yaomarket.cl\/index.php?rest_route=\/wp\/v2\/types\/product"}],"wp:featuredmedia":[{"embeddable":true,"href":"https:\/\/yaomarket.cl\/index.php?rest_route=\/wp\/v2\/media\/9797"}],"wp:attachment":[{"href":"https:\/\/yaomarket.cl\/index.php?rest_route=%2Fwp%2Fv2%2Fmedia&parent=9820"}],"wp:term":[{"taxonomy":"product_cat","embeddable":true,"href":"https:\/\/yaomarket.cl\/index.php?rest_route=%2Fwp%2Fv2%2Fproduct_cat&post=9820"},{"taxonomy":"product_tag","embeddable":true,"href":"https:\/\/yaomarket.cl\/index.php?rest_route=%2Fwp%2Fv2%2Fproduct_tag&post=9820"}],"curies":[{"name":"wp","href":"https:\/\/api.w.org\/{rel}","templated":true}]}}