{"id":9807,"date":"2023-05-18T02:46:37","date_gmt":"2023-05-18T02:46:37","guid":{"rendered":"https:\/\/yaomarket.cl\/?post_type=product&#038;p=9807"},"modified":"2025-11-04T15:58:32","modified_gmt":"2025-11-04T15:58:32","slug":"cafe-turco-rayhan-250-grs-premium","status":"publish","type":"product","link":"https:\/\/yaomarket.cl\/?product=cafe-turco-rayhan-250-grs-premium","title":{"rendered":"Caf\u00e9 Turco Rayhan 250 Grs Premium"},"content":{"rendered":"","protected":false},"excerpt":{"rendered":"<p>comienza tu d\u00eda lleno de energ\u00eda junto a este exquisito caf\u00e9 turco con un suave toque de cardamomo\u2026. Disfrutalo junto a un rico Basbousa, con un magico Halawe de Chocolate o bien solo despues de un rico mansaf o Maftool.<\/p>\n<p>&nbsp;<\/p>\n<p>Caf\u00e9 turco extra fino CON cardamomo<br \/>\nPa\u00eds de origen: Turqu\u00eda.<\/p>\n<p>Para preparar dos tazas, debes:<br \/>\n1) Agregar unos 130ml de agua a la cafetera (65 ml agua aprox. por taza) .<br \/>\n2) A\u00f1adir 2 cdtas (12 g) de caf\u00e9 (1 cdta (6 g) por taza) y az\u00facar si deseas.<br \/>\n3) Revuelve el contenido a fuego lento, hasta disolver completamente el caf\u00e9.<br \/>\n4) D\u00e9jalo a fuego lento hasta que empiece a hacer espuma, momento en el que debes retirar del fuego (a punto de hervir) y verter la espuma en cada taza.<br \/>\n5) Vuelve a poner la cafetera a fuego lento y espera que el caf\u00e9 suba nuevamente (sin hervir) y vierte el contenido en cada taza.<\/p>\n<p>La preparaci\u00f3n solo tarda 2 minutos!<\/p>\n","protected":false},"featured_media":9788,"template":"","meta":[],"product_cat":[378,72,122,96],"product_tag":[104,103,430,125,117,124],"class_list":{"0":"post-9807","1":"product","2":"type-product","3":"status-publish","4":"has-post-thumbnail","6":"product_cat-cafe-chocolate","7":"product_cat-cafe","8":"product_cat-cafe-arabe","9":"product_cat-productos-del-medio-oriente","10":"product_tag-arabico","11":"product_tag-cafe","12":"product_tag-con-cardamomo","13":"product_tag-extra-fino","14":"product_tag-molido","15":"product_tag-turco","16":"pa_tipo-de-cafe-cafe-molido","18":"first","19":"outofstock","20":"shipping-taxable","21":"purchasable","22":"product-type-simple"},"yoast_head":"<!-- This site is optimized with the Yoast SEO plugin v25.2 - https:\/\/yoast.com\/wordpress\/plugins\/seo\/ -->\n<title>Caf\u00e9 Turco Rayhan 250 Grs Premium - YAOMARKET<\/title>\n<meta name=\"robots\" content=\"index, follow, max-snippet:-1, max-image-preview:large, max-video-preview:-1\" \/>\n<link rel=\"canonical\" href=\"https:\/\/yaomarket.cl\/?product=cafe-turco-rayhan-250-grs-premium\" \/>\n<meta property=\"og:locale\" content=\"es_ES\" \/>\n<meta property=\"og:type\" content=\"article\" \/>\n<meta property=\"og:title\" content=\"Caf\u00e9 Turco Rayhan 250 Grs Premium - YAOMARKET\" \/>\n<meta property=\"og:description\" content=\"comienza tu d\u00eda lleno de energ\u00eda junto a este exquisito caf\u00e9 turco con un suave toque de cardamomo\u2026. Disfrutalo junto a un rico Basbousa, con un magico Halawe de Chocolate o bien solo despues de un rico mansaf o Maftool.  &nbsp;  Caf\u00e9 turco extra fino CON cardamomo Pa\u00eds de origen: Turqu\u00eda.  Para preparar dos tazas, debes: 1) Agregar unos 130ml de agua a la cafetera (65 ml agua aprox. por taza) . 2) A\u00f1adir 2 cdtas (12 g) de caf\u00e9 (1 cdta (6 g) por taza) y az\u00facar si deseas. 3) Revuelve el contenido a fuego lento, hasta disolver completamente el caf\u00e9. 4) D\u00e9jalo a fuego lento hasta que empiece a hacer espuma, momento en el que debes retirar del fuego (a punto de hervir) y verter la espuma en cada taza. 5) Vuelve a poner la cafetera a fuego lento y espera que el caf\u00e9 suba nuevamente (sin hervir) y vierte el contenido en cada taza.  La preparaci\u00f3n solo tarda 2 minutos!\" \/>\n<meta property=\"og:url\" content=\"https:\/\/yaomarket.cl\/?product=cafe-turco-rayhan-250-grs-premium\" \/>\n<meta property=\"og:site_name\" content=\"YAOMARKET\" \/>\n<meta property=\"article:publisher\" content=\"https:\/\/www.facebook.com\/yaomarketchile\/\" \/>\n<meta property=\"article:modified_time\" content=\"2025-11-04T15:58:32+00:00\" \/>\n<meta property=\"og:image\" content=\"https:\/\/yaomarket.cl\/wp-content\/uploads\/2023\/01\/Diapositiva1-2.jpg\" \/>\n\t<meta property=\"og:image:width\" content=\"753\" \/>\n\t<meta property=\"og:image:height\" content=\"565\" \/>\n\t<meta property=\"og:image:type\" content=\"image\/jpeg\" \/>\n<meta name=\"twitter:card\" content=\"summary_large_image\" \/>\n<script type=\"application\/ld+json\" class=\"yoast-schema-graph\">{\"@context\":\"https:\/\/schema.org\",\"@graph\":[{\"@type\":\"WebPage\",\"@id\":\"https:\/\/yaomarket.cl\/?product=cafe-turco-rayhan-250-grs-premium\",\"url\":\"https:\/\/yaomarket.cl\/?product=cafe-turco-rayhan-250-grs-premium\",\"name\":\"Caf\u00e9 Turco Rayhan 250 Grs Premium - YAOMARKET\",\"isPartOf\":{\"@id\":\"https:\/\/yaomarket.cl\/#website\"},\"primaryImageOfPage\":{\"@id\":\"https:\/\/yaomarket.cl\/?product=cafe-turco-rayhan-250-grs-premium#primaryimage\"},\"image\":{\"@id\":\"https:\/\/yaomarket.cl\/?product=cafe-turco-rayhan-250-grs-premium#primaryimage\"},\"thumbnailUrl\":\"https:\/\/yaomarket.cl\/wp-content\/uploads\/2023\/01\/Diapositiva1-2.jpg\",\"datePublished\":\"2023-05-18T02:46:37+00:00\",\"dateModified\":\"2025-11-04T15:58:32+00:00\",\"breadcrumb\":{\"@id\":\"https:\/\/yaomarket.cl\/?product=cafe-turco-rayhan-250-grs-premium#breadcrumb\"},\"inLanguage\":\"es\",\"potentialAction\":[{\"@type\":\"ReadAction\",\"target\":[\"https:\/\/yaomarket.cl\/?product=cafe-turco-rayhan-250-grs-premium\"]}]},{\"@type\":\"ImageObject\",\"inLanguage\":\"es\",\"@id\":\"https:\/\/yaomarket.cl\/?product=cafe-turco-rayhan-250-grs-premium#primaryimage\",\"url\":\"https:\/\/yaomarket.cl\/wp-content\/uploads\/2023\/01\/Diapositiva1-2.jpg\",\"contentUrl\":\"https:\/\/yaomarket.cl\/wp-content\/uploads\/2023\/01\/Diapositiva1-2.jpg\",\"width\":753,\"height\":565},{\"@type\":\"BreadcrumbList\",\"@id\":\"https:\/\/yaomarket.cl\/?product=cafe-turco-rayhan-250-grs-premium#breadcrumb\",\"itemListElement\":[{\"@type\":\"ListItem\",\"position\":1,\"name\":\"Portada\",\"item\":\"https:\/\/yaomarket.cl\/\"},{\"@type\":\"ListItem\",\"position\":2,\"name\":\"TIENDA\",\"item\":\"https:\/\/yaomarket.cl\/?page_id=8\"},{\"@type\":\"ListItem\",\"position\":3,\"name\":\"Caf\u00e9 Turco Rayhan 250 Grs Premium\"}]},{\"@type\":\"WebSite\",\"@id\":\"https:\/\/yaomarket.cl\/#website\",\"url\":\"https:\/\/yaomarket.cl\/\",\"name\":\"YAOMARKET\",\"description\":\"\",\"publisher\":{\"@id\":\"https:\/\/yaomarket.cl\/#organization\"},\"potentialAction\":[{\"@type\":\"SearchAction\",\"target\":{\"@type\":\"EntryPoint\",\"urlTemplate\":\"https:\/\/yaomarket.cl\/?s={search_term_string}\"},\"query-input\":{\"@type\":\"PropertyValueSpecification\",\"valueRequired\":true,\"valueName\":\"search_term_string\"}}],\"inLanguage\":\"es\"},{\"@type\":\"Organization\",\"@id\":\"https:\/\/yaomarket.cl\/#organization\",\"name\":\"YAOMARKET\",\"url\":\"https:\/\/yaomarket.cl\/\",\"logo\":{\"@type\":\"ImageObject\",\"inLanguage\":\"es\",\"@id\":\"https:\/\/yaomarket.cl\/#\/schema\/logo\/image\/\",\"url\":\"https:\/\/yaomarket.cl\/wp-content\/uploads\/2023\/08\/Logo-Original-Yao-Market-Circular.png\",\"contentUrl\":\"https:\/\/yaomarket.cl\/wp-content\/uploads\/2023\/08\/Logo-Original-Yao-Market-Circular.png\",\"width\":522,\"height\":522,\"caption\":\"YAOMARKET\"},\"image\":{\"@id\":\"https:\/\/yaomarket.cl\/#\/schema\/logo\/image\/\"},\"sameAs\":[\"https:\/\/www.facebook.com\/yaomarketchile\/\",\"https:\/\/www.instagram.com\/yao_market\/\"]}]}<\/script>\n<!-- \/ Yoast SEO plugin. -->","yoast_head_json":{"title":"Caf\u00e9 Turco Rayhan 250 Grs Premium - YAOMARKET","robots":{"index":"index","follow":"follow","max-snippet":"max-snippet:-1","max-image-preview":"max-image-preview:large","max-video-preview":"max-video-preview:-1"},"canonical":"https:\/\/yaomarket.cl\/?product=cafe-turco-rayhan-250-grs-premium","og_locale":"es_ES","og_type":"article","og_title":"Caf\u00e9 Turco Rayhan 250 Grs Premium - YAOMARKET","og_description":"comienza tu d\u00eda lleno de energ\u00eda junto a este exquisito caf\u00e9 turco con un suave toque de cardamomo\u2026. Disfrutalo junto a un rico Basbousa, con un magico Halawe de Chocolate o bien solo despues de un rico mansaf o Maftool.  &nbsp;  Caf\u00e9 turco extra fino CON cardamomo Pa\u00eds de origen: Turqu\u00eda.  Para preparar dos tazas, debes: 1) Agregar unos 130ml de agua a la cafetera (65 ml agua aprox. por taza) . 2) A\u00f1adir 2 cdtas (12 g) de caf\u00e9 (1 cdta (6 g) por taza) y az\u00facar si deseas. 3) Revuelve el contenido a fuego lento, hasta disolver completamente el caf\u00e9. 4) D\u00e9jalo a fuego lento hasta que empiece a hacer espuma, momento en el que debes retirar del fuego (a punto de hervir) y verter la espuma en cada taza. 5) Vuelve a poner la cafetera a fuego lento y espera que el caf\u00e9 suba nuevamente (sin hervir) y vierte el contenido en cada taza.  La preparaci\u00f3n solo tarda 2 minutos!","og_url":"https:\/\/yaomarket.cl\/?product=cafe-turco-rayhan-250-grs-premium","og_site_name":"YAOMARKET","article_publisher":"https:\/\/www.facebook.com\/yaomarketchile\/","article_modified_time":"2025-11-04T15:58:32+00:00","og_image":[{"width":753,"height":565,"url":"https:\/\/yaomarket.cl\/wp-content\/uploads\/2023\/01\/Diapositiva1-2.jpg","type":"image\/jpeg"}],"twitter_card":"summary_large_image","schema":{"@context":"https:\/\/schema.org","@graph":[{"@type":"WebPage","@id":"https:\/\/yaomarket.cl\/?product=cafe-turco-rayhan-250-grs-premium","url":"https:\/\/yaomarket.cl\/?product=cafe-turco-rayhan-250-grs-premium","name":"Caf\u00e9 Turco Rayhan 250 Grs Premium - YAOMARKET","isPartOf":{"@id":"https:\/\/yaomarket.cl\/#website"},"primaryImageOfPage":{"@id":"https:\/\/yaomarket.cl\/?product=cafe-turco-rayhan-250-grs-premium#primaryimage"},"image":{"@id":"https:\/\/yaomarket.cl\/?product=cafe-turco-rayhan-250-grs-premium#primaryimage"},"thumbnailUrl":"https:\/\/yaomarket.cl\/wp-content\/uploads\/2023\/01\/Diapositiva1-2.jpg","datePublished":"2023-05-18T02:46:37+00:00","dateModified":"2025-11-04T15:58:32+00:00","breadcrumb":{"@id":"https:\/\/yaomarket.cl\/?product=cafe-turco-rayhan-250-grs-premium#breadcrumb"},"inLanguage":"es","potentialAction":[{"@type":"ReadAction","target":["https:\/\/yaomarket.cl\/?product=cafe-turco-rayhan-250-grs-premium"]}]},{"@type":"ImageObject","inLanguage":"es","@id":"https:\/\/yaomarket.cl\/?product=cafe-turco-rayhan-250-grs-premium#primaryimage","url":"https:\/\/yaomarket.cl\/wp-content\/uploads\/2023\/01\/Diapositiva1-2.jpg","contentUrl":"https:\/\/yaomarket.cl\/wp-content\/uploads\/2023\/01\/Diapositiva1-2.jpg","width":753,"height":565},{"@type":"BreadcrumbList","@id":"https:\/\/yaomarket.cl\/?product=cafe-turco-rayhan-250-grs-premium#breadcrumb","itemListElement":[{"@type":"ListItem","position":1,"name":"Portada","item":"https:\/\/yaomarket.cl\/"},{"@type":"ListItem","position":2,"name":"TIENDA","item":"https:\/\/yaomarket.cl\/?page_id=8"},{"@type":"ListItem","position":3,"name":"Caf\u00e9 Turco Rayhan 250 Grs Premium"}]},{"@type":"WebSite","@id":"https:\/\/yaomarket.cl\/#website","url":"https:\/\/yaomarket.cl\/","name":"YAOMARKET","description":"","publisher":{"@id":"https:\/\/yaomarket.cl\/#organization"},"potentialAction":[{"@type":"SearchAction","target":{"@type":"EntryPoint","urlTemplate":"https:\/\/yaomarket.cl\/?s={search_term_string}"},"query-input":{"@type":"PropertyValueSpecification","valueRequired":true,"valueName":"search_term_string"}}],"inLanguage":"es"},{"@type":"Organization","@id":"https:\/\/yaomarket.cl\/#organization","name":"YAOMARKET","url":"https:\/\/yaomarket.cl\/","logo":{"@type":"ImageObject","inLanguage":"es","@id":"https:\/\/yaomarket.cl\/#\/schema\/logo\/image\/","url":"https:\/\/yaomarket.cl\/wp-content\/uploads\/2023\/08\/Logo-Original-Yao-Market-Circular.png","contentUrl":"https:\/\/yaomarket.cl\/wp-content\/uploads\/2023\/08\/Logo-Original-Yao-Market-Circular.png","width":522,"height":522,"caption":"YAOMARKET"},"image":{"@id":"https:\/\/yaomarket.cl\/#\/schema\/logo\/image\/"},"sameAs":["https:\/\/www.facebook.com\/yaomarketchile\/","https:\/\/www.instagram.com\/yao_market\/"]}]}},"_links":{"self":[{"href":"https:\/\/yaomarket.cl\/index.php?rest_route=\/wp\/v2\/product\/9807","targetHints":{"allow":["GET"]}}],"collection":[{"href":"https:\/\/yaomarket.cl\/index.php?rest_route=\/wp\/v2\/product"}],"about":[{"href":"https:\/\/yaomarket.cl\/index.php?rest_route=\/wp\/v2\/types\/product"}],"wp:featuredmedia":[{"embeddable":true,"href":"https:\/\/yaomarket.cl\/index.php?rest_route=\/wp\/v2\/media\/9788"}],"wp:attachment":[{"href":"https:\/\/yaomarket.cl\/index.php?rest_route=%2Fwp%2Fv2%2Fmedia&parent=9807"}],"wp:term":[{"taxonomy":"product_cat","embeddable":true,"href":"https:\/\/yaomarket.cl\/index.php?rest_route=%2Fwp%2Fv2%2Fproduct_cat&post=9807"},{"taxonomy":"product_tag","embeddable":true,"href":"https:\/\/yaomarket.cl\/index.php?rest_route=%2Fwp%2Fv2%2Fproduct_tag&post=9807"}],"curies":[{"name":"wp","href":"https:\/\/api.w.org\/{rel}","templated":true}]}}