{"id":9787,"date":"2023-05-11T03:26:19","date_gmt":"2023-05-11T03:26:19","guid":{"rendered":"https:\/\/yaomarket.cl\/?post_type=product&#038;p=9787"},"modified":"2025-11-04T15:58:32","modified_gmt":"2025-11-04T15:58:32","slug":"wild-protein-granola-mix-crujiente","status":"publish","type":"product","link":"https:\/\/yaomarket.cl\/?product=wild-protein-granola-mix-crujiente","title":{"rendered":"Wild Protein Granola mix crujiente"},"content":{"rendered":"<div id=\"product-description-short-427\" class=\"rte-content product-description\">\n<div class=\"rte-content product-description\"><\/div>\n<div class=\"product-actions\">\n<form id=\"add-to-cart-or-refresh\" action=\"https:\/\/europasecreta.cl\/carrito\" method=\"post\">\n<div class=\"product-variants\"><\/div>\n<div class=\"product-add-to-cart pt-3\">\n<div class=\"row extra-small-gutters product-quantity \">\n<div class=\"col col-12 col-sm-auto col-add-qty\">\n<div class=\"qty \">\n<div class=\"input-group bootstrap-touchspin\"><\/div>\n<\/div>\n<\/div>\n<\/div>\n<\/div>\n<\/form>\n<\/div>\n<\/div>\n<div class=\"product-actions\">\n<form id=\"add-to-cart-or-refresh\" action=\"https:\/\/europasecreta.cl\/carrito\" method=\"post\">\n<div class=\"product-variants\"><\/div>\n<div class=\"product-add-to-cart pt-3\">\n<div class=\"row extra-small-gutters product-quantity \">\n<div class=\"col col-12 col-sm-auto col-add-qty\">\n<div class=\"qty \">\n<div class=\"input-group bootstrap-touchspin\"><\/div>\n<\/div>\n<\/div>\n<\/div>\n<\/div>\n<\/form>\n<\/div>\n","protected":false},"excerpt":{"rendered":"<h2><span data-sheets-userformat=\"{&quot;2&quot;:15233,&quot;3&quot;:{&quot;1&quot;:0},&quot;10&quot;:2,&quot;11&quot;:0,&quot;12&quot;:0,&quot;14&quot;:{&quot;1&quot;:2,&quot;2&quot;:0},&quot;15&quot;:&quot;Calibri, sans-serif&quot;,&quot;16&quot;:11}\" data-sheets-value=\"{&quot;1&quot;:2,&quot;2&quot;:&quot;GRANOLA CRUJIENTE CON PROTE\u00cdNA DE SOYA, SEMILLAS DE ZAPALLO Y COCO.&quot;}\">GRANOLA CRUJIENTE CON PROTE\u00cdNA DE SOYA, SEMILLAS DE ZAPALLO Y COCO<\/span><\/h2>\n<ul>\n<li>10 grs de prote\u00edna por porci\u00f3n.<\/li>\n<li>Naturalmente libre de sellos.<\/li>\n<li>Vegana.<\/li>\n<li>Sin az\u00facar a\u00f1adida\u00a0(este alimento no es libre de calor\u00edas).<\/li>\n<li>Endulzado con d\u00e1tiles.<\/li>\n<\/ul>\n<p><strong>Detalles<\/strong><\/p>\n<ul>\n<li>Una excelente fuente de prote\u00ednas para tu cuerpo.<\/li>\n<li>Granola\u00a0crujiente a base de avena, crisp de prote\u00edna de soya, semillas de zapallo y linaza, mezclado con almendras y coco laminado; endulzado con d\u00e1tiles.<\/li>\n<\/ul>\n<p><span data-sheets-userformat=\"{&quot;2&quot;:5053,&quot;3&quot;:{&quot;1&quot;:0},&quot;5&quot;:{&quot;1&quot;:[{&quot;1&quot;:2,&quot;2&quot;:0,&quot;5&quot;:{&quot;1&quot;:2,&quot;2&quot;:0}},{&quot;1&quot;:0,&quot;2&quot;:0,&quot;3&quot;:3},{&quot;1&quot;:1,&quot;2&quot;:0,&quot;4&quot;:1}]},&quot;6&quot;:{&quot;1&quot;:[{&quot;1&quot;:2,&quot;2&quot;:0,&quot;5&quot;:{&quot;1&quot;:2,&quot;2&quot;:0}},{&quot;1&quot;:0,&quot;2&quot;:0,&quot;3&quot;:3},{&quot;1&quot;:1,&quot;2&quot;:0,&quot;4&quot;:1}]},&quot;7&quot;:{&quot;1&quot;:[{&quot;1&quot;:2,&quot;2&quot;:0,&quot;5&quot;:{&quot;1&quot;:2,&quot;2&quot;:0}},{&quot;1&quot;:0,&quot;2&quot;:0,&quot;3&quot;:3},{&quot;1&quot;:1,&quot;2&quot;:0,&quot;4&quot;:1}]},&quot;8&quot;:{&quot;1&quot;:[{&quot;1&quot;:2,&quot;2&quot;:0,&quot;5&quot;:{&quot;1&quot;:2,&quot;2&quot;:0}},{&quot;1&quot;:0,&quot;2&quot;:0,&quot;3&quot;:3},{&quot;1&quot;:1,&quot;2&quot;:0,&quot;4&quot;:1}]},&quot;10&quot;:1,&quot;11&quot;:4,&quot;12&quot;:0,&quot;15&quot;:&quot;Arial&quot;}\" data-sheets-value=\"{&quot;1&quot;:2,&quot;2&quot;:&quot;Barra de prote\u00edna sabor caramelo, hecha con pasta de almendras naturales&quot;}\">El m\u00e9todo que utilizamos para el c\u00e1lculo de kcal es el m\u00e9todo Atwater.\u00a0<\/span><\/p>\n<p><span data-sheets-userformat=\"{&quot;2&quot;:5053,&quot;3&quot;:{&quot;1&quot;:0},&quot;5&quot;:{&quot;1&quot;:[{&quot;1&quot;:2,&quot;2&quot;:0,&quot;5&quot;:{&quot;1&quot;:2,&quot;2&quot;:0}},{&quot;1&quot;:0,&quot;2&quot;:0,&quot;3&quot;:3},{&quot;1&quot;:1,&quot;2&quot;:0,&quot;4&quot;:1}]},&quot;6&quot;:{&quot;1&quot;:[{&quot;1&quot;:2,&quot;2&quot;:0,&quot;5&quot;:{&quot;1&quot;:2,&quot;2&quot;:0}},{&quot;1&quot;:0,&quot;2&quot;:0,&quot;3&quot;:3},{&quot;1&quot;:1,&quot;2&quot;:0,&quot;4&quot;:1}]},&quot;7&quot;:{&quot;1&quot;:[{&quot;1&quot;:2,&quot;2&quot;:0,&quot;5&quot;:{&quot;1&quot;:2,&quot;2&quot;:0}},{&quot;1&quot;:0,&quot;2&quot;:0,&quot;3&quot;:3},{&quot;1&quot;:1,&quot;2&quot;:0,&quot;4&quot;:1}]},&quot;8&quot;:{&quot;1&quot;:[{&quot;1&quot;:2,&quot;2&quot;:0,&quot;5&quot;:{&quot;1&quot;:2,&quot;2&quot;:0}},{&quot;1&quot;:0,&quot;2&quot;:0,&quot;3&quot;:3},{&quot;1&quot;:1,&quot;2&quot;:0,&quot;4&quot;:1}]},&quot;10&quot;:1,&quot;11&quot;:4,&quot;12&quot;:0,&quot;15&quot;:&quot;Arial&quot;}\" data-sheets-value=\"{&quot;1&quot;:2,&quot;2&quot;:&quot;Barra de prote\u00edna sabor caramelo, hecha con pasta de almendras naturales&quot;}\"><strong>\u00bfQu\u00e9 es el m\u00e9todo Atwater?<\/strong>\u00a0Es un m\u00e9todo que calcula las Kcal de la siguiente forma: Asigna 4 kcal por g de prote\u00edna, 4 kcal por g de carbohidratos y 9 kcal por gr de grasa totales.<\/span><\/p>\n<p><span data-sheets-userformat=\"{&quot;2&quot;:5053,&quot;3&quot;:{&quot;1&quot;:0},&quot;5&quot;:{&quot;1&quot;:[{&quot;1&quot;:2,&quot;2&quot;:0,&quot;5&quot;:{&quot;1&quot;:2,&quot;2&quot;:0}},{&quot;1&quot;:0,&quot;2&quot;:0,&quot;3&quot;:3},{&quot;1&quot;:1,&quot;2&quot;:0,&quot;4&quot;:1}]},&quot;6&quot;:{&quot;1&quot;:[{&quot;1&quot;:2,&quot;2&quot;:0,&quot;5&quot;:{&quot;1&quot;:2,&quot;2&quot;:0}},{&quot;1&quot;:0,&quot;2&quot;:0,&quot;3&quot;:3},{&quot;1&quot;:1,&quot;2&quot;:0,&quot;4&quot;:1}]},&quot;7&quot;:{&quot;1&quot;:[{&quot;1&quot;:2,&quot;2&quot;:0,&quot;5&quot;:{&quot;1&quot;:2,&quot;2&quot;:0}},{&quot;1&quot;:0,&quot;2&quot;:0,&quot;3&quot;:3},{&quot;1&quot;:1,&quot;2&quot;:0,&quot;4&quot;:1}]},&quot;8&quot;:{&quot;1&quot;:[{&quot;1&quot;:2,&quot;2&quot;:0,&quot;5&quot;:{&quot;1&quot;:2,&quot;2&quot;:0}},{&quot;1&quot;:0,&quot;2&quot;:0,&quot;3&quot;:3},{&quot;1&quot;:1,&quot;2&quot;:0,&quot;4&quot;:1}]},&quot;10&quot;:1,&quot;11&quot;:4,&quot;12&quot;:0,&quot;15&quot;:&quot;Arial&quot;}\" data-sheets-value=\"{&quot;1&quot;:2,&quot;2&quot;:&quot;Barra de prote\u00edna sabor caramelo, hecha con pasta de almendras naturales&quot;}\"><strong>Wild Protein\u00a0Granola<\/strong><br \/>\nValores por cada 100 gramos:<br \/>\nProte\u00ednas: 30,5 g<br \/>\nH. de C. Disp:\u00a034,1 g<br \/>\nGrasas totales:\u00a017,8 g<br \/>\nEntonces es: 0,35 x [(30,5 x 4) + (34,1 x 4) + (17,8 x 9)] = 147 Kcal (aprox) por porci\u00f3n.<\/span><\/p>\n<p><strong>INGREDIENTES:<\/strong><\/p>\n<p class=\"p1\">Prote\u00edna aislada de soya (23%), maltitol, avena, pasta de man\u00ed, semillas de zapallo (6,4%), coco laminado (6%), d\u00e1til, almendras, semilla de linaza, cacao en polvo, almid\u00f3n de tapioca y canela.<\/p>\n<p class=\"p1\"><strong>Al\u00e9rgenos<\/strong>: Contiene soya, man\u00ed, gluten (avena), nueces (almendra y coco). Elaborado en lineas que tambi\u00e9n procesan leche y productos l\u00e1cteos.<\/p>\n<p class=\"p1\"><em>*La informaci\u00f3n nutricional del empaque del producto final puede diferir levemente respecto a lo que mostramos en nuestro sitio web, ya que constantemente estamos mejorando nuestras f\u00f3rmulas. Por desfase entre los tiempos de impresi\u00f3n del envase y la producci\u00f3n de la nueva f\u00f3rmula podr\u00edan existir estas diferencias.<\/em><\/p>\n","protected":false},"featured_media":9779,"template":"","meta":[],"product_cat":[549,383],"product_tag":[262,419,429,416,415],"class_list":{"0":"post-9787","1":"product","2":"type-product","3":"status-publish","4":"has-post-thumbnail","6":"product_cat-granola","7":"product_cat-vegano","8":"product_tag-coco","9":"product_tag-fit","10":"product_tag-granola","11":"product_tag-protein","12":"product_tag-wild","14":"first","15":"outofstock","16":"shipping-taxable","17":"purchasable","18":"product-type-simple"},"yoast_head":"<!-- This site is optimized with the Yoast SEO plugin v25.2 - https:\/\/yoast.com\/wordpress\/plugins\/seo\/ -->\n<title>Wild Protein Granola mix crujiente - YAOMARKET<\/title>\n<meta name=\"robots\" content=\"index, follow, max-snippet:-1, max-image-preview:large, max-video-preview:-1\" \/>\n<link rel=\"canonical\" href=\"https:\/\/yaomarket.cl\/?product=wild-protein-granola-mix-crujiente\" \/>\n<meta property=\"og:locale\" content=\"es_ES\" \/>\n<meta property=\"og:type\" content=\"article\" \/>\n<meta property=\"og:title\" content=\"Wild Protein Granola mix crujiente - YAOMARKET\" \/>\n<meta property=\"og:description\" content=\"GRANOLA CRUJIENTE CON PROTE\u00cdNA DE SOYA, SEMILLAS DE ZAPALLO Y COCO   10 grs de prote\u00edna por porci\u00f3n.  Naturalmente libre de sellos.  Vegana.  Sin az\u00facar a\u00f1adida\u00a0(este alimento no es libre de calor\u00edas).  Endulzado con d\u00e1tiles.  Detalles   Una excelente fuente de prote\u00ednas para tu cuerpo.  Granola\u00a0crujiente a base de avena, crisp de prote\u00edna de soya, semillas de zapallo y linaza, mezclado con almendras y coco laminado; endulzado con d\u00e1tiles.  El m\u00e9todo que utilizamos para el c\u00e1lculo de kcal es el m\u00e9todo Atwater.\u00a0  \u00bfQu\u00e9 es el m\u00e9todo Atwater?\u00a0Es un m\u00e9todo que calcula las Kcal de la siguiente forma: Asigna 4 kcal por g de prote\u00edna, 4 kcal por g de carbohidratos y 9 kcal por gr de grasa totales.  Wild Protein\u00a0Granola Valores por cada 100 gramos: Prote\u00ednas: 30,5 g H. de C. Disp:\u00a034,1 g Grasas totales:\u00a017,8 g Entonces es: 0,35 x [(30,5 x 4) + (34,1 x 4) + (17,8 x 9)] = 147 Kcal (aprox) por porci\u00f3n.  INGREDIENTES: Prote\u00edna aislada de soya (23%), maltitol, avena, pasta de man\u00ed, semillas de zapallo (6,4%), coco laminado (6%), d\u00e1til, almendras, semilla de linaza, cacao en polvo, almid\u00f3n de tapioca y canela. Al\u00e9rgenos: Contiene soya, man\u00ed, gluten (avena), nueces (almendra y coco). Elaborado en lineas que tambi\u00e9n procesan leche y productos l\u00e1cteos. *La informaci\u00f3n nutricional del empaque del producto final puede diferir levemente respecto a lo que mostramos en nuestro sitio web, ya que constantemente estamos mejorando nuestras f\u00f3rmulas. Por desfase entre los tiempos de impresi\u00f3n del envase y la producci\u00f3n de la nueva f\u00f3rmula podr\u00edan existir estas diferencias.\" \/>\n<meta property=\"og:url\" content=\"https:\/\/yaomarket.cl\/?product=wild-protein-granola-mix-crujiente\" \/>\n<meta property=\"og:site_name\" content=\"YAOMARKET\" \/>\n<meta property=\"article:publisher\" content=\"https:\/\/www.facebook.com\/yaomarketchile\/\" \/>\n<meta property=\"article:modified_time\" content=\"2025-11-04T15:58:32+00:00\" \/>\n<meta property=\"og:image\" content=\"https:\/\/yaomarket.cl\/wp-content\/uploads\/2023\/05\/Diapositiva9-2.jpg\" \/>\n\t<meta property=\"og:image:width\" content=\"753\" \/>\n\t<meta property=\"og:image:height\" content=\"565\" \/>\n\t<meta property=\"og:image:type\" content=\"image\/jpeg\" \/>\n<meta name=\"twitter:card\" content=\"summary_large_image\" \/>\n<script type=\"application\/ld+json\" class=\"yoast-schema-graph\">{\"@context\":\"https:\/\/schema.org\",\"@graph\":[{\"@type\":\"WebPage\",\"@id\":\"https:\/\/yaomarket.cl\/?product=wild-protein-granola-mix-crujiente\",\"url\":\"https:\/\/yaomarket.cl\/?product=wild-protein-granola-mix-crujiente\",\"name\":\"Wild Protein Granola mix crujiente - YAOMARKET\",\"isPartOf\":{\"@id\":\"https:\/\/yaomarket.cl\/#website\"},\"primaryImageOfPage\":{\"@id\":\"https:\/\/yaomarket.cl\/?product=wild-protein-granola-mix-crujiente#primaryimage\"},\"image\":{\"@id\":\"https:\/\/yaomarket.cl\/?product=wild-protein-granola-mix-crujiente#primaryimage\"},\"thumbnailUrl\":\"https:\/\/yaomarket.cl\/wp-content\/uploads\/2023\/05\/Diapositiva9-2.jpg\",\"datePublished\":\"2023-05-11T03:26:19+00:00\",\"dateModified\":\"2025-11-04T15:58:32+00:00\",\"breadcrumb\":{\"@id\":\"https:\/\/yaomarket.cl\/?product=wild-protein-granola-mix-crujiente#breadcrumb\"},\"inLanguage\":\"es\",\"potentialAction\":[{\"@type\":\"ReadAction\",\"target\":[\"https:\/\/yaomarket.cl\/?product=wild-protein-granola-mix-crujiente\"]}]},{\"@type\":\"ImageObject\",\"inLanguage\":\"es\",\"@id\":\"https:\/\/yaomarket.cl\/?product=wild-protein-granola-mix-crujiente#primaryimage\",\"url\":\"https:\/\/yaomarket.cl\/wp-content\/uploads\/2023\/05\/Diapositiva9-2.jpg\",\"contentUrl\":\"https:\/\/yaomarket.cl\/wp-content\/uploads\/2023\/05\/Diapositiva9-2.jpg\",\"width\":753,\"height\":565},{\"@type\":\"BreadcrumbList\",\"@id\":\"https:\/\/yaomarket.cl\/?product=wild-protein-granola-mix-crujiente#breadcrumb\",\"itemListElement\":[{\"@type\":\"ListItem\",\"position\":1,\"name\":\"Portada\",\"item\":\"https:\/\/yaomarket.cl\/\"},{\"@type\":\"ListItem\",\"position\":2,\"name\":\"TIENDA\",\"item\":\"https:\/\/yaomarket.cl\/?page_id=8\"},{\"@type\":\"ListItem\",\"position\":3,\"name\":\"Wild Protein Granola mix crujiente\"}]},{\"@type\":\"WebSite\",\"@id\":\"https:\/\/yaomarket.cl\/#website\",\"url\":\"https:\/\/yaomarket.cl\/\",\"name\":\"YAOMARKET\",\"description\":\"\",\"publisher\":{\"@id\":\"https:\/\/yaomarket.cl\/#organization\"},\"potentialAction\":[{\"@type\":\"SearchAction\",\"target\":{\"@type\":\"EntryPoint\",\"urlTemplate\":\"https:\/\/yaomarket.cl\/?s={search_term_string}\"},\"query-input\":{\"@type\":\"PropertyValueSpecification\",\"valueRequired\":true,\"valueName\":\"search_term_string\"}}],\"inLanguage\":\"es\"},{\"@type\":\"Organization\",\"@id\":\"https:\/\/yaomarket.cl\/#organization\",\"name\":\"YAOMARKET\",\"url\":\"https:\/\/yaomarket.cl\/\",\"logo\":{\"@type\":\"ImageObject\",\"inLanguage\":\"es\",\"@id\":\"https:\/\/yaomarket.cl\/#\/schema\/logo\/image\/\",\"url\":\"https:\/\/yaomarket.cl\/wp-content\/uploads\/2023\/08\/Logo-Original-Yao-Market-Circular.png\",\"contentUrl\":\"https:\/\/yaomarket.cl\/wp-content\/uploads\/2023\/08\/Logo-Original-Yao-Market-Circular.png\",\"width\":522,\"height\":522,\"caption\":\"YAOMARKET\"},\"image\":{\"@id\":\"https:\/\/yaomarket.cl\/#\/schema\/logo\/image\/\"},\"sameAs\":[\"https:\/\/www.facebook.com\/yaomarketchile\/\",\"https:\/\/www.instagram.com\/yao_market\/\"]}]}<\/script>\n<!-- \/ Yoast SEO plugin. -->","yoast_head_json":{"title":"Wild Protein Granola mix crujiente - YAOMARKET","robots":{"index":"index","follow":"follow","max-snippet":"max-snippet:-1","max-image-preview":"max-image-preview:large","max-video-preview":"max-video-preview:-1"},"canonical":"https:\/\/yaomarket.cl\/?product=wild-protein-granola-mix-crujiente","og_locale":"es_ES","og_type":"article","og_title":"Wild Protein Granola mix crujiente - YAOMARKET","og_description":"GRANOLA CRUJIENTE CON PROTE\u00cdNA DE SOYA, SEMILLAS DE ZAPALLO Y COCO   10 grs de prote\u00edna por porci\u00f3n.  Naturalmente libre de sellos.  Vegana.  Sin az\u00facar a\u00f1adida\u00a0(este alimento no es libre de calor\u00edas).  Endulzado con d\u00e1tiles.  Detalles   Una excelente fuente de prote\u00ednas para tu cuerpo.  Granola\u00a0crujiente a base de avena, crisp de prote\u00edna de soya, semillas de zapallo y linaza, mezclado con almendras y coco laminado; endulzado con d\u00e1tiles.  El m\u00e9todo que utilizamos para el c\u00e1lculo de kcal es el m\u00e9todo Atwater.\u00a0  \u00bfQu\u00e9 es el m\u00e9todo Atwater?\u00a0Es un m\u00e9todo que calcula las Kcal de la siguiente forma: Asigna 4 kcal por g de prote\u00edna, 4 kcal por g de carbohidratos y 9 kcal por gr de grasa totales.  Wild Protein\u00a0Granola Valores por cada 100 gramos: Prote\u00ednas: 30,5 g H. de C. Disp:\u00a034,1 g Grasas totales:\u00a017,8 g Entonces es: 0,35 x [(30,5 x 4) + (34,1 x 4) + (17,8 x 9)] = 147 Kcal (aprox) por porci\u00f3n.  INGREDIENTES: Prote\u00edna aislada de soya (23%), maltitol, avena, pasta de man\u00ed, semillas de zapallo (6,4%), coco laminado (6%), d\u00e1til, almendras, semilla de linaza, cacao en polvo, almid\u00f3n de tapioca y canela. Al\u00e9rgenos: Contiene soya, man\u00ed, gluten (avena), nueces (almendra y coco). Elaborado en lineas que tambi\u00e9n procesan leche y productos l\u00e1cteos. *La informaci\u00f3n nutricional del empaque del producto final puede diferir levemente respecto a lo que mostramos en nuestro sitio web, ya que constantemente estamos mejorando nuestras f\u00f3rmulas. Por desfase entre los tiempos de impresi\u00f3n del envase y la producci\u00f3n de la nueva f\u00f3rmula podr\u00edan existir estas diferencias.","og_url":"https:\/\/yaomarket.cl\/?product=wild-protein-granola-mix-crujiente","og_site_name":"YAOMARKET","article_publisher":"https:\/\/www.facebook.com\/yaomarketchile\/","article_modified_time":"2025-11-04T15:58:32+00:00","og_image":[{"width":753,"height":565,"url":"https:\/\/yaomarket.cl\/wp-content\/uploads\/2023\/05\/Diapositiva9-2.jpg","type":"image\/jpeg"}],"twitter_card":"summary_large_image","schema":{"@context":"https:\/\/schema.org","@graph":[{"@type":"WebPage","@id":"https:\/\/yaomarket.cl\/?product=wild-protein-granola-mix-crujiente","url":"https:\/\/yaomarket.cl\/?product=wild-protein-granola-mix-crujiente","name":"Wild Protein Granola mix crujiente - YAOMARKET","isPartOf":{"@id":"https:\/\/yaomarket.cl\/#website"},"primaryImageOfPage":{"@id":"https:\/\/yaomarket.cl\/?product=wild-protein-granola-mix-crujiente#primaryimage"},"image":{"@id":"https:\/\/yaomarket.cl\/?product=wild-protein-granola-mix-crujiente#primaryimage"},"thumbnailUrl":"https:\/\/yaomarket.cl\/wp-content\/uploads\/2023\/05\/Diapositiva9-2.jpg","datePublished":"2023-05-11T03:26:19+00:00","dateModified":"2025-11-04T15:58:32+00:00","breadcrumb":{"@id":"https:\/\/yaomarket.cl\/?product=wild-protein-granola-mix-crujiente#breadcrumb"},"inLanguage":"es","potentialAction":[{"@type":"ReadAction","target":["https:\/\/yaomarket.cl\/?product=wild-protein-granola-mix-crujiente"]}]},{"@type":"ImageObject","inLanguage":"es","@id":"https:\/\/yaomarket.cl\/?product=wild-protein-granola-mix-crujiente#primaryimage","url":"https:\/\/yaomarket.cl\/wp-content\/uploads\/2023\/05\/Diapositiva9-2.jpg","contentUrl":"https:\/\/yaomarket.cl\/wp-content\/uploads\/2023\/05\/Diapositiva9-2.jpg","width":753,"height":565},{"@type":"BreadcrumbList","@id":"https:\/\/yaomarket.cl\/?product=wild-protein-granola-mix-crujiente#breadcrumb","itemListElement":[{"@type":"ListItem","position":1,"name":"Portada","item":"https:\/\/yaomarket.cl\/"},{"@type":"ListItem","position":2,"name":"TIENDA","item":"https:\/\/yaomarket.cl\/?page_id=8"},{"@type":"ListItem","position":3,"name":"Wild Protein Granola mix crujiente"}]},{"@type":"WebSite","@id":"https:\/\/yaomarket.cl\/#website","url":"https:\/\/yaomarket.cl\/","name":"YAOMARKET","description":"","publisher":{"@id":"https:\/\/yaomarket.cl\/#organization"},"potentialAction":[{"@type":"SearchAction","target":{"@type":"EntryPoint","urlTemplate":"https:\/\/yaomarket.cl\/?s={search_term_string}"},"query-input":{"@type":"PropertyValueSpecification","valueRequired":true,"valueName":"search_term_string"}}],"inLanguage":"es"},{"@type":"Organization","@id":"https:\/\/yaomarket.cl\/#organization","name":"YAOMARKET","url":"https:\/\/yaomarket.cl\/","logo":{"@type":"ImageObject","inLanguage":"es","@id":"https:\/\/yaomarket.cl\/#\/schema\/logo\/image\/","url":"https:\/\/yaomarket.cl\/wp-content\/uploads\/2023\/08\/Logo-Original-Yao-Market-Circular.png","contentUrl":"https:\/\/yaomarket.cl\/wp-content\/uploads\/2023\/08\/Logo-Original-Yao-Market-Circular.png","width":522,"height":522,"caption":"YAOMARKET"},"image":{"@id":"https:\/\/yaomarket.cl\/#\/schema\/logo\/image\/"},"sameAs":["https:\/\/www.facebook.com\/yaomarketchile\/","https:\/\/www.instagram.com\/yao_market\/"]}]}},"_links":{"self":[{"href":"https:\/\/yaomarket.cl\/index.php?rest_route=\/wp\/v2\/product\/9787","targetHints":{"allow":["GET"]}}],"collection":[{"href":"https:\/\/yaomarket.cl\/index.php?rest_route=\/wp\/v2\/product"}],"about":[{"href":"https:\/\/yaomarket.cl\/index.php?rest_route=\/wp\/v2\/types\/product"}],"wp:featuredmedia":[{"embeddable":true,"href":"https:\/\/yaomarket.cl\/index.php?rest_route=\/wp\/v2\/media\/9779"}],"wp:attachment":[{"href":"https:\/\/yaomarket.cl\/index.php?rest_route=%2Fwp%2Fv2%2Fmedia&parent=9787"}],"wp:term":[{"taxonomy":"product_cat","embeddable":true,"href":"https:\/\/yaomarket.cl\/index.php?rest_route=%2Fwp%2Fv2%2Fproduct_cat&post=9787"},{"taxonomy":"product_tag","embeddable":true,"href":"https:\/\/yaomarket.cl\/index.php?rest_route=%2Fwp%2Fv2%2Fproduct_tag&post=9787"}],"curies":[{"name":"wp","href":"https:\/\/api.w.org\/{rel}","templated":true}]}}