{"id":9786,"date":"2023-05-11T03:22:58","date_gmt":"2023-05-11T03:22:58","guid":{"rendered":"https:\/\/yaomarket.cl\/?post_type=product&#038;p=9786"},"modified":"2025-11-04T15:58:32","modified_gmt":"2025-11-04T15:58:32","slug":"barra-wild-protein-chocolate-bitter","status":"publish","type":"product","link":"https:\/\/yaomarket.cl\/?product=barra-wild-protein-chocolate-bitter","title":{"rendered":"Barra Wild Protein Chocolate bitter 5u"},"content":{"rendered":"<div id=\"product-description-short-427\" class=\"rte-content product-description\">\n<div class=\"rte-content product-description\"><\/div>\n<div class=\"product-actions\">\n<form id=\"add-to-cart-or-refresh\" action=\"https:\/\/europasecreta.cl\/carrito\" method=\"post\">\n<div class=\"product-variants\"><\/div>\n<div class=\"product-add-to-cart pt-3\">\n<div class=\"row extra-small-gutters product-quantity \">\n<div class=\"col col-12 col-sm-auto col-add-qty\">\n<div class=\"qty \">\n<div class=\"input-group bootstrap-touchspin\"><\/div>\n<\/div>\n<\/div>\n<\/div>\n<\/div>\n<\/form>\n<\/div>\n<\/div>\n<div class=\"product-actions\">\n<form id=\"add-to-cart-or-refresh\" action=\"https:\/\/europasecreta.cl\/carrito\" method=\"post\">\n<div class=\"product-variants\"><\/div>\n<div class=\"product-add-to-cart pt-3\">\n<div class=\"row extra-small-gutters product-quantity \">\n<div class=\"col col-12 col-sm-auto col-add-qty\">\n<div class=\"qty \">\n<div class=\"input-group bootstrap-touchspin\"><\/div>\n<\/div>\n<\/div>\n<\/div>\n<\/div>\n<\/form>\n<\/div>\n","protected":false},"excerpt":{"rendered":"<h2><strong><span data-sheets-userformat=\"{&quot;2&quot;:6659,&quot;3&quot;:{&quot;1&quot;:0},&quot;4&quot;:{&quot;1&quot;:2,&quot;2&quot;:16777215},&quot;12&quot;:0,&quot;14&quot;:{&quot;1&quot;:2,&quot;2&quot;:0},&quot;15&quot;:&quot;Roboto, RobotoDraft, Helvetica, Arial, sans-serif&quot;}\" data-sheets-value=\"{&quot;1&quot;:2,&quot;2&quot;:&quot;BARRA DE PROTE\u00cdNA DE ARVEJA Y SOYA CON D\u00c1TILES Y CACAO&quot;}\">BARRA DE PROTE\u00cdNA DE ARVEJA Y SOYA CON D\u00c1TILES Y CACAO<\/span><\/strong><\/h2>\n<ul>\n<li>14 gr. de prote\u00edna por barrita<\/li>\n<li>Sin az\u00facar a\u00f1adida<\/li>\n<li>Vegana<\/li>\n<li>Crujiente, sabrosa y sin ingredientes de origen animal.<\/li>\n<li>Sabor Chocolate Bitter<\/li>\n<li>45 gr. cada barrita.<\/li>\n<\/ul>\n<p>Hecha de\u00a0crispines de prote\u00edna de soya, aislada de prote\u00edna de arvejas, man\u00ed, chocolate, endulzado con d\u00e1tiles.<\/p>\n<p>El m\u00e9todo que utilizamos para el c\u00e1lculo de kcal es el m\u00e9todo Atwater.\u00a0<strong>Pueden haber packagings en circulaci\u00f3n<\/strong>\u00a0con el m\u00e9todo de medici\u00f3n por\u00a0<strong>ficha t\u00e9cnica<\/strong>\u00a0o con el m\u00e9todo Atwater.<\/p>\n<p><strong>\u00bfQu\u00e9 es el m\u00e9todo Atwater?<\/strong>\u00a0Es un m\u00e9todo que calcula las Kcal de la siguiente forma: Asigna 4 kcal por g de prote\u00edna, 4 kcal por g de carbohidratos y 9 kcal por gr de grasa totales.<br \/>\n<strong>Wild Protein\u00a0Vegana Chocolate Bitter 16 unidades<\/strong><br \/>\nValores por cada 100 gramos:<br \/>\nProte\u00edna: 31,3 g<br \/>\nH. de C. Disp: 38,5 g<br \/>\nGrasas totales:\u00a0 12,2 g<br \/>\nEntonces es: 0,45 x [(31,3 x 4) + (38,5 x 4) + (12,2 x 9)] = 175 Kcal (aprox) por porci\u00f3n.<\/p>\n<p><strong>INGREDIENTES:\u00a0<\/strong>D\u00e1til, jarabe de maltitol, aislado de prote\u00edna se soya, chocolate 16% (pasta de cacao, maltitol, lecitina de colza, polirricinoleato de poliglicerol, saborizante natural), aislado de prote\u00edna de arveja 12%, pasta de man\u00ed, cacao, almid\u00f3n de tapioca.<\/p>\n<p><strong>Al\u00e9rgenos<\/strong>:\u00a0Contiene man\u00ed, soya. Elaborado en l\u00edneas que tambi\u00e9n procesan gluten, leche, nueces de \u00e1rbol.<\/p>\n<p><i data-stringify-type=\"italic\">* La informaci\u00f3n nutricional del empaque del producto final puede diferir levemente respecto a lo que mostramos en nuestro sitio web, ya que constantemente estamos mejorando nuestras f\u00f3rmulas. Por desfase entre los tiempos de impresi\u00f3n del envase y la producci\u00f3n de la nueva f\u00f3rmula, podr\u00edan existir estas diferencias.<\/i><\/p>\n","protected":false},"featured_media":9774,"template":"","meta":[],"product_cat":[548,383],"product_tag":[262,419,416,415],"class_list":{"0":"post-9786","1":"product","2":"type-product","3":"status-publish","4":"has-post-thumbnail","6":"product_cat-barritas","7":"product_cat-vegano","8":"product_tag-coco","9":"product_tag-fit","10":"product_tag-protein","11":"product_tag-wild","13":"first","14":"outofstock","15":"shipping-taxable","16":"purchasable","17":"product-type-simple"},"yoast_head":"<!-- This site is optimized with the Yoast SEO plugin v25.2 - https:\/\/yoast.com\/wordpress\/plugins\/seo\/ -->\n<title>Barra Wild Protein Chocolate bitter 5u - YAOMARKET<\/title>\n<meta name=\"robots\" content=\"index, follow, max-snippet:-1, max-image-preview:large, max-video-preview:-1\" \/>\n<link rel=\"canonical\" href=\"https:\/\/yaomarket.cl\/?product=barra-wild-protein-chocolate-bitter\" \/>\n<meta property=\"og:locale\" content=\"es_ES\" \/>\n<meta property=\"og:type\" content=\"article\" \/>\n<meta property=\"og:title\" content=\"Barra Wild Protein Chocolate bitter 5u - YAOMARKET\" \/>\n<meta property=\"og:description\" content=\"BARRA DE PROTE\u00cdNA DE ARVEJA Y SOYA CON D\u00c1TILES Y CACAO   14 gr. de prote\u00edna por barrita  Sin az\u00facar a\u00f1adida  Vegana  Crujiente, sabrosa y sin ingredientes de origen animal.  Sabor Chocolate Bitter  45 gr. cada barrita.  Hecha de\u00a0crispines de prote\u00edna de soya, aislada de prote\u00edna de arvejas, man\u00ed, chocolate, endulzado con d\u00e1tiles.  El m\u00e9todo que utilizamos para el c\u00e1lculo de kcal es el m\u00e9todo Atwater.\u00a0Pueden haber packagings en circulaci\u00f3n\u00a0con el m\u00e9todo de medici\u00f3n por\u00a0ficha t\u00e9cnica\u00a0o con el m\u00e9todo Atwater.  \u00bfQu\u00e9 es el m\u00e9todo Atwater?\u00a0Es un m\u00e9todo que calcula las Kcal de la siguiente forma: Asigna 4 kcal por g de prote\u00edna, 4 kcal por g de carbohidratos y 9 kcal por gr de grasa totales. Wild Protein\u00a0Vegana Chocolate Bitter 16 unidades Valores por cada 100 gramos: Prote\u00edna: 31,3 g H. de C. Disp: 38,5 g Grasas totales:\u00a0 12,2 g Entonces es: 0,45 x [(31,3 x 4) + (38,5 x 4) + (12,2 x 9)] = 175 Kcal (aprox) por porci\u00f3n.  INGREDIENTES:\u00a0D\u00e1til, jarabe de maltitol, aislado de prote\u00edna se soya, chocolate 16% (pasta de cacao, maltitol, lecitina de colza, polirricinoleato de poliglicerol, saborizante natural), aislado de prote\u00edna de arveja 12%, pasta de man\u00ed, cacao, almid\u00f3n de tapioca.  Al\u00e9rgenos:\u00a0Contiene man\u00ed, soya. Elaborado en l\u00edneas que tambi\u00e9n procesan gluten, leche, nueces de \u00e1rbol.  * La informaci\u00f3n nutricional del empaque del producto final puede diferir levemente respecto a lo que mostramos en nuestro sitio web, ya que constantemente estamos mejorando nuestras f\u00f3rmulas. Por desfase entre los tiempos de impresi\u00f3n del envase y la producci\u00f3n de la nueva f\u00f3rmula, podr\u00edan existir estas diferencias.\" \/>\n<meta property=\"og:url\" content=\"https:\/\/yaomarket.cl\/?product=barra-wild-protein-chocolate-bitter\" \/>\n<meta property=\"og:site_name\" content=\"YAOMARKET\" \/>\n<meta property=\"article:publisher\" content=\"https:\/\/www.facebook.com\/yaomarketchile\/\" \/>\n<meta property=\"article:modified_time\" content=\"2025-11-04T15:58:32+00:00\" \/>\n<meta property=\"og:image\" content=\"https:\/\/yaomarket.cl\/wp-content\/uploads\/2023\/05\/Diapositiva4-3.jpg\" \/>\n\t<meta property=\"og:image:width\" content=\"753\" \/>\n\t<meta property=\"og:image:height\" content=\"565\" \/>\n\t<meta property=\"og:image:type\" content=\"image\/jpeg\" \/>\n<meta name=\"twitter:card\" content=\"summary_large_image\" \/>\n<script type=\"application\/ld+json\" class=\"yoast-schema-graph\">{\"@context\":\"https:\/\/schema.org\",\"@graph\":[{\"@type\":\"WebPage\",\"@id\":\"https:\/\/yaomarket.cl\/?product=barra-wild-protein-chocolate-bitter\",\"url\":\"https:\/\/yaomarket.cl\/?product=barra-wild-protein-chocolate-bitter\",\"name\":\"Barra Wild Protein Chocolate bitter 5u - YAOMARKET\",\"isPartOf\":{\"@id\":\"https:\/\/yaomarket.cl\/#website\"},\"primaryImageOfPage\":{\"@id\":\"https:\/\/yaomarket.cl\/?product=barra-wild-protein-chocolate-bitter#primaryimage\"},\"image\":{\"@id\":\"https:\/\/yaomarket.cl\/?product=barra-wild-protein-chocolate-bitter#primaryimage\"},\"thumbnailUrl\":\"https:\/\/yaomarket.cl\/wp-content\/uploads\/2023\/05\/Diapositiva4-3.jpg\",\"datePublished\":\"2023-05-11T03:22:58+00:00\",\"dateModified\":\"2025-11-04T15:58:32+00:00\",\"breadcrumb\":{\"@id\":\"https:\/\/yaomarket.cl\/?product=barra-wild-protein-chocolate-bitter#breadcrumb\"},\"inLanguage\":\"es\",\"potentialAction\":[{\"@type\":\"ReadAction\",\"target\":[\"https:\/\/yaomarket.cl\/?product=barra-wild-protein-chocolate-bitter\"]}]},{\"@type\":\"ImageObject\",\"inLanguage\":\"es\",\"@id\":\"https:\/\/yaomarket.cl\/?product=barra-wild-protein-chocolate-bitter#primaryimage\",\"url\":\"https:\/\/yaomarket.cl\/wp-content\/uploads\/2023\/05\/Diapositiva4-3.jpg\",\"contentUrl\":\"https:\/\/yaomarket.cl\/wp-content\/uploads\/2023\/05\/Diapositiva4-3.jpg\",\"width\":753,\"height\":565},{\"@type\":\"BreadcrumbList\",\"@id\":\"https:\/\/yaomarket.cl\/?product=barra-wild-protein-chocolate-bitter#breadcrumb\",\"itemListElement\":[{\"@type\":\"ListItem\",\"position\":1,\"name\":\"Portada\",\"item\":\"https:\/\/yaomarket.cl\/\"},{\"@type\":\"ListItem\",\"position\":2,\"name\":\"TIENDA\",\"item\":\"https:\/\/yaomarket.cl\/?page_id=8\"},{\"@type\":\"ListItem\",\"position\":3,\"name\":\"Barra Wild Protein Chocolate bitter 5u\"}]},{\"@type\":\"WebSite\",\"@id\":\"https:\/\/yaomarket.cl\/#website\",\"url\":\"https:\/\/yaomarket.cl\/\",\"name\":\"YAOMARKET\",\"description\":\"\",\"publisher\":{\"@id\":\"https:\/\/yaomarket.cl\/#organization\"},\"potentialAction\":[{\"@type\":\"SearchAction\",\"target\":{\"@type\":\"EntryPoint\",\"urlTemplate\":\"https:\/\/yaomarket.cl\/?s={search_term_string}\"},\"query-input\":{\"@type\":\"PropertyValueSpecification\",\"valueRequired\":true,\"valueName\":\"search_term_string\"}}],\"inLanguage\":\"es\"},{\"@type\":\"Organization\",\"@id\":\"https:\/\/yaomarket.cl\/#organization\",\"name\":\"YAOMARKET\",\"url\":\"https:\/\/yaomarket.cl\/\",\"logo\":{\"@type\":\"ImageObject\",\"inLanguage\":\"es\",\"@id\":\"https:\/\/yaomarket.cl\/#\/schema\/logo\/image\/\",\"url\":\"https:\/\/yaomarket.cl\/wp-content\/uploads\/2023\/08\/Logo-Original-Yao-Market-Circular.png\",\"contentUrl\":\"https:\/\/yaomarket.cl\/wp-content\/uploads\/2023\/08\/Logo-Original-Yao-Market-Circular.png\",\"width\":522,\"height\":522,\"caption\":\"YAOMARKET\"},\"image\":{\"@id\":\"https:\/\/yaomarket.cl\/#\/schema\/logo\/image\/\"},\"sameAs\":[\"https:\/\/www.facebook.com\/yaomarketchile\/\",\"https:\/\/www.instagram.com\/yao_market\/\"]}]}<\/script>\n<!-- \/ Yoast SEO plugin. -->","yoast_head_json":{"title":"Barra Wild Protein Chocolate bitter 5u - YAOMARKET","robots":{"index":"index","follow":"follow","max-snippet":"max-snippet:-1","max-image-preview":"max-image-preview:large","max-video-preview":"max-video-preview:-1"},"canonical":"https:\/\/yaomarket.cl\/?product=barra-wild-protein-chocolate-bitter","og_locale":"es_ES","og_type":"article","og_title":"Barra Wild Protein Chocolate bitter 5u - YAOMARKET","og_description":"BARRA DE PROTE\u00cdNA DE ARVEJA Y SOYA CON D\u00c1TILES Y CACAO   14 gr. de prote\u00edna por barrita  Sin az\u00facar a\u00f1adida  Vegana  Crujiente, sabrosa y sin ingredientes de origen animal.  Sabor Chocolate Bitter  45 gr. cada barrita.  Hecha de\u00a0crispines de prote\u00edna de soya, aislada de prote\u00edna de arvejas, man\u00ed, chocolate, endulzado con d\u00e1tiles.  El m\u00e9todo que utilizamos para el c\u00e1lculo de kcal es el m\u00e9todo Atwater.\u00a0Pueden haber packagings en circulaci\u00f3n\u00a0con el m\u00e9todo de medici\u00f3n por\u00a0ficha t\u00e9cnica\u00a0o con el m\u00e9todo Atwater.  \u00bfQu\u00e9 es el m\u00e9todo Atwater?\u00a0Es un m\u00e9todo que calcula las Kcal de la siguiente forma: Asigna 4 kcal por g de prote\u00edna, 4 kcal por g de carbohidratos y 9 kcal por gr de grasa totales. Wild Protein\u00a0Vegana Chocolate Bitter 16 unidades Valores por cada 100 gramos: Prote\u00edna: 31,3 g H. de C. Disp: 38,5 g Grasas totales:\u00a0 12,2 g Entonces es: 0,45 x [(31,3 x 4) + (38,5 x 4) + (12,2 x 9)] = 175 Kcal (aprox) por porci\u00f3n.  INGREDIENTES:\u00a0D\u00e1til, jarabe de maltitol, aislado de prote\u00edna se soya, chocolate 16% (pasta de cacao, maltitol, lecitina de colza, polirricinoleato de poliglicerol, saborizante natural), aislado de prote\u00edna de arveja 12%, pasta de man\u00ed, cacao, almid\u00f3n de tapioca.  Al\u00e9rgenos:\u00a0Contiene man\u00ed, soya. Elaborado en l\u00edneas que tambi\u00e9n procesan gluten, leche, nueces de \u00e1rbol.  * La informaci\u00f3n nutricional del empaque del producto final puede diferir levemente respecto a lo que mostramos en nuestro sitio web, ya que constantemente estamos mejorando nuestras f\u00f3rmulas. Por desfase entre los tiempos de impresi\u00f3n del envase y la producci\u00f3n de la nueva f\u00f3rmula, podr\u00edan existir estas diferencias.","og_url":"https:\/\/yaomarket.cl\/?product=barra-wild-protein-chocolate-bitter","og_site_name":"YAOMARKET","article_publisher":"https:\/\/www.facebook.com\/yaomarketchile\/","article_modified_time":"2025-11-04T15:58:32+00:00","og_image":[{"width":753,"height":565,"url":"https:\/\/yaomarket.cl\/wp-content\/uploads\/2023\/05\/Diapositiva4-3.jpg","type":"image\/jpeg"}],"twitter_card":"summary_large_image","schema":{"@context":"https:\/\/schema.org","@graph":[{"@type":"WebPage","@id":"https:\/\/yaomarket.cl\/?product=barra-wild-protein-chocolate-bitter","url":"https:\/\/yaomarket.cl\/?product=barra-wild-protein-chocolate-bitter","name":"Barra Wild Protein Chocolate bitter 5u - YAOMARKET","isPartOf":{"@id":"https:\/\/yaomarket.cl\/#website"},"primaryImageOfPage":{"@id":"https:\/\/yaomarket.cl\/?product=barra-wild-protein-chocolate-bitter#primaryimage"},"image":{"@id":"https:\/\/yaomarket.cl\/?product=barra-wild-protein-chocolate-bitter#primaryimage"},"thumbnailUrl":"https:\/\/yaomarket.cl\/wp-content\/uploads\/2023\/05\/Diapositiva4-3.jpg","datePublished":"2023-05-11T03:22:58+00:00","dateModified":"2025-11-04T15:58:32+00:00","breadcrumb":{"@id":"https:\/\/yaomarket.cl\/?product=barra-wild-protein-chocolate-bitter#breadcrumb"},"inLanguage":"es","potentialAction":[{"@type":"ReadAction","target":["https:\/\/yaomarket.cl\/?product=barra-wild-protein-chocolate-bitter"]}]},{"@type":"ImageObject","inLanguage":"es","@id":"https:\/\/yaomarket.cl\/?product=barra-wild-protein-chocolate-bitter#primaryimage","url":"https:\/\/yaomarket.cl\/wp-content\/uploads\/2023\/05\/Diapositiva4-3.jpg","contentUrl":"https:\/\/yaomarket.cl\/wp-content\/uploads\/2023\/05\/Diapositiva4-3.jpg","width":753,"height":565},{"@type":"BreadcrumbList","@id":"https:\/\/yaomarket.cl\/?product=barra-wild-protein-chocolate-bitter#breadcrumb","itemListElement":[{"@type":"ListItem","position":1,"name":"Portada","item":"https:\/\/yaomarket.cl\/"},{"@type":"ListItem","position":2,"name":"TIENDA","item":"https:\/\/yaomarket.cl\/?page_id=8"},{"@type":"ListItem","position":3,"name":"Barra Wild Protein Chocolate bitter 5u"}]},{"@type":"WebSite","@id":"https:\/\/yaomarket.cl\/#website","url":"https:\/\/yaomarket.cl\/","name":"YAOMARKET","description":"","publisher":{"@id":"https:\/\/yaomarket.cl\/#organization"},"potentialAction":[{"@type":"SearchAction","target":{"@type":"EntryPoint","urlTemplate":"https:\/\/yaomarket.cl\/?s={search_term_string}"},"query-input":{"@type":"PropertyValueSpecification","valueRequired":true,"valueName":"search_term_string"}}],"inLanguage":"es"},{"@type":"Organization","@id":"https:\/\/yaomarket.cl\/#organization","name":"YAOMARKET","url":"https:\/\/yaomarket.cl\/","logo":{"@type":"ImageObject","inLanguage":"es","@id":"https:\/\/yaomarket.cl\/#\/schema\/logo\/image\/","url":"https:\/\/yaomarket.cl\/wp-content\/uploads\/2023\/08\/Logo-Original-Yao-Market-Circular.png","contentUrl":"https:\/\/yaomarket.cl\/wp-content\/uploads\/2023\/08\/Logo-Original-Yao-Market-Circular.png","width":522,"height":522,"caption":"YAOMARKET"},"image":{"@id":"https:\/\/yaomarket.cl\/#\/schema\/logo\/image\/"},"sameAs":["https:\/\/www.facebook.com\/yaomarketchile\/","https:\/\/www.instagram.com\/yao_market\/"]}]}},"_links":{"self":[{"href":"https:\/\/yaomarket.cl\/index.php?rest_route=\/wp\/v2\/product\/9786","targetHints":{"allow":["GET"]}}],"collection":[{"href":"https:\/\/yaomarket.cl\/index.php?rest_route=\/wp\/v2\/product"}],"about":[{"href":"https:\/\/yaomarket.cl\/index.php?rest_route=\/wp\/v2\/types\/product"}],"wp:featuredmedia":[{"embeddable":true,"href":"https:\/\/yaomarket.cl\/index.php?rest_route=\/wp\/v2\/media\/9774"}],"wp:attachment":[{"href":"https:\/\/yaomarket.cl\/index.php?rest_route=%2Fwp%2Fv2%2Fmedia&parent=9786"}],"wp:term":[{"taxonomy":"product_cat","embeddable":true,"href":"https:\/\/yaomarket.cl\/index.php?rest_route=%2Fwp%2Fv2%2Fproduct_cat&post=9786"},{"taxonomy":"product_tag","embeddable":true,"href":"https:\/\/yaomarket.cl\/index.php?rest_route=%2Fwp%2Fv2%2Fproduct_tag&post=9786"}],"curies":[{"name":"wp","href":"https:\/\/api.w.org\/{rel}","templated":true}]}}