{"id":9784,"date":"2023-05-11T03:19:09","date_gmt":"2023-05-11T03:19:09","guid":{"rendered":"https:\/\/yaomarket.cl\/?post_type=product&#038;p=9784"},"modified":"2023-09-16T02:34:56","modified_gmt":"2023-09-16T02:34:56","slug":"barra-wild-protein-cafe-mokka-5u","status":"publish","type":"product","link":"https:\/\/yaomarket.cl\/?product=barra-wild-protein-cafe-mokka-5u","title":{"rendered":"Barra Wild Protein Caf\u00e9 mokka 5u"},"content":{"rendered":"<div id=\"product-description-short-427\" class=\"rte-content product-description\">\n<div class=\"rte-content product-description\"><\/div>\n<div class=\"product-actions\">\n<form id=\"add-to-cart-or-refresh\" action=\"https:\/\/europasecreta.cl\/carrito\" method=\"post\">\n<div class=\"product-variants\"><\/div>\n<div class=\"product-add-to-cart pt-3\">\n<div class=\"row extra-small-gutters product-quantity \">\n<div class=\"col col-12 col-sm-auto col-add-qty\">\n<div class=\"qty \">\n<div class=\"input-group bootstrap-touchspin\"><\/div>\n<\/div>\n<\/div>\n<\/div>\n<\/div>\n<\/form>\n<\/div>\n<\/div>\n<div class=\"product-actions\">\n<form id=\"add-to-cart-or-refresh\" action=\"https:\/\/europasecreta.cl\/carrito\" method=\"post\">\n<div class=\"product-variants\"><\/div>\n<div class=\"product-add-to-cart pt-3\">\n<div class=\"row extra-small-gutters product-quantity \">\n<div class=\"col col-12 col-sm-auto col-add-qty\">\n<div class=\"qty \">\n<div class=\"input-group bootstrap-touchspin\"><\/div>\n<\/div>\n<\/div>\n<\/div>\n<\/div>\n<\/form>\n<\/div>\n","protected":false},"excerpt":{"rendered":"<p>Te presentamos nuestra Wild Protein vegana sabor Mokka\u00a0con 15 g de prote\u00edna por porci\u00f3n. Una mezcla perfecta entre chocolate y caf\u00e9 para pasar cualquier antojo \u00a1Atr\u00e9vete a probarla!<\/p>\n<h2><span data-sheets-value=\"{&quot;1&quot;:2,&quot;2&quot;:&quot;Conoce a la nueva integrante de la familia Wild Protein, nuestra nueva barrita sabor Berries hecha con pasta de almendras naturales y concentrados de fruta naturales y liofilizados. Como si fuera poco, contiene 15 g de prote\u00edna por porci\u00f3n, es libre de sellos y no tiene az\u00facar a\u00f1adida \u00a1Qu\u00e9 est\u00e1s esperando para probarla!&quot;}\" data-sheets-userformat=\"{&quot;2&quot;:5053,&quot;3&quot;:{&quot;1&quot;:0},&quot;5&quot;:{&quot;1&quot;:[{&quot;1&quot;:2,&quot;2&quot;:0,&quot;5&quot;:{&quot;1&quot;:2,&quot;2&quot;:0}},{&quot;1&quot;:0,&quot;2&quot;:0,&quot;3&quot;:3},{&quot;1&quot;:1,&quot;2&quot;:0,&quot;4&quot;:1}]},&quot;6&quot;:{&quot;1&quot;:[{&quot;1&quot;:2,&quot;2&quot;:0,&quot;5&quot;:{&quot;1&quot;:2,&quot;2&quot;:0}},{&quot;1&quot;:0,&quot;2&quot;:0,&quot;3&quot;:3},{&quot;1&quot;:1,&quot;2&quot;:0,&quot;4&quot;:1}]},&quot;7&quot;:{&quot;1&quot;:[{&quot;1&quot;:2,&quot;2&quot;:0,&quot;5&quot;:{&quot;1&quot;:2,&quot;2&quot;:0}},{&quot;1&quot;:0,&quot;2&quot;:0,&quot;3&quot;:3},{&quot;1&quot;:1,&quot;2&quot;:0,&quot;4&quot;:1}]},&quot;8&quot;:{&quot;1&quot;:[{&quot;1&quot;:2,&quot;2&quot;:0,&quot;5&quot;:{&quot;1&quot;:2,&quot;2&quot;:0}},{&quot;1&quot;:0,&quot;2&quot;:0,&quot;3&quot;:3},{&quot;1&quot;:1,&quot;2&quot;:0,&quot;4&quot;:1}]},&quot;10&quot;:1,&quot;11&quot;:4,&quot;12&quot;:0,&quot;15&quot;:&quot;Arial&quot;}\">BARRA DE PROTE\u00cdNA DE ARVEJA Y SOYA CON D\u00c1TILES Y CACAO SABOR CAF\u00c9<\/span><\/h2>\n<ul>\n<li>15 gr. de prote\u00edna por barrita<\/li>\n<li>Sin az\u00facar a\u00f1adida<\/li>\n<li>Vegana<\/li>\n<li>Crujiente, sabrosa y sin\u00a0ingredientes de origen animal.<\/li>\n<li>Sabor\u00a0Mokka<\/li>\n<li>45 gr. cada barrita.<\/li>\n<\/ul>\n<p>Barra de\u00a0prote\u00edna a base de crisp de soya y prote\u00edna arveja con suave sabor a caf\u00e9.<\/p>\n<p>El m\u00e9todo que utilizamos para el c\u00e1lculo de kcal es el m\u00e9todo Atwater.\u00a0<strong>Pueden haber packagings en circulaci\u00f3n<\/strong>\u00a0con el m\u00e9todo de medici\u00f3n por\u00a0<strong>ficha t\u00e9cnica<\/strong>\u00a0o con el m\u00e9todo Atwater.<\/p>\n<p><strong>\u00bfQu\u00e9 es el m\u00e9todo Atwater?<\/strong>\u00a0Es un m\u00e9todo que calcula las Kcal de la siguiente forma: Asigna 4 kcal por g de prote\u00edna, 4 kcal por g de carbohidratos y 9 kcal por gr de grasa totales.<\/p>\n<p><strong>Wild Protein Vegana Mokka 5 unidades<\/strong><br \/>\nValores por 100 gramos:<br \/>\nProte\u00ednas 34,2 g<br \/>\nH. de C. Disp 34,1 g<br \/>\nGrasas totales 10,8 g<br \/>\nEntonces es: [(34,2 x 4) + (34,1 x 4) + (10,8 x 9)]*0,45 = 166,7 kcal por porci\u00f3n (aprox)<\/p>\n<p><strong>INGREDIENTES:\u00a0<\/strong><\/p>\n<p>Aislado de prote\u00edna de soya, pasta de d\u00e1til 23%, maltitol, aislado de prote\u00edna de arvejas, chocolate 10% (pasta de cacao, maltitol, lecitina de colza, polirricinoleato de poliglicerol, saborizante natural), pasta de man\u00ed, saborizante id\u00e9ntico a natural.<\/p>\n<p><strong>Al\u00e9rgenos:<\/strong>\u00a0Contiene man\u00ed, soya. Elaborado en l\u00edneas que tambi\u00e9n procesan gluten, leche, nueces.<\/p>\n<p class=\"p-rich_text_section\"><i data-stringify-type=\"italic\">* La informaci\u00f3n nutricional del empaque del producto final puede diferir levemente respecto a lo que mostramos en nuestro sitio web, ya que constantemente estamos mejorando nuestras f\u00f3rmulas. Por desfase entre los tiempos de impresi\u00f3n del envase y la producci\u00f3n de la nueva f\u00f3rmula, podr\u00edan existir estas diferencias.<\/i><\/p>\n<p class=\"p-rich_text_section\">\n<p>&nbsp;<\/p>\n","protected":false},"featured_media":9772,"template":"","meta":[],"product_cat":[548,383],"product_tag":[262,419,416,415],"class_list":{"0":"post-9784","1":"product","2":"type-product","3":"status-publish","4":"has-post-thumbnail","6":"product_cat-barritas","7":"product_cat-vegano","8":"product_tag-coco","9":"product_tag-fit","10":"product_tag-protein","11":"product_tag-wild","13":"first","14":"instock","15":"shipping-taxable","16":"purchasable","17":"product-type-simple"},"yoast_head":"<!-- This site is optimized with the Yoast SEO plugin v25.2 - https:\/\/yoast.com\/wordpress\/plugins\/seo\/ -->\n<title>Barra Wild Protein Caf\u00e9 mokka 5u - YAOMARKET<\/title>\n<meta name=\"robots\" content=\"index, follow, max-snippet:-1, max-image-preview:large, max-video-preview:-1\" \/>\n<link rel=\"canonical\" href=\"https:\/\/yaomarket.cl\/product\/barra-wild-protein-cafe-mokka-5u\/\" \/>\n<meta property=\"og:locale\" content=\"es_ES\" \/>\n<meta property=\"og:type\" content=\"article\" \/>\n<meta property=\"og:title\" content=\"Barra Wild Protein Caf\u00e9 mokka 5u - YAOMARKET\" \/>\n<meta property=\"og:description\" content=\"Te presentamos nuestra Wild Protein vegana sabor Mokka\u00a0con 15 g de prote\u00edna por porci\u00f3n. Una mezcla perfecta entre chocolate y caf\u00e9 para pasar cualquier antojo \u00a1Atr\u00e9vete a probarla! BARRA DE PROTE\u00cdNA DE ARVEJA Y SOYA CON D\u00c1TILES Y CACAO SABOR CAF\u00c9   15 gr. de prote\u00edna por barrita  Sin az\u00facar a\u00f1adida  Vegana  Crujiente, sabrosa y sin\u00a0ingredientes de origen animal.  Sabor\u00a0Mokka  45 gr. cada barrita.  Barra de\u00a0prote\u00edna a base de crisp de soya y prote\u00edna arveja con suave sabor a caf\u00e9.  El m\u00e9todo que utilizamos para el c\u00e1lculo de kcal es el m\u00e9todo Atwater.\u00a0Pueden haber packagings en circulaci\u00f3n\u00a0con el m\u00e9todo de medici\u00f3n por\u00a0ficha t\u00e9cnica\u00a0o con el m\u00e9todo Atwater.  \u00bfQu\u00e9 es el m\u00e9todo Atwater?\u00a0Es un m\u00e9todo que calcula las Kcal de la siguiente forma: Asigna 4 kcal por g de prote\u00edna, 4 kcal por g de carbohidratos y 9 kcal por gr de grasa totales.  Wild Protein Vegana Mokka 5 unidades Valores por 100 gramos: Prote\u00ednas 34,2 g H. de C. Disp 34,1 g Grasas totales 10,8 g Entonces es: [(34,2 x 4) + (34,1 x 4) + (10,8 x 9)]*0,45 = 166,7 kcal por porci\u00f3n (aprox)  INGREDIENTES:\u00a0  Aislado de prote\u00edna de soya, pasta de d\u00e1til 23%, maltitol, aislado de prote\u00edna de arvejas, chocolate 10% (pasta de cacao, maltitol, lecitina de colza, polirricinoleato de poliglicerol, saborizante natural), pasta de man\u00ed, saborizante id\u00e9ntico a natural.  Al\u00e9rgenos:\u00a0Contiene man\u00ed, soya. Elaborado en l\u00edneas que tambi\u00e9n procesan gluten, leche, nueces. * La informaci\u00f3n nutricional del empaque del producto final puede diferir levemente respecto a lo que mostramos en nuestro sitio web, ya que constantemente estamos mejorando nuestras f\u00f3rmulas. Por desfase entre los tiempos de impresi\u00f3n del envase y la producci\u00f3n de la nueva f\u00f3rmula, podr\u00edan existir estas diferencias.  &nbsp;\" \/>\n<meta property=\"og:url\" content=\"https:\/\/yaomarket.cl\/product\/barra-wild-protein-cafe-mokka-5u\/\" \/>\n<meta property=\"og:site_name\" content=\"YAOMARKET\" \/>\n<meta property=\"article:publisher\" content=\"https:\/\/www.facebook.com\/yaomarketchile\/\" \/>\n<meta property=\"article:modified_time\" content=\"2023-09-16T02:34:56+00:00\" \/>\n<meta property=\"og:image\" content=\"https:\/\/yaomarket.cl\/wp-content\/uploads\/2023\/05\/Diapositiva2-3.jpg\" \/>\n\t<meta property=\"og:image:width\" content=\"753\" \/>\n\t<meta property=\"og:image:height\" content=\"565\" \/>\n\t<meta property=\"og:image:type\" content=\"image\/jpeg\" \/>\n<meta name=\"twitter:card\" content=\"summary_large_image\" \/>\n<script type=\"application\/ld+json\" class=\"yoast-schema-graph\">{\"@context\":\"https:\/\/schema.org\",\"@graph\":[{\"@type\":\"WebPage\",\"@id\":\"https:\/\/yaomarket.cl\/product\/barra-wild-protein-cafe-mokka-5u\/\",\"url\":\"https:\/\/yaomarket.cl\/product\/barra-wild-protein-cafe-mokka-5u\/\",\"name\":\"Barra Wild Protein Caf\u00e9 mokka 5u - YAOMARKET\",\"isPartOf\":{\"@id\":\"https:\/\/yaomarket.cl\/#website\"},\"primaryImageOfPage\":{\"@id\":\"https:\/\/yaomarket.cl\/product\/barra-wild-protein-cafe-mokka-5u\/#primaryimage\"},\"image\":{\"@id\":\"https:\/\/yaomarket.cl\/product\/barra-wild-protein-cafe-mokka-5u\/#primaryimage\"},\"thumbnailUrl\":\"https:\/\/yaomarket.cl\/wp-content\/uploads\/2023\/05\/Diapositiva2-3.jpg\",\"datePublished\":\"2023-05-11T03:19:09+00:00\",\"dateModified\":\"2023-09-16T02:34:56+00:00\",\"breadcrumb\":{\"@id\":\"https:\/\/yaomarket.cl\/product\/barra-wild-protein-cafe-mokka-5u\/#breadcrumb\"},\"inLanguage\":\"es\",\"potentialAction\":[{\"@type\":\"ReadAction\",\"target\":[\"https:\/\/yaomarket.cl\/product\/barra-wild-protein-cafe-mokka-5u\/\"]}]},{\"@type\":\"ImageObject\",\"inLanguage\":\"es\",\"@id\":\"https:\/\/yaomarket.cl\/product\/barra-wild-protein-cafe-mokka-5u\/#primaryimage\",\"url\":\"https:\/\/yaomarket.cl\/wp-content\/uploads\/2023\/05\/Diapositiva2-3.jpg\",\"contentUrl\":\"https:\/\/yaomarket.cl\/wp-content\/uploads\/2023\/05\/Diapositiva2-3.jpg\",\"width\":753,\"height\":565},{\"@type\":\"BreadcrumbList\",\"@id\":\"https:\/\/yaomarket.cl\/product\/barra-wild-protein-cafe-mokka-5u\/#breadcrumb\",\"itemListElement\":[{\"@type\":\"ListItem\",\"position\":1,\"name\":\"Portada\",\"item\":\"https:\/\/yaomarket.cl\/\"},{\"@type\":\"ListItem\",\"position\":2,\"name\":\"TIENDA\",\"item\":\"https:\/\/yaomarket.cl\/?page_id=8\"},{\"@type\":\"ListItem\",\"position\":3,\"name\":\"Barra Wild Protein Caf\u00e9 mokka 5u\"}]},{\"@type\":\"WebSite\",\"@id\":\"https:\/\/yaomarket.cl\/#website\",\"url\":\"https:\/\/yaomarket.cl\/\",\"name\":\"YAOMARKET\",\"description\":\"\",\"publisher\":{\"@id\":\"https:\/\/yaomarket.cl\/#organization\"},\"potentialAction\":[{\"@type\":\"SearchAction\",\"target\":{\"@type\":\"EntryPoint\",\"urlTemplate\":\"https:\/\/yaomarket.cl\/?s={search_term_string}\"},\"query-input\":{\"@type\":\"PropertyValueSpecification\",\"valueRequired\":true,\"valueName\":\"search_term_string\"}}],\"inLanguage\":\"es\"},{\"@type\":\"Organization\",\"@id\":\"https:\/\/yaomarket.cl\/#organization\",\"name\":\"YAOMARKET\",\"url\":\"https:\/\/yaomarket.cl\/\",\"logo\":{\"@type\":\"ImageObject\",\"inLanguage\":\"es\",\"@id\":\"https:\/\/yaomarket.cl\/#\/schema\/logo\/image\/\",\"url\":\"https:\/\/yaomarket.cl\/wp-content\/uploads\/2023\/08\/Logo-Original-Yao-Market-Circular.png\",\"contentUrl\":\"https:\/\/yaomarket.cl\/wp-content\/uploads\/2023\/08\/Logo-Original-Yao-Market-Circular.png\",\"width\":522,\"height\":522,\"caption\":\"YAOMARKET\"},\"image\":{\"@id\":\"https:\/\/yaomarket.cl\/#\/schema\/logo\/image\/\"},\"sameAs\":[\"https:\/\/www.facebook.com\/yaomarketchile\/\",\"https:\/\/www.instagram.com\/yao_market\/\"]}]}<\/script>\n<!-- \/ Yoast SEO plugin. -->","yoast_head_json":{"title":"Barra Wild Protein Caf\u00e9 mokka 5u - YAOMARKET","robots":{"index":"index","follow":"follow","max-snippet":"max-snippet:-1","max-image-preview":"max-image-preview:large","max-video-preview":"max-video-preview:-1"},"canonical":"https:\/\/yaomarket.cl\/product\/barra-wild-protein-cafe-mokka-5u\/","og_locale":"es_ES","og_type":"article","og_title":"Barra Wild Protein Caf\u00e9 mokka 5u - YAOMARKET","og_description":"Te presentamos nuestra Wild Protein vegana sabor Mokka\u00a0con 15 g de prote\u00edna por porci\u00f3n. Una mezcla perfecta entre chocolate y caf\u00e9 para pasar cualquier antojo \u00a1Atr\u00e9vete a probarla! BARRA DE PROTE\u00cdNA DE ARVEJA Y SOYA CON D\u00c1TILES Y CACAO SABOR CAF\u00c9   15 gr. de prote\u00edna por barrita  Sin az\u00facar a\u00f1adida  Vegana  Crujiente, sabrosa y sin\u00a0ingredientes de origen animal.  Sabor\u00a0Mokka  45 gr. cada barrita.  Barra de\u00a0prote\u00edna a base de crisp de soya y prote\u00edna arveja con suave sabor a caf\u00e9.  El m\u00e9todo que utilizamos para el c\u00e1lculo de kcal es el m\u00e9todo Atwater.\u00a0Pueden haber packagings en circulaci\u00f3n\u00a0con el m\u00e9todo de medici\u00f3n por\u00a0ficha t\u00e9cnica\u00a0o con el m\u00e9todo Atwater.  \u00bfQu\u00e9 es el m\u00e9todo Atwater?\u00a0Es un m\u00e9todo que calcula las Kcal de la siguiente forma: Asigna 4 kcal por g de prote\u00edna, 4 kcal por g de carbohidratos y 9 kcal por gr de grasa totales.  Wild Protein Vegana Mokka 5 unidades Valores por 100 gramos: Prote\u00ednas 34,2 g H. de C. Disp 34,1 g Grasas totales 10,8 g Entonces es: [(34,2 x 4) + (34,1 x 4) + (10,8 x 9)]*0,45 = 166,7 kcal por porci\u00f3n (aprox)  INGREDIENTES:\u00a0  Aislado de prote\u00edna de soya, pasta de d\u00e1til 23%, maltitol, aislado de prote\u00edna de arvejas, chocolate 10% (pasta de cacao, maltitol, lecitina de colza, polirricinoleato de poliglicerol, saborizante natural), pasta de man\u00ed, saborizante id\u00e9ntico a natural.  Al\u00e9rgenos:\u00a0Contiene man\u00ed, soya. Elaborado en l\u00edneas que tambi\u00e9n procesan gluten, leche, nueces. * La informaci\u00f3n nutricional del empaque del producto final puede diferir levemente respecto a lo que mostramos en nuestro sitio web, ya que constantemente estamos mejorando nuestras f\u00f3rmulas. Por desfase entre los tiempos de impresi\u00f3n del envase y la producci\u00f3n de la nueva f\u00f3rmula, podr\u00edan existir estas diferencias.  &nbsp;","og_url":"https:\/\/yaomarket.cl\/product\/barra-wild-protein-cafe-mokka-5u\/","og_site_name":"YAOMARKET","article_publisher":"https:\/\/www.facebook.com\/yaomarketchile\/","article_modified_time":"2023-09-16T02:34:56+00:00","og_image":[{"width":753,"height":565,"url":"https:\/\/yaomarket.cl\/wp-content\/uploads\/2023\/05\/Diapositiva2-3.jpg","type":"image\/jpeg"}],"twitter_card":"summary_large_image","schema":{"@context":"https:\/\/schema.org","@graph":[{"@type":"WebPage","@id":"https:\/\/yaomarket.cl\/product\/barra-wild-protein-cafe-mokka-5u\/","url":"https:\/\/yaomarket.cl\/product\/barra-wild-protein-cafe-mokka-5u\/","name":"Barra Wild Protein Caf\u00e9 mokka 5u - YAOMARKET","isPartOf":{"@id":"https:\/\/yaomarket.cl\/#website"},"primaryImageOfPage":{"@id":"https:\/\/yaomarket.cl\/product\/barra-wild-protein-cafe-mokka-5u\/#primaryimage"},"image":{"@id":"https:\/\/yaomarket.cl\/product\/barra-wild-protein-cafe-mokka-5u\/#primaryimage"},"thumbnailUrl":"https:\/\/yaomarket.cl\/wp-content\/uploads\/2023\/05\/Diapositiva2-3.jpg","datePublished":"2023-05-11T03:19:09+00:00","dateModified":"2023-09-16T02:34:56+00:00","breadcrumb":{"@id":"https:\/\/yaomarket.cl\/product\/barra-wild-protein-cafe-mokka-5u\/#breadcrumb"},"inLanguage":"es","potentialAction":[{"@type":"ReadAction","target":["https:\/\/yaomarket.cl\/product\/barra-wild-protein-cafe-mokka-5u\/"]}]},{"@type":"ImageObject","inLanguage":"es","@id":"https:\/\/yaomarket.cl\/product\/barra-wild-protein-cafe-mokka-5u\/#primaryimage","url":"https:\/\/yaomarket.cl\/wp-content\/uploads\/2023\/05\/Diapositiva2-3.jpg","contentUrl":"https:\/\/yaomarket.cl\/wp-content\/uploads\/2023\/05\/Diapositiva2-3.jpg","width":753,"height":565},{"@type":"BreadcrumbList","@id":"https:\/\/yaomarket.cl\/product\/barra-wild-protein-cafe-mokka-5u\/#breadcrumb","itemListElement":[{"@type":"ListItem","position":1,"name":"Portada","item":"https:\/\/yaomarket.cl\/"},{"@type":"ListItem","position":2,"name":"TIENDA","item":"https:\/\/yaomarket.cl\/?page_id=8"},{"@type":"ListItem","position":3,"name":"Barra Wild Protein Caf\u00e9 mokka 5u"}]},{"@type":"WebSite","@id":"https:\/\/yaomarket.cl\/#website","url":"https:\/\/yaomarket.cl\/","name":"YAOMARKET","description":"","publisher":{"@id":"https:\/\/yaomarket.cl\/#organization"},"potentialAction":[{"@type":"SearchAction","target":{"@type":"EntryPoint","urlTemplate":"https:\/\/yaomarket.cl\/?s={search_term_string}"},"query-input":{"@type":"PropertyValueSpecification","valueRequired":true,"valueName":"search_term_string"}}],"inLanguage":"es"},{"@type":"Organization","@id":"https:\/\/yaomarket.cl\/#organization","name":"YAOMARKET","url":"https:\/\/yaomarket.cl\/","logo":{"@type":"ImageObject","inLanguage":"es","@id":"https:\/\/yaomarket.cl\/#\/schema\/logo\/image\/","url":"https:\/\/yaomarket.cl\/wp-content\/uploads\/2023\/08\/Logo-Original-Yao-Market-Circular.png","contentUrl":"https:\/\/yaomarket.cl\/wp-content\/uploads\/2023\/08\/Logo-Original-Yao-Market-Circular.png","width":522,"height":522,"caption":"YAOMARKET"},"image":{"@id":"https:\/\/yaomarket.cl\/#\/schema\/logo\/image\/"},"sameAs":["https:\/\/www.facebook.com\/yaomarketchile\/","https:\/\/www.instagram.com\/yao_market\/"]}]}},"_links":{"self":[{"href":"https:\/\/yaomarket.cl\/index.php?rest_route=\/wp\/v2\/product\/9784","targetHints":{"allow":["GET"]}}],"collection":[{"href":"https:\/\/yaomarket.cl\/index.php?rest_route=\/wp\/v2\/product"}],"about":[{"href":"https:\/\/yaomarket.cl\/index.php?rest_route=\/wp\/v2\/types\/product"}],"wp:featuredmedia":[{"embeddable":true,"href":"https:\/\/yaomarket.cl\/index.php?rest_route=\/wp\/v2\/media\/9772"}],"wp:attachment":[{"href":"https:\/\/yaomarket.cl\/index.php?rest_route=%2Fwp%2Fv2%2Fmedia&parent=9784"}],"wp:term":[{"taxonomy":"product_cat","embeddable":true,"href":"https:\/\/yaomarket.cl\/index.php?rest_route=%2Fwp%2Fv2%2Fproduct_cat&post=9784"},{"taxonomy":"product_tag","embeddable":true,"href":"https:\/\/yaomarket.cl\/index.php?rest_route=%2Fwp%2Fv2%2Fproduct_tag&post=9784"}],"curies":[{"name":"wp","href":"https:\/\/api.w.org\/{rel}","templated":true}]}}