{"id":9782,"date":"2023-05-11T03:10:49","date_gmt":"2023-05-11T03:10:49","guid":{"rendered":"https:\/\/yaomarket.cl\/?post_type=product&#038;p=9782"},"modified":"2025-11-04T15:59:16","modified_gmt":"2025-11-04T15:59:16","slug":"wild-protein-mantequilla-de-mani-crunchy-340g","status":"publish","type":"product","link":"https:\/\/yaomarket.cl\/?product=wild-protein-mantequilla-de-mani-crunchy-340g","title":{"rendered":"Wild Protein mantequilla de man\u00ed crunchy (340G)"},"content":{"rendered":"<div id=\"product-description-short-427\" class=\"rte-content product-description\">\n<div class=\"rte-content product-description\"><\/div>\n<div class=\"product-actions\">\n<form id=\"add-to-cart-or-refresh\" action=\"https:\/\/europasecreta.cl\/carrito\" method=\"post\">\n<div class=\"product-variants\"><\/div>\n<div class=\"product-add-to-cart pt-3\">\n<div class=\"row extra-small-gutters product-quantity \">\n<div class=\"col col-12 col-sm-auto col-add-qty\">\n<div class=\"qty \">\n<div class=\"input-group bootstrap-touchspin\"><\/div>\n<\/div>\n<\/div>\n<\/div>\n<\/div>\n<\/form>\n<\/div>\n<\/div>\n<div class=\"product-actions\">\n<form id=\"add-to-cart-or-refresh\" action=\"https:\/\/europasecreta.cl\/carrito\" method=\"post\">\n<div class=\"product-variants\"><\/div>\n<div class=\"product-add-to-cart pt-3\">\n<div class=\"row extra-small-gutters product-quantity \">\n<div class=\"col col-12 col-sm-auto col-add-qty\">\n<div class=\"qty \">\n<div class=\"input-group bootstrap-touchspin\"><\/div>\n<\/div>\n<\/div>\n<\/div>\n<\/div>\n<\/form>\n<\/div>\n","protected":false},"excerpt":{"rendered":"<h2><span data-sheets-value=\"{&quot;1&quot;:2,&quot;2&quot;:&quot;\u00a1Antenci\u00f3n amantes del chocolate! Les traemos nuestra exquisita, cremosa e irresistible pasta de avellanas con cacao. Un nuevo integrante de familia Wild Fit que viene a endulzar todas tus preparaciones sum\u00e1ndole prote\u00edna, fibra y grasas naturales. &quot;}\" data-sheets-userformat=\"{&quot;2&quot;:9091,&quot;3&quot;:{&quot;1&quot;:0},&quot;4&quot;:{&quot;1&quot;:2,&quot;2&quot;:16776960},&quot;10&quot;:1,&quot;11&quot;:4,&quot;12&quot;:0,&quot;16&quot;:10}\">PASTA DE MAN\u00cd Y PROTE\u00cdNA DE SOYA CON TROCITOS DE MAN\u00cd<\/span><\/h2>\n<p>\u00a1<span class=\"notion-enable-hover\" data-token-index=\"1\">Qu\u00e9 mejor que obtener 10 g de prote\u00edna con una porci\u00f3n de nuestra irresistible\u00a0Wild Protein Mantequilla de Man\u00ed Crunchy ! \u00dasala para untar tus preparaciones, acompa\u00f1ar frutas o comerla a cucharadas, el \u00fanico requisito es disfrutar su sabor imbatible y su textura cremosa.<\/span><\/p>\n<p><strong>Caracter\u00edsticas<\/strong><\/p>\n<ul>\n<li><span data-sheets-value=\"{&quot;1&quot;:2,&quot;2&quot;:&quot;\u00a1Antenci\u00f3n amantes del chocolate! Les traemos nuestra exquisita, cremosa e irresistible pasta de avellanas con cacao. Un nuevo integrante de familia Wild Fit que viene a endulzar todas tus preparaciones sum\u00e1ndole prote\u00edna, fibra y grasas naturales. &quot;}\" data-sheets-userformat=\"{&quot;2&quot;:9091,&quot;3&quot;:{&quot;1&quot;:0},&quot;4&quot;:{&quot;1&quot;:2,&quot;2&quot;:16776960},&quot;10&quot;:1,&quot;11&quot;:4,&quot;12&quot;:0,&quot;16&quot;:10}\">9 porciones aprox. por envase.<\/span><\/li>\n<li><span class=\"notion-enable-hover\" data-token-index=\"0\">Excelente Fuente de Prote\u00ednas<\/span><\/li>\n<li><span data-sheets-value=\"{&quot;1&quot;:2,&quot;2&quot;:&quot;\u00a1Antenci\u00f3n amantes del chocolate! Les traemos nuestra exquisita, cremosa e irresistible pasta de avellanas con cacao. Un nuevo integrante de familia Wild Fit que viene a endulzar todas tus preparaciones sum\u00e1ndole prote\u00edna, fibra y grasas naturales. &quot;}\" data-sheets-userformat=\"{&quot;2&quot;:9091,&quot;3&quot;:{&quot;1&quot;:0},&quot;4&quot;:{&quot;1&quot;:2,&quot;2&quot;:16776960},&quot;10&quot;:1,&quot;11&quot;:4,&quot;12&quot;:0,&quot;16&quot;:10}\">10 g de prote\u00edna por porci\u00f3n.<\/span><\/li>\n<li>Naturalmente Libre de sellos.<\/li>\n<li>Vegetariana.<\/li>\n<li>Sin az\u00facar a\u00f1adida<\/li>\n<\/ul>\n<p><span class=\"notion-enable-hover\" data-token-index=\"0\">Este producto considera el c\u00e1lculo de kcal por m\u00e9todo Atwater. Este m\u00e9todo asigna 4kcal a las prote\u00ednas , 4 kcal a los hidratos de carbono disponibles y 9 kcal a las grasas totales. En este caso, con el m\u00e9todo Atwater el c\u00e1lculo da 602 Kcal por 100\u00a0g. Como la porci\u00f3n es de 40 g, el valor por porci\u00f3n es de 241 kcal.<\/span><\/p>\n<p><span data-sheets-value=\"{&quot;1&quot;:2,&quot;2&quot;:&quot;\u00a1Antenci\u00f3n amantes del chocolate! Les traemos nuestra exquisita, cremosa e irresistible pasta de avellanas con cacao. Un nuevo integrante de familia Wild Fit que viene a endulzar todas tus preparaciones sum\u00e1ndole prote\u00edna, fibra y grasas naturales. &quot;}\" data-sheets-userformat=\"{&quot;2&quot;:9091,&quot;3&quot;:{&quot;1&quot;:0},&quot;4&quot;:{&quot;1&quot;:2,&quot;2&quot;:16776960},&quot;10&quot;:1,&quot;11&quot;:4,&quot;12&quot;:0,&quot;16&quot;:10}\"><strong>Ingredientes<\/strong><\/span><\/p>\n<p><span data-sheets-textstyleruns=\"{&quot;1&quot;:0}\uee10{&quot;1&quot;:101,&quot;2&quot;:{&quot;5&quot;:1}}\uee10{&quot;1&quot;:110}\" data-sheets-userformat=\"{&quot;2&quot;:15293,&quot;3&quot;:{&quot;1&quot;:0},&quot;5&quot;:{&quot;1&quot;:[{&quot;1&quot;:2,&quot;2&quot;:0,&quot;5&quot;:{&quot;1&quot;:2,&quot;2&quot;:0}},{&quot;1&quot;:0,&quot;2&quot;:0,&quot;3&quot;:2},{&quot;1&quot;:1,&quot;2&quot;:0,&quot;4&quot;:1}]},&quot;6&quot;:{&quot;1&quot;:[{&quot;1&quot;:2,&quot;2&quot;:0,&quot;5&quot;:{&quot;1&quot;:2,&quot;2&quot;:0}},{&quot;1&quot;:0,&quot;2&quot;:0,&quot;3&quot;:2},{&quot;1&quot;:1,&quot;2&quot;:0,&quot;4&quot;:1}]},&quot;7&quot;:{&quot;1&quot;:[{&quot;1&quot;:2,&quot;2&quot;:0,&quot;5&quot;:{&quot;1&quot;:2,&quot;2&quot;:0}},{&quot;1&quot;:0,&quot;2&quot;:0,&quot;3&quot;:2},{&quot;1&quot;:1,&quot;2&quot;:0,&quot;4&quot;:1}]},&quot;8&quot;:{&quot;1&quot;:[{&quot;1&quot;:2,&quot;2&quot;:0,&quot;5&quot;:{&quot;1&quot;:2,&quot;2&quot;:0}},{&quot;1&quot;:0,&quot;2&quot;:0,&quot;3&quot;:2},{&quot;1&quot;:1,&quot;2&quot;:0,&quot;4&quot;:1}]},&quot;10&quot;:1,&quot;11&quot;:0,&quot;12&quot;:0,&quot;14&quot;:{&quot;1&quot;:3,&quot;3&quot;:1},&quot;15&quot;:&quot;Arial&quot;,&quot;16&quot;:10}\" data-sheets-value=\"{&quot;1&quot;:2,&quot;2&quot;:&quot;Pasta de man\u00ed, prote\u00edna de soya, man\u00ed en trozos (5%), sal, saborizante artificial, leche descremada, SUCRALOSA (0,67 mg\/100 g - 0,24 mg\/porci\u00f3n - IDA 0-15 mg\/kg de peso corporal).&quot;}\">Pasta de man\u00ed, prote\u00edna de soya, man\u00ed en trozos (5%), sal, saborizante artificial, leche descremada,\u00a0<strong>SUCRALOSA<\/strong>\u00a0(0,67 mg\/100 g &#8211; 0,24 mg\/porci\u00f3n &#8211; IDA 0-15 mg\/kg de peso corporal).<\/span><\/p>\n<p><span class=\"notion-enable-hover\" data-token-index=\"0\">Al\u00e9rgenos: Contiene man\u00ed, soya, leche. Elaborado en l\u00edneas que tambi\u00e9n procesan gluten, huevo, nueces, crust\u00e1ceos, sulfitos.<\/span><\/p>\n<h2><span class=\"p-message_pane_message__message_label c-message_kit__labels c-message_kit__labels--light\"><span class=\"c-message_kit__gutter\"><span class=\"c-message_kit__gutter__right\" role=\"presentation\" data-qa=\"message_content\"><span class=\"c-message_kit__blocks c-message_kit__blocks--rich_text\"><span class=\"c-message__message_blocks c-message__message_blocks--rich_text\" data-qa=\"message-text\"><span class=\"p-block_kit_renderer\" data-qa=\"block-kit-renderer\"><span class=\"p-block_kit_renderer__block_wrapper p-block_kit_renderer__block_wrapper--first\"><span class=\"p-rich_text_block\" dir=\"auto\"><span class=\"p-rich_text_section\"><i data-stringify-type=\"italic\">* La informaci\u00f3n nutricional del empaque del producto final puede diferir levemente respecto a lo que mostramos en nuestro sitio web, ya que constantemente estamos mejorando nuestras f\u00f3rmulas. Por desfase entre los tiempos de impresi\u00f3n del envase y la producci\u00f3n de la nueva f\u00f3rmula, podr\u00edan existir estas diferencias.<\/i><\/span><\/span><\/span><\/span><\/span><\/span><\/span><\/span><\/span><\/h2>\n","protected":false},"featured_media":9777,"template":"","meta":[],"product_cat":[551],"product_tag":[262,419,416,415],"class_list":{"0":"post-9782","1":"product","2":"type-product","3":"status-publish","4":"has-post-thumbnail","6":"product_cat-untables","7":"product_tag-coco","8":"product_tag-fit","9":"product_tag-protein","10":"product_tag-wild","12":"first","13":"outofstock","14":"shipping-taxable","15":"purchasable","16":"product-type-simple"},"yoast_head":"<!-- This site is optimized with the Yoast SEO plugin v25.2 - https:\/\/yoast.com\/wordpress\/plugins\/seo\/ -->\n<title>Wild Protein mantequilla de man\u00ed crunchy (340G) - YAOMARKET<\/title>\n<meta name=\"robots\" content=\"index, follow, max-snippet:-1, max-image-preview:large, max-video-preview:-1\" \/>\n<link rel=\"canonical\" href=\"https:\/\/yaomarket.cl\/?product=wild-protein-mantequilla-de-mani-crunchy-340g\" \/>\n<meta property=\"og:locale\" content=\"es_ES\" \/>\n<meta property=\"og:type\" content=\"article\" \/>\n<meta property=\"og:title\" content=\"Wild Protein mantequilla de man\u00ed crunchy (340G) - YAOMARKET\" \/>\n<meta property=\"og:description\" content=\"PASTA DE MAN\u00cd Y PROTE\u00cdNA DE SOYA CON TROCITOS DE MAN\u00cd \u00a1Qu\u00e9 mejor que obtener 10 g de prote\u00edna con una porci\u00f3n de nuestra irresistible\u00a0Wild Protein Mantequilla de Man\u00ed Crunchy ! \u00dasala para untar tus preparaciones, acompa\u00f1ar frutas o comerla a cucharadas, el \u00fanico requisito es disfrutar su sabor imbatible y su textura cremosa.  Caracter\u00edsticas   9 porciones aprox. por envase.  Excelente Fuente de Prote\u00ednas  10 g de prote\u00edna por porci\u00f3n.  Naturalmente Libre de sellos.  Vegetariana.  Sin az\u00facar a\u00f1adida  Este producto considera el c\u00e1lculo de kcal por m\u00e9todo Atwater. Este m\u00e9todo asigna 4kcal a las prote\u00ednas , 4 kcal a los hidratos de carbono disponibles y 9 kcal a las grasas totales. En este caso, con el m\u00e9todo Atwater el c\u00e1lculo da 602 Kcal por 100\u00a0g. Como la porci\u00f3n es de 40 g, el valor por porci\u00f3n es de 241 kcal.  Ingredientes  Pasta de man\u00ed, prote\u00edna de soya, man\u00ed en trozos (5%), sal, saborizante artificial, leche descremada,\u00a0SUCRALOSA\u00a0(0,67 mg\/100 g - 0,24 mg\/porci\u00f3n - IDA 0-15 mg\/kg de peso corporal).  Al\u00e9rgenos: Contiene man\u00ed, soya, leche. Elaborado en l\u00edneas que tambi\u00e9n procesan gluten, huevo, nueces, crust\u00e1ceos, sulfitos. * La informaci\u00f3n nutricional del empaque del producto final puede diferir levemente respecto a lo que mostramos en nuestro sitio web, ya que constantemente estamos mejorando nuestras f\u00f3rmulas. Por desfase entre los tiempos de impresi\u00f3n del envase y la producci\u00f3n de la nueva f\u00f3rmula, podr\u00edan existir estas diferencias.\" \/>\n<meta property=\"og:url\" content=\"https:\/\/yaomarket.cl\/?product=wild-protein-mantequilla-de-mani-crunchy-340g\" \/>\n<meta property=\"og:site_name\" content=\"YAOMARKET\" \/>\n<meta property=\"article:publisher\" content=\"https:\/\/www.facebook.com\/yaomarketchile\/\" \/>\n<meta property=\"article:modified_time\" content=\"2025-11-04T15:59:16+00:00\" \/>\n<meta property=\"og:image\" content=\"https:\/\/yaomarket.cl\/wp-content\/uploads\/2023\/05\/Diapositiva7-2.jpg\" \/>\n\t<meta property=\"og:image:width\" content=\"753\" \/>\n\t<meta property=\"og:image:height\" content=\"565\" \/>\n\t<meta property=\"og:image:type\" content=\"image\/jpeg\" \/>\n<meta name=\"twitter:card\" content=\"summary_large_image\" \/>\n<script type=\"application\/ld+json\" class=\"yoast-schema-graph\">{\"@context\":\"https:\/\/schema.org\",\"@graph\":[{\"@type\":\"WebPage\",\"@id\":\"https:\/\/yaomarket.cl\/?product=wild-protein-mantequilla-de-mani-crunchy-340g\",\"url\":\"https:\/\/yaomarket.cl\/?product=wild-protein-mantequilla-de-mani-crunchy-340g\",\"name\":\"Wild Protein mantequilla de man\u00ed crunchy (340G) - YAOMARKET\",\"isPartOf\":{\"@id\":\"https:\/\/yaomarket.cl\/#website\"},\"primaryImageOfPage\":{\"@id\":\"https:\/\/yaomarket.cl\/?product=wild-protein-mantequilla-de-mani-crunchy-340g#primaryimage\"},\"image\":{\"@id\":\"https:\/\/yaomarket.cl\/?product=wild-protein-mantequilla-de-mani-crunchy-340g#primaryimage\"},\"thumbnailUrl\":\"https:\/\/yaomarket.cl\/wp-content\/uploads\/2023\/05\/Diapositiva7-2.jpg\",\"datePublished\":\"2023-05-11T03:10:49+00:00\",\"dateModified\":\"2025-11-04T15:59:16+00:00\",\"breadcrumb\":{\"@id\":\"https:\/\/yaomarket.cl\/?product=wild-protein-mantequilla-de-mani-crunchy-340g#breadcrumb\"},\"inLanguage\":\"es\",\"potentialAction\":[{\"@type\":\"ReadAction\",\"target\":[\"https:\/\/yaomarket.cl\/?product=wild-protein-mantequilla-de-mani-crunchy-340g\"]}]},{\"@type\":\"ImageObject\",\"inLanguage\":\"es\",\"@id\":\"https:\/\/yaomarket.cl\/?product=wild-protein-mantequilla-de-mani-crunchy-340g#primaryimage\",\"url\":\"https:\/\/yaomarket.cl\/wp-content\/uploads\/2023\/05\/Diapositiva7-2.jpg\",\"contentUrl\":\"https:\/\/yaomarket.cl\/wp-content\/uploads\/2023\/05\/Diapositiva7-2.jpg\",\"width\":753,\"height\":565},{\"@type\":\"BreadcrumbList\",\"@id\":\"https:\/\/yaomarket.cl\/?product=wild-protein-mantequilla-de-mani-crunchy-340g#breadcrumb\",\"itemListElement\":[{\"@type\":\"ListItem\",\"position\":1,\"name\":\"Portada\",\"item\":\"https:\/\/yaomarket.cl\/\"},{\"@type\":\"ListItem\",\"position\":2,\"name\":\"TIENDA\",\"item\":\"https:\/\/yaomarket.cl\/?page_id=8\"},{\"@type\":\"ListItem\",\"position\":3,\"name\":\"Wild Protein mantequilla de man\u00ed crunchy (340G)\"}]},{\"@type\":\"WebSite\",\"@id\":\"https:\/\/yaomarket.cl\/#website\",\"url\":\"https:\/\/yaomarket.cl\/\",\"name\":\"YAOMARKET\",\"description\":\"\",\"publisher\":{\"@id\":\"https:\/\/yaomarket.cl\/#organization\"},\"potentialAction\":[{\"@type\":\"SearchAction\",\"target\":{\"@type\":\"EntryPoint\",\"urlTemplate\":\"https:\/\/yaomarket.cl\/?s={search_term_string}\"},\"query-input\":{\"@type\":\"PropertyValueSpecification\",\"valueRequired\":true,\"valueName\":\"search_term_string\"}}],\"inLanguage\":\"es\"},{\"@type\":\"Organization\",\"@id\":\"https:\/\/yaomarket.cl\/#organization\",\"name\":\"YAOMARKET\",\"url\":\"https:\/\/yaomarket.cl\/\",\"logo\":{\"@type\":\"ImageObject\",\"inLanguage\":\"es\",\"@id\":\"https:\/\/yaomarket.cl\/#\/schema\/logo\/image\/\",\"url\":\"https:\/\/yaomarket.cl\/wp-content\/uploads\/2023\/08\/Logo-Original-Yao-Market-Circular.png\",\"contentUrl\":\"https:\/\/yaomarket.cl\/wp-content\/uploads\/2023\/08\/Logo-Original-Yao-Market-Circular.png\",\"width\":522,\"height\":522,\"caption\":\"YAOMARKET\"},\"image\":{\"@id\":\"https:\/\/yaomarket.cl\/#\/schema\/logo\/image\/\"},\"sameAs\":[\"https:\/\/www.facebook.com\/yaomarketchile\/\",\"https:\/\/www.instagram.com\/yao_market\/\"]}]}<\/script>\n<!-- \/ Yoast SEO plugin. -->","yoast_head_json":{"title":"Wild Protein mantequilla de man\u00ed crunchy (340G) - YAOMARKET","robots":{"index":"index","follow":"follow","max-snippet":"max-snippet:-1","max-image-preview":"max-image-preview:large","max-video-preview":"max-video-preview:-1"},"canonical":"https:\/\/yaomarket.cl\/?product=wild-protein-mantequilla-de-mani-crunchy-340g","og_locale":"es_ES","og_type":"article","og_title":"Wild Protein mantequilla de man\u00ed crunchy (340G) - YAOMARKET","og_description":"PASTA DE MAN\u00cd Y PROTE\u00cdNA DE SOYA CON TROCITOS DE MAN\u00cd \u00a1Qu\u00e9 mejor que obtener 10 g de prote\u00edna con una porci\u00f3n de nuestra irresistible\u00a0Wild Protein Mantequilla de Man\u00ed Crunchy ! \u00dasala para untar tus preparaciones, acompa\u00f1ar frutas o comerla a cucharadas, el \u00fanico requisito es disfrutar su sabor imbatible y su textura cremosa.  Caracter\u00edsticas   9 porciones aprox. por envase.  Excelente Fuente de Prote\u00ednas  10 g de prote\u00edna por porci\u00f3n.  Naturalmente Libre de sellos.  Vegetariana.  Sin az\u00facar a\u00f1adida  Este producto considera el c\u00e1lculo de kcal por m\u00e9todo Atwater. Este m\u00e9todo asigna 4kcal a las prote\u00ednas , 4 kcal a los hidratos de carbono disponibles y 9 kcal a las grasas totales. En este caso, con el m\u00e9todo Atwater el c\u00e1lculo da 602 Kcal por 100\u00a0g. Como la porci\u00f3n es de 40 g, el valor por porci\u00f3n es de 241 kcal.  Ingredientes  Pasta de man\u00ed, prote\u00edna de soya, man\u00ed en trozos (5%), sal, saborizante artificial, leche descremada,\u00a0SUCRALOSA\u00a0(0,67 mg\/100 g - 0,24 mg\/porci\u00f3n - IDA 0-15 mg\/kg de peso corporal).  Al\u00e9rgenos: Contiene man\u00ed, soya, leche. Elaborado en l\u00edneas que tambi\u00e9n procesan gluten, huevo, nueces, crust\u00e1ceos, sulfitos. * La informaci\u00f3n nutricional del empaque del producto final puede diferir levemente respecto a lo que mostramos en nuestro sitio web, ya que constantemente estamos mejorando nuestras f\u00f3rmulas. Por desfase entre los tiempos de impresi\u00f3n del envase y la producci\u00f3n de la nueva f\u00f3rmula, podr\u00edan existir estas diferencias.","og_url":"https:\/\/yaomarket.cl\/?product=wild-protein-mantequilla-de-mani-crunchy-340g","og_site_name":"YAOMARKET","article_publisher":"https:\/\/www.facebook.com\/yaomarketchile\/","article_modified_time":"2025-11-04T15:59:16+00:00","og_image":[{"width":753,"height":565,"url":"https:\/\/yaomarket.cl\/wp-content\/uploads\/2023\/05\/Diapositiva7-2.jpg","type":"image\/jpeg"}],"twitter_card":"summary_large_image","schema":{"@context":"https:\/\/schema.org","@graph":[{"@type":"WebPage","@id":"https:\/\/yaomarket.cl\/?product=wild-protein-mantequilla-de-mani-crunchy-340g","url":"https:\/\/yaomarket.cl\/?product=wild-protein-mantequilla-de-mani-crunchy-340g","name":"Wild Protein mantequilla de man\u00ed crunchy (340G) - YAOMARKET","isPartOf":{"@id":"https:\/\/yaomarket.cl\/#website"},"primaryImageOfPage":{"@id":"https:\/\/yaomarket.cl\/?product=wild-protein-mantequilla-de-mani-crunchy-340g#primaryimage"},"image":{"@id":"https:\/\/yaomarket.cl\/?product=wild-protein-mantequilla-de-mani-crunchy-340g#primaryimage"},"thumbnailUrl":"https:\/\/yaomarket.cl\/wp-content\/uploads\/2023\/05\/Diapositiva7-2.jpg","datePublished":"2023-05-11T03:10:49+00:00","dateModified":"2025-11-04T15:59:16+00:00","breadcrumb":{"@id":"https:\/\/yaomarket.cl\/?product=wild-protein-mantequilla-de-mani-crunchy-340g#breadcrumb"},"inLanguage":"es","potentialAction":[{"@type":"ReadAction","target":["https:\/\/yaomarket.cl\/?product=wild-protein-mantequilla-de-mani-crunchy-340g"]}]},{"@type":"ImageObject","inLanguage":"es","@id":"https:\/\/yaomarket.cl\/?product=wild-protein-mantequilla-de-mani-crunchy-340g#primaryimage","url":"https:\/\/yaomarket.cl\/wp-content\/uploads\/2023\/05\/Diapositiva7-2.jpg","contentUrl":"https:\/\/yaomarket.cl\/wp-content\/uploads\/2023\/05\/Diapositiva7-2.jpg","width":753,"height":565},{"@type":"BreadcrumbList","@id":"https:\/\/yaomarket.cl\/?product=wild-protein-mantequilla-de-mani-crunchy-340g#breadcrumb","itemListElement":[{"@type":"ListItem","position":1,"name":"Portada","item":"https:\/\/yaomarket.cl\/"},{"@type":"ListItem","position":2,"name":"TIENDA","item":"https:\/\/yaomarket.cl\/?page_id=8"},{"@type":"ListItem","position":3,"name":"Wild Protein mantequilla de man\u00ed crunchy (340G)"}]},{"@type":"WebSite","@id":"https:\/\/yaomarket.cl\/#website","url":"https:\/\/yaomarket.cl\/","name":"YAOMARKET","description":"","publisher":{"@id":"https:\/\/yaomarket.cl\/#organization"},"potentialAction":[{"@type":"SearchAction","target":{"@type":"EntryPoint","urlTemplate":"https:\/\/yaomarket.cl\/?s={search_term_string}"},"query-input":{"@type":"PropertyValueSpecification","valueRequired":true,"valueName":"search_term_string"}}],"inLanguage":"es"},{"@type":"Organization","@id":"https:\/\/yaomarket.cl\/#organization","name":"YAOMARKET","url":"https:\/\/yaomarket.cl\/","logo":{"@type":"ImageObject","inLanguage":"es","@id":"https:\/\/yaomarket.cl\/#\/schema\/logo\/image\/","url":"https:\/\/yaomarket.cl\/wp-content\/uploads\/2023\/08\/Logo-Original-Yao-Market-Circular.png","contentUrl":"https:\/\/yaomarket.cl\/wp-content\/uploads\/2023\/08\/Logo-Original-Yao-Market-Circular.png","width":522,"height":522,"caption":"YAOMARKET"},"image":{"@id":"https:\/\/yaomarket.cl\/#\/schema\/logo\/image\/"},"sameAs":["https:\/\/www.facebook.com\/yaomarketchile\/","https:\/\/www.instagram.com\/yao_market\/"]}]}},"_links":{"self":[{"href":"https:\/\/yaomarket.cl\/index.php?rest_route=\/wp\/v2\/product\/9782","targetHints":{"allow":["GET"]}}],"collection":[{"href":"https:\/\/yaomarket.cl\/index.php?rest_route=\/wp\/v2\/product"}],"about":[{"href":"https:\/\/yaomarket.cl\/index.php?rest_route=\/wp\/v2\/types\/product"}],"wp:featuredmedia":[{"embeddable":true,"href":"https:\/\/yaomarket.cl\/index.php?rest_route=\/wp\/v2\/media\/9777"}],"wp:attachment":[{"href":"https:\/\/yaomarket.cl\/index.php?rest_route=%2Fwp%2Fv2%2Fmedia&parent=9782"}],"wp:term":[{"taxonomy":"product_cat","embeddable":true,"href":"https:\/\/yaomarket.cl\/index.php?rest_route=%2Fwp%2Fv2%2Fproduct_cat&post=9782"},{"taxonomy":"product_tag","embeddable":true,"href":"https:\/\/yaomarket.cl\/index.php?rest_route=%2Fwp%2Fv2%2Fproduct_tag&post=9782"}],"curies":[{"name":"wp","href":"https:\/\/api.w.org\/{rel}","templated":true}]}}