{"id":9769,"date":"2023-05-09T03:42:17","date_gmt":"2023-05-09T03:42:17","guid":{"rendered":"https:\/\/yaomarket.cl\/?post_type=product&#038;p=9769"},"modified":"2023-05-09T03:45:58","modified_gmt":"2023-05-09T03:45:58","slug":"aceite-de-coco-organico-200-ml","status":"publish","type":"product","link":"https:\/\/yaomarket.cl\/?product=aceite-de-coco-organico-200-ml","title":{"rendered":"Aceite de coco org\u00e1nico 200 ml"},"content":{"rendered":"<div id=\"product-description-short-427\" class=\"rte-content product-description\">\n<div class=\"rte-content product-description\"><\/div>\n<div class=\"product-actions\">\n<form id=\"add-to-cart-or-refresh\" action=\"https:\/\/europasecreta.cl\/carrito\" method=\"post\">\n<div class=\"product-variants\"><\/div>\n<div class=\"product-add-to-cart pt-3\">\n<div class=\"row extra-small-gutters product-quantity \">\n<div class=\"col col-12 col-sm-auto col-add-qty\">\n<div class=\"qty \">\n<div class=\"input-group bootstrap-touchspin\"><\/div>\n<\/div>\n<\/div>\n<\/div>\n<\/div>\n<\/form>\n<\/div>\n<\/div>\n<div class=\"product-actions\">\n<form id=\"add-to-cart-or-refresh\" action=\"https:\/\/europasecreta.cl\/carrito\" method=\"post\">\n<div class=\"product-variants\"><\/div>\n<div class=\"product-add-to-cart pt-3\">\n<div class=\"row extra-small-gutters product-quantity \">\n<div class=\"col col-12 col-sm-auto col-add-qty\">\n<div class=\"qty \">\n<div class=\"input-group bootstrap-touchspin\"><\/div>\n<\/div>\n<\/div>\n<\/div>\n<\/div>\n<\/form>\n<\/div>\n","protected":false},"excerpt":{"rendered":"<p>Aceite de coco org\u00e1nico procesado artesanalmente a bajas temperaturas a partir de cocos frescos para as\u00ed conservar todas sus propiedades y nutrientes.<\/p>\n<p>Nuestro aceite de coco es:<\/p>\n<ul>\n<li>Org\u00e1nico<\/li>\n<li>Extra Virgen<\/li>\n<li>Prensado en fr\u00edo<\/li>\n<li>Raw<\/li>\n<\/ul>\n<p>&nbsp;<\/p>\n<p>Ingredientes: 100% aceite de coco org\u00e1nico.<\/p>\n<p>&nbsp;<\/p>\n<h2>Caracter\u00edsticas<\/h2>\n<ul>\n<li>No contiene saborizantes artificiales<\/li>\n<li>No contiene preservantes<\/li>\n<li>No est\u00e1 sometido a hidrogenizaci\u00f3n<\/li>\n<li>Es libre de grasas trans<\/li>\n<li>No est\u00e1 refinado<\/li>\n<li>No est\u00e1 blanqueado ni desodorizado<\/li>\n<li>Se solidifica cuando la temperatura ambiente baja los 25 grados Celsius aproximadamente, y se pone l\u00edquido cuando se supera esa T\u00b0. Esto es completamente normal y no se ven sus alteradas sus propiedades nutricionales.<\/li>\n<\/ul>\n<h3>Sab\u00edas qu\u00e9&#8230;<\/h3>\n<ul>\n<li>Antioxidantes: tiene propiedades antioxidantes ya que es muy estable y reduce la necesidad de vitamina E, al contrario de otros tipos de aceites que generan una deficiencia de \u00e9sta. Algunos estudios indican que el aceite de coco mejora la habilidad del cuerpo para utilizar los \u00e1cidos grasos Omega 3.<\/li>\n<\/ul>\n<ul>\n<li>Glicemia: el consumo habitual de aceite de coco permite pasar varias horas sin tener qu\u00e9 comer y mantener una adecuada cantidad de az\u00facar en la sangre, evitando as\u00ed, s\u00edntomas de hipoglicemia.<\/li>\n<\/ul>\n<ul>\n<li>Gl\u00e1ndula tiroides: algunas grasas insaturadas y cocinadas generan una baja en el metabolismo, contribuyendo a la aparici\u00f3n de s\u00edntomas hipotiroideos y el aumento de peso. El aceite de coco utilizado con regularidad ayuda a restablecer el funcionamiento de la tiroides y acelera el metabolismo, contribuyendo a la p\u00e9rdida de peso.<\/li>\n<\/ul>\n<ul>\n<li>Piel: el aceite de coco utilizado como loci\u00f3n, ayuda a proteger la piel del sol y es altamente hidratante.<\/li>\n<\/ul>\n<h2>Usos<\/h2>\n<p>El aceite de coco puede ser ingerido directamente. Una rica idea es sacar una cucharada y agregarle un poco de miel\u2026.es delicioso!<\/p>\n<p>Tambi\u00e9n lo puedes utilizar para preparar aderezos para ensaladas, agregarlo a cualquier tipo de batido (de frutas, de superalimentos, de chocolate, etc.), y para lo que m\u00e1s nos gusta a nosotros es para cocinar, ya que al ser estable, no se vuelve rancio al someterlo a altas temperaturas, por lo que sigue siendo muy saludable incluso cuando hemos cocinado u horneado con \u00e9l.<\/p>\n<p>El aceite de coco es incre\u00edble para la piel. Lo puedes usar en el rostro para mantenerlo suave y protegerlo del fr\u00edo, calor y sol (naturalmente el aceite de coco proporciona protecci\u00f3n factor 15).<\/p>\n<p>Se recomienda consumir de 1 a 4 cucharadas diarias.<\/p>\n<p>&nbsp;<\/p>\n<p>&nbsp;<\/p>\n<p>* Manchas en el fondo del envase en tonos amarillos y\/o marrones ocurren debido a la presencia de partes naturales del coco en el aceite y no afectan\u00a0las\u00a0propiedades ni calidad del producto.<\/p>\n<p>* Mantener en un lugar fresco, seco y oscuro.<\/p>\n","protected":false},"featured_media":9753,"template":"","meta":[],"product_cat":[387],"product_tag":[427,428,424,425,423],"class_list":{"0":"post-9769","1":"product","2":"type-product","3":"status-publish","4":"has-post-thumbnail","6":"product_cat-otros","7":"product_tag-datil","8":"product_tag-datiles","9":"product_tag-diabetico","10":"product_tag-endulza","11":"product_tag-endulzante","13":"first","14":"instock","15":"shipping-taxable","16":"purchasable","17":"product-type-simple"},"yoast_head":"<!-- This site is optimized with the Yoast SEO plugin v25.2 - https:\/\/yoast.com\/wordpress\/plugins\/seo\/ -->\n<title>Aceite de coco org\u00e1nico 200 ml - YAOMARKET<\/title>\n<meta name=\"robots\" content=\"index, follow, max-snippet:-1, max-image-preview:large, max-video-preview:-1\" \/>\n<link rel=\"canonical\" href=\"https:\/\/yaomarket.cl\/product\/aceite-de-coco-organico-200-ml\/\" \/>\n<meta property=\"og:locale\" content=\"es_ES\" \/>\n<meta property=\"og:type\" content=\"article\" \/>\n<meta property=\"og:title\" content=\"Aceite de coco org\u00e1nico 200 ml - YAOMARKET\" \/>\n<meta property=\"og:description\" content=\"Aceite de coco org\u00e1nico procesado artesanalmente a bajas temperaturas a partir de cocos frescos para as\u00ed conservar todas sus propiedades y nutrientes.  Nuestro aceite de coco es:   Org\u00e1nico  Extra Virgen  Prensado en fr\u00edo  Raw  &nbsp;  Ingredientes: 100% aceite de coco org\u00e1nico.  &nbsp; Caracter\u00edsticas   No contiene saborizantes artificiales  No contiene preservantes  No est\u00e1 sometido a hidrogenizaci\u00f3n  Es libre de grasas trans  No est\u00e1 refinado  No est\u00e1 blanqueado ni desodorizado  Se solidifica cuando la temperatura ambiente baja los 25 grados Celsius aproximadamente, y se pone l\u00edquido cuando se supera esa T\u00b0. Esto es completamente normal y no se ven sus alteradas sus propiedades nutricionales.  Sab\u00edas qu\u00e9...   Antioxidantes: tiene propiedades antioxidantes ya que es muy estable y reduce la necesidad de vitamina E, al contrario de otros tipos de aceites que generan una deficiencia de \u00e9sta. Algunos estudios indican que el aceite de coco mejora la habilidad del cuerpo para utilizar los \u00e1cidos grasos Omega 3.    Glicemia: el consumo habitual de aceite de coco permite pasar varias horas sin tener qu\u00e9 comer y mantener una adecuada cantidad de az\u00facar en la sangre, evitando as\u00ed, s\u00edntomas de hipoglicemia.    Gl\u00e1ndula tiroides: algunas grasas insaturadas y cocinadas generan una baja en el metabolismo, contribuyendo a la aparici\u00f3n de s\u00edntomas hipotiroideos y el aumento de peso. El aceite de coco utilizado con regularidad ayuda a restablecer el funcionamiento de la tiroides y acelera el metabolismo, contribuyendo a la p\u00e9rdida de peso.    Piel: el aceite de coco utilizado como loci\u00f3n, ayuda a proteger la piel del sol y es altamente hidratante.  Usos El aceite de coco puede ser ingerido directamente. Una rica idea es sacar una cucharada y agregarle un poco de miel\u2026.es delicioso!  Tambi\u00e9n lo puedes utilizar para preparar aderezos para ensaladas, agregarlo a cualquier tipo de batido (de frutas, de superalimentos, de chocolate, etc.), y para lo que m\u00e1s nos gusta a nosotros es para cocinar, ya que al ser estable, no se vuelve rancio al someterlo a altas temperaturas, por lo que sigue siendo muy saludable incluso cuando hemos cocinado u horneado con \u00e9l.  El aceite de coco es incre\u00edble para la piel. Lo puedes usar en el rostro para mantenerlo suave y protegerlo del fr\u00edo, calor y sol (naturalmente el aceite de coco proporciona protecci\u00f3n factor 15).  Se recomienda consumir de 1 a 4 cucharadas diarias.  &nbsp;  &nbsp;  * Manchas en el fondo del envase en tonos amarillos y\/o marrones ocurren debido a la presencia de partes naturales del coco en el aceite y no afectan\u00a0las\u00a0propiedades ni calidad del producto.  * Mantener en un lugar fresco, seco y oscuro.\" \/>\n<meta property=\"og:url\" content=\"https:\/\/yaomarket.cl\/product\/aceite-de-coco-organico-200-ml\/\" \/>\n<meta property=\"og:site_name\" content=\"YAOMARKET\" \/>\n<meta property=\"article:publisher\" content=\"https:\/\/www.facebook.com\/yaomarketchile\/\" \/>\n<meta property=\"article:modified_time\" content=\"2023-05-09T03:45:58+00:00\" \/>\n<meta property=\"og:image\" content=\"https:\/\/yaomarket.cl\/wp-content\/uploads\/2023\/05\/Diapositiva15-1.jpg\" \/>\n\t<meta property=\"og:image:width\" content=\"753\" \/>\n\t<meta property=\"og:image:height\" content=\"565\" \/>\n\t<meta property=\"og:image:type\" content=\"image\/jpeg\" \/>\n<meta name=\"twitter:card\" content=\"summary_large_image\" \/>\n<script type=\"application\/ld+json\" class=\"yoast-schema-graph\">{\"@context\":\"https:\/\/schema.org\",\"@graph\":[{\"@type\":\"WebPage\",\"@id\":\"https:\/\/yaomarket.cl\/product\/aceite-de-coco-organico-200-ml\/\",\"url\":\"https:\/\/yaomarket.cl\/product\/aceite-de-coco-organico-200-ml\/\",\"name\":\"Aceite de coco org\u00e1nico 200 ml - YAOMARKET\",\"isPartOf\":{\"@id\":\"https:\/\/yaomarket.cl\/#website\"},\"primaryImageOfPage\":{\"@id\":\"https:\/\/yaomarket.cl\/product\/aceite-de-coco-organico-200-ml\/#primaryimage\"},\"image\":{\"@id\":\"https:\/\/yaomarket.cl\/product\/aceite-de-coco-organico-200-ml\/#primaryimage\"},\"thumbnailUrl\":\"https:\/\/yaomarket.cl\/wp-content\/uploads\/2023\/05\/Diapositiva15-1.jpg\",\"datePublished\":\"2023-05-09T03:42:17+00:00\",\"dateModified\":\"2023-05-09T03:45:58+00:00\",\"breadcrumb\":{\"@id\":\"https:\/\/yaomarket.cl\/product\/aceite-de-coco-organico-200-ml\/#breadcrumb\"},\"inLanguage\":\"es\",\"potentialAction\":[{\"@type\":\"ReadAction\",\"target\":[\"https:\/\/yaomarket.cl\/product\/aceite-de-coco-organico-200-ml\/\"]}]},{\"@type\":\"ImageObject\",\"inLanguage\":\"es\",\"@id\":\"https:\/\/yaomarket.cl\/product\/aceite-de-coco-organico-200-ml\/#primaryimage\",\"url\":\"https:\/\/yaomarket.cl\/wp-content\/uploads\/2023\/05\/Diapositiva15-1.jpg\",\"contentUrl\":\"https:\/\/yaomarket.cl\/wp-content\/uploads\/2023\/05\/Diapositiva15-1.jpg\",\"width\":753,\"height\":565},{\"@type\":\"BreadcrumbList\",\"@id\":\"https:\/\/yaomarket.cl\/product\/aceite-de-coco-organico-200-ml\/#breadcrumb\",\"itemListElement\":[{\"@type\":\"ListItem\",\"position\":1,\"name\":\"Portada\",\"item\":\"https:\/\/yaomarket.cl\/\"},{\"@type\":\"ListItem\",\"position\":2,\"name\":\"TIENDA\",\"item\":\"https:\/\/yaomarket.cl\/?page_id=8\"},{\"@type\":\"ListItem\",\"position\":3,\"name\":\"Aceite de coco org\u00e1nico 200 ml\"}]},{\"@type\":\"WebSite\",\"@id\":\"https:\/\/yaomarket.cl\/#website\",\"url\":\"https:\/\/yaomarket.cl\/\",\"name\":\"YAOMARKET\",\"description\":\"\",\"publisher\":{\"@id\":\"https:\/\/yaomarket.cl\/#organization\"},\"potentialAction\":[{\"@type\":\"SearchAction\",\"target\":{\"@type\":\"EntryPoint\",\"urlTemplate\":\"https:\/\/yaomarket.cl\/?s={search_term_string}\"},\"query-input\":{\"@type\":\"PropertyValueSpecification\",\"valueRequired\":true,\"valueName\":\"search_term_string\"}}],\"inLanguage\":\"es\"},{\"@type\":\"Organization\",\"@id\":\"https:\/\/yaomarket.cl\/#organization\",\"name\":\"YAOMARKET\",\"url\":\"https:\/\/yaomarket.cl\/\",\"logo\":{\"@type\":\"ImageObject\",\"inLanguage\":\"es\",\"@id\":\"https:\/\/yaomarket.cl\/#\/schema\/logo\/image\/\",\"url\":\"https:\/\/yaomarket.cl\/wp-content\/uploads\/2023\/08\/Logo-Original-Yao-Market-Circular.png\",\"contentUrl\":\"https:\/\/yaomarket.cl\/wp-content\/uploads\/2023\/08\/Logo-Original-Yao-Market-Circular.png\",\"width\":522,\"height\":522,\"caption\":\"YAOMARKET\"},\"image\":{\"@id\":\"https:\/\/yaomarket.cl\/#\/schema\/logo\/image\/\"},\"sameAs\":[\"https:\/\/www.facebook.com\/yaomarketchile\/\",\"https:\/\/www.instagram.com\/yao_market\/\"]}]}<\/script>\n<!-- \/ Yoast SEO plugin. -->","yoast_head_json":{"title":"Aceite de coco org\u00e1nico 200 ml - YAOMARKET","robots":{"index":"index","follow":"follow","max-snippet":"max-snippet:-1","max-image-preview":"max-image-preview:large","max-video-preview":"max-video-preview:-1"},"canonical":"https:\/\/yaomarket.cl\/product\/aceite-de-coco-organico-200-ml\/","og_locale":"es_ES","og_type":"article","og_title":"Aceite de coco org\u00e1nico 200 ml - YAOMARKET","og_description":"Aceite de coco org\u00e1nico procesado artesanalmente a bajas temperaturas a partir de cocos frescos para as\u00ed conservar todas sus propiedades y nutrientes.  Nuestro aceite de coco es:   Org\u00e1nico  Extra Virgen  Prensado en fr\u00edo  Raw  &nbsp;  Ingredientes: 100% aceite de coco org\u00e1nico.  &nbsp; Caracter\u00edsticas   No contiene saborizantes artificiales  No contiene preservantes  No est\u00e1 sometido a hidrogenizaci\u00f3n  Es libre de grasas trans  No est\u00e1 refinado  No est\u00e1 blanqueado ni desodorizado  Se solidifica cuando la temperatura ambiente baja los 25 grados Celsius aproximadamente, y se pone l\u00edquido cuando se supera esa T\u00b0. Esto es completamente normal y no se ven sus alteradas sus propiedades nutricionales.  Sab\u00edas qu\u00e9...   Antioxidantes: tiene propiedades antioxidantes ya que es muy estable y reduce la necesidad de vitamina E, al contrario de otros tipos de aceites que generan una deficiencia de \u00e9sta. Algunos estudios indican que el aceite de coco mejora la habilidad del cuerpo para utilizar los \u00e1cidos grasos Omega 3.    Glicemia: el consumo habitual de aceite de coco permite pasar varias horas sin tener qu\u00e9 comer y mantener una adecuada cantidad de az\u00facar en la sangre, evitando as\u00ed, s\u00edntomas de hipoglicemia.    Gl\u00e1ndula tiroides: algunas grasas insaturadas y cocinadas generan una baja en el metabolismo, contribuyendo a la aparici\u00f3n de s\u00edntomas hipotiroideos y el aumento de peso. El aceite de coco utilizado con regularidad ayuda a restablecer el funcionamiento de la tiroides y acelera el metabolismo, contribuyendo a la p\u00e9rdida de peso.    Piel: el aceite de coco utilizado como loci\u00f3n, ayuda a proteger la piel del sol y es altamente hidratante.  Usos El aceite de coco puede ser ingerido directamente. Una rica idea es sacar una cucharada y agregarle un poco de miel\u2026.es delicioso!  Tambi\u00e9n lo puedes utilizar para preparar aderezos para ensaladas, agregarlo a cualquier tipo de batido (de frutas, de superalimentos, de chocolate, etc.), y para lo que m\u00e1s nos gusta a nosotros es para cocinar, ya que al ser estable, no se vuelve rancio al someterlo a altas temperaturas, por lo que sigue siendo muy saludable incluso cuando hemos cocinado u horneado con \u00e9l.  El aceite de coco es incre\u00edble para la piel. Lo puedes usar en el rostro para mantenerlo suave y protegerlo del fr\u00edo, calor y sol (naturalmente el aceite de coco proporciona protecci\u00f3n factor 15).  Se recomienda consumir de 1 a 4 cucharadas diarias.  &nbsp;  &nbsp;  * Manchas en el fondo del envase en tonos amarillos y\/o marrones ocurren debido a la presencia de partes naturales del coco en el aceite y no afectan\u00a0las\u00a0propiedades ni calidad del producto.  * Mantener en un lugar fresco, seco y oscuro.","og_url":"https:\/\/yaomarket.cl\/product\/aceite-de-coco-organico-200-ml\/","og_site_name":"YAOMARKET","article_publisher":"https:\/\/www.facebook.com\/yaomarketchile\/","article_modified_time":"2023-05-09T03:45:58+00:00","og_image":[{"width":753,"height":565,"url":"https:\/\/yaomarket.cl\/wp-content\/uploads\/2023\/05\/Diapositiva15-1.jpg","type":"image\/jpeg"}],"twitter_card":"summary_large_image","schema":{"@context":"https:\/\/schema.org","@graph":[{"@type":"WebPage","@id":"https:\/\/yaomarket.cl\/product\/aceite-de-coco-organico-200-ml\/","url":"https:\/\/yaomarket.cl\/product\/aceite-de-coco-organico-200-ml\/","name":"Aceite de coco org\u00e1nico 200 ml - YAOMARKET","isPartOf":{"@id":"https:\/\/yaomarket.cl\/#website"},"primaryImageOfPage":{"@id":"https:\/\/yaomarket.cl\/product\/aceite-de-coco-organico-200-ml\/#primaryimage"},"image":{"@id":"https:\/\/yaomarket.cl\/product\/aceite-de-coco-organico-200-ml\/#primaryimage"},"thumbnailUrl":"https:\/\/yaomarket.cl\/wp-content\/uploads\/2023\/05\/Diapositiva15-1.jpg","datePublished":"2023-05-09T03:42:17+00:00","dateModified":"2023-05-09T03:45:58+00:00","breadcrumb":{"@id":"https:\/\/yaomarket.cl\/product\/aceite-de-coco-organico-200-ml\/#breadcrumb"},"inLanguage":"es","potentialAction":[{"@type":"ReadAction","target":["https:\/\/yaomarket.cl\/product\/aceite-de-coco-organico-200-ml\/"]}]},{"@type":"ImageObject","inLanguage":"es","@id":"https:\/\/yaomarket.cl\/product\/aceite-de-coco-organico-200-ml\/#primaryimage","url":"https:\/\/yaomarket.cl\/wp-content\/uploads\/2023\/05\/Diapositiva15-1.jpg","contentUrl":"https:\/\/yaomarket.cl\/wp-content\/uploads\/2023\/05\/Diapositiva15-1.jpg","width":753,"height":565},{"@type":"BreadcrumbList","@id":"https:\/\/yaomarket.cl\/product\/aceite-de-coco-organico-200-ml\/#breadcrumb","itemListElement":[{"@type":"ListItem","position":1,"name":"Portada","item":"https:\/\/yaomarket.cl\/"},{"@type":"ListItem","position":2,"name":"TIENDA","item":"https:\/\/yaomarket.cl\/?page_id=8"},{"@type":"ListItem","position":3,"name":"Aceite de coco org\u00e1nico 200 ml"}]},{"@type":"WebSite","@id":"https:\/\/yaomarket.cl\/#website","url":"https:\/\/yaomarket.cl\/","name":"YAOMARKET","description":"","publisher":{"@id":"https:\/\/yaomarket.cl\/#organization"},"potentialAction":[{"@type":"SearchAction","target":{"@type":"EntryPoint","urlTemplate":"https:\/\/yaomarket.cl\/?s={search_term_string}"},"query-input":{"@type":"PropertyValueSpecification","valueRequired":true,"valueName":"search_term_string"}}],"inLanguage":"es"},{"@type":"Organization","@id":"https:\/\/yaomarket.cl\/#organization","name":"YAOMARKET","url":"https:\/\/yaomarket.cl\/","logo":{"@type":"ImageObject","inLanguage":"es","@id":"https:\/\/yaomarket.cl\/#\/schema\/logo\/image\/","url":"https:\/\/yaomarket.cl\/wp-content\/uploads\/2023\/08\/Logo-Original-Yao-Market-Circular.png","contentUrl":"https:\/\/yaomarket.cl\/wp-content\/uploads\/2023\/08\/Logo-Original-Yao-Market-Circular.png","width":522,"height":522,"caption":"YAOMARKET"},"image":{"@id":"https:\/\/yaomarket.cl\/#\/schema\/logo\/image\/"},"sameAs":["https:\/\/www.facebook.com\/yaomarketchile\/","https:\/\/www.instagram.com\/yao_market\/"]}]}},"_links":{"self":[{"href":"https:\/\/yaomarket.cl\/index.php?rest_route=\/wp\/v2\/product\/9769","targetHints":{"allow":["GET"]}}],"collection":[{"href":"https:\/\/yaomarket.cl\/index.php?rest_route=\/wp\/v2\/product"}],"about":[{"href":"https:\/\/yaomarket.cl\/index.php?rest_route=\/wp\/v2\/types\/product"}],"wp:featuredmedia":[{"embeddable":true,"href":"https:\/\/yaomarket.cl\/index.php?rest_route=\/wp\/v2\/media\/9753"}],"wp:attachment":[{"href":"https:\/\/yaomarket.cl\/index.php?rest_route=%2Fwp%2Fv2%2Fmedia&parent=9769"}],"wp:term":[{"taxonomy":"product_cat","embeddable":true,"href":"https:\/\/yaomarket.cl\/index.php?rest_route=%2Fwp%2Fv2%2Fproduct_cat&post=9769"},{"taxonomy":"product_tag","embeddable":true,"href":"https:\/\/yaomarket.cl\/index.php?rest_route=%2Fwp%2Fv2%2Fproduct_tag&post=9769"}],"curies":[{"name":"wp","href":"https:\/\/api.w.org\/{rel}","templated":true}]}}