{"id":9768,"date":"2023-05-09T03:39:21","date_gmt":"2023-05-09T03:39:21","guid":{"rendered":"https:\/\/yaomarket.cl\/?post_type=product&#038;p=9768"},"modified":"2025-11-04T15:59:17","modified_gmt":"2025-11-04T15:59:17","slug":"azucar-de-coco-organica-250-g","status":"publish","type":"product","link":"https:\/\/yaomarket.cl\/?product=azucar-de-coco-organica-250-g","title":{"rendered":"Az\u00facar de coco org\u00e1nica 250 g"},"content":{"rendered":"<div id=\"product-description-short-427\" class=\"rte-content product-description\">\n<div class=\"rte-content product-description\"><\/div>\n<div class=\"product-actions\">\n<form id=\"add-to-cart-or-refresh\" action=\"https:\/\/europasecreta.cl\/carrito\" method=\"post\">\n<div class=\"product-variants\"><\/div>\n<div class=\"product-add-to-cart pt-3\">\n<div class=\"row extra-small-gutters product-quantity \">\n<div class=\"col col-12 col-sm-auto col-add-qty\">\n<div class=\"qty \">\n<div class=\"input-group bootstrap-touchspin\"><\/div>\n<\/div>\n<\/div>\n<\/div>\n<\/div>\n<\/form>\n<\/div>\n<\/div>\n<div class=\"product-actions\">\n<form id=\"add-to-cart-or-refresh\" action=\"https:\/\/europasecreta.cl\/carrito\" method=\"post\">\n<div class=\"product-variants\"><\/div>\n<div class=\"product-add-to-cart pt-3\">\n<div class=\"row extra-small-gutters product-quantity \">\n<div class=\"col col-12 col-sm-auto col-add-qty\">\n<div class=\"qty \">\n<div class=\"input-group bootstrap-touchspin\"><\/div>\n<\/div>\n<\/div>\n<\/div>\n<\/div>\n<\/form>\n<\/div>\n","protected":false},"excerpt":{"rendered":"<p>Nuestra az\u00facar de palma de coco se obtiene a partir de las flores del \u00e1rbol de coco por evaporaci\u00f3n de la savia del \u00e1rbol.\u00a0El az\u00facar de coco Manare tiene un sabor delicioso, levemente acaramelado.<\/p>\n<p>Nuestra az\u00facar es:<\/p>\n<ul>\n<li>Org\u00e1nica<\/li>\n<li>No refinada<\/li>\n<li>De bajo \u00edndice glic\u00e9mico<\/li>\n<\/ul>\n<p>&nbsp;<\/p>\n<p>Ingredientes: 100% az\u00facar de coco org\u00e1nica.<\/p>\n<p>&nbsp;<\/p>\n<p>&nbsp;<\/p>\n<p>&nbsp;<\/p>\n<h2>Sab\u00edas que&#8230;<\/h2>\n<p>El az\u00facar de coco Manare es rica en potasio, magnesio, zinc y fierro. Entre otras cosas tambi\u00e9n tiene 16 amino\u00e1cidos y vitaminas del grupo B, lo que la hace una mejor alternativa para endulzar respecto del az\u00facar blanca o rubia de ca\u00f1a en preparaciones saludables y en especial preparaciones para ni\u00f1os.<\/p>\n<p>Adem\u00e1s, es una mejor alternativa para personas con resistencia a la insulina o diabetes ya que su \u00edndice glic\u00e9mico es de 35 (el de el az\u00facar refinada blanca es de 68).<\/p>\n<h2>Usos<\/h2>\n<p>Para sustituir el az\u00facar refinada por el az\u00facar de coco se usa la proporci\u00f3n 1:1, es decir una cucharada de az\u00facar blanca es igual a una cucharada de az\u00facar de coco.<\/p>\n<p>Se puede utilizar en todo tipo de preparaciones, horneadas y en fr\u00edo ya que su sabor no se altera.<\/p>\n","protected":false},"featured_media":9752,"template":"","meta":[],"product_cat":[414],"product_tag":[427,428,424,425,423],"class_list":{"0":"post-9768","1":"product","2":"type-product","3":"status-publish","4":"has-post-thumbnail","6":"product_cat-endulzantes","7":"product_tag-datil","8":"product_tag-datiles","9":"product_tag-diabetico","10":"product_tag-endulza","11":"product_tag-endulzante","13":"first","14":"outofstock","15":"shipping-taxable","16":"purchasable","17":"product-type-simple"},"yoast_head":"<!-- This site is optimized with the Yoast SEO plugin v25.2 - https:\/\/yoast.com\/wordpress\/plugins\/seo\/ -->\n<title>Az\u00facar de coco org\u00e1nica 250 g - YAOMARKET<\/title>\n<meta name=\"robots\" content=\"index, follow, max-snippet:-1, max-image-preview:large, max-video-preview:-1\" \/>\n<link rel=\"canonical\" href=\"https:\/\/yaomarket.cl\/?product=azucar-de-coco-organica-250-g\" \/>\n<meta property=\"og:locale\" content=\"es_ES\" \/>\n<meta property=\"og:type\" content=\"article\" \/>\n<meta property=\"og:title\" content=\"Az\u00facar de coco org\u00e1nica 250 g - YAOMARKET\" \/>\n<meta property=\"og:description\" content=\"Nuestra az\u00facar de palma de coco se obtiene a partir de las flores del \u00e1rbol de coco por evaporaci\u00f3n de la savia del \u00e1rbol.\u00a0El az\u00facar de coco Manare tiene un sabor delicioso, levemente acaramelado.  Nuestra az\u00facar es:   Org\u00e1nica  No refinada  De bajo \u00edndice glic\u00e9mico  &nbsp;  Ingredientes: 100% az\u00facar de coco org\u00e1nica.  &nbsp;  &nbsp;  &nbsp; Sab\u00edas que... El az\u00facar de coco Manare es rica en potasio, magnesio, zinc y fierro. Entre otras cosas tambi\u00e9n tiene 16 amino\u00e1cidos y vitaminas del grupo B, lo que la hace una mejor alternativa para endulzar respecto del az\u00facar blanca o rubia de ca\u00f1a en preparaciones saludables y en especial preparaciones para ni\u00f1os.  Adem\u00e1s, es una mejor alternativa para personas con resistencia a la insulina o diabetes ya que su \u00edndice glic\u00e9mico es de 35 (el de el az\u00facar refinada blanca es de 68). Usos Para sustituir el az\u00facar refinada por el az\u00facar de coco se usa la proporci\u00f3n 1:1, es decir una cucharada de az\u00facar blanca es igual a una cucharada de az\u00facar de coco.  Se puede utilizar en todo tipo de preparaciones, horneadas y en fr\u00edo ya que su sabor no se altera.\" \/>\n<meta property=\"og:url\" content=\"https:\/\/yaomarket.cl\/?product=azucar-de-coco-organica-250-g\" \/>\n<meta property=\"og:site_name\" content=\"YAOMARKET\" \/>\n<meta property=\"article:publisher\" content=\"https:\/\/www.facebook.com\/yaomarketchile\/\" \/>\n<meta property=\"article:modified_time\" content=\"2025-11-04T15:59:17+00:00\" \/>\n<meta property=\"og:image\" content=\"https:\/\/yaomarket.cl\/wp-content\/uploads\/2023\/05\/Diapositiva14-1.jpg\" \/>\n\t<meta property=\"og:image:width\" content=\"753\" \/>\n\t<meta property=\"og:image:height\" content=\"565\" \/>\n\t<meta property=\"og:image:type\" content=\"image\/jpeg\" \/>\n<meta name=\"twitter:card\" content=\"summary_large_image\" \/>\n<script type=\"application\/ld+json\" class=\"yoast-schema-graph\">{\"@context\":\"https:\/\/schema.org\",\"@graph\":[{\"@type\":\"WebPage\",\"@id\":\"https:\/\/yaomarket.cl\/?product=azucar-de-coco-organica-250-g\",\"url\":\"https:\/\/yaomarket.cl\/?product=azucar-de-coco-organica-250-g\",\"name\":\"Az\u00facar de coco org\u00e1nica 250 g - YAOMARKET\",\"isPartOf\":{\"@id\":\"https:\/\/yaomarket.cl\/#website\"},\"primaryImageOfPage\":{\"@id\":\"https:\/\/yaomarket.cl\/?product=azucar-de-coco-organica-250-g#primaryimage\"},\"image\":{\"@id\":\"https:\/\/yaomarket.cl\/?product=azucar-de-coco-organica-250-g#primaryimage\"},\"thumbnailUrl\":\"https:\/\/yaomarket.cl\/wp-content\/uploads\/2023\/05\/Diapositiva14-1.jpg\",\"datePublished\":\"2023-05-09T03:39:21+00:00\",\"dateModified\":\"2025-11-04T15:59:17+00:00\",\"breadcrumb\":{\"@id\":\"https:\/\/yaomarket.cl\/?product=azucar-de-coco-organica-250-g#breadcrumb\"},\"inLanguage\":\"es\",\"potentialAction\":[{\"@type\":\"ReadAction\",\"target\":[\"https:\/\/yaomarket.cl\/?product=azucar-de-coco-organica-250-g\"]}]},{\"@type\":\"ImageObject\",\"inLanguage\":\"es\",\"@id\":\"https:\/\/yaomarket.cl\/?product=azucar-de-coco-organica-250-g#primaryimage\",\"url\":\"https:\/\/yaomarket.cl\/wp-content\/uploads\/2023\/05\/Diapositiva14-1.jpg\",\"contentUrl\":\"https:\/\/yaomarket.cl\/wp-content\/uploads\/2023\/05\/Diapositiva14-1.jpg\",\"width\":753,\"height\":565},{\"@type\":\"BreadcrumbList\",\"@id\":\"https:\/\/yaomarket.cl\/?product=azucar-de-coco-organica-250-g#breadcrumb\",\"itemListElement\":[{\"@type\":\"ListItem\",\"position\":1,\"name\":\"Portada\",\"item\":\"https:\/\/yaomarket.cl\/\"},{\"@type\":\"ListItem\",\"position\":2,\"name\":\"TIENDA\",\"item\":\"https:\/\/yaomarket.cl\/?page_id=8\"},{\"@type\":\"ListItem\",\"position\":3,\"name\":\"Az\u00facar de coco org\u00e1nica 250 g\"}]},{\"@type\":\"WebSite\",\"@id\":\"https:\/\/yaomarket.cl\/#website\",\"url\":\"https:\/\/yaomarket.cl\/\",\"name\":\"YAOMARKET\",\"description\":\"\",\"publisher\":{\"@id\":\"https:\/\/yaomarket.cl\/#organization\"},\"potentialAction\":[{\"@type\":\"SearchAction\",\"target\":{\"@type\":\"EntryPoint\",\"urlTemplate\":\"https:\/\/yaomarket.cl\/?s={search_term_string}\"},\"query-input\":{\"@type\":\"PropertyValueSpecification\",\"valueRequired\":true,\"valueName\":\"search_term_string\"}}],\"inLanguage\":\"es\"},{\"@type\":\"Organization\",\"@id\":\"https:\/\/yaomarket.cl\/#organization\",\"name\":\"YAOMARKET\",\"url\":\"https:\/\/yaomarket.cl\/\",\"logo\":{\"@type\":\"ImageObject\",\"inLanguage\":\"es\",\"@id\":\"https:\/\/yaomarket.cl\/#\/schema\/logo\/image\/\",\"url\":\"https:\/\/yaomarket.cl\/wp-content\/uploads\/2023\/08\/Logo-Original-Yao-Market-Circular.png\",\"contentUrl\":\"https:\/\/yaomarket.cl\/wp-content\/uploads\/2023\/08\/Logo-Original-Yao-Market-Circular.png\",\"width\":522,\"height\":522,\"caption\":\"YAOMARKET\"},\"image\":{\"@id\":\"https:\/\/yaomarket.cl\/#\/schema\/logo\/image\/\"},\"sameAs\":[\"https:\/\/www.facebook.com\/yaomarketchile\/\",\"https:\/\/www.instagram.com\/yao_market\/\"]}]}<\/script>\n<!-- \/ Yoast SEO plugin. -->","yoast_head_json":{"title":"Az\u00facar de coco org\u00e1nica 250 g - YAOMARKET","robots":{"index":"index","follow":"follow","max-snippet":"max-snippet:-1","max-image-preview":"max-image-preview:large","max-video-preview":"max-video-preview:-1"},"canonical":"https:\/\/yaomarket.cl\/?product=azucar-de-coco-organica-250-g","og_locale":"es_ES","og_type":"article","og_title":"Az\u00facar de coco org\u00e1nica 250 g - YAOMARKET","og_description":"Nuestra az\u00facar de palma de coco se obtiene a partir de las flores del \u00e1rbol de coco por evaporaci\u00f3n de la savia del \u00e1rbol.\u00a0El az\u00facar de coco Manare tiene un sabor delicioso, levemente acaramelado.  Nuestra az\u00facar es:   Org\u00e1nica  No refinada  De bajo \u00edndice glic\u00e9mico  &nbsp;  Ingredientes: 100% az\u00facar de coco org\u00e1nica.  &nbsp;  &nbsp;  &nbsp; Sab\u00edas que... El az\u00facar de coco Manare es rica en potasio, magnesio, zinc y fierro. Entre otras cosas tambi\u00e9n tiene 16 amino\u00e1cidos y vitaminas del grupo B, lo que la hace una mejor alternativa para endulzar respecto del az\u00facar blanca o rubia de ca\u00f1a en preparaciones saludables y en especial preparaciones para ni\u00f1os.  Adem\u00e1s, es una mejor alternativa para personas con resistencia a la insulina o diabetes ya que su \u00edndice glic\u00e9mico es de 35 (el de el az\u00facar refinada blanca es de 68). Usos Para sustituir el az\u00facar refinada por el az\u00facar de coco se usa la proporci\u00f3n 1:1, es decir una cucharada de az\u00facar blanca es igual a una cucharada de az\u00facar de coco.  Se puede utilizar en todo tipo de preparaciones, horneadas y en fr\u00edo ya que su sabor no se altera.","og_url":"https:\/\/yaomarket.cl\/?product=azucar-de-coco-organica-250-g","og_site_name":"YAOMARKET","article_publisher":"https:\/\/www.facebook.com\/yaomarketchile\/","article_modified_time":"2025-11-04T15:59:17+00:00","og_image":[{"width":753,"height":565,"url":"https:\/\/yaomarket.cl\/wp-content\/uploads\/2023\/05\/Diapositiva14-1.jpg","type":"image\/jpeg"}],"twitter_card":"summary_large_image","schema":{"@context":"https:\/\/schema.org","@graph":[{"@type":"WebPage","@id":"https:\/\/yaomarket.cl\/?product=azucar-de-coco-organica-250-g","url":"https:\/\/yaomarket.cl\/?product=azucar-de-coco-organica-250-g","name":"Az\u00facar de coco org\u00e1nica 250 g - YAOMARKET","isPartOf":{"@id":"https:\/\/yaomarket.cl\/#website"},"primaryImageOfPage":{"@id":"https:\/\/yaomarket.cl\/?product=azucar-de-coco-organica-250-g#primaryimage"},"image":{"@id":"https:\/\/yaomarket.cl\/?product=azucar-de-coco-organica-250-g#primaryimage"},"thumbnailUrl":"https:\/\/yaomarket.cl\/wp-content\/uploads\/2023\/05\/Diapositiva14-1.jpg","datePublished":"2023-05-09T03:39:21+00:00","dateModified":"2025-11-04T15:59:17+00:00","breadcrumb":{"@id":"https:\/\/yaomarket.cl\/?product=azucar-de-coco-organica-250-g#breadcrumb"},"inLanguage":"es","potentialAction":[{"@type":"ReadAction","target":["https:\/\/yaomarket.cl\/?product=azucar-de-coco-organica-250-g"]}]},{"@type":"ImageObject","inLanguage":"es","@id":"https:\/\/yaomarket.cl\/?product=azucar-de-coco-organica-250-g#primaryimage","url":"https:\/\/yaomarket.cl\/wp-content\/uploads\/2023\/05\/Diapositiva14-1.jpg","contentUrl":"https:\/\/yaomarket.cl\/wp-content\/uploads\/2023\/05\/Diapositiva14-1.jpg","width":753,"height":565},{"@type":"BreadcrumbList","@id":"https:\/\/yaomarket.cl\/?product=azucar-de-coco-organica-250-g#breadcrumb","itemListElement":[{"@type":"ListItem","position":1,"name":"Portada","item":"https:\/\/yaomarket.cl\/"},{"@type":"ListItem","position":2,"name":"TIENDA","item":"https:\/\/yaomarket.cl\/?page_id=8"},{"@type":"ListItem","position":3,"name":"Az\u00facar de coco org\u00e1nica 250 g"}]},{"@type":"WebSite","@id":"https:\/\/yaomarket.cl\/#website","url":"https:\/\/yaomarket.cl\/","name":"YAOMARKET","description":"","publisher":{"@id":"https:\/\/yaomarket.cl\/#organization"},"potentialAction":[{"@type":"SearchAction","target":{"@type":"EntryPoint","urlTemplate":"https:\/\/yaomarket.cl\/?s={search_term_string}"},"query-input":{"@type":"PropertyValueSpecification","valueRequired":true,"valueName":"search_term_string"}}],"inLanguage":"es"},{"@type":"Organization","@id":"https:\/\/yaomarket.cl\/#organization","name":"YAOMARKET","url":"https:\/\/yaomarket.cl\/","logo":{"@type":"ImageObject","inLanguage":"es","@id":"https:\/\/yaomarket.cl\/#\/schema\/logo\/image\/","url":"https:\/\/yaomarket.cl\/wp-content\/uploads\/2023\/08\/Logo-Original-Yao-Market-Circular.png","contentUrl":"https:\/\/yaomarket.cl\/wp-content\/uploads\/2023\/08\/Logo-Original-Yao-Market-Circular.png","width":522,"height":522,"caption":"YAOMARKET"},"image":{"@id":"https:\/\/yaomarket.cl\/#\/schema\/logo\/image\/"},"sameAs":["https:\/\/www.facebook.com\/yaomarketchile\/","https:\/\/www.instagram.com\/yao_market\/"]}]}},"_links":{"self":[{"href":"https:\/\/yaomarket.cl\/index.php?rest_route=\/wp\/v2\/product\/9768","targetHints":{"allow":["GET"]}}],"collection":[{"href":"https:\/\/yaomarket.cl\/index.php?rest_route=\/wp\/v2\/product"}],"about":[{"href":"https:\/\/yaomarket.cl\/index.php?rest_route=\/wp\/v2\/types\/product"}],"wp:featuredmedia":[{"embeddable":true,"href":"https:\/\/yaomarket.cl\/index.php?rest_route=\/wp\/v2\/media\/9752"}],"wp:attachment":[{"href":"https:\/\/yaomarket.cl\/index.php?rest_route=%2Fwp%2Fv2%2Fmedia&parent=9768"}],"wp:term":[{"taxonomy":"product_cat","embeddable":true,"href":"https:\/\/yaomarket.cl\/index.php?rest_route=%2Fwp%2Fv2%2Fproduct_cat&post=9768"},{"taxonomy":"product_tag","embeddable":true,"href":"https:\/\/yaomarket.cl\/index.php?rest_route=%2Fwp%2Fv2%2Fproduct_tag&post=9768"}],"curies":[{"name":"wp","href":"https:\/\/api.w.org\/{rel}","templated":true}]}}