{"id":9763,"date":"2023-05-09T03:22:51","date_gmt":"2023-05-09T03:22:51","guid":{"rendered":"https:\/\/yaomarket.cl\/?post_type=product&#038;p=9763"},"modified":"2023-05-09T03:28:19","modified_gmt":"2023-05-09T03:28:19","slug":"jarabe-de-agave-organico-330-gr","status":"publish","type":"product","link":"https:\/\/yaomarket.cl\/?product=jarabe-de-agave-organico-330-gr","title":{"rendered":"Jarabe de agave  org\u00e1nico 660 gr"},"content":{"rendered":"<div id=\"product-description-short-427\" class=\"rte-content product-description\">\n<div class=\"rte-content product-description\"><\/div>\n<div class=\"product-actions\">\n<form id=\"add-to-cart-or-refresh\" action=\"https:\/\/europasecreta.cl\/carrito\" method=\"post\">\n<div class=\"product-variants\"><\/div>\n<div class=\"product-add-to-cart pt-3\">\n<div class=\"row extra-small-gutters product-quantity \">\n<div class=\"col col-12 col-sm-auto col-add-qty\">\n<div class=\"qty \">\n<div class=\"input-group bootstrap-touchspin\"><\/div>\n<\/div>\n<\/div>\n<\/div>\n<\/div>\n<\/form>\n<\/div>\n<\/div>\n<div class=\"product-actions\">\n<form id=\"add-to-cart-or-refresh\" action=\"https:\/\/europasecreta.cl\/carrito\" method=\"post\">\n<div class=\"product-variants\"><\/div>\n<div class=\"product-add-to-cart pt-3\">\n<div class=\"row extra-small-gutters product-quantity \">\n<div class=\"col col-12 col-sm-auto col-add-qty\">\n<div class=\"qty \">\n<div class=\"input-group bootstrap-touchspin\"><\/div>\n<\/div>\n<\/div>\n<\/div>\n<\/div>\n<\/form>\n<\/div>\n","protected":false},"excerpt":{"rendered":"<p>Nuestro agave es un endulzante natural de bajo \u00edndice glic\u00e9mico, de sabor relativamente neutro y textura similar a la miel.<\/p>\n<p>&nbsp;<\/p>\n<p>Nuestro agave es:<\/p>\n<ul>\n<li>Org\u00e1nico<\/li>\n<li>Sin Gluten<\/li>\n<li>Bajo \u00edndice glic\u00e9mico<\/li>\n<\/ul>\n<p>&nbsp;<\/p>\n<p>&nbsp;<\/p>\n<p>Ingredientes: 100% jarabe de agave org\u00e1nico.<\/p>\n<h2>Sab\u00edas qu\u00e9&#8230;<\/h2>\n<p>El n\u00e9ctar de Agave es de textura similar a la miel (un poco m\u00e1s l\u00edquido) y una de sus principales caracter\u00edsticas es que es un endulzante de bajo \u00edndice glic\u00e9mico (17), es decir, que al comerlo no provoca un alza tan r\u00e1pida y repentina del az\u00facar en la sangre.<\/p>\n<h2>Usos<\/h2>\n<p>Es ideal para usar en cualquier preparaci\u00f3n dulce como queques, galletas, bolitas energ\u00e9ticas, helados o para comerlo sobre panqueques, waffles, fruta o granola, o para endulzar alguna infusi\u00f3n, t\u00e9 o caf\u00e9.<\/p>\n","protected":false},"featured_media":9750,"template":"","meta":[],"product_cat":[414],"product_tag":[323,424,425,423],"class_list":{"0":"post-9763","1":"product","2":"type-product","3":"status-publish","4":"has-post-thumbnail","6":"product_cat-endulzantes","7":"product_tag-agave","8":"product_tag-diabetico","9":"product_tag-endulza","10":"product_tag-endulzante","12":"first","13":"instock","14":"shipping-taxable","15":"purchasable","16":"product-type-simple"},"yoast_head":"<!-- This site is optimized with the Yoast SEO plugin v25.2 - https:\/\/yoast.com\/wordpress\/plugins\/seo\/ -->\n<title>Jarabe de agave org\u00e1nico 660 gr - YAOMARKET<\/title>\n<meta name=\"robots\" content=\"index, follow, max-snippet:-1, max-image-preview:large, max-video-preview:-1\" \/>\n<link rel=\"canonical\" href=\"https:\/\/yaomarket.cl\/product\/jarabe-de-agave-organico-330-gr\/\" \/>\n<meta property=\"og:locale\" content=\"es_ES\" \/>\n<meta property=\"og:type\" content=\"article\" \/>\n<meta property=\"og:title\" content=\"Jarabe de agave org\u00e1nico 660 gr - YAOMARKET\" \/>\n<meta property=\"og:description\" content=\"Nuestro agave es un endulzante natural de bajo \u00edndice glic\u00e9mico, de sabor relativamente neutro y textura similar a la miel.  &nbsp;  Nuestro agave es:   Org\u00e1nico  Sin Gluten  Bajo \u00edndice glic\u00e9mico  &nbsp;  &nbsp;  Ingredientes: 100% jarabe de agave org\u00e1nico. Sab\u00edas qu\u00e9... El n\u00e9ctar de Agave es de textura similar a la miel (un poco m\u00e1s l\u00edquido) y una de sus principales caracter\u00edsticas es que es un endulzante de bajo \u00edndice glic\u00e9mico (17), es decir, que al comerlo no provoca un alza tan r\u00e1pida y repentina del az\u00facar en la sangre. Usos Es ideal para usar en cualquier preparaci\u00f3n dulce como queques, galletas, bolitas energ\u00e9ticas, helados o para comerlo sobre panqueques, waffles, fruta o granola, o para endulzar alguna infusi\u00f3n, t\u00e9 o caf\u00e9.\" \/>\n<meta property=\"og:url\" content=\"https:\/\/yaomarket.cl\/product\/jarabe-de-agave-organico-330-gr\/\" \/>\n<meta property=\"og:site_name\" content=\"YAOMARKET\" \/>\n<meta property=\"article:publisher\" content=\"https:\/\/www.facebook.com\/yaomarketchile\/\" \/>\n<meta property=\"article:modified_time\" content=\"2023-05-09T03:28:19+00:00\" \/>\n<meta property=\"og:image\" content=\"https:\/\/yaomarket.cl\/wp-content\/uploads\/2023\/05\/Diapositiva12-1.jpg\" \/>\n\t<meta property=\"og:image:width\" content=\"753\" \/>\n\t<meta property=\"og:image:height\" content=\"565\" \/>\n\t<meta property=\"og:image:type\" content=\"image\/jpeg\" \/>\n<meta name=\"twitter:card\" content=\"summary_large_image\" \/>\n<script type=\"application\/ld+json\" class=\"yoast-schema-graph\">{\"@context\":\"https:\/\/schema.org\",\"@graph\":[{\"@type\":\"WebPage\",\"@id\":\"https:\/\/yaomarket.cl\/product\/jarabe-de-agave-organico-330-gr\/\",\"url\":\"https:\/\/yaomarket.cl\/product\/jarabe-de-agave-organico-330-gr\/\",\"name\":\"Jarabe de agave org\u00e1nico 660 gr - YAOMARKET\",\"isPartOf\":{\"@id\":\"https:\/\/yaomarket.cl\/#website\"},\"primaryImageOfPage\":{\"@id\":\"https:\/\/yaomarket.cl\/product\/jarabe-de-agave-organico-330-gr\/#primaryimage\"},\"image\":{\"@id\":\"https:\/\/yaomarket.cl\/product\/jarabe-de-agave-organico-330-gr\/#primaryimage\"},\"thumbnailUrl\":\"https:\/\/yaomarket.cl\/wp-content\/uploads\/2023\/05\/Diapositiva12-1.jpg\",\"datePublished\":\"2023-05-09T03:22:51+00:00\",\"dateModified\":\"2023-05-09T03:28:19+00:00\",\"breadcrumb\":{\"@id\":\"https:\/\/yaomarket.cl\/product\/jarabe-de-agave-organico-330-gr\/#breadcrumb\"},\"inLanguage\":\"es\",\"potentialAction\":[{\"@type\":\"ReadAction\",\"target\":[\"https:\/\/yaomarket.cl\/product\/jarabe-de-agave-organico-330-gr\/\"]}]},{\"@type\":\"ImageObject\",\"inLanguage\":\"es\",\"@id\":\"https:\/\/yaomarket.cl\/product\/jarabe-de-agave-organico-330-gr\/#primaryimage\",\"url\":\"https:\/\/yaomarket.cl\/wp-content\/uploads\/2023\/05\/Diapositiva12-1.jpg\",\"contentUrl\":\"https:\/\/yaomarket.cl\/wp-content\/uploads\/2023\/05\/Diapositiva12-1.jpg\",\"width\":753,\"height\":565},{\"@type\":\"BreadcrumbList\",\"@id\":\"https:\/\/yaomarket.cl\/product\/jarabe-de-agave-organico-330-gr\/#breadcrumb\",\"itemListElement\":[{\"@type\":\"ListItem\",\"position\":1,\"name\":\"Portada\",\"item\":\"https:\/\/yaomarket.cl\/\"},{\"@type\":\"ListItem\",\"position\":2,\"name\":\"TIENDA\",\"item\":\"https:\/\/yaomarket.cl\/?page_id=8\"},{\"@type\":\"ListItem\",\"position\":3,\"name\":\"Jarabe de agave org\u00e1nico 660 gr\"}]},{\"@type\":\"WebSite\",\"@id\":\"https:\/\/yaomarket.cl\/#website\",\"url\":\"https:\/\/yaomarket.cl\/\",\"name\":\"YAOMARKET\",\"description\":\"\",\"publisher\":{\"@id\":\"https:\/\/yaomarket.cl\/#organization\"},\"potentialAction\":[{\"@type\":\"SearchAction\",\"target\":{\"@type\":\"EntryPoint\",\"urlTemplate\":\"https:\/\/yaomarket.cl\/?s={search_term_string}\"},\"query-input\":{\"@type\":\"PropertyValueSpecification\",\"valueRequired\":true,\"valueName\":\"search_term_string\"}}],\"inLanguage\":\"es\"},{\"@type\":\"Organization\",\"@id\":\"https:\/\/yaomarket.cl\/#organization\",\"name\":\"YAOMARKET\",\"url\":\"https:\/\/yaomarket.cl\/\",\"logo\":{\"@type\":\"ImageObject\",\"inLanguage\":\"es\",\"@id\":\"https:\/\/yaomarket.cl\/#\/schema\/logo\/image\/\",\"url\":\"https:\/\/yaomarket.cl\/wp-content\/uploads\/2023\/08\/Logo-Original-Yao-Market-Circular.png\",\"contentUrl\":\"https:\/\/yaomarket.cl\/wp-content\/uploads\/2023\/08\/Logo-Original-Yao-Market-Circular.png\",\"width\":522,\"height\":522,\"caption\":\"YAOMARKET\"},\"image\":{\"@id\":\"https:\/\/yaomarket.cl\/#\/schema\/logo\/image\/\"},\"sameAs\":[\"https:\/\/www.facebook.com\/yaomarketchile\/\",\"https:\/\/www.instagram.com\/yao_market\/\"]}]}<\/script>\n<!-- \/ Yoast SEO plugin. -->","yoast_head_json":{"title":"Jarabe de agave org\u00e1nico 660 gr - YAOMARKET","robots":{"index":"index","follow":"follow","max-snippet":"max-snippet:-1","max-image-preview":"max-image-preview:large","max-video-preview":"max-video-preview:-1"},"canonical":"https:\/\/yaomarket.cl\/product\/jarabe-de-agave-organico-330-gr\/","og_locale":"es_ES","og_type":"article","og_title":"Jarabe de agave org\u00e1nico 660 gr - YAOMARKET","og_description":"Nuestro agave es un endulzante natural de bajo \u00edndice glic\u00e9mico, de sabor relativamente neutro y textura similar a la miel.  &nbsp;  Nuestro agave es:   Org\u00e1nico  Sin Gluten  Bajo \u00edndice glic\u00e9mico  &nbsp;  &nbsp;  Ingredientes: 100% jarabe de agave org\u00e1nico. Sab\u00edas qu\u00e9... El n\u00e9ctar de Agave es de textura similar a la miel (un poco m\u00e1s l\u00edquido) y una de sus principales caracter\u00edsticas es que es un endulzante de bajo \u00edndice glic\u00e9mico (17), es decir, que al comerlo no provoca un alza tan r\u00e1pida y repentina del az\u00facar en la sangre. Usos Es ideal para usar en cualquier preparaci\u00f3n dulce como queques, galletas, bolitas energ\u00e9ticas, helados o para comerlo sobre panqueques, waffles, fruta o granola, o para endulzar alguna infusi\u00f3n, t\u00e9 o caf\u00e9.","og_url":"https:\/\/yaomarket.cl\/product\/jarabe-de-agave-organico-330-gr\/","og_site_name":"YAOMARKET","article_publisher":"https:\/\/www.facebook.com\/yaomarketchile\/","article_modified_time":"2023-05-09T03:28:19+00:00","og_image":[{"width":753,"height":565,"url":"https:\/\/yaomarket.cl\/wp-content\/uploads\/2023\/05\/Diapositiva12-1.jpg","type":"image\/jpeg"}],"twitter_card":"summary_large_image","schema":{"@context":"https:\/\/schema.org","@graph":[{"@type":"WebPage","@id":"https:\/\/yaomarket.cl\/product\/jarabe-de-agave-organico-330-gr\/","url":"https:\/\/yaomarket.cl\/product\/jarabe-de-agave-organico-330-gr\/","name":"Jarabe de agave org\u00e1nico 660 gr - YAOMARKET","isPartOf":{"@id":"https:\/\/yaomarket.cl\/#website"},"primaryImageOfPage":{"@id":"https:\/\/yaomarket.cl\/product\/jarabe-de-agave-organico-330-gr\/#primaryimage"},"image":{"@id":"https:\/\/yaomarket.cl\/product\/jarabe-de-agave-organico-330-gr\/#primaryimage"},"thumbnailUrl":"https:\/\/yaomarket.cl\/wp-content\/uploads\/2023\/05\/Diapositiva12-1.jpg","datePublished":"2023-05-09T03:22:51+00:00","dateModified":"2023-05-09T03:28:19+00:00","breadcrumb":{"@id":"https:\/\/yaomarket.cl\/product\/jarabe-de-agave-organico-330-gr\/#breadcrumb"},"inLanguage":"es","potentialAction":[{"@type":"ReadAction","target":["https:\/\/yaomarket.cl\/product\/jarabe-de-agave-organico-330-gr\/"]}]},{"@type":"ImageObject","inLanguage":"es","@id":"https:\/\/yaomarket.cl\/product\/jarabe-de-agave-organico-330-gr\/#primaryimage","url":"https:\/\/yaomarket.cl\/wp-content\/uploads\/2023\/05\/Diapositiva12-1.jpg","contentUrl":"https:\/\/yaomarket.cl\/wp-content\/uploads\/2023\/05\/Diapositiva12-1.jpg","width":753,"height":565},{"@type":"BreadcrumbList","@id":"https:\/\/yaomarket.cl\/product\/jarabe-de-agave-organico-330-gr\/#breadcrumb","itemListElement":[{"@type":"ListItem","position":1,"name":"Portada","item":"https:\/\/yaomarket.cl\/"},{"@type":"ListItem","position":2,"name":"TIENDA","item":"https:\/\/yaomarket.cl\/?page_id=8"},{"@type":"ListItem","position":3,"name":"Jarabe de agave org\u00e1nico 660 gr"}]},{"@type":"WebSite","@id":"https:\/\/yaomarket.cl\/#website","url":"https:\/\/yaomarket.cl\/","name":"YAOMARKET","description":"","publisher":{"@id":"https:\/\/yaomarket.cl\/#organization"},"potentialAction":[{"@type":"SearchAction","target":{"@type":"EntryPoint","urlTemplate":"https:\/\/yaomarket.cl\/?s={search_term_string}"},"query-input":{"@type":"PropertyValueSpecification","valueRequired":true,"valueName":"search_term_string"}}],"inLanguage":"es"},{"@type":"Organization","@id":"https:\/\/yaomarket.cl\/#organization","name":"YAOMARKET","url":"https:\/\/yaomarket.cl\/","logo":{"@type":"ImageObject","inLanguage":"es","@id":"https:\/\/yaomarket.cl\/#\/schema\/logo\/image\/","url":"https:\/\/yaomarket.cl\/wp-content\/uploads\/2023\/08\/Logo-Original-Yao-Market-Circular.png","contentUrl":"https:\/\/yaomarket.cl\/wp-content\/uploads\/2023\/08\/Logo-Original-Yao-Market-Circular.png","width":522,"height":522,"caption":"YAOMARKET"},"image":{"@id":"https:\/\/yaomarket.cl\/#\/schema\/logo\/image\/"},"sameAs":["https:\/\/www.facebook.com\/yaomarketchile\/","https:\/\/www.instagram.com\/yao_market\/"]}]}},"_links":{"self":[{"href":"https:\/\/yaomarket.cl\/index.php?rest_route=\/wp\/v2\/product\/9763","targetHints":{"allow":["GET"]}}],"collection":[{"href":"https:\/\/yaomarket.cl\/index.php?rest_route=\/wp\/v2\/product"}],"about":[{"href":"https:\/\/yaomarket.cl\/index.php?rest_route=\/wp\/v2\/types\/product"}],"wp:featuredmedia":[{"embeddable":true,"href":"https:\/\/yaomarket.cl\/index.php?rest_route=\/wp\/v2\/media\/9750"}],"wp:attachment":[{"href":"https:\/\/yaomarket.cl\/index.php?rest_route=%2Fwp%2Fv2%2Fmedia&parent=9763"}],"wp:term":[{"taxonomy":"product_cat","embeddable":true,"href":"https:\/\/yaomarket.cl\/index.php?rest_route=%2Fwp%2Fv2%2Fproduct_cat&post=9763"},{"taxonomy":"product_tag","embeddable":true,"href":"https:\/\/yaomarket.cl\/index.php?rest_route=%2Fwp%2Fv2%2Fproduct_tag&post=9763"}],"curies":[{"name":"wp","href":"https:\/\/api.w.org\/{rel}","templated":true}]}}