{"id":9761,"date":"2023-05-09T03:17:00","date_gmt":"2023-05-09T03:17:00","guid":{"rendered":"https:\/\/yaomarket.cl\/?post_type=product&#038;p=9761"},"modified":"2023-05-09T03:19:04","modified_gmt":"2023-05-09T03:19:04","slug":"miel-premium-ulmo-550-grs","status":"publish","type":"product","link":"https:\/\/yaomarket.cl\/?product=miel-premium-ulmo-550-grs","title":{"rendered":"MIEL PREMIUM ULMO 550 grs"},"content":{"rendered":"<div id=\"product-description-short-427\" class=\"rte-content product-description\">\n<div class=\"rte-content product-description\"><\/div>\n<div class=\"product-actions\">\n<form id=\"add-to-cart-or-refresh\" action=\"https:\/\/europasecreta.cl\/carrito\" method=\"post\">\n<div class=\"product-variants\"><\/div>\n<div class=\"product-add-to-cart pt-3\">\n<div class=\"row extra-small-gutters product-quantity \">\n<div class=\"col col-12 col-sm-auto col-add-qty\">\n<div class=\"qty \">\n<div class=\"input-group bootstrap-touchspin\"><\/div>\n<\/div>\n<\/div>\n<\/div>\n<\/div>\n<\/form>\n<\/div>\n<\/div>\n<div class=\"product-actions\">\n<form id=\"add-to-cart-or-refresh\" action=\"https:\/\/europasecreta.cl\/carrito\" method=\"post\">\n<div class=\"product-variants\"><\/div>\n<div class=\"product-add-to-cart pt-3\">\n<div class=\"row extra-small-gutters product-quantity \">\n<div class=\"col col-12 col-sm-auto col-add-qty\">\n<div class=\"qty \">\n<div class=\"input-group bootstrap-touchspin\"><\/div>\n<\/div>\n<\/div>\n<\/div>\n<\/div>\n<\/form>\n<\/div>\n","protected":false},"excerpt":{"rendered":"<p><span style=\"font-weight: 400;\">Disfruta del sabor floral y la textura cremosa que entrega el bosque nativo de la carretera austral, mientras le regalas a tu cuerpo un shot de energ\u00eda que te cuida de resfriados y alergias.<\/span><\/p>\n<p>&nbsp;<\/p>\n<p>La\u00a0<strong>miel de Ulmo<\/strong>\u00a0es una de las mieles chilenas m\u00e1s preciadas\u00a0\ud83c\udf6f\u00a0\ud83d\ude0d<\/p>\n<p>Tiene su origen en el n\u00e9ctar de las flores, y gracias al trabajo en conjunto de toda una colmena, se convierte en un alimento de una nobleza absoluta\u00a0\ud83d\udc9b<\/p>\n<p>En esta miel, el n\u00e9ctar que recolectan las abejas proviene de la flor del Ulmo, un \u00e1rbol nativo que crece en el sur de nuestro pa\u00eds\u00a0\ud83c\udf32<\/p>\n<p>Este \u00e1rbol tiene una flor blanca, llamativa y muy perfumada, lo que hace que la miel sea arom\u00e1tica\u00a0\ud83c\udf3c<\/p>\n<p>Se caracteriza por tener un color dorado claro, una textura cremosa y un sabor floral intenso\u00a0\ud83e\udd24<\/p>\n<p>Adem\u00e1s de ser rica en minerales, vitaminas, antioxidantes y amino\u00e1cidos, posee propiedades antibacterianas que da un aporte extra al sistema inmune\u00a0\ud83d\udcaa<\/p>\n<p>Si quieres sacarle el m\u00e1ximo provecho, no le agregues agua reci\u00e9n hervida o la metas al microondas, porque esto afecta sus propiedades terap\u00e9uticas y nutricionales\u00a0\ud83d\udc4c<\/p>\n<p>Prepara tu infusi\u00f3n, espera a que el agua se enfr\u00ede y luego agrega la miel que desees.<\/p>\n<p>Tambi\u00e9n se usa como un suplemento alimenticio que entrega energ\u00eda extra a tu cuerpo\u00a0\ud83e\udd29<\/p>\n<p>Es consumida por deportistas de alto rendimiento en sus entrenamientos\u00a0\ud83c\udfcb<\/p>\n<p>La\u00a0<b>Miel Premium Ulmo<\/b>\u00a0es recolectada y extra\u00edda de forma manual desde nuestras propias colmenas en los bosques de ULMO de la\u00a0<strong>carretera austral<\/strong>\u00a0\ud83c\udfde<\/p>\n<p>La temporada de cosecha de esta miel es entre finales de febrero y principios de abril, si el clima nos acompa\u00f1a.<\/p>\n<p>\u2705 No tiene aditivos ni es sometida a tratamientos que alteren sus propiedades originales.<\/p>\n<p>De la colmena a tu mesa.<\/p>\n<p>Como todos nuestros productos, la\u00a0<strong>M<\/strong><b>iel Premium Ulmo<\/b>\u00a0es cruda, pura y sin filtrar.<\/p>\n<p>100% natural y org\u00e1nica\u00a0\ud83c\udf3e<\/p>\n<p>Y recuerda, el mundo es mejor con las abejas\u00a0\ud83d\udc1d<\/p>\n","protected":false},"featured_media":9743,"template":"","meta":[],"product_cat":[414],"product_tag":[421,422],"class_list":{"0":"post-9761","1":"product","2":"type-product","3":"status-publish","4":"has-post-thumbnail","6":"product_cat-endulzantes","7":"product_tag-miel","8":"product_tag-polen","10":"first","11":"instock","12":"shipping-taxable","13":"purchasable","14":"product-type-simple"},"yoast_head":"<!-- This site is optimized with the Yoast SEO plugin v25.2 - https:\/\/yoast.com\/wordpress\/plugins\/seo\/ -->\n<title>MIEL PREMIUM ULMO 550 grs - YAOMARKET<\/title>\n<meta name=\"robots\" content=\"index, follow, max-snippet:-1, max-image-preview:large, max-video-preview:-1\" \/>\n<link rel=\"canonical\" href=\"https:\/\/yaomarket.cl\/product\/miel-premium-ulmo-550-grs\/\" \/>\n<meta property=\"og:locale\" content=\"es_ES\" \/>\n<meta property=\"og:type\" content=\"article\" \/>\n<meta property=\"og:title\" content=\"MIEL PREMIUM ULMO 550 grs - YAOMARKET\" \/>\n<meta property=\"og:description\" content=\"Disfruta del sabor floral y la textura cremosa que entrega el bosque nativo de la carretera austral, mientras le regalas a tu cuerpo un shot de energ\u00eda que te cuida de resfriados y alergias.  &nbsp;  La\u00a0miel de Ulmo\u00a0es una de las mieles chilenas m\u00e1s preciadas\u00a0\ud83c\udf6f\u00a0\ud83d\ude0d  Tiene su origen en el n\u00e9ctar de las flores, y gracias al trabajo en conjunto de toda una colmena, se convierte en un alimento de una nobleza absoluta\u00a0\ud83d\udc9b  En esta miel, el n\u00e9ctar que recolectan las abejas proviene de la flor del Ulmo, un \u00e1rbol nativo que crece en el sur de nuestro pa\u00eds\u00a0\ud83c\udf32  Este \u00e1rbol tiene una flor blanca, llamativa y muy perfumada, lo que hace que la miel sea arom\u00e1tica\u00a0\ud83c\udf3c  Se caracteriza por tener un color dorado claro, una textura cremosa y un sabor floral intenso\u00a0\ud83e\udd24  Adem\u00e1s de ser rica en minerales, vitaminas, antioxidantes y amino\u00e1cidos, posee propiedades antibacterianas que da un aporte extra al sistema inmune\u00a0\ud83d\udcaa  Si quieres sacarle el m\u00e1ximo provecho, no le agregues agua reci\u00e9n hervida o la metas al microondas, porque esto afecta sus propiedades terap\u00e9uticas y nutricionales\u00a0\ud83d\udc4c  Prepara tu infusi\u00f3n, espera a que el agua se enfr\u00ede y luego agrega la miel que desees.  Tambi\u00e9n se usa como un suplemento alimenticio que entrega energ\u00eda extra a tu cuerpo\u00a0\ud83e\udd29  Es consumida por deportistas de alto rendimiento en sus entrenamientos\u00a0\ud83c\udfcb  La\u00a0Miel Premium Ulmo\u00a0es recolectada y extra\u00edda de forma manual desde nuestras propias colmenas en los bosques de ULMO de la\u00a0carretera austral\u00a0\ud83c\udfde  La temporada de cosecha de esta miel es entre finales de febrero y principios de abril, si el clima nos acompa\u00f1a.  \u2705 No tiene aditivos ni es sometida a tratamientos que alteren sus propiedades originales.  De la colmena a tu mesa.  Como todos nuestros productos, la\u00a0Miel Premium Ulmo\u00a0es cruda, pura y sin filtrar.  100% natural y org\u00e1nica\u00a0\ud83c\udf3e  Y recuerda, el mundo es mejor con las abejas\u00a0\ud83d\udc1d\" \/>\n<meta property=\"og:url\" content=\"https:\/\/yaomarket.cl\/product\/miel-premium-ulmo-550-grs\/\" \/>\n<meta property=\"og:site_name\" content=\"YAOMARKET\" \/>\n<meta property=\"article:publisher\" content=\"https:\/\/www.facebook.com\/yaomarketchile\/\" \/>\n<meta property=\"article:modified_time\" content=\"2023-05-09T03:19:04+00:00\" \/>\n<meta property=\"og:image\" content=\"https:\/\/yaomarket.cl\/wp-content\/uploads\/2023\/05\/Diapositiva5-1.jpg\" \/>\n\t<meta property=\"og:image:width\" content=\"753\" \/>\n\t<meta property=\"og:image:height\" content=\"565\" \/>\n\t<meta property=\"og:image:type\" content=\"image\/jpeg\" \/>\n<meta name=\"twitter:card\" content=\"summary_large_image\" \/>\n<script type=\"application\/ld+json\" class=\"yoast-schema-graph\">{\"@context\":\"https:\/\/schema.org\",\"@graph\":[{\"@type\":\"WebPage\",\"@id\":\"https:\/\/yaomarket.cl\/product\/miel-premium-ulmo-550-grs\/\",\"url\":\"https:\/\/yaomarket.cl\/product\/miel-premium-ulmo-550-grs\/\",\"name\":\"MIEL PREMIUM ULMO 550 grs - YAOMARKET\",\"isPartOf\":{\"@id\":\"https:\/\/yaomarket.cl\/#website\"},\"primaryImageOfPage\":{\"@id\":\"https:\/\/yaomarket.cl\/product\/miel-premium-ulmo-550-grs\/#primaryimage\"},\"image\":{\"@id\":\"https:\/\/yaomarket.cl\/product\/miel-premium-ulmo-550-grs\/#primaryimage\"},\"thumbnailUrl\":\"https:\/\/yaomarket.cl\/wp-content\/uploads\/2023\/05\/Diapositiva5-1.jpg\",\"datePublished\":\"2023-05-09T03:17:00+00:00\",\"dateModified\":\"2023-05-09T03:19:04+00:00\",\"breadcrumb\":{\"@id\":\"https:\/\/yaomarket.cl\/product\/miel-premium-ulmo-550-grs\/#breadcrumb\"},\"inLanguage\":\"es\",\"potentialAction\":[{\"@type\":\"ReadAction\",\"target\":[\"https:\/\/yaomarket.cl\/product\/miel-premium-ulmo-550-grs\/\"]}]},{\"@type\":\"ImageObject\",\"inLanguage\":\"es\",\"@id\":\"https:\/\/yaomarket.cl\/product\/miel-premium-ulmo-550-grs\/#primaryimage\",\"url\":\"https:\/\/yaomarket.cl\/wp-content\/uploads\/2023\/05\/Diapositiva5-1.jpg\",\"contentUrl\":\"https:\/\/yaomarket.cl\/wp-content\/uploads\/2023\/05\/Diapositiva5-1.jpg\",\"width\":753,\"height\":565},{\"@type\":\"BreadcrumbList\",\"@id\":\"https:\/\/yaomarket.cl\/product\/miel-premium-ulmo-550-grs\/#breadcrumb\",\"itemListElement\":[{\"@type\":\"ListItem\",\"position\":1,\"name\":\"Portada\",\"item\":\"https:\/\/yaomarket.cl\/\"},{\"@type\":\"ListItem\",\"position\":2,\"name\":\"TIENDA\",\"item\":\"https:\/\/yaomarket.cl\/?page_id=8\"},{\"@type\":\"ListItem\",\"position\":3,\"name\":\"MIEL PREMIUM ULMO 550 grs\"}]},{\"@type\":\"WebSite\",\"@id\":\"https:\/\/yaomarket.cl\/#website\",\"url\":\"https:\/\/yaomarket.cl\/\",\"name\":\"YAOMARKET\",\"description\":\"\",\"publisher\":{\"@id\":\"https:\/\/yaomarket.cl\/#organization\"},\"potentialAction\":[{\"@type\":\"SearchAction\",\"target\":{\"@type\":\"EntryPoint\",\"urlTemplate\":\"https:\/\/yaomarket.cl\/?s={search_term_string}\"},\"query-input\":{\"@type\":\"PropertyValueSpecification\",\"valueRequired\":true,\"valueName\":\"search_term_string\"}}],\"inLanguage\":\"es\"},{\"@type\":\"Organization\",\"@id\":\"https:\/\/yaomarket.cl\/#organization\",\"name\":\"YAOMARKET\",\"url\":\"https:\/\/yaomarket.cl\/\",\"logo\":{\"@type\":\"ImageObject\",\"inLanguage\":\"es\",\"@id\":\"https:\/\/yaomarket.cl\/#\/schema\/logo\/image\/\",\"url\":\"https:\/\/yaomarket.cl\/wp-content\/uploads\/2023\/08\/Logo-Original-Yao-Market-Circular.png\",\"contentUrl\":\"https:\/\/yaomarket.cl\/wp-content\/uploads\/2023\/08\/Logo-Original-Yao-Market-Circular.png\",\"width\":522,\"height\":522,\"caption\":\"YAOMARKET\"},\"image\":{\"@id\":\"https:\/\/yaomarket.cl\/#\/schema\/logo\/image\/\"},\"sameAs\":[\"https:\/\/www.facebook.com\/yaomarketchile\/\",\"https:\/\/www.instagram.com\/yao_market\/\"]}]}<\/script>\n<!-- \/ Yoast SEO plugin. -->","yoast_head_json":{"title":"MIEL PREMIUM ULMO 550 grs - YAOMARKET","robots":{"index":"index","follow":"follow","max-snippet":"max-snippet:-1","max-image-preview":"max-image-preview:large","max-video-preview":"max-video-preview:-1"},"canonical":"https:\/\/yaomarket.cl\/product\/miel-premium-ulmo-550-grs\/","og_locale":"es_ES","og_type":"article","og_title":"MIEL PREMIUM ULMO 550 grs - YAOMARKET","og_description":"Disfruta del sabor floral y la textura cremosa que entrega el bosque nativo de la carretera austral, mientras le regalas a tu cuerpo un shot de energ\u00eda que te cuida de resfriados y alergias.  &nbsp;  La\u00a0miel de Ulmo\u00a0es una de las mieles chilenas m\u00e1s preciadas\u00a0\ud83c\udf6f\u00a0\ud83d\ude0d  Tiene su origen en el n\u00e9ctar de las flores, y gracias al trabajo en conjunto de toda una colmena, se convierte en un alimento de una nobleza absoluta\u00a0\ud83d\udc9b  En esta miel, el n\u00e9ctar que recolectan las abejas proviene de la flor del Ulmo, un \u00e1rbol nativo que crece en el sur de nuestro pa\u00eds\u00a0\ud83c\udf32  Este \u00e1rbol tiene una flor blanca, llamativa y muy perfumada, lo que hace que la miel sea arom\u00e1tica\u00a0\ud83c\udf3c  Se caracteriza por tener un color dorado claro, una textura cremosa y un sabor floral intenso\u00a0\ud83e\udd24  Adem\u00e1s de ser rica en minerales, vitaminas, antioxidantes y amino\u00e1cidos, posee propiedades antibacterianas que da un aporte extra al sistema inmune\u00a0\ud83d\udcaa  Si quieres sacarle el m\u00e1ximo provecho, no le agregues agua reci\u00e9n hervida o la metas al microondas, porque esto afecta sus propiedades terap\u00e9uticas y nutricionales\u00a0\ud83d\udc4c  Prepara tu infusi\u00f3n, espera a que el agua se enfr\u00ede y luego agrega la miel que desees.  Tambi\u00e9n se usa como un suplemento alimenticio que entrega energ\u00eda extra a tu cuerpo\u00a0\ud83e\udd29  Es consumida por deportistas de alto rendimiento en sus entrenamientos\u00a0\ud83c\udfcb  La\u00a0Miel Premium Ulmo\u00a0es recolectada y extra\u00edda de forma manual desde nuestras propias colmenas en los bosques de ULMO de la\u00a0carretera austral\u00a0\ud83c\udfde  La temporada de cosecha de esta miel es entre finales de febrero y principios de abril, si el clima nos acompa\u00f1a.  \u2705 No tiene aditivos ni es sometida a tratamientos que alteren sus propiedades originales.  De la colmena a tu mesa.  Como todos nuestros productos, la\u00a0Miel Premium Ulmo\u00a0es cruda, pura y sin filtrar.  100% natural y org\u00e1nica\u00a0\ud83c\udf3e  Y recuerda, el mundo es mejor con las abejas\u00a0\ud83d\udc1d","og_url":"https:\/\/yaomarket.cl\/product\/miel-premium-ulmo-550-grs\/","og_site_name":"YAOMARKET","article_publisher":"https:\/\/www.facebook.com\/yaomarketchile\/","article_modified_time":"2023-05-09T03:19:04+00:00","og_image":[{"width":753,"height":565,"url":"https:\/\/yaomarket.cl\/wp-content\/uploads\/2023\/05\/Diapositiva5-1.jpg","type":"image\/jpeg"}],"twitter_card":"summary_large_image","schema":{"@context":"https:\/\/schema.org","@graph":[{"@type":"WebPage","@id":"https:\/\/yaomarket.cl\/product\/miel-premium-ulmo-550-grs\/","url":"https:\/\/yaomarket.cl\/product\/miel-premium-ulmo-550-grs\/","name":"MIEL PREMIUM ULMO 550 grs - YAOMARKET","isPartOf":{"@id":"https:\/\/yaomarket.cl\/#website"},"primaryImageOfPage":{"@id":"https:\/\/yaomarket.cl\/product\/miel-premium-ulmo-550-grs\/#primaryimage"},"image":{"@id":"https:\/\/yaomarket.cl\/product\/miel-premium-ulmo-550-grs\/#primaryimage"},"thumbnailUrl":"https:\/\/yaomarket.cl\/wp-content\/uploads\/2023\/05\/Diapositiva5-1.jpg","datePublished":"2023-05-09T03:17:00+00:00","dateModified":"2023-05-09T03:19:04+00:00","breadcrumb":{"@id":"https:\/\/yaomarket.cl\/product\/miel-premium-ulmo-550-grs\/#breadcrumb"},"inLanguage":"es","potentialAction":[{"@type":"ReadAction","target":["https:\/\/yaomarket.cl\/product\/miel-premium-ulmo-550-grs\/"]}]},{"@type":"ImageObject","inLanguage":"es","@id":"https:\/\/yaomarket.cl\/product\/miel-premium-ulmo-550-grs\/#primaryimage","url":"https:\/\/yaomarket.cl\/wp-content\/uploads\/2023\/05\/Diapositiva5-1.jpg","contentUrl":"https:\/\/yaomarket.cl\/wp-content\/uploads\/2023\/05\/Diapositiva5-1.jpg","width":753,"height":565},{"@type":"BreadcrumbList","@id":"https:\/\/yaomarket.cl\/product\/miel-premium-ulmo-550-grs\/#breadcrumb","itemListElement":[{"@type":"ListItem","position":1,"name":"Portada","item":"https:\/\/yaomarket.cl\/"},{"@type":"ListItem","position":2,"name":"TIENDA","item":"https:\/\/yaomarket.cl\/?page_id=8"},{"@type":"ListItem","position":3,"name":"MIEL PREMIUM ULMO 550 grs"}]},{"@type":"WebSite","@id":"https:\/\/yaomarket.cl\/#website","url":"https:\/\/yaomarket.cl\/","name":"YAOMARKET","description":"","publisher":{"@id":"https:\/\/yaomarket.cl\/#organization"},"potentialAction":[{"@type":"SearchAction","target":{"@type":"EntryPoint","urlTemplate":"https:\/\/yaomarket.cl\/?s={search_term_string}"},"query-input":{"@type":"PropertyValueSpecification","valueRequired":true,"valueName":"search_term_string"}}],"inLanguage":"es"},{"@type":"Organization","@id":"https:\/\/yaomarket.cl\/#organization","name":"YAOMARKET","url":"https:\/\/yaomarket.cl\/","logo":{"@type":"ImageObject","inLanguage":"es","@id":"https:\/\/yaomarket.cl\/#\/schema\/logo\/image\/","url":"https:\/\/yaomarket.cl\/wp-content\/uploads\/2023\/08\/Logo-Original-Yao-Market-Circular.png","contentUrl":"https:\/\/yaomarket.cl\/wp-content\/uploads\/2023\/08\/Logo-Original-Yao-Market-Circular.png","width":522,"height":522,"caption":"YAOMARKET"},"image":{"@id":"https:\/\/yaomarket.cl\/#\/schema\/logo\/image\/"},"sameAs":["https:\/\/www.facebook.com\/yaomarketchile\/","https:\/\/www.instagram.com\/yao_market\/"]}]}},"_links":{"self":[{"href":"https:\/\/yaomarket.cl\/index.php?rest_route=\/wp\/v2\/product\/9761","targetHints":{"allow":["GET"]}}],"collection":[{"href":"https:\/\/yaomarket.cl\/index.php?rest_route=\/wp\/v2\/product"}],"about":[{"href":"https:\/\/yaomarket.cl\/index.php?rest_route=\/wp\/v2\/types\/product"}],"wp:featuredmedia":[{"embeddable":true,"href":"https:\/\/yaomarket.cl\/index.php?rest_route=\/wp\/v2\/media\/9743"}],"wp:attachment":[{"href":"https:\/\/yaomarket.cl\/index.php?rest_route=%2Fwp%2Fv2%2Fmedia&parent=9761"}],"wp:term":[{"taxonomy":"product_cat","embeddable":true,"href":"https:\/\/yaomarket.cl\/index.php?rest_route=%2Fwp%2Fv2%2Fproduct_cat&post=9761"},{"taxonomy":"product_tag","embeddable":true,"href":"https:\/\/yaomarket.cl\/index.php?rest_route=%2Fwp%2Fv2%2Fproduct_tag&post=9761"}],"curies":[{"name":"wp","href":"https:\/\/api.w.org\/{rel}","templated":true}]}}