{"id":9760,"date":"2023-05-09T03:13:26","date_gmt":"2023-05-09T03:13:26","guid":{"rendered":"https:\/\/yaomarket.cl\/?post_type=product&#038;p=9760"},"modified":"2023-05-09T03:16:18","modified_gmt":"2023-05-09T03:16:18","slug":"miel-multiflora-nativa-950-grs","status":"publish","type":"product","link":"https:\/\/yaomarket.cl\/?product=miel-multiflora-nativa-950-grs","title":{"rendered":"Miel Multiflora Nativa 950 grs"},"content":{"rendered":"<div id=\"product-description-short-427\" class=\"rte-content product-description\">\n<div class=\"rte-content product-description\"><\/div>\n<div class=\"product-actions\">\n<form id=\"add-to-cart-or-refresh\" action=\"https:\/\/europasecreta.cl\/carrito\" method=\"post\">\n<div class=\"product-variants\"><\/div>\n<div class=\"product-add-to-cart pt-3\">\n<div class=\"row extra-small-gutters product-quantity \">\n<div class=\"col col-12 col-sm-auto col-add-qty\">\n<div class=\"qty \">\n<div class=\"input-group bootstrap-touchspin\"><\/div>\n<\/div>\n<\/div>\n<\/div>\n<\/div>\n<\/form>\n<\/div>\n<\/div>\n<div class=\"product-actions\">\n<form id=\"add-to-cart-or-refresh\" action=\"https:\/\/europasecreta.cl\/carrito\" method=\"post\">\n<div class=\"product-variants\"><\/div>\n<div class=\"product-add-to-cart pt-3\">\n<div class=\"row extra-small-gutters product-quantity \">\n<div class=\"col col-12 col-sm-auto col-add-qty\">\n<div class=\"qty \">\n<div class=\"input-group bootstrap-touchspin\"><\/div>\n<\/div>\n<\/div>\n<\/div>\n<\/div>\n<\/form>\n<\/div>\n","protected":false},"excerpt":{"rendered":"<p><b>C\u00d3MO CONSUMIRLO<\/b><\/p>\n<p>&nbsp;<\/p>\n<p><span style=\"font-weight: 400;\">\u2705 Para untar el pan<\/span><\/p>\n<p><span style=\"font-weight: 400;\">\u2705 Endulza tu t\u00e9 o caf\u00e9<\/span><\/p>\n<p><span style=\"font-weight: 400;\">\u2705 Dale m\u00e1s sabor a tus frutos secos<\/span><\/p>\n<p><span style=\"font-weight: 400;\">\u2705 M\u00e9zclalo con frutas<\/span><\/p>\n<p><span style=\"font-weight: 400;\">\u00a0Lo mejor y m\u00e1s saludable es consumir una cucharadita al d\u00eda directo del envase.\u00a0<\/span><\/p>\n<p>&nbsp;<\/p>\n<p><span style=\"font-weight: 400;\">Recuerda que al ser una miel natural, el color , sabor, textura y aroma puede variar. porque las Abejas recolectan diferentes n\u00e9ctares en la temporada.\u00a0<\/span><\/p>\n<p>&nbsp;<\/p>\n<h1><span style=\"font-weight: 400;\">Disfruta del rico sabor de una miel pura y 100% natural<\/span><\/h1>\n<p><span style=\"font-weight: 400;\">\u2705 Sin aditivos<\/span><\/p>\n<p><span style=\"font-weight: 400;\">\u2705 Multifloral del bosque nativo<\/span><\/p>\n<p><span style=\"font-weight: 400;\">\u2705 Cosechada y envasada artesanalmente<\/span><\/p>\n<p>&nbsp;<\/p>\n<p><span style=\"font-weight: 400;\">Nutrir\u00e1s tu cuerpo con un\u00a0<strong>Superalimento<\/strong>, lleno de vitaminas, minerales, antioxidantes y amino\u00e1cidos esenciales, que te entregan energ\u00eda y mejoran tu salud.<\/span><\/p>\n<p>&nbsp;<\/p>\n<p><span style=\"font-weight: 400;\">Somos apicultores agroecologicos que un d\u00eda tomamos la decisi\u00f3n emprender, dejando atr\u00e1s nuestros trabajos en la ciudad para empezar esta hermosa tarea en el campo, porque amamos a las abejas y sabemos de la importancia que tienen para nuestro futuro \u2764\ufe0f<\/span><\/p>\n<h2><b>QU\u00c9 INCLUYE<\/b><\/h2>\n<p>&nbsp;<\/p>\n<p><span style=\"font-weight: 400;\">Una miel Multiflora de 950 grs., 100% pura, cruda y sin filtrar, en envase de vidrio estampado que puedes reutilizar.<\/span><\/p>\n<p>&nbsp;<\/p>\n","protected":false},"featured_media":9744,"template":"","meta":[],"product_cat":[414,384],"product_tag":[421,422],"class_list":{"0":"post-9760","1":"product","2":"type-product","3":"status-publish","4":"has-post-thumbnail","6":"product_cat-endulzantes","7":"product_cat-suplementos-y-vitaminas","8":"product_tag-miel","9":"product_tag-polen","11":"first","12":"instock","13":"shipping-taxable","14":"purchasable","15":"product-type-simple"},"yoast_head":"<!-- This site is optimized with the Yoast SEO plugin v25.2 - https:\/\/yoast.com\/wordpress\/plugins\/seo\/ -->\n<title>Miel Multiflora Nativa 950 grs - YAOMARKET<\/title>\n<meta name=\"robots\" content=\"index, follow, max-snippet:-1, max-image-preview:large, max-video-preview:-1\" \/>\n<link rel=\"canonical\" href=\"https:\/\/yaomarket.cl\/?product=miel-multiflora-nativa-950-grs\" \/>\n<meta property=\"og:locale\" content=\"es_ES\" \/>\n<meta property=\"og:type\" content=\"article\" \/>\n<meta property=\"og:title\" content=\"Miel Multiflora Nativa 950 grs - YAOMARKET\" \/>\n<meta property=\"og:description\" content=\"C\u00d3MO CONSUMIRLO  &nbsp;  \u2705 Para untar el pan  \u2705 Endulza tu t\u00e9 o caf\u00e9  \u2705 Dale m\u00e1s sabor a tus frutos secos  \u2705 M\u00e9zclalo con frutas  \u00a0Lo mejor y m\u00e1s saludable es consumir una cucharadita al d\u00eda directo del envase.\u00a0  &nbsp;  Recuerda que al ser una miel natural, el color , sabor, textura y aroma puede variar. porque las Abejas recolectan diferentes n\u00e9ctares en la temporada.\u00a0  &nbsp; Disfruta del rico sabor de una miel pura y 100% natural \u2705 Sin aditivos  \u2705 Multifloral del bosque nativo  \u2705 Cosechada y envasada artesanalmente  &nbsp;  Nutrir\u00e1s tu cuerpo con un\u00a0Superalimento, lleno de vitaminas, minerales, antioxidantes y amino\u00e1cidos esenciales, que te entregan energ\u00eda y mejoran tu salud.  &nbsp;  Somos apicultores agroecologicos que un d\u00eda tomamos la decisi\u00f3n emprender, dejando atr\u00e1s nuestros trabajos en la ciudad para empezar esta hermosa tarea en el campo, porque amamos a las abejas y sabemos de la importancia que tienen para nuestro futuro \u2764\ufe0f QU\u00c9 INCLUYE &nbsp;  Una miel Multiflora de 950 grs., 100% pura, cruda y sin filtrar, en envase de vidrio estampado que puedes reutilizar.  &nbsp;\" \/>\n<meta property=\"og:url\" content=\"https:\/\/yaomarket.cl\/?product=miel-multiflora-nativa-950-grs\" \/>\n<meta property=\"og:site_name\" content=\"YAOMARKET\" \/>\n<meta property=\"article:publisher\" content=\"https:\/\/www.facebook.com\/yaomarketchile\/\" \/>\n<meta property=\"article:modified_time\" content=\"2023-05-09T03:16:18+00:00\" \/>\n<meta property=\"og:image\" content=\"https:\/\/yaomarket.cl\/wp-content\/uploads\/2023\/05\/Diapositiva6-1.jpg\" \/>\n\t<meta property=\"og:image:width\" content=\"753\" \/>\n\t<meta property=\"og:image:height\" content=\"565\" \/>\n\t<meta property=\"og:image:type\" content=\"image\/jpeg\" \/>\n<meta name=\"twitter:card\" content=\"summary_large_image\" \/>\n<script type=\"application\/ld+json\" class=\"yoast-schema-graph\">{\"@context\":\"https:\/\/schema.org\",\"@graph\":[{\"@type\":\"WebPage\",\"@id\":\"https:\/\/yaomarket.cl\/?product=miel-multiflora-nativa-950-grs\",\"url\":\"https:\/\/yaomarket.cl\/?product=miel-multiflora-nativa-950-grs\",\"name\":\"Miel Multiflora Nativa 950 grs - YAOMARKET\",\"isPartOf\":{\"@id\":\"https:\/\/yaomarket.cl\/#website\"},\"primaryImageOfPage\":{\"@id\":\"https:\/\/yaomarket.cl\/?product=miel-multiflora-nativa-950-grs#primaryimage\"},\"image\":{\"@id\":\"https:\/\/yaomarket.cl\/?product=miel-multiflora-nativa-950-grs#primaryimage\"},\"thumbnailUrl\":\"https:\/\/yaomarket.cl\/wp-content\/uploads\/2023\/05\/Diapositiva6-1.jpg\",\"datePublished\":\"2023-05-09T03:13:26+00:00\",\"dateModified\":\"2023-05-09T03:16:18+00:00\",\"breadcrumb\":{\"@id\":\"https:\/\/yaomarket.cl\/?product=miel-multiflora-nativa-950-grs#breadcrumb\"},\"inLanguage\":\"es\",\"potentialAction\":[{\"@type\":\"ReadAction\",\"target\":[\"https:\/\/yaomarket.cl\/?product=miel-multiflora-nativa-950-grs\"]}]},{\"@type\":\"ImageObject\",\"inLanguage\":\"es\",\"@id\":\"https:\/\/yaomarket.cl\/?product=miel-multiflora-nativa-950-grs#primaryimage\",\"url\":\"https:\/\/yaomarket.cl\/wp-content\/uploads\/2023\/05\/Diapositiva6-1.jpg\",\"contentUrl\":\"https:\/\/yaomarket.cl\/wp-content\/uploads\/2023\/05\/Diapositiva6-1.jpg\",\"width\":753,\"height\":565},{\"@type\":\"BreadcrumbList\",\"@id\":\"https:\/\/yaomarket.cl\/?product=miel-multiflora-nativa-950-grs#breadcrumb\",\"itemListElement\":[{\"@type\":\"ListItem\",\"position\":1,\"name\":\"Portada\",\"item\":\"https:\/\/yaomarket.cl\/\"},{\"@type\":\"ListItem\",\"position\":2,\"name\":\"TIENDA\",\"item\":\"https:\/\/yaomarket.cl\/?page_id=8\"},{\"@type\":\"ListItem\",\"position\":3,\"name\":\"Miel Multiflora Nativa 950 grs\"}]},{\"@type\":\"WebSite\",\"@id\":\"https:\/\/yaomarket.cl\/#website\",\"url\":\"https:\/\/yaomarket.cl\/\",\"name\":\"YAOMARKET\",\"description\":\"\",\"publisher\":{\"@id\":\"https:\/\/yaomarket.cl\/#organization\"},\"potentialAction\":[{\"@type\":\"SearchAction\",\"target\":{\"@type\":\"EntryPoint\",\"urlTemplate\":\"https:\/\/yaomarket.cl\/?s={search_term_string}\"},\"query-input\":{\"@type\":\"PropertyValueSpecification\",\"valueRequired\":true,\"valueName\":\"search_term_string\"}}],\"inLanguage\":\"es\"},{\"@type\":\"Organization\",\"@id\":\"https:\/\/yaomarket.cl\/#organization\",\"name\":\"YAOMARKET\",\"url\":\"https:\/\/yaomarket.cl\/\",\"logo\":{\"@type\":\"ImageObject\",\"inLanguage\":\"es\",\"@id\":\"https:\/\/yaomarket.cl\/#\/schema\/logo\/image\/\",\"url\":\"https:\/\/yaomarket.cl\/wp-content\/uploads\/2023\/08\/Logo-Original-Yao-Market-Circular.png\",\"contentUrl\":\"https:\/\/yaomarket.cl\/wp-content\/uploads\/2023\/08\/Logo-Original-Yao-Market-Circular.png\",\"width\":522,\"height\":522,\"caption\":\"YAOMARKET\"},\"image\":{\"@id\":\"https:\/\/yaomarket.cl\/#\/schema\/logo\/image\/\"},\"sameAs\":[\"https:\/\/www.facebook.com\/yaomarketchile\/\",\"https:\/\/www.instagram.com\/yao_market\/\"]}]}<\/script>\n<!-- \/ Yoast SEO plugin. -->","yoast_head_json":{"title":"Miel Multiflora Nativa 950 grs - YAOMARKET","robots":{"index":"index","follow":"follow","max-snippet":"max-snippet:-1","max-image-preview":"max-image-preview:large","max-video-preview":"max-video-preview:-1"},"canonical":"https:\/\/yaomarket.cl\/?product=miel-multiflora-nativa-950-grs","og_locale":"es_ES","og_type":"article","og_title":"Miel Multiflora Nativa 950 grs - YAOMARKET","og_description":"C\u00d3MO CONSUMIRLO  &nbsp;  \u2705 Para untar el pan  \u2705 Endulza tu t\u00e9 o caf\u00e9  \u2705 Dale m\u00e1s sabor a tus frutos secos  \u2705 M\u00e9zclalo con frutas  \u00a0Lo mejor y m\u00e1s saludable es consumir una cucharadita al d\u00eda directo del envase.\u00a0  &nbsp;  Recuerda que al ser una miel natural, el color , sabor, textura y aroma puede variar. porque las Abejas recolectan diferentes n\u00e9ctares en la temporada.\u00a0  &nbsp; Disfruta del rico sabor de una miel pura y 100% natural \u2705 Sin aditivos  \u2705 Multifloral del bosque nativo  \u2705 Cosechada y envasada artesanalmente  &nbsp;  Nutrir\u00e1s tu cuerpo con un\u00a0Superalimento, lleno de vitaminas, minerales, antioxidantes y amino\u00e1cidos esenciales, que te entregan energ\u00eda y mejoran tu salud.  &nbsp;  Somos apicultores agroecologicos que un d\u00eda tomamos la decisi\u00f3n emprender, dejando atr\u00e1s nuestros trabajos en la ciudad para empezar esta hermosa tarea en el campo, porque amamos a las abejas y sabemos de la importancia que tienen para nuestro futuro \u2764\ufe0f QU\u00c9 INCLUYE &nbsp;  Una miel Multiflora de 950 grs., 100% pura, cruda y sin filtrar, en envase de vidrio estampado que puedes reutilizar.  &nbsp;","og_url":"https:\/\/yaomarket.cl\/?product=miel-multiflora-nativa-950-grs","og_site_name":"YAOMARKET","article_publisher":"https:\/\/www.facebook.com\/yaomarketchile\/","article_modified_time":"2023-05-09T03:16:18+00:00","og_image":[{"width":753,"height":565,"url":"https:\/\/yaomarket.cl\/wp-content\/uploads\/2023\/05\/Diapositiva6-1.jpg","type":"image\/jpeg"}],"twitter_card":"summary_large_image","schema":{"@context":"https:\/\/schema.org","@graph":[{"@type":"WebPage","@id":"https:\/\/yaomarket.cl\/?product=miel-multiflora-nativa-950-grs","url":"https:\/\/yaomarket.cl\/?product=miel-multiflora-nativa-950-grs","name":"Miel Multiflora Nativa 950 grs - YAOMARKET","isPartOf":{"@id":"https:\/\/yaomarket.cl\/#website"},"primaryImageOfPage":{"@id":"https:\/\/yaomarket.cl\/?product=miel-multiflora-nativa-950-grs#primaryimage"},"image":{"@id":"https:\/\/yaomarket.cl\/?product=miel-multiflora-nativa-950-grs#primaryimage"},"thumbnailUrl":"https:\/\/yaomarket.cl\/wp-content\/uploads\/2023\/05\/Diapositiva6-1.jpg","datePublished":"2023-05-09T03:13:26+00:00","dateModified":"2023-05-09T03:16:18+00:00","breadcrumb":{"@id":"https:\/\/yaomarket.cl\/?product=miel-multiflora-nativa-950-grs#breadcrumb"},"inLanguage":"es","potentialAction":[{"@type":"ReadAction","target":["https:\/\/yaomarket.cl\/?product=miel-multiflora-nativa-950-grs"]}]},{"@type":"ImageObject","inLanguage":"es","@id":"https:\/\/yaomarket.cl\/?product=miel-multiflora-nativa-950-grs#primaryimage","url":"https:\/\/yaomarket.cl\/wp-content\/uploads\/2023\/05\/Diapositiva6-1.jpg","contentUrl":"https:\/\/yaomarket.cl\/wp-content\/uploads\/2023\/05\/Diapositiva6-1.jpg","width":753,"height":565},{"@type":"BreadcrumbList","@id":"https:\/\/yaomarket.cl\/?product=miel-multiflora-nativa-950-grs#breadcrumb","itemListElement":[{"@type":"ListItem","position":1,"name":"Portada","item":"https:\/\/yaomarket.cl\/"},{"@type":"ListItem","position":2,"name":"TIENDA","item":"https:\/\/yaomarket.cl\/?page_id=8"},{"@type":"ListItem","position":3,"name":"Miel Multiflora Nativa 950 grs"}]},{"@type":"WebSite","@id":"https:\/\/yaomarket.cl\/#website","url":"https:\/\/yaomarket.cl\/","name":"YAOMARKET","description":"","publisher":{"@id":"https:\/\/yaomarket.cl\/#organization"},"potentialAction":[{"@type":"SearchAction","target":{"@type":"EntryPoint","urlTemplate":"https:\/\/yaomarket.cl\/?s={search_term_string}"},"query-input":{"@type":"PropertyValueSpecification","valueRequired":true,"valueName":"search_term_string"}}],"inLanguage":"es"},{"@type":"Organization","@id":"https:\/\/yaomarket.cl\/#organization","name":"YAOMARKET","url":"https:\/\/yaomarket.cl\/","logo":{"@type":"ImageObject","inLanguage":"es","@id":"https:\/\/yaomarket.cl\/#\/schema\/logo\/image\/","url":"https:\/\/yaomarket.cl\/wp-content\/uploads\/2023\/08\/Logo-Original-Yao-Market-Circular.png","contentUrl":"https:\/\/yaomarket.cl\/wp-content\/uploads\/2023\/08\/Logo-Original-Yao-Market-Circular.png","width":522,"height":522,"caption":"YAOMARKET"},"image":{"@id":"https:\/\/yaomarket.cl\/#\/schema\/logo\/image\/"},"sameAs":["https:\/\/www.facebook.com\/yaomarketchile\/","https:\/\/www.instagram.com\/yao_market\/"]}]}},"_links":{"self":[{"href":"https:\/\/yaomarket.cl\/index.php?rest_route=\/wp\/v2\/product\/9760","targetHints":{"allow":["GET"]}}],"collection":[{"href":"https:\/\/yaomarket.cl\/index.php?rest_route=\/wp\/v2\/product"}],"about":[{"href":"https:\/\/yaomarket.cl\/index.php?rest_route=\/wp\/v2\/types\/product"}],"wp:featuredmedia":[{"embeddable":true,"href":"https:\/\/yaomarket.cl\/index.php?rest_route=\/wp\/v2\/media\/9744"}],"wp:attachment":[{"href":"https:\/\/yaomarket.cl\/index.php?rest_route=%2Fwp%2Fv2%2Fmedia&parent=9760"}],"wp:term":[{"taxonomy":"product_cat","embeddable":true,"href":"https:\/\/yaomarket.cl\/index.php?rest_route=%2Fwp%2Fv2%2Fproduct_cat&post=9760"},{"taxonomy":"product_tag","embeddable":true,"href":"https:\/\/yaomarket.cl\/index.php?rest_route=%2Fwp%2Fv2%2Fproduct_tag&post=9760"}],"curies":[{"name":"wp","href":"https:\/\/api.w.org\/{rel}","templated":true}]}}