{"id":9736,"date":"2023-05-04T03:11:03","date_gmt":"2023-05-04T03:11:03","guid":{"rendered":"https:\/\/yaomarket.cl\/?post_type=product&#038;p=9736"},"modified":"2025-11-04T15:59:58","modified_gmt":"2025-11-04T15:59:58","slug":"fnl-te-matcha-400gr","status":"publish","type":"product","link":"https:\/\/yaomarket.cl\/?product=fnl-te-matcha-400gr","title":{"rendered":"FNL T\u00e9 matcha 400gr"},"content":{"rendered":"<div id=\"product-description-short-427\" class=\"rte-content product-description\">\n<div class=\"rte-content product-description\"><\/div>\n<div class=\"product-actions\">\n<form id=\"add-to-cart-or-refresh\" action=\"https:\/\/europasecreta.cl\/carrito\" method=\"post\">\n<div class=\"product-variants\"><\/div>\n<div class=\"product-add-to-cart pt-3\">\n<div class=\"row extra-small-gutters product-quantity \">\n<div class=\"col col-12 col-sm-auto col-add-qty\">\n<div class=\"qty \">\n<div class=\"input-group bootstrap-touchspin\"><\/div>\n<\/div>\n<\/div>\n<\/div>\n<\/div>\n<\/form>\n<\/div>\n<\/div>\n<div class=\"product-actions\">\n<form id=\"add-to-cart-or-refresh\" action=\"https:\/\/europasecreta.cl\/carrito\" method=\"post\">\n<div class=\"product-variants\"><\/div>\n<div class=\"product-add-to-cart pt-3\">\n<div class=\"row extra-small-gutters product-quantity \">\n<div class=\"col col-12 col-sm-auto col-add-qty\">\n<div class=\"qty \">\n<div class=\"input-group bootstrap-touchspin\"><\/div>\n<\/div>\n<\/div>\n<\/div>\n<\/div>\n<\/form>\n<\/div>\n","protected":false},"excerpt":{"rendered":"<section class=\"elementor-section elementor-top-section elementor-element elementor-element-921c5da elementor-section-boxed elementor-section-height-default elementor-section-height-default\" data-id=\"921c5da\" data-element_type=\"section\">\n<div class=\"elementor-container elementor-column-gap-wider\">\n<div class=\"elementor-row\">\n<div class=\"elementor-column elementor-col-50 elementor-top-column elementor-element elementor-element-70bed79\" data-id=\"70bed79\" data-element_type=\"column\">\n<div class=\"elementor-column-wrap elementor-element-populated\">\n<div class=\"elementor-widget-wrap\">\n<div class=\"elementor-element elementor-element-0f85de5 elementor-widget elementor-widget-woocommerce-product-title elementor-page-title elementor-widget-heading\" data-id=\"0f85de5\" data-element_type=\"widget\" data-widget_type=\"woocommerce-product-title.default\">\n<div class=\"elementor-widget-container\">\n<h1 class=\"product_title entry-title elementor-heading-title elementor-size-default\">T\u00c9 MATCHA EN POLVO FRASCO 400 GRAMOS &#8211; FNL<\/h1>\n<\/div>\n<\/div>\n<div class=\"elementor-element elementor-element-9a25d96 elementor-widget elementor-widget-woocommerce-product-short-description\" data-id=\"9a25d96\" data-element_type=\"widget\" data-widget_type=\"woocommerce-product-short-description.default\">\n<div class=\"elementor-widget-container\">\n<div class=\"woocommerce-product-details__short-description\">\n<ul>\n<li>Fortalece el sistema inmunitario y ayuda a reducir el estr\u00e9s.<\/li>\n<li>Estimula la mente y relaja el cuerpo.<\/li>\n<li>Ayuda a prevenir el c\u00e1ncer, infecciones y las caries.<\/li>\n<li>Ayuda a mantener sanas las arterias y a controlar la hipertensi\u00f3n.<\/li>\n<li>Ayuda a bajar los niveles de az\u00facar en sangre.<\/li>\n<li>Ayuda a controlar la diabetes y a prevenir la fibrosis hep\u00e1tica.<\/li>\n<li>Ayuda a prevenir los signos del Alzheimer.<\/li>\n<li>Debido a su gran contenido de antioxidantes ayuda a eliminar los radicales libres.<\/li>\n<li>Ayuda a mejorar el aspecto de la piel y de las u\u00f1as.<\/li>\n<li>Ayuda a quemar las grasas y bajar de peso.<\/li>\n<li>Sacia el hambre y apaga la sed de forma totalmente natural.<\/li>\n<\/ul>\n<\/div>\n<\/div>\n<\/div>\n<div class=\"elementor-element elementor-element-2217f2f elementor-add-to-cart-mobile--align-left elementor-widget elementor-widget-woocommerce-product-add-to-cart\" data-id=\"2217f2f\" data-element_type=\"widget\" data-widget_type=\"woocommerce-product-add-to-cart.default\">\n<div class=\"elementor-widget-container\">\n<div class=\"elementor-add-to-cart elementor-product-simple\"><\/div>\n<\/div>\n<\/div>\n<\/div>\n<\/div>\n<\/div>\n<\/div>\n<\/div>\n<\/section>\n<section class=\"elementor-section elementor-top-section elementor-element elementor-element-99e39c7 elementor-section-boxed elementor-section-height-default elementor-section-height-default\" data-id=\"99e39c7\" data-element_type=\"section\">\n<div class=\"elementor-container elementor-column-gap-default\">\n<div class=\"elementor-row\">\n<div class=\"elementor-column elementor-col-100 elementor-top-column elementor-element elementor-element-e4dd5f5\" data-id=\"e4dd5f5\" data-element_type=\"column\">\n<div class=\"elementor-column-wrap elementor-element-populated\">\n<div class=\"elementor-widget-wrap\">\n<div class=\"elementor-element elementor-element-64e3ea2 e-transform e-transform elementor-widget elementor-widget-woocommerce-product-data-tabs\" data-id=\"64e3ea2\" data-element_type=\"widget\" data-settings=\"{&quot;_transform_rotateZ_effect&quot;:{&quot;unit&quot;:&quot;px&quot;,&quot;size&quot;:&quot;&quot;,&quot;sizes&quot;:[]},&quot;_transform_rotateZ_effect_tablet&quot;:{&quot;unit&quot;:&quot;deg&quot;,&quot;size&quot;:&quot;&quot;,&quot;sizes&quot;:[]},&quot;_transform_rotateZ_effect_mobile&quot;:{&quot;unit&quot;:&quot;deg&quot;,&quot;size&quot;:&quot;&quot;,&quot;sizes&quot;:[]},&quot;_transform_translateX_effect&quot;:{&quot;unit&quot;:&quot;px&quot;,&quot;size&quot;:&quot;&quot;,&quot;sizes&quot;:[]},&quot;_transform_translateX_effect_tablet&quot;:{&quot;unit&quot;:&quot;px&quot;,&quot;size&quot;:&quot;&quot;,&quot;sizes&quot;:[]},&quot;_transform_translateX_effect_mobile&quot;:{&quot;unit&quot;:&quot;px&quot;,&quot;size&quot;:&quot;&quot;,&quot;sizes&quot;:[]},&quot;_transform_translateY_effect&quot;:{&quot;unit&quot;:&quot;px&quot;,&quot;size&quot;:&quot;&quot;,&quot;sizes&quot;:[]},&quot;_transform_translateY_effect_tablet&quot;:{&quot;unit&quot;:&quot;px&quot;,&quot;size&quot;:&quot;&quot;,&quot;sizes&quot;:[]},&quot;_transform_translateY_effect_mobile&quot;:{&quot;unit&quot;:&quot;px&quot;,&quot;size&quot;:&quot;&quot;,&quot;sizes&quot;:[]}}\" data-widget_type=\"woocommerce-product-data-tabs.default\">\n<div class=\"elementor-widget-container\">\n<div class=\"woocommerce-tabs wc-tabs-wrapper\">\n<div id=\"tab-description\" class=\"woocommerce-Tabs-panel woocommerce-Tabs-panel--description panel entry-content wc-tab\" role=\"tabpanel\" aria-labelledby=\"tab-title-description\">\n<h2>DESCRIPCI\u00d3N<\/h2>\n<p>El\u00a0<strong>t\u00e9 Matcha<\/strong>\u00a0es un t\u00e9 verde de origen chino, aunque muchas personas lo conocen por su relaci\u00f3n con la cultura japonesa. Comenz\u00f3 a beberse en China durante la dinast\u00eda Song (960-1279). Desde hace mucho tiempo los monjes budistas descubrieron que el t\u00e9 ayuda a mantener la mente alerta mientras favorece a la relajaci\u00f3n del cuerpo, condiciones ideales para meditar. Es por esto que muchos japoneses viajaron a China a estudiar budismo Zen y llevaron de regreso a Jap\u00f3n la costumbre de tomar t\u00e9 Matcha. Esta costumbre se convirti\u00f3 luego en un elemento importante de de la ceremonia japonesa del t\u00e9.<\/p>\n<p>A diferencia del resto de los t\u00e9s que se presentan en hebras (en hojas sueltas), el Matcha tiene la particularidad de que sus hojas est\u00e1n molidas en forma de un polvo muy fino. Para consumirlo es necesario batirlo con agua. Esto hace que los beneficios del t\u00e9 matcha para la salud sean m\u00e1s efectivos que los de los t\u00e9s en hebras, ya que los compuestos saludables que van a la taza est\u00e1n m\u00e1s concentrados.<\/p>\n<h2><\/h2>\n<\/div>\n<\/div>\n<\/div>\n<\/div>\n<\/div>\n<\/div>\n<\/div>\n<\/div>\n<\/div>\n<\/section>\n","protected":false},"featured_media":9733,"template":"","meta":[],"product_cat":[384],"product_tag":[413,411,410,392,388],"class_list":{"0":"post-9736","1":"product","2":"type-product","3":"status-publish","4":"has-post-thumbnail","6":"product_cat-suplementos-y-vitaminas","7":"product_tag-fnl","8":"product_tag-quemador-de-grasa","9":"product_tag-te-matcha","10":"product_tag-vitamina","11":"product_tag-vitaminas","13":"first","14":"outofstock","15":"shipping-taxable","16":"purchasable","17":"product-type-simple"},"yoast_head":"<!-- This site is optimized with the Yoast SEO plugin v25.2 - https:\/\/yoast.com\/wordpress\/plugins\/seo\/ -->\n<title>FNL T\u00e9 matcha 400gr - YAOMARKET<\/title>\n<meta name=\"robots\" content=\"index, follow, max-snippet:-1, max-image-preview:large, max-video-preview:-1\" \/>\n<link rel=\"canonical\" href=\"https:\/\/yaomarket.cl\/?product=fnl-te-matcha-400gr\" \/>\n<meta property=\"og:locale\" content=\"es_ES\" \/>\n<meta property=\"og:type\" content=\"article\" \/>\n<meta property=\"og:title\" content=\"FNL T\u00e9 matcha 400gr - YAOMARKET\" \/>\n<meta property=\"og:description\" content=\"T\u00c9 MATCHA EN POLVO FRASCO 400 GRAMOS - FNL        Fortalece el sistema inmunitario y ayuda a reducir el estr\u00e9s.  Estimula la mente y relaja el cuerpo.  Ayuda a prevenir el c\u00e1ncer, infecciones y las caries.  Ayuda a mantener sanas las arterias y a controlar la hipertensi\u00f3n.  Ayuda a bajar los niveles de az\u00facar en sangre.  Ayuda a controlar la diabetes y a prevenir la fibrosis hep\u00e1tica.  Ayuda a prevenir los signos del Alzheimer.  Debido a su gran contenido de antioxidantes ayuda a eliminar los radicales libres.  Ayuda a mejorar el aspecto de la piel y de las u\u00f1as.  Ayuda a quemar las grasas y bajar de peso.  Sacia el hambre y apaga la sed de forma totalmente natural.                         DESCRIPCI\u00d3N El\u00a0t\u00e9 Matcha\u00a0es un t\u00e9 verde de origen chino, aunque muchas personas lo conocen por su relaci\u00f3n con la cultura japonesa. Comenz\u00f3 a beberse en China durante la dinast\u00eda Song (960-1279). Desde hace mucho tiempo los monjes budistas descubrieron que el t\u00e9 ayuda a mantener la mente alerta mientras favorece a la relajaci\u00f3n del cuerpo, condiciones ideales para meditar. Es por esto que muchos japoneses viajaron a China a estudiar budismo Zen y llevaron de regreso a Jap\u00f3n la costumbre de tomar t\u00e9 Matcha. Esta costumbre se convirti\u00f3 luego en un elemento importante de de la ceremonia japonesa del t\u00e9.  A diferencia del resto de los t\u00e9s que se presentan en hebras (en hojas sueltas), el Matcha tiene la particularidad de que sus hojas est\u00e1n molidas en forma de un polvo muy fino. Para consumirlo es necesario batirlo con agua. Esto hace que los beneficios del t\u00e9 matcha para la salud sean m\u00e1s efectivos que los de los t\u00e9s en hebras, ya que los compuestos saludables que van a la taza est\u00e1n m\u00e1s concentrados.\" \/>\n<meta property=\"og:url\" content=\"https:\/\/yaomarket.cl\/?product=fnl-te-matcha-400gr\" \/>\n<meta property=\"og:site_name\" content=\"YAOMARKET\" \/>\n<meta property=\"article:publisher\" content=\"https:\/\/www.facebook.com\/yaomarketchile\/\" \/>\n<meta property=\"article:modified_time\" content=\"2025-11-04T15:59:58+00:00\" \/>\n<meta property=\"og:image\" content=\"https:\/\/yaomarket.cl\/wp-content\/uploads\/2023\/05\/Diapositiva4-1.jpg\" \/>\n\t<meta property=\"og:image:width\" content=\"753\" \/>\n\t<meta property=\"og:image:height\" content=\"565\" \/>\n\t<meta property=\"og:image:type\" content=\"image\/jpeg\" \/>\n<meta name=\"twitter:card\" content=\"summary_large_image\" \/>\n<script type=\"application\/ld+json\" class=\"yoast-schema-graph\">{\"@context\":\"https:\/\/schema.org\",\"@graph\":[{\"@type\":\"WebPage\",\"@id\":\"https:\/\/yaomarket.cl\/?product=fnl-te-matcha-400gr\",\"url\":\"https:\/\/yaomarket.cl\/?product=fnl-te-matcha-400gr\",\"name\":\"FNL T\u00e9 matcha 400gr - YAOMARKET\",\"isPartOf\":{\"@id\":\"https:\/\/yaomarket.cl\/#website\"},\"primaryImageOfPage\":{\"@id\":\"https:\/\/yaomarket.cl\/?product=fnl-te-matcha-400gr#primaryimage\"},\"image\":{\"@id\":\"https:\/\/yaomarket.cl\/?product=fnl-te-matcha-400gr#primaryimage\"},\"thumbnailUrl\":\"https:\/\/yaomarket.cl\/wp-content\/uploads\/2023\/05\/Diapositiva4-1.jpg\",\"datePublished\":\"2023-05-04T03:11:03+00:00\",\"dateModified\":\"2025-11-04T15:59:58+00:00\",\"breadcrumb\":{\"@id\":\"https:\/\/yaomarket.cl\/?product=fnl-te-matcha-400gr#breadcrumb\"},\"inLanguage\":\"es\",\"potentialAction\":[{\"@type\":\"ReadAction\",\"target\":[\"https:\/\/yaomarket.cl\/?product=fnl-te-matcha-400gr\"]}]},{\"@type\":\"ImageObject\",\"inLanguage\":\"es\",\"@id\":\"https:\/\/yaomarket.cl\/?product=fnl-te-matcha-400gr#primaryimage\",\"url\":\"https:\/\/yaomarket.cl\/wp-content\/uploads\/2023\/05\/Diapositiva4-1.jpg\",\"contentUrl\":\"https:\/\/yaomarket.cl\/wp-content\/uploads\/2023\/05\/Diapositiva4-1.jpg\",\"width\":753,\"height\":565},{\"@type\":\"BreadcrumbList\",\"@id\":\"https:\/\/yaomarket.cl\/?product=fnl-te-matcha-400gr#breadcrumb\",\"itemListElement\":[{\"@type\":\"ListItem\",\"position\":1,\"name\":\"Portada\",\"item\":\"https:\/\/yaomarket.cl\/\"},{\"@type\":\"ListItem\",\"position\":2,\"name\":\"TIENDA\",\"item\":\"https:\/\/yaomarket.cl\/?page_id=8\"},{\"@type\":\"ListItem\",\"position\":3,\"name\":\"FNL T\u00e9 matcha 400gr\"}]},{\"@type\":\"WebSite\",\"@id\":\"https:\/\/yaomarket.cl\/#website\",\"url\":\"https:\/\/yaomarket.cl\/\",\"name\":\"YAOMARKET\",\"description\":\"\",\"publisher\":{\"@id\":\"https:\/\/yaomarket.cl\/#organization\"},\"potentialAction\":[{\"@type\":\"SearchAction\",\"target\":{\"@type\":\"EntryPoint\",\"urlTemplate\":\"https:\/\/yaomarket.cl\/?s={search_term_string}\"},\"query-input\":{\"@type\":\"PropertyValueSpecification\",\"valueRequired\":true,\"valueName\":\"search_term_string\"}}],\"inLanguage\":\"es\"},{\"@type\":\"Organization\",\"@id\":\"https:\/\/yaomarket.cl\/#organization\",\"name\":\"YAOMARKET\",\"url\":\"https:\/\/yaomarket.cl\/\",\"logo\":{\"@type\":\"ImageObject\",\"inLanguage\":\"es\",\"@id\":\"https:\/\/yaomarket.cl\/#\/schema\/logo\/image\/\",\"url\":\"https:\/\/yaomarket.cl\/wp-content\/uploads\/2023\/08\/Logo-Original-Yao-Market-Circular.png\",\"contentUrl\":\"https:\/\/yaomarket.cl\/wp-content\/uploads\/2023\/08\/Logo-Original-Yao-Market-Circular.png\",\"width\":522,\"height\":522,\"caption\":\"YAOMARKET\"},\"image\":{\"@id\":\"https:\/\/yaomarket.cl\/#\/schema\/logo\/image\/\"},\"sameAs\":[\"https:\/\/www.facebook.com\/yaomarketchile\/\",\"https:\/\/www.instagram.com\/yao_market\/\"]}]}<\/script>\n<!-- \/ Yoast SEO plugin. -->","yoast_head_json":{"title":"FNL T\u00e9 matcha 400gr - YAOMARKET","robots":{"index":"index","follow":"follow","max-snippet":"max-snippet:-1","max-image-preview":"max-image-preview:large","max-video-preview":"max-video-preview:-1"},"canonical":"https:\/\/yaomarket.cl\/?product=fnl-te-matcha-400gr","og_locale":"es_ES","og_type":"article","og_title":"FNL T\u00e9 matcha 400gr - YAOMARKET","og_description":"T\u00c9 MATCHA EN POLVO FRASCO 400 GRAMOS - FNL        Fortalece el sistema inmunitario y ayuda a reducir el estr\u00e9s.  Estimula la mente y relaja el cuerpo.  Ayuda a prevenir el c\u00e1ncer, infecciones y las caries.  Ayuda a mantener sanas las arterias y a controlar la hipertensi\u00f3n.  Ayuda a bajar los niveles de az\u00facar en sangre.  Ayuda a controlar la diabetes y a prevenir la fibrosis hep\u00e1tica.  Ayuda a prevenir los signos del Alzheimer.  Debido a su gran contenido de antioxidantes ayuda a eliminar los radicales libres.  Ayuda a mejorar el aspecto de la piel y de las u\u00f1as.  Ayuda a quemar las grasas y bajar de peso.  Sacia el hambre y apaga la sed de forma totalmente natural.                         DESCRIPCI\u00d3N El\u00a0t\u00e9 Matcha\u00a0es un t\u00e9 verde de origen chino, aunque muchas personas lo conocen por su relaci\u00f3n con la cultura japonesa. Comenz\u00f3 a beberse en China durante la dinast\u00eda Song (960-1279). Desde hace mucho tiempo los monjes budistas descubrieron que el t\u00e9 ayuda a mantener la mente alerta mientras favorece a la relajaci\u00f3n del cuerpo, condiciones ideales para meditar. Es por esto que muchos japoneses viajaron a China a estudiar budismo Zen y llevaron de regreso a Jap\u00f3n la costumbre de tomar t\u00e9 Matcha. Esta costumbre se convirti\u00f3 luego en un elemento importante de de la ceremonia japonesa del t\u00e9.  A diferencia del resto de los t\u00e9s que se presentan en hebras (en hojas sueltas), el Matcha tiene la particularidad de que sus hojas est\u00e1n molidas en forma de un polvo muy fino. Para consumirlo es necesario batirlo con agua. Esto hace que los beneficios del t\u00e9 matcha para la salud sean m\u00e1s efectivos que los de los t\u00e9s en hebras, ya que los compuestos saludables que van a la taza est\u00e1n m\u00e1s concentrados.","og_url":"https:\/\/yaomarket.cl\/?product=fnl-te-matcha-400gr","og_site_name":"YAOMARKET","article_publisher":"https:\/\/www.facebook.com\/yaomarketchile\/","article_modified_time":"2025-11-04T15:59:58+00:00","og_image":[{"width":753,"height":565,"url":"https:\/\/yaomarket.cl\/wp-content\/uploads\/2023\/05\/Diapositiva4-1.jpg","type":"image\/jpeg"}],"twitter_card":"summary_large_image","schema":{"@context":"https:\/\/schema.org","@graph":[{"@type":"WebPage","@id":"https:\/\/yaomarket.cl\/?product=fnl-te-matcha-400gr","url":"https:\/\/yaomarket.cl\/?product=fnl-te-matcha-400gr","name":"FNL T\u00e9 matcha 400gr - YAOMARKET","isPartOf":{"@id":"https:\/\/yaomarket.cl\/#website"},"primaryImageOfPage":{"@id":"https:\/\/yaomarket.cl\/?product=fnl-te-matcha-400gr#primaryimage"},"image":{"@id":"https:\/\/yaomarket.cl\/?product=fnl-te-matcha-400gr#primaryimage"},"thumbnailUrl":"https:\/\/yaomarket.cl\/wp-content\/uploads\/2023\/05\/Diapositiva4-1.jpg","datePublished":"2023-05-04T03:11:03+00:00","dateModified":"2025-11-04T15:59:58+00:00","breadcrumb":{"@id":"https:\/\/yaomarket.cl\/?product=fnl-te-matcha-400gr#breadcrumb"},"inLanguage":"es","potentialAction":[{"@type":"ReadAction","target":["https:\/\/yaomarket.cl\/?product=fnl-te-matcha-400gr"]}]},{"@type":"ImageObject","inLanguage":"es","@id":"https:\/\/yaomarket.cl\/?product=fnl-te-matcha-400gr#primaryimage","url":"https:\/\/yaomarket.cl\/wp-content\/uploads\/2023\/05\/Diapositiva4-1.jpg","contentUrl":"https:\/\/yaomarket.cl\/wp-content\/uploads\/2023\/05\/Diapositiva4-1.jpg","width":753,"height":565},{"@type":"BreadcrumbList","@id":"https:\/\/yaomarket.cl\/?product=fnl-te-matcha-400gr#breadcrumb","itemListElement":[{"@type":"ListItem","position":1,"name":"Portada","item":"https:\/\/yaomarket.cl\/"},{"@type":"ListItem","position":2,"name":"TIENDA","item":"https:\/\/yaomarket.cl\/?page_id=8"},{"@type":"ListItem","position":3,"name":"FNL T\u00e9 matcha 400gr"}]},{"@type":"WebSite","@id":"https:\/\/yaomarket.cl\/#website","url":"https:\/\/yaomarket.cl\/","name":"YAOMARKET","description":"","publisher":{"@id":"https:\/\/yaomarket.cl\/#organization"},"potentialAction":[{"@type":"SearchAction","target":{"@type":"EntryPoint","urlTemplate":"https:\/\/yaomarket.cl\/?s={search_term_string}"},"query-input":{"@type":"PropertyValueSpecification","valueRequired":true,"valueName":"search_term_string"}}],"inLanguage":"es"},{"@type":"Organization","@id":"https:\/\/yaomarket.cl\/#organization","name":"YAOMARKET","url":"https:\/\/yaomarket.cl\/","logo":{"@type":"ImageObject","inLanguage":"es","@id":"https:\/\/yaomarket.cl\/#\/schema\/logo\/image\/","url":"https:\/\/yaomarket.cl\/wp-content\/uploads\/2023\/08\/Logo-Original-Yao-Market-Circular.png","contentUrl":"https:\/\/yaomarket.cl\/wp-content\/uploads\/2023\/08\/Logo-Original-Yao-Market-Circular.png","width":522,"height":522,"caption":"YAOMARKET"},"image":{"@id":"https:\/\/yaomarket.cl\/#\/schema\/logo\/image\/"},"sameAs":["https:\/\/www.facebook.com\/yaomarketchile\/","https:\/\/www.instagram.com\/yao_market\/"]}]}},"_links":{"self":[{"href":"https:\/\/yaomarket.cl\/index.php?rest_route=\/wp\/v2\/product\/9736","targetHints":{"allow":["GET"]}}],"collection":[{"href":"https:\/\/yaomarket.cl\/index.php?rest_route=\/wp\/v2\/product"}],"about":[{"href":"https:\/\/yaomarket.cl\/index.php?rest_route=\/wp\/v2\/types\/product"}],"wp:featuredmedia":[{"embeddable":true,"href":"https:\/\/yaomarket.cl\/index.php?rest_route=\/wp\/v2\/media\/9733"}],"wp:attachment":[{"href":"https:\/\/yaomarket.cl\/index.php?rest_route=%2Fwp%2Fv2%2Fmedia&parent=9736"}],"wp:term":[{"taxonomy":"product_cat","embeddable":true,"href":"https:\/\/yaomarket.cl\/index.php?rest_route=%2Fwp%2Fv2%2Fproduct_cat&post=9736"},{"taxonomy":"product_tag","embeddable":true,"href":"https:\/\/yaomarket.cl\/index.php?rest_route=%2Fwp%2Fv2%2Fproduct_tag&post=9736"}],"curies":[{"name":"wp","href":"https:\/\/api.w.org\/{rel}","templated":true}]}}