{"id":9728,"date":"2023-05-04T01:50:05","date_gmt":"2023-05-04T01:50:05","guid":{"rendered":"https:\/\/yaomarket.cl\/?post_type=product&#038;p=9728"},"modified":"2023-05-04T01:52:20","modified_gmt":"2023-05-04T01:52:20","slug":"moringa","status":"publish","type":"product","link":"https:\/\/yaomarket.cl\/?product=moringa","title":{"rendered":"Moringa"},"content":{"rendered":"<div id=\"product-description-short-427\" class=\"rte-content product-description\">\n<div class=\"rte-content product-description\"><\/div>\n<div class=\"product-actions\">\n<form id=\"add-to-cart-or-refresh\" action=\"https:\/\/europasecreta.cl\/carrito\" method=\"post\">\n<div class=\"product-variants\"><\/div>\n<div class=\"product-add-to-cart pt-3\">\n<div class=\"row extra-small-gutters product-quantity \">\n<div class=\"col col-12 col-sm-auto col-add-qty\">\n<div class=\"qty \">\n<div class=\"input-group bootstrap-touchspin\"><\/div>\n<\/div>\n<\/div>\n<\/div>\n<\/div>\n<\/form>\n<\/div>\n<\/div>\n<div class=\"product-actions\">\n<form id=\"add-to-cart-or-refresh\" action=\"https:\/\/europasecreta.cl\/carrito\" method=\"post\">\n<div class=\"product-variants\"><\/div>\n<div class=\"product-add-to-cart pt-3\">\n<div class=\"row extra-small-gutters product-quantity \">\n<div class=\"col col-12 col-sm-auto col-add-qty\">\n<div class=\"qty \">\n<div class=\"input-group bootstrap-touchspin\"><\/div>\n<\/div>\n<\/div>\n<\/div>\n<\/div>\n<\/form>\n<\/div>\n","protected":false},"excerpt":{"rendered":"<section class=\"elementor-section elementor-top-section elementor-element elementor-element-cf30fe4 elementor-section-boxed elementor-section-height-default elementor-section-height-default\" data-id=\"cf30fe4\" data-element_type=\"section\">\n<div class=\"elementor-container elementor-column-gap-wider\">\n<div class=\"elementor-row\">\n<div class=\"elementor-column elementor-col-50 elementor-top-column elementor-element elementor-element-25e8090\" data-id=\"25e8090\" data-element_type=\"column\">\n<div class=\"elementor-column-wrap elementor-element-populated\">\n<div class=\"elementor-widget-wrap\">\n<div class=\"elementor-element elementor-element-83163f6 lista-principal elementor-widget elementor-widget-text-editor\" data-id=\"83163f6\" data-element_type=\"widget\" data-widget_type=\"text-editor.default\">\n<div class=\"elementor-widget-container\">\n<div class=\"elementor-text-editor elementor-clearfix\">\n<ul>\n<li>\n<div class=\"elementor-element elementor-element-e8d6b18 elementor-widget elementor-widget-heading\" data-id=\"e8d6b18\" data-element_type=\"widget\" data-widget_type=\"heading.default\">\n<div class=\"elementor-widget-container\">\n<h2 class=\"elementor-heading-title elementor-size-default\">Propiedades y beneficios de la moringa<\/h2>\n<\/div>\n<\/div>\n<div class=\"elementor-element elementor-element-8a74403 elementor-widget elementor-widget-text-editor\" data-id=\"8a74403\" data-element_type=\"widget\" data-widget_type=\"text-editor.default\">\n<div class=\"elementor-widget-container\">\n<div class=\"elementor-text-editor elementor-clearfix\">\n<p>El 27% de la hoja de Moringa est\u00e1 compuesto por prote\u00edna.<\/p>\n<p>De los 20 amino\u00e1cidos que el cuerpo necesita a diario para vivir, 9 son esenciales y el cuerpo no los produce por s\u00ed solo. La Moringa contiene 18 de ellos y dentro de estos est\u00e1n los 9 amino\u00e1cidos esenciales.<\/p>\n<p>Tiene cantidades significativas de calcio, hierro, f\u00f3sforo, potasio, vitamina A y magnesio. Del complejo B cuenta con las vitaminas B1, B2 Y B3.<\/p>\n<p>Contiene 46 antioxidantes y 36 anti-inflamatorios naturales.<\/p>\n<p>Informaci\u00f3n validadada a trav\u00e9s de un estudio por parte de la Organizaci\u00f3n de las Naciones Unidas para la Alimentaci\u00f3n y Agricultura (FAO)<\/p>\n<p>Lo que te ofrecemos son las hojas de Moringa secas y molidas para que las utilices a modo de complemento nutricional, agreg\u00e1ndoselas a tus comidas, haciendo m\u00e1s nutritivos tus alimentos, para que de esta forma puedas aprovechar sus beneficios y valor nutricional. Tambi\u00e9n puedes usarla como infusi\u00f3n.<\/p>\n<p>Al igual que nuestras stevias, la Moringa es cultivada sin agroqu\u00edmicos.<\/p>\n<\/div>\n<\/div>\n<\/div>\n<\/li>\n<\/ul>\n<\/div>\n<\/div>\n<\/div>\n<\/div>\n<\/div>\n<\/div>\n<\/div>\n<\/div>\n<\/section>\n","protected":false},"featured_media":9712,"template":"","meta":[],"product_cat":[384,383],"product_tag":[389,408,391,392,388],"class_list":{"0":"post-9728","1":"product","2":"type-product","3":"status-publish","4":"has-post-thumbnail","6":"product_cat-suplementos-y-vitaminas","7":"product_cat-vegano","8":"product_tag-dulzura-natural","9":"product_tag-moringa","10":"product_tag-vegano","11":"product_tag-vitamina","12":"product_tag-vitaminas","14":"first","15":"instock","16":"shipping-taxable","17":"purchasable","18":"product-type-simple"},"yoast_head":"<!-- This site is optimized with the Yoast SEO plugin v25.2 - https:\/\/yoast.com\/wordpress\/plugins\/seo\/ -->\n<title>Moringa - YAOMARKET<\/title>\n<meta name=\"robots\" content=\"index, follow, max-snippet:-1, max-image-preview:large, max-video-preview:-1\" \/>\n<link rel=\"canonical\" href=\"https:\/\/yaomarket.cl\/?product=moringa\" \/>\n<meta property=\"og:locale\" content=\"es_ES\" \/>\n<meta property=\"og:type\" content=\"article\" \/>\n<meta property=\"og:title\" content=\"Moringa - YAOMARKET\" \/>\n<meta property=\"og:description\" content=\"Propiedades y beneficios de la moringa       El 27% de la hoja de Moringa est\u00e1 compuesto por prote\u00edna.  De los 20 amino\u00e1cidos que el cuerpo necesita a diario para vivir, 9 son esenciales y el cuerpo no los produce por s\u00ed solo. La Moringa contiene 18 de ellos y dentro de estos est\u00e1n los 9 amino\u00e1cidos esenciales.  Tiene cantidades significativas de calcio, hierro, f\u00f3sforo, potasio, vitamina A y magnesio. Del complejo B cuenta con las vitaminas B1, B2 Y B3.  Contiene 46 antioxidantes y 36 anti-inflamatorios naturales.  Informaci\u00f3n validadada a trav\u00e9s de un estudio por parte de la Organizaci\u00f3n de las Naciones Unidas para la Alimentaci\u00f3n y Agricultura (FAO)  Lo que te ofrecemos son las hojas de Moringa secas y molidas para que las utilices a modo de complemento nutricional, agreg\u00e1ndoselas a tus comidas, haciendo m\u00e1s nutritivos tus alimentos, para que de esta forma puedas aprovechar sus beneficios y valor nutricional. Tambi\u00e9n puedes usarla como infusi\u00f3n.  Al igual que nuestras stevias, la Moringa es cultivada sin agroqu\u00edmicos.\" \/>\n<meta property=\"og:url\" content=\"https:\/\/yaomarket.cl\/?product=moringa\" \/>\n<meta property=\"og:site_name\" content=\"YAOMARKET\" \/>\n<meta property=\"article:publisher\" content=\"https:\/\/www.facebook.com\/yaomarketchile\/\" \/>\n<meta property=\"article:modified_time\" content=\"2023-05-04T01:52:20+00:00\" \/>\n<meta property=\"og:image\" content=\"https:\/\/yaomarket.cl\/wp-content\/uploads\/2023\/05\/Diapositiva17.jpg\" \/>\n\t<meta property=\"og:image:width\" content=\"753\" \/>\n\t<meta property=\"og:image:height\" content=\"565\" \/>\n\t<meta property=\"og:image:type\" content=\"image\/jpeg\" \/>\n<meta name=\"twitter:card\" content=\"summary_large_image\" \/>\n<script type=\"application\/ld+json\" class=\"yoast-schema-graph\">{\"@context\":\"https:\/\/schema.org\",\"@graph\":[{\"@type\":\"WebPage\",\"@id\":\"https:\/\/yaomarket.cl\/?product=moringa\",\"url\":\"https:\/\/yaomarket.cl\/?product=moringa\",\"name\":\"Moringa - YAOMARKET\",\"isPartOf\":{\"@id\":\"https:\/\/yaomarket.cl\/#website\"},\"primaryImageOfPage\":{\"@id\":\"https:\/\/yaomarket.cl\/?product=moringa#primaryimage\"},\"image\":{\"@id\":\"https:\/\/yaomarket.cl\/?product=moringa#primaryimage\"},\"thumbnailUrl\":\"https:\/\/yaomarket.cl\/wp-content\/uploads\/2023\/05\/Diapositiva17.jpg\",\"datePublished\":\"2023-05-04T01:50:05+00:00\",\"dateModified\":\"2023-05-04T01:52:20+00:00\",\"breadcrumb\":{\"@id\":\"https:\/\/yaomarket.cl\/?product=moringa#breadcrumb\"},\"inLanguage\":\"es\",\"potentialAction\":[{\"@type\":\"ReadAction\",\"target\":[\"https:\/\/yaomarket.cl\/?product=moringa\"]}]},{\"@type\":\"ImageObject\",\"inLanguage\":\"es\",\"@id\":\"https:\/\/yaomarket.cl\/?product=moringa#primaryimage\",\"url\":\"https:\/\/yaomarket.cl\/wp-content\/uploads\/2023\/05\/Diapositiva17.jpg\",\"contentUrl\":\"https:\/\/yaomarket.cl\/wp-content\/uploads\/2023\/05\/Diapositiva17.jpg\",\"width\":753,\"height\":565},{\"@type\":\"BreadcrumbList\",\"@id\":\"https:\/\/yaomarket.cl\/?product=moringa#breadcrumb\",\"itemListElement\":[{\"@type\":\"ListItem\",\"position\":1,\"name\":\"Portada\",\"item\":\"https:\/\/yaomarket.cl\/\"},{\"@type\":\"ListItem\",\"position\":2,\"name\":\"TIENDA\",\"item\":\"https:\/\/yaomarket.cl\/?page_id=8\"},{\"@type\":\"ListItem\",\"position\":3,\"name\":\"Moringa\"}]},{\"@type\":\"WebSite\",\"@id\":\"https:\/\/yaomarket.cl\/#website\",\"url\":\"https:\/\/yaomarket.cl\/\",\"name\":\"YAOMARKET\",\"description\":\"\",\"publisher\":{\"@id\":\"https:\/\/yaomarket.cl\/#organization\"},\"potentialAction\":[{\"@type\":\"SearchAction\",\"target\":{\"@type\":\"EntryPoint\",\"urlTemplate\":\"https:\/\/yaomarket.cl\/?s={search_term_string}\"},\"query-input\":{\"@type\":\"PropertyValueSpecification\",\"valueRequired\":true,\"valueName\":\"search_term_string\"}}],\"inLanguage\":\"es\"},{\"@type\":\"Organization\",\"@id\":\"https:\/\/yaomarket.cl\/#organization\",\"name\":\"YAOMARKET\",\"url\":\"https:\/\/yaomarket.cl\/\",\"logo\":{\"@type\":\"ImageObject\",\"inLanguage\":\"es\",\"@id\":\"https:\/\/yaomarket.cl\/#\/schema\/logo\/image\/\",\"url\":\"https:\/\/yaomarket.cl\/wp-content\/uploads\/2023\/08\/Logo-Original-Yao-Market-Circular.png\",\"contentUrl\":\"https:\/\/yaomarket.cl\/wp-content\/uploads\/2023\/08\/Logo-Original-Yao-Market-Circular.png\",\"width\":522,\"height\":522,\"caption\":\"YAOMARKET\"},\"image\":{\"@id\":\"https:\/\/yaomarket.cl\/#\/schema\/logo\/image\/\"},\"sameAs\":[\"https:\/\/www.facebook.com\/yaomarketchile\/\",\"https:\/\/www.instagram.com\/yao_market\/\"]}]}<\/script>\n<!-- \/ Yoast SEO plugin. -->","yoast_head_json":{"title":"Moringa - YAOMARKET","robots":{"index":"index","follow":"follow","max-snippet":"max-snippet:-1","max-image-preview":"max-image-preview:large","max-video-preview":"max-video-preview:-1"},"canonical":"https:\/\/yaomarket.cl\/?product=moringa","og_locale":"es_ES","og_type":"article","og_title":"Moringa - YAOMARKET","og_description":"Propiedades y beneficios de la moringa       El 27% de la hoja de Moringa est\u00e1 compuesto por prote\u00edna.  De los 20 amino\u00e1cidos que el cuerpo necesita a diario para vivir, 9 son esenciales y el cuerpo no los produce por s\u00ed solo. La Moringa contiene 18 de ellos y dentro de estos est\u00e1n los 9 amino\u00e1cidos esenciales.  Tiene cantidades significativas de calcio, hierro, f\u00f3sforo, potasio, vitamina A y magnesio. Del complejo B cuenta con las vitaminas B1, B2 Y B3.  Contiene 46 antioxidantes y 36 anti-inflamatorios naturales.  Informaci\u00f3n validadada a trav\u00e9s de un estudio por parte de la Organizaci\u00f3n de las Naciones Unidas para la Alimentaci\u00f3n y Agricultura (FAO)  Lo que te ofrecemos son las hojas de Moringa secas y molidas para que las utilices a modo de complemento nutricional, agreg\u00e1ndoselas a tus comidas, haciendo m\u00e1s nutritivos tus alimentos, para que de esta forma puedas aprovechar sus beneficios y valor nutricional. Tambi\u00e9n puedes usarla como infusi\u00f3n.  Al igual que nuestras stevias, la Moringa es cultivada sin agroqu\u00edmicos.","og_url":"https:\/\/yaomarket.cl\/?product=moringa","og_site_name":"YAOMARKET","article_publisher":"https:\/\/www.facebook.com\/yaomarketchile\/","article_modified_time":"2023-05-04T01:52:20+00:00","og_image":[{"width":753,"height":565,"url":"https:\/\/yaomarket.cl\/wp-content\/uploads\/2023\/05\/Diapositiva17.jpg","type":"image\/jpeg"}],"twitter_card":"summary_large_image","schema":{"@context":"https:\/\/schema.org","@graph":[{"@type":"WebPage","@id":"https:\/\/yaomarket.cl\/?product=moringa","url":"https:\/\/yaomarket.cl\/?product=moringa","name":"Moringa - YAOMARKET","isPartOf":{"@id":"https:\/\/yaomarket.cl\/#website"},"primaryImageOfPage":{"@id":"https:\/\/yaomarket.cl\/?product=moringa#primaryimage"},"image":{"@id":"https:\/\/yaomarket.cl\/?product=moringa#primaryimage"},"thumbnailUrl":"https:\/\/yaomarket.cl\/wp-content\/uploads\/2023\/05\/Diapositiva17.jpg","datePublished":"2023-05-04T01:50:05+00:00","dateModified":"2023-05-04T01:52:20+00:00","breadcrumb":{"@id":"https:\/\/yaomarket.cl\/?product=moringa#breadcrumb"},"inLanguage":"es","potentialAction":[{"@type":"ReadAction","target":["https:\/\/yaomarket.cl\/?product=moringa"]}]},{"@type":"ImageObject","inLanguage":"es","@id":"https:\/\/yaomarket.cl\/?product=moringa#primaryimage","url":"https:\/\/yaomarket.cl\/wp-content\/uploads\/2023\/05\/Diapositiva17.jpg","contentUrl":"https:\/\/yaomarket.cl\/wp-content\/uploads\/2023\/05\/Diapositiva17.jpg","width":753,"height":565},{"@type":"BreadcrumbList","@id":"https:\/\/yaomarket.cl\/?product=moringa#breadcrumb","itemListElement":[{"@type":"ListItem","position":1,"name":"Portada","item":"https:\/\/yaomarket.cl\/"},{"@type":"ListItem","position":2,"name":"TIENDA","item":"https:\/\/yaomarket.cl\/?page_id=8"},{"@type":"ListItem","position":3,"name":"Moringa"}]},{"@type":"WebSite","@id":"https:\/\/yaomarket.cl\/#website","url":"https:\/\/yaomarket.cl\/","name":"YAOMARKET","description":"","publisher":{"@id":"https:\/\/yaomarket.cl\/#organization"},"potentialAction":[{"@type":"SearchAction","target":{"@type":"EntryPoint","urlTemplate":"https:\/\/yaomarket.cl\/?s={search_term_string}"},"query-input":{"@type":"PropertyValueSpecification","valueRequired":true,"valueName":"search_term_string"}}],"inLanguage":"es"},{"@type":"Organization","@id":"https:\/\/yaomarket.cl\/#organization","name":"YAOMARKET","url":"https:\/\/yaomarket.cl\/","logo":{"@type":"ImageObject","inLanguage":"es","@id":"https:\/\/yaomarket.cl\/#\/schema\/logo\/image\/","url":"https:\/\/yaomarket.cl\/wp-content\/uploads\/2023\/08\/Logo-Original-Yao-Market-Circular.png","contentUrl":"https:\/\/yaomarket.cl\/wp-content\/uploads\/2023\/08\/Logo-Original-Yao-Market-Circular.png","width":522,"height":522,"caption":"YAOMARKET"},"image":{"@id":"https:\/\/yaomarket.cl\/#\/schema\/logo\/image\/"},"sameAs":["https:\/\/www.facebook.com\/yaomarketchile\/","https:\/\/www.instagram.com\/yao_market\/"]}]}},"_links":{"self":[{"href":"https:\/\/yaomarket.cl\/index.php?rest_route=\/wp\/v2\/product\/9728","targetHints":{"allow":["GET"]}}],"collection":[{"href":"https:\/\/yaomarket.cl\/index.php?rest_route=\/wp\/v2\/product"}],"about":[{"href":"https:\/\/yaomarket.cl\/index.php?rest_route=\/wp\/v2\/types\/product"}],"wp:featuredmedia":[{"embeddable":true,"href":"https:\/\/yaomarket.cl\/index.php?rest_route=\/wp\/v2\/media\/9712"}],"wp:attachment":[{"href":"https:\/\/yaomarket.cl\/index.php?rest_route=%2Fwp%2Fv2%2Fmedia&parent=9728"}],"wp:term":[{"taxonomy":"product_cat","embeddable":true,"href":"https:\/\/yaomarket.cl\/index.php?rest_route=%2Fwp%2Fv2%2Fproduct_cat&post=9728"},{"taxonomy":"product_tag","embeddable":true,"href":"https:\/\/yaomarket.cl\/index.php?rest_route=%2Fwp%2Fv2%2Fproduct_tag&post=9728"}],"curies":[{"name":"wp","href":"https:\/\/api.w.org\/{rel}","templated":true}]}}