{"id":9727,"date":"2023-05-04T01:43:21","date_gmt":"2023-05-04T01:43:21","guid":{"rendered":"https:\/\/yaomarket.cl\/?post_type=product&#038;p=9727"},"modified":"2023-05-04T01:49:47","modified_gmt":"2023-05-04T01:49:47","slug":"vitamina-b3","status":"publish","type":"product","link":"https:\/\/yaomarket.cl\/?product=vitamina-b3","title":{"rendered":"Vitamina B3"},"content":{"rendered":"<div id=\"product-description-short-427\" class=\"rte-content product-description\">\n<div class=\"rte-content product-description\"><\/div>\n<div class=\"product-actions\">\n<form id=\"add-to-cart-or-refresh\" action=\"https:\/\/europasecreta.cl\/carrito\" method=\"post\">\n<div class=\"product-variants\"><\/div>\n<div class=\"product-add-to-cart pt-3\">\n<div class=\"row extra-small-gutters product-quantity \">\n<div class=\"col col-12 col-sm-auto col-add-qty\">\n<div class=\"qty \">\n<div class=\"input-group bootstrap-touchspin\"><\/div>\n<\/div>\n<\/div>\n<\/div>\n<\/div>\n<\/form>\n<\/div>\n<\/div>\n<div class=\"product-actions\">\n<form id=\"add-to-cart-or-refresh\" action=\"https:\/\/europasecreta.cl\/carrito\" method=\"post\">\n<div class=\"product-variants\"><\/div>\n<div class=\"product-add-to-cart pt-3\">\n<div class=\"row extra-small-gutters product-quantity \">\n<div class=\"col col-12 col-sm-auto col-add-qty\">\n<div class=\"qty \">\n<div class=\"input-group bootstrap-touchspin\"><\/div>\n<\/div>\n<\/div>\n<\/div>\n<\/div>\n<\/form>\n<\/div>\n","protected":false},"excerpt":{"rendered":"<section class=\"elementor-section elementor-top-section elementor-element elementor-element-cf30fe4 elementor-section-boxed elementor-section-height-default elementor-section-height-default\" data-id=\"cf30fe4\" data-element_type=\"section\">\n<div class=\"elementor-container elementor-column-gap-wider\">\n<div class=\"elementor-row\">\n<div class=\"elementor-column elementor-col-50 elementor-top-column elementor-element elementor-element-25e8090\" data-id=\"25e8090\" data-element_type=\"column\">\n<div class=\"elementor-column-wrap elementor-element-populated\">\n<div class=\"elementor-widget-wrap\">\n<div class=\"elementor-element elementor-element-83163f6 lista-principal elementor-widget elementor-widget-text-editor\" data-id=\"83163f6\" data-element_type=\"widget\" data-widget_type=\"text-editor.default\">\n<div class=\"elementor-widget-container\">\n<div class=\"elementor-text-editor elementor-clearfix\">\n<ul>\n<li>90\u00a0 porciones\u00a0 de\u00a0 \u00a020\u00a0 mg.<\/li>\n<li>Sobre completo = 1800 mg.<\/li>\n<li>Sin el molesto efecto Flush.<\/li>\n<li>IMPORTANTE:\u00a0 \u00a0Toma\u00a0 la porci\u00f3n\u00a0 mezcl\u00e1ndola en un vaso de agua o jugo de 50 ml (en palabras simples lo que hace media tacita de caf\u00e9 express). De esta forma su sabor pasa completamente desapercibido.<\/li>\n<li>El tipo de B3 de nuestro suplemento es Niacinamida o tambi\u00e9n llamada Nicotinamida, es aquella que no tiene el indeseado efecto flush de la B3 como\u00a0 \u00e1cido nicot\u00ednico.<\/li>\n<\/ul>\n<\/div>\n<\/div>\n<\/div>\n<\/div>\n<\/div>\n<\/div>\n<div class=\"elementor-column elementor-col-50 elementor-top-column elementor-element elementor-element-fb736c2\" data-id=\"fb736c2\" data-element_type=\"column\">\n<div class=\"elementor-column-wrap elementor-element-populated\">\n<div class=\"elementor-widget-wrap\">\n<div class=\"elementor-element elementor-element-2a9e5ea elementor-widget elementor-widget-heading\" data-id=\"2a9e5ea\" data-element_type=\"widget\" data-widget_type=\"heading.default\">\n<div class=\"elementor-widget-container\"><\/div>\n<\/div>\n<div class=\"elementor-element elementor-element-9fe09ce elementor-hidden-mobile elementor-widget elementor-widget-spacer\" data-id=\"9fe09ce\" data-element_type=\"widget\" data-widget_type=\"spacer.default\">\n<div class=\"elementor-widget-container\"><\/div>\n<\/div>\n<div class=\"elementor-element elementor-element-f2c9a72 elementor-hidden-mobile elementor-widget elementor-widget-image\" data-id=\"f2c9a72\" data-element_type=\"widget\" data-widget_type=\"image.default\">\n<div class=\"elementor-widget-container\">\n<div class=\"elementor-image\"><\/div>\n<\/div>\n<\/div>\n<\/div>\n<\/div>\n<\/div>\n<\/div>\n<\/div>\n<\/section>\n<section class=\"elementor-section elementor-top-section elementor-element elementor-element-54c4dca elementor-section-boxed elementor-section-height-default elementor-section-height-default\" data-id=\"54c4dca\" data-element_type=\"section\">\n<div class=\"elementor-container elementor-column-gap-wider\">\n<div class=\"elementor-row\">\n<div class=\"elementor-column elementor-col-50 elementor-top-column elementor-element elementor-element-ed34730\" data-id=\"ed34730\" data-element_type=\"column\">\n<div class=\"elementor-column-wrap elementor-element-populated\">\n<div class=\"elementor-widget-wrap\">\n<div class=\"elementor-element elementor-element-2a5a131 elementor-widget elementor-widget-heading\" data-id=\"2a5a131\" data-element_type=\"widget\" data-widget_type=\"heading.default\">\n<div class=\"elementor-widget-container\">\n<h2 class=\"elementor-heading-title elementor-size-default\">Beneficios y usos de la vitamina B3 o Niacina<\/h2>\n<\/div>\n<\/div>\n<div class=\"elementor-element elementor-element-ffd0a7f elementor-widget elementor-widget-text-editor\" data-id=\"ffd0a7f\" data-element_type=\"widget\" data-widget_type=\"text-editor.default\">\n<div class=\"elementor-widget-container\">\n<div class=\"elementor-text-editor elementor-clearfix\">\n<p>Es importante para el desarrollo y funci\u00f3n de tus c\u00e9lulas. (1) (3)<\/p>\n<p>\u200bMantiene las c\u00e9lulas de tu piel fuertes y protegidas. (10) (11)<\/p>\n<p>\u200bEs vital para el buen funcionamiento de tu cerebro ya que\u00a0 interviene en muchas funciones de este. (1)<br \/>\n\u200b<br \/>\nEs importante si tu eres\u00a0 \u00a0\u00a0deportistas, ya que agiliza la\u00a0 \u00a0transformaci\u00f3n de\u00a0 \u00a0carbohidratos en energ\u00eda y metaboliza las grasas y prote\u00ednas. (19)<\/p>\n<p>Ayuda en la prevenci\u00f3n del c\u00e1ncer de piel, boca, garganta y \u00a0es\u00f3fago. (10) (11) (12) (13)<\/p>\n<p>Estudios sugieren que ayudar\u00eda a tratar el acn\u00e9, pero la informaci\u00f3n que hay a\u00fan es limitada.<\/p>\n<p>La B3, en dosis farmacol\u00f3gicas y \u00fanicamente como \u00e1cido\u00a0 \u00a0nicot\u00ednico y no como niacinamida\u00a0 \u00a0\u00a0se utiliza \u00a0para tratar el colesterol alto. (20)<\/p>\n<p>Es usada para tratar\u00a0 \u00a0\u00a0la Pelagra, deficiencia de Vitamina B3\u00a0 \u00a0(2)\u00a0 \u00a0(3) (4)<\/p>\n<\/div>\n<\/div>\n<\/div>\n<div class=\"elementor-element elementor-element-39dcab7 elementor-widget elementor-widget-text-editor\" data-id=\"39dcab7\" data-element_type=\"widget\" data-widget_type=\"text-editor.default\">\n<div class=\"elementor-widget-container\">\n<div class=\"elementor-text-editor elementor-clearfix\">\n<p>La vitamina B3 o Niacina , ya sea como \u00e1cido nicot\u00ednico o niacinamida, tu cuerpo para poder usarla la transforma en 2 enzimas llamadas NAD ( nicotinamida adenina dinucle\u00f3tido) y NADP ( nicotinamida adenina dinucle\u00f3tido fosfato). Estas NAD y NADP , tu cuerpo las puede sintetizar de dos maneras, con B3 o con el amino \u00e1cido tript\u00f3fano<\/p>\n<p>El tema est\u00e1 en que obtener NAD solo del tript\u00f3fano es deficiente, ya que menos del 2% del tript\u00f3fano se puede transformar NAD, para obtener 1 mg de B3 necesitar\u00edamos 60 mg de tript\u00f3fano (5)<\/p>\n<\/div>\n<\/div>\n<\/div>\n<\/div>\n<\/div>\n<\/div>\n<\/div>\n<\/div>\n<\/section>\n","protected":false},"featured_media":9711,"template":"","meta":[],"product_cat":[384,383],"product_tag":[407,389,391,392,388],"class_list":{"0":"post-9727","1":"product","2":"type-product","3":"status-publish","4":"has-post-thumbnail","6":"product_cat-suplementos-y-vitaminas","7":"product_cat-vegano","8":"product_tag-b3","9":"product_tag-dulzura-natural","10":"product_tag-vegano","11":"product_tag-vitamina","12":"product_tag-vitaminas","14":"first","15":"instock","16":"shipping-taxable","17":"purchasable","18":"product-type-simple"},"yoast_head":"<!-- This site is optimized with the Yoast SEO plugin v25.2 - https:\/\/yoast.com\/wordpress\/plugins\/seo\/ -->\n<title>Vitamina B3 - YAOMARKET<\/title>\n<meta name=\"robots\" content=\"index, follow, max-snippet:-1, max-image-preview:large, max-video-preview:-1\" \/>\n<link rel=\"canonical\" href=\"https:\/\/yaomarket.cl\/?product=vitamina-b3\" \/>\n<meta property=\"og:locale\" content=\"es_ES\" \/>\n<meta property=\"og:type\" content=\"article\" \/>\n<meta property=\"og:title\" content=\"Vitamina B3 - YAOMARKET\" \/>\n<meta property=\"og:description\" content=\"90\u00a0 porciones\u00a0 de\u00a0 \u00a020\u00a0 mg.  Sobre completo = 1800 mg.  Sin el molesto efecto Flush.  IMPORTANTE:\u00a0 \u00a0Toma\u00a0 la porci\u00f3n\u00a0 mezcl\u00e1ndola en un vaso de agua o jugo de 50 ml (en palabras simples lo que hace media tacita de caf\u00e9 express). De esta forma su sabor pasa completamente desapercibido.  El tipo de B3 de nuestro suplemento es Niacinamida o tambi\u00e9n llamada Nicotinamida, es aquella que no tiene el indeseado efecto flush de la B3 como\u00a0 \u00e1cido nicot\u00ednico.                                   Beneficios y usos de la vitamina B3 o Niacina       Es importante para el desarrollo y funci\u00f3n de tus c\u00e9lulas. (1) (3)  \u200bMantiene las c\u00e9lulas de tu piel fuertes y protegidas. (10) (11)  \u200bEs vital para el buen funcionamiento de tu cerebro ya que\u00a0 interviene en muchas funciones de este. (1) \u200b Es importante si tu eres\u00a0 \u00a0\u00a0deportistas, ya que agiliza la\u00a0 \u00a0transformaci\u00f3n de\u00a0 \u00a0carbohidratos en energ\u00eda y metaboliza las grasas y prote\u00ednas. (19)  Ayuda en la prevenci\u00f3n del c\u00e1ncer de piel, boca, garganta y \u00a0es\u00f3fago. (10) (11) (12) (13)  Estudios sugieren que ayudar\u00eda a tratar el acn\u00e9, pero la informaci\u00f3n que hay a\u00fan es limitada.  La B3, en dosis farmacol\u00f3gicas y \u00fanicamente como \u00e1cido\u00a0 \u00a0nicot\u00ednico y no como niacinamida\u00a0 \u00a0\u00a0se utiliza \u00a0para tratar el colesterol alto. (20)  Es usada para tratar\u00a0 \u00a0\u00a0la Pelagra, deficiencia de Vitamina B3\u00a0 \u00a0(2)\u00a0 \u00a0(3) (4)         La vitamina B3 o Niacina , ya sea como \u00e1cido nicot\u00ednico o niacinamida, tu cuerpo para poder usarla la transforma en 2 enzimas llamadas NAD ( nicotinamida adenina dinucle\u00f3tido) y NADP ( nicotinamida adenina dinucle\u00f3tido fosfato). Estas NAD y NADP , tu cuerpo las puede sintetizar de dos maneras, con B3 o con el amino \u00e1cido tript\u00f3fano  El tema est\u00e1 en que obtener NAD solo del tript\u00f3fano es deficiente, ya que menos del 2% del tript\u00f3fano se puede transformar NAD, para obtener 1 mg de B3 necesitar\u00edamos 60 mg de tript\u00f3fano (5)\" \/>\n<meta property=\"og:url\" content=\"https:\/\/yaomarket.cl\/?product=vitamina-b3\" \/>\n<meta property=\"og:site_name\" content=\"YAOMARKET\" \/>\n<meta property=\"article:publisher\" content=\"https:\/\/www.facebook.com\/yaomarketchile\/\" \/>\n<meta property=\"article:modified_time\" content=\"2023-05-04T01:49:47+00:00\" \/>\n<meta property=\"og:image\" content=\"https:\/\/yaomarket.cl\/wp-content\/uploads\/2023\/05\/Diapositiva16.jpg\" \/>\n\t<meta property=\"og:image:width\" content=\"753\" \/>\n\t<meta property=\"og:image:height\" content=\"565\" \/>\n\t<meta property=\"og:image:type\" content=\"image\/jpeg\" \/>\n<meta name=\"twitter:card\" content=\"summary_large_image\" \/>\n<script type=\"application\/ld+json\" class=\"yoast-schema-graph\">{\"@context\":\"https:\/\/schema.org\",\"@graph\":[{\"@type\":\"WebPage\",\"@id\":\"https:\/\/yaomarket.cl\/?product=vitamina-b3\",\"url\":\"https:\/\/yaomarket.cl\/?product=vitamina-b3\",\"name\":\"Vitamina B3 - YAOMARKET\",\"isPartOf\":{\"@id\":\"https:\/\/yaomarket.cl\/#website\"},\"primaryImageOfPage\":{\"@id\":\"https:\/\/yaomarket.cl\/?product=vitamina-b3#primaryimage\"},\"image\":{\"@id\":\"https:\/\/yaomarket.cl\/?product=vitamina-b3#primaryimage\"},\"thumbnailUrl\":\"https:\/\/yaomarket.cl\/wp-content\/uploads\/2023\/05\/Diapositiva16.jpg\",\"datePublished\":\"2023-05-04T01:43:21+00:00\",\"dateModified\":\"2023-05-04T01:49:47+00:00\",\"breadcrumb\":{\"@id\":\"https:\/\/yaomarket.cl\/?product=vitamina-b3#breadcrumb\"},\"inLanguage\":\"es\",\"potentialAction\":[{\"@type\":\"ReadAction\",\"target\":[\"https:\/\/yaomarket.cl\/?product=vitamina-b3\"]}]},{\"@type\":\"ImageObject\",\"inLanguage\":\"es\",\"@id\":\"https:\/\/yaomarket.cl\/?product=vitamina-b3#primaryimage\",\"url\":\"https:\/\/yaomarket.cl\/wp-content\/uploads\/2023\/05\/Diapositiva16.jpg\",\"contentUrl\":\"https:\/\/yaomarket.cl\/wp-content\/uploads\/2023\/05\/Diapositiva16.jpg\",\"width\":753,\"height\":565},{\"@type\":\"BreadcrumbList\",\"@id\":\"https:\/\/yaomarket.cl\/?product=vitamina-b3#breadcrumb\",\"itemListElement\":[{\"@type\":\"ListItem\",\"position\":1,\"name\":\"Portada\",\"item\":\"https:\/\/yaomarket.cl\/\"},{\"@type\":\"ListItem\",\"position\":2,\"name\":\"TIENDA\",\"item\":\"https:\/\/yaomarket.cl\/?page_id=8\"},{\"@type\":\"ListItem\",\"position\":3,\"name\":\"Vitamina B3\"}]},{\"@type\":\"WebSite\",\"@id\":\"https:\/\/yaomarket.cl\/#website\",\"url\":\"https:\/\/yaomarket.cl\/\",\"name\":\"YAOMARKET\",\"description\":\"\",\"publisher\":{\"@id\":\"https:\/\/yaomarket.cl\/#organization\"},\"potentialAction\":[{\"@type\":\"SearchAction\",\"target\":{\"@type\":\"EntryPoint\",\"urlTemplate\":\"https:\/\/yaomarket.cl\/?s={search_term_string}\"},\"query-input\":{\"@type\":\"PropertyValueSpecification\",\"valueRequired\":true,\"valueName\":\"search_term_string\"}}],\"inLanguage\":\"es\"},{\"@type\":\"Organization\",\"@id\":\"https:\/\/yaomarket.cl\/#organization\",\"name\":\"YAOMARKET\",\"url\":\"https:\/\/yaomarket.cl\/\",\"logo\":{\"@type\":\"ImageObject\",\"inLanguage\":\"es\",\"@id\":\"https:\/\/yaomarket.cl\/#\/schema\/logo\/image\/\",\"url\":\"https:\/\/yaomarket.cl\/wp-content\/uploads\/2023\/08\/Logo-Original-Yao-Market-Circular.png\",\"contentUrl\":\"https:\/\/yaomarket.cl\/wp-content\/uploads\/2023\/08\/Logo-Original-Yao-Market-Circular.png\",\"width\":522,\"height\":522,\"caption\":\"YAOMARKET\"},\"image\":{\"@id\":\"https:\/\/yaomarket.cl\/#\/schema\/logo\/image\/\"},\"sameAs\":[\"https:\/\/www.facebook.com\/yaomarketchile\/\",\"https:\/\/www.instagram.com\/yao_market\/\"]}]}<\/script>\n<!-- \/ Yoast SEO plugin. -->","yoast_head_json":{"title":"Vitamina B3 - YAOMARKET","robots":{"index":"index","follow":"follow","max-snippet":"max-snippet:-1","max-image-preview":"max-image-preview:large","max-video-preview":"max-video-preview:-1"},"canonical":"https:\/\/yaomarket.cl\/?product=vitamina-b3","og_locale":"es_ES","og_type":"article","og_title":"Vitamina B3 - YAOMARKET","og_description":"90\u00a0 porciones\u00a0 de\u00a0 \u00a020\u00a0 mg.  Sobre completo = 1800 mg.  Sin el molesto efecto Flush.  IMPORTANTE:\u00a0 \u00a0Toma\u00a0 la porci\u00f3n\u00a0 mezcl\u00e1ndola en un vaso de agua o jugo de 50 ml (en palabras simples lo que hace media tacita de caf\u00e9 express). De esta forma su sabor pasa completamente desapercibido.  El tipo de B3 de nuestro suplemento es Niacinamida o tambi\u00e9n llamada Nicotinamida, es aquella que no tiene el indeseado efecto flush de la B3 como\u00a0 \u00e1cido nicot\u00ednico.                                   Beneficios y usos de la vitamina B3 o Niacina       Es importante para el desarrollo y funci\u00f3n de tus c\u00e9lulas. (1) (3)  \u200bMantiene las c\u00e9lulas de tu piel fuertes y protegidas. (10) (11)  \u200bEs vital para el buen funcionamiento de tu cerebro ya que\u00a0 interviene en muchas funciones de este. (1) \u200b Es importante si tu eres\u00a0 \u00a0\u00a0deportistas, ya que agiliza la\u00a0 \u00a0transformaci\u00f3n de\u00a0 \u00a0carbohidratos en energ\u00eda y metaboliza las grasas y prote\u00ednas. (19)  Ayuda en la prevenci\u00f3n del c\u00e1ncer de piel, boca, garganta y \u00a0es\u00f3fago. (10) (11) (12) (13)  Estudios sugieren que ayudar\u00eda a tratar el acn\u00e9, pero la informaci\u00f3n que hay a\u00fan es limitada.  La B3, en dosis farmacol\u00f3gicas y \u00fanicamente como \u00e1cido\u00a0 \u00a0nicot\u00ednico y no como niacinamida\u00a0 \u00a0\u00a0se utiliza \u00a0para tratar el colesterol alto. (20)  Es usada para tratar\u00a0 \u00a0\u00a0la Pelagra, deficiencia de Vitamina B3\u00a0 \u00a0(2)\u00a0 \u00a0(3) (4)         La vitamina B3 o Niacina , ya sea como \u00e1cido nicot\u00ednico o niacinamida, tu cuerpo para poder usarla la transforma en 2 enzimas llamadas NAD ( nicotinamida adenina dinucle\u00f3tido) y NADP ( nicotinamida adenina dinucle\u00f3tido fosfato). Estas NAD y NADP , tu cuerpo las puede sintetizar de dos maneras, con B3 o con el amino \u00e1cido tript\u00f3fano  El tema est\u00e1 en que obtener NAD solo del tript\u00f3fano es deficiente, ya que menos del 2% del tript\u00f3fano se puede transformar NAD, para obtener 1 mg de B3 necesitar\u00edamos 60 mg de tript\u00f3fano (5)","og_url":"https:\/\/yaomarket.cl\/?product=vitamina-b3","og_site_name":"YAOMARKET","article_publisher":"https:\/\/www.facebook.com\/yaomarketchile\/","article_modified_time":"2023-05-04T01:49:47+00:00","og_image":[{"width":753,"height":565,"url":"https:\/\/yaomarket.cl\/wp-content\/uploads\/2023\/05\/Diapositiva16.jpg","type":"image\/jpeg"}],"twitter_card":"summary_large_image","schema":{"@context":"https:\/\/schema.org","@graph":[{"@type":"WebPage","@id":"https:\/\/yaomarket.cl\/?product=vitamina-b3","url":"https:\/\/yaomarket.cl\/?product=vitamina-b3","name":"Vitamina B3 - YAOMARKET","isPartOf":{"@id":"https:\/\/yaomarket.cl\/#website"},"primaryImageOfPage":{"@id":"https:\/\/yaomarket.cl\/?product=vitamina-b3#primaryimage"},"image":{"@id":"https:\/\/yaomarket.cl\/?product=vitamina-b3#primaryimage"},"thumbnailUrl":"https:\/\/yaomarket.cl\/wp-content\/uploads\/2023\/05\/Diapositiva16.jpg","datePublished":"2023-05-04T01:43:21+00:00","dateModified":"2023-05-04T01:49:47+00:00","breadcrumb":{"@id":"https:\/\/yaomarket.cl\/?product=vitamina-b3#breadcrumb"},"inLanguage":"es","potentialAction":[{"@type":"ReadAction","target":["https:\/\/yaomarket.cl\/?product=vitamina-b3"]}]},{"@type":"ImageObject","inLanguage":"es","@id":"https:\/\/yaomarket.cl\/?product=vitamina-b3#primaryimage","url":"https:\/\/yaomarket.cl\/wp-content\/uploads\/2023\/05\/Diapositiva16.jpg","contentUrl":"https:\/\/yaomarket.cl\/wp-content\/uploads\/2023\/05\/Diapositiva16.jpg","width":753,"height":565},{"@type":"BreadcrumbList","@id":"https:\/\/yaomarket.cl\/?product=vitamina-b3#breadcrumb","itemListElement":[{"@type":"ListItem","position":1,"name":"Portada","item":"https:\/\/yaomarket.cl\/"},{"@type":"ListItem","position":2,"name":"TIENDA","item":"https:\/\/yaomarket.cl\/?page_id=8"},{"@type":"ListItem","position":3,"name":"Vitamina B3"}]},{"@type":"WebSite","@id":"https:\/\/yaomarket.cl\/#website","url":"https:\/\/yaomarket.cl\/","name":"YAOMARKET","description":"","publisher":{"@id":"https:\/\/yaomarket.cl\/#organization"},"potentialAction":[{"@type":"SearchAction","target":{"@type":"EntryPoint","urlTemplate":"https:\/\/yaomarket.cl\/?s={search_term_string}"},"query-input":{"@type":"PropertyValueSpecification","valueRequired":true,"valueName":"search_term_string"}}],"inLanguage":"es"},{"@type":"Organization","@id":"https:\/\/yaomarket.cl\/#organization","name":"YAOMARKET","url":"https:\/\/yaomarket.cl\/","logo":{"@type":"ImageObject","inLanguage":"es","@id":"https:\/\/yaomarket.cl\/#\/schema\/logo\/image\/","url":"https:\/\/yaomarket.cl\/wp-content\/uploads\/2023\/08\/Logo-Original-Yao-Market-Circular.png","contentUrl":"https:\/\/yaomarket.cl\/wp-content\/uploads\/2023\/08\/Logo-Original-Yao-Market-Circular.png","width":522,"height":522,"caption":"YAOMARKET"},"image":{"@id":"https:\/\/yaomarket.cl\/#\/schema\/logo\/image\/"},"sameAs":["https:\/\/www.facebook.com\/yaomarketchile\/","https:\/\/www.instagram.com\/yao_market\/"]}]}},"_links":{"self":[{"href":"https:\/\/yaomarket.cl\/index.php?rest_route=\/wp\/v2\/product\/9727","targetHints":{"allow":["GET"]}}],"collection":[{"href":"https:\/\/yaomarket.cl\/index.php?rest_route=\/wp\/v2\/product"}],"about":[{"href":"https:\/\/yaomarket.cl\/index.php?rest_route=\/wp\/v2\/types\/product"}],"wp:featuredmedia":[{"embeddable":true,"href":"https:\/\/yaomarket.cl\/index.php?rest_route=\/wp\/v2\/media\/9711"}],"wp:attachment":[{"href":"https:\/\/yaomarket.cl\/index.php?rest_route=%2Fwp%2Fv2%2Fmedia&parent=9727"}],"wp:term":[{"taxonomy":"product_cat","embeddable":true,"href":"https:\/\/yaomarket.cl\/index.php?rest_route=%2Fwp%2Fv2%2Fproduct_cat&post=9727"},{"taxonomy":"product_tag","embeddable":true,"href":"https:\/\/yaomarket.cl\/index.php?rest_route=%2Fwp%2Fv2%2Fproduct_tag&post=9727"}],"curies":[{"name":"wp","href":"https:\/\/api.w.org\/{rel}","templated":true}]}}