{"id":9726,"date":"2023-05-04T01:40:41","date_gmt":"2023-05-04T01:40:41","guid":{"rendered":"https:\/\/yaomarket.cl\/?post_type=product&#038;p=9726"},"modified":"2023-05-04T01:42:41","modified_gmt":"2023-05-04T01:42:41","slug":"vitamina-b6","status":"publish","type":"product","link":"https:\/\/yaomarket.cl\/?product=vitamina-b6","title":{"rendered":"Vitamina B6"},"content":{"rendered":"<div id=\"product-description-short-427\" class=\"rte-content product-description\">\n<div class=\"rte-content product-description\"><\/div>\n<div class=\"product-actions\">\n<form id=\"add-to-cart-or-refresh\" action=\"https:\/\/europasecreta.cl\/carrito\" method=\"post\">\n<div class=\"product-variants\"><\/div>\n<div class=\"product-add-to-cart pt-3\">\n<div class=\"row extra-small-gutters product-quantity \">\n<div class=\"col col-12 col-sm-auto col-add-qty\">\n<div class=\"qty \">\n<div class=\"input-group bootstrap-touchspin\"><\/div>\n<\/div>\n<\/div>\n<\/div>\n<\/div>\n<\/form>\n<\/div>\n<\/div>\n<div class=\"product-actions\">\n<form id=\"add-to-cart-or-refresh\" action=\"https:\/\/europasecreta.cl\/carrito\" method=\"post\">\n<div class=\"product-variants\"><\/div>\n<div class=\"product-add-to-cart pt-3\">\n<div class=\"row extra-small-gutters product-quantity \">\n<div class=\"col col-12 col-sm-auto col-add-qty\">\n<div class=\"qty \">\n<div class=\"input-group bootstrap-touchspin\"><\/div>\n<\/div>\n<\/div>\n<\/div>\n<\/div>\n<\/form>\n<\/div>\n","protected":false},"excerpt":{"rendered":"<section class=\"elementor-section elementor-top-section elementor-element elementor-element-e5f90c5 elementor-section-boxed elementor-section-height-default elementor-section-height-default\" data-id=\"e5f90c5\" data-element_type=\"section\">\n<div class=\"elementor-container elementor-column-gap-wider\">\n<div class=\"elementor-row\">\n<div class=\"elementor-column elementor-col-50 elementor-top-column elementor-element elementor-element-d3852a9\" data-id=\"d3852a9\" data-element_type=\"column\">\n<div class=\"elementor-column-wrap elementor-element-populated\">\n<div class=\"elementor-widget-wrap\">\n<div class=\"elementor-element elementor-element-54f3af4 lista-principal elementor-widget elementor-widget-text-editor\" data-id=\"54f3af4\" data-element_type=\"widget\" data-widget_type=\"text-editor.default\">\n<div class=\"elementor-widget-container\">\n<div class=\"elementor-text-editor elementor-clearfix\">\n<ul>\n<li>90 porciones de 50 mg de B6.<\/li>\n<li>Incluye mini cucharita dosificadora.<\/li>\n<li>IMPORTANTE: Toma la porci\u00f3n mezcl\u00e1ndola en un vaso de agua o jugo de 50 ml ( en palabras simples lo que hace media tacita de caf\u00e9 expr\u00e9s). De esta forma su sabor pasa completamente desapercibido<\/li>\n<\/ul>\n<div class=\"elementor-element elementor-element-437f80c elementor-widget elementor-widget-heading\" data-id=\"437f80c\" data-element_type=\"widget\" data-widget_type=\"heading.default\">\n<div class=\"elementor-widget-container\">\n<h2 class=\"elementor-heading-title elementor-size-default\">Beneficios y usos de la vitamina B6<\/h2>\n<\/div>\n<\/div>\n<div class=\"elementor-element elementor-element-b3e5a80 elementor-widget elementor-widget-text-editor\" data-id=\"b3e5a80\" data-element_type=\"widget\" data-widget_type=\"text-editor.default\">\n<div class=\"elementor-widget-container\">\n<div class=\"elementor-text-editor elementor-clearfix\">\n<p>Es fundamental si tu eres deportistas, ya que interviene en m\u00e1s de 100 enzimas encargadas de meta bolizar mayormente prote\u00ednas (1)(2)<\/p>\n<p>Interviene en la bios\u00edntesis de tu hemoglobina , amino\u00e1cidos y en el metabolismo tus \u00e1cidos grasos (1) (3)<\/p>\n<p>Si est\u00e1s embarazada la vitamina B6 es usada para ayudarte a tratar las n\u00e1useas y v\u00f3mitos (malestar matutino) (13) (14)<\/p>\n<p>La vitamina B6 es una de las tres vitaminas que regulan tu homociste\u00edna, evitando enfermedades cardiovasculares, al estar asociadas a niveles altos de homociste\u00edna. (7) (8)<br \/>\n\u200b<br \/>\nAlgunos estudios sugieren que ayuda a regular la depresi\u00f3n tard\u00eda o en adultos mayores, al encontrar que est\u00e1 asociada a bajos niveles de B6 (4) (5) (6) (9)<\/p>\n<p>En dosis farmacol\u00f3gicas orientadas \u00fanicamente por un m\u00e9dico, la vitamina B6 (piridoxina) se utiliza como tratamiento para aliviar o abolir las convulsiones en personas epil\u00e9pticas (10) (11) (12)<br \/>\n\u200b<br \/>\nAnemia siderobl\u00e1stica: En dosis farmacol\u00f3gicas orientadas por un m\u00e9dico, la vitamina B6, complementada en algunos casos con \u00e1cido f\u00f3lico ayuda al tratamiento de esta enfermedad (18) (19)<\/p>\n<p>Algunos estudios sugieren que en dosis farmacol\u00f3gicas (100 mg por dia) orientadas por un m\u00e9dico podr\u00edan ayudar a tratar el s\u00edndrome premenstrual en mujeres, sin embargo aun no son concluyentes estos estudios (15)\u200b<\/p>\n<\/div>\n<\/div>\n<\/div>\n<\/div>\n<\/div>\n<\/div>\n<\/div>\n<\/div>\n<\/div>\n<\/div>\n<\/div>\n<\/section>\n","protected":false},"featured_media":9710,"template":"","meta":[],"product_cat":[384,383],"product_tag":[406,389,391,392,388],"class_list":{"0":"post-9726","1":"product","2":"type-product","3":"status-publish","4":"has-post-thumbnail","6":"product_cat-suplementos-y-vitaminas","7":"product_cat-vegano","8":"product_tag-b6","9":"product_tag-dulzura-natural","10":"product_tag-vegano","11":"product_tag-vitamina","12":"product_tag-vitaminas","14":"first","15":"instock","16":"shipping-taxable","17":"purchasable","18":"product-type-simple"},"yoast_head":"<!-- This site is optimized with the Yoast SEO plugin v25.2 - https:\/\/yoast.com\/wordpress\/plugins\/seo\/ -->\n<title>Vitamina B6 - YAOMARKET<\/title>\n<meta name=\"robots\" content=\"index, follow, max-snippet:-1, max-image-preview:large, max-video-preview:-1\" \/>\n<link rel=\"canonical\" href=\"https:\/\/yaomarket.cl\/?product=vitamina-b6\" \/>\n<meta property=\"og:locale\" content=\"es_ES\" \/>\n<meta property=\"og:type\" content=\"article\" \/>\n<meta property=\"og:title\" content=\"Vitamina B6 - YAOMARKET\" \/>\n<meta property=\"og:description\" content=\"90 porciones de 50 mg de B6.  Incluye mini cucharita dosificadora.  IMPORTANTE: Toma la porci\u00f3n mezcl\u00e1ndola en un vaso de agua o jugo de 50 ml ( en palabras simples lo que hace media tacita de caf\u00e9 expr\u00e9s). De esta forma su sabor pasa completamente desapercibido    Beneficios y usos de la vitamina B6       Es fundamental si tu eres deportistas, ya que interviene en m\u00e1s de 100 enzimas encargadas de meta bolizar mayormente prote\u00ednas (1)(2)  Interviene en la bios\u00edntesis de tu hemoglobina , amino\u00e1cidos y en el metabolismo tus \u00e1cidos grasos (1) (3)  Si est\u00e1s embarazada la vitamina B6 es usada para ayudarte a tratar las n\u00e1useas y v\u00f3mitos (malestar matutino) (13) (14)  La vitamina B6 es una de las tres vitaminas que regulan tu homociste\u00edna, evitando enfermedades cardiovasculares, al estar asociadas a niveles altos de homociste\u00edna. (7) (8) \u200b Algunos estudios sugieren que ayuda a regular la depresi\u00f3n tard\u00eda o en adultos mayores, al encontrar que est\u00e1 asociada a bajos niveles de B6 (4) (5) (6) (9)  En dosis farmacol\u00f3gicas orientadas \u00fanicamente por un m\u00e9dico, la vitamina B6 (piridoxina) se utiliza como tratamiento para aliviar o abolir las convulsiones en personas epil\u00e9pticas (10) (11) (12) \u200b Anemia siderobl\u00e1stica: En dosis farmacol\u00f3gicas orientadas por un m\u00e9dico, la vitamina B6, complementada en algunos casos con \u00e1cido f\u00f3lico ayuda al tratamiento de esta enfermedad (18) (19)  Algunos estudios sugieren que en dosis farmacol\u00f3gicas (100 mg por dia) orientadas por un m\u00e9dico podr\u00edan ayudar a tratar el s\u00edndrome premenstrual en mujeres, sin embargo aun no son concluyentes estos estudios (15)\u200b\" \/>\n<meta property=\"og:url\" content=\"https:\/\/yaomarket.cl\/?product=vitamina-b6\" \/>\n<meta property=\"og:site_name\" content=\"YAOMARKET\" \/>\n<meta property=\"article:publisher\" content=\"https:\/\/www.facebook.com\/yaomarketchile\/\" \/>\n<meta property=\"article:modified_time\" content=\"2023-05-04T01:42:41+00:00\" \/>\n<meta property=\"og:image\" content=\"https:\/\/yaomarket.cl\/wp-content\/uploads\/2023\/05\/Diapositiva15.jpg\" \/>\n\t<meta property=\"og:image:width\" content=\"753\" \/>\n\t<meta property=\"og:image:height\" content=\"565\" \/>\n\t<meta property=\"og:image:type\" content=\"image\/jpeg\" \/>\n<meta name=\"twitter:card\" content=\"summary_large_image\" \/>\n<script type=\"application\/ld+json\" class=\"yoast-schema-graph\">{\"@context\":\"https:\/\/schema.org\",\"@graph\":[{\"@type\":\"WebPage\",\"@id\":\"https:\/\/yaomarket.cl\/?product=vitamina-b6\",\"url\":\"https:\/\/yaomarket.cl\/?product=vitamina-b6\",\"name\":\"Vitamina B6 - YAOMARKET\",\"isPartOf\":{\"@id\":\"https:\/\/yaomarket.cl\/#website\"},\"primaryImageOfPage\":{\"@id\":\"https:\/\/yaomarket.cl\/?product=vitamina-b6#primaryimage\"},\"image\":{\"@id\":\"https:\/\/yaomarket.cl\/?product=vitamina-b6#primaryimage\"},\"thumbnailUrl\":\"https:\/\/yaomarket.cl\/wp-content\/uploads\/2023\/05\/Diapositiva15.jpg\",\"datePublished\":\"2023-05-04T01:40:41+00:00\",\"dateModified\":\"2023-05-04T01:42:41+00:00\",\"breadcrumb\":{\"@id\":\"https:\/\/yaomarket.cl\/?product=vitamina-b6#breadcrumb\"},\"inLanguage\":\"es\",\"potentialAction\":[{\"@type\":\"ReadAction\",\"target\":[\"https:\/\/yaomarket.cl\/?product=vitamina-b6\"]}]},{\"@type\":\"ImageObject\",\"inLanguage\":\"es\",\"@id\":\"https:\/\/yaomarket.cl\/?product=vitamina-b6#primaryimage\",\"url\":\"https:\/\/yaomarket.cl\/wp-content\/uploads\/2023\/05\/Diapositiva15.jpg\",\"contentUrl\":\"https:\/\/yaomarket.cl\/wp-content\/uploads\/2023\/05\/Diapositiva15.jpg\",\"width\":753,\"height\":565},{\"@type\":\"BreadcrumbList\",\"@id\":\"https:\/\/yaomarket.cl\/?product=vitamina-b6#breadcrumb\",\"itemListElement\":[{\"@type\":\"ListItem\",\"position\":1,\"name\":\"Portada\",\"item\":\"https:\/\/yaomarket.cl\/\"},{\"@type\":\"ListItem\",\"position\":2,\"name\":\"TIENDA\",\"item\":\"https:\/\/yaomarket.cl\/?page_id=8\"},{\"@type\":\"ListItem\",\"position\":3,\"name\":\"Vitamina B6\"}]},{\"@type\":\"WebSite\",\"@id\":\"https:\/\/yaomarket.cl\/#website\",\"url\":\"https:\/\/yaomarket.cl\/\",\"name\":\"YAOMARKET\",\"description\":\"\",\"publisher\":{\"@id\":\"https:\/\/yaomarket.cl\/#organization\"},\"potentialAction\":[{\"@type\":\"SearchAction\",\"target\":{\"@type\":\"EntryPoint\",\"urlTemplate\":\"https:\/\/yaomarket.cl\/?s={search_term_string}\"},\"query-input\":{\"@type\":\"PropertyValueSpecification\",\"valueRequired\":true,\"valueName\":\"search_term_string\"}}],\"inLanguage\":\"es\"},{\"@type\":\"Organization\",\"@id\":\"https:\/\/yaomarket.cl\/#organization\",\"name\":\"YAOMARKET\",\"url\":\"https:\/\/yaomarket.cl\/\",\"logo\":{\"@type\":\"ImageObject\",\"inLanguage\":\"es\",\"@id\":\"https:\/\/yaomarket.cl\/#\/schema\/logo\/image\/\",\"url\":\"https:\/\/yaomarket.cl\/wp-content\/uploads\/2023\/08\/Logo-Original-Yao-Market-Circular.png\",\"contentUrl\":\"https:\/\/yaomarket.cl\/wp-content\/uploads\/2023\/08\/Logo-Original-Yao-Market-Circular.png\",\"width\":522,\"height\":522,\"caption\":\"YAOMARKET\"},\"image\":{\"@id\":\"https:\/\/yaomarket.cl\/#\/schema\/logo\/image\/\"},\"sameAs\":[\"https:\/\/www.facebook.com\/yaomarketchile\/\",\"https:\/\/www.instagram.com\/yao_market\/\"]}]}<\/script>\n<!-- \/ Yoast SEO plugin. -->","yoast_head_json":{"title":"Vitamina B6 - YAOMARKET","robots":{"index":"index","follow":"follow","max-snippet":"max-snippet:-1","max-image-preview":"max-image-preview:large","max-video-preview":"max-video-preview:-1"},"canonical":"https:\/\/yaomarket.cl\/?product=vitamina-b6","og_locale":"es_ES","og_type":"article","og_title":"Vitamina B6 - YAOMARKET","og_description":"90 porciones de 50 mg de B6.  Incluye mini cucharita dosificadora.  IMPORTANTE: Toma la porci\u00f3n mezcl\u00e1ndola en un vaso de agua o jugo de 50 ml ( en palabras simples lo que hace media tacita de caf\u00e9 expr\u00e9s). De esta forma su sabor pasa completamente desapercibido    Beneficios y usos de la vitamina B6       Es fundamental si tu eres deportistas, ya que interviene en m\u00e1s de 100 enzimas encargadas de meta bolizar mayormente prote\u00ednas (1)(2)  Interviene en la bios\u00edntesis de tu hemoglobina , amino\u00e1cidos y en el metabolismo tus \u00e1cidos grasos (1) (3)  Si est\u00e1s embarazada la vitamina B6 es usada para ayudarte a tratar las n\u00e1useas y v\u00f3mitos (malestar matutino) (13) (14)  La vitamina B6 es una de las tres vitaminas que regulan tu homociste\u00edna, evitando enfermedades cardiovasculares, al estar asociadas a niveles altos de homociste\u00edna. (7) (8) \u200b Algunos estudios sugieren que ayuda a regular la depresi\u00f3n tard\u00eda o en adultos mayores, al encontrar que est\u00e1 asociada a bajos niveles de B6 (4) (5) (6) (9)  En dosis farmacol\u00f3gicas orientadas \u00fanicamente por un m\u00e9dico, la vitamina B6 (piridoxina) se utiliza como tratamiento para aliviar o abolir las convulsiones en personas epil\u00e9pticas (10) (11) (12) \u200b Anemia siderobl\u00e1stica: En dosis farmacol\u00f3gicas orientadas por un m\u00e9dico, la vitamina B6, complementada en algunos casos con \u00e1cido f\u00f3lico ayuda al tratamiento de esta enfermedad (18) (19)  Algunos estudios sugieren que en dosis farmacol\u00f3gicas (100 mg por dia) orientadas por un m\u00e9dico podr\u00edan ayudar a tratar el s\u00edndrome premenstrual en mujeres, sin embargo aun no son concluyentes estos estudios (15)\u200b","og_url":"https:\/\/yaomarket.cl\/?product=vitamina-b6","og_site_name":"YAOMARKET","article_publisher":"https:\/\/www.facebook.com\/yaomarketchile\/","article_modified_time":"2023-05-04T01:42:41+00:00","og_image":[{"width":753,"height":565,"url":"https:\/\/yaomarket.cl\/wp-content\/uploads\/2023\/05\/Diapositiva15.jpg","type":"image\/jpeg"}],"twitter_card":"summary_large_image","schema":{"@context":"https:\/\/schema.org","@graph":[{"@type":"WebPage","@id":"https:\/\/yaomarket.cl\/?product=vitamina-b6","url":"https:\/\/yaomarket.cl\/?product=vitamina-b6","name":"Vitamina B6 - YAOMARKET","isPartOf":{"@id":"https:\/\/yaomarket.cl\/#website"},"primaryImageOfPage":{"@id":"https:\/\/yaomarket.cl\/?product=vitamina-b6#primaryimage"},"image":{"@id":"https:\/\/yaomarket.cl\/?product=vitamina-b6#primaryimage"},"thumbnailUrl":"https:\/\/yaomarket.cl\/wp-content\/uploads\/2023\/05\/Diapositiva15.jpg","datePublished":"2023-05-04T01:40:41+00:00","dateModified":"2023-05-04T01:42:41+00:00","breadcrumb":{"@id":"https:\/\/yaomarket.cl\/?product=vitamina-b6#breadcrumb"},"inLanguage":"es","potentialAction":[{"@type":"ReadAction","target":["https:\/\/yaomarket.cl\/?product=vitamina-b6"]}]},{"@type":"ImageObject","inLanguage":"es","@id":"https:\/\/yaomarket.cl\/?product=vitamina-b6#primaryimage","url":"https:\/\/yaomarket.cl\/wp-content\/uploads\/2023\/05\/Diapositiva15.jpg","contentUrl":"https:\/\/yaomarket.cl\/wp-content\/uploads\/2023\/05\/Diapositiva15.jpg","width":753,"height":565},{"@type":"BreadcrumbList","@id":"https:\/\/yaomarket.cl\/?product=vitamina-b6#breadcrumb","itemListElement":[{"@type":"ListItem","position":1,"name":"Portada","item":"https:\/\/yaomarket.cl\/"},{"@type":"ListItem","position":2,"name":"TIENDA","item":"https:\/\/yaomarket.cl\/?page_id=8"},{"@type":"ListItem","position":3,"name":"Vitamina B6"}]},{"@type":"WebSite","@id":"https:\/\/yaomarket.cl\/#website","url":"https:\/\/yaomarket.cl\/","name":"YAOMARKET","description":"","publisher":{"@id":"https:\/\/yaomarket.cl\/#organization"},"potentialAction":[{"@type":"SearchAction","target":{"@type":"EntryPoint","urlTemplate":"https:\/\/yaomarket.cl\/?s={search_term_string}"},"query-input":{"@type":"PropertyValueSpecification","valueRequired":true,"valueName":"search_term_string"}}],"inLanguage":"es"},{"@type":"Organization","@id":"https:\/\/yaomarket.cl\/#organization","name":"YAOMARKET","url":"https:\/\/yaomarket.cl\/","logo":{"@type":"ImageObject","inLanguage":"es","@id":"https:\/\/yaomarket.cl\/#\/schema\/logo\/image\/","url":"https:\/\/yaomarket.cl\/wp-content\/uploads\/2023\/08\/Logo-Original-Yao-Market-Circular.png","contentUrl":"https:\/\/yaomarket.cl\/wp-content\/uploads\/2023\/08\/Logo-Original-Yao-Market-Circular.png","width":522,"height":522,"caption":"YAOMARKET"},"image":{"@id":"https:\/\/yaomarket.cl\/#\/schema\/logo\/image\/"},"sameAs":["https:\/\/www.facebook.com\/yaomarketchile\/","https:\/\/www.instagram.com\/yao_market\/"]}]}},"_links":{"self":[{"href":"https:\/\/yaomarket.cl\/index.php?rest_route=\/wp\/v2\/product\/9726","targetHints":{"allow":["GET"]}}],"collection":[{"href":"https:\/\/yaomarket.cl\/index.php?rest_route=\/wp\/v2\/product"}],"about":[{"href":"https:\/\/yaomarket.cl\/index.php?rest_route=\/wp\/v2\/types\/product"}],"wp:featuredmedia":[{"embeddable":true,"href":"https:\/\/yaomarket.cl\/index.php?rest_route=\/wp\/v2\/media\/9710"}],"wp:attachment":[{"href":"https:\/\/yaomarket.cl\/index.php?rest_route=%2Fwp%2Fv2%2Fmedia&parent=9726"}],"wp:term":[{"taxonomy":"product_cat","embeddable":true,"href":"https:\/\/yaomarket.cl\/index.php?rest_route=%2Fwp%2Fv2%2Fproduct_cat&post=9726"},{"taxonomy":"product_tag","embeddable":true,"href":"https:\/\/yaomarket.cl\/index.php?rest_route=%2Fwp%2Fv2%2Fproduct_tag&post=9726"}],"curies":[{"name":"wp","href":"https:\/\/api.w.org\/{rel}","templated":true}]}}