{"id":9725,"date":"2023-05-04T01:32:02","date_gmt":"2023-05-04T01:32:02","guid":{"rendered":"https:\/\/yaomarket.cl\/?post_type=product&#038;p=9725"},"modified":"2023-05-04T01:40:26","modified_gmt":"2023-05-04T01:40:26","slug":"vitamina-a","status":"publish","type":"product","link":"https:\/\/yaomarket.cl\/?product=vitamina-a","title":{"rendered":"Vitamina A"},"content":{"rendered":"<div id=\"product-description-short-427\" class=\"rte-content product-description\">\n<div class=\"rte-content product-description\"><\/div>\n<div class=\"product-actions\">\n<form id=\"add-to-cart-or-refresh\" action=\"https:\/\/europasecreta.cl\/carrito\" method=\"post\">\n<div class=\"product-variants\"><\/div>\n<div class=\"product-add-to-cart pt-3\">\n<div class=\"row extra-small-gutters product-quantity \">\n<div class=\"col col-12 col-sm-auto col-add-qty\">\n<div class=\"qty \">\n<div class=\"input-group bootstrap-touchspin\"><\/div>\n<\/div>\n<\/div>\n<\/div>\n<\/div>\n<\/form>\n<\/div>\n<\/div>\n<div class=\"product-actions\">\n<form id=\"add-to-cart-or-refresh\" action=\"https:\/\/europasecreta.cl\/carrito\" method=\"post\">\n<div class=\"product-variants\"><\/div>\n<div class=\"product-add-to-cart pt-3\">\n<div class=\"row extra-small-gutters product-quantity \">\n<div class=\"col col-12 col-sm-auto col-add-qty\">\n<div class=\"qty \">\n<div class=\"input-group bootstrap-touchspin\"><\/div>\n<\/div>\n<\/div>\n<\/div>\n<\/div>\n<\/form>\n<\/div>\n","protected":false},"excerpt":{"rendered":"<section class=\"elementor-section elementor-top-section elementor-element elementor-element-e5f90c5 elementor-section-boxed elementor-section-height-default elementor-section-height-default\" data-id=\"e5f90c5\" data-element_type=\"section\">\n<div class=\"elementor-container elementor-column-gap-wider\">\n<div class=\"elementor-row\">\n<div class=\"elementor-column elementor-col-50 elementor-top-column elementor-element elementor-element-d3852a9\" data-id=\"d3852a9\" data-element_type=\"column\">\n<div class=\"elementor-column-wrap elementor-element-populated\">\n<div class=\"elementor-widget-wrap\">\n<div class=\"elementor-element elementor-element-54f3af4 lista-principal elementor-widget elementor-widget-text-editor\" data-id=\"54f3af4\" data-element_type=\"widget\" data-widget_type=\"text-editor.default\">\n<div class=\"elementor-widget-container\">\n<div class=\"elementor-text-editor elementor-clearfix\">\n<ul>\n<li>90 porciones.<\/li>\n<li>3300 UI\u00a0 por porci\u00f3n.<\/li>\n<li>Incluye una mini cucharita dosificadora<\/li>\n<\/ul>\n<div class=\"elementor-element elementor-element-62c267f elementor-widget elementor-widget-heading\" data-id=\"62c267f\" data-element_type=\"widget\" data-widget_type=\"heading.default\">\n<div class=\"elementor-widget-container\">\n<h2 class=\"elementor-heading-title elementor-size-default\">Beneficios, propiedades y usos de la vitamina A<\/h2>\n<\/div>\n<\/div>\n<div class=\"elementor-element elementor-element-ea4151f elementor-widget elementor-widget-text-editor\" data-id=\"ea4151f\" data-element_type=\"widget\" data-widget_type=\"text-editor.default\">\n<div class=\"elementor-widget-container\">\n<div class=\"elementor-text-editor elementor-clearfix\">\n<p>Es excelente para tu visi\u00f3n y la principal forma para prevenir la ceguera, ya que ella preserva a tu retina, de ah\u00ed que tambi\u00e9n la vitamina A se conoce como Retinol (2) (5)<\/p>\n<p>Es importante para fortalecer tu sistema inmune, por eso se le denomin\u00f3 \u00abla vitamina anti-infectiva\u00bb (1)<br \/>\n\u200bEs fundamental para el desarrollo prenatal y posnatal: desarrollo fetal, la vitamina A es importante para la formaci\u00f3n de \u00f3rganos, incluyendo el coraz\u00f3n, los ojos, o\u00eddos, pulmones y \u00f3rganos viscerales (3) (2)<\/p>\n<p>Tomar vitamina A en conjunto con hierro beneficia a la recuperaci\u00f3n de la anemia (2) (4)<\/p>\n<p>Previene las enfermedades infecciosas, especialmente el Sarampi\u00f3n, al estar asociada su trasmisi\u00f3n a la deficiencia de vitamina A (2) (7)<\/p>\n<p>En ni\u00f1os ayuda al desarrollo de sus huesos y dientes (2)<\/p>\n<p>Regenera y cuida tu piel, al ser importante para generar c\u00e9lulas nuevas (8)<\/p>\n<\/div>\n<\/div>\n<\/div>\n<\/div>\n<\/div>\n<\/div>\n<\/div>\n<\/div>\n<\/div>\n<\/div>\n<\/div>\n<\/section>\n","protected":false},"featured_media":9709,"template":"","meta":[],"product_cat":[384,383],"product_tag":[405,389,391,392,388],"class_list":{"0":"post-9725","1":"product","2":"type-product","3":"status-publish","4":"has-post-thumbnail","6":"product_cat-suplementos-y-vitaminas","7":"product_cat-vegano","8":"product_tag-a","9":"product_tag-dulzura-natural","10":"product_tag-vegano","11":"product_tag-vitamina","12":"product_tag-vitaminas","14":"first","15":"instock","16":"shipping-taxable","17":"purchasable","18":"product-type-simple"},"yoast_head":"<!-- This site is optimized with the Yoast SEO plugin v25.2 - https:\/\/yoast.com\/wordpress\/plugins\/seo\/ -->\n<title>Vitamina A - YAOMARKET<\/title>\n<meta name=\"robots\" content=\"index, follow, max-snippet:-1, max-image-preview:large, max-video-preview:-1\" \/>\n<link rel=\"canonical\" href=\"https:\/\/yaomarket.cl\/?product=vitamina-a\" \/>\n<meta property=\"og:locale\" content=\"es_ES\" \/>\n<meta property=\"og:type\" content=\"article\" \/>\n<meta property=\"og:title\" content=\"Vitamina A - YAOMARKET\" \/>\n<meta property=\"og:description\" content=\"90 porciones.  3300 UI\u00a0 por porci\u00f3n.  Incluye una mini cucharita dosificadora    Beneficios, propiedades y usos de la vitamina A       Es excelente para tu visi\u00f3n y la principal forma para prevenir la ceguera, ya que ella preserva a tu retina, de ah\u00ed que tambi\u00e9n la vitamina A se conoce como Retinol (2) (5)  Es importante para fortalecer tu sistema inmune, por eso se le denomin\u00f3 \u00abla vitamina anti-infectiva\u00bb (1) \u200bEs fundamental para el desarrollo prenatal y posnatal: desarrollo fetal, la vitamina A es importante para la formaci\u00f3n de \u00f3rganos, incluyendo el coraz\u00f3n, los ojos, o\u00eddos, pulmones y \u00f3rganos viscerales (3) (2)  Tomar vitamina A en conjunto con hierro beneficia a la recuperaci\u00f3n de la anemia (2) (4)  Previene las enfermedades infecciosas, especialmente el Sarampi\u00f3n, al estar asociada su trasmisi\u00f3n a la deficiencia de vitamina A (2) (7)  En ni\u00f1os ayuda al desarrollo de sus huesos y dientes (2)  Regenera y cuida tu piel, al ser importante para generar c\u00e9lulas nuevas (8)\" \/>\n<meta property=\"og:url\" content=\"https:\/\/yaomarket.cl\/?product=vitamina-a\" \/>\n<meta property=\"og:site_name\" content=\"YAOMARKET\" \/>\n<meta property=\"article:publisher\" content=\"https:\/\/www.facebook.com\/yaomarketchile\/\" \/>\n<meta property=\"article:modified_time\" content=\"2023-05-04T01:40:26+00:00\" \/>\n<meta property=\"og:image\" content=\"https:\/\/yaomarket.cl\/wp-content\/uploads\/2023\/05\/Diapositiva14.jpg\" \/>\n\t<meta property=\"og:image:width\" content=\"753\" \/>\n\t<meta property=\"og:image:height\" content=\"565\" \/>\n\t<meta property=\"og:image:type\" content=\"image\/jpeg\" \/>\n<meta name=\"twitter:card\" content=\"summary_large_image\" \/>\n<script type=\"application\/ld+json\" class=\"yoast-schema-graph\">{\"@context\":\"https:\/\/schema.org\",\"@graph\":[{\"@type\":\"WebPage\",\"@id\":\"https:\/\/yaomarket.cl\/?product=vitamina-a\",\"url\":\"https:\/\/yaomarket.cl\/?product=vitamina-a\",\"name\":\"Vitamina A - YAOMARKET\",\"isPartOf\":{\"@id\":\"https:\/\/yaomarket.cl\/#website\"},\"primaryImageOfPage\":{\"@id\":\"https:\/\/yaomarket.cl\/?product=vitamina-a#primaryimage\"},\"image\":{\"@id\":\"https:\/\/yaomarket.cl\/?product=vitamina-a#primaryimage\"},\"thumbnailUrl\":\"https:\/\/yaomarket.cl\/wp-content\/uploads\/2023\/05\/Diapositiva14.jpg\",\"datePublished\":\"2023-05-04T01:32:02+00:00\",\"dateModified\":\"2023-05-04T01:40:26+00:00\",\"breadcrumb\":{\"@id\":\"https:\/\/yaomarket.cl\/?product=vitamina-a#breadcrumb\"},\"inLanguage\":\"es\",\"potentialAction\":[{\"@type\":\"ReadAction\",\"target\":[\"https:\/\/yaomarket.cl\/?product=vitamina-a\"]}]},{\"@type\":\"ImageObject\",\"inLanguage\":\"es\",\"@id\":\"https:\/\/yaomarket.cl\/?product=vitamina-a#primaryimage\",\"url\":\"https:\/\/yaomarket.cl\/wp-content\/uploads\/2023\/05\/Diapositiva14.jpg\",\"contentUrl\":\"https:\/\/yaomarket.cl\/wp-content\/uploads\/2023\/05\/Diapositiva14.jpg\",\"width\":753,\"height\":565},{\"@type\":\"BreadcrumbList\",\"@id\":\"https:\/\/yaomarket.cl\/?product=vitamina-a#breadcrumb\",\"itemListElement\":[{\"@type\":\"ListItem\",\"position\":1,\"name\":\"Portada\",\"item\":\"https:\/\/yaomarket.cl\/\"},{\"@type\":\"ListItem\",\"position\":2,\"name\":\"TIENDA\",\"item\":\"https:\/\/yaomarket.cl\/?page_id=8\"},{\"@type\":\"ListItem\",\"position\":3,\"name\":\"Vitamina A\"}]},{\"@type\":\"WebSite\",\"@id\":\"https:\/\/yaomarket.cl\/#website\",\"url\":\"https:\/\/yaomarket.cl\/\",\"name\":\"YAOMARKET\",\"description\":\"\",\"publisher\":{\"@id\":\"https:\/\/yaomarket.cl\/#organization\"},\"potentialAction\":[{\"@type\":\"SearchAction\",\"target\":{\"@type\":\"EntryPoint\",\"urlTemplate\":\"https:\/\/yaomarket.cl\/?s={search_term_string}\"},\"query-input\":{\"@type\":\"PropertyValueSpecification\",\"valueRequired\":true,\"valueName\":\"search_term_string\"}}],\"inLanguage\":\"es\"},{\"@type\":\"Organization\",\"@id\":\"https:\/\/yaomarket.cl\/#organization\",\"name\":\"YAOMARKET\",\"url\":\"https:\/\/yaomarket.cl\/\",\"logo\":{\"@type\":\"ImageObject\",\"inLanguage\":\"es\",\"@id\":\"https:\/\/yaomarket.cl\/#\/schema\/logo\/image\/\",\"url\":\"https:\/\/yaomarket.cl\/wp-content\/uploads\/2023\/08\/Logo-Original-Yao-Market-Circular.png\",\"contentUrl\":\"https:\/\/yaomarket.cl\/wp-content\/uploads\/2023\/08\/Logo-Original-Yao-Market-Circular.png\",\"width\":522,\"height\":522,\"caption\":\"YAOMARKET\"},\"image\":{\"@id\":\"https:\/\/yaomarket.cl\/#\/schema\/logo\/image\/\"},\"sameAs\":[\"https:\/\/www.facebook.com\/yaomarketchile\/\",\"https:\/\/www.instagram.com\/yao_market\/\"]}]}<\/script>\n<!-- \/ Yoast SEO plugin. -->","yoast_head_json":{"title":"Vitamina A - YAOMARKET","robots":{"index":"index","follow":"follow","max-snippet":"max-snippet:-1","max-image-preview":"max-image-preview:large","max-video-preview":"max-video-preview:-1"},"canonical":"https:\/\/yaomarket.cl\/?product=vitamina-a","og_locale":"es_ES","og_type":"article","og_title":"Vitamina A - YAOMARKET","og_description":"90 porciones.  3300 UI\u00a0 por porci\u00f3n.  Incluye una mini cucharita dosificadora    Beneficios, propiedades y usos de la vitamina A       Es excelente para tu visi\u00f3n y la principal forma para prevenir la ceguera, ya que ella preserva a tu retina, de ah\u00ed que tambi\u00e9n la vitamina A se conoce como Retinol (2) (5)  Es importante para fortalecer tu sistema inmune, por eso se le denomin\u00f3 \u00abla vitamina anti-infectiva\u00bb (1) \u200bEs fundamental para el desarrollo prenatal y posnatal: desarrollo fetal, la vitamina A es importante para la formaci\u00f3n de \u00f3rganos, incluyendo el coraz\u00f3n, los ojos, o\u00eddos, pulmones y \u00f3rganos viscerales (3) (2)  Tomar vitamina A en conjunto con hierro beneficia a la recuperaci\u00f3n de la anemia (2) (4)  Previene las enfermedades infecciosas, especialmente el Sarampi\u00f3n, al estar asociada su trasmisi\u00f3n a la deficiencia de vitamina A (2) (7)  En ni\u00f1os ayuda al desarrollo de sus huesos y dientes (2)  Regenera y cuida tu piel, al ser importante para generar c\u00e9lulas nuevas (8)","og_url":"https:\/\/yaomarket.cl\/?product=vitamina-a","og_site_name":"YAOMARKET","article_publisher":"https:\/\/www.facebook.com\/yaomarketchile\/","article_modified_time":"2023-05-04T01:40:26+00:00","og_image":[{"width":753,"height":565,"url":"https:\/\/yaomarket.cl\/wp-content\/uploads\/2023\/05\/Diapositiva14.jpg","type":"image\/jpeg"}],"twitter_card":"summary_large_image","schema":{"@context":"https:\/\/schema.org","@graph":[{"@type":"WebPage","@id":"https:\/\/yaomarket.cl\/?product=vitamina-a","url":"https:\/\/yaomarket.cl\/?product=vitamina-a","name":"Vitamina A - YAOMARKET","isPartOf":{"@id":"https:\/\/yaomarket.cl\/#website"},"primaryImageOfPage":{"@id":"https:\/\/yaomarket.cl\/?product=vitamina-a#primaryimage"},"image":{"@id":"https:\/\/yaomarket.cl\/?product=vitamina-a#primaryimage"},"thumbnailUrl":"https:\/\/yaomarket.cl\/wp-content\/uploads\/2023\/05\/Diapositiva14.jpg","datePublished":"2023-05-04T01:32:02+00:00","dateModified":"2023-05-04T01:40:26+00:00","breadcrumb":{"@id":"https:\/\/yaomarket.cl\/?product=vitamina-a#breadcrumb"},"inLanguage":"es","potentialAction":[{"@type":"ReadAction","target":["https:\/\/yaomarket.cl\/?product=vitamina-a"]}]},{"@type":"ImageObject","inLanguage":"es","@id":"https:\/\/yaomarket.cl\/?product=vitamina-a#primaryimage","url":"https:\/\/yaomarket.cl\/wp-content\/uploads\/2023\/05\/Diapositiva14.jpg","contentUrl":"https:\/\/yaomarket.cl\/wp-content\/uploads\/2023\/05\/Diapositiva14.jpg","width":753,"height":565},{"@type":"BreadcrumbList","@id":"https:\/\/yaomarket.cl\/?product=vitamina-a#breadcrumb","itemListElement":[{"@type":"ListItem","position":1,"name":"Portada","item":"https:\/\/yaomarket.cl\/"},{"@type":"ListItem","position":2,"name":"TIENDA","item":"https:\/\/yaomarket.cl\/?page_id=8"},{"@type":"ListItem","position":3,"name":"Vitamina A"}]},{"@type":"WebSite","@id":"https:\/\/yaomarket.cl\/#website","url":"https:\/\/yaomarket.cl\/","name":"YAOMARKET","description":"","publisher":{"@id":"https:\/\/yaomarket.cl\/#organization"},"potentialAction":[{"@type":"SearchAction","target":{"@type":"EntryPoint","urlTemplate":"https:\/\/yaomarket.cl\/?s={search_term_string}"},"query-input":{"@type":"PropertyValueSpecification","valueRequired":true,"valueName":"search_term_string"}}],"inLanguage":"es"},{"@type":"Organization","@id":"https:\/\/yaomarket.cl\/#organization","name":"YAOMARKET","url":"https:\/\/yaomarket.cl\/","logo":{"@type":"ImageObject","inLanguage":"es","@id":"https:\/\/yaomarket.cl\/#\/schema\/logo\/image\/","url":"https:\/\/yaomarket.cl\/wp-content\/uploads\/2023\/08\/Logo-Original-Yao-Market-Circular.png","contentUrl":"https:\/\/yaomarket.cl\/wp-content\/uploads\/2023\/08\/Logo-Original-Yao-Market-Circular.png","width":522,"height":522,"caption":"YAOMARKET"},"image":{"@id":"https:\/\/yaomarket.cl\/#\/schema\/logo\/image\/"},"sameAs":["https:\/\/www.facebook.com\/yaomarketchile\/","https:\/\/www.instagram.com\/yao_market\/"]}]}},"_links":{"self":[{"href":"https:\/\/yaomarket.cl\/index.php?rest_route=\/wp\/v2\/product\/9725","targetHints":{"allow":["GET"]}}],"collection":[{"href":"https:\/\/yaomarket.cl\/index.php?rest_route=\/wp\/v2\/product"}],"about":[{"href":"https:\/\/yaomarket.cl\/index.php?rest_route=\/wp\/v2\/types\/product"}],"wp:featuredmedia":[{"embeddable":true,"href":"https:\/\/yaomarket.cl\/index.php?rest_route=\/wp\/v2\/media\/9709"}],"wp:attachment":[{"href":"https:\/\/yaomarket.cl\/index.php?rest_route=%2Fwp%2Fv2%2Fmedia&parent=9725"}],"wp:term":[{"taxonomy":"product_cat","embeddable":true,"href":"https:\/\/yaomarket.cl\/index.php?rest_route=%2Fwp%2Fv2%2Fproduct_cat&post=9725"},{"taxonomy":"product_tag","embeddable":true,"href":"https:\/\/yaomarket.cl\/index.php?rest_route=%2Fwp%2Fv2%2Fproduct_tag&post=9725"}],"curies":[{"name":"wp","href":"https:\/\/api.w.org\/{rel}","templated":true}]}}