{"id":9722,"date":"2023-05-03T03:16:51","date_gmt":"2023-05-03T03:16:51","guid":{"rendered":"https:\/\/yaomarket.cl\/?post_type=product&#038;p=9722"},"modified":"2023-05-03T03:19:43","modified_gmt":"2023-05-03T03:19:43","slug":"zinc","status":"publish","type":"product","link":"https:\/\/yaomarket.cl\/?product=zinc","title":{"rendered":"Zinc"},"content":{"rendered":"<div id=\"product-description-short-427\" class=\"rte-content product-description\">\n<div class=\"rte-content product-description\"><\/div>\n<div class=\"product-actions\">\n<form id=\"add-to-cart-or-refresh\" action=\"https:\/\/europasecreta.cl\/carrito\" method=\"post\">\n<div class=\"product-variants\"><\/div>\n<div class=\"product-add-to-cart pt-3\">\n<div class=\"row extra-small-gutters product-quantity \">\n<div class=\"col col-12 col-sm-auto col-add-qty\">\n<div class=\"qty \">\n<div class=\"input-group bootstrap-touchspin\"><\/div>\n<\/div>\n<\/div>\n<\/div>\n<\/div>\n<\/form>\n<\/div>\n<\/div>\n<div class=\"product-actions\">\n<form id=\"add-to-cart-or-refresh\" action=\"https:\/\/europasecreta.cl\/carrito\" method=\"post\">\n<div class=\"product-variants\"><\/div>\n<div class=\"product-add-to-cart pt-3\">\n<div class=\"row extra-small-gutters product-quantity \">\n<div class=\"col col-12 col-sm-auto col-add-qty\">\n<div class=\"qty \">\n<div class=\"input-group bootstrap-touchspin\"><\/div>\n<\/div>\n<\/div>\n<\/div>\n<\/div>\n<\/form>\n<\/div>\n","protected":false},"excerpt":{"rendered":"<section class=\"elementor-section elementor-top-section elementor-element elementor-element-d496e2c elementor-section-boxed elementor-section-height-default elementor-section-height-default\" data-id=\"d496e2c\" data-element_type=\"section\">\n<div class=\"elementor-container elementor-column-gap-wider\">\n<div class=\"elementor-row\">\n<div class=\"elementor-column elementor-col-50 elementor-top-column elementor-element elementor-element-4109055\" data-id=\"4109055\" data-element_type=\"column\">\n<div class=\"elementor-column-wrap elementor-element-populated\">\n<div class=\"elementor-widget-wrap\">\n<div class=\"elementor-element elementor-element-349ede4 lista-principal elementor-widget elementor-widget-text-editor\" data-id=\"349ede4\" data-element_type=\"widget\" data-widget_type=\"text-editor.default\">\n<div class=\"elementor-widget-container\"><\/div>\n<\/div>\n<\/div>\n<\/div>\n<\/div>\n<\/div>\n<\/div>\n<\/section>\n<section class=\"elementor-section elementor-top-section elementor-element elementor-element-c18f9c1 elementor-section-boxed elementor-section-height-default elementor-section-height-default\" data-id=\"c18f9c1\" data-element_type=\"section\">\n<div class=\"elementor-container elementor-column-gap-wider\">\n<div class=\"elementor-row\">\n<div class=\"elementor-column elementor-col-50 elementor-top-column elementor-element elementor-element-1aee1e1\" data-id=\"1aee1e1\" data-element_type=\"column\">\n<div class=\"elementor-column-wrap elementor-element-populated\">\n<div class=\"elementor-widget-wrap\">\n<div class=\"elementor-element elementor-element-2dfc664 elementor-widget elementor-widget-text-editor\" data-id=\"2dfc664\" data-element_type=\"widget\" data-widget_type=\"text-editor.default\">\n<div class=\"elementor-widget-container\">\n<div class=\"elementor-text-editor elementor-clearfix\">\n<section class=\"elementor-section elementor-top-section elementor-element elementor-element-a55c0df elementor-section-boxed elementor-section-height-default elementor-section-height-default\" data-id=\"a55c0df\" data-element_type=\"section\">\n<div class=\"elementor-container elementor-column-gap-wider\">\n<div class=\"elementor-row\">\n<div class=\"elementor-column elementor-col-50 elementor-top-column elementor-element elementor-element-3db9e1f\" data-id=\"3db9e1f\" data-element_type=\"column\">\n<div class=\"elementor-column-wrap elementor-element-populated\">\n<div class=\"elementor-widget-wrap\">\n<div class=\"elementor-element elementor-element-e166b3a elementor-widget elementor-widget-text-editor\" data-id=\"e166b3a\" data-element_type=\"widget\" data-widget_type=\"text-editor.default\">\n<div class=\"elementor-widget-container\">\n<div class=\"elementor-text-editor elementor-clearfix\">\n<section class=\"elementor-section elementor-top-section elementor-element elementor-element-cd5addf elementor-section-boxed elementor-section-height-default elementor-section-height-default\" data-id=\"cd5addf\" data-element_type=\"section\">\n<div class=\"elementor-container elementor-column-gap-wider\">\n<div class=\"elementor-row\">\n<div class=\"elementor-column elementor-col-50 elementor-top-column elementor-element elementor-element-9bbc74f\" data-id=\"9bbc74f\" data-element_type=\"column\">\n<div class=\"elementor-column-wrap elementor-element-populated\">\n<div class=\"elementor-widget-wrap\">\n<div class=\"elementor-element elementor-element-77e1f2b lista-principal elementor-widget elementor-widget-text-editor\" data-id=\"77e1f2b\" data-element_type=\"widget\" data-widget_type=\"text-editor.default\">\n<div class=\"elementor-widget-container\">\n<div class=\"elementor-text-editor elementor-clearfix\">\n<ul>\n<li>90 porciones\u00a0 con\u00a0 \u00a015 mg de Zinc elemental<\/li>\n<li>Ni\u00f1os: 1 dosificador al ras = 10 mg de zinc elemental (135 porciones)<\/li>\n<li>1 dosificador y medio al ras = 15 mg de zinc elemental ( 90 porciones)<\/li>\n<li>2 dosificadores al ras = 20 mg de zinc elemental ( 67 porciones)<\/li>\n<li><strong>IMPORTANTE: Toma la porci\u00f3n mezcl\u00e1ndola en un vaso de agua o jugo de 50 ml ( en palabras simples lo que hace media tacita de caf\u00e9 express ). De esta forma su sabor pasa completamente desapercibido<\/strong><\/li>\n<\/ul>\n<\/div>\n<\/div>\n<\/div>\n<\/div>\n<\/div>\n<\/div>\n<div class=\"elementor-column elementor-col-50 elementor-top-column elementor-element elementor-element-06dacaa\" data-id=\"06dacaa\" data-element_type=\"column\">\n<div class=\"elementor-column-wrap elementor-element-populated\">\n<div class=\"elementor-widget-wrap\">\n<div class=\"elementor-element elementor-element-baa7f9c elementor-widget elementor-widget-heading\" data-id=\"baa7f9c\" data-element_type=\"widget\" data-widget_type=\"heading.default\">\n<div class=\"elementor-widget-container\"><\/div>\n<\/div>\n<div class=\"elementor-element elementor-element-1040a31 elementor-widget elementor-widget-heading\" data-id=\"1040a31\" data-element_type=\"widget\" data-widget_type=\"heading.default\">\n<div class=\"elementor-widget-container\">\n<p class=\"elementor-heading-title elementor-size-default\">\n<\/div>\n<\/div>\n<div class=\"elementor-element elementor-element-abafaa6 elementor-hidden-mobile elementor-widget elementor-widget-image\" data-id=\"abafaa6\" data-element_type=\"widget\" data-widget_type=\"image.default\">\n<div class=\"elementor-widget-container\">\n<div class=\"elementor-image\"><\/div>\n<\/div>\n<\/div>\n<\/div>\n<\/div>\n<\/div>\n<\/div>\n<\/div>\n<\/section>\n<section class=\"elementor-section elementor-top-section elementor-element elementor-element-18f4ab0 elementor-section-boxed elementor-section-height-default elementor-section-height-default\" data-id=\"18f4ab0\" data-element_type=\"section\">\n<div class=\"elementor-container elementor-column-gap-wider\">\n<div class=\"elementor-row\">\n<div class=\"elementor-column elementor-col-50 elementor-top-column elementor-element elementor-element-37b0465\" data-id=\"37b0465\" data-element_type=\"column\">\n<div class=\"elementor-column-wrap elementor-element-populated\">\n<div class=\"elementor-widget-wrap\">\n<div class=\"elementor-element elementor-element-38708f8 elementor-widget elementor-widget-heading\" data-id=\"38708f8\" data-element_type=\"widget\" data-widget_type=\"heading.default\">\n<div class=\"elementor-widget-container\">\n<h2 class=\"elementor-heading-title elementor-size-default\">Beneficios y usos del Zinc<\/h2>\n<\/div>\n<\/div>\n<div class=\"elementor-element elementor-element-5987fac elementor-widget elementor-widget-text-editor\" data-id=\"5987fac\" data-element_type=\"widget\" data-widget_type=\"text-editor.default\">\n<div class=\"elementor-widget-container\">\n<div class=\"elementor-text-editor elementor-clearfix\">\n<p>M\u00e1s de 300\u00a0 tipos\u00a0 de\u00a0 \u00a0enzimas\u00a0 \u00a0\u00a0necesitan\u00a0 \u00a0\u00a0del zinc para \u00a0catalizar\u00a0 reacciones qu\u00edmicas vitales \u00a0\u00a0(2)<\/p>\n<p>Consumir\u00a0 el\u00a0 \u00a0zinc adecuado es necesario\u00a0 \u00a0\u00a0para mantener en ti\u00a0 un buen sistema inmune,\u00a0 \u00a0ya que\u00a0 \u00a0este mantiene\u00a0 \u00a0\u00a0el desarrollo y la funci\u00f3n normal de tus\u00a0 \u00a0\u00a0c\u00e9lulas\u00a0 encargadas\u00a0 \u00a0de\u00a0 \u00a0\u00a0\u00a0las respuestas inmunitarias innatas y las adaptativas. Se sabe que las personas\u00a0 \u00a0\u00a0con deficiencia de zinc son m\u00e1s\u00a0 susceptibles a tener una enfermedad\u00a0 infeccioso (10)<\/p>\n<p>El zinc tiene un papel importante en la estructura de\u00a0 tus\u00a0 \u00a0prote\u00ednas\u00a0 \u00a0\u00a0y\u00a0 \u00a0membranas celulares\u00a0 \u00a0(3)\u00a0 \u00a0(4)<\/p>\n<p>\u200bEl zinc en las\u00a0 \u00a0prote\u00ednas\u00a0 \u00a0\u00a0regulan la\u00a0 \u00a0\u00a0expresi\u00f3n de genes,\u00a0 interviene en la\u00a0 \u00a0se\u00f1alizaci\u00f3n celular, e\u00a0 \u00a0\u00a0influye en la liberaci\u00f3n de\u00a0 \u00a0hormonas\u00a0 \u00a0\u00a0y en la transmisi\u00f3n del impulso nervioso.\u00a0 \u00a0(5)<\/p>\n<p>En ni\u00f1os el zinc previene que se produzca retrasos\u00a0 \u00a0\u00a0\u00a0significativos en el crecimiento lineal y en el aumento de peso,\u00a0 los cuales suelen darse si existe una leve deficiencia de zinc (9)<\/p>\n<p>Diarrea en ni\u00f1os: La Organizaci\u00f3n Mundial de la Salud y el Fondo para la Infancia de las Naciones Unidas actualmente recomiendan la suplementaci\u00f3n con zinc como parte del tratamiento de la\u00a0 \u00a0\u00a0diarrea\u00a0 \u00a0\u00a0en ni\u00f1os\u00a0 (11)<\/p>\n<p>En ni\u00f1os, la suplementaci\u00f3n\u00a0 con zinc\u00a0 ayuda a prevenir enfermedades infecciosas respiratorias bajas como la neumonia (12)<\/p>\n<p>En\u00a0 adultos mayores previene\u00a0 \u00a0la disminuci\u00f3n de\u00a0 las respuestas del sistema inmune<\/p>\n<\/div>\n<\/div>\n<\/div>\n<\/div>\n<\/div>\n<\/div>\n<\/div>\n<\/div>\n<\/section>\n<\/div>\n<\/div>\n<\/div>\n<\/div>\n<\/div>\n<\/div>\n<\/div>\n<\/div>\n<\/section>\n<\/div>\n<\/div>\n<\/div>\n<\/div>\n<\/div>\n<\/div>\n<\/div>\n<\/div>\n<\/section>\n","protected":false},"featured_media":9706,"template":"","meta":[],"product_cat":[384,383],"product_tag":[389,391,392,388,403],"class_list":{"0":"post-9722","1":"product","2":"type-product","3":"status-publish","4":"has-post-thumbnail","6":"product_cat-suplementos-y-vitaminas","7":"product_cat-vegano","8":"product_tag-dulzura-natural","9":"product_tag-vegano","10":"product_tag-vitamina","11":"product_tag-vitaminas","12":"product_tag-zinc","14":"first","15":"instock","16":"shipping-taxable","17":"purchasable","18":"product-type-simple"},"yoast_head":"<!-- This site is optimized with the Yoast SEO plugin v25.2 - https:\/\/yoast.com\/wordpress\/plugins\/seo\/ -->\n<title>Zinc - YAOMARKET<\/title>\n<meta name=\"robots\" content=\"index, follow, max-snippet:-1, max-image-preview:large, max-video-preview:-1\" \/>\n<link rel=\"canonical\" href=\"https:\/\/yaomarket.cl\/?product=zinc\" \/>\n<meta property=\"og:locale\" content=\"es_ES\" \/>\n<meta property=\"og:type\" content=\"article\" \/>\n<meta property=\"og:title\" content=\"Zinc - YAOMARKET\" \/>\n<meta property=\"og:description\" content=\"90 porciones\u00a0 con\u00a0 \u00a015 mg de Zinc elemental  Ni\u00f1os: 1 dosificador al ras = 10 mg de zinc elemental (135 porciones)  1 dosificador y medio al ras = 15 mg de zinc elemental ( 90 porciones)  2 dosificadores al ras = 20 mg de zinc elemental ( 67 porciones)  IMPORTANTE: Toma la porci\u00f3n mezcl\u00e1ndola en un vaso de agua o jugo de 50 ml ( en palabras simples lo que hace media tacita de caf\u00e9 express ). De esta forma su sabor pasa completamente desapercibido                                      Beneficios y usos del Zinc       M\u00e1s de 300\u00a0 tipos\u00a0 de\u00a0 \u00a0enzimas\u00a0 \u00a0\u00a0necesitan\u00a0 \u00a0\u00a0del zinc para \u00a0catalizar\u00a0 reacciones qu\u00edmicas vitales \u00a0\u00a0(2)  Consumir\u00a0 el\u00a0 \u00a0zinc adecuado es necesario\u00a0 \u00a0\u00a0para mantener en ti\u00a0 un buen sistema inmune,\u00a0 \u00a0ya que\u00a0 \u00a0este mantiene\u00a0 \u00a0\u00a0el desarrollo y la funci\u00f3n normal de tus\u00a0 \u00a0\u00a0c\u00e9lulas\u00a0 encargadas\u00a0 \u00a0de\u00a0 \u00a0\u00a0\u00a0las respuestas inmunitarias innatas y las adaptativas. Se sabe que las personas\u00a0 \u00a0\u00a0con deficiencia de zinc son m\u00e1s\u00a0 susceptibles a tener una enfermedad\u00a0 infeccioso (10)  El zinc tiene un papel importante en la estructura de\u00a0 tus\u00a0 \u00a0prote\u00ednas\u00a0 \u00a0\u00a0y\u00a0 \u00a0membranas celulares\u00a0 \u00a0(3)\u00a0 \u00a0(4)  \u200bEl zinc en las\u00a0 \u00a0prote\u00ednas\u00a0 \u00a0\u00a0regulan la\u00a0 \u00a0\u00a0expresi\u00f3n de genes,\u00a0 interviene en la\u00a0 \u00a0se\u00f1alizaci\u00f3n celular, e\u00a0 \u00a0\u00a0influye en la liberaci\u00f3n de\u00a0 \u00a0hormonas\u00a0 \u00a0\u00a0y en la transmisi\u00f3n del impulso nervioso.\u00a0 \u00a0(5)  En ni\u00f1os el zinc previene que se produzca retrasos\u00a0 \u00a0\u00a0\u00a0significativos en el crecimiento lineal y en el aumento de peso,\u00a0 los cuales suelen darse si existe una leve deficiencia de zinc (9)  Diarrea en ni\u00f1os: La Organizaci\u00f3n Mundial de la Salud y el Fondo para la Infancia de las Naciones Unidas actualmente recomiendan la suplementaci\u00f3n con zinc como parte del tratamiento de la\u00a0 \u00a0\u00a0diarrea\u00a0 \u00a0\u00a0en ni\u00f1os\u00a0 (11)  En ni\u00f1os, la suplementaci\u00f3n\u00a0 con zinc\u00a0 ayuda a prevenir enfermedades infecciosas respiratorias bajas como la neumonia (12)  En\u00a0 adultos mayores previene\u00a0 \u00a0la disminuci\u00f3n de\u00a0 las respuestas del sistema inmune\" \/>\n<meta property=\"og:url\" content=\"https:\/\/yaomarket.cl\/?product=zinc\" \/>\n<meta property=\"og:site_name\" content=\"YAOMARKET\" \/>\n<meta property=\"article:publisher\" content=\"https:\/\/www.facebook.com\/yaomarketchile\/\" \/>\n<meta property=\"article:modified_time\" content=\"2023-05-03T03:19:43+00:00\" \/>\n<meta property=\"og:image\" content=\"https:\/\/yaomarket.cl\/wp-content\/uploads\/2023\/05\/Diapositiva11.jpg\" \/>\n\t<meta property=\"og:image:width\" content=\"753\" \/>\n\t<meta property=\"og:image:height\" content=\"565\" \/>\n\t<meta property=\"og:image:type\" content=\"image\/jpeg\" \/>\n<meta name=\"twitter:card\" content=\"summary_large_image\" \/>\n<script type=\"application\/ld+json\" class=\"yoast-schema-graph\">{\"@context\":\"https:\/\/schema.org\",\"@graph\":[{\"@type\":\"WebPage\",\"@id\":\"https:\/\/yaomarket.cl\/?product=zinc\",\"url\":\"https:\/\/yaomarket.cl\/?product=zinc\",\"name\":\"Zinc - YAOMARKET\",\"isPartOf\":{\"@id\":\"https:\/\/yaomarket.cl\/#website\"},\"primaryImageOfPage\":{\"@id\":\"https:\/\/yaomarket.cl\/?product=zinc#primaryimage\"},\"image\":{\"@id\":\"https:\/\/yaomarket.cl\/?product=zinc#primaryimage\"},\"thumbnailUrl\":\"https:\/\/yaomarket.cl\/wp-content\/uploads\/2023\/05\/Diapositiva11.jpg\",\"datePublished\":\"2023-05-03T03:16:51+00:00\",\"dateModified\":\"2023-05-03T03:19:43+00:00\",\"breadcrumb\":{\"@id\":\"https:\/\/yaomarket.cl\/?product=zinc#breadcrumb\"},\"inLanguage\":\"es\",\"potentialAction\":[{\"@type\":\"ReadAction\",\"target\":[\"https:\/\/yaomarket.cl\/?product=zinc\"]}]},{\"@type\":\"ImageObject\",\"inLanguage\":\"es\",\"@id\":\"https:\/\/yaomarket.cl\/?product=zinc#primaryimage\",\"url\":\"https:\/\/yaomarket.cl\/wp-content\/uploads\/2023\/05\/Diapositiva11.jpg\",\"contentUrl\":\"https:\/\/yaomarket.cl\/wp-content\/uploads\/2023\/05\/Diapositiva11.jpg\",\"width\":753,\"height\":565},{\"@type\":\"BreadcrumbList\",\"@id\":\"https:\/\/yaomarket.cl\/?product=zinc#breadcrumb\",\"itemListElement\":[{\"@type\":\"ListItem\",\"position\":1,\"name\":\"Portada\",\"item\":\"https:\/\/yaomarket.cl\/\"},{\"@type\":\"ListItem\",\"position\":2,\"name\":\"TIENDA\",\"item\":\"https:\/\/yaomarket.cl\/?page_id=8\"},{\"@type\":\"ListItem\",\"position\":3,\"name\":\"Zinc\"}]},{\"@type\":\"WebSite\",\"@id\":\"https:\/\/yaomarket.cl\/#website\",\"url\":\"https:\/\/yaomarket.cl\/\",\"name\":\"YAOMARKET\",\"description\":\"\",\"publisher\":{\"@id\":\"https:\/\/yaomarket.cl\/#organization\"},\"potentialAction\":[{\"@type\":\"SearchAction\",\"target\":{\"@type\":\"EntryPoint\",\"urlTemplate\":\"https:\/\/yaomarket.cl\/?s={search_term_string}\"},\"query-input\":{\"@type\":\"PropertyValueSpecification\",\"valueRequired\":true,\"valueName\":\"search_term_string\"}}],\"inLanguage\":\"es\"},{\"@type\":\"Organization\",\"@id\":\"https:\/\/yaomarket.cl\/#organization\",\"name\":\"YAOMARKET\",\"url\":\"https:\/\/yaomarket.cl\/\",\"logo\":{\"@type\":\"ImageObject\",\"inLanguage\":\"es\",\"@id\":\"https:\/\/yaomarket.cl\/#\/schema\/logo\/image\/\",\"url\":\"https:\/\/yaomarket.cl\/wp-content\/uploads\/2023\/08\/Logo-Original-Yao-Market-Circular.png\",\"contentUrl\":\"https:\/\/yaomarket.cl\/wp-content\/uploads\/2023\/08\/Logo-Original-Yao-Market-Circular.png\",\"width\":522,\"height\":522,\"caption\":\"YAOMARKET\"},\"image\":{\"@id\":\"https:\/\/yaomarket.cl\/#\/schema\/logo\/image\/\"},\"sameAs\":[\"https:\/\/www.facebook.com\/yaomarketchile\/\",\"https:\/\/www.instagram.com\/yao_market\/\"]}]}<\/script>\n<!-- \/ Yoast SEO plugin. -->","yoast_head_json":{"title":"Zinc - YAOMARKET","robots":{"index":"index","follow":"follow","max-snippet":"max-snippet:-1","max-image-preview":"max-image-preview:large","max-video-preview":"max-video-preview:-1"},"canonical":"https:\/\/yaomarket.cl\/?product=zinc","og_locale":"es_ES","og_type":"article","og_title":"Zinc - YAOMARKET","og_description":"90 porciones\u00a0 con\u00a0 \u00a015 mg de Zinc elemental  Ni\u00f1os: 1 dosificador al ras = 10 mg de zinc elemental (135 porciones)  1 dosificador y medio al ras = 15 mg de zinc elemental ( 90 porciones)  2 dosificadores al ras = 20 mg de zinc elemental ( 67 porciones)  IMPORTANTE: Toma la porci\u00f3n mezcl\u00e1ndola en un vaso de agua o jugo de 50 ml ( en palabras simples lo que hace media tacita de caf\u00e9 express ). De esta forma su sabor pasa completamente desapercibido                                      Beneficios y usos del Zinc       M\u00e1s de 300\u00a0 tipos\u00a0 de\u00a0 \u00a0enzimas\u00a0 \u00a0\u00a0necesitan\u00a0 \u00a0\u00a0del zinc para \u00a0catalizar\u00a0 reacciones qu\u00edmicas vitales \u00a0\u00a0(2)  Consumir\u00a0 el\u00a0 \u00a0zinc adecuado es necesario\u00a0 \u00a0\u00a0para mantener en ti\u00a0 un buen sistema inmune,\u00a0 \u00a0ya que\u00a0 \u00a0este mantiene\u00a0 \u00a0\u00a0el desarrollo y la funci\u00f3n normal de tus\u00a0 \u00a0\u00a0c\u00e9lulas\u00a0 encargadas\u00a0 \u00a0de\u00a0 \u00a0\u00a0\u00a0las respuestas inmunitarias innatas y las adaptativas. Se sabe que las personas\u00a0 \u00a0\u00a0con deficiencia de zinc son m\u00e1s\u00a0 susceptibles a tener una enfermedad\u00a0 infeccioso (10)  El zinc tiene un papel importante en la estructura de\u00a0 tus\u00a0 \u00a0prote\u00ednas\u00a0 \u00a0\u00a0y\u00a0 \u00a0membranas celulares\u00a0 \u00a0(3)\u00a0 \u00a0(4)  \u200bEl zinc en las\u00a0 \u00a0prote\u00ednas\u00a0 \u00a0\u00a0regulan la\u00a0 \u00a0\u00a0expresi\u00f3n de genes,\u00a0 interviene en la\u00a0 \u00a0se\u00f1alizaci\u00f3n celular, e\u00a0 \u00a0\u00a0influye en la liberaci\u00f3n de\u00a0 \u00a0hormonas\u00a0 \u00a0\u00a0y en la transmisi\u00f3n del impulso nervioso.\u00a0 \u00a0(5)  En ni\u00f1os el zinc previene que se produzca retrasos\u00a0 \u00a0\u00a0\u00a0significativos en el crecimiento lineal y en el aumento de peso,\u00a0 los cuales suelen darse si existe una leve deficiencia de zinc (9)  Diarrea en ni\u00f1os: La Organizaci\u00f3n Mundial de la Salud y el Fondo para la Infancia de las Naciones Unidas actualmente recomiendan la suplementaci\u00f3n con zinc como parte del tratamiento de la\u00a0 \u00a0\u00a0diarrea\u00a0 \u00a0\u00a0en ni\u00f1os\u00a0 (11)  En ni\u00f1os, la suplementaci\u00f3n\u00a0 con zinc\u00a0 ayuda a prevenir enfermedades infecciosas respiratorias bajas como la neumonia (12)  En\u00a0 adultos mayores previene\u00a0 \u00a0la disminuci\u00f3n de\u00a0 las respuestas del sistema inmune","og_url":"https:\/\/yaomarket.cl\/?product=zinc","og_site_name":"YAOMARKET","article_publisher":"https:\/\/www.facebook.com\/yaomarketchile\/","article_modified_time":"2023-05-03T03:19:43+00:00","og_image":[{"width":753,"height":565,"url":"https:\/\/yaomarket.cl\/wp-content\/uploads\/2023\/05\/Diapositiva11.jpg","type":"image\/jpeg"}],"twitter_card":"summary_large_image","schema":{"@context":"https:\/\/schema.org","@graph":[{"@type":"WebPage","@id":"https:\/\/yaomarket.cl\/?product=zinc","url":"https:\/\/yaomarket.cl\/?product=zinc","name":"Zinc - YAOMARKET","isPartOf":{"@id":"https:\/\/yaomarket.cl\/#website"},"primaryImageOfPage":{"@id":"https:\/\/yaomarket.cl\/?product=zinc#primaryimage"},"image":{"@id":"https:\/\/yaomarket.cl\/?product=zinc#primaryimage"},"thumbnailUrl":"https:\/\/yaomarket.cl\/wp-content\/uploads\/2023\/05\/Diapositiva11.jpg","datePublished":"2023-05-03T03:16:51+00:00","dateModified":"2023-05-03T03:19:43+00:00","breadcrumb":{"@id":"https:\/\/yaomarket.cl\/?product=zinc#breadcrumb"},"inLanguage":"es","potentialAction":[{"@type":"ReadAction","target":["https:\/\/yaomarket.cl\/?product=zinc"]}]},{"@type":"ImageObject","inLanguage":"es","@id":"https:\/\/yaomarket.cl\/?product=zinc#primaryimage","url":"https:\/\/yaomarket.cl\/wp-content\/uploads\/2023\/05\/Diapositiva11.jpg","contentUrl":"https:\/\/yaomarket.cl\/wp-content\/uploads\/2023\/05\/Diapositiva11.jpg","width":753,"height":565},{"@type":"BreadcrumbList","@id":"https:\/\/yaomarket.cl\/?product=zinc#breadcrumb","itemListElement":[{"@type":"ListItem","position":1,"name":"Portada","item":"https:\/\/yaomarket.cl\/"},{"@type":"ListItem","position":2,"name":"TIENDA","item":"https:\/\/yaomarket.cl\/?page_id=8"},{"@type":"ListItem","position":3,"name":"Zinc"}]},{"@type":"WebSite","@id":"https:\/\/yaomarket.cl\/#website","url":"https:\/\/yaomarket.cl\/","name":"YAOMARKET","description":"","publisher":{"@id":"https:\/\/yaomarket.cl\/#organization"},"potentialAction":[{"@type":"SearchAction","target":{"@type":"EntryPoint","urlTemplate":"https:\/\/yaomarket.cl\/?s={search_term_string}"},"query-input":{"@type":"PropertyValueSpecification","valueRequired":true,"valueName":"search_term_string"}}],"inLanguage":"es"},{"@type":"Organization","@id":"https:\/\/yaomarket.cl\/#organization","name":"YAOMARKET","url":"https:\/\/yaomarket.cl\/","logo":{"@type":"ImageObject","inLanguage":"es","@id":"https:\/\/yaomarket.cl\/#\/schema\/logo\/image\/","url":"https:\/\/yaomarket.cl\/wp-content\/uploads\/2023\/08\/Logo-Original-Yao-Market-Circular.png","contentUrl":"https:\/\/yaomarket.cl\/wp-content\/uploads\/2023\/08\/Logo-Original-Yao-Market-Circular.png","width":522,"height":522,"caption":"YAOMARKET"},"image":{"@id":"https:\/\/yaomarket.cl\/#\/schema\/logo\/image\/"},"sameAs":["https:\/\/www.facebook.com\/yaomarketchile\/","https:\/\/www.instagram.com\/yao_market\/"]}]}},"_links":{"self":[{"href":"https:\/\/yaomarket.cl\/index.php?rest_route=\/wp\/v2\/product\/9722","targetHints":{"allow":["GET"]}}],"collection":[{"href":"https:\/\/yaomarket.cl\/index.php?rest_route=\/wp\/v2\/product"}],"about":[{"href":"https:\/\/yaomarket.cl\/index.php?rest_route=\/wp\/v2\/types\/product"}],"wp:featuredmedia":[{"embeddable":true,"href":"https:\/\/yaomarket.cl\/index.php?rest_route=\/wp\/v2\/media\/9706"}],"wp:attachment":[{"href":"https:\/\/yaomarket.cl\/index.php?rest_route=%2Fwp%2Fv2%2Fmedia&parent=9722"}],"wp:term":[{"taxonomy":"product_cat","embeddable":true,"href":"https:\/\/yaomarket.cl\/index.php?rest_route=%2Fwp%2Fv2%2Fproduct_cat&post=9722"},{"taxonomy":"product_tag","embeddable":true,"href":"https:\/\/yaomarket.cl\/index.php?rest_route=%2Fwp%2Fv2%2Fproduct_tag&post=9722"}],"curies":[{"name":"wp","href":"https:\/\/api.w.org\/{rel}","templated":true}]}}