{"id":9720,"date":"2023-05-03T03:09:19","date_gmt":"2023-05-03T03:09:19","guid":{"rendered":"https:\/\/yaomarket.cl\/?post_type=product&#038;p=9720"},"modified":"2023-05-03T03:13:06","modified_gmt":"2023-05-03T03:13:06","slug":"acido-folico","status":"publish","type":"product","link":"https:\/\/yaomarket.cl\/?product=acido-folico","title":{"rendered":"Acido F\u00f3lico"},"content":{"rendered":"<div id=\"product-description-short-427\" class=\"rte-content product-description\">\n<div class=\"rte-content product-description\"><\/div>\n<div class=\"product-actions\">\n<form id=\"add-to-cart-or-refresh\" action=\"https:\/\/europasecreta.cl\/carrito\" method=\"post\">\n<div class=\"product-variants\"><\/div>\n<div class=\"product-add-to-cart pt-3\">\n<div class=\"row extra-small-gutters product-quantity \">\n<div class=\"col col-12 col-sm-auto col-add-qty\">\n<div class=\"qty \">\n<div class=\"input-group bootstrap-touchspin\"><\/div>\n<\/div>\n<\/div>\n<\/div>\n<\/div>\n<\/form>\n<\/div>\n<\/div>\n<div class=\"product-actions\">\n<form id=\"add-to-cart-or-refresh\" action=\"https:\/\/europasecreta.cl\/carrito\" method=\"post\">\n<div class=\"product-variants\"><\/div>\n<div class=\"product-add-to-cart pt-3\">\n<div class=\"row extra-small-gutters product-quantity \">\n<div class=\"col col-12 col-sm-auto col-add-qty\">\n<div class=\"qty \">\n<div class=\"input-group bootstrap-touchspin\"><\/div>\n<\/div>\n<\/div>\n<\/div>\n<\/div>\n<\/form>\n<\/div>\n","protected":false},"excerpt":{"rendered":"<section class=\"elementor-section elementor-top-section elementor-element elementor-element-d496e2c elementor-section-boxed elementor-section-height-default elementor-section-height-default\" data-id=\"d496e2c\" data-element_type=\"section\">\n<div class=\"elementor-container elementor-column-gap-wider\">\n<div class=\"elementor-row\">\n<div class=\"elementor-column elementor-col-50 elementor-top-column elementor-element elementor-element-4109055\" data-id=\"4109055\" data-element_type=\"column\">\n<div class=\"elementor-column-wrap elementor-element-populated\">\n<div class=\"elementor-widget-wrap\">\n<div class=\"elementor-element elementor-element-349ede4 lista-principal elementor-widget elementor-widget-text-editor\" data-id=\"349ede4\" data-element_type=\"widget\" data-widget_type=\"text-editor.default\">\n<div class=\"elementor-widget-container\">\n<div class=\"elementor-text-editor elementor-clearfix\">\n<ul>\n<li>Al tomar dos porciones obtienes 1 mg<\/li>\n<li>120 porciones de 500 ug (0,5 mg) de \u00e1cido f\u00f3lico<\/li>\n<li>Incluye una mini cucharita dosificadora<\/li>\n<li>Puedes tomar la porci\u00f3n sola coloc\u00e1ndola debajo tu lengua (casi no tiene sabor y se disuelve en segundos) o m\u00e9zclala con alg\u00fan alimento o batido<\/li>\n<\/ul>\n<\/div>\n<\/div>\n<\/div>\n<\/div>\n<\/div>\n<\/div>\n<div class=\"elementor-column elementor-col-50 elementor-top-column elementor-element elementor-element-a016466\" data-id=\"a016466\" data-element_type=\"column\">\n<div class=\"elementor-column-wrap elementor-element-populated\">\n<div class=\"elementor-widget-wrap\">\n<div class=\"elementor-element elementor-element-686de3f elementor-widget elementor-widget-heading\" data-id=\"686de3f\" data-element_type=\"widget\" data-widget_type=\"heading.default\">\n<div class=\"elementor-widget-container\"><\/div>\n<\/div>\n<div class=\"elementor-element elementor-element-627c1ad elementor-widget elementor-widget-heading\" data-id=\"627c1ad\" data-element_type=\"widget\" data-widget_type=\"heading.default\">\n<div class=\"elementor-widget-container\">\n<p class=\"elementor-heading-title elementor-size-default\">\n<\/div>\n<\/div>\n<\/div>\n<\/div>\n<\/div>\n<\/div>\n<\/div>\n<\/section>\n<section class=\"elementor-section elementor-top-section elementor-element elementor-element-c18f9c1 elementor-section-boxed elementor-section-height-default elementor-section-height-default\" data-id=\"c18f9c1\" data-element_type=\"section\">\n<div class=\"elementor-container elementor-column-gap-wider\">\n<div class=\"elementor-row\">\n<div class=\"elementor-column elementor-col-50 elementor-top-column elementor-element elementor-element-1aee1e1\" data-id=\"1aee1e1\" data-element_type=\"column\">\n<div class=\"elementor-column-wrap elementor-element-populated\">\n<div class=\"elementor-widget-wrap\">\n<div class=\"elementor-element elementor-element-67645bb elementor-widget elementor-widget-heading\" data-id=\"67645bb\" data-element_type=\"widget\" data-widget_type=\"heading.default\">\n<div class=\"elementor-widget-container\">\n<h2 class=\"elementor-heading-title elementor-size-default\">Beneficios, propiedades y usos del \u00e1cido f\u00f3lico\u200b<\/h2>\n<\/div>\n<\/div>\n<div class=\"elementor-element elementor-element-2dfc664 elementor-widget elementor-widget-text-editor\" data-id=\"2dfc664\" data-element_type=\"widget\" data-widget_type=\"text-editor.default\">\n<div class=\"elementor-widget-container\">\n<div class=\"elementor-text-editor elementor-clearfix\">\n<p>Es muy importante para que tu beb\u00e9 nazca sano y evitar problemas cong\u00e9nitos y malformaciones. (6) (1)<\/p>\n<p>Es esencial para el desarrollo y funci\u00f3n de tu cerebro, durante toda tu vida y antes de nacer . (1) (9)<\/p>\n<p>Evita enfermedades cardiovasculares, al estar asociadas a niveles altos de homociste\u00edna. De las 3 vitaminas que regulan la homociste\u00edna el \u00e1cido f\u00f3lico es m\u00e1s efectivo que la B12 y B6, siempre y cuando no exista deficiencia de B12. (7) (8)<\/p>\n<p>Una de sus funciones es metabolizar. ADN (2)<\/p>\n<p>Fundamental para producir amino\u00e1cidos (metionina, ciste\u00edna, serina, glicina, e histidina). (3)<\/p>\n<p>Disminuye la toxicidad causada por el medicamento metotrexato: pero a la vez la efectividad de este, usar solo bajo orientaci\u00f3n m\u00e9dica. (1)<\/p>\n<\/div>\n<\/div>\n<\/div>\n<\/div>\n<\/div>\n<\/div>\n<\/div>\n<\/div>\n<\/section>\n","protected":false},"featured_media":9704,"template":"","meta":[],"product_cat":[384,383],"product_tag":[400,389,401,391,392,388],"class_list":{"0":"post-9720","1":"product","2":"type-product","3":"status-publish","4":"has-post-thumbnail","6":"product_cat-suplementos-y-vitaminas","7":"product_cat-vegano","8":"product_tag-acido-folico","9":"product_tag-dulzura-natural","10":"product_tag-folico","11":"product_tag-vegano","12":"product_tag-vitamina","13":"product_tag-vitaminas","15":"first","16":"instock","17":"shipping-taxable","18":"purchasable","19":"product-type-simple"},"yoast_head":"<!-- This site is optimized with the Yoast SEO plugin v25.2 - https:\/\/yoast.com\/wordpress\/plugins\/seo\/ -->\n<title>Acido F\u00f3lico - YAOMARKET<\/title>\n<meta name=\"robots\" content=\"index, follow, max-snippet:-1, max-image-preview:large, max-video-preview:-1\" \/>\n<link rel=\"canonical\" href=\"https:\/\/yaomarket.cl\/?product=acido-folico\" \/>\n<meta property=\"og:locale\" content=\"es_ES\" \/>\n<meta property=\"og:type\" content=\"article\" \/>\n<meta property=\"og:title\" content=\"Acido F\u00f3lico - YAOMARKET\" \/>\n<meta property=\"og:description\" content=\"Al tomar dos porciones obtienes 1 mg  120 porciones de 500 ug (0,5 mg) de \u00e1cido f\u00f3lico  Incluye una mini cucharita dosificadora  Puedes tomar la porci\u00f3n sola coloc\u00e1ndola debajo tu lengua (casi no tiene sabor y se disuelve en segundos) o m\u00e9zclala con alg\u00fan alimento o batido                                 Beneficios, propiedades y usos del \u00e1cido f\u00f3lico\u200b       Es muy importante para que tu beb\u00e9 nazca sano y evitar problemas cong\u00e9nitos y malformaciones. (6) (1)  Es esencial para el desarrollo y funci\u00f3n de tu cerebro, durante toda tu vida y antes de nacer . (1) (9)  Evita enfermedades cardiovasculares, al estar asociadas a niveles altos de homociste\u00edna. De las 3 vitaminas que regulan la homociste\u00edna el \u00e1cido f\u00f3lico es m\u00e1s efectivo que la B12 y B6, siempre y cuando no exista deficiencia de B12. (7) (8)  Una de sus funciones es metabolizar. ADN (2)  Fundamental para producir amino\u00e1cidos (metionina, ciste\u00edna, serina, glicina, e histidina). (3)  Disminuye la toxicidad causada por el medicamento metotrexato: pero a la vez la efectividad de este, usar solo bajo orientaci\u00f3n m\u00e9dica. (1)\" \/>\n<meta property=\"og:url\" content=\"https:\/\/yaomarket.cl\/?product=acido-folico\" \/>\n<meta property=\"og:site_name\" content=\"YAOMARKET\" \/>\n<meta property=\"article:publisher\" content=\"https:\/\/www.facebook.com\/yaomarketchile\/\" \/>\n<meta property=\"article:modified_time\" content=\"2023-05-03T03:13:06+00:00\" \/>\n<meta property=\"og:image\" content=\"https:\/\/yaomarket.cl\/wp-content\/uploads\/2023\/05\/Diapositiva9.jpg\" \/>\n\t<meta property=\"og:image:width\" content=\"753\" \/>\n\t<meta property=\"og:image:height\" content=\"565\" \/>\n\t<meta property=\"og:image:type\" content=\"image\/jpeg\" \/>\n<meta name=\"twitter:card\" content=\"summary_large_image\" \/>\n<script type=\"application\/ld+json\" class=\"yoast-schema-graph\">{\"@context\":\"https:\/\/schema.org\",\"@graph\":[{\"@type\":\"WebPage\",\"@id\":\"https:\/\/yaomarket.cl\/?product=acido-folico\",\"url\":\"https:\/\/yaomarket.cl\/?product=acido-folico\",\"name\":\"Acido F\u00f3lico - YAOMARKET\",\"isPartOf\":{\"@id\":\"https:\/\/yaomarket.cl\/#website\"},\"primaryImageOfPage\":{\"@id\":\"https:\/\/yaomarket.cl\/?product=acido-folico#primaryimage\"},\"image\":{\"@id\":\"https:\/\/yaomarket.cl\/?product=acido-folico#primaryimage\"},\"thumbnailUrl\":\"https:\/\/yaomarket.cl\/wp-content\/uploads\/2023\/05\/Diapositiva9.jpg\",\"datePublished\":\"2023-05-03T03:09:19+00:00\",\"dateModified\":\"2023-05-03T03:13:06+00:00\",\"breadcrumb\":{\"@id\":\"https:\/\/yaomarket.cl\/?product=acido-folico#breadcrumb\"},\"inLanguage\":\"es\",\"potentialAction\":[{\"@type\":\"ReadAction\",\"target\":[\"https:\/\/yaomarket.cl\/?product=acido-folico\"]}]},{\"@type\":\"ImageObject\",\"inLanguage\":\"es\",\"@id\":\"https:\/\/yaomarket.cl\/?product=acido-folico#primaryimage\",\"url\":\"https:\/\/yaomarket.cl\/wp-content\/uploads\/2023\/05\/Diapositiva9.jpg\",\"contentUrl\":\"https:\/\/yaomarket.cl\/wp-content\/uploads\/2023\/05\/Diapositiva9.jpg\",\"width\":753,\"height\":565},{\"@type\":\"BreadcrumbList\",\"@id\":\"https:\/\/yaomarket.cl\/?product=acido-folico#breadcrumb\",\"itemListElement\":[{\"@type\":\"ListItem\",\"position\":1,\"name\":\"Portada\",\"item\":\"https:\/\/yaomarket.cl\/\"},{\"@type\":\"ListItem\",\"position\":2,\"name\":\"TIENDA\",\"item\":\"https:\/\/yaomarket.cl\/?page_id=8\"},{\"@type\":\"ListItem\",\"position\":3,\"name\":\"Acido F\u00f3lico\"}]},{\"@type\":\"WebSite\",\"@id\":\"https:\/\/yaomarket.cl\/#website\",\"url\":\"https:\/\/yaomarket.cl\/\",\"name\":\"YAOMARKET\",\"description\":\"\",\"publisher\":{\"@id\":\"https:\/\/yaomarket.cl\/#organization\"},\"potentialAction\":[{\"@type\":\"SearchAction\",\"target\":{\"@type\":\"EntryPoint\",\"urlTemplate\":\"https:\/\/yaomarket.cl\/?s={search_term_string}\"},\"query-input\":{\"@type\":\"PropertyValueSpecification\",\"valueRequired\":true,\"valueName\":\"search_term_string\"}}],\"inLanguage\":\"es\"},{\"@type\":\"Organization\",\"@id\":\"https:\/\/yaomarket.cl\/#organization\",\"name\":\"YAOMARKET\",\"url\":\"https:\/\/yaomarket.cl\/\",\"logo\":{\"@type\":\"ImageObject\",\"inLanguage\":\"es\",\"@id\":\"https:\/\/yaomarket.cl\/#\/schema\/logo\/image\/\",\"url\":\"https:\/\/yaomarket.cl\/wp-content\/uploads\/2023\/08\/Logo-Original-Yao-Market-Circular.png\",\"contentUrl\":\"https:\/\/yaomarket.cl\/wp-content\/uploads\/2023\/08\/Logo-Original-Yao-Market-Circular.png\",\"width\":522,\"height\":522,\"caption\":\"YAOMARKET\"},\"image\":{\"@id\":\"https:\/\/yaomarket.cl\/#\/schema\/logo\/image\/\"},\"sameAs\":[\"https:\/\/www.facebook.com\/yaomarketchile\/\",\"https:\/\/www.instagram.com\/yao_market\/\"]}]}<\/script>\n<!-- \/ Yoast SEO plugin. -->","yoast_head_json":{"title":"Acido F\u00f3lico - YAOMARKET","robots":{"index":"index","follow":"follow","max-snippet":"max-snippet:-1","max-image-preview":"max-image-preview:large","max-video-preview":"max-video-preview:-1"},"canonical":"https:\/\/yaomarket.cl\/?product=acido-folico","og_locale":"es_ES","og_type":"article","og_title":"Acido F\u00f3lico - YAOMARKET","og_description":"Al tomar dos porciones obtienes 1 mg  120 porciones de 500 ug (0,5 mg) de \u00e1cido f\u00f3lico  Incluye una mini cucharita dosificadora  Puedes tomar la porci\u00f3n sola coloc\u00e1ndola debajo tu lengua (casi no tiene sabor y se disuelve en segundos) o m\u00e9zclala con alg\u00fan alimento o batido                                 Beneficios, propiedades y usos del \u00e1cido f\u00f3lico\u200b       Es muy importante para que tu beb\u00e9 nazca sano y evitar problemas cong\u00e9nitos y malformaciones. (6) (1)  Es esencial para el desarrollo y funci\u00f3n de tu cerebro, durante toda tu vida y antes de nacer . (1) (9)  Evita enfermedades cardiovasculares, al estar asociadas a niveles altos de homociste\u00edna. De las 3 vitaminas que regulan la homociste\u00edna el \u00e1cido f\u00f3lico es m\u00e1s efectivo que la B12 y B6, siempre y cuando no exista deficiencia de B12. (7) (8)  Una de sus funciones es metabolizar. ADN (2)  Fundamental para producir amino\u00e1cidos (metionina, ciste\u00edna, serina, glicina, e histidina). (3)  Disminuye la toxicidad causada por el medicamento metotrexato: pero a la vez la efectividad de este, usar solo bajo orientaci\u00f3n m\u00e9dica. (1)","og_url":"https:\/\/yaomarket.cl\/?product=acido-folico","og_site_name":"YAOMARKET","article_publisher":"https:\/\/www.facebook.com\/yaomarketchile\/","article_modified_time":"2023-05-03T03:13:06+00:00","og_image":[{"width":753,"height":565,"url":"https:\/\/yaomarket.cl\/wp-content\/uploads\/2023\/05\/Diapositiva9.jpg","type":"image\/jpeg"}],"twitter_card":"summary_large_image","schema":{"@context":"https:\/\/schema.org","@graph":[{"@type":"WebPage","@id":"https:\/\/yaomarket.cl\/?product=acido-folico","url":"https:\/\/yaomarket.cl\/?product=acido-folico","name":"Acido F\u00f3lico - YAOMARKET","isPartOf":{"@id":"https:\/\/yaomarket.cl\/#website"},"primaryImageOfPage":{"@id":"https:\/\/yaomarket.cl\/?product=acido-folico#primaryimage"},"image":{"@id":"https:\/\/yaomarket.cl\/?product=acido-folico#primaryimage"},"thumbnailUrl":"https:\/\/yaomarket.cl\/wp-content\/uploads\/2023\/05\/Diapositiva9.jpg","datePublished":"2023-05-03T03:09:19+00:00","dateModified":"2023-05-03T03:13:06+00:00","breadcrumb":{"@id":"https:\/\/yaomarket.cl\/?product=acido-folico#breadcrumb"},"inLanguage":"es","potentialAction":[{"@type":"ReadAction","target":["https:\/\/yaomarket.cl\/?product=acido-folico"]}]},{"@type":"ImageObject","inLanguage":"es","@id":"https:\/\/yaomarket.cl\/?product=acido-folico#primaryimage","url":"https:\/\/yaomarket.cl\/wp-content\/uploads\/2023\/05\/Diapositiva9.jpg","contentUrl":"https:\/\/yaomarket.cl\/wp-content\/uploads\/2023\/05\/Diapositiva9.jpg","width":753,"height":565},{"@type":"BreadcrumbList","@id":"https:\/\/yaomarket.cl\/?product=acido-folico#breadcrumb","itemListElement":[{"@type":"ListItem","position":1,"name":"Portada","item":"https:\/\/yaomarket.cl\/"},{"@type":"ListItem","position":2,"name":"TIENDA","item":"https:\/\/yaomarket.cl\/?page_id=8"},{"@type":"ListItem","position":3,"name":"Acido F\u00f3lico"}]},{"@type":"WebSite","@id":"https:\/\/yaomarket.cl\/#website","url":"https:\/\/yaomarket.cl\/","name":"YAOMARKET","description":"","publisher":{"@id":"https:\/\/yaomarket.cl\/#organization"},"potentialAction":[{"@type":"SearchAction","target":{"@type":"EntryPoint","urlTemplate":"https:\/\/yaomarket.cl\/?s={search_term_string}"},"query-input":{"@type":"PropertyValueSpecification","valueRequired":true,"valueName":"search_term_string"}}],"inLanguage":"es"},{"@type":"Organization","@id":"https:\/\/yaomarket.cl\/#organization","name":"YAOMARKET","url":"https:\/\/yaomarket.cl\/","logo":{"@type":"ImageObject","inLanguage":"es","@id":"https:\/\/yaomarket.cl\/#\/schema\/logo\/image\/","url":"https:\/\/yaomarket.cl\/wp-content\/uploads\/2023\/08\/Logo-Original-Yao-Market-Circular.png","contentUrl":"https:\/\/yaomarket.cl\/wp-content\/uploads\/2023\/08\/Logo-Original-Yao-Market-Circular.png","width":522,"height":522,"caption":"YAOMARKET"},"image":{"@id":"https:\/\/yaomarket.cl\/#\/schema\/logo\/image\/"},"sameAs":["https:\/\/www.facebook.com\/yaomarketchile\/","https:\/\/www.instagram.com\/yao_market\/"]}]}},"_links":{"self":[{"href":"https:\/\/yaomarket.cl\/index.php?rest_route=\/wp\/v2\/product\/9720","targetHints":{"allow":["GET"]}}],"collection":[{"href":"https:\/\/yaomarket.cl\/index.php?rest_route=\/wp\/v2\/product"}],"about":[{"href":"https:\/\/yaomarket.cl\/index.php?rest_route=\/wp\/v2\/types\/product"}],"wp:featuredmedia":[{"embeddable":true,"href":"https:\/\/yaomarket.cl\/index.php?rest_route=\/wp\/v2\/media\/9704"}],"wp:attachment":[{"href":"https:\/\/yaomarket.cl\/index.php?rest_route=%2Fwp%2Fv2%2Fmedia&parent=9720"}],"wp:term":[{"taxonomy":"product_cat","embeddable":true,"href":"https:\/\/yaomarket.cl\/index.php?rest_route=%2Fwp%2Fv2%2Fproduct_cat&post=9720"},{"taxonomy":"product_tag","embeddable":true,"href":"https:\/\/yaomarket.cl\/index.php?rest_route=%2Fwp%2Fv2%2Fproduct_tag&post=9720"}],"curies":[{"name":"wp","href":"https:\/\/api.w.org\/{rel}","templated":true}]}}