{"id":9716,"date":"2023-05-02T15:52:40","date_gmt":"2023-05-02T15:52:40","guid":{"rendered":"https:\/\/yaomarket.cl\/?post_type=product&#038;p=9716"},"modified":"2023-05-03T02:59:23","modified_gmt":"2023-05-03T02:59:23","slug":"hierro","status":"publish","type":"product","link":"https:\/\/yaomarket.cl\/?product=hierro","title":{"rendered":"Hierro"},"content":{"rendered":"<div id=\"product-description-short-427\" class=\"rte-content product-description\">\n<div class=\"rte-content product-description\"><\/div>\n<div class=\"product-actions\">\n<form id=\"add-to-cart-or-refresh\" action=\"https:\/\/europasecreta.cl\/carrito\" method=\"post\">\n<div class=\"product-variants\"><\/div>\n<div class=\"product-add-to-cart pt-3\">\n<div class=\"row extra-small-gutters product-quantity \">\n<div class=\"col col-12 col-sm-auto col-add-qty\">\n<div class=\"qty \">\n<div class=\"input-group bootstrap-touchspin\"><\/div>\n<\/div>\n<\/div>\n<\/div>\n<\/div>\n<\/form>\n<\/div>\n<\/div>\n<div class=\"product-actions\">\n<form id=\"add-to-cart-or-refresh\" action=\"https:\/\/europasecreta.cl\/carrito\" method=\"post\">\n<div class=\"product-variants\"><\/div>\n<div class=\"product-add-to-cart pt-3\">\n<div class=\"row extra-small-gutters product-quantity \">\n<div class=\"col col-12 col-sm-auto col-add-qty\">\n<div class=\"qty \">\n<div class=\"input-group bootstrap-touchspin\"><\/div>\n<\/div>\n<\/div>\n<\/div>\n<\/div>\n<\/form>\n<\/div>\n","protected":false},"excerpt":{"rendered":"<ul>\n<li>100 porciones de 25 mg de hierro elemental<\/li>\n<li>Con vitamina C para mejorar su absorci\u00f3n<\/li>\n<li>Viene con \u00e1cido f\u00f3lico (vitamina B9), 200 ug por porci\u00f3n, para ayudar a aquellas mam\u00e1s embarazadas<\/li>\n<li>Endulzado con stevia pura, no contiene ning\u00fan aditivo adicional<\/li>\n<\/ul>\n<div class=\"elementor-element elementor-element-9a2e09c elementor-widget elementor-widget-heading\" data-id=\"9a2e09c\" data-element_type=\"widget\" data-widget_type=\"heading.default\">\n<div class=\"elementor-widget-container\">\n<h2 class=\"elementor-heading-title elementor-size-default\">\u00bfCu\u00e1l es la importancia del Hierro?<\/h2>\n<\/div>\n<\/div>\n<div class=\"elementor-element elementor-element-5195bbb elementor-widget elementor-widget-text-editor\" data-id=\"5195bbb\" data-element_type=\"widget\" data-widget_type=\"text-editor.default\">\n<div class=\"elementor-widget-container\">\n<div class=\"elementor-text-editor elementor-clearfix\">El hierro forma parte de la hemoglobina de los gl\u00f3bulos rojos, estos llevan ox\u00edgeno a nuestro organismo y de esta forma nos aportan nutrientes, por esta raz\u00f3n cuando nos falta hierro comienzan los problemas de Anemia ferrop\u00e9nica, que es diferente a la anemia perniciosa o megablastica, que se produce por falta de B12. Sin embargo, la falta de hierro tambi\u00e9n va ligada a la falta de vitamina B12.<\/div>\n<\/div>\n<\/div>\n","protected":false},"featured_media":9700,"template":"","meta":[],"product_cat":[384,383],"product_tag":[389,396,391,392,388],"class_list":{"0":"post-9716","1":"product","2":"type-product","3":"status-publish","4":"has-post-thumbnail","6":"product_cat-suplementos-y-vitaminas","7":"product_cat-vegano","8":"product_tag-dulzura-natural","9":"product_tag-hierro","10":"product_tag-vegano","11":"product_tag-vitamina","12":"product_tag-vitaminas","14":"first","15":"instock","16":"shipping-taxable","17":"purchasable","18":"product-type-simple"},"yoast_head":"<!-- This site is optimized with the Yoast SEO plugin v25.2 - https:\/\/yoast.com\/wordpress\/plugins\/seo\/ -->\n<title>Hierro - YAOMARKET<\/title>\n<meta name=\"robots\" content=\"index, follow, max-snippet:-1, max-image-preview:large, max-video-preview:-1\" \/>\n<link rel=\"canonical\" href=\"https:\/\/yaomarket.cl\/?product=hierro\" \/>\n<meta property=\"og:locale\" content=\"es_ES\" \/>\n<meta property=\"og:type\" content=\"article\" \/>\n<meta property=\"og:title\" content=\"Hierro - YAOMARKET\" \/>\n<meta property=\"og:description\" content=\"100 porciones de 25 mg de hierro elemental  Con vitamina C para mejorar su absorci\u00f3n  Viene con \u00e1cido f\u00f3lico (vitamina B9), 200 ug por porci\u00f3n, para ayudar a aquellas mam\u00e1s embarazadas  Endulzado con stevia pura, no contiene ning\u00fan aditivo adicional    \u00bfCu\u00e1l es la importancia del Hierro?     El hierro forma parte de la hemoglobina de los gl\u00f3bulos rojos, estos llevan ox\u00edgeno a nuestro organismo y de esta forma nos aportan nutrientes, por esta raz\u00f3n cuando nos falta hierro comienzan los problemas de Anemia ferrop\u00e9nica, que es diferente a la anemia perniciosa o megablastica, que se produce por falta de B12. Sin embargo, la falta de hierro tambi\u00e9n va ligada a la falta de vitamina B12.\" \/>\n<meta property=\"og:url\" content=\"https:\/\/yaomarket.cl\/?product=hierro\" \/>\n<meta property=\"og:site_name\" content=\"YAOMARKET\" \/>\n<meta property=\"article:publisher\" content=\"https:\/\/www.facebook.com\/yaomarketchile\/\" \/>\n<meta property=\"article:modified_time\" content=\"2023-05-03T02:59:23+00:00\" \/>\n<meta property=\"og:image\" content=\"https:\/\/yaomarket.cl\/wp-content\/uploads\/2023\/05\/Diapositiva5.jpg\" \/>\n\t<meta property=\"og:image:width\" content=\"753\" \/>\n\t<meta property=\"og:image:height\" content=\"565\" \/>\n\t<meta property=\"og:image:type\" content=\"image\/jpeg\" \/>\n<meta name=\"twitter:card\" content=\"summary_large_image\" \/>\n<script type=\"application\/ld+json\" class=\"yoast-schema-graph\">{\"@context\":\"https:\/\/schema.org\",\"@graph\":[{\"@type\":\"WebPage\",\"@id\":\"https:\/\/yaomarket.cl\/?product=hierro\",\"url\":\"https:\/\/yaomarket.cl\/?product=hierro\",\"name\":\"Hierro - YAOMARKET\",\"isPartOf\":{\"@id\":\"https:\/\/yaomarket.cl\/#website\"},\"primaryImageOfPage\":{\"@id\":\"https:\/\/yaomarket.cl\/?product=hierro#primaryimage\"},\"image\":{\"@id\":\"https:\/\/yaomarket.cl\/?product=hierro#primaryimage\"},\"thumbnailUrl\":\"https:\/\/yaomarket.cl\/wp-content\/uploads\/2023\/05\/Diapositiva5.jpg\",\"datePublished\":\"2023-05-02T15:52:40+00:00\",\"dateModified\":\"2023-05-03T02:59:23+00:00\",\"breadcrumb\":{\"@id\":\"https:\/\/yaomarket.cl\/?product=hierro#breadcrumb\"},\"inLanguage\":\"es\",\"potentialAction\":[{\"@type\":\"ReadAction\",\"target\":[\"https:\/\/yaomarket.cl\/?product=hierro\"]}]},{\"@type\":\"ImageObject\",\"inLanguage\":\"es\",\"@id\":\"https:\/\/yaomarket.cl\/?product=hierro#primaryimage\",\"url\":\"https:\/\/yaomarket.cl\/wp-content\/uploads\/2023\/05\/Diapositiva5.jpg\",\"contentUrl\":\"https:\/\/yaomarket.cl\/wp-content\/uploads\/2023\/05\/Diapositiva5.jpg\",\"width\":753,\"height\":565},{\"@type\":\"BreadcrumbList\",\"@id\":\"https:\/\/yaomarket.cl\/?product=hierro#breadcrumb\",\"itemListElement\":[{\"@type\":\"ListItem\",\"position\":1,\"name\":\"Portada\",\"item\":\"https:\/\/yaomarket.cl\/\"},{\"@type\":\"ListItem\",\"position\":2,\"name\":\"TIENDA\",\"item\":\"https:\/\/yaomarket.cl\/?page_id=8\"},{\"@type\":\"ListItem\",\"position\":3,\"name\":\"Hierro\"}]},{\"@type\":\"WebSite\",\"@id\":\"https:\/\/yaomarket.cl\/#website\",\"url\":\"https:\/\/yaomarket.cl\/\",\"name\":\"YAOMARKET\",\"description\":\"\",\"publisher\":{\"@id\":\"https:\/\/yaomarket.cl\/#organization\"},\"potentialAction\":[{\"@type\":\"SearchAction\",\"target\":{\"@type\":\"EntryPoint\",\"urlTemplate\":\"https:\/\/yaomarket.cl\/?s={search_term_string}\"},\"query-input\":{\"@type\":\"PropertyValueSpecification\",\"valueRequired\":true,\"valueName\":\"search_term_string\"}}],\"inLanguage\":\"es\"},{\"@type\":\"Organization\",\"@id\":\"https:\/\/yaomarket.cl\/#organization\",\"name\":\"YAOMARKET\",\"url\":\"https:\/\/yaomarket.cl\/\",\"logo\":{\"@type\":\"ImageObject\",\"inLanguage\":\"es\",\"@id\":\"https:\/\/yaomarket.cl\/#\/schema\/logo\/image\/\",\"url\":\"https:\/\/yaomarket.cl\/wp-content\/uploads\/2023\/08\/Logo-Original-Yao-Market-Circular.png\",\"contentUrl\":\"https:\/\/yaomarket.cl\/wp-content\/uploads\/2023\/08\/Logo-Original-Yao-Market-Circular.png\",\"width\":522,\"height\":522,\"caption\":\"YAOMARKET\"},\"image\":{\"@id\":\"https:\/\/yaomarket.cl\/#\/schema\/logo\/image\/\"},\"sameAs\":[\"https:\/\/www.facebook.com\/yaomarketchile\/\",\"https:\/\/www.instagram.com\/yao_market\/\"]}]}<\/script>\n<!-- \/ Yoast SEO plugin. -->","yoast_head_json":{"title":"Hierro - YAOMARKET","robots":{"index":"index","follow":"follow","max-snippet":"max-snippet:-1","max-image-preview":"max-image-preview:large","max-video-preview":"max-video-preview:-1"},"canonical":"https:\/\/yaomarket.cl\/?product=hierro","og_locale":"es_ES","og_type":"article","og_title":"Hierro - YAOMARKET","og_description":"100 porciones de 25 mg de hierro elemental  Con vitamina C para mejorar su absorci\u00f3n  Viene con \u00e1cido f\u00f3lico (vitamina B9), 200 ug por porci\u00f3n, para ayudar a aquellas mam\u00e1s embarazadas  Endulzado con stevia pura, no contiene ning\u00fan aditivo adicional    \u00bfCu\u00e1l es la importancia del Hierro?     El hierro forma parte de la hemoglobina de los gl\u00f3bulos rojos, estos llevan ox\u00edgeno a nuestro organismo y de esta forma nos aportan nutrientes, por esta raz\u00f3n cuando nos falta hierro comienzan los problemas de Anemia ferrop\u00e9nica, que es diferente a la anemia perniciosa o megablastica, que se produce por falta de B12. Sin embargo, la falta de hierro tambi\u00e9n va ligada a la falta de vitamina B12.","og_url":"https:\/\/yaomarket.cl\/?product=hierro","og_site_name":"YAOMARKET","article_publisher":"https:\/\/www.facebook.com\/yaomarketchile\/","article_modified_time":"2023-05-03T02:59:23+00:00","og_image":[{"width":753,"height":565,"url":"https:\/\/yaomarket.cl\/wp-content\/uploads\/2023\/05\/Diapositiva5.jpg","type":"image\/jpeg"}],"twitter_card":"summary_large_image","schema":{"@context":"https:\/\/schema.org","@graph":[{"@type":"WebPage","@id":"https:\/\/yaomarket.cl\/?product=hierro","url":"https:\/\/yaomarket.cl\/?product=hierro","name":"Hierro - YAOMARKET","isPartOf":{"@id":"https:\/\/yaomarket.cl\/#website"},"primaryImageOfPage":{"@id":"https:\/\/yaomarket.cl\/?product=hierro#primaryimage"},"image":{"@id":"https:\/\/yaomarket.cl\/?product=hierro#primaryimage"},"thumbnailUrl":"https:\/\/yaomarket.cl\/wp-content\/uploads\/2023\/05\/Diapositiva5.jpg","datePublished":"2023-05-02T15:52:40+00:00","dateModified":"2023-05-03T02:59:23+00:00","breadcrumb":{"@id":"https:\/\/yaomarket.cl\/?product=hierro#breadcrumb"},"inLanguage":"es","potentialAction":[{"@type":"ReadAction","target":["https:\/\/yaomarket.cl\/?product=hierro"]}]},{"@type":"ImageObject","inLanguage":"es","@id":"https:\/\/yaomarket.cl\/?product=hierro#primaryimage","url":"https:\/\/yaomarket.cl\/wp-content\/uploads\/2023\/05\/Diapositiva5.jpg","contentUrl":"https:\/\/yaomarket.cl\/wp-content\/uploads\/2023\/05\/Diapositiva5.jpg","width":753,"height":565},{"@type":"BreadcrumbList","@id":"https:\/\/yaomarket.cl\/?product=hierro#breadcrumb","itemListElement":[{"@type":"ListItem","position":1,"name":"Portada","item":"https:\/\/yaomarket.cl\/"},{"@type":"ListItem","position":2,"name":"TIENDA","item":"https:\/\/yaomarket.cl\/?page_id=8"},{"@type":"ListItem","position":3,"name":"Hierro"}]},{"@type":"WebSite","@id":"https:\/\/yaomarket.cl\/#website","url":"https:\/\/yaomarket.cl\/","name":"YAOMARKET","description":"","publisher":{"@id":"https:\/\/yaomarket.cl\/#organization"},"potentialAction":[{"@type":"SearchAction","target":{"@type":"EntryPoint","urlTemplate":"https:\/\/yaomarket.cl\/?s={search_term_string}"},"query-input":{"@type":"PropertyValueSpecification","valueRequired":true,"valueName":"search_term_string"}}],"inLanguage":"es"},{"@type":"Organization","@id":"https:\/\/yaomarket.cl\/#organization","name":"YAOMARKET","url":"https:\/\/yaomarket.cl\/","logo":{"@type":"ImageObject","inLanguage":"es","@id":"https:\/\/yaomarket.cl\/#\/schema\/logo\/image\/","url":"https:\/\/yaomarket.cl\/wp-content\/uploads\/2023\/08\/Logo-Original-Yao-Market-Circular.png","contentUrl":"https:\/\/yaomarket.cl\/wp-content\/uploads\/2023\/08\/Logo-Original-Yao-Market-Circular.png","width":522,"height":522,"caption":"YAOMARKET"},"image":{"@id":"https:\/\/yaomarket.cl\/#\/schema\/logo\/image\/"},"sameAs":["https:\/\/www.facebook.com\/yaomarketchile\/","https:\/\/www.instagram.com\/yao_market\/"]}]}},"_links":{"self":[{"href":"https:\/\/yaomarket.cl\/index.php?rest_route=\/wp\/v2\/product\/9716","targetHints":{"allow":["GET"]}}],"collection":[{"href":"https:\/\/yaomarket.cl\/index.php?rest_route=\/wp\/v2\/product"}],"about":[{"href":"https:\/\/yaomarket.cl\/index.php?rest_route=\/wp\/v2\/types\/product"}],"wp:featuredmedia":[{"embeddable":true,"href":"https:\/\/yaomarket.cl\/index.php?rest_route=\/wp\/v2\/media\/9700"}],"wp:attachment":[{"href":"https:\/\/yaomarket.cl\/index.php?rest_route=%2Fwp%2Fv2%2Fmedia&parent=9716"}],"wp:term":[{"taxonomy":"product_cat","embeddable":true,"href":"https:\/\/yaomarket.cl\/index.php?rest_route=%2Fwp%2Fv2%2Fproduct_cat&post=9716"},{"taxonomy":"product_tag","embeddable":true,"href":"https:\/\/yaomarket.cl\/index.php?rest_route=%2Fwp%2Fv2%2Fproduct_tag&post=9716"}],"curies":[{"name":"wp","href":"https:\/\/api.w.org\/{rel}","templated":true}]}}