{"id":9715,"date":"2023-05-02T15:49:40","date_gmt":"2023-05-02T15:49:40","guid":{"rendered":"https:\/\/yaomarket.cl\/?post_type=product&#038;p=9715"},"modified":"2023-05-02T15:52:25","modified_gmt":"2023-05-02T15:52:25","slug":"vitamina-d2","status":"publish","type":"product","link":"https:\/\/yaomarket.cl\/?product=vitamina-d2","title":{"rendered":"Vitamina D2"},"content":{"rendered":"<div id=\"product-description-short-427\" class=\"rte-content product-description\">\n<div class=\"rte-content product-description\"><\/div>\n<div class=\"product-actions\">\n<form id=\"add-to-cart-or-refresh\" action=\"https:\/\/europasecreta.cl\/carrito\" method=\"post\">\n<div class=\"product-variants\"><\/div>\n<div class=\"product-add-to-cart pt-3\">\n<div class=\"row extra-small-gutters product-quantity \">\n<div class=\"col col-12 col-sm-auto col-add-qty\">\n<div class=\"qty \">\n<div class=\"input-group bootstrap-touchspin\"><\/div>\n<\/div>\n<\/div>\n<\/div>\n<\/div>\n<\/form>\n<\/div>\n<\/div>\n<div class=\"product-actions\">\n<form id=\"add-to-cart-or-refresh\" action=\"https:\/\/europasecreta.cl\/carrito\" method=\"post\">\n<div class=\"product-variants\"><\/div>\n<div class=\"product-add-to-cart pt-3\">\n<div class=\"row extra-small-gutters product-quantity \">\n<div class=\"col col-12 col-sm-auto col-add-qty\">\n<div class=\"qty \">\n<div class=\"input-group bootstrap-touchspin\"><\/div>\n<\/div>\n<\/div>\n<\/div>\n<\/div>\n<\/form>\n<\/div>\n","protected":false},"excerpt":{"rendered":"<div class=\"elementor-element elementor-element-8ccdd38 elementor-widget elementor-widget-heading\" data-id=\"8ccdd38\" data-element_type=\"widget\" data-widget_type=\"heading.default\">\n<div class=\"elementor-widget-container\">\n<div class=\"elementor-element elementor-element-56c6c3e elementor-widget elementor-widget-heading\" data-id=\"56c6c3e\" data-element_type=\"widget\" data-widget_type=\"heading.default\">\n<div class=\"elementor-widget-container\">\n<div class=\"elementor-element elementor-element-56c6c3e elementor-widget elementor-widget-heading\" data-id=\"56c6c3e\" data-element_type=\"widget\" data-widget_type=\"heading.default\">\n<div class=\"elementor-widget-container\">\n<h2 class=\"elementor-heading-title elementor-size-default\">\u00bfCu\u00e1les son las bondades de la vitamina D?<\/h2>\n<\/div>\n<\/div>\n<div class=\"elementor-element elementor-element-9f41a04 elementor-widget elementor-widget-text-editor\" data-id=\"9f41a04\" data-element_type=\"widget\" data-widget_type=\"text-editor.default\">\n<div class=\"elementor-widget-container\">\n<div class=\"elementor-text-editor elementor-clearfix\">\n<p><strong>Recuperaci\u00f3n y sistema inmune:<\/strong>\u00a0La vitamina D es una hormona importante a nivel epigen\u00e9tico. Es decir, puede hacer cambios beneficiosos en tus genes, ayud\u00e1ndote a estar m\u00e1s sano, a recuperarte de las enfermedades, fortalecer el sistema inmunol\u00f3gico y a aumentar tu longevidad. (20, 21)<\/p>\n<p><strong>Mujeres y calcio:<\/strong>\u00a0Es esencial para que el calcio se fije en los huesos y tenerlos saludables, por esta raz\u00f3n se recomienda que las mujeres se preocupen de la vitamina D, puesto que ayuda a prevenir la osteoporosis.<\/p>\n<p><strong>\u200bEmbarazadas:<\/strong>\u00a0La vitamina D ayuda a que el bebe desarrolle de buena forma sus huesos y dientes<\/p>\n<p><strong>\u200bBebes Lactantes:<\/strong>\u00a0La organizaci\u00f3n Mundial de la Salud y La Academia Americana de Pediatr\u00eda recomiendan que todos los lactantes tomen un suplemento de vitamina D ( 400 UI por d\u00eda), al ser actualmente deficiente en la leche materna. ( 400 UI son la mitad de la cucharita dosificadora al ras)<\/p>\n<p><strong>Para Deportistas:<\/strong>\u00a0Es una vitamina interesante ya que ayuda a aumentar el rendimiento y optimiza el proceso de recuperaci\u00f3n, seg\u00fan los resultados obtenidos en un estudio donde se administraron 2000 ui de vitamina D por d\u00eda durante dos semanas. (Universidad de Queen Margaret en Edimburgo, Reino Unido, 2015) ( 22, 23, 24)<\/p>\n<p><strong>\u200bBuen Estado de Animo:<\/strong>\u00a0Interviene en la s\u00edntesis de seratonina, en la que sus bajos niveles se asocian a la depresi\u00f3n<\/p>\n<p><strong>En personas de la tercera edad:<\/strong>\u00a0Colabora con fortalecer su fuerza f\u00edsica, lo que ayuda a disminuir sus ca\u00eddas.<\/p>\n<p><strong>\u200bF\u00f3sforo:<\/strong>\u00a0Es importante para absorber el f\u00f3sforo en tu cuerpo.<\/p>\n<p><strong>\u200bColabora en la prevenci\u00f3n y tratamiento de enfermedades asociadas a la falta de vitamina D<\/strong><\/p>\n<\/div>\n<\/div>\n<\/div>\n<\/div>\n<\/div>\n<h2><\/h2>\n<div class=\"elementor-element elementor-element-8ccdd38 elementor-widget elementor-widget-heading\" data-id=\"8ccdd38\" data-element_type=\"widget\" data-widget_type=\"heading.default\">\n<div class=\"elementor-widget-container\">\n<h2 class=\"elementor-heading-title elementor-size-default\">C\u00f3mo tomar correctamente nuestra vitamina D<\/h2>\n<\/div>\n<\/div>\n<div class=\"elementor-element elementor-element-9f8b525 elementor-widget elementor-widget-text-editor\" data-id=\"9f8b525\" data-element_type=\"widget\" data-widget_type=\"text-editor.default\">\n<div class=\"elementor-widget-container\">\n<div class=\"elementor-text-editor elementor-clearfix\">\n<p>El envase incluye una cucharita dosificadora, una al ras contiene 800 UI.<\/p>\n<p>La porci\u00f3n es tan peque\u00f1a que simplemente puedes colocarla debajo de tu lengua y se disuelve en segundos y no tiene sabor. Tambi\u00e9n puedes mezclarla con alg\u00fan batido o alimento,<\/p>\n<p>Si tienes una deficiencia grave y te recetaron alrededor de 50.000 UI semanales, para recuperarte mas r\u00e1pido te recomendamos mezclar con un alimento graso o un poco de aceite, ya que esta vitamina se absorbe mejor en presencia de grasa.<\/p>\n<p>\u200b<\/p>\n<p>Una vez abierto, mant\u00e9n la bolsa ziploc cerrada y dentro del sobre, protegi\u00e9ndola del ox\u00edgeno y de la luz, gu\u00e1rdala en un lugar seco y oscuro.<\/p>\n<p>Luego de abrirla, cons\u00famela antes de 120 d\u00edas. Si no ha sido abierta, t\u00f3mala antes de la fecha de vencimiento<\/p>\n<\/div>\n<\/div>\n<\/div>\n<\/div>\n<\/div>\n<div class=\"elementor-element elementor-element-9f8b525 elementor-widget elementor-widget-text-editor\" data-id=\"9f8b525\" data-element_type=\"widget\" data-widget_type=\"text-editor.default\">\n<div class=\"elementor-widget-container\">\n<div class=\"elementor-element elementor-element-d79569f elementor-widget elementor-widget-heading\" data-id=\"d79569f\" data-element_type=\"widget\" data-widget_type=\"heading.default\">\n<div class=\"elementor-widget-container\">\n<h2 class=\"elementor-heading-title elementor-size-default\">\u00bfDe d\u00f3nde provienen y en qu\u00e9 se diferencian nuestras vitaminas D3 y D2?<\/h2>\n<\/div>\n<\/div>\n<div class=\"elementor-element elementor-element-9e3eabd elementor-widget elementor-widget-text-editor\" data-id=\"9e3eabd\" data-element_type=\"widget\" data-widget_type=\"text-editor.default\">\n<div class=\"elementor-widget-container\">\n<div class=\"elementor-text-editor elementor-clearfix\">\n<p><strong>Vitamina D3 (Colecalciferol):<\/strong>\u00a0Es la forma de vitamina D que da el sol, tu cuerpo puede usarla m\u00e1s directa, y la mol\u00e9cula de nuestra vitamina D3 se extrae de la lanolina, que es una grasa que se encuentra en la lana de las ovejas, producida al exponerse al sol, y est\u00e1 certificada como vegetariana.<\/p>\n<p>\u200b<\/p>\n<p><strong>Vitamina D2 (Ergocalciferol):<\/strong>\u00a0En cambio, la D2 es estrictamente vegana, ya que se produce al irradiar hongos y vegetales. Con la D2, tu cuerpo primero tendr\u00e1 que transformarla en D3 para luego poder usarla. Ambas vitaminas las mezclamos con un poco de calcio ( 50 mg) de origen mineral que la protege y ayuda a dosificarla.<\/p>\n<\/div>\n<\/div>\n<\/div>\n<\/div>\n<\/div>\n","protected":false},"featured_media":9699,"template":"","meta":[],"product_cat":[384,383],"product_tag":[395,389,391,392,388],"class_list":{"0":"post-9715","1":"product","2":"type-product","3":"status-publish","4":"has-post-thumbnail","6":"product_cat-suplementos-y-vitaminas","7":"product_cat-vegano","8":"product_tag-d2","9":"product_tag-dulzura-natural","10":"product_tag-vegano","11":"product_tag-vitamina","12":"product_tag-vitaminas","14":"first","15":"instock","16":"shipping-taxable","17":"purchasable","18":"product-type-simple"},"yoast_head":"<!-- This site is optimized with the Yoast SEO plugin v25.2 - https:\/\/yoast.com\/wordpress\/plugins\/seo\/ -->\n<title>Vitamina D2 - YAOMARKET<\/title>\n<meta name=\"robots\" content=\"index, follow, max-snippet:-1, max-image-preview:large, max-video-preview:-1\" \/>\n<link rel=\"canonical\" href=\"https:\/\/yaomarket.cl\/?product=vitamina-d2\" \/>\n<meta property=\"og:locale\" content=\"es_ES\" \/>\n<meta property=\"og:type\" content=\"article\" \/>\n<meta property=\"og:title\" content=\"Vitamina D2 - YAOMARKET\" \/>\n<meta property=\"og:description\" content=\"\u00bfCu\u00e1les son las bondades de la vitamina D?       Recuperaci\u00f3n y sistema inmune:\u00a0La vitamina D es una hormona importante a nivel epigen\u00e9tico. Es decir, puede hacer cambios beneficiosos en tus genes, ayud\u00e1ndote a estar m\u00e1s sano, a recuperarte de las enfermedades, fortalecer el sistema inmunol\u00f3gico y a aumentar tu longevidad. (20, 21)  Mujeres y calcio:\u00a0Es esencial para que el calcio se fije en los huesos y tenerlos saludables, por esta raz\u00f3n se recomienda que las mujeres se preocupen de la vitamina D, puesto que ayuda a prevenir la osteoporosis.  \u200bEmbarazadas:\u00a0La vitamina D ayuda a que el bebe desarrolle de buena forma sus huesos y dientes  \u200bBebes Lactantes:\u00a0La organizaci\u00f3n Mundial de la Salud y La Academia Americana de Pediatr\u00eda recomiendan que todos los lactantes tomen un suplemento de vitamina D ( 400 UI por d\u00eda), al ser actualmente deficiente en la leche materna. ( 400 UI son la mitad de la cucharita dosificadora al ras)  Para Deportistas:\u00a0Es una vitamina interesante ya que ayuda a aumentar el rendimiento y optimiza el proceso de recuperaci\u00f3n, seg\u00fan los resultados obtenidos en un estudio donde se administraron 2000 ui de vitamina D por d\u00eda durante dos semanas. (Universidad de Queen Margaret en Edimburgo, Reino Unido, 2015) ( 22, 23, 24)  \u200bBuen Estado de Animo:\u00a0Interviene en la s\u00edntesis de seratonina, en la que sus bajos niveles se asocian a la depresi\u00f3n  En personas de la tercera edad:\u00a0Colabora con fortalecer su fuerza f\u00edsica, lo que ayuda a disminuir sus ca\u00eddas.  \u200bF\u00f3sforo:\u00a0Es importante para absorber el f\u00f3sforo en tu cuerpo.  \u200bColabora en la prevenci\u00f3n y tratamiento de enfermedades asociadas a la falta de vitamina D          C\u00f3mo tomar correctamente nuestra vitamina D       El envase incluye una cucharita dosificadora, una al ras contiene 800 UI.  La porci\u00f3n es tan peque\u00f1a que simplemente puedes colocarla debajo de tu lengua y se disuelve en segundos y no tiene sabor. Tambi\u00e9n puedes mezclarla con alg\u00fan batido o alimento,  Si tienes una deficiencia grave y te recetaron alrededor de 50.000 UI semanales, para recuperarte mas r\u00e1pido te recomendamos mezclar con un alimento graso o un poco de aceite, ya que esta vitamina se absorbe mejor en presencia de grasa.  \u200b  Una vez abierto, mant\u00e9n la bolsa ziploc cerrada y dentro del sobre, protegi\u00e9ndola del ox\u00edgeno y de la luz, gu\u00e1rdala en un lugar seco y oscuro.  Luego de abrirla, cons\u00famela antes de 120 d\u00edas. Si no ha sido abierta, t\u00f3mala antes de la fecha de vencimiento           \u00bfDe d\u00f3nde provienen y en qu\u00e9 se diferencian nuestras vitaminas D3 y D2?       Vitamina D3 (Colecalciferol):\u00a0Es la forma de vitamina D que da el sol, tu cuerpo puede usarla m\u00e1s directa, y la mol\u00e9cula de nuestra vitamina D3 se extrae de la lanolina, que es una grasa que se encuentra en la lana de las ovejas, producida al exponerse al sol, y est\u00e1 certificada como vegetariana.  \u200b  Vitamina D2 (Ergocalciferol):\u00a0En cambio, la D2 es estrictamente vegana, ya que se produce al irradiar hongos y vegetales. Con la D2, tu cuerpo primero tendr\u00e1 que transformarla en D3 para luego poder usarla. Ambas vitaminas las mezclamos con un poco de calcio ( 50 mg) de origen mineral que la protege y ayuda a dosificarla.\" \/>\n<meta property=\"og:url\" content=\"https:\/\/yaomarket.cl\/?product=vitamina-d2\" \/>\n<meta property=\"og:site_name\" content=\"YAOMARKET\" \/>\n<meta property=\"article:publisher\" content=\"https:\/\/www.facebook.com\/yaomarketchile\/\" \/>\n<meta property=\"article:modified_time\" content=\"2023-05-02T15:52:25+00:00\" \/>\n<meta property=\"og:image\" content=\"https:\/\/yaomarket.cl\/wp-content\/uploads\/2023\/05\/Diapositiva4.jpg\" \/>\n\t<meta property=\"og:image:width\" content=\"753\" \/>\n\t<meta property=\"og:image:height\" content=\"565\" \/>\n\t<meta property=\"og:image:type\" content=\"image\/jpeg\" \/>\n<meta name=\"twitter:card\" content=\"summary_large_image\" \/>\n<script type=\"application\/ld+json\" class=\"yoast-schema-graph\">{\"@context\":\"https:\/\/schema.org\",\"@graph\":[{\"@type\":\"WebPage\",\"@id\":\"https:\/\/yaomarket.cl\/?product=vitamina-d2\",\"url\":\"https:\/\/yaomarket.cl\/?product=vitamina-d2\",\"name\":\"Vitamina D2 - YAOMARKET\",\"isPartOf\":{\"@id\":\"https:\/\/yaomarket.cl\/#website\"},\"primaryImageOfPage\":{\"@id\":\"https:\/\/yaomarket.cl\/?product=vitamina-d2#primaryimage\"},\"image\":{\"@id\":\"https:\/\/yaomarket.cl\/?product=vitamina-d2#primaryimage\"},\"thumbnailUrl\":\"https:\/\/yaomarket.cl\/wp-content\/uploads\/2023\/05\/Diapositiva4.jpg\",\"datePublished\":\"2023-05-02T15:49:40+00:00\",\"dateModified\":\"2023-05-02T15:52:25+00:00\",\"breadcrumb\":{\"@id\":\"https:\/\/yaomarket.cl\/?product=vitamina-d2#breadcrumb\"},\"inLanguage\":\"es\",\"potentialAction\":[{\"@type\":\"ReadAction\",\"target\":[\"https:\/\/yaomarket.cl\/?product=vitamina-d2\"]}]},{\"@type\":\"ImageObject\",\"inLanguage\":\"es\",\"@id\":\"https:\/\/yaomarket.cl\/?product=vitamina-d2#primaryimage\",\"url\":\"https:\/\/yaomarket.cl\/wp-content\/uploads\/2023\/05\/Diapositiva4.jpg\",\"contentUrl\":\"https:\/\/yaomarket.cl\/wp-content\/uploads\/2023\/05\/Diapositiva4.jpg\",\"width\":753,\"height\":565},{\"@type\":\"BreadcrumbList\",\"@id\":\"https:\/\/yaomarket.cl\/?product=vitamina-d2#breadcrumb\",\"itemListElement\":[{\"@type\":\"ListItem\",\"position\":1,\"name\":\"Portada\",\"item\":\"https:\/\/yaomarket.cl\/\"},{\"@type\":\"ListItem\",\"position\":2,\"name\":\"TIENDA\",\"item\":\"https:\/\/yaomarket.cl\/?page_id=8\"},{\"@type\":\"ListItem\",\"position\":3,\"name\":\"Vitamina D2\"}]},{\"@type\":\"WebSite\",\"@id\":\"https:\/\/yaomarket.cl\/#website\",\"url\":\"https:\/\/yaomarket.cl\/\",\"name\":\"YAOMARKET\",\"description\":\"\",\"publisher\":{\"@id\":\"https:\/\/yaomarket.cl\/#organization\"},\"potentialAction\":[{\"@type\":\"SearchAction\",\"target\":{\"@type\":\"EntryPoint\",\"urlTemplate\":\"https:\/\/yaomarket.cl\/?s={search_term_string}\"},\"query-input\":{\"@type\":\"PropertyValueSpecification\",\"valueRequired\":true,\"valueName\":\"search_term_string\"}}],\"inLanguage\":\"es\"},{\"@type\":\"Organization\",\"@id\":\"https:\/\/yaomarket.cl\/#organization\",\"name\":\"YAOMARKET\",\"url\":\"https:\/\/yaomarket.cl\/\",\"logo\":{\"@type\":\"ImageObject\",\"inLanguage\":\"es\",\"@id\":\"https:\/\/yaomarket.cl\/#\/schema\/logo\/image\/\",\"url\":\"https:\/\/yaomarket.cl\/wp-content\/uploads\/2023\/08\/Logo-Original-Yao-Market-Circular.png\",\"contentUrl\":\"https:\/\/yaomarket.cl\/wp-content\/uploads\/2023\/08\/Logo-Original-Yao-Market-Circular.png\",\"width\":522,\"height\":522,\"caption\":\"YAOMARKET\"},\"image\":{\"@id\":\"https:\/\/yaomarket.cl\/#\/schema\/logo\/image\/\"},\"sameAs\":[\"https:\/\/www.facebook.com\/yaomarketchile\/\",\"https:\/\/www.instagram.com\/yao_market\/\"]}]}<\/script>\n<!-- \/ Yoast SEO plugin. -->","yoast_head_json":{"title":"Vitamina D2 - YAOMARKET","robots":{"index":"index","follow":"follow","max-snippet":"max-snippet:-1","max-image-preview":"max-image-preview:large","max-video-preview":"max-video-preview:-1"},"canonical":"https:\/\/yaomarket.cl\/?product=vitamina-d2","og_locale":"es_ES","og_type":"article","og_title":"Vitamina D2 - YAOMARKET","og_description":"\u00bfCu\u00e1les son las bondades de la vitamina D?       Recuperaci\u00f3n y sistema inmune:\u00a0La vitamina D es una hormona importante a nivel epigen\u00e9tico. Es decir, puede hacer cambios beneficiosos en tus genes, ayud\u00e1ndote a estar m\u00e1s sano, a recuperarte de las enfermedades, fortalecer el sistema inmunol\u00f3gico y a aumentar tu longevidad. (20, 21)  Mujeres y calcio:\u00a0Es esencial para que el calcio se fije en los huesos y tenerlos saludables, por esta raz\u00f3n se recomienda que las mujeres se preocupen de la vitamina D, puesto que ayuda a prevenir la osteoporosis.  \u200bEmbarazadas:\u00a0La vitamina D ayuda a que el bebe desarrolle de buena forma sus huesos y dientes  \u200bBebes Lactantes:\u00a0La organizaci\u00f3n Mundial de la Salud y La Academia Americana de Pediatr\u00eda recomiendan que todos los lactantes tomen un suplemento de vitamina D ( 400 UI por d\u00eda), al ser actualmente deficiente en la leche materna. ( 400 UI son la mitad de la cucharita dosificadora al ras)  Para Deportistas:\u00a0Es una vitamina interesante ya que ayuda a aumentar el rendimiento y optimiza el proceso de recuperaci\u00f3n, seg\u00fan los resultados obtenidos en un estudio donde se administraron 2000 ui de vitamina D por d\u00eda durante dos semanas. (Universidad de Queen Margaret en Edimburgo, Reino Unido, 2015) ( 22, 23, 24)  \u200bBuen Estado de Animo:\u00a0Interviene en la s\u00edntesis de seratonina, en la que sus bajos niveles se asocian a la depresi\u00f3n  En personas de la tercera edad:\u00a0Colabora con fortalecer su fuerza f\u00edsica, lo que ayuda a disminuir sus ca\u00eddas.  \u200bF\u00f3sforo:\u00a0Es importante para absorber el f\u00f3sforo en tu cuerpo.  \u200bColabora en la prevenci\u00f3n y tratamiento de enfermedades asociadas a la falta de vitamina D          C\u00f3mo tomar correctamente nuestra vitamina D       El envase incluye una cucharita dosificadora, una al ras contiene 800 UI.  La porci\u00f3n es tan peque\u00f1a que simplemente puedes colocarla debajo de tu lengua y se disuelve en segundos y no tiene sabor. Tambi\u00e9n puedes mezclarla con alg\u00fan batido o alimento,  Si tienes una deficiencia grave y te recetaron alrededor de 50.000 UI semanales, para recuperarte mas r\u00e1pido te recomendamos mezclar con un alimento graso o un poco de aceite, ya que esta vitamina se absorbe mejor en presencia de grasa.  \u200b  Una vez abierto, mant\u00e9n la bolsa ziploc cerrada y dentro del sobre, protegi\u00e9ndola del ox\u00edgeno y de la luz, gu\u00e1rdala en un lugar seco y oscuro.  Luego de abrirla, cons\u00famela antes de 120 d\u00edas. Si no ha sido abierta, t\u00f3mala antes de la fecha de vencimiento           \u00bfDe d\u00f3nde provienen y en qu\u00e9 se diferencian nuestras vitaminas D3 y D2?       Vitamina D3 (Colecalciferol):\u00a0Es la forma de vitamina D que da el sol, tu cuerpo puede usarla m\u00e1s directa, y la mol\u00e9cula de nuestra vitamina D3 se extrae de la lanolina, que es una grasa que se encuentra en la lana de las ovejas, producida al exponerse al sol, y est\u00e1 certificada como vegetariana.  \u200b  Vitamina D2 (Ergocalciferol):\u00a0En cambio, la D2 es estrictamente vegana, ya que se produce al irradiar hongos y vegetales. Con la D2, tu cuerpo primero tendr\u00e1 que transformarla en D3 para luego poder usarla. Ambas vitaminas las mezclamos con un poco de calcio ( 50 mg) de origen mineral que la protege y ayuda a dosificarla.","og_url":"https:\/\/yaomarket.cl\/?product=vitamina-d2","og_site_name":"YAOMARKET","article_publisher":"https:\/\/www.facebook.com\/yaomarketchile\/","article_modified_time":"2023-05-02T15:52:25+00:00","og_image":[{"width":753,"height":565,"url":"https:\/\/yaomarket.cl\/wp-content\/uploads\/2023\/05\/Diapositiva4.jpg","type":"image\/jpeg"}],"twitter_card":"summary_large_image","schema":{"@context":"https:\/\/schema.org","@graph":[{"@type":"WebPage","@id":"https:\/\/yaomarket.cl\/?product=vitamina-d2","url":"https:\/\/yaomarket.cl\/?product=vitamina-d2","name":"Vitamina D2 - YAOMARKET","isPartOf":{"@id":"https:\/\/yaomarket.cl\/#website"},"primaryImageOfPage":{"@id":"https:\/\/yaomarket.cl\/?product=vitamina-d2#primaryimage"},"image":{"@id":"https:\/\/yaomarket.cl\/?product=vitamina-d2#primaryimage"},"thumbnailUrl":"https:\/\/yaomarket.cl\/wp-content\/uploads\/2023\/05\/Diapositiva4.jpg","datePublished":"2023-05-02T15:49:40+00:00","dateModified":"2023-05-02T15:52:25+00:00","breadcrumb":{"@id":"https:\/\/yaomarket.cl\/?product=vitamina-d2#breadcrumb"},"inLanguage":"es","potentialAction":[{"@type":"ReadAction","target":["https:\/\/yaomarket.cl\/?product=vitamina-d2"]}]},{"@type":"ImageObject","inLanguage":"es","@id":"https:\/\/yaomarket.cl\/?product=vitamina-d2#primaryimage","url":"https:\/\/yaomarket.cl\/wp-content\/uploads\/2023\/05\/Diapositiva4.jpg","contentUrl":"https:\/\/yaomarket.cl\/wp-content\/uploads\/2023\/05\/Diapositiva4.jpg","width":753,"height":565},{"@type":"BreadcrumbList","@id":"https:\/\/yaomarket.cl\/?product=vitamina-d2#breadcrumb","itemListElement":[{"@type":"ListItem","position":1,"name":"Portada","item":"https:\/\/yaomarket.cl\/"},{"@type":"ListItem","position":2,"name":"TIENDA","item":"https:\/\/yaomarket.cl\/?page_id=8"},{"@type":"ListItem","position":3,"name":"Vitamina D2"}]},{"@type":"WebSite","@id":"https:\/\/yaomarket.cl\/#website","url":"https:\/\/yaomarket.cl\/","name":"YAOMARKET","description":"","publisher":{"@id":"https:\/\/yaomarket.cl\/#organization"},"potentialAction":[{"@type":"SearchAction","target":{"@type":"EntryPoint","urlTemplate":"https:\/\/yaomarket.cl\/?s={search_term_string}"},"query-input":{"@type":"PropertyValueSpecification","valueRequired":true,"valueName":"search_term_string"}}],"inLanguage":"es"},{"@type":"Organization","@id":"https:\/\/yaomarket.cl\/#organization","name":"YAOMARKET","url":"https:\/\/yaomarket.cl\/","logo":{"@type":"ImageObject","inLanguage":"es","@id":"https:\/\/yaomarket.cl\/#\/schema\/logo\/image\/","url":"https:\/\/yaomarket.cl\/wp-content\/uploads\/2023\/08\/Logo-Original-Yao-Market-Circular.png","contentUrl":"https:\/\/yaomarket.cl\/wp-content\/uploads\/2023\/08\/Logo-Original-Yao-Market-Circular.png","width":522,"height":522,"caption":"YAOMARKET"},"image":{"@id":"https:\/\/yaomarket.cl\/#\/schema\/logo\/image\/"},"sameAs":["https:\/\/www.facebook.com\/yaomarketchile\/","https:\/\/www.instagram.com\/yao_market\/"]}]}},"_links":{"self":[{"href":"https:\/\/yaomarket.cl\/index.php?rest_route=\/wp\/v2\/product\/9715","targetHints":{"allow":["GET"]}}],"collection":[{"href":"https:\/\/yaomarket.cl\/index.php?rest_route=\/wp\/v2\/product"}],"about":[{"href":"https:\/\/yaomarket.cl\/index.php?rest_route=\/wp\/v2\/types\/product"}],"wp:featuredmedia":[{"embeddable":true,"href":"https:\/\/yaomarket.cl\/index.php?rest_route=\/wp\/v2\/media\/9699"}],"wp:attachment":[{"href":"https:\/\/yaomarket.cl\/index.php?rest_route=%2Fwp%2Fv2%2Fmedia&parent=9715"}],"wp:term":[{"taxonomy":"product_cat","embeddable":true,"href":"https:\/\/yaomarket.cl\/index.php?rest_route=%2Fwp%2Fv2%2Fproduct_cat&post=9715"},{"taxonomy":"product_tag","embeddable":true,"href":"https:\/\/yaomarket.cl\/index.php?rest_route=%2Fwp%2Fv2%2Fproduct_tag&post=9715"}],"curies":[{"name":"wp","href":"https:\/\/api.w.org\/{rel}","templated":true}]}}