{"id":9678,"date":"2023-04-29T03:43:24","date_gmt":"2023-04-29T03:43:24","guid":{"rendered":"https:\/\/yaomarket.cl\/?post_type=product&#038;p=9678"},"modified":"2025-11-04T16:01:31","modified_gmt":"2025-11-04T16:01:31","slug":"saborizante-de-fresa-y-rosas-strawberry-rose-monin-750ml","status":"publish","type":"product","link":"https:\/\/yaomarket.cl\/?product=saborizante-de-fresa-y-rosas-strawberry-rose-monin-750ml","title":{"rendered":"SABORIZANTE DE FRESA Y ROSAS (STRAWBERRY ROSE) Monin 750ml"},"content":{"rendered":"<div id=\"product-description-short-427\" class=\"rte-content product-description\">\n<div class=\"rte-content product-description\"><\/div>\n<div class=\"product-actions\">\n<form id=\"add-to-cart-or-refresh\" action=\"https:\/\/europasecreta.cl\/carrito\" method=\"post\">\n<div class=\"product-variants\"><\/div>\n<div class=\"product-add-to-cart pt-3\">\n<div class=\"row extra-small-gutters product-quantity \">\n<div class=\"col col-12 col-sm-auto col-add-qty\">\n<div class=\"qty \">\n<div class=\"input-group bootstrap-touchspin\"><\/div>\n<\/div>\n<\/div>\n<\/div>\n<\/div>\n<\/form>\n<\/div>\n<\/div>\n<div class=\"product-actions\">\n<form id=\"add-to-cart-or-refresh\" action=\"https:\/\/europasecreta.cl\/carrito\" method=\"post\">\n<div class=\"product-variants\"><\/div>\n<div class=\"product-add-to-cart pt-3\">\n<div class=\"row extra-small-gutters product-quantity \">\n<div class=\"col col-12 col-sm-auto col-add-qty\">\n<div class=\"qty \">\n<div class=\"input-group bootstrap-touchspin\"><\/div>\n<\/div>\n<\/div>\n<\/div>\n<\/div>\n<\/form>\n<\/div>\n","protected":false},"excerpt":{"rendered":"<p>Prep\u00e1rate para enamorarte de su sabor. Fresa dulce y confitada combinada con notas de delicada rosa, para una rom\u00e1ntica combinaci\u00f3n que no olvidar\u00e1s f\u00e1cilmente. Elaborada sin ingredientes artificiales, esta inusual mezcla ofrece un sofisticado bouquet de sabores en cada sorbo, los 365 d\u00edas del a\u00f1o. Al a\u00f1adir un solo toque, nuestro Saborizante de Fresa y Rosas transformar\u00e1 tus caf\u00e9s con leche, limonadas, c\u00f3cteles y m\u00e1s, en deliciosas creaciones, ideales para cualquier ocasi\u00f3n.<\/p>\n<h3>Dulce Sofisticaci\u00f3n<\/h3>\n<p>El Saborizante de Fresa y Rosas Monin aporta un toque de elegancia a caf\u00e9s calientes o helados, t\u00e9s, limonadas, m\u00f3cteles y c\u00f3cteles especiales, gracias a su singular tono escarlata, llamativo aroma y a sus notas de fresa confitada y delicada rosa.<\/p>\n","protected":false},"featured_media":9674,"template":"","meta":[],"product_cat":[239],"product_tag":[355,357,356,188,269,377,372,295,296,241,240,284,242,254],"class_list":{"0":"post-9678","1":"product","2":"type-product","3":"status-publish","4":"has-post-thumbnail","6":"product_cat-syrup-m","7":"product_tag-bomba","8":"product_tag-dispensador","9":"product_tag-dosificador","10":"product_tag-frutilla","11":"product_tag-irish-cream","12":"product_tag-mojito","13":"product_tag-monin","14":"product_tag-rosa","15":"product_tag-rose","16":"product_tag-sirop","17":"product_tag-sirup","18":"product_tag-strawberry","19":"product_tag-syrop","20":"product_tag-syrup","22":"first","23":"outofstock","24":"shipping-taxable","25":"purchasable","26":"product-type-simple"},"yoast_head":"<!-- This site is optimized with the Yoast SEO plugin v25.2 - https:\/\/yoast.com\/wordpress\/plugins\/seo\/ -->\n<title>SABORIZANTE DE FRESA Y ROSAS (STRAWBERRY ROSE) Monin 750ml - YAOMARKET<\/title>\n<meta name=\"robots\" content=\"index, follow, max-snippet:-1, max-image-preview:large, max-video-preview:-1\" \/>\n<link rel=\"canonical\" href=\"https:\/\/yaomarket.cl\/?product=saborizante-de-fresa-y-rosas-strawberry-rose-monin-750ml\" \/>\n<meta property=\"og:locale\" content=\"es_ES\" \/>\n<meta property=\"og:type\" content=\"article\" \/>\n<meta property=\"og:title\" content=\"SABORIZANTE DE FRESA Y ROSAS (STRAWBERRY ROSE) Monin 750ml - YAOMARKET\" \/>\n<meta property=\"og:description\" content=\"Prep\u00e1rate para enamorarte de su sabor. Fresa dulce y confitada combinada con notas de delicada rosa, para una rom\u00e1ntica combinaci\u00f3n que no olvidar\u00e1s f\u00e1cilmente. Elaborada sin ingredientes artificiales, esta inusual mezcla ofrece un sofisticado bouquet de sabores en cada sorbo, los 365 d\u00edas del a\u00f1o. Al a\u00f1adir un solo toque, nuestro Saborizante de Fresa y Rosas transformar\u00e1 tus caf\u00e9s con leche, limonadas, c\u00f3cteles y m\u00e1s, en deliciosas creaciones, ideales para cualquier ocasi\u00f3n. Dulce Sofisticaci\u00f3n El Saborizante de Fresa y Rosas Monin aporta un toque de elegancia a caf\u00e9s calientes o helados, t\u00e9s, limonadas, m\u00f3cteles y c\u00f3cteles especiales, gracias a su singular tono escarlata, llamativo aroma y a sus notas de fresa confitada y delicada rosa.\" \/>\n<meta property=\"og:url\" content=\"https:\/\/yaomarket.cl\/?product=saborizante-de-fresa-y-rosas-strawberry-rose-monin-750ml\" \/>\n<meta property=\"og:site_name\" content=\"YAOMARKET\" \/>\n<meta property=\"article:publisher\" content=\"https:\/\/www.facebook.com\/yaomarketchile\/\" \/>\n<meta property=\"article:modified_time\" content=\"2025-11-04T16:01:31+00:00\" \/>\n<meta property=\"og:image\" content=\"https:\/\/yaomarket.cl\/wp-content\/uploads\/2023\/04\/Diapositiva4-1.jpg\" \/>\n\t<meta property=\"og:image:width\" content=\"752\" \/>\n\t<meta property=\"og:image:height\" content=\"563\" \/>\n\t<meta property=\"og:image:type\" content=\"image\/jpeg\" \/>\n<meta name=\"twitter:card\" content=\"summary_large_image\" \/>\n<script type=\"application\/ld+json\" class=\"yoast-schema-graph\">{\"@context\":\"https:\/\/schema.org\",\"@graph\":[{\"@type\":\"WebPage\",\"@id\":\"https:\/\/yaomarket.cl\/?product=saborizante-de-fresa-y-rosas-strawberry-rose-monin-750ml\",\"url\":\"https:\/\/yaomarket.cl\/?product=saborizante-de-fresa-y-rosas-strawberry-rose-monin-750ml\",\"name\":\"SABORIZANTE DE FRESA Y ROSAS (STRAWBERRY ROSE) Monin 750ml - YAOMARKET\",\"isPartOf\":{\"@id\":\"https:\/\/yaomarket.cl\/#website\"},\"primaryImageOfPage\":{\"@id\":\"https:\/\/yaomarket.cl\/?product=saborizante-de-fresa-y-rosas-strawberry-rose-monin-750ml#primaryimage\"},\"image\":{\"@id\":\"https:\/\/yaomarket.cl\/?product=saborizante-de-fresa-y-rosas-strawberry-rose-monin-750ml#primaryimage\"},\"thumbnailUrl\":\"https:\/\/yaomarket.cl\/wp-content\/uploads\/2023\/04\/Diapositiva4-1.jpg\",\"datePublished\":\"2023-04-29T03:43:24+00:00\",\"dateModified\":\"2025-11-04T16:01:31+00:00\",\"breadcrumb\":{\"@id\":\"https:\/\/yaomarket.cl\/?product=saborizante-de-fresa-y-rosas-strawberry-rose-monin-750ml#breadcrumb\"},\"inLanguage\":\"es\",\"potentialAction\":[{\"@type\":\"ReadAction\",\"target\":[\"https:\/\/yaomarket.cl\/?product=saborizante-de-fresa-y-rosas-strawberry-rose-monin-750ml\"]}]},{\"@type\":\"ImageObject\",\"inLanguage\":\"es\",\"@id\":\"https:\/\/yaomarket.cl\/?product=saborizante-de-fresa-y-rosas-strawberry-rose-monin-750ml#primaryimage\",\"url\":\"https:\/\/yaomarket.cl\/wp-content\/uploads\/2023\/04\/Diapositiva4-1.jpg\",\"contentUrl\":\"https:\/\/yaomarket.cl\/wp-content\/uploads\/2023\/04\/Diapositiva4-1.jpg\",\"width\":752,\"height\":563},{\"@type\":\"BreadcrumbList\",\"@id\":\"https:\/\/yaomarket.cl\/?product=saborizante-de-fresa-y-rosas-strawberry-rose-monin-750ml#breadcrumb\",\"itemListElement\":[{\"@type\":\"ListItem\",\"position\":1,\"name\":\"Portada\",\"item\":\"https:\/\/yaomarket.cl\/\"},{\"@type\":\"ListItem\",\"position\":2,\"name\":\"TIENDA\",\"item\":\"https:\/\/yaomarket.cl\/?page_id=8\"},{\"@type\":\"ListItem\",\"position\":3,\"name\":\"SABORIZANTE DE FRESA Y ROSAS (STRAWBERRY ROSE) Monin 750ml\"}]},{\"@type\":\"WebSite\",\"@id\":\"https:\/\/yaomarket.cl\/#website\",\"url\":\"https:\/\/yaomarket.cl\/\",\"name\":\"YAOMARKET\",\"description\":\"\",\"publisher\":{\"@id\":\"https:\/\/yaomarket.cl\/#organization\"},\"potentialAction\":[{\"@type\":\"SearchAction\",\"target\":{\"@type\":\"EntryPoint\",\"urlTemplate\":\"https:\/\/yaomarket.cl\/?s={search_term_string}\"},\"query-input\":{\"@type\":\"PropertyValueSpecification\",\"valueRequired\":true,\"valueName\":\"search_term_string\"}}],\"inLanguage\":\"es\"},{\"@type\":\"Organization\",\"@id\":\"https:\/\/yaomarket.cl\/#organization\",\"name\":\"YAOMARKET\",\"url\":\"https:\/\/yaomarket.cl\/\",\"logo\":{\"@type\":\"ImageObject\",\"inLanguage\":\"es\",\"@id\":\"https:\/\/yaomarket.cl\/#\/schema\/logo\/image\/\",\"url\":\"https:\/\/yaomarket.cl\/wp-content\/uploads\/2023\/08\/Logo-Original-Yao-Market-Circular.png\",\"contentUrl\":\"https:\/\/yaomarket.cl\/wp-content\/uploads\/2023\/08\/Logo-Original-Yao-Market-Circular.png\",\"width\":522,\"height\":522,\"caption\":\"YAOMARKET\"},\"image\":{\"@id\":\"https:\/\/yaomarket.cl\/#\/schema\/logo\/image\/\"},\"sameAs\":[\"https:\/\/www.facebook.com\/yaomarketchile\/\",\"https:\/\/www.instagram.com\/yao_market\/\"]}]}<\/script>\n<!-- \/ Yoast SEO plugin. -->","yoast_head_json":{"title":"SABORIZANTE DE FRESA Y ROSAS (STRAWBERRY ROSE) Monin 750ml - YAOMARKET","robots":{"index":"index","follow":"follow","max-snippet":"max-snippet:-1","max-image-preview":"max-image-preview:large","max-video-preview":"max-video-preview:-1"},"canonical":"https:\/\/yaomarket.cl\/?product=saborizante-de-fresa-y-rosas-strawberry-rose-monin-750ml","og_locale":"es_ES","og_type":"article","og_title":"SABORIZANTE DE FRESA Y ROSAS (STRAWBERRY ROSE) Monin 750ml - YAOMARKET","og_description":"Prep\u00e1rate para enamorarte de su sabor. Fresa dulce y confitada combinada con notas de delicada rosa, para una rom\u00e1ntica combinaci\u00f3n que no olvidar\u00e1s f\u00e1cilmente. Elaborada sin ingredientes artificiales, esta inusual mezcla ofrece un sofisticado bouquet de sabores en cada sorbo, los 365 d\u00edas del a\u00f1o. Al a\u00f1adir un solo toque, nuestro Saborizante de Fresa y Rosas transformar\u00e1 tus caf\u00e9s con leche, limonadas, c\u00f3cteles y m\u00e1s, en deliciosas creaciones, ideales para cualquier ocasi\u00f3n. Dulce Sofisticaci\u00f3n El Saborizante de Fresa y Rosas Monin aporta un toque de elegancia a caf\u00e9s calientes o helados, t\u00e9s, limonadas, m\u00f3cteles y c\u00f3cteles especiales, gracias a su singular tono escarlata, llamativo aroma y a sus notas de fresa confitada y delicada rosa.","og_url":"https:\/\/yaomarket.cl\/?product=saborizante-de-fresa-y-rosas-strawberry-rose-monin-750ml","og_site_name":"YAOMARKET","article_publisher":"https:\/\/www.facebook.com\/yaomarketchile\/","article_modified_time":"2025-11-04T16:01:31+00:00","og_image":[{"width":752,"height":563,"url":"https:\/\/yaomarket.cl\/wp-content\/uploads\/2023\/04\/Diapositiva4-1.jpg","type":"image\/jpeg"}],"twitter_card":"summary_large_image","schema":{"@context":"https:\/\/schema.org","@graph":[{"@type":"WebPage","@id":"https:\/\/yaomarket.cl\/?product=saborizante-de-fresa-y-rosas-strawberry-rose-monin-750ml","url":"https:\/\/yaomarket.cl\/?product=saborizante-de-fresa-y-rosas-strawberry-rose-monin-750ml","name":"SABORIZANTE DE FRESA Y ROSAS (STRAWBERRY ROSE) Monin 750ml - YAOMARKET","isPartOf":{"@id":"https:\/\/yaomarket.cl\/#website"},"primaryImageOfPage":{"@id":"https:\/\/yaomarket.cl\/?product=saborizante-de-fresa-y-rosas-strawberry-rose-monin-750ml#primaryimage"},"image":{"@id":"https:\/\/yaomarket.cl\/?product=saborizante-de-fresa-y-rosas-strawberry-rose-monin-750ml#primaryimage"},"thumbnailUrl":"https:\/\/yaomarket.cl\/wp-content\/uploads\/2023\/04\/Diapositiva4-1.jpg","datePublished":"2023-04-29T03:43:24+00:00","dateModified":"2025-11-04T16:01:31+00:00","breadcrumb":{"@id":"https:\/\/yaomarket.cl\/?product=saborizante-de-fresa-y-rosas-strawberry-rose-monin-750ml#breadcrumb"},"inLanguage":"es","potentialAction":[{"@type":"ReadAction","target":["https:\/\/yaomarket.cl\/?product=saborizante-de-fresa-y-rosas-strawberry-rose-monin-750ml"]}]},{"@type":"ImageObject","inLanguage":"es","@id":"https:\/\/yaomarket.cl\/?product=saborizante-de-fresa-y-rosas-strawberry-rose-monin-750ml#primaryimage","url":"https:\/\/yaomarket.cl\/wp-content\/uploads\/2023\/04\/Diapositiva4-1.jpg","contentUrl":"https:\/\/yaomarket.cl\/wp-content\/uploads\/2023\/04\/Diapositiva4-1.jpg","width":752,"height":563},{"@type":"BreadcrumbList","@id":"https:\/\/yaomarket.cl\/?product=saborizante-de-fresa-y-rosas-strawberry-rose-monin-750ml#breadcrumb","itemListElement":[{"@type":"ListItem","position":1,"name":"Portada","item":"https:\/\/yaomarket.cl\/"},{"@type":"ListItem","position":2,"name":"TIENDA","item":"https:\/\/yaomarket.cl\/?page_id=8"},{"@type":"ListItem","position":3,"name":"SABORIZANTE DE FRESA Y ROSAS (STRAWBERRY ROSE) Monin 750ml"}]},{"@type":"WebSite","@id":"https:\/\/yaomarket.cl\/#website","url":"https:\/\/yaomarket.cl\/","name":"YAOMARKET","description":"","publisher":{"@id":"https:\/\/yaomarket.cl\/#organization"},"potentialAction":[{"@type":"SearchAction","target":{"@type":"EntryPoint","urlTemplate":"https:\/\/yaomarket.cl\/?s={search_term_string}"},"query-input":{"@type":"PropertyValueSpecification","valueRequired":true,"valueName":"search_term_string"}}],"inLanguage":"es"},{"@type":"Organization","@id":"https:\/\/yaomarket.cl\/#organization","name":"YAOMARKET","url":"https:\/\/yaomarket.cl\/","logo":{"@type":"ImageObject","inLanguage":"es","@id":"https:\/\/yaomarket.cl\/#\/schema\/logo\/image\/","url":"https:\/\/yaomarket.cl\/wp-content\/uploads\/2023\/08\/Logo-Original-Yao-Market-Circular.png","contentUrl":"https:\/\/yaomarket.cl\/wp-content\/uploads\/2023\/08\/Logo-Original-Yao-Market-Circular.png","width":522,"height":522,"caption":"YAOMARKET"},"image":{"@id":"https:\/\/yaomarket.cl\/#\/schema\/logo\/image\/"},"sameAs":["https:\/\/www.facebook.com\/yaomarketchile\/","https:\/\/www.instagram.com\/yao_market\/"]}]}},"_links":{"self":[{"href":"https:\/\/yaomarket.cl\/index.php?rest_route=\/wp\/v2\/product\/9678","targetHints":{"allow":["GET"]}}],"collection":[{"href":"https:\/\/yaomarket.cl\/index.php?rest_route=\/wp\/v2\/product"}],"about":[{"href":"https:\/\/yaomarket.cl\/index.php?rest_route=\/wp\/v2\/types\/product"}],"wp:featuredmedia":[{"embeddable":true,"href":"https:\/\/yaomarket.cl\/index.php?rest_route=\/wp\/v2\/media\/9674"}],"wp:attachment":[{"href":"https:\/\/yaomarket.cl\/index.php?rest_route=%2Fwp%2Fv2%2Fmedia&parent=9678"}],"wp:term":[{"taxonomy":"product_cat","embeddable":true,"href":"https:\/\/yaomarket.cl\/index.php?rest_route=%2Fwp%2Fv2%2Fproduct_cat&post=9678"},{"taxonomy":"product_tag","embeddable":true,"href":"https:\/\/yaomarket.cl\/index.php?rest_route=%2Fwp%2Fv2%2Fproduct_tag&post=9678"}],"curies":[{"name":"wp","href":"https:\/\/api.w.org\/{rel}","templated":true}]}}