{"id":9646,"date":"2023-04-19T03:26:14","date_gmt":"2023-04-19T03:26:14","guid":{"rendered":"https:\/\/yaomarket.cl\/?post_type=product&#038;p=9646"},"modified":"2023-04-29T02:44:54","modified_gmt":"2023-04-29T02:44:54","slug":"saborizante-de-almendra-almond-monin-750ml","status":"publish","type":"product","link":"https:\/\/yaomarket.cl\/?product=saborizante-de-almendra-almond-monin-750ml","title":{"rendered":"SABORIZANTE DE ALMENDRA (ALMOND) Monin  750ml"},"content":{"rendered":"<div id=\"product-description-short-427\" class=\"rte-content product-description\">\n<div class=\"rte-content product-description\"><\/div>\n<div class=\"product-actions\">\n<form id=\"add-to-cart-or-refresh\" action=\"https:\/\/europasecreta.cl\/carrito\" method=\"post\">\n<div class=\"product-variants\"><\/div>\n<div class=\"product-add-to-cart pt-3\">\n<div class=\"row extra-small-gutters product-quantity \">\n<div class=\"col col-12 col-sm-auto col-add-qty\">\n<div class=\"qty \">\n<div class=\"input-group bootstrap-touchspin\"><\/div>\n<\/div>\n<\/div>\n<\/div>\n<\/div>\n<\/form>\n<\/div>\n<\/div>\n<div class=\"product-actions\">\n<form id=\"add-to-cart-or-refresh\" action=\"https:\/\/europasecreta.cl\/carrito\" method=\"post\">\n<div class=\"product-variants\"><\/div>\n<div class=\"product-add-to-cart pt-3\">\n<div class=\"row extra-small-gutters product-quantity \">\n<div class=\"col col-12 col-sm-auto col-add-qty\">\n<div class=\"qty \">\n<div class=\"input-group bootstrap-touchspin\"><\/div>\n<\/div>\n<\/div>\n<\/div>\n<\/div>\n<\/form>\n<\/div>\n","protected":false},"excerpt":{"rendered":"<p>Las almendras son deliciosas. Tambi\u00e9n lo es nuestro Saborizante de Almendras con su sutil dulzura y rico aroma almendrado. \u00dasalo para agregar un verdadero sabor equilibrado a bebidas calientes o fr\u00edas de caf\u00e9, c\u00f3cteles especiales y m\u00e1s.<\/p>\n<h3>Piensa Fuera De La C\u00e1scara<\/h3>\n<p>El Saborizante de Almendra Monin hace que sea f\u00e1cil disfrutar de deliciosos y creativos c\u00f3cteles especiales, bebidas con caf\u00e9 y m\u00e1s.<\/p>\n","protected":false},"featured_media":9638,"template":"","meta":[],"product_cat":[239],"product_tag":[374,373,257,355,357,356,372,241,240,242,254],"class_list":{"0":"post-9646","1":"product","2":"type-product","3":"status-publish","4":"has-post-thumbnail","6":"product_cat-syrup-m","7":"product_tag-almendra","8":"product_tag-almond","9":"product_tag-blueberry","10":"product_tag-bomba","11":"product_tag-dispensador","12":"product_tag-dosificador","13":"product_tag-monin","14":"product_tag-sirop","15":"product_tag-sirup","16":"product_tag-syrop","17":"product_tag-syrup","19":"first","20":"instock","21":"shipping-taxable","22":"purchasable","23":"product-type-simple"},"yoast_head":"<!-- This site is optimized with the Yoast SEO plugin v25.2 - https:\/\/yoast.com\/wordpress\/plugins\/seo\/ -->\n<title>SABORIZANTE DE ALMENDRA (ALMOND) Monin 750ml - YAOMARKET<\/title>\n<meta name=\"robots\" content=\"index, follow, max-snippet:-1, max-image-preview:large, max-video-preview:-1\" \/>\n<link rel=\"canonical\" href=\"https:\/\/yaomarket.cl\/?product=saborizante-de-almendra-almond-monin-750ml\" \/>\n<meta property=\"og:locale\" content=\"es_ES\" \/>\n<meta property=\"og:type\" content=\"article\" \/>\n<meta property=\"og:title\" content=\"SABORIZANTE DE ALMENDRA (ALMOND) Monin 750ml - YAOMARKET\" \/>\n<meta property=\"og:description\" content=\"Las almendras son deliciosas. Tambi\u00e9n lo es nuestro Saborizante de Almendras con su sutil dulzura y rico aroma almendrado. \u00dasalo para agregar un verdadero sabor equilibrado a bebidas calientes o fr\u00edas de caf\u00e9, c\u00f3cteles especiales y m\u00e1s. Piensa Fuera De La C\u00e1scara El Saborizante de Almendra Monin hace que sea f\u00e1cil disfrutar de deliciosos y creativos c\u00f3cteles especiales, bebidas con caf\u00e9 y m\u00e1s.\" \/>\n<meta property=\"og:url\" content=\"https:\/\/yaomarket.cl\/?product=saborizante-de-almendra-almond-monin-750ml\" \/>\n<meta property=\"og:site_name\" content=\"YAOMARKET\" \/>\n<meta property=\"article:publisher\" content=\"https:\/\/www.facebook.com\/yaomarketchile\/\" \/>\n<meta property=\"article:modified_time\" content=\"2023-04-29T02:44:54+00:00\" \/>\n<meta property=\"og:image\" content=\"https:\/\/yaomarket.cl\/wp-content\/uploads\/2023\/04\/Diapositiva4.jpg\" \/>\n\t<meta property=\"og:image:width\" content=\"753\" \/>\n\t<meta property=\"og:image:height\" content=\"565\" \/>\n\t<meta property=\"og:image:type\" content=\"image\/jpeg\" \/>\n<meta name=\"twitter:card\" content=\"summary_large_image\" \/>\n<script type=\"application\/ld+json\" class=\"yoast-schema-graph\">{\"@context\":\"https:\/\/schema.org\",\"@graph\":[{\"@type\":\"WebPage\",\"@id\":\"https:\/\/yaomarket.cl\/?product=saborizante-de-almendra-almond-monin-750ml\",\"url\":\"https:\/\/yaomarket.cl\/?product=saborizante-de-almendra-almond-monin-750ml\",\"name\":\"SABORIZANTE DE ALMENDRA (ALMOND) Monin 750ml - YAOMARKET\",\"isPartOf\":{\"@id\":\"https:\/\/yaomarket.cl\/#website\"},\"primaryImageOfPage\":{\"@id\":\"https:\/\/yaomarket.cl\/?product=saborizante-de-almendra-almond-monin-750ml#primaryimage\"},\"image\":{\"@id\":\"https:\/\/yaomarket.cl\/?product=saborizante-de-almendra-almond-monin-750ml#primaryimage\"},\"thumbnailUrl\":\"https:\/\/yaomarket.cl\/wp-content\/uploads\/2023\/04\/Diapositiva4.jpg\",\"datePublished\":\"2023-04-19T03:26:14+00:00\",\"dateModified\":\"2023-04-29T02:44:54+00:00\",\"breadcrumb\":{\"@id\":\"https:\/\/yaomarket.cl\/?product=saborizante-de-almendra-almond-monin-750ml#breadcrumb\"},\"inLanguage\":\"es\",\"potentialAction\":[{\"@type\":\"ReadAction\",\"target\":[\"https:\/\/yaomarket.cl\/?product=saborizante-de-almendra-almond-monin-750ml\"]}]},{\"@type\":\"ImageObject\",\"inLanguage\":\"es\",\"@id\":\"https:\/\/yaomarket.cl\/?product=saborizante-de-almendra-almond-monin-750ml#primaryimage\",\"url\":\"https:\/\/yaomarket.cl\/wp-content\/uploads\/2023\/04\/Diapositiva4.jpg\",\"contentUrl\":\"https:\/\/yaomarket.cl\/wp-content\/uploads\/2023\/04\/Diapositiva4.jpg\",\"width\":753,\"height\":565},{\"@type\":\"BreadcrumbList\",\"@id\":\"https:\/\/yaomarket.cl\/?product=saborizante-de-almendra-almond-monin-750ml#breadcrumb\",\"itemListElement\":[{\"@type\":\"ListItem\",\"position\":1,\"name\":\"Portada\",\"item\":\"https:\/\/yaomarket.cl\/\"},{\"@type\":\"ListItem\",\"position\":2,\"name\":\"TIENDA\",\"item\":\"https:\/\/yaomarket.cl\/?page_id=8\"},{\"@type\":\"ListItem\",\"position\":3,\"name\":\"SABORIZANTE DE ALMENDRA (ALMOND) Monin 750ml\"}]},{\"@type\":\"WebSite\",\"@id\":\"https:\/\/yaomarket.cl\/#website\",\"url\":\"https:\/\/yaomarket.cl\/\",\"name\":\"YAOMARKET\",\"description\":\"\",\"publisher\":{\"@id\":\"https:\/\/yaomarket.cl\/#organization\"},\"potentialAction\":[{\"@type\":\"SearchAction\",\"target\":{\"@type\":\"EntryPoint\",\"urlTemplate\":\"https:\/\/yaomarket.cl\/?s={search_term_string}\"},\"query-input\":{\"@type\":\"PropertyValueSpecification\",\"valueRequired\":true,\"valueName\":\"search_term_string\"}}],\"inLanguage\":\"es\"},{\"@type\":\"Organization\",\"@id\":\"https:\/\/yaomarket.cl\/#organization\",\"name\":\"YAOMARKET\",\"url\":\"https:\/\/yaomarket.cl\/\",\"logo\":{\"@type\":\"ImageObject\",\"inLanguage\":\"es\",\"@id\":\"https:\/\/yaomarket.cl\/#\/schema\/logo\/image\/\",\"url\":\"https:\/\/yaomarket.cl\/wp-content\/uploads\/2023\/08\/Logo-Original-Yao-Market-Circular.png\",\"contentUrl\":\"https:\/\/yaomarket.cl\/wp-content\/uploads\/2023\/08\/Logo-Original-Yao-Market-Circular.png\",\"width\":522,\"height\":522,\"caption\":\"YAOMARKET\"},\"image\":{\"@id\":\"https:\/\/yaomarket.cl\/#\/schema\/logo\/image\/\"},\"sameAs\":[\"https:\/\/www.facebook.com\/yaomarketchile\/\",\"https:\/\/www.instagram.com\/yao_market\/\"]}]}<\/script>\n<!-- \/ Yoast SEO plugin. -->","yoast_head_json":{"title":"SABORIZANTE DE ALMENDRA (ALMOND) Monin 750ml - YAOMARKET","robots":{"index":"index","follow":"follow","max-snippet":"max-snippet:-1","max-image-preview":"max-image-preview:large","max-video-preview":"max-video-preview:-1"},"canonical":"https:\/\/yaomarket.cl\/?product=saborizante-de-almendra-almond-monin-750ml","og_locale":"es_ES","og_type":"article","og_title":"SABORIZANTE DE ALMENDRA (ALMOND) Monin 750ml - YAOMARKET","og_description":"Las almendras son deliciosas. Tambi\u00e9n lo es nuestro Saborizante de Almendras con su sutil dulzura y rico aroma almendrado. \u00dasalo para agregar un verdadero sabor equilibrado a bebidas calientes o fr\u00edas de caf\u00e9, c\u00f3cteles especiales y m\u00e1s. Piensa Fuera De La C\u00e1scara El Saborizante de Almendra Monin hace que sea f\u00e1cil disfrutar de deliciosos y creativos c\u00f3cteles especiales, bebidas con caf\u00e9 y m\u00e1s.","og_url":"https:\/\/yaomarket.cl\/?product=saborizante-de-almendra-almond-monin-750ml","og_site_name":"YAOMARKET","article_publisher":"https:\/\/www.facebook.com\/yaomarketchile\/","article_modified_time":"2023-04-29T02:44:54+00:00","og_image":[{"width":753,"height":565,"url":"https:\/\/yaomarket.cl\/wp-content\/uploads\/2023\/04\/Diapositiva4.jpg","type":"image\/jpeg"}],"twitter_card":"summary_large_image","schema":{"@context":"https:\/\/schema.org","@graph":[{"@type":"WebPage","@id":"https:\/\/yaomarket.cl\/?product=saborizante-de-almendra-almond-monin-750ml","url":"https:\/\/yaomarket.cl\/?product=saborizante-de-almendra-almond-monin-750ml","name":"SABORIZANTE DE ALMENDRA (ALMOND) Monin 750ml - YAOMARKET","isPartOf":{"@id":"https:\/\/yaomarket.cl\/#website"},"primaryImageOfPage":{"@id":"https:\/\/yaomarket.cl\/?product=saborizante-de-almendra-almond-monin-750ml#primaryimage"},"image":{"@id":"https:\/\/yaomarket.cl\/?product=saborizante-de-almendra-almond-monin-750ml#primaryimage"},"thumbnailUrl":"https:\/\/yaomarket.cl\/wp-content\/uploads\/2023\/04\/Diapositiva4.jpg","datePublished":"2023-04-19T03:26:14+00:00","dateModified":"2023-04-29T02:44:54+00:00","breadcrumb":{"@id":"https:\/\/yaomarket.cl\/?product=saborizante-de-almendra-almond-monin-750ml#breadcrumb"},"inLanguage":"es","potentialAction":[{"@type":"ReadAction","target":["https:\/\/yaomarket.cl\/?product=saborizante-de-almendra-almond-monin-750ml"]}]},{"@type":"ImageObject","inLanguage":"es","@id":"https:\/\/yaomarket.cl\/?product=saborizante-de-almendra-almond-monin-750ml#primaryimage","url":"https:\/\/yaomarket.cl\/wp-content\/uploads\/2023\/04\/Diapositiva4.jpg","contentUrl":"https:\/\/yaomarket.cl\/wp-content\/uploads\/2023\/04\/Diapositiva4.jpg","width":753,"height":565},{"@type":"BreadcrumbList","@id":"https:\/\/yaomarket.cl\/?product=saborizante-de-almendra-almond-monin-750ml#breadcrumb","itemListElement":[{"@type":"ListItem","position":1,"name":"Portada","item":"https:\/\/yaomarket.cl\/"},{"@type":"ListItem","position":2,"name":"TIENDA","item":"https:\/\/yaomarket.cl\/?page_id=8"},{"@type":"ListItem","position":3,"name":"SABORIZANTE DE ALMENDRA (ALMOND) Monin 750ml"}]},{"@type":"WebSite","@id":"https:\/\/yaomarket.cl\/#website","url":"https:\/\/yaomarket.cl\/","name":"YAOMARKET","description":"","publisher":{"@id":"https:\/\/yaomarket.cl\/#organization"},"potentialAction":[{"@type":"SearchAction","target":{"@type":"EntryPoint","urlTemplate":"https:\/\/yaomarket.cl\/?s={search_term_string}"},"query-input":{"@type":"PropertyValueSpecification","valueRequired":true,"valueName":"search_term_string"}}],"inLanguage":"es"},{"@type":"Organization","@id":"https:\/\/yaomarket.cl\/#organization","name":"YAOMARKET","url":"https:\/\/yaomarket.cl\/","logo":{"@type":"ImageObject","inLanguage":"es","@id":"https:\/\/yaomarket.cl\/#\/schema\/logo\/image\/","url":"https:\/\/yaomarket.cl\/wp-content\/uploads\/2023\/08\/Logo-Original-Yao-Market-Circular.png","contentUrl":"https:\/\/yaomarket.cl\/wp-content\/uploads\/2023\/08\/Logo-Original-Yao-Market-Circular.png","width":522,"height":522,"caption":"YAOMARKET"},"image":{"@id":"https:\/\/yaomarket.cl\/#\/schema\/logo\/image\/"},"sameAs":["https:\/\/www.facebook.com\/yaomarketchile\/","https:\/\/www.instagram.com\/yao_market\/"]}]}},"_links":{"self":[{"href":"https:\/\/yaomarket.cl\/index.php?rest_route=\/wp\/v2\/product\/9646","targetHints":{"allow":["GET"]}}],"collection":[{"href":"https:\/\/yaomarket.cl\/index.php?rest_route=\/wp\/v2\/product"}],"about":[{"href":"https:\/\/yaomarket.cl\/index.php?rest_route=\/wp\/v2\/types\/product"}],"wp:featuredmedia":[{"embeddable":true,"href":"https:\/\/yaomarket.cl\/index.php?rest_route=\/wp\/v2\/media\/9638"}],"wp:attachment":[{"href":"https:\/\/yaomarket.cl\/index.php?rest_route=%2Fwp%2Fv2%2Fmedia&parent=9646"}],"wp:term":[{"taxonomy":"product_cat","embeddable":true,"href":"https:\/\/yaomarket.cl\/index.php?rest_route=%2Fwp%2Fv2%2Fproduct_cat&post=9646"},{"taxonomy":"product_tag","embeddable":true,"href":"https:\/\/yaomarket.cl\/index.php?rest_route=%2Fwp%2Fv2%2Fproduct_tag&post=9646"}],"curies":[{"name":"wp","href":"https:\/\/api.w.org\/{rel}","templated":true}]}}