{"id":9496,"date":"2023-04-15T02:33:34","date_gmt":"2023-04-15T02:33:34","guid":{"rendered":"https:\/\/yaomarket.cl\/?post_type=product&#038;p=9496"},"modified":"2023-04-15T02:36:21","modified_gmt":"2023-04-15T02:36:21","slug":"syrup-routin-pineapple-pina-1000-ml","status":"publish","type":"product","link":"https:\/\/yaomarket.cl\/?product=syrup-routin-pineapple-pina-1000-ml","title":{"rendered":"Syrup Routin Pineapple (Pi\u00f1a) 1000 Ml"},"content":{"rendered":"","protected":false},"excerpt":{"rendered":"<div id=\"product-description-short-303\" class=\"rte-content product-description\">\n<div id=\"product-description-short-304\" class=\"rte-content product-description\">\n<div id=\"product-description-short-305\" class=\"rte-content product-description\">\n<div id=\"product-description-short-306\" class=\"rte-content product-description\">\n<div id=\"product-description-short-307\" class=\"rte-content product-description\">\n<div id=\"product-description-short-308\" class=\"rte-content product-description\">\n<div id=\"product-description-short-309\" class=\"rte-content product-description\">\n<div id=\"product-description-short-310\" class=\"rte-content product-description\">\n<div id=\"product-description-short-311\" class=\"rte-content product-description\">\n<div id=\"product-description-short-312\" class=\"rte-content product-description\">\n<div id=\"product-description-short-313\" class=\"rte-content product-description\">\n<div id=\"product-description-short-314\" class=\"rte-content product-description\">\n<div id=\"product-description-short-315\" class=\"rte-content product-description\">\n<div id=\"product-description-short-316\" class=\"rte-content product-description\">\n<div id=\"product-description-short-317\" class=\"rte-content product-description\">\n<div id=\"product-description-short-318\" class=\"rte-content product-description\">\n<div id=\"product-description-short-320\" class=\"rte-content product-description\">\n<div id=\"product-description-short-321\" class=\"rte-content product-description\">\n<div id=\"product-description-short-324\" class=\"rte-content product-description\">\n<div id=\"product-description-short-325\" class=\"rte-content product-description\">\n<div id=\"product-description-short-327\" class=\"rte-content product-description\">Sabor tropical por excelencia: el sirope de Pi\u00f1a 1883 irradia luminosidad e intensidad. Su sabor es una mezcla perfecta de pi\u00f1a reci\u00e9n cortada y el equilibrio agridulce de la fruta totalmente madura, aportando dulzura y sutileza. Elaborado con ingredientes org\u00e1nicos cuidadosamente seleccionados, el jarabe de pi\u00f1a 1883 contiene jugo de pi\u00f1a puro mezclado con la mineralidad del agua pura de los Alpes. Contenido Neto: 1000ml<\/div>\n<div class=\"product-actions\">\n<form id=\"add-to-cart-or-refresh\" action=\"https:\/\/europasecreta.cl\/carrito\" method=\"post\">\n<div class=\"product-variants\"><\/div>\n<div class=\"product-add-to-cart pt-3\">\n<div class=\"row extra-small-gutters product-quantity \">\n<div class=\"col col-12 col-sm-auto col-add-qty\">\n<div class=\"qty \">\n<div class=\"input-group bootstrap-touchspin\"><\/div>\n<\/div>\n<\/div>\n<\/div>\n<\/div>\n<\/form>\n<\/div>\n<\/div>\n<div class=\"product-actions\">\n<form id=\"add-to-cart-or-refresh\" action=\"https:\/\/europasecreta.cl\/carrito\" method=\"post\">\n<div class=\"product-variants\"><\/div>\n<div class=\"product-add-to-cart pt-3\">\n<div class=\"row extra-small-gutters product-quantity \">\n<div class=\"col col-12 col-sm-auto col-add-qty\">\n<div class=\"qty \">\n<div class=\"input-group bootstrap-touchspin\"><\/div>\n<\/div>\n<\/div>\n<\/div>\n<\/div>\n<\/form>\n<\/div>\n<\/div>\n<div class=\"product-actions\">\n<form id=\"add-to-cart-or-refresh\" action=\"https:\/\/europasecreta.cl\/carrito\" method=\"post\">\n<div class=\"product-variants\"><\/div>\n<div class=\"product-add-to-cart pt-3\">\n<div class=\"row extra-small-gutters product-quantity \">\n<div class=\"col col-12 col-sm-auto col-add-qty\">\n<div class=\"qty \">\n<div class=\"input-group bootstrap-touchspin\"><\/div>\n<\/div>\n<\/div>\n<\/div>\n<\/div>\n<\/form>\n<\/div>\n<\/div>\n<div class=\"product-actions\">\n<form id=\"add-to-cart-or-refresh\" action=\"https:\/\/europasecreta.cl\/carrito\" method=\"post\">\n<div class=\"product-variants\"><\/div>\n<div class=\"product-add-to-cart pt-3\">\n<div class=\"row extra-small-gutters product-quantity \">\n<div class=\"col col-12 col-sm-auto col-add-qty\">\n<div class=\"qty \">\n<div class=\"input-group bootstrap-touchspin\"><\/div>\n<\/div>\n<\/div>\n<\/div>\n<\/div>\n<\/form>\n<\/div>\n<\/div>\n<div class=\"product-actions\">\n<form id=\"add-to-cart-or-refresh\" action=\"https:\/\/europasecreta.cl\/carrito\" method=\"post\">\n<div class=\"product-variants\"><\/div>\n<div class=\"product-add-to-cart pt-3\">\n<div class=\"row extra-small-gutters product-quantity \">\n<div class=\"col col-12 col-sm-auto col-add-qty\">\n<div class=\"qty \">\n<div class=\"input-group bootstrap-touchspin\"><\/div>\n<\/div>\n<\/div>\n<\/div>\n<\/div>\n<\/form>\n<\/div>\n<\/div>\n<div class=\"product-actions\">\n<form id=\"add-to-cart-or-refresh\" action=\"https:\/\/europasecreta.cl\/carrito\" method=\"post\">\n<div class=\"product-variants\"><\/div>\n<div class=\"product-add-to-cart pt-3\">\n<div class=\"row extra-small-gutters product-quantity \">\n<div class=\"col col-12 col-sm-auto col-add-qty\">\n<div class=\"qty \">\n<div class=\"input-group bootstrap-touchspin\"><\/div>\n<\/div>\n<\/div>\n<\/div>\n<\/div>\n<\/form>\n<\/div>\n<\/div>\n<div class=\"product-actions\">\n<form id=\"add-to-cart-or-refresh\" action=\"https:\/\/europasecreta.cl\/carrito\" method=\"post\">\n<div class=\"product-variants\"><\/div>\n<div class=\"product-add-to-cart pt-3\">\n<div class=\"row extra-small-gutters product-quantity \">\n<div class=\"col col-12 col-sm-auto col-add-qty\">\n<div class=\"qty \">\n<div class=\"input-group bootstrap-touchspin\"><\/div>\n<\/div>\n<\/div>\n<\/div>\n<\/div>\n<\/form>\n<\/div>\n<\/div>\n<div class=\"product-actions\">\n<form id=\"add-to-cart-or-refresh\" action=\"https:\/\/europasecreta.cl\/carrito\" method=\"post\">\n<div class=\"product-variants\"><\/div>\n<div class=\"product-add-to-cart pt-3\">\n<div class=\"row extra-small-gutters product-quantity \">\n<div class=\"col col-12 col-sm-auto col-add-qty\">\n<div class=\"qty \">\n<div class=\"input-group bootstrap-touchspin\"><\/div>\n<\/div>\n<\/div>\n<\/div>\n<\/div>\n<\/form>\n<\/div>\n<\/div>\n<div class=\"product-actions\">\n<form id=\"add-to-cart-or-refresh\" action=\"https:\/\/europasecreta.cl\/carrito\" method=\"post\">\n<div class=\"product-variants\"><\/div>\n<div class=\"product-add-to-cart pt-3\">\n<div class=\"row extra-small-gutters product-quantity \">\n<div class=\"col col-12 col-sm-auto col-add-qty\">\n<div class=\"qty \">\n<div class=\"input-group bootstrap-touchspin\"><\/div>\n<\/div>\n<\/div>\n<\/div>\n<\/div>\n<\/form>\n<\/div>\n<\/div>\n<div class=\"product-actions\">\n<form id=\"add-to-cart-or-refresh\" action=\"https:\/\/europasecreta.cl\/carrito\" method=\"post\">\n<div class=\"product-variants\"><\/div>\n<div class=\"product-add-to-cart pt-3\">\n<div class=\"row extra-small-gutters product-quantity \">\n<div class=\"col col-12 col-sm-auto col-add-qty\">\n<div class=\"qty \">\n<div class=\"input-group bootstrap-touchspin\"><\/div>\n<\/div>\n<\/div>\n<\/div>\n<\/div>\n<\/form>\n<\/div>\n<\/div>\n<div class=\"product-actions\">\n<form id=\"add-to-cart-or-refresh\" action=\"https:\/\/europasecreta.cl\/carrito\" method=\"post\">\n<div class=\"product-variants\"><\/div>\n<div class=\"product-add-to-cart pt-3\">\n<div class=\"row extra-small-gutters product-quantity \">\n<div class=\"col col-12 col-sm-auto col-add-qty\">\n<div class=\"qty \">\n<div class=\"input-group bootstrap-touchspin\"><\/div>\n<\/div>\n<\/div>\n<\/div>\n<\/div>\n<\/form>\n<\/div>\n<\/div>\n<div class=\"product-actions\">\n<form id=\"add-to-cart-or-refresh\" action=\"https:\/\/europasecreta.cl\/carrito\" method=\"post\">\n<div class=\"product-variants\"><\/div>\n<div class=\"product-add-to-cart pt-3\">\n<div class=\"row extra-small-gutters product-quantity \">\n<div class=\"col col-12 col-sm-auto col-add-qty\">\n<div class=\"qty \">\n<div class=\"input-group bootstrap-touchspin\"><\/div>\n<\/div>\n<\/div>\n<\/div>\n<\/div>\n<\/form>\n<\/div>\n<\/div>\n<div class=\"product-actions\">\n<form id=\"add-to-cart-or-refresh\" action=\"https:\/\/europasecreta.cl\/carrito\" method=\"post\">\n<div class=\"product-variants\"><\/div>\n<div class=\"product-add-to-cart pt-3\">\n<div class=\"row extra-small-gutters product-quantity \">\n<div class=\"col col-12 col-sm-auto col-add-qty\">\n<div class=\"qty \">\n<div class=\"input-group bootstrap-touchspin\"><\/div>\n<\/div>\n<\/div>\n<\/div>\n<\/div>\n<\/form>\n<\/div>\n<\/div>\n<div class=\"product-actions\">\n<form id=\"add-to-cart-or-refresh\" action=\"https:\/\/europasecreta.cl\/carrito\" method=\"post\">\n<div class=\"product-variants\"><\/div>\n<div class=\"product-add-to-cart pt-3\">\n<div class=\"row extra-small-gutters product-quantity \">\n<div class=\"col col-12 col-sm-auto col-add-qty\">\n<div class=\"qty \">\n<div class=\"input-group bootstrap-touchspin\"><\/div>\n<\/div>\n<\/div>\n<\/div>\n<\/div>\n<\/form>\n<\/div>\n<\/div>\n<div class=\"product-actions\">\n<form id=\"add-to-cart-or-refresh\" action=\"https:\/\/europasecreta.cl\/carrito\" method=\"post\">\n<div class=\"product-variants\"><\/div>\n<div class=\"product-add-to-cart pt-3\">\n<div class=\"row extra-small-gutters product-quantity \">\n<div class=\"col col-12 col-sm-auto col-add-qty\">\n<div class=\"qty \">\n<div class=\"input-group bootstrap-touchspin\"><\/div>\n<\/div>\n<\/div>\n<\/div>\n<\/div>\n<\/form>\n<\/div>\n<\/div>\n<div class=\"product-actions\">\n<form id=\"add-to-cart-or-refresh\" action=\"https:\/\/europasecreta.cl\/carrito\" method=\"post\">\n<div class=\"product-variants\"><\/div>\n<div class=\"product-add-to-cart pt-3\">\n<div class=\"row extra-small-gutters product-quantity \">\n<div class=\"col col-12 col-sm-auto col-add-qty\">\n<div class=\"qty \">\n<div class=\"input-group bootstrap-touchspin\"><\/div>\n<\/div>\n<\/div>\n<\/div>\n<\/div>\n<\/form>\n<\/div>\n<\/div>\n<div class=\"product-actions\">\n<form id=\"add-to-cart-or-refresh\" action=\"https:\/\/europasecreta.cl\/carrito\" method=\"post\">\n<div class=\"product-variants\"><\/div>\n<div class=\"product-add-to-cart pt-3\">\n<div class=\"row extra-small-gutters product-quantity \">\n<div class=\"col col-12 col-sm-auto col-add-qty\">\n<div class=\"qty \">\n<div class=\"input-group bootstrap-touchspin\"><\/div>\n<\/div>\n<\/div>\n<\/div>\n<\/div>\n<\/form>\n<\/div>\n<\/div>\n<div class=\"product-actions\">\n<form id=\"add-to-cart-or-refresh\" action=\"https:\/\/europasecreta.cl\/carrito\" method=\"post\">\n<div class=\"product-variants\"><\/div>\n<div class=\"product-add-to-cart pt-3\">\n<div class=\"row extra-small-gutters product-quantity \">\n<div class=\"col col-12 col-sm-auto col-add-qty\">\n<div class=\"qty \">\n<div class=\"input-group bootstrap-touchspin\"><\/div>\n<\/div>\n<\/div>\n<\/div>\n<\/div>\n<\/form>\n<\/div>\n<\/div>\n<div class=\"product-actions\">\n<form id=\"add-to-cart-or-refresh\" action=\"https:\/\/europasecreta.cl\/carrito\" method=\"post\">\n<div class=\"product-variants\"><\/div>\n<div class=\"product-add-to-cart pt-3\">\n<div class=\"row extra-small-gutters product-quantity \">\n<div class=\"col col-12 col-sm-auto col-add-qty\">\n<div class=\"qty \">\n<div class=\"input-group bootstrap-touchspin\"><\/div>\n<\/div>\n<\/div>\n<\/div>\n<\/div>\n<\/form>\n<\/div>\n<\/div>\n<div class=\"product-actions\">\n<form id=\"add-to-cart-or-refresh\" action=\"https:\/\/europasecreta.cl\/carrito\" method=\"post\">\n<div class=\"product-variants\"><\/div>\n<div class=\"product-add-to-cart pt-3\">\n<div class=\"row extra-small-gutters product-quantity \">\n<div class=\"col col-12 col-sm-auto col-add-qty\">\n<div class=\"qty \">\n<div class=\"input-group bootstrap-touchspin\"><\/div>\n<\/div>\n<\/div>\n<\/div>\n<\/div>\n<\/form>\n<\/div>\n<\/div>\n<div class=\"product-actions\">\n<form id=\"add-to-cart-or-refresh\" action=\"https:\/\/europasecreta.cl\/carrito\" method=\"post\">\n<div class=\"product-variants\"><\/div>\n<div class=\"product-add-to-cart pt-3\">\n<div class=\"row extra-small-gutters product-quantity \">\n<div class=\"col col-12 col-sm-auto col-add-qty\">\n<div class=\"qty \">\n<div class=\"input-group bootstrap-touchspin\"><\/div>\n<\/div>\n<\/div>\n<\/div>\n<\/div>\n<\/form>\n<\/div>\n<p>&nbsp;<\/p>\n<pre id=\"tw-target-text\" class=\"tw-data-text tw-text-large tw-ta\" dir=\"ltr\" data-placeholder=\"Traducci\u00f3n\"><span class=\"Y2IQFc\" lang=\"es\">FABRICANTE DE JARABE MAESTRO DESDE 1883\r\nComo maestro franc\u00e9s en la fabricaci\u00f3n de jarabes durante casi 140 a\u00f1os, ROUTIN ha volcado su pasi\u00f3n en desarrollar una experiencia en sabores de un nivel extraordinariamente alto.\r\n\r\nEsta experiencia tiene su origen en el coraz\u00f3n de los Alpes franceses, en medio de un entorno natural \u00fanico. El agua alpina, reconocida por su pureza inigualable, es el ingrediente clave y la inspiraci\u00f3n l\u00edquida en todos nuestros productos, impartiendo calidad y consistencia a lo largo del tiempo.\r\n\r\nPrecisi\u00f3n, intensidad, pureza. Todos los criterios exigentes de nuestra Maison se analizan para imaginar y dise\u00f1ar productos que ofrezcan una alta calidad gustativa y sabores aut\u00e9nticos, respetando cada nota de sus ingredientes principales.\r\n\r\nEn Francia y en todo el mundo, la excelencia y la pasi\u00f3n impulsan la creatividad siempre renovada de ROUTIN.<\/span><\/pre>\n","protected":false},"featured_media":9477,"template":"","meta":[],"product_cat":[238,89],"product_tag":[245,243,189,279,278,244,241,240,254],"class_list":{"0":"post-9496","1":"product","2":"type-product","3":"status-publish","4":"has-post-thumbnail","6":"product_cat-syrup-1883","7":"product_cat-syrups","8":"product_tag-245","9":"product_tag-maison","10":"product_tag-maracuya","11":"product_tag-pina","12":"product_tag-pineapple","13":"product_tag-routin","14":"product_tag-sirop","15":"product_tag-sirup","16":"product_tag-syrup","18":"first","19":"instock","20":"shipping-taxable","21":"purchasable","22":"product-type-simple"},"yoast_head":"<!-- This site is optimized with the Yoast SEO plugin v25.2 - https:\/\/yoast.com\/wordpress\/plugins\/seo\/ -->\n<title>Syrup Routin Pineapple (Pi\u00f1a) 1000 Ml - YAOMARKET<\/title>\n<meta name=\"robots\" content=\"index, follow, max-snippet:-1, max-image-preview:large, max-video-preview:-1\" \/>\n<link rel=\"canonical\" href=\"https:\/\/yaomarket.cl\/product\/syrup-routin-pineapple-pina-1000-ml\/\" \/>\n<meta property=\"og:locale\" content=\"es_ES\" \/>\n<meta property=\"og:type\" content=\"article\" \/>\n<meta property=\"og:title\" content=\"Syrup Routin Pineapple (Pi\u00f1a) 1000 Ml - YAOMARKET\" \/>\n<meta property=\"og:description\" content=\"Sabor tropical por excelencia: el sirope de Pi\u00f1a 1883 irradia luminosidad e intensidad. Su sabor es una mezcla perfecta de pi\u00f1a reci\u00e9n cortada y el equilibrio agridulce de la fruta totalmente madura, aportando dulzura y sutileza. Elaborado con ingredientes org\u00e1nicos cuidadosamente seleccionados, el jarabe de pi\u00f1a 1883 contiene jugo de pi\u00f1a puro mezclado con la mineralidad del agua pura de los Alpes. Contenido Neto: 1000ml                                                                                                                                                                                                                                                                                 &nbsp; FABRICANTE DE JARABE MAESTRO DESDE 1883 Como maestro franc\u00e9s en la fabricaci\u00f3n de jarabes durante casi 140 a\u00f1os, ROUTIN ha volcado su pasi\u00f3n en desarrollar una experiencia en sabores de un nivel extraordinariamente alto.  Esta experiencia tiene su origen en el coraz\u00f3n de los Alpes franceses, en medio de un entorno natural \u00fanico. El agua alpina, reconocida por su pureza inigualable, es el ingrediente clave y la inspiraci\u00f3n l\u00edquida en todos nuestros productos, impartiendo calidad y consistencia a lo largo del tiempo.  Precisi\u00f3n, intensidad, pureza. Todos los criterios exigentes de nuestra Maison se analizan para imaginar y dise\u00f1ar productos que ofrezcan una alta calidad gustativa y sabores aut\u00e9nticos, respetando cada nota de sus ingredientes principales.  En Francia y en todo el mundo, la excelencia y la pasi\u00f3n impulsan la creatividad siempre renovada de ROUTIN.\" \/>\n<meta property=\"og:url\" content=\"https:\/\/yaomarket.cl\/product\/syrup-routin-pineapple-pina-1000-ml\/\" \/>\n<meta property=\"og:site_name\" content=\"YAOMARKET\" \/>\n<meta property=\"article:publisher\" content=\"https:\/\/www.facebook.com\/yaomarketchile\/\" \/>\n<meta property=\"article:modified_time\" content=\"2023-04-15T02:36:21+00:00\" \/>\n<meta property=\"og:image\" content=\"https:\/\/yaomarket.cl\/wp-content\/uploads\/2023\/04\/syrop-routin-pineapple-pina-1000-ml.png\" \/>\n\t<meta property=\"og:image:width\" content=\"1100\" \/>\n\t<meta property=\"og:image:height\" content=\"1422\" \/>\n\t<meta property=\"og:image:type\" content=\"image\/png\" \/>\n<meta name=\"twitter:card\" content=\"summary_large_image\" \/>\n<script type=\"application\/ld+json\" class=\"yoast-schema-graph\">{\"@context\":\"https:\/\/schema.org\",\"@graph\":[{\"@type\":\"WebPage\",\"@id\":\"https:\/\/yaomarket.cl\/product\/syrup-routin-pineapple-pina-1000-ml\/\",\"url\":\"https:\/\/yaomarket.cl\/product\/syrup-routin-pineapple-pina-1000-ml\/\",\"name\":\"Syrup Routin Pineapple (Pi\u00f1a) 1000 Ml - YAOMARKET\",\"isPartOf\":{\"@id\":\"https:\/\/yaomarket.cl\/#website\"},\"primaryImageOfPage\":{\"@id\":\"https:\/\/yaomarket.cl\/product\/syrup-routin-pineapple-pina-1000-ml\/#primaryimage\"},\"image\":{\"@id\":\"https:\/\/yaomarket.cl\/product\/syrup-routin-pineapple-pina-1000-ml\/#primaryimage\"},\"thumbnailUrl\":\"https:\/\/yaomarket.cl\/wp-content\/uploads\/2023\/04\/syrop-routin-pineapple-pina-1000-ml.png\",\"datePublished\":\"2023-04-15T02:33:34+00:00\",\"dateModified\":\"2023-04-15T02:36:21+00:00\",\"breadcrumb\":{\"@id\":\"https:\/\/yaomarket.cl\/product\/syrup-routin-pineapple-pina-1000-ml\/#breadcrumb\"},\"inLanguage\":\"es\",\"potentialAction\":[{\"@type\":\"ReadAction\",\"target\":[\"https:\/\/yaomarket.cl\/product\/syrup-routin-pineapple-pina-1000-ml\/\"]}]},{\"@type\":\"ImageObject\",\"inLanguage\":\"es\",\"@id\":\"https:\/\/yaomarket.cl\/product\/syrup-routin-pineapple-pina-1000-ml\/#primaryimage\",\"url\":\"https:\/\/yaomarket.cl\/wp-content\/uploads\/2023\/04\/syrop-routin-pineapple-pina-1000-ml.png\",\"contentUrl\":\"https:\/\/yaomarket.cl\/wp-content\/uploads\/2023\/04\/syrop-routin-pineapple-pina-1000-ml.png\",\"width\":1100,\"height\":1422},{\"@type\":\"BreadcrumbList\",\"@id\":\"https:\/\/yaomarket.cl\/product\/syrup-routin-pineapple-pina-1000-ml\/#breadcrumb\",\"itemListElement\":[{\"@type\":\"ListItem\",\"position\":1,\"name\":\"Portada\",\"item\":\"https:\/\/yaomarket.cl\/\"},{\"@type\":\"ListItem\",\"position\":2,\"name\":\"TIENDA\",\"item\":\"https:\/\/yaomarket.cl\/?page_id=8\"},{\"@type\":\"ListItem\",\"position\":3,\"name\":\"Syrup Routin Pineapple (Pi\u00f1a) 1000 Ml\"}]},{\"@type\":\"WebSite\",\"@id\":\"https:\/\/yaomarket.cl\/#website\",\"url\":\"https:\/\/yaomarket.cl\/\",\"name\":\"YAOMARKET\",\"description\":\"\",\"publisher\":{\"@id\":\"https:\/\/yaomarket.cl\/#organization\"},\"potentialAction\":[{\"@type\":\"SearchAction\",\"target\":{\"@type\":\"EntryPoint\",\"urlTemplate\":\"https:\/\/yaomarket.cl\/?s={search_term_string}\"},\"query-input\":{\"@type\":\"PropertyValueSpecification\",\"valueRequired\":true,\"valueName\":\"search_term_string\"}}],\"inLanguage\":\"es\"},{\"@type\":\"Organization\",\"@id\":\"https:\/\/yaomarket.cl\/#organization\",\"name\":\"YAOMARKET\",\"url\":\"https:\/\/yaomarket.cl\/\",\"logo\":{\"@type\":\"ImageObject\",\"inLanguage\":\"es\",\"@id\":\"https:\/\/yaomarket.cl\/#\/schema\/logo\/image\/\",\"url\":\"https:\/\/yaomarket.cl\/wp-content\/uploads\/2023\/08\/Logo-Original-Yao-Market-Circular.png\",\"contentUrl\":\"https:\/\/yaomarket.cl\/wp-content\/uploads\/2023\/08\/Logo-Original-Yao-Market-Circular.png\",\"width\":522,\"height\":522,\"caption\":\"YAOMARKET\"},\"image\":{\"@id\":\"https:\/\/yaomarket.cl\/#\/schema\/logo\/image\/\"},\"sameAs\":[\"https:\/\/www.facebook.com\/yaomarketchile\/\",\"https:\/\/www.instagram.com\/yao_market\/\"]}]}<\/script>\n<!-- \/ Yoast SEO plugin. -->","yoast_head_json":{"title":"Syrup Routin Pineapple (Pi\u00f1a) 1000 Ml - YAOMARKET","robots":{"index":"index","follow":"follow","max-snippet":"max-snippet:-1","max-image-preview":"max-image-preview:large","max-video-preview":"max-video-preview:-1"},"canonical":"https:\/\/yaomarket.cl\/product\/syrup-routin-pineapple-pina-1000-ml\/","og_locale":"es_ES","og_type":"article","og_title":"Syrup Routin Pineapple (Pi\u00f1a) 1000 Ml - YAOMARKET","og_description":"Sabor tropical por excelencia: el sirope de Pi\u00f1a 1883 irradia luminosidad e intensidad. Su sabor es una mezcla perfecta de pi\u00f1a reci\u00e9n cortada y el equilibrio agridulce de la fruta totalmente madura, aportando dulzura y sutileza. Elaborado con ingredientes org\u00e1nicos cuidadosamente seleccionados, el jarabe de pi\u00f1a 1883 contiene jugo de pi\u00f1a puro mezclado con la mineralidad del agua pura de los Alpes. Contenido Neto: 1000ml                                                                                                                                                                                                                                                                                 &nbsp; FABRICANTE DE JARABE MAESTRO DESDE 1883 Como maestro franc\u00e9s en la fabricaci\u00f3n de jarabes durante casi 140 a\u00f1os, ROUTIN ha volcado su pasi\u00f3n en desarrollar una experiencia en sabores de un nivel extraordinariamente alto.  Esta experiencia tiene su origen en el coraz\u00f3n de los Alpes franceses, en medio de un entorno natural \u00fanico. El agua alpina, reconocida por su pureza inigualable, es el ingrediente clave y la inspiraci\u00f3n l\u00edquida en todos nuestros productos, impartiendo calidad y consistencia a lo largo del tiempo.  Precisi\u00f3n, intensidad, pureza. Todos los criterios exigentes de nuestra Maison se analizan para imaginar y dise\u00f1ar productos que ofrezcan una alta calidad gustativa y sabores aut\u00e9nticos, respetando cada nota de sus ingredientes principales.  En Francia y en todo el mundo, la excelencia y la pasi\u00f3n impulsan la creatividad siempre renovada de ROUTIN.","og_url":"https:\/\/yaomarket.cl\/product\/syrup-routin-pineapple-pina-1000-ml\/","og_site_name":"YAOMARKET","article_publisher":"https:\/\/www.facebook.com\/yaomarketchile\/","article_modified_time":"2023-04-15T02:36:21+00:00","og_image":[{"width":1100,"height":1422,"url":"https:\/\/yaomarket.cl\/wp-content\/uploads\/2023\/04\/syrop-routin-pineapple-pina-1000-ml.png","type":"image\/png"}],"twitter_card":"summary_large_image","schema":{"@context":"https:\/\/schema.org","@graph":[{"@type":"WebPage","@id":"https:\/\/yaomarket.cl\/product\/syrup-routin-pineapple-pina-1000-ml\/","url":"https:\/\/yaomarket.cl\/product\/syrup-routin-pineapple-pina-1000-ml\/","name":"Syrup Routin Pineapple (Pi\u00f1a) 1000 Ml - YAOMARKET","isPartOf":{"@id":"https:\/\/yaomarket.cl\/#website"},"primaryImageOfPage":{"@id":"https:\/\/yaomarket.cl\/product\/syrup-routin-pineapple-pina-1000-ml\/#primaryimage"},"image":{"@id":"https:\/\/yaomarket.cl\/product\/syrup-routin-pineapple-pina-1000-ml\/#primaryimage"},"thumbnailUrl":"https:\/\/yaomarket.cl\/wp-content\/uploads\/2023\/04\/syrop-routin-pineapple-pina-1000-ml.png","datePublished":"2023-04-15T02:33:34+00:00","dateModified":"2023-04-15T02:36:21+00:00","breadcrumb":{"@id":"https:\/\/yaomarket.cl\/product\/syrup-routin-pineapple-pina-1000-ml\/#breadcrumb"},"inLanguage":"es","potentialAction":[{"@type":"ReadAction","target":["https:\/\/yaomarket.cl\/product\/syrup-routin-pineapple-pina-1000-ml\/"]}]},{"@type":"ImageObject","inLanguage":"es","@id":"https:\/\/yaomarket.cl\/product\/syrup-routin-pineapple-pina-1000-ml\/#primaryimage","url":"https:\/\/yaomarket.cl\/wp-content\/uploads\/2023\/04\/syrop-routin-pineapple-pina-1000-ml.png","contentUrl":"https:\/\/yaomarket.cl\/wp-content\/uploads\/2023\/04\/syrop-routin-pineapple-pina-1000-ml.png","width":1100,"height":1422},{"@type":"BreadcrumbList","@id":"https:\/\/yaomarket.cl\/product\/syrup-routin-pineapple-pina-1000-ml\/#breadcrumb","itemListElement":[{"@type":"ListItem","position":1,"name":"Portada","item":"https:\/\/yaomarket.cl\/"},{"@type":"ListItem","position":2,"name":"TIENDA","item":"https:\/\/yaomarket.cl\/?page_id=8"},{"@type":"ListItem","position":3,"name":"Syrup Routin Pineapple (Pi\u00f1a) 1000 Ml"}]},{"@type":"WebSite","@id":"https:\/\/yaomarket.cl\/#website","url":"https:\/\/yaomarket.cl\/","name":"YAOMARKET","description":"","publisher":{"@id":"https:\/\/yaomarket.cl\/#organization"},"potentialAction":[{"@type":"SearchAction","target":{"@type":"EntryPoint","urlTemplate":"https:\/\/yaomarket.cl\/?s={search_term_string}"},"query-input":{"@type":"PropertyValueSpecification","valueRequired":true,"valueName":"search_term_string"}}],"inLanguage":"es"},{"@type":"Organization","@id":"https:\/\/yaomarket.cl\/#organization","name":"YAOMARKET","url":"https:\/\/yaomarket.cl\/","logo":{"@type":"ImageObject","inLanguage":"es","@id":"https:\/\/yaomarket.cl\/#\/schema\/logo\/image\/","url":"https:\/\/yaomarket.cl\/wp-content\/uploads\/2023\/08\/Logo-Original-Yao-Market-Circular.png","contentUrl":"https:\/\/yaomarket.cl\/wp-content\/uploads\/2023\/08\/Logo-Original-Yao-Market-Circular.png","width":522,"height":522,"caption":"YAOMARKET"},"image":{"@id":"https:\/\/yaomarket.cl\/#\/schema\/logo\/image\/"},"sameAs":["https:\/\/www.facebook.com\/yaomarketchile\/","https:\/\/www.instagram.com\/yao_market\/"]}]}},"_links":{"self":[{"href":"https:\/\/yaomarket.cl\/index.php?rest_route=\/wp\/v2\/product\/9496","targetHints":{"allow":["GET"]}}],"collection":[{"href":"https:\/\/yaomarket.cl\/index.php?rest_route=\/wp\/v2\/product"}],"about":[{"href":"https:\/\/yaomarket.cl\/index.php?rest_route=\/wp\/v2\/types\/product"}],"wp:featuredmedia":[{"embeddable":true,"href":"https:\/\/yaomarket.cl\/index.php?rest_route=\/wp\/v2\/media\/9477"}],"wp:attachment":[{"href":"https:\/\/yaomarket.cl\/index.php?rest_route=%2Fwp%2Fv2%2Fmedia&parent=9496"}],"wp:term":[{"taxonomy":"product_cat","embeddable":true,"href":"https:\/\/yaomarket.cl\/index.php?rest_route=%2Fwp%2Fv2%2Fproduct_cat&post=9496"},{"taxonomy":"product_tag","embeddable":true,"href":"https:\/\/yaomarket.cl\/index.php?rest_route=%2Fwp%2Fv2%2Fproduct_tag&post=9496"}],"curies":[{"name":"wp","href":"https:\/\/api.w.org\/{rel}","templated":true}]}}