{"id":9428,"date":"2023-04-07T02:34:35","date_gmt":"2023-04-07T02:34:35","guid":{"rendered":"https:\/\/yaomarket.cl\/?post_type=product&#038;p=9428"},"modified":"2025-05-26T15:01:51","modified_gmt":"2025-05-26T15:01:51","slug":"te-blanco-dammann-freres-passion-de-fleurs-25-sachets","status":"publish","type":"product","link":"https:\/\/yaomarket.cl\/?product=te-blanco-dammann-freres-passion-de-fleurs-25-sachets","title":{"rendered":"T\u00e9 Blanco Dammann Fr\u00e8res Passion De Fleurs 25 Sachets"},"content":{"rendered":"","protected":false},"excerpt":{"rendered":"<div id=\"product-description-short-295\" class=\"rte-content product-description\">\n<div id=\"product-description-short-276\" class=\"rte-content product-description\">\n<div id=\"product-description-short-615\" class=\"rte-content product-description\">\n<div id=\"product-description-short-287\" class=\"rte-content product-description\">\n<div id=\"product-description-short-288\" class=\"rte-content product-description\">\n<div id=\"product-description-short-707\" class=\"rte-content product-description\">\n<div id=\"product-description-short-702\" class=\"rte-content product-description\">\n<div id=\"product-description-short-704\" class=\"rte-content product-description\">\n<div id=\"product-description-short-168\" class=\"rte-content product-description\">\n<div id=\"product-description-short-202\" class=\"rte-content product-description\">\n<p>La delicadeza del t\u00e9 blanco combinada con la sutileza de los sabores de rosa, albaricoque y maracuy\u00e1. Enriquecido con p\u00e9talos de flores para un t\u00e9 fresco y bellamente perfumado.<\/p>\n<\/div>\n<div class=\"product-actions\">\n<form id=\"add-to-cart-or-refresh\" action=\"https:\/\/europasecreta.cl\/carrito\" method=\"post\">\n<div class=\"product-variants\"><\/div>\n<div class=\"product-add-to-cart pt-3\">\n<div class=\"row extra-small-gutters product-quantity \">\n<div class=\"col col-12 col-sm-auto col-add-qty\">\n<div class=\"qty \">\n<div class=\"input-group bootstrap-touchspin\"><\/div>\n<\/div>\n<\/div>\n<\/div>\n<\/div>\n<\/form>\n<\/div>\n<\/div>\n<\/div>\n<\/div>\n<div class=\"product-actions\">\n<form id=\"add-to-cart-or-refresh\" action=\"https:\/\/europasecreta.cl\/carrito\" method=\"post\">\n<div class=\"product-add-to-cart pt-3\">\n<div class=\"row extra-small-gutters product-quantity \">\n<div class=\"col col-12 col-sm-auto col-add-qty\">\n<div class=\"qty \">\n<div class=\"input-group bootstrap-touchspin\"><\/div>\n<\/div>\n<\/div>\n<\/div>\n<\/div>\n<\/form>\n<\/div>\n<div class=\"product-prices\"><\/div>\n<\/div>\n<\/div>\n<\/div>\n<div class=\"product-actions\">\n<form id=\"add-to-cart-or-refresh\" action=\"https:\/\/europasecreta.cl\/carrito\" method=\"post\">\n<div class=\"product-variants\"><\/div>\n<div class=\"product-add-to-cart pt-3\">\n<div class=\"row extra-small-gutters product-quantity \">\n<div class=\"col col-12 col-sm-auto col-add-qty\">\n<div class=\"qty \">\n<div class=\"input-group bootstrap-touchspin\"><\/div>\n<\/div>\n<\/div>\n<\/div>\n<\/div>\n<\/form>\n<\/div>\n<\/div>\n<\/div>\n<div class=\"product-actions\">\n<form id=\"add-to-cart-or-refresh\" action=\"https:\/\/europasecreta.cl\/carrito\" method=\"post\">\n<div class=\"product-variants\"><\/div>\n<div class=\"product-add-to-cart pt-3\">\n<div class=\"row extra-small-gutters product-quantity \">\n<div class=\"col col-12 col-sm-auto col-add-qty\">\n<div class=\"qty \">\n<div class=\"input-group bootstrap-touchspin\"><\/div>\n<\/div>\n<\/div>\n<\/div>\n<\/div>\n<\/form>\n<\/div>\n<\/div>\n","protected":false},"featured_media":9367,"template":"","meta":[],"product_cat":[680,677,84],"product_tag":[175,228,200,232,229,231,142,214,233,215,174,199,147],"class_list":{"0":"post-9428","1":"product","2":"type-product","3":"status-publish","4":"has-post-thumbnail","6":"product_cat-blanco-te-exclusivos","7":"product_cat-te-exclusivos","8":"product_cat-mundo-te","9":"product_tag-black-tea","10":"product_tag-dammann","11":"product_tag-green-tea","12":"product_tag-oolong","13":"product_tag-regalo","14":"product_tag-rooiboa","15":"product_tag-taza","16":"product_tag-te","17":"product_tag-te-blanco","18":"product_tag-te-en-hojas","19":"product_tag-te-negro","20":"product_tag-te-verde","21":"product_tag-tetera","23":"first","24":"instock","25":"shipping-taxable","26":"purchasable","27":"product-type-simple"},"yoast_head":"<!-- This site is optimized with the Yoast SEO plugin v25.2 - https:\/\/yoast.com\/wordpress\/plugins\/seo\/ -->\n<title>T\u00e9 Blanco Dammann Fr\u00e8res Passion De Fleurs 25 Sachets - YAOMARKET<\/title>\n<meta name=\"robots\" content=\"index, follow, max-snippet:-1, max-image-preview:large, max-video-preview:-1\" \/>\n<link rel=\"canonical\" href=\"https:\/\/yaomarket.cl\/?product=te-blanco-dammann-freres-passion-de-fleurs-25-sachets\" \/>\n<meta property=\"og:locale\" content=\"es_ES\" \/>\n<meta property=\"og:type\" content=\"article\" \/>\n<meta property=\"og:title\" content=\"T\u00e9 Blanco Dammann Fr\u00e8res Passion De Fleurs 25 Sachets - YAOMARKET\" \/>\n<meta property=\"og:description\" content=\"La delicadeza del t\u00e9 blanco combinada con la sutileza de los sabores de rosa, albaricoque y maracuy\u00e1. Enriquecido con p\u00e9talos de flores para un t\u00e9 fresco y bellamente perfumado.\" \/>\n<meta property=\"og:url\" content=\"https:\/\/yaomarket.cl\/?product=te-blanco-dammann-freres-passion-de-fleurs-25-sachets\" \/>\n<meta property=\"og:site_name\" content=\"YAOMARKET\" \/>\n<meta property=\"article:publisher\" content=\"https:\/\/www.facebook.com\/yaomarketchile\/\" \/>\n<meta property=\"article:modified_time\" content=\"2025-05-26T15:01:51+00:00\" \/>\n<meta property=\"og:image\" content=\"https:\/\/yaomarket.cl\/wp-content\/uploads\/2023\/04\/lata-de-te-en-hojas-dammann-bronze-the-oolong-week-end-a-paris-n501.png\" \/>\n\t<meta property=\"og:image:width\" content=\"1100\" \/>\n\t<meta property=\"og:image:height\" content=\"1422\" \/>\n\t<meta property=\"og:image:type\" content=\"image\/png\" \/>\n<meta name=\"twitter:card\" content=\"summary_large_image\" \/>\n<script type=\"application\/ld+json\" class=\"yoast-schema-graph\">{\"@context\":\"https:\/\/schema.org\",\"@graph\":[{\"@type\":\"WebPage\",\"@id\":\"https:\/\/yaomarket.cl\/?product=te-blanco-dammann-freres-passion-de-fleurs-25-sachets\",\"url\":\"https:\/\/yaomarket.cl\/?product=te-blanco-dammann-freres-passion-de-fleurs-25-sachets\",\"name\":\"T\u00e9 Blanco Dammann Fr\u00e8res Passion De Fleurs 25 Sachets - YAOMARKET\",\"isPartOf\":{\"@id\":\"https:\/\/yaomarket.cl\/#website\"},\"primaryImageOfPage\":{\"@id\":\"https:\/\/yaomarket.cl\/?product=te-blanco-dammann-freres-passion-de-fleurs-25-sachets#primaryimage\"},\"image\":{\"@id\":\"https:\/\/yaomarket.cl\/?product=te-blanco-dammann-freres-passion-de-fleurs-25-sachets#primaryimage\"},\"thumbnailUrl\":\"https:\/\/yaomarket.cl\/wp-content\/uploads\/2023\/04\/lata-de-te-en-hojas-dammann-bronze-the-oolong-week-end-a-paris-n501.png\",\"datePublished\":\"2023-04-07T02:34:35+00:00\",\"dateModified\":\"2025-05-26T15:01:51+00:00\",\"breadcrumb\":{\"@id\":\"https:\/\/yaomarket.cl\/?product=te-blanco-dammann-freres-passion-de-fleurs-25-sachets#breadcrumb\"},\"inLanguage\":\"es\",\"potentialAction\":[{\"@type\":\"ReadAction\",\"target\":[\"https:\/\/yaomarket.cl\/?product=te-blanco-dammann-freres-passion-de-fleurs-25-sachets\"]}]},{\"@type\":\"ImageObject\",\"inLanguage\":\"es\",\"@id\":\"https:\/\/yaomarket.cl\/?product=te-blanco-dammann-freres-passion-de-fleurs-25-sachets#primaryimage\",\"url\":\"https:\/\/yaomarket.cl\/wp-content\/uploads\/2023\/04\/lata-de-te-en-hojas-dammann-bronze-the-oolong-week-end-a-paris-n501.png\",\"contentUrl\":\"https:\/\/yaomarket.cl\/wp-content\/uploads\/2023\/04\/lata-de-te-en-hojas-dammann-bronze-the-oolong-week-end-a-paris-n501.png\",\"width\":1100,\"height\":1422},{\"@type\":\"BreadcrumbList\",\"@id\":\"https:\/\/yaomarket.cl\/?product=te-blanco-dammann-freres-passion-de-fleurs-25-sachets#breadcrumb\",\"itemListElement\":[{\"@type\":\"ListItem\",\"position\":1,\"name\":\"Portada\",\"item\":\"https:\/\/yaomarket.cl\/\"},{\"@type\":\"ListItem\",\"position\":2,\"name\":\"TIENDA\",\"item\":\"https:\/\/yaomarket.cl\/?page_id=8\"},{\"@type\":\"ListItem\",\"position\":3,\"name\":\"T\u00e9 Blanco Dammann Fr\u00e8res Passion De Fleurs 25 Sachets\"}]},{\"@type\":\"WebSite\",\"@id\":\"https:\/\/yaomarket.cl\/#website\",\"url\":\"https:\/\/yaomarket.cl\/\",\"name\":\"YAOMARKET\",\"description\":\"\",\"publisher\":{\"@id\":\"https:\/\/yaomarket.cl\/#organization\"},\"potentialAction\":[{\"@type\":\"SearchAction\",\"target\":{\"@type\":\"EntryPoint\",\"urlTemplate\":\"https:\/\/yaomarket.cl\/?s={search_term_string}\"},\"query-input\":{\"@type\":\"PropertyValueSpecification\",\"valueRequired\":true,\"valueName\":\"search_term_string\"}}],\"inLanguage\":\"es\"},{\"@type\":\"Organization\",\"@id\":\"https:\/\/yaomarket.cl\/#organization\",\"name\":\"YAOMARKET\",\"url\":\"https:\/\/yaomarket.cl\/\",\"logo\":{\"@type\":\"ImageObject\",\"inLanguage\":\"es\",\"@id\":\"https:\/\/yaomarket.cl\/#\/schema\/logo\/image\/\",\"url\":\"https:\/\/yaomarket.cl\/wp-content\/uploads\/2023\/08\/Logo-Original-Yao-Market-Circular.png\",\"contentUrl\":\"https:\/\/yaomarket.cl\/wp-content\/uploads\/2023\/08\/Logo-Original-Yao-Market-Circular.png\",\"width\":522,\"height\":522,\"caption\":\"YAOMARKET\"},\"image\":{\"@id\":\"https:\/\/yaomarket.cl\/#\/schema\/logo\/image\/\"},\"sameAs\":[\"https:\/\/www.facebook.com\/yaomarketchile\/\",\"https:\/\/www.instagram.com\/yao_market\/\"]}]}<\/script>\n<!-- \/ Yoast SEO plugin. -->","yoast_head_json":{"title":"T\u00e9 Blanco Dammann Fr\u00e8res Passion De Fleurs 25 Sachets - YAOMARKET","robots":{"index":"index","follow":"follow","max-snippet":"max-snippet:-1","max-image-preview":"max-image-preview:large","max-video-preview":"max-video-preview:-1"},"canonical":"https:\/\/yaomarket.cl\/?product=te-blanco-dammann-freres-passion-de-fleurs-25-sachets","og_locale":"es_ES","og_type":"article","og_title":"T\u00e9 Blanco Dammann Fr\u00e8res Passion De Fleurs 25 Sachets - YAOMARKET","og_description":"La delicadeza del t\u00e9 blanco combinada con la sutileza de los sabores de rosa, albaricoque y maracuy\u00e1. Enriquecido con p\u00e9talos de flores para un t\u00e9 fresco y bellamente perfumado.","og_url":"https:\/\/yaomarket.cl\/?product=te-blanco-dammann-freres-passion-de-fleurs-25-sachets","og_site_name":"YAOMARKET","article_publisher":"https:\/\/www.facebook.com\/yaomarketchile\/","article_modified_time":"2025-05-26T15:01:51+00:00","og_image":[{"width":1100,"height":1422,"url":"https:\/\/yaomarket.cl\/wp-content\/uploads\/2023\/04\/lata-de-te-en-hojas-dammann-bronze-the-oolong-week-end-a-paris-n501.png","type":"image\/png"}],"twitter_card":"summary_large_image","schema":{"@context":"https:\/\/schema.org","@graph":[{"@type":"WebPage","@id":"https:\/\/yaomarket.cl\/?product=te-blanco-dammann-freres-passion-de-fleurs-25-sachets","url":"https:\/\/yaomarket.cl\/?product=te-blanco-dammann-freres-passion-de-fleurs-25-sachets","name":"T\u00e9 Blanco Dammann Fr\u00e8res Passion De Fleurs 25 Sachets - YAOMARKET","isPartOf":{"@id":"https:\/\/yaomarket.cl\/#website"},"primaryImageOfPage":{"@id":"https:\/\/yaomarket.cl\/?product=te-blanco-dammann-freres-passion-de-fleurs-25-sachets#primaryimage"},"image":{"@id":"https:\/\/yaomarket.cl\/?product=te-blanco-dammann-freres-passion-de-fleurs-25-sachets#primaryimage"},"thumbnailUrl":"https:\/\/yaomarket.cl\/wp-content\/uploads\/2023\/04\/lata-de-te-en-hojas-dammann-bronze-the-oolong-week-end-a-paris-n501.png","datePublished":"2023-04-07T02:34:35+00:00","dateModified":"2025-05-26T15:01:51+00:00","breadcrumb":{"@id":"https:\/\/yaomarket.cl\/?product=te-blanco-dammann-freres-passion-de-fleurs-25-sachets#breadcrumb"},"inLanguage":"es","potentialAction":[{"@type":"ReadAction","target":["https:\/\/yaomarket.cl\/?product=te-blanco-dammann-freres-passion-de-fleurs-25-sachets"]}]},{"@type":"ImageObject","inLanguage":"es","@id":"https:\/\/yaomarket.cl\/?product=te-blanco-dammann-freres-passion-de-fleurs-25-sachets#primaryimage","url":"https:\/\/yaomarket.cl\/wp-content\/uploads\/2023\/04\/lata-de-te-en-hojas-dammann-bronze-the-oolong-week-end-a-paris-n501.png","contentUrl":"https:\/\/yaomarket.cl\/wp-content\/uploads\/2023\/04\/lata-de-te-en-hojas-dammann-bronze-the-oolong-week-end-a-paris-n501.png","width":1100,"height":1422},{"@type":"BreadcrumbList","@id":"https:\/\/yaomarket.cl\/?product=te-blanco-dammann-freres-passion-de-fleurs-25-sachets#breadcrumb","itemListElement":[{"@type":"ListItem","position":1,"name":"Portada","item":"https:\/\/yaomarket.cl\/"},{"@type":"ListItem","position":2,"name":"TIENDA","item":"https:\/\/yaomarket.cl\/?page_id=8"},{"@type":"ListItem","position":3,"name":"T\u00e9 Blanco Dammann Fr\u00e8res Passion De Fleurs 25 Sachets"}]},{"@type":"WebSite","@id":"https:\/\/yaomarket.cl\/#website","url":"https:\/\/yaomarket.cl\/","name":"YAOMARKET","description":"","publisher":{"@id":"https:\/\/yaomarket.cl\/#organization"},"potentialAction":[{"@type":"SearchAction","target":{"@type":"EntryPoint","urlTemplate":"https:\/\/yaomarket.cl\/?s={search_term_string}"},"query-input":{"@type":"PropertyValueSpecification","valueRequired":true,"valueName":"search_term_string"}}],"inLanguage":"es"},{"@type":"Organization","@id":"https:\/\/yaomarket.cl\/#organization","name":"YAOMARKET","url":"https:\/\/yaomarket.cl\/","logo":{"@type":"ImageObject","inLanguage":"es","@id":"https:\/\/yaomarket.cl\/#\/schema\/logo\/image\/","url":"https:\/\/yaomarket.cl\/wp-content\/uploads\/2023\/08\/Logo-Original-Yao-Market-Circular.png","contentUrl":"https:\/\/yaomarket.cl\/wp-content\/uploads\/2023\/08\/Logo-Original-Yao-Market-Circular.png","width":522,"height":522,"caption":"YAOMARKET"},"image":{"@id":"https:\/\/yaomarket.cl\/#\/schema\/logo\/image\/"},"sameAs":["https:\/\/www.facebook.com\/yaomarketchile\/","https:\/\/www.instagram.com\/yao_market\/"]}]}},"_links":{"self":[{"href":"https:\/\/yaomarket.cl\/index.php?rest_route=\/wp\/v2\/product\/9428","targetHints":{"allow":["GET"]}}],"collection":[{"href":"https:\/\/yaomarket.cl\/index.php?rest_route=\/wp\/v2\/product"}],"about":[{"href":"https:\/\/yaomarket.cl\/index.php?rest_route=\/wp\/v2\/types\/product"}],"wp:featuredmedia":[{"embeddable":true,"href":"https:\/\/yaomarket.cl\/index.php?rest_route=\/wp\/v2\/media\/9367"}],"wp:attachment":[{"href":"https:\/\/yaomarket.cl\/index.php?rest_route=%2Fwp%2Fv2%2Fmedia&parent=9428"}],"wp:term":[{"taxonomy":"product_cat","embeddable":true,"href":"https:\/\/yaomarket.cl\/index.php?rest_route=%2Fwp%2Fv2%2Fproduct_cat&post=9428"},{"taxonomy":"product_tag","embeddable":true,"href":"https:\/\/yaomarket.cl\/index.php?rest_route=%2Fwp%2Fv2%2Fproduct_tag&post=9428"}],"curies":[{"name":"wp","href":"https:\/\/api.w.org\/{rel}","templated":true}]}}