{"id":9398,"date":"2023-04-06T01:57:55","date_gmt":"2023-04-06T01:57:55","guid":{"rendered":"https:\/\/yaomarket.cl\/?post_type=product&#038;p=9398"},"modified":"2023-04-06T01:59:19","modified_gmt":"2023-04-06T01:59:19","slug":"reloj-de-arena-dammann-freres","status":"publish","type":"product","link":"https:\/\/yaomarket.cl\/?product=reloj-de-arena-dammann-freres","title":{"rendered":"Reloj De Arena Dammann Fr\u00e8res"},"content":{"rendered":"","protected":false},"excerpt":{"rendered":"<div id=\"product-description-short-295\" class=\"rte-content product-description\">\n<div id=\"product-description-short-276\" class=\"rte-content product-description\">El reloj de arena es un gran accesorio para los amantes del t\u00e9 que quieren infusionar sus t\u00e9s favoritos seg\u00fan los tiempos de infusi\u00f3n recomendados. Puede medir tres tiempos de infusi\u00f3n: 3, 4 y 5 minutos. Fabricado en acero inoxidable con marcas en ambas caras y pies de goma.<\/div>\n<div class=\"product-actions\">\n<form id=\"add-to-cart-or-refresh\" action=\"https:\/\/europasecreta.cl\/carrito\" method=\"post\">\n<div class=\"product-variants\"><\/div>\n<div class=\"product-add-to-cart pt-3\">\n<div class=\"row extra-small-gutters product-quantity \">\n<div class=\"col col-12 col-sm-auto col-add-qty\">\n<div class=\"qty \">\n<div class=\"input-group bootstrap-touchspin\"><\/div>\n<\/div>\n<\/div>\n<\/div>\n<\/div>\n<\/form>\n<\/div>\n<\/div>\n","protected":false},"featured_media":9399,"template":"","meta":[],"product_cat":[226,84,86],"product_tag":[175,228,200,229,214,215,174,199],"class_list":{"0":"post-9398","1":"product","2":"type-product","3":"status-publish","4":"has-post-thumbnail","6":"product_cat-regaleria-df","7":"product_cat-mundo-te","8":"product_cat-dammann-freres","9":"product_tag-black-tea","10":"product_tag-dammann","11":"product_tag-green-tea","12":"product_tag-regalo","13":"product_tag-te","14":"product_tag-te-en-hojas","15":"product_tag-te-negro","16":"product_tag-te-verde","18":"first","19":"instock","20":"shipping-taxable","21":"purchasable","22":"product-type-simple"},"yoast_head":"<!-- This site is optimized with the Yoast SEO plugin v25.2 - https:\/\/yoast.com\/wordpress\/plugins\/seo\/ -->\n<title>Reloj De Arena Dammann Fr\u00e8res - YAOMARKET<\/title>\n<meta name=\"robots\" content=\"index, follow, max-snippet:-1, max-image-preview:large, max-video-preview:-1\" \/>\n<link rel=\"canonical\" href=\"https:\/\/yaomarket.cl\/product\/reloj-de-arena-dammann-freres\/\" \/>\n<meta property=\"og:locale\" content=\"es_ES\" \/>\n<meta property=\"og:type\" content=\"article\" \/>\n<meta property=\"og:title\" content=\"Reloj De Arena Dammann Fr\u00e8res - YAOMARKET\" \/>\n<meta property=\"og:description\" content=\"El reloj de arena es un gran accesorio para los amantes del t\u00e9 que quieren infusionar sus t\u00e9s favoritos seg\u00fan los tiempos de infusi\u00f3n recomendados. Puede medir tres tiempos de infusi\u00f3n: 3, 4 y 5 minutos. Fabricado en acero inoxidable con marcas en ambas caras y pies de goma.\" \/>\n<meta property=\"og:url\" content=\"https:\/\/yaomarket.cl\/product\/reloj-de-arena-dammann-freres\/\" \/>\n<meta property=\"og:site_name\" content=\"YAOMARKET\" \/>\n<meta property=\"article:publisher\" content=\"https:\/\/www.facebook.com\/yaomarketchile\/\" \/>\n<meta property=\"article:modified_time\" content=\"2023-04-06T01:59:19+00:00\" \/>\n<meta property=\"og:image\" content=\"https:\/\/yaomarket.cl\/wp-content\/uploads\/2023\/04\/reloj-de-arena-dammann-freres.png\" \/>\n\t<meta property=\"og:image:width\" content=\"1100\" \/>\n\t<meta property=\"og:image:height\" content=\"1422\" \/>\n\t<meta property=\"og:image:type\" content=\"image\/png\" \/>\n<meta name=\"twitter:card\" content=\"summary_large_image\" \/>\n<script type=\"application\/ld+json\" class=\"yoast-schema-graph\">{\"@context\":\"https:\/\/schema.org\",\"@graph\":[{\"@type\":\"WebPage\",\"@id\":\"https:\/\/yaomarket.cl\/product\/reloj-de-arena-dammann-freres\/\",\"url\":\"https:\/\/yaomarket.cl\/product\/reloj-de-arena-dammann-freres\/\",\"name\":\"Reloj De Arena Dammann Fr\u00e8res - YAOMARKET\",\"isPartOf\":{\"@id\":\"https:\/\/yaomarket.cl\/#website\"},\"primaryImageOfPage\":{\"@id\":\"https:\/\/yaomarket.cl\/product\/reloj-de-arena-dammann-freres\/#primaryimage\"},\"image\":{\"@id\":\"https:\/\/yaomarket.cl\/product\/reloj-de-arena-dammann-freres\/#primaryimage\"},\"thumbnailUrl\":\"https:\/\/yaomarket.cl\/wp-content\/uploads\/2023\/04\/reloj-de-arena-dammann-freres.png\",\"datePublished\":\"2023-04-06T01:57:55+00:00\",\"dateModified\":\"2023-04-06T01:59:19+00:00\",\"breadcrumb\":{\"@id\":\"https:\/\/yaomarket.cl\/product\/reloj-de-arena-dammann-freres\/#breadcrumb\"},\"inLanguage\":\"es\",\"potentialAction\":[{\"@type\":\"ReadAction\",\"target\":[\"https:\/\/yaomarket.cl\/product\/reloj-de-arena-dammann-freres\/\"]}]},{\"@type\":\"ImageObject\",\"inLanguage\":\"es\",\"@id\":\"https:\/\/yaomarket.cl\/product\/reloj-de-arena-dammann-freres\/#primaryimage\",\"url\":\"https:\/\/yaomarket.cl\/wp-content\/uploads\/2023\/04\/reloj-de-arena-dammann-freres.png\",\"contentUrl\":\"https:\/\/yaomarket.cl\/wp-content\/uploads\/2023\/04\/reloj-de-arena-dammann-freres.png\",\"width\":1100,\"height\":1422},{\"@type\":\"BreadcrumbList\",\"@id\":\"https:\/\/yaomarket.cl\/product\/reloj-de-arena-dammann-freres\/#breadcrumb\",\"itemListElement\":[{\"@type\":\"ListItem\",\"position\":1,\"name\":\"Portada\",\"item\":\"https:\/\/yaomarket.cl\/\"},{\"@type\":\"ListItem\",\"position\":2,\"name\":\"TIENDA\",\"item\":\"https:\/\/yaomarket.cl\/?page_id=8\"},{\"@type\":\"ListItem\",\"position\":3,\"name\":\"Reloj De Arena Dammann Fr\u00e8res\"}]},{\"@type\":\"WebSite\",\"@id\":\"https:\/\/yaomarket.cl\/#website\",\"url\":\"https:\/\/yaomarket.cl\/\",\"name\":\"YAOMARKET\",\"description\":\"\",\"publisher\":{\"@id\":\"https:\/\/yaomarket.cl\/#organization\"},\"potentialAction\":[{\"@type\":\"SearchAction\",\"target\":{\"@type\":\"EntryPoint\",\"urlTemplate\":\"https:\/\/yaomarket.cl\/?s={search_term_string}\"},\"query-input\":{\"@type\":\"PropertyValueSpecification\",\"valueRequired\":true,\"valueName\":\"search_term_string\"}}],\"inLanguage\":\"es\"},{\"@type\":\"Organization\",\"@id\":\"https:\/\/yaomarket.cl\/#organization\",\"name\":\"YAOMARKET\",\"url\":\"https:\/\/yaomarket.cl\/\",\"logo\":{\"@type\":\"ImageObject\",\"inLanguage\":\"es\",\"@id\":\"https:\/\/yaomarket.cl\/#\/schema\/logo\/image\/\",\"url\":\"https:\/\/yaomarket.cl\/wp-content\/uploads\/2023\/08\/Logo-Original-Yao-Market-Circular.png\",\"contentUrl\":\"https:\/\/yaomarket.cl\/wp-content\/uploads\/2023\/08\/Logo-Original-Yao-Market-Circular.png\",\"width\":522,\"height\":522,\"caption\":\"YAOMARKET\"},\"image\":{\"@id\":\"https:\/\/yaomarket.cl\/#\/schema\/logo\/image\/\"},\"sameAs\":[\"https:\/\/www.facebook.com\/yaomarketchile\/\",\"https:\/\/www.instagram.com\/yao_market\/\"]}]}<\/script>\n<!-- \/ Yoast SEO plugin. -->","yoast_head_json":{"title":"Reloj De Arena Dammann Fr\u00e8res - YAOMARKET","robots":{"index":"index","follow":"follow","max-snippet":"max-snippet:-1","max-image-preview":"max-image-preview:large","max-video-preview":"max-video-preview:-1"},"canonical":"https:\/\/yaomarket.cl\/product\/reloj-de-arena-dammann-freres\/","og_locale":"es_ES","og_type":"article","og_title":"Reloj De Arena Dammann Fr\u00e8res - YAOMARKET","og_description":"El reloj de arena es un gran accesorio para los amantes del t\u00e9 que quieren infusionar sus t\u00e9s favoritos seg\u00fan los tiempos de infusi\u00f3n recomendados. Puede medir tres tiempos de infusi\u00f3n: 3, 4 y 5 minutos. Fabricado en acero inoxidable con marcas en ambas caras y pies de goma.","og_url":"https:\/\/yaomarket.cl\/product\/reloj-de-arena-dammann-freres\/","og_site_name":"YAOMARKET","article_publisher":"https:\/\/www.facebook.com\/yaomarketchile\/","article_modified_time":"2023-04-06T01:59:19+00:00","og_image":[{"width":1100,"height":1422,"url":"https:\/\/yaomarket.cl\/wp-content\/uploads\/2023\/04\/reloj-de-arena-dammann-freres.png","type":"image\/png"}],"twitter_card":"summary_large_image","schema":{"@context":"https:\/\/schema.org","@graph":[{"@type":"WebPage","@id":"https:\/\/yaomarket.cl\/product\/reloj-de-arena-dammann-freres\/","url":"https:\/\/yaomarket.cl\/product\/reloj-de-arena-dammann-freres\/","name":"Reloj De Arena Dammann Fr\u00e8res - YAOMARKET","isPartOf":{"@id":"https:\/\/yaomarket.cl\/#website"},"primaryImageOfPage":{"@id":"https:\/\/yaomarket.cl\/product\/reloj-de-arena-dammann-freres\/#primaryimage"},"image":{"@id":"https:\/\/yaomarket.cl\/product\/reloj-de-arena-dammann-freres\/#primaryimage"},"thumbnailUrl":"https:\/\/yaomarket.cl\/wp-content\/uploads\/2023\/04\/reloj-de-arena-dammann-freres.png","datePublished":"2023-04-06T01:57:55+00:00","dateModified":"2023-04-06T01:59:19+00:00","breadcrumb":{"@id":"https:\/\/yaomarket.cl\/product\/reloj-de-arena-dammann-freres\/#breadcrumb"},"inLanguage":"es","potentialAction":[{"@type":"ReadAction","target":["https:\/\/yaomarket.cl\/product\/reloj-de-arena-dammann-freres\/"]}]},{"@type":"ImageObject","inLanguage":"es","@id":"https:\/\/yaomarket.cl\/product\/reloj-de-arena-dammann-freres\/#primaryimage","url":"https:\/\/yaomarket.cl\/wp-content\/uploads\/2023\/04\/reloj-de-arena-dammann-freres.png","contentUrl":"https:\/\/yaomarket.cl\/wp-content\/uploads\/2023\/04\/reloj-de-arena-dammann-freres.png","width":1100,"height":1422},{"@type":"BreadcrumbList","@id":"https:\/\/yaomarket.cl\/product\/reloj-de-arena-dammann-freres\/#breadcrumb","itemListElement":[{"@type":"ListItem","position":1,"name":"Portada","item":"https:\/\/yaomarket.cl\/"},{"@type":"ListItem","position":2,"name":"TIENDA","item":"https:\/\/yaomarket.cl\/?page_id=8"},{"@type":"ListItem","position":3,"name":"Reloj De Arena Dammann Fr\u00e8res"}]},{"@type":"WebSite","@id":"https:\/\/yaomarket.cl\/#website","url":"https:\/\/yaomarket.cl\/","name":"YAOMARKET","description":"","publisher":{"@id":"https:\/\/yaomarket.cl\/#organization"},"potentialAction":[{"@type":"SearchAction","target":{"@type":"EntryPoint","urlTemplate":"https:\/\/yaomarket.cl\/?s={search_term_string}"},"query-input":{"@type":"PropertyValueSpecification","valueRequired":true,"valueName":"search_term_string"}}],"inLanguage":"es"},{"@type":"Organization","@id":"https:\/\/yaomarket.cl\/#organization","name":"YAOMARKET","url":"https:\/\/yaomarket.cl\/","logo":{"@type":"ImageObject","inLanguage":"es","@id":"https:\/\/yaomarket.cl\/#\/schema\/logo\/image\/","url":"https:\/\/yaomarket.cl\/wp-content\/uploads\/2023\/08\/Logo-Original-Yao-Market-Circular.png","contentUrl":"https:\/\/yaomarket.cl\/wp-content\/uploads\/2023\/08\/Logo-Original-Yao-Market-Circular.png","width":522,"height":522,"caption":"YAOMARKET"},"image":{"@id":"https:\/\/yaomarket.cl\/#\/schema\/logo\/image\/"},"sameAs":["https:\/\/www.facebook.com\/yaomarketchile\/","https:\/\/www.instagram.com\/yao_market\/"]}]}},"_links":{"self":[{"href":"https:\/\/yaomarket.cl\/index.php?rest_route=\/wp\/v2\/product\/9398","targetHints":{"allow":["GET"]}}],"collection":[{"href":"https:\/\/yaomarket.cl\/index.php?rest_route=\/wp\/v2\/product"}],"about":[{"href":"https:\/\/yaomarket.cl\/index.php?rest_route=\/wp\/v2\/types\/product"}],"wp:featuredmedia":[{"embeddable":true,"href":"https:\/\/yaomarket.cl\/index.php?rest_route=\/wp\/v2\/media\/9399"}],"wp:attachment":[{"href":"https:\/\/yaomarket.cl\/index.php?rest_route=%2Fwp%2Fv2%2Fmedia&parent=9398"}],"wp:term":[{"taxonomy":"product_cat","embeddable":true,"href":"https:\/\/yaomarket.cl\/index.php?rest_route=%2Fwp%2Fv2%2Fproduct_cat&post=9398"},{"taxonomy":"product_tag","embeddable":true,"href":"https:\/\/yaomarket.cl\/index.php?rest_route=%2Fwp%2Fv2%2Fproduct_tag&post=9398"}],"curies":[{"name":"wp","href":"https:\/\/api.w.org\/{rel}","templated":true}]}}