{"id":9386,"date":"2023-04-06T01:45:33","date_gmt":"2023-04-06T01:45:33","guid":{"rendered":"https:\/\/yaomarket.cl\/?post_type=product&#038;p=9386"},"modified":"2023-04-06T01:46:55","modified_gmt":"2023-04-06T01:46:55","slug":"estuche-de-regalo-eclats-4-variedades-infusor","status":"publish","type":"product","link":"https:\/\/yaomarket.cl\/?product=estuche-de-regalo-eclats-4-variedades-infusor","title":{"rendered":"Estuche De Regalo Eclats 4 Variedades + Infusor"},"content":{"rendered":"","protected":false},"excerpt":{"rendered":"<div id=\"product-description-short-752\" class=\"rte-content product-description\">\n<div id=\"product-description-short-151\" class=\"rte-content product-description\">\n<div id=\"product-description-short-153\" class=\"rte-content product-description\">\n<div id=\"product-description-short-226\" class=\"rte-content product-description\">\n<div id=\"product-description-short-228\" class=\"rte-content product-description\">\n<div id=\"product-description-short-229\" class=\"rte-content product-description\">\n<div id=\"product-description-short-230\" class=\"rte-content product-description\">\n<div id=\"product-description-short-232\" class=\"rte-content product-description\">\n<div id=\"product-description-short-233\" class=\"rte-content product-description\">\n<div id=\"product-description-short-239\" class=\"rte-content product-description\">\n<div id=\"product-description-short-240\" class=\"rte-content product-description\">\n<div id=\"product-description-short-241\" class=\"rte-content product-description\">\n<div id=\"product-description-short-244\" class=\"rte-content product-description\">\n<div id=\"product-description-short-245\" class=\"rte-content product-description\">\n<div id=\"product-description-short-248\" class=\"rte-content product-description\">\n<div id=\"product-description-short-249\" class=\"rte-content product-description\">\n<div id=\"product-description-short-261\" class=\"rte-content product-description\">Nuestro nuevo calendario de Adviento 2022 se presenta como un viaje on\u00edrico que invita a descubrir los sabores de la Navidad de la mano de Dammann Fr\u00e8res. Sobre un fondo de cielo estrellado, 24 peque\u00f1as escenas con l\u00edneas doradas dan a los amantes del t\u00e9 y las infusiones algunas pistas para ayudarles a adivinar el t\u00e9 o la infusi\u00f3n que se esconde detr\u00e1s de cada una de las 24 puertas. En la \u00faltima caja se ofrecen dos blends para degustar.<\/div>\n<\/div>\n<\/div>\n<\/div>\n<\/div>\n<\/div>\n<\/div>\n<\/div>\n<\/div>\n<\/div>\n<\/div>\n<\/div>\n<\/div>\n<\/div>\n<\/div>\n<\/div>\n<\/div>\n","protected":false},"featured_media":9387,"template":"","meta":[],"product_cat":[226,84,86],"product_tag":[175,228,200,229,214,215,174,199],"class_list":{"0":"post-9386","1":"product","2":"type-product","3":"status-publish","4":"has-post-thumbnail","6":"product_cat-regaleria-df","7":"product_cat-mundo-te","8":"product_cat-dammann-freres","9":"product_tag-black-tea","10":"product_tag-dammann","11":"product_tag-green-tea","12":"product_tag-regalo","13":"product_tag-te","14":"product_tag-te-en-hojas","15":"product_tag-te-negro","16":"product_tag-te-verde","18":"first","19":"instock","20":"shipping-taxable","21":"purchasable","22":"product-type-simple"},"yoast_head":"<!-- This site is optimized with the Yoast SEO plugin v25.2 - https:\/\/yoast.com\/wordpress\/plugins\/seo\/ -->\n<title>Estuche De Regalo Eclats 4 Variedades + Infusor - YAOMARKET<\/title>\n<meta name=\"robots\" content=\"index, follow, max-snippet:-1, max-image-preview:large, max-video-preview:-1\" \/>\n<link rel=\"canonical\" href=\"https:\/\/yaomarket.cl\/product\/estuche-de-regalo-eclats-4-variedades-infusor\/\" \/>\n<meta property=\"og:locale\" content=\"es_ES\" \/>\n<meta property=\"og:type\" content=\"article\" \/>\n<meta property=\"og:title\" content=\"Estuche De Regalo Eclats 4 Variedades + Infusor - YAOMARKET\" \/>\n<meta property=\"og:description\" content=\"Nuestro nuevo calendario de Adviento 2022 se presenta como un viaje on\u00edrico que invita a descubrir los sabores de la Navidad de la mano de Dammann Fr\u00e8res. Sobre un fondo de cielo estrellado, 24 peque\u00f1as escenas con l\u00edneas doradas dan a los amantes del t\u00e9 y las infusiones algunas pistas para ayudarles a adivinar el t\u00e9 o la infusi\u00f3n que se esconde detr\u00e1s de cada una de las 24 puertas. En la \u00faltima caja se ofrecen dos blends para degustar.\" \/>\n<meta property=\"og:url\" content=\"https:\/\/yaomarket.cl\/product\/estuche-de-regalo-eclats-4-variedades-infusor\/\" \/>\n<meta property=\"og:site_name\" content=\"YAOMARKET\" \/>\n<meta property=\"article:publisher\" content=\"https:\/\/www.facebook.com\/yaomarketchile\/\" \/>\n<meta property=\"article:modified_time\" content=\"2023-04-06T01:46:55+00:00\" \/>\n<meta property=\"og:image\" content=\"https:\/\/yaomarket.cl\/wp-content\/uploads\/2023\/04\/estuche-de-regalo-eclats-4-variedades-infusor.png\" \/>\n\t<meta property=\"og:image:width\" content=\"1100\" \/>\n\t<meta property=\"og:image:height\" content=\"1422\" \/>\n\t<meta property=\"og:image:type\" content=\"image\/png\" \/>\n<meta name=\"twitter:card\" content=\"summary_large_image\" \/>\n<script type=\"application\/ld+json\" class=\"yoast-schema-graph\">{\"@context\":\"https:\/\/schema.org\",\"@graph\":[{\"@type\":\"WebPage\",\"@id\":\"https:\/\/yaomarket.cl\/product\/estuche-de-regalo-eclats-4-variedades-infusor\/\",\"url\":\"https:\/\/yaomarket.cl\/product\/estuche-de-regalo-eclats-4-variedades-infusor\/\",\"name\":\"Estuche De Regalo Eclats 4 Variedades + Infusor - YAOMARKET\",\"isPartOf\":{\"@id\":\"https:\/\/yaomarket.cl\/#website\"},\"primaryImageOfPage\":{\"@id\":\"https:\/\/yaomarket.cl\/product\/estuche-de-regalo-eclats-4-variedades-infusor\/#primaryimage\"},\"image\":{\"@id\":\"https:\/\/yaomarket.cl\/product\/estuche-de-regalo-eclats-4-variedades-infusor\/#primaryimage\"},\"thumbnailUrl\":\"https:\/\/yaomarket.cl\/wp-content\/uploads\/2023\/04\/estuche-de-regalo-eclats-4-variedades-infusor.png\",\"datePublished\":\"2023-04-06T01:45:33+00:00\",\"dateModified\":\"2023-04-06T01:46:55+00:00\",\"breadcrumb\":{\"@id\":\"https:\/\/yaomarket.cl\/product\/estuche-de-regalo-eclats-4-variedades-infusor\/#breadcrumb\"},\"inLanguage\":\"es\",\"potentialAction\":[{\"@type\":\"ReadAction\",\"target\":[\"https:\/\/yaomarket.cl\/product\/estuche-de-regalo-eclats-4-variedades-infusor\/\"]}]},{\"@type\":\"ImageObject\",\"inLanguage\":\"es\",\"@id\":\"https:\/\/yaomarket.cl\/product\/estuche-de-regalo-eclats-4-variedades-infusor\/#primaryimage\",\"url\":\"https:\/\/yaomarket.cl\/wp-content\/uploads\/2023\/04\/estuche-de-regalo-eclats-4-variedades-infusor.png\",\"contentUrl\":\"https:\/\/yaomarket.cl\/wp-content\/uploads\/2023\/04\/estuche-de-regalo-eclats-4-variedades-infusor.png\",\"width\":1100,\"height\":1422},{\"@type\":\"BreadcrumbList\",\"@id\":\"https:\/\/yaomarket.cl\/product\/estuche-de-regalo-eclats-4-variedades-infusor\/#breadcrumb\",\"itemListElement\":[{\"@type\":\"ListItem\",\"position\":1,\"name\":\"Portada\",\"item\":\"https:\/\/yaomarket.cl\/\"},{\"@type\":\"ListItem\",\"position\":2,\"name\":\"TIENDA\",\"item\":\"https:\/\/yaomarket.cl\/?page_id=8\"},{\"@type\":\"ListItem\",\"position\":3,\"name\":\"Estuche De Regalo Eclats 4 Variedades + Infusor\"}]},{\"@type\":\"WebSite\",\"@id\":\"https:\/\/yaomarket.cl\/#website\",\"url\":\"https:\/\/yaomarket.cl\/\",\"name\":\"YAOMARKET\",\"description\":\"\",\"publisher\":{\"@id\":\"https:\/\/yaomarket.cl\/#organization\"},\"potentialAction\":[{\"@type\":\"SearchAction\",\"target\":{\"@type\":\"EntryPoint\",\"urlTemplate\":\"https:\/\/yaomarket.cl\/?s={search_term_string}\"},\"query-input\":{\"@type\":\"PropertyValueSpecification\",\"valueRequired\":true,\"valueName\":\"search_term_string\"}}],\"inLanguage\":\"es\"},{\"@type\":\"Organization\",\"@id\":\"https:\/\/yaomarket.cl\/#organization\",\"name\":\"YAOMARKET\",\"url\":\"https:\/\/yaomarket.cl\/\",\"logo\":{\"@type\":\"ImageObject\",\"inLanguage\":\"es\",\"@id\":\"https:\/\/yaomarket.cl\/#\/schema\/logo\/image\/\",\"url\":\"https:\/\/yaomarket.cl\/wp-content\/uploads\/2023\/08\/Logo-Original-Yao-Market-Circular.png\",\"contentUrl\":\"https:\/\/yaomarket.cl\/wp-content\/uploads\/2023\/08\/Logo-Original-Yao-Market-Circular.png\",\"width\":522,\"height\":522,\"caption\":\"YAOMARKET\"},\"image\":{\"@id\":\"https:\/\/yaomarket.cl\/#\/schema\/logo\/image\/\"},\"sameAs\":[\"https:\/\/www.facebook.com\/yaomarketchile\/\",\"https:\/\/www.instagram.com\/yao_market\/\"]}]}<\/script>\n<!-- \/ Yoast SEO plugin. -->","yoast_head_json":{"title":"Estuche De Regalo Eclats 4 Variedades + Infusor - YAOMARKET","robots":{"index":"index","follow":"follow","max-snippet":"max-snippet:-1","max-image-preview":"max-image-preview:large","max-video-preview":"max-video-preview:-1"},"canonical":"https:\/\/yaomarket.cl\/product\/estuche-de-regalo-eclats-4-variedades-infusor\/","og_locale":"es_ES","og_type":"article","og_title":"Estuche De Regalo Eclats 4 Variedades + Infusor - YAOMARKET","og_description":"Nuestro nuevo calendario de Adviento 2022 se presenta como un viaje on\u00edrico que invita a descubrir los sabores de la Navidad de la mano de Dammann Fr\u00e8res. Sobre un fondo de cielo estrellado, 24 peque\u00f1as escenas con l\u00edneas doradas dan a los amantes del t\u00e9 y las infusiones algunas pistas para ayudarles a adivinar el t\u00e9 o la infusi\u00f3n que se esconde detr\u00e1s de cada una de las 24 puertas. En la \u00faltima caja se ofrecen dos blends para degustar.","og_url":"https:\/\/yaomarket.cl\/product\/estuche-de-regalo-eclats-4-variedades-infusor\/","og_site_name":"YAOMARKET","article_publisher":"https:\/\/www.facebook.com\/yaomarketchile\/","article_modified_time":"2023-04-06T01:46:55+00:00","og_image":[{"width":1100,"height":1422,"url":"https:\/\/yaomarket.cl\/wp-content\/uploads\/2023\/04\/estuche-de-regalo-eclats-4-variedades-infusor.png","type":"image\/png"}],"twitter_card":"summary_large_image","schema":{"@context":"https:\/\/schema.org","@graph":[{"@type":"WebPage","@id":"https:\/\/yaomarket.cl\/product\/estuche-de-regalo-eclats-4-variedades-infusor\/","url":"https:\/\/yaomarket.cl\/product\/estuche-de-regalo-eclats-4-variedades-infusor\/","name":"Estuche De Regalo Eclats 4 Variedades + Infusor - YAOMARKET","isPartOf":{"@id":"https:\/\/yaomarket.cl\/#website"},"primaryImageOfPage":{"@id":"https:\/\/yaomarket.cl\/product\/estuche-de-regalo-eclats-4-variedades-infusor\/#primaryimage"},"image":{"@id":"https:\/\/yaomarket.cl\/product\/estuche-de-regalo-eclats-4-variedades-infusor\/#primaryimage"},"thumbnailUrl":"https:\/\/yaomarket.cl\/wp-content\/uploads\/2023\/04\/estuche-de-regalo-eclats-4-variedades-infusor.png","datePublished":"2023-04-06T01:45:33+00:00","dateModified":"2023-04-06T01:46:55+00:00","breadcrumb":{"@id":"https:\/\/yaomarket.cl\/product\/estuche-de-regalo-eclats-4-variedades-infusor\/#breadcrumb"},"inLanguage":"es","potentialAction":[{"@type":"ReadAction","target":["https:\/\/yaomarket.cl\/product\/estuche-de-regalo-eclats-4-variedades-infusor\/"]}]},{"@type":"ImageObject","inLanguage":"es","@id":"https:\/\/yaomarket.cl\/product\/estuche-de-regalo-eclats-4-variedades-infusor\/#primaryimage","url":"https:\/\/yaomarket.cl\/wp-content\/uploads\/2023\/04\/estuche-de-regalo-eclats-4-variedades-infusor.png","contentUrl":"https:\/\/yaomarket.cl\/wp-content\/uploads\/2023\/04\/estuche-de-regalo-eclats-4-variedades-infusor.png","width":1100,"height":1422},{"@type":"BreadcrumbList","@id":"https:\/\/yaomarket.cl\/product\/estuche-de-regalo-eclats-4-variedades-infusor\/#breadcrumb","itemListElement":[{"@type":"ListItem","position":1,"name":"Portada","item":"https:\/\/yaomarket.cl\/"},{"@type":"ListItem","position":2,"name":"TIENDA","item":"https:\/\/yaomarket.cl\/?page_id=8"},{"@type":"ListItem","position":3,"name":"Estuche De Regalo Eclats 4 Variedades + Infusor"}]},{"@type":"WebSite","@id":"https:\/\/yaomarket.cl\/#website","url":"https:\/\/yaomarket.cl\/","name":"YAOMARKET","description":"","publisher":{"@id":"https:\/\/yaomarket.cl\/#organization"},"potentialAction":[{"@type":"SearchAction","target":{"@type":"EntryPoint","urlTemplate":"https:\/\/yaomarket.cl\/?s={search_term_string}"},"query-input":{"@type":"PropertyValueSpecification","valueRequired":true,"valueName":"search_term_string"}}],"inLanguage":"es"},{"@type":"Organization","@id":"https:\/\/yaomarket.cl\/#organization","name":"YAOMARKET","url":"https:\/\/yaomarket.cl\/","logo":{"@type":"ImageObject","inLanguage":"es","@id":"https:\/\/yaomarket.cl\/#\/schema\/logo\/image\/","url":"https:\/\/yaomarket.cl\/wp-content\/uploads\/2023\/08\/Logo-Original-Yao-Market-Circular.png","contentUrl":"https:\/\/yaomarket.cl\/wp-content\/uploads\/2023\/08\/Logo-Original-Yao-Market-Circular.png","width":522,"height":522,"caption":"YAOMARKET"},"image":{"@id":"https:\/\/yaomarket.cl\/#\/schema\/logo\/image\/"},"sameAs":["https:\/\/www.facebook.com\/yaomarketchile\/","https:\/\/www.instagram.com\/yao_market\/"]}]}},"_links":{"self":[{"href":"https:\/\/yaomarket.cl\/index.php?rest_route=\/wp\/v2\/product\/9386","targetHints":{"allow":["GET"]}}],"collection":[{"href":"https:\/\/yaomarket.cl\/index.php?rest_route=\/wp\/v2\/product"}],"about":[{"href":"https:\/\/yaomarket.cl\/index.php?rest_route=\/wp\/v2\/types\/product"}],"wp:featuredmedia":[{"embeddable":true,"href":"https:\/\/yaomarket.cl\/index.php?rest_route=\/wp\/v2\/media\/9387"}],"wp:attachment":[{"href":"https:\/\/yaomarket.cl\/index.php?rest_route=%2Fwp%2Fv2%2Fmedia&parent=9386"}],"wp:term":[{"taxonomy":"product_cat","embeddable":true,"href":"https:\/\/yaomarket.cl\/index.php?rest_route=%2Fwp%2Fv2%2Fproduct_cat&post=9386"},{"taxonomy":"product_tag","embeddable":true,"href":"https:\/\/yaomarket.cl\/index.php?rest_route=%2Fwp%2Fv2%2Fproduct_tag&post=9386"}],"curies":[{"name":"wp","href":"https:\/\/api.w.org\/{rel}","templated":true}]}}