{"id":9347,"date":"2023-04-02T03:01:44","date_gmt":"2023-04-02T03:01:44","guid":{"rendered":"https:\/\/yaomarket.cl\/?post_type=product&#038;p=9347"},"modified":"2023-04-02T03:02:13","modified_gmt":"2023-04-02T03:02:13","slug":"lata-de-te-en-hojas-dammann-gout-russe-n1","status":"publish","type":"product","link":"https:\/\/yaomarket.cl\/?product=lata-de-te-en-hojas-dammann-gout-russe-n1","title":{"rendered":"Lata de T\u00e9 en Hojas Dammann Gout Russe N\u00b01"},"content":{"rendered":"","protected":false},"excerpt":{"rendered":"<div id=\"product-description-short-752\" class=\"rte-content product-description\">\n<div id=\"product-description-short-151\" class=\"rte-content product-description\">\n<div id=\"product-description-short-153\" class=\"rte-content product-description\">\n<div id=\"product-description-short-226\" class=\"rte-content product-description\">\n<div id=\"product-description-short-228\" class=\"rte-content product-description\">\n<div id=\"product-description-short-229\" class=\"rte-content product-description\">\n<div id=\"product-description-short-230\" class=\"rte-content product-description\">\n<div id=\"product-description-short-232\" class=\"rte-content product-description\">\n<div id=\"product-description-short-233\" class=\"rte-content product-description\">El primer t\u00e9 perfumado creado por Jean-Jumeau Lafond en los a\u00f1os 50. Ha sido un t\u00e9 Dammann Fr\u00e8res esencial desde su lanzamiento. T\u00e9 negro combinado con aceites esenciales de c\u00edtricos&#8230; \u00a1y as\u00ed naci\u00f3 el \u00abth\u00e9 \u00e0 la russe\u00bb! Envasado en lata de metal. Peso neto\/unidad: 100 g<\/div>\n<div class=\"product-actions\">\n<form id=\"add-to-cart-or-refresh\" action=\"https:\/\/europasecreta.cl\/carrito\" method=\"post\">\n<div class=\"product-variants\"><\/div>\n<div class=\"product-add-to-cart pt-3\">\n<div class=\"row extra-small-gutters product-quantity \">\n<div class=\"col col-12 col-sm-auto col-add-qty\">\n<div class=\"qty \">\n<div class=\"input-group bootstrap-touchspin\">**Imagen referencial<\/div>\n<\/div>\n<\/div>\n<\/div>\n<\/div>\n<\/form>\n<\/div>\n<\/div>\n<\/div>\n<\/div>\n<\/div>\n<\/div>\n<\/div>\n<\/div>\n<\/div>\n","protected":false},"featured_media":9342,"template":"","meta":[],"product_cat":[225,84,86],"product_tag":[175,228,200,214,215,174,199],"class_list":{"0":"post-9347","1":"product","2":"type-product","3":"status-publish","4":"has-post-thumbnail","6":"product_cat-te-en-hojas-df","7":"product_cat-mundo-te","8":"product_cat-dammann-freres","9":"product_tag-black-tea","10":"product_tag-dammann","11":"product_tag-green-tea","12":"product_tag-te","13":"product_tag-te-en-hojas","14":"product_tag-te-negro","15":"product_tag-te-verde","17":"first","18":"instock","19":"shipping-taxable","20":"purchasable","21":"product-type-simple"},"yoast_head":"<!-- This site is optimized with the Yoast SEO plugin v25.2 - https:\/\/yoast.com\/wordpress\/plugins\/seo\/ -->\n<title>Lata de T\u00e9 en Hojas Dammann Gout Russe N\u00b01 - YAOMARKET<\/title>\n<meta name=\"robots\" content=\"index, follow, max-snippet:-1, max-image-preview:large, max-video-preview:-1\" \/>\n<link rel=\"canonical\" href=\"https:\/\/yaomarket.cl\/product\/lata-de-te-en-hojas-dammann-gout-russe-n1\/\" \/>\n<meta property=\"og:locale\" content=\"es_ES\" \/>\n<meta property=\"og:type\" content=\"article\" \/>\n<meta property=\"og:title\" content=\"Lata de T\u00e9 en Hojas Dammann Gout Russe N\u00b01 - YAOMARKET\" \/>\n<meta property=\"og:description\" content=\"El primer t\u00e9 perfumado creado por Jean-Jumeau Lafond en los a\u00f1os 50. Ha sido un t\u00e9 Dammann Fr\u00e8res esencial desde su lanzamiento. T\u00e9 negro combinado con aceites esenciales de c\u00edtricos... \u00a1y as\u00ed naci\u00f3 el &quot;th\u00e9 \u00e0 la russe&quot;! Envasado en lata de metal. Peso neto\/unidad: 100 g       **Imagen referencial\" \/>\n<meta property=\"og:url\" content=\"https:\/\/yaomarket.cl\/product\/lata-de-te-en-hojas-dammann-gout-russe-n1\/\" \/>\n<meta property=\"og:site_name\" content=\"YAOMARKET\" \/>\n<meta property=\"article:publisher\" content=\"https:\/\/www.facebook.com\/yaomarketchile\/\" \/>\n<meta property=\"article:modified_time\" content=\"2023-04-02T03:02:13+00:00\" \/>\n<meta property=\"og:image\" content=\"https:\/\/yaomarket.cl\/wp-content\/uploads\/2023\/04\/lata-de-te-en-hojas-dammann-freres-4-fruit-rouges-n4.png\" \/>\n\t<meta property=\"og:image:width\" content=\"1100\" \/>\n\t<meta property=\"og:image:height\" content=\"1422\" \/>\n\t<meta property=\"og:image:type\" content=\"image\/png\" \/>\n<meta name=\"twitter:card\" content=\"summary_large_image\" \/>\n<script type=\"application\/ld+json\" class=\"yoast-schema-graph\">{\"@context\":\"https:\/\/schema.org\",\"@graph\":[{\"@type\":\"WebPage\",\"@id\":\"https:\/\/yaomarket.cl\/product\/lata-de-te-en-hojas-dammann-gout-russe-n1\/\",\"url\":\"https:\/\/yaomarket.cl\/product\/lata-de-te-en-hojas-dammann-gout-russe-n1\/\",\"name\":\"Lata de T\u00e9 en Hojas Dammann Gout Russe N\u00b01 - YAOMARKET\",\"isPartOf\":{\"@id\":\"https:\/\/yaomarket.cl\/#website\"},\"primaryImageOfPage\":{\"@id\":\"https:\/\/yaomarket.cl\/product\/lata-de-te-en-hojas-dammann-gout-russe-n1\/#primaryimage\"},\"image\":{\"@id\":\"https:\/\/yaomarket.cl\/product\/lata-de-te-en-hojas-dammann-gout-russe-n1\/#primaryimage\"},\"thumbnailUrl\":\"https:\/\/yaomarket.cl\/wp-content\/uploads\/2023\/04\/lata-de-te-en-hojas-dammann-freres-4-fruit-rouges-n4.png\",\"datePublished\":\"2023-04-02T03:01:44+00:00\",\"dateModified\":\"2023-04-02T03:02:13+00:00\",\"breadcrumb\":{\"@id\":\"https:\/\/yaomarket.cl\/product\/lata-de-te-en-hojas-dammann-gout-russe-n1\/#breadcrumb\"},\"inLanguage\":\"es\",\"potentialAction\":[{\"@type\":\"ReadAction\",\"target\":[\"https:\/\/yaomarket.cl\/product\/lata-de-te-en-hojas-dammann-gout-russe-n1\/\"]}]},{\"@type\":\"ImageObject\",\"inLanguage\":\"es\",\"@id\":\"https:\/\/yaomarket.cl\/product\/lata-de-te-en-hojas-dammann-gout-russe-n1\/#primaryimage\",\"url\":\"https:\/\/yaomarket.cl\/wp-content\/uploads\/2023\/04\/lata-de-te-en-hojas-dammann-freres-4-fruit-rouges-n4.png\",\"contentUrl\":\"https:\/\/yaomarket.cl\/wp-content\/uploads\/2023\/04\/lata-de-te-en-hojas-dammann-freres-4-fruit-rouges-n4.png\",\"width\":1100,\"height\":1422},{\"@type\":\"BreadcrumbList\",\"@id\":\"https:\/\/yaomarket.cl\/product\/lata-de-te-en-hojas-dammann-gout-russe-n1\/#breadcrumb\",\"itemListElement\":[{\"@type\":\"ListItem\",\"position\":1,\"name\":\"Portada\",\"item\":\"https:\/\/yaomarket.cl\/\"},{\"@type\":\"ListItem\",\"position\":2,\"name\":\"TIENDA\",\"item\":\"https:\/\/yaomarket.cl\/?page_id=8\"},{\"@type\":\"ListItem\",\"position\":3,\"name\":\"Lata de T\u00e9 en Hojas Dammann Gout Russe N\u00b01\"}]},{\"@type\":\"WebSite\",\"@id\":\"https:\/\/yaomarket.cl\/#website\",\"url\":\"https:\/\/yaomarket.cl\/\",\"name\":\"YAOMARKET\",\"description\":\"\",\"publisher\":{\"@id\":\"https:\/\/yaomarket.cl\/#organization\"},\"potentialAction\":[{\"@type\":\"SearchAction\",\"target\":{\"@type\":\"EntryPoint\",\"urlTemplate\":\"https:\/\/yaomarket.cl\/?s={search_term_string}\"},\"query-input\":{\"@type\":\"PropertyValueSpecification\",\"valueRequired\":true,\"valueName\":\"search_term_string\"}}],\"inLanguage\":\"es\"},{\"@type\":\"Organization\",\"@id\":\"https:\/\/yaomarket.cl\/#organization\",\"name\":\"YAOMARKET\",\"url\":\"https:\/\/yaomarket.cl\/\",\"logo\":{\"@type\":\"ImageObject\",\"inLanguage\":\"es\",\"@id\":\"https:\/\/yaomarket.cl\/#\/schema\/logo\/image\/\",\"url\":\"https:\/\/yaomarket.cl\/wp-content\/uploads\/2023\/08\/Logo-Original-Yao-Market-Circular.png\",\"contentUrl\":\"https:\/\/yaomarket.cl\/wp-content\/uploads\/2023\/08\/Logo-Original-Yao-Market-Circular.png\",\"width\":522,\"height\":522,\"caption\":\"YAOMARKET\"},\"image\":{\"@id\":\"https:\/\/yaomarket.cl\/#\/schema\/logo\/image\/\"},\"sameAs\":[\"https:\/\/www.facebook.com\/yaomarketchile\/\",\"https:\/\/www.instagram.com\/yao_market\/\"]}]}<\/script>\n<!-- \/ Yoast SEO plugin. -->","yoast_head_json":{"title":"Lata de T\u00e9 en Hojas Dammann Gout Russe N\u00b01 - YAOMARKET","robots":{"index":"index","follow":"follow","max-snippet":"max-snippet:-1","max-image-preview":"max-image-preview:large","max-video-preview":"max-video-preview:-1"},"canonical":"https:\/\/yaomarket.cl\/product\/lata-de-te-en-hojas-dammann-gout-russe-n1\/","og_locale":"es_ES","og_type":"article","og_title":"Lata de T\u00e9 en Hojas Dammann Gout Russe N\u00b01 - YAOMARKET","og_description":"El primer t\u00e9 perfumado creado por Jean-Jumeau Lafond en los a\u00f1os 50. Ha sido un t\u00e9 Dammann Fr\u00e8res esencial desde su lanzamiento. T\u00e9 negro combinado con aceites esenciales de c\u00edtricos... \u00a1y as\u00ed naci\u00f3 el \"th\u00e9 \u00e0 la russe\"! Envasado en lata de metal. Peso neto\/unidad: 100 g       **Imagen referencial","og_url":"https:\/\/yaomarket.cl\/product\/lata-de-te-en-hojas-dammann-gout-russe-n1\/","og_site_name":"YAOMARKET","article_publisher":"https:\/\/www.facebook.com\/yaomarketchile\/","article_modified_time":"2023-04-02T03:02:13+00:00","og_image":[{"width":1100,"height":1422,"url":"https:\/\/yaomarket.cl\/wp-content\/uploads\/2023\/04\/lata-de-te-en-hojas-dammann-freres-4-fruit-rouges-n4.png","type":"image\/png"}],"twitter_card":"summary_large_image","schema":{"@context":"https:\/\/schema.org","@graph":[{"@type":"WebPage","@id":"https:\/\/yaomarket.cl\/product\/lata-de-te-en-hojas-dammann-gout-russe-n1\/","url":"https:\/\/yaomarket.cl\/product\/lata-de-te-en-hojas-dammann-gout-russe-n1\/","name":"Lata de T\u00e9 en Hojas Dammann Gout Russe N\u00b01 - YAOMARKET","isPartOf":{"@id":"https:\/\/yaomarket.cl\/#website"},"primaryImageOfPage":{"@id":"https:\/\/yaomarket.cl\/product\/lata-de-te-en-hojas-dammann-gout-russe-n1\/#primaryimage"},"image":{"@id":"https:\/\/yaomarket.cl\/product\/lata-de-te-en-hojas-dammann-gout-russe-n1\/#primaryimage"},"thumbnailUrl":"https:\/\/yaomarket.cl\/wp-content\/uploads\/2023\/04\/lata-de-te-en-hojas-dammann-freres-4-fruit-rouges-n4.png","datePublished":"2023-04-02T03:01:44+00:00","dateModified":"2023-04-02T03:02:13+00:00","breadcrumb":{"@id":"https:\/\/yaomarket.cl\/product\/lata-de-te-en-hojas-dammann-gout-russe-n1\/#breadcrumb"},"inLanguage":"es","potentialAction":[{"@type":"ReadAction","target":["https:\/\/yaomarket.cl\/product\/lata-de-te-en-hojas-dammann-gout-russe-n1\/"]}]},{"@type":"ImageObject","inLanguage":"es","@id":"https:\/\/yaomarket.cl\/product\/lata-de-te-en-hojas-dammann-gout-russe-n1\/#primaryimage","url":"https:\/\/yaomarket.cl\/wp-content\/uploads\/2023\/04\/lata-de-te-en-hojas-dammann-freres-4-fruit-rouges-n4.png","contentUrl":"https:\/\/yaomarket.cl\/wp-content\/uploads\/2023\/04\/lata-de-te-en-hojas-dammann-freres-4-fruit-rouges-n4.png","width":1100,"height":1422},{"@type":"BreadcrumbList","@id":"https:\/\/yaomarket.cl\/product\/lata-de-te-en-hojas-dammann-gout-russe-n1\/#breadcrumb","itemListElement":[{"@type":"ListItem","position":1,"name":"Portada","item":"https:\/\/yaomarket.cl\/"},{"@type":"ListItem","position":2,"name":"TIENDA","item":"https:\/\/yaomarket.cl\/?page_id=8"},{"@type":"ListItem","position":3,"name":"Lata de T\u00e9 en Hojas Dammann Gout Russe N\u00b01"}]},{"@type":"WebSite","@id":"https:\/\/yaomarket.cl\/#website","url":"https:\/\/yaomarket.cl\/","name":"YAOMARKET","description":"","publisher":{"@id":"https:\/\/yaomarket.cl\/#organization"},"potentialAction":[{"@type":"SearchAction","target":{"@type":"EntryPoint","urlTemplate":"https:\/\/yaomarket.cl\/?s={search_term_string}"},"query-input":{"@type":"PropertyValueSpecification","valueRequired":true,"valueName":"search_term_string"}}],"inLanguage":"es"},{"@type":"Organization","@id":"https:\/\/yaomarket.cl\/#organization","name":"YAOMARKET","url":"https:\/\/yaomarket.cl\/","logo":{"@type":"ImageObject","inLanguage":"es","@id":"https:\/\/yaomarket.cl\/#\/schema\/logo\/image\/","url":"https:\/\/yaomarket.cl\/wp-content\/uploads\/2023\/08\/Logo-Original-Yao-Market-Circular.png","contentUrl":"https:\/\/yaomarket.cl\/wp-content\/uploads\/2023\/08\/Logo-Original-Yao-Market-Circular.png","width":522,"height":522,"caption":"YAOMARKET"},"image":{"@id":"https:\/\/yaomarket.cl\/#\/schema\/logo\/image\/"},"sameAs":["https:\/\/www.facebook.com\/yaomarketchile\/","https:\/\/www.instagram.com\/yao_market\/"]}]}},"_links":{"self":[{"href":"https:\/\/yaomarket.cl\/index.php?rest_route=\/wp\/v2\/product\/9347","targetHints":{"allow":["GET"]}}],"collection":[{"href":"https:\/\/yaomarket.cl\/index.php?rest_route=\/wp\/v2\/product"}],"about":[{"href":"https:\/\/yaomarket.cl\/index.php?rest_route=\/wp\/v2\/types\/product"}],"wp:featuredmedia":[{"embeddable":true,"href":"https:\/\/yaomarket.cl\/index.php?rest_route=\/wp\/v2\/media\/9342"}],"wp:attachment":[{"href":"https:\/\/yaomarket.cl\/index.php?rest_route=%2Fwp%2Fv2%2Fmedia&parent=9347"}],"wp:term":[{"taxonomy":"product_cat","embeddable":true,"href":"https:\/\/yaomarket.cl\/index.php?rest_route=%2Fwp%2Fv2%2Fproduct_cat&post=9347"},{"taxonomy":"product_tag","embeddable":true,"href":"https:\/\/yaomarket.cl\/index.php?rest_route=%2Fwp%2Fv2%2Fproduct_tag&post=9347"}],"curies":[{"name":"wp","href":"https:\/\/api.w.org\/{rel}","templated":true}]}}