{"id":9337,"date":"2025-04-02T02:41:46","date_gmt":"2025-04-02T02:41:46","guid":{"rendered":"https:\/\/yaomarket.cl\/?post_type=product&#038;p=9337"},"modified":"2025-05-26T05:01:29","modified_gmt":"2025-05-26T05:01:29","slug":"te-verde-dammann-freres-vert-yunnan-24-sachets","status":"publish","type":"product","link":"https:\/\/yaomarket.cl\/?product=te-verde-dammann-freres-vert-yunnan-24-sachets","title":{"rendered":"Caja De T\u00e9 Con 24 Sachets Dammann Fr\u00e8res Th\u00e9 Vert Au Jasmin"},"content":{"rendered":"","protected":false},"excerpt":{"rendered":"<div id=\"product-description-short-752\" class=\"rte-content product-description\">\n<div id=\"product-description-short-151\" class=\"rte-content product-description\">\n<p>Un t\u00e9 verde con jazm\u00edn, hojas de menta y un aroma de menta natural le dan a esta mezcla muy arom\u00e1tica una potencia y frescura incre\u00edbles. Un t\u00e9 de bienvenida ic\u00f3nico para el pueblo bereber, es costumbre beber tres tazas seguidas de este t\u00e9 como muestra de gratitud y cortes\u00eda. Como es tradici\u00f3n, se sirve muy caliente y muy dulce. Cantidad por envase: 24 bolsitas<\/p>\n<\/div>\n<p>**Imagen referencial<\/p>\n<\/div>\n","protected":false},"featured_media":9314,"template":"","meta":[],"product_cat":[223,84,86],"product_tag":[228,200,214,199],"class_list":{"0":"post-9337","1":"product","2":"type-product","3":"status-publish","4":"has-post-thumbnail","6":"product_cat-te-verde-df","7":"product_cat-mundo-te","8":"product_cat-dammann-freres","9":"product_tag-dammann","10":"product_tag-green-tea","11":"product_tag-te","12":"product_tag-te-verde","14":"first","15":"instock","16":"shipping-taxable","17":"purchasable","18":"product-type-simple"},"yoast_head":"<!-- This site is optimized with the Yoast SEO plugin v25.2 - https:\/\/yoast.com\/wordpress\/plugins\/seo\/ -->\n<title>Caja De T\u00e9 Con 24 Sachets Dammann Fr\u00e8res Th\u00e9 Vert Au Jasmin - YAOMARKET<\/title>\n<meta name=\"robots\" content=\"index, follow, max-snippet:-1, max-image-preview:large, max-video-preview:-1\" \/>\n<link rel=\"canonical\" href=\"https:\/\/yaomarket.cl\/?product=te-verde-dammann-freres-vert-yunnan-24-sachets\" \/>\n<meta property=\"og:locale\" content=\"es_ES\" \/>\n<meta property=\"og:type\" content=\"article\" \/>\n<meta property=\"og:title\" content=\"Caja De T\u00e9 Con 24 Sachets Dammann Fr\u00e8res Th\u00e9 Vert Au Jasmin - YAOMARKET\" \/>\n<meta property=\"og:description\" content=\"Un t\u00e9 verde con jazm\u00edn, hojas de menta y un aroma de menta natural le dan a esta mezcla muy arom\u00e1tica una potencia y frescura incre\u00edbles. Un t\u00e9 de bienvenida ic\u00f3nico para el pueblo bereber, es costumbre beber tres tazas seguidas de este t\u00e9 como muestra de gratitud y cortes\u00eda. Como es tradici\u00f3n, se sirve muy caliente y muy dulce. Cantidad por envase: 24 bolsitas   **Imagen referencial\" \/>\n<meta property=\"og:url\" content=\"https:\/\/yaomarket.cl\/?product=te-verde-dammann-freres-vert-yunnan-24-sachets\" \/>\n<meta property=\"og:site_name\" content=\"YAOMARKET\" \/>\n<meta property=\"article:publisher\" content=\"https:\/\/www.facebook.com\/yaomarketchile\/\" \/>\n<meta property=\"article:modified_time\" content=\"2025-05-26T05:01:29+00:00\" \/>\n<meta property=\"og:image\" content=\"https:\/\/yaomarket.cl\/wp-content\/uploads\/2023\/04\/te-negro-dammann-freres-breakfast-24-sachets.png\" \/>\n\t<meta property=\"og:image:width\" content=\"1100\" \/>\n\t<meta property=\"og:image:height\" content=\"1422\" \/>\n\t<meta property=\"og:image:type\" content=\"image\/png\" \/>\n<meta name=\"twitter:card\" content=\"summary_large_image\" \/>\n<script type=\"application\/ld+json\" class=\"yoast-schema-graph\">{\"@context\":\"https:\/\/schema.org\",\"@graph\":[{\"@type\":\"WebPage\",\"@id\":\"https:\/\/yaomarket.cl\/?product=te-verde-dammann-freres-vert-yunnan-24-sachets\",\"url\":\"https:\/\/yaomarket.cl\/?product=te-verde-dammann-freres-vert-yunnan-24-sachets\",\"name\":\"Caja De T\u00e9 Con 24 Sachets Dammann Fr\u00e8res Th\u00e9 Vert Au Jasmin - YAOMARKET\",\"isPartOf\":{\"@id\":\"https:\/\/yaomarket.cl\/#website\"},\"primaryImageOfPage\":{\"@id\":\"https:\/\/yaomarket.cl\/?product=te-verde-dammann-freres-vert-yunnan-24-sachets#primaryimage\"},\"image\":{\"@id\":\"https:\/\/yaomarket.cl\/?product=te-verde-dammann-freres-vert-yunnan-24-sachets#primaryimage\"},\"thumbnailUrl\":\"https:\/\/yaomarket.cl\/wp-content\/uploads\/2023\/04\/te-negro-dammann-freres-breakfast-24-sachets.png\",\"datePublished\":\"2025-04-02T02:41:46+00:00\",\"dateModified\":\"2025-05-26T05:01:29+00:00\",\"breadcrumb\":{\"@id\":\"https:\/\/yaomarket.cl\/?product=te-verde-dammann-freres-vert-yunnan-24-sachets#breadcrumb\"},\"inLanguage\":\"es\",\"potentialAction\":[{\"@type\":\"ReadAction\",\"target\":[\"https:\/\/yaomarket.cl\/?product=te-verde-dammann-freres-vert-yunnan-24-sachets\"]}]},{\"@type\":\"ImageObject\",\"inLanguage\":\"es\",\"@id\":\"https:\/\/yaomarket.cl\/?product=te-verde-dammann-freres-vert-yunnan-24-sachets#primaryimage\",\"url\":\"https:\/\/yaomarket.cl\/wp-content\/uploads\/2023\/04\/te-negro-dammann-freres-breakfast-24-sachets.png\",\"contentUrl\":\"https:\/\/yaomarket.cl\/wp-content\/uploads\/2023\/04\/te-negro-dammann-freres-breakfast-24-sachets.png\",\"width\":1100,\"height\":1422},{\"@type\":\"BreadcrumbList\",\"@id\":\"https:\/\/yaomarket.cl\/?product=te-verde-dammann-freres-vert-yunnan-24-sachets#breadcrumb\",\"itemListElement\":[{\"@type\":\"ListItem\",\"position\":1,\"name\":\"Portada\",\"item\":\"https:\/\/yaomarket.cl\/\"},{\"@type\":\"ListItem\",\"position\":2,\"name\":\"TIENDA\",\"item\":\"https:\/\/yaomarket.cl\/?page_id=8\"},{\"@type\":\"ListItem\",\"position\":3,\"name\":\"Caja De T\u00e9 Con 24 Sachets Dammann Fr\u00e8res Th\u00e9 Vert Au Jasmin\"}]},{\"@type\":\"WebSite\",\"@id\":\"https:\/\/yaomarket.cl\/#website\",\"url\":\"https:\/\/yaomarket.cl\/\",\"name\":\"YAOMARKET\",\"description\":\"\",\"publisher\":{\"@id\":\"https:\/\/yaomarket.cl\/#organization\"},\"potentialAction\":[{\"@type\":\"SearchAction\",\"target\":{\"@type\":\"EntryPoint\",\"urlTemplate\":\"https:\/\/yaomarket.cl\/?s={search_term_string}\"},\"query-input\":{\"@type\":\"PropertyValueSpecification\",\"valueRequired\":true,\"valueName\":\"search_term_string\"}}],\"inLanguage\":\"es\"},{\"@type\":\"Organization\",\"@id\":\"https:\/\/yaomarket.cl\/#organization\",\"name\":\"YAOMARKET\",\"url\":\"https:\/\/yaomarket.cl\/\",\"logo\":{\"@type\":\"ImageObject\",\"inLanguage\":\"es\",\"@id\":\"https:\/\/yaomarket.cl\/#\/schema\/logo\/image\/\",\"url\":\"https:\/\/yaomarket.cl\/wp-content\/uploads\/2023\/08\/Logo-Original-Yao-Market-Circular.png\",\"contentUrl\":\"https:\/\/yaomarket.cl\/wp-content\/uploads\/2023\/08\/Logo-Original-Yao-Market-Circular.png\",\"width\":522,\"height\":522,\"caption\":\"YAOMARKET\"},\"image\":{\"@id\":\"https:\/\/yaomarket.cl\/#\/schema\/logo\/image\/\"},\"sameAs\":[\"https:\/\/www.facebook.com\/yaomarketchile\/\",\"https:\/\/www.instagram.com\/yao_market\/\"]}]}<\/script>\n<!-- \/ Yoast SEO plugin. -->","yoast_head_json":{"title":"Caja De T\u00e9 Con 24 Sachets Dammann Fr\u00e8res Th\u00e9 Vert Au Jasmin - YAOMARKET","robots":{"index":"index","follow":"follow","max-snippet":"max-snippet:-1","max-image-preview":"max-image-preview:large","max-video-preview":"max-video-preview:-1"},"canonical":"https:\/\/yaomarket.cl\/?product=te-verde-dammann-freres-vert-yunnan-24-sachets","og_locale":"es_ES","og_type":"article","og_title":"Caja De T\u00e9 Con 24 Sachets Dammann Fr\u00e8res Th\u00e9 Vert Au Jasmin - YAOMARKET","og_description":"Un t\u00e9 verde con jazm\u00edn, hojas de menta y un aroma de menta natural le dan a esta mezcla muy arom\u00e1tica una potencia y frescura incre\u00edbles. Un t\u00e9 de bienvenida ic\u00f3nico para el pueblo bereber, es costumbre beber tres tazas seguidas de este t\u00e9 como muestra de gratitud y cortes\u00eda. Como es tradici\u00f3n, se sirve muy caliente y muy dulce. Cantidad por envase: 24 bolsitas   **Imagen referencial","og_url":"https:\/\/yaomarket.cl\/?product=te-verde-dammann-freres-vert-yunnan-24-sachets","og_site_name":"YAOMARKET","article_publisher":"https:\/\/www.facebook.com\/yaomarketchile\/","article_modified_time":"2025-05-26T05:01:29+00:00","og_image":[{"width":1100,"height":1422,"url":"https:\/\/yaomarket.cl\/wp-content\/uploads\/2023\/04\/te-negro-dammann-freres-breakfast-24-sachets.png","type":"image\/png"}],"twitter_card":"summary_large_image","schema":{"@context":"https:\/\/schema.org","@graph":[{"@type":"WebPage","@id":"https:\/\/yaomarket.cl\/?product=te-verde-dammann-freres-vert-yunnan-24-sachets","url":"https:\/\/yaomarket.cl\/?product=te-verde-dammann-freres-vert-yunnan-24-sachets","name":"Caja De T\u00e9 Con 24 Sachets Dammann Fr\u00e8res Th\u00e9 Vert Au Jasmin - YAOMARKET","isPartOf":{"@id":"https:\/\/yaomarket.cl\/#website"},"primaryImageOfPage":{"@id":"https:\/\/yaomarket.cl\/?product=te-verde-dammann-freres-vert-yunnan-24-sachets#primaryimage"},"image":{"@id":"https:\/\/yaomarket.cl\/?product=te-verde-dammann-freres-vert-yunnan-24-sachets#primaryimage"},"thumbnailUrl":"https:\/\/yaomarket.cl\/wp-content\/uploads\/2023\/04\/te-negro-dammann-freres-breakfast-24-sachets.png","datePublished":"2025-04-02T02:41:46+00:00","dateModified":"2025-05-26T05:01:29+00:00","breadcrumb":{"@id":"https:\/\/yaomarket.cl\/?product=te-verde-dammann-freres-vert-yunnan-24-sachets#breadcrumb"},"inLanguage":"es","potentialAction":[{"@type":"ReadAction","target":["https:\/\/yaomarket.cl\/?product=te-verde-dammann-freres-vert-yunnan-24-sachets"]}]},{"@type":"ImageObject","inLanguage":"es","@id":"https:\/\/yaomarket.cl\/?product=te-verde-dammann-freres-vert-yunnan-24-sachets#primaryimage","url":"https:\/\/yaomarket.cl\/wp-content\/uploads\/2023\/04\/te-negro-dammann-freres-breakfast-24-sachets.png","contentUrl":"https:\/\/yaomarket.cl\/wp-content\/uploads\/2023\/04\/te-negro-dammann-freres-breakfast-24-sachets.png","width":1100,"height":1422},{"@type":"BreadcrumbList","@id":"https:\/\/yaomarket.cl\/?product=te-verde-dammann-freres-vert-yunnan-24-sachets#breadcrumb","itemListElement":[{"@type":"ListItem","position":1,"name":"Portada","item":"https:\/\/yaomarket.cl\/"},{"@type":"ListItem","position":2,"name":"TIENDA","item":"https:\/\/yaomarket.cl\/?page_id=8"},{"@type":"ListItem","position":3,"name":"Caja De T\u00e9 Con 24 Sachets Dammann Fr\u00e8res Th\u00e9 Vert Au Jasmin"}]},{"@type":"WebSite","@id":"https:\/\/yaomarket.cl\/#website","url":"https:\/\/yaomarket.cl\/","name":"YAOMARKET","description":"","publisher":{"@id":"https:\/\/yaomarket.cl\/#organization"},"potentialAction":[{"@type":"SearchAction","target":{"@type":"EntryPoint","urlTemplate":"https:\/\/yaomarket.cl\/?s={search_term_string}"},"query-input":{"@type":"PropertyValueSpecification","valueRequired":true,"valueName":"search_term_string"}}],"inLanguage":"es"},{"@type":"Organization","@id":"https:\/\/yaomarket.cl\/#organization","name":"YAOMARKET","url":"https:\/\/yaomarket.cl\/","logo":{"@type":"ImageObject","inLanguage":"es","@id":"https:\/\/yaomarket.cl\/#\/schema\/logo\/image\/","url":"https:\/\/yaomarket.cl\/wp-content\/uploads\/2023\/08\/Logo-Original-Yao-Market-Circular.png","contentUrl":"https:\/\/yaomarket.cl\/wp-content\/uploads\/2023\/08\/Logo-Original-Yao-Market-Circular.png","width":522,"height":522,"caption":"YAOMARKET"},"image":{"@id":"https:\/\/yaomarket.cl\/#\/schema\/logo\/image\/"},"sameAs":["https:\/\/www.facebook.com\/yaomarketchile\/","https:\/\/www.instagram.com\/yao_market\/"]}]}},"_links":{"self":[{"href":"https:\/\/yaomarket.cl\/index.php?rest_route=\/wp\/v2\/product\/9337","targetHints":{"allow":["GET"]}}],"collection":[{"href":"https:\/\/yaomarket.cl\/index.php?rest_route=\/wp\/v2\/product"}],"about":[{"href":"https:\/\/yaomarket.cl\/index.php?rest_route=\/wp\/v2\/types\/product"}],"wp:featuredmedia":[{"embeddable":true,"href":"https:\/\/yaomarket.cl\/index.php?rest_route=\/wp\/v2\/media\/9314"}],"wp:attachment":[{"href":"https:\/\/yaomarket.cl\/index.php?rest_route=%2Fwp%2Fv2%2Fmedia&parent=9337"}],"wp:term":[{"taxonomy":"product_cat","embeddable":true,"href":"https:\/\/yaomarket.cl\/index.php?rest_route=%2Fwp%2Fv2%2Fproduct_cat&post=9337"},{"taxonomy":"product_tag","embeddable":true,"href":"https:\/\/yaomarket.cl\/index.php?rest_route=%2Fwp%2Fv2%2Fproduct_tag&post=9337"}],"curies":[{"name":"wp","href":"https:\/\/api.w.org\/{rel}","templated":true}]}}