{"id":9328,"date":"2023-04-02T02:13:26","date_gmt":"2023-04-02T02:13:26","guid":{"rendered":"https:\/\/yaomarket.cl\/?post_type=product&#038;p=9328"},"modified":"2023-04-02T02:13:50","modified_gmt":"2023-04-02T02:13:50","slug":"te-dammann-freres-gundpowder-25-cristal-sachets","status":"publish","type":"product","link":"https:\/\/yaomarket.cl\/?product=te-dammann-freres-gundpowder-25-cristal-sachets","title":{"rendered":"T\u00e9 Dammann Fr\u00e8res Gundpowder 25 Cristal Sachets"},"content":{"rendered":"","protected":false},"excerpt":{"rendered":"<div id=\"product-description-short-752\" class=\"rte-content product-description\">\n<div id=\"product-description-short-151\" class=\"rte-content product-description\">\n<p>La p\u00f3lvora para los occidentales, o m\u00e1s po\u00e9ticamente \u00abperlas de t\u00e9\u00bb para los chinos, se asocia con las preparaciones de t\u00e9 de menta en el Magreb. Una cucharadita de t\u00e9 se usa para hacer una pinta de licor, con la adici\u00f3n de un peque\u00f1o manojo de menta y az\u00facar al gusto. Ex\u00f3tico&#8230;<\/p>\n<p>Perfecto como acompa\u00f1amiento de pescado al lim\u00f3n o ahumados y carnes a la brasas.<\/p>\n<p>&nbsp;<\/p>\n<p>Cantidad por envase: 25 bolsitas<\/p>\n<\/div>\n<p>**Imagen referencial<\/p>\n<\/div>\n","protected":false},"featured_media":9301,"template":"","meta":[],"product_cat":[223,84,86],"product_tag":[228,200,214,199],"class_list":{"0":"post-9328","1":"product","2":"type-product","3":"status-publish","4":"has-post-thumbnail","6":"product_cat-te-verde-df","7":"product_cat-mundo-te","8":"product_cat-dammann-freres","9":"product_tag-dammann","10":"product_tag-green-tea","11":"product_tag-te","12":"product_tag-te-verde","14":"first","15":"instock","16":"shipping-taxable","17":"purchasable","18":"product-type-simple"},"yoast_head":"<!-- This site is optimized with the Yoast SEO plugin v25.2 - https:\/\/yoast.com\/wordpress\/plugins\/seo\/ -->\n<title>T\u00e9 Dammann Fr\u00e8res Gundpowder 25 Cristal Sachets - YAOMARKET<\/title>\n<meta name=\"robots\" content=\"index, follow, max-snippet:-1, max-image-preview:large, max-video-preview:-1\" \/>\n<link rel=\"canonical\" href=\"https:\/\/yaomarket.cl\/product\/te-dammann-freres-gundpowder-25-cristal-sachets\/\" \/>\n<meta property=\"og:locale\" content=\"es_ES\" \/>\n<meta property=\"og:type\" content=\"article\" \/>\n<meta property=\"og:title\" content=\"T\u00e9 Dammann Fr\u00e8res Gundpowder 25 Cristal Sachets - YAOMARKET\" \/>\n<meta property=\"og:description\" content=\"La p\u00f3lvora para los occidentales, o m\u00e1s po\u00e9ticamente &quot;perlas de t\u00e9&quot; para los chinos, se asocia con las preparaciones de t\u00e9 de menta en el Magreb. Una cucharadita de t\u00e9 se usa para hacer una pinta de licor, con la adici\u00f3n de un peque\u00f1o manojo de menta y az\u00facar al gusto. Ex\u00f3tico...  Perfecto como acompa\u00f1amiento de pescado al lim\u00f3n o ahumados y carnes a la brasas.  &nbsp;  Cantidad por envase: 25 bolsitas   **Imagen referencial\" \/>\n<meta property=\"og:url\" content=\"https:\/\/yaomarket.cl\/product\/te-dammann-freres-gundpowder-25-cristal-sachets\/\" \/>\n<meta property=\"og:site_name\" content=\"YAOMARKET\" \/>\n<meta property=\"article:publisher\" content=\"https:\/\/www.facebook.com\/yaomarketchile\/\" \/>\n<meta property=\"article:modified_time\" content=\"2023-04-02T02:13:50+00:00\" \/>\n<meta property=\"og:image\" content=\"https:\/\/yaomarket.cl\/wp-content\/uploads\/2023\/04\/te-dammann-freres-english-breakfast-50-cristal-sachets.png\" \/>\n\t<meta property=\"og:image:width\" content=\"1100\" \/>\n\t<meta property=\"og:image:height\" content=\"1422\" \/>\n\t<meta property=\"og:image:type\" content=\"image\/png\" \/>\n<meta name=\"twitter:card\" content=\"summary_large_image\" \/>\n<script type=\"application\/ld+json\" class=\"yoast-schema-graph\">{\"@context\":\"https:\/\/schema.org\",\"@graph\":[{\"@type\":\"WebPage\",\"@id\":\"https:\/\/yaomarket.cl\/product\/te-dammann-freres-gundpowder-25-cristal-sachets\/\",\"url\":\"https:\/\/yaomarket.cl\/product\/te-dammann-freres-gundpowder-25-cristal-sachets\/\",\"name\":\"T\u00e9 Dammann Fr\u00e8res Gundpowder 25 Cristal Sachets - YAOMARKET\",\"isPartOf\":{\"@id\":\"https:\/\/yaomarket.cl\/#website\"},\"primaryImageOfPage\":{\"@id\":\"https:\/\/yaomarket.cl\/product\/te-dammann-freres-gundpowder-25-cristal-sachets\/#primaryimage\"},\"image\":{\"@id\":\"https:\/\/yaomarket.cl\/product\/te-dammann-freres-gundpowder-25-cristal-sachets\/#primaryimage\"},\"thumbnailUrl\":\"https:\/\/yaomarket.cl\/wp-content\/uploads\/2023\/04\/te-dammann-freres-english-breakfast-50-cristal-sachets.png\",\"datePublished\":\"2023-04-02T02:13:26+00:00\",\"dateModified\":\"2023-04-02T02:13:50+00:00\",\"breadcrumb\":{\"@id\":\"https:\/\/yaomarket.cl\/product\/te-dammann-freres-gundpowder-25-cristal-sachets\/#breadcrumb\"},\"inLanguage\":\"es\",\"potentialAction\":[{\"@type\":\"ReadAction\",\"target\":[\"https:\/\/yaomarket.cl\/product\/te-dammann-freres-gundpowder-25-cristal-sachets\/\"]}]},{\"@type\":\"ImageObject\",\"inLanguage\":\"es\",\"@id\":\"https:\/\/yaomarket.cl\/product\/te-dammann-freres-gundpowder-25-cristal-sachets\/#primaryimage\",\"url\":\"https:\/\/yaomarket.cl\/wp-content\/uploads\/2023\/04\/te-dammann-freres-english-breakfast-50-cristal-sachets.png\",\"contentUrl\":\"https:\/\/yaomarket.cl\/wp-content\/uploads\/2023\/04\/te-dammann-freres-english-breakfast-50-cristal-sachets.png\",\"width\":1100,\"height\":1422},{\"@type\":\"BreadcrumbList\",\"@id\":\"https:\/\/yaomarket.cl\/product\/te-dammann-freres-gundpowder-25-cristal-sachets\/#breadcrumb\",\"itemListElement\":[{\"@type\":\"ListItem\",\"position\":1,\"name\":\"Portada\",\"item\":\"https:\/\/yaomarket.cl\/\"},{\"@type\":\"ListItem\",\"position\":2,\"name\":\"TIENDA\",\"item\":\"https:\/\/yaomarket.cl\/?page_id=8\"},{\"@type\":\"ListItem\",\"position\":3,\"name\":\"T\u00e9 Dammann Fr\u00e8res Gundpowder 25 Cristal Sachets\"}]},{\"@type\":\"WebSite\",\"@id\":\"https:\/\/yaomarket.cl\/#website\",\"url\":\"https:\/\/yaomarket.cl\/\",\"name\":\"YAOMARKET\",\"description\":\"\",\"publisher\":{\"@id\":\"https:\/\/yaomarket.cl\/#organization\"},\"potentialAction\":[{\"@type\":\"SearchAction\",\"target\":{\"@type\":\"EntryPoint\",\"urlTemplate\":\"https:\/\/yaomarket.cl\/?s={search_term_string}\"},\"query-input\":{\"@type\":\"PropertyValueSpecification\",\"valueRequired\":true,\"valueName\":\"search_term_string\"}}],\"inLanguage\":\"es\"},{\"@type\":\"Organization\",\"@id\":\"https:\/\/yaomarket.cl\/#organization\",\"name\":\"YAOMARKET\",\"url\":\"https:\/\/yaomarket.cl\/\",\"logo\":{\"@type\":\"ImageObject\",\"inLanguage\":\"es\",\"@id\":\"https:\/\/yaomarket.cl\/#\/schema\/logo\/image\/\",\"url\":\"https:\/\/yaomarket.cl\/wp-content\/uploads\/2023\/08\/Logo-Original-Yao-Market-Circular.png\",\"contentUrl\":\"https:\/\/yaomarket.cl\/wp-content\/uploads\/2023\/08\/Logo-Original-Yao-Market-Circular.png\",\"width\":522,\"height\":522,\"caption\":\"YAOMARKET\"},\"image\":{\"@id\":\"https:\/\/yaomarket.cl\/#\/schema\/logo\/image\/\"},\"sameAs\":[\"https:\/\/www.facebook.com\/yaomarketchile\/\",\"https:\/\/www.instagram.com\/yao_market\/\"]}]}<\/script>\n<!-- \/ Yoast SEO plugin. -->","yoast_head_json":{"title":"T\u00e9 Dammann Fr\u00e8res Gundpowder 25 Cristal Sachets - YAOMARKET","robots":{"index":"index","follow":"follow","max-snippet":"max-snippet:-1","max-image-preview":"max-image-preview:large","max-video-preview":"max-video-preview:-1"},"canonical":"https:\/\/yaomarket.cl\/product\/te-dammann-freres-gundpowder-25-cristal-sachets\/","og_locale":"es_ES","og_type":"article","og_title":"T\u00e9 Dammann Fr\u00e8res Gundpowder 25 Cristal Sachets - YAOMARKET","og_description":"La p\u00f3lvora para los occidentales, o m\u00e1s po\u00e9ticamente \"perlas de t\u00e9\" para los chinos, se asocia con las preparaciones de t\u00e9 de menta en el Magreb. Una cucharadita de t\u00e9 se usa para hacer una pinta de licor, con la adici\u00f3n de un peque\u00f1o manojo de menta y az\u00facar al gusto. Ex\u00f3tico...  Perfecto como acompa\u00f1amiento de pescado al lim\u00f3n o ahumados y carnes a la brasas.  &nbsp;  Cantidad por envase: 25 bolsitas   **Imagen referencial","og_url":"https:\/\/yaomarket.cl\/product\/te-dammann-freres-gundpowder-25-cristal-sachets\/","og_site_name":"YAOMARKET","article_publisher":"https:\/\/www.facebook.com\/yaomarketchile\/","article_modified_time":"2023-04-02T02:13:50+00:00","og_image":[{"width":1100,"height":1422,"url":"https:\/\/yaomarket.cl\/wp-content\/uploads\/2023\/04\/te-dammann-freres-english-breakfast-50-cristal-sachets.png","type":"image\/png"}],"twitter_card":"summary_large_image","schema":{"@context":"https:\/\/schema.org","@graph":[{"@type":"WebPage","@id":"https:\/\/yaomarket.cl\/product\/te-dammann-freres-gundpowder-25-cristal-sachets\/","url":"https:\/\/yaomarket.cl\/product\/te-dammann-freres-gundpowder-25-cristal-sachets\/","name":"T\u00e9 Dammann Fr\u00e8res Gundpowder 25 Cristal Sachets - YAOMARKET","isPartOf":{"@id":"https:\/\/yaomarket.cl\/#website"},"primaryImageOfPage":{"@id":"https:\/\/yaomarket.cl\/product\/te-dammann-freres-gundpowder-25-cristal-sachets\/#primaryimage"},"image":{"@id":"https:\/\/yaomarket.cl\/product\/te-dammann-freres-gundpowder-25-cristal-sachets\/#primaryimage"},"thumbnailUrl":"https:\/\/yaomarket.cl\/wp-content\/uploads\/2023\/04\/te-dammann-freres-english-breakfast-50-cristal-sachets.png","datePublished":"2023-04-02T02:13:26+00:00","dateModified":"2023-04-02T02:13:50+00:00","breadcrumb":{"@id":"https:\/\/yaomarket.cl\/product\/te-dammann-freres-gundpowder-25-cristal-sachets\/#breadcrumb"},"inLanguage":"es","potentialAction":[{"@type":"ReadAction","target":["https:\/\/yaomarket.cl\/product\/te-dammann-freres-gundpowder-25-cristal-sachets\/"]}]},{"@type":"ImageObject","inLanguage":"es","@id":"https:\/\/yaomarket.cl\/product\/te-dammann-freres-gundpowder-25-cristal-sachets\/#primaryimage","url":"https:\/\/yaomarket.cl\/wp-content\/uploads\/2023\/04\/te-dammann-freres-english-breakfast-50-cristal-sachets.png","contentUrl":"https:\/\/yaomarket.cl\/wp-content\/uploads\/2023\/04\/te-dammann-freres-english-breakfast-50-cristal-sachets.png","width":1100,"height":1422},{"@type":"BreadcrumbList","@id":"https:\/\/yaomarket.cl\/product\/te-dammann-freres-gundpowder-25-cristal-sachets\/#breadcrumb","itemListElement":[{"@type":"ListItem","position":1,"name":"Portada","item":"https:\/\/yaomarket.cl\/"},{"@type":"ListItem","position":2,"name":"TIENDA","item":"https:\/\/yaomarket.cl\/?page_id=8"},{"@type":"ListItem","position":3,"name":"T\u00e9 Dammann Fr\u00e8res Gundpowder 25 Cristal Sachets"}]},{"@type":"WebSite","@id":"https:\/\/yaomarket.cl\/#website","url":"https:\/\/yaomarket.cl\/","name":"YAOMARKET","description":"","publisher":{"@id":"https:\/\/yaomarket.cl\/#organization"},"potentialAction":[{"@type":"SearchAction","target":{"@type":"EntryPoint","urlTemplate":"https:\/\/yaomarket.cl\/?s={search_term_string}"},"query-input":{"@type":"PropertyValueSpecification","valueRequired":true,"valueName":"search_term_string"}}],"inLanguage":"es"},{"@type":"Organization","@id":"https:\/\/yaomarket.cl\/#organization","name":"YAOMARKET","url":"https:\/\/yaomarket.cl\/","logo":{"@type":"ImageObject","inLanguage":"es","@id":"https:\/\/yaomarket.cl\/#\/schema\/logo\/image\/","url":"https:\/\/yaomarket.cl\/wp-content\/uploads\/2023\/08\/Logo-Original-Yao-Market-Circular.png","contentUrl":"https:\/\/yaomarket.cl\/wp-content\/uploads\/2023\/08\/Logo-Original-Yao-Market-Circular.png","width":522,"height":522,"caption":"YAOMARKET"},"image":{"@id":"https:\/\/yaomarket.cl\/#\/schema\/logo\/image\/"},"sameAs":["https:\/\/www.facebook.com\/yaomarketchile\/","https:\/\/www.instagram.com\/yao_market\/"]}]}},"_links":{"self":[{"href":"https:\/\/yaomarket.cl\/index.php?rest_route=\/wp\/v2\/product\/9328","targetHints":{"allow":["GET"]}}],"collection":[{"href":"https:\/\/yaomarket.cl\/index.php?rest_route=\/wp\/v2\/product"}],"about":[{"href":"https:\/\/yaomarket.cl\/index.php?rest_route=\/wp\/v2\/types\/product"}],"wp:featuredmedia":[{"embeddable":true,"href":"https:\/\/yaomarket.cl\/index.php?rest_route=\/wp\/v2\/media\/9301"}],"wp:attachment":[{"href":"https:\/\/yaomarket.cl\/index.php?rest_route=%2Fwp%2Fv2%2Fmedia&parent=9328"}],"wp:term":[{"taxonomy":"product_cat","embeddable":true,"href":"https:\/\/yaomarket.cl\/index.php?rest_route=%2Fwp%2Fv2%2Fproduct_cat&post=9328"},{"taxonomy":"product_tag","embeddable":true,"href":"https:\/\/yaomarket.cl\/index.php?rest_route=%2Fwp%2Fv2%2Fproduct_tag&post=9328"}],"curies":[{"name":"wp","href":"https:\/\/api.w.org\/{rel}","templated":true}]}}