{"id":9318,"date":"2025-04-01T04:22:33","date_gmt":"2025-04-01T04:22:33","guid":{"rendered":"https:\/\/yaomarket.cl\/?post_type=product&#038;p=9318"},"modified":"2025-05-26T04:55:35","modified_gmt":"2025-05-26T04:55:35","slug":"te-negro-smokey-lapsang-24-sachets","status":"publish","type":"product","link":"https:\/\/yaomarket.cl\/?product=te-negro-smokey-lapsang-24-sachets","title":{"rendered":"T\u00e9 Negro Smokey Lapsang 24 Sachets"},"content":{"rendered":"<p><span style=\"color: #000000;\">Descubre la intensidad ahumada del T\u00e9 Negro Dammann Freres Smokey Lapsang en una caja con 24 sachets. Esta mezcla de t\u00e9 negro ofrece un sabor distintivo y \u00fanico, perfecto para los amantes de las experiencias intensas. Acompa\u00f1a tu t\u00e9 con una selecci\u00f3n de quesos europeos para un maridaje que realce las notas ahumadas y robustas de ambos productos.<\/span><\/p>\n","protected":false},"excerpt":{"rendered":"<div id=\"product-description-short-752\" class=\"rte-content product-description\">\n<div id=\"product-description-short-151\" class=\"rte-content product-description\">\n<p><span style=\"color: #000000;\">La asertiva fragancia ahumada de este t\u00e9 se vuelve m\u00e1s suave, sutil e incluso delicada despu\u00e9s de la infusi\u00f3n, reproduciendo a la perfecci\u00f3n la paleta arom\u00e1tica del tradicional Lapsang Souchong en un maravilloso t\u00e9 de color cobre. <\/span><\/p>\n<p><span style=\"color: #000000;\"><strong>Cantidad por envase:<\/strong> 24 bolsitas.<\/span><\/p>\n<\/div>\n<\/div>\n","protected":false},"featured_media":11640,"template":"","meta":[],"product_cat":[222,84,86],"product_tag":[175,228,214,174],"class_list":{"0":"post-9318","1":"product","2":"type-product","3":"status-publish","4":"has-post-thumbnail","6":"product_cat-te-negro-dammann-freres","7":"product_cat-mundo-te","8":"product_cat-dammann-freres","9":"product_tag-black-tea","10":"product_tag-dammann","11":"product_tag-te","12":"product_tag-te-negro","14":"first","15":"instock","16":"shipping-taxable","17":"purchasable","18":"product-type-simple"},"yoast_head":"<!-- This site is optimized with the Yoast SEO plugin v25.2 - https:\/\/yoast.com\/wordpress\/plugins\/seo\/ -->\n<title>T\u00e9 Negro Smokey Lapsang 24 Sachets - YAOMARKET<\/title>\n<meta name=\"robots\" content=\"index, follow, max-snippet:-1, max-image-preview:large, max-video-preview:-1\" \/>\n<link rel=\"canonical\" href=\"https:\/\/yaomarket.cl\/?product=te-negro-smokey-lapsang-24-sachets\" \/>\n<meta property=\"og:locale\" content=\"es_ES\" \/>\n<meta property=\"og:type\" content=\"article\" \/>\n<meta property=\"og:title\" content=\"T\u00e9 Negro Smokey Lapsang 24 Sachets - YAOMARKET\" \/>\n<meta property=\"og:description\" content=\"La asertiva fragancia ahumada de este t\u00e9 se vuelve m\u00e1s suave, sutil e incluso delicada despu\u00e9s de la infusi\u00f3n, reproduciendo a la perfecci\u00f3n la paleta arom\u00e1tica del tradicional Lapsang Souchong en un maravilloso t\u00e9 de color cobre.   Cantidad por envase: 24 bolsitas.\" \/>\n<meta property=\"og:url\" content=\"https:\/\/yaomarket.cl\/?product=te-negro-smokey-lapsang-24-sachets\" \/>\n<meta property=\"og:site_name\" content=\"YAOMARKET\" \/>\n<meta property=\"article:publisher\" content=\"https:\/\/www.facebook.com\/yaomarketchile\/\" \/>\n<meta property=\"article:modified_time\" content=\"2025-05-26T04:55:35+00:00\" \/>\n<meta property=\"og:image\" content=\"https:\/\/yaomarket.cl\/wp-content\/uploads\/2023\/04\/te-negro-smokey-lapsang-24-sachets.png\" \/>\n\t<meta property=\"og:image:width\" content=\"800\" \/>\n\t<meta property=\"og:image:height\" content=\"800\" \/>\n\t<meta property=\"og:image:type\" content=\"image\/png\" \/>\n<meta name=\"twitter:card\" content=\"summary_large_image\" \/>\n<meta name=\"twitter:label1\" content=\"Tiempo de lectura\" \/>\n\t<meta name=\"twitter:data1\" content=\"1 minuto\" \/>\n<script type=\"application\/ld+json\" class=\"yoast-schema-graph\">{\"@context\":\"https:\/\/schema.org\",\"@graph\":[{\"@type\":\"WebPage\",\"@id\":\"https:\/\/yaomarket.cl\/?product=te-negro-smokey-lapsang-24-sachets\",\"url\":\"https:\/\/yaomarket.cl\/?product=te-negro-smokey-lapsang-24-sachets\",\"name\":\"T\u00e9 Negro Smokey Lapsang 24 Sachets - YAOMARKET\",\"isPartOf\":{\"@id\":\"https:\/\/yaomarket.cl\/#website\"},\"primaryImageOfPage\":{\"@id\":\"https:\/\/yaomarket.cl\/?product=te-negro-smokey-lapsang-24-sachets#primaryimage\"},\"image\":{\"@id\":\"https:\/\/yaomarket.cl\/?product=te-negro-smokey-lapsang-24-sachets#primaryimage\"},\"thumbnailUrl\":\"https:\/\/yaomarket.cl\/wp-content\/uploads\/2023\/04\/te-negro-smokey-lapsang-24-sachets.png\",\"datePublished\":\"2025-04-01T04:22:33+00:00\",\"dateModified\":\"2025-05-26T04:55:35+00:00\",\"breadcrumb\":{\"@id\":\"https:\/\/yaomarket.cl\/?product=te-negro-smokey-lapsang-24-sachets#breadcrumb\"},\"inLanguage\":\"es\",\"potentialAction\":[{\"@type\":\"ReadAction\",\"target\":[\"https:\/\/yaomarket.cl\/?product=te-negro-smokey-lapsang-24-sachets\"]}]},{\"@type\":\"ImageObject\",\"inLanguage\":\"es\",\"@id\":\"https:\/\/yaomarket.cl\/?product=te-negro-smokey-lapsang-24-sachets#primaryimage\",\"url\":\"https:\/\/yaomarket.cl\/wp-content\/uploads\/2023\/04\/te-negro-smokey-lapsang-24-sachets.png\",\"contentUrl\":\"https:\/\/yaomarket.cl\/wp-content\/uploads\/2023\/04\/te-negro-smokey-lapsang-24-sachets.png\",\"width\":800,\"height\":800},{\"@type\":\"BreadcrumbList\",\"@id\":\"https:\/\/yaomarket.cl\/?product=te-negro-smokey-lapsang-24-sachets#breadcrumb\",\"itemListElement\":[{\"@type\":\"ListItem\",\"position\":1,\"name\":\"Portada\",\"item\":\"https:\/\/yaomarket.cl\/\"},{\"@type\":\"ListItem\",\"position\":2,\"name\":\"TIENDA\",\"item\":\"https:\/\/yaomarket.cl\/?page_id=8\"},{\"@type\":\"ListItem\",\"position\":3,\"name\":\"T\u00e9 Negro Smokey Lapsang 24 Sachets\"}]},{\"@type\":\"WebSite\",\"@id\":\"https:\/\/yaomarket.cl\/#website\",\"url\":\"https:\/\/yaomarket.cl\/\",\"name\":\"YAOMARKET\",\"description\":\"\",\"publisher\":{\"@id\":\"https:\/\/yaomarket.cl\/#organization\"},\"potentialAction\":[{\"@type\":\"SearchAction\",\"target\":{\"@type\":\"EntryPoint\",\"urlTemplate\":\"https:\/\/yaomarket.cl\/?s={search_term_string}\"},\"query-input\":{\"@type\":\"PropertyValueSpecification\",\"valueRequired\":true,\"valueName\":\"search_term_string\"}}],\"inLanguage\":\"es\"},{\"@type\":\"Organization\",\"@id\":\"https:\/\/yaomarket.cl\/#organization\",\"name\":\"YAOMARKET\",\"url\":\"https:\/\/yaomarket.cl\/\",\"logo\":{\"@type\":\"ImageObject\",\"inLanguage\":\"es\",\"@id\":\"https:\/\/yaomarket.cl\/#\/schema\/logo\/image\/\",\"url\":\"https:\/\/yaomarket.cl\/wp-content\/uploads\/2023\/08\/Logo-Original-Yao-Market-Circular.png\",\"contentUrl\":\"https:\/\/yaomarket.cl\/wp-content\/uploads\/2023\/08\/Logo-Original-Yao-Market-Circular.png\",\"width\":522,\"height\":522,\"caption\":\"YAOMARKET\"},\"image\":{\"@id\":\"https:\/\/yaomarket.cl\/#\/schema\/logo\/image\/\"},\"sameAs\":[\"https:\/\/www.facebook.com\/yaomarketchile\/\",\"https:\/\/www.instagram.com\/yao_market\/\"]}]}<\/script>\n<!-- \/ Yoast SEO plugin. -->","yoast_head_json":{"title":"T\u00e9 Negro Smokey Lapsang 24 Sachets - YAOMARKET","robots":{"index":"index","follow":"follow","max-snippet":"max-snippet:-1","max-image-preview":"max-image-preview:large","max-video-preview":"max-video-preview:-1"},"canonical":"https:\/\/yaomarket.cl\/?product=te-negro-smokey-lapsang-24-sachets","og_locale":"es_ES","og_type":"article","og_title":"T\u00e9 Negro Smokey Lapsang 24 Sachets - YAOMARKET","og_description":"La asertiva fragancia ahumada de este t\u00e9 se vuelve m\u00e1s suave, sutil e incluso delicada despu\u00e9s de la infusi\u00f3n, reproduciendo a la perfecci\u00f3n la paleta arom\u00e1tica del tradicional Lapsang Souchong en un maravilloso t\u00e9 de color cobre.   Cantidad por envase: 24 bolsitas.","og_url":"https:\/\/yaomarket.cl\/?product=te-negro-smokey-lapsang-24-sachets","og_site_name":"YAOMARKET","article_publisher":"https:\/\/www.facebook.com\/yaomarketchile\/","article_modified_time":"2025-05-26T04:55:35+00:00","og_image":[{"width":800,"height":800,"url":"https:\/\/yaomarket.cl\/wp-content\/uploads\/2023\/04\/te-negro-smokey-lapsang-24-sachets.png","type":"image\/png"}],"twitter_card":"summary_large_image","twitter_misc":{"Tiempo de lectura":"1 minuto"},"schema":{"@context":"https:\/\/schema.org","@graph":[{"@type":"WebPage","@id":"https:\/\/yaomarket.cl\/?product=te-negro-smokey-lapsang-24-sachets","url":"https:\/\/yaomarket.cl\/?product=te-negro-smokey-lapsang-24-sachets","name":"T\u00e9 Negro Smokey Lapsang 24 Sachets - YAOMARKET","isPartOf":{"@id":"https:\/\/yaomarket.cl\/#website"},"primaryImageOfPage":{"@id":"https:\/\/yaomarket.cl\/?product=te-negro-smokey-lapsang-24-sachets#primaryimage"},"image":{"@id":"https:\/\/yaomarket.cl\/?product=te-negro-smokey-lapsang-24-sachets#primaryimage"},"thumbnailUrl":"https:\/\/yaomarket.cl\/wp-content\/uploads\/2023\/04\/te-negro-smokey-lapsang-24-sachets.png","datePublished":"2025-04-01T04:22:33+00:00","dateModified":"2025-05-26T04:55:35+00:00","breadcrumb":{"@id":"https:\/\/yaomarket.cl\/?product=te-negro-smokey-lapsang-24-sachets#breadcrumb"},"inLanguage":"es","potentialAction":[{"@type":"ReadAction","target":["https:\/\/yaomarket.cl\/?product=te-negro-smokey-lapsang-24-sachets"]}]},{"@type":"ImageObject","inLanguage":"es","@id":"https:\/\/yaomarket.cl\/?product=te-negro-smokey-lapsang-24-sachets#primaryimage","url":"https:\/\/yaomarket.cl\/wp-content\/uploads\/2023\/04\/te-negro-smokey-lapsang-24-sachets.png","contentUrl":"https:\/\/yaomarket.cl\/wp-content\/uploads\/2023\/04\/te-negro-smokey-lapsang-24-sachets.png","width":800,"height":800},{"@type":"BreadcrumbList","@id":"https:\/\/yaomarket.cl\/?product=te-negro-smokey-lapsang-24-sachets#breadcrumb","itemListElement":[{"@type":"ListItem","position":1,"name":"Portada","item":"https:\/\/yaomarket.cl\/"},{"@type":"ListItem","position":2,"name":"TIENDA","item":"https:\/\/yaomarket.cl\/?page_id=8"},{"@type":"ListItem","position":3,"name":"T\u00e9 Negro Smokey Lapsang 24 Sachets"}]},{"@type":"WebSite","@id":"https:\/\/yaomarket.cl\/#website","url":"https:\/\/yaomarket.cl\/","name":"YAOMARKET","description":"","publisher":{"@id":"https:\/\/yaomarket.cl\/#organization"},"potentialAction":[{"@type":"SearchAction","target":{"@type":"EntryPoint","urlTemplate":"https:\/\/yaomarket.cl\/?s={search_term_string}"},"query-input":{"@type":"PropertyValueSpecification","valueRequired":true,"valueName":"search_term_string"}}],"inLanguage":"es"},{"@type":"Organization","@id":"https:\/\/yaomarket.cl\/#organization","name":"YAOMARKET","url":"https:\/\/yaomarket.cl\/","logo":{"@type":"ImageObject","inLanguage":"es","@id":"https:\/\/yaomarket.cl\/#\/schema\/logo\/image\/","url":"https:\/\/yaomarket.cl\/wp-content\/uploads\/2023\/08\/Logo-Original-Yao-Market-Circular.png","contentUrl":"https:\/\/yaomarket.cl\/wp-content\/uploads\/2023\/08\/Logo-Original-Yao-Market-Circular.png","width":522,"height":522,"caption":"YAOMARKET"},"image":{"@id":"https:\/\/yaomarket.cl\/#\/schema\/logo\/image\/"},"sameAs":["https:\/\/www.facebook.com\/yaomarketchile\/","https:\/\/www.instagram.com\/yao_market\/"]}]}},"_links":{"self":[{"href":"https:\/\/yaomarket.cl\/index.php?rest_route=\/wp\/v2\/product\/9318","targetHints":{"allow":["GET"]}}],"collection":[{"href":"https:\/\/yaomarket.cl\/index.php?rest_route=\/wp\/v2\/product"}],"about":[{"href":"https:\/\/yaomarket.cl\/index.php?rest_route=\/wp\/v2\/types\/product"}],"wp:featuredmedia":[{"embeddable":true,"href":"https:\/\/yaomarket.cl\/index.php?rest_route=\/wp\/v2\/media\/11640"}],"wp:attachment":[{"href":"https:\/\/yaomarket.cl\/index.php?rest_route=%2Fwp%2Fv2%2Fmedia&parent=9318"}],"wp:term":[{"taxonomy":"product_cat","embeddable":true,"href":"https:\/\/yaomarket.cl\/index.php?rest_route=%2Fwp%2Fv2%2Fproduct_cat&post=9318"},{"taxonomy":"product_tag","embeddable":true,"href":"https:\/\/yaomarket.cl\/index.php?rest_route=%2Fwp%2Fv2%2Fproduct_tag&post=9318"}],"curies":[{"name":"wp","href":"https:\/\/api.w.org\/{rel}","templated":true}]}}