{"id":9286,"date":"2023-04-01T01:07:13","date_gmt":"2023-04-01T01:07:13","guid":{"rendered":"https:\/\/yaomarket.cl\/?post_type=product&#038;p=9286"},"modified":"2025-05-26T15:57:50","modified_gmt":"2025-05-26T15:57:50","slug":"tetera-ahmad-tea-con-infusor-850ml","status":"publish","type":"product","link":"https:\/\/yaomarket.cl\/?product=tetera-ahmad-tea-con-infusor-850ml","title":{"rendered":"Tetera Ahmad Tea con Infusor 850ml"},"content":{"rendered":"","protected":false},"excerpt":{"rendered":"<p>La cl\u00e1sica y amada tetera de porcelana gres con infusor incorporado tiene un atractivo esmalte verde esmeralda brillante en el exterior y porcelana blanca en el interior, solo para los amantes del mejor t\u00e9 ingl\u00e9s. Con el caracter\u00edstico logotipo completo de una de las mejores marcas de t\u00e9 del mundo. Esta tetera sirve para dos a tres tazas de t\u00e9 para ti y tus invitados a la hora del t\u00e9.<\/p>\n<p>&nbsp;<\/p>\n<p>Incluye: tetera + infusor de acero inoxidable<\/p>\n","protected":false},"featured_media":9287,"template":"","meta":[],"product_cat":[684,170,686,84,85],"product_tag":[173,172,219,182,216,221,220,214,147],"class_list":{"0":"post-9286","1":"product","2":"type-product","3":"status-publish","4":"has-post-thumbnail","6":"product_cat-accesorios-para-te","7":"product_cat-tazas-y-teteras","8":"product_cat-teteras","9":"product_cat-mundo-te","10":"product_cat-ahmad-tea","11":"product_tag-ahmad","12":"product_tag-ahmad-tea","13":"product_tag-alcancia","14":"product_tag-ceylon","15":"product_tag-hoja","16":"product_tag-platos","17":"product_tag-tazas","18":"product_tag-te","19":"product_tag-tetera","21":"first","22":"instock","23":"shipping-taxable","24":"purchasable","25":"product-type-simple"},"yoast_head":"<!-- This site is optimized with the Yoast SEO plugin v25.2 - https:\/\/yoast.com\/wordpress\/plugins\/seo\/ -->\n<title>Tetera Ahmad Tea con Infusor 850ml - YAOMARKET<\/title>\n<meta name=\"robots\" content=\"index, follow, max-snippet:-1, max-image-preview:large, max-video-preview:-1\" \/>\n<link rel=\"canonical\" href=\"https:\/\/yaomarket.cl\/?product=tetera-ahmad-tea-con-infusor-850ml\" \/>\n<meta property=\"og:locale\" content=\"es_ES\" \/>\n<meta property=\"og:type\" content=\"article\" \/>\n<meta property=\"og:title\" content=\"Tetera Ahmad Tea con Infusor 850ml - YAOMARKET\" \/>\n<meta property=\"og:description\" content=\"La cl\u00e1sica y amada tetera de porcelana gres con infusor incorporado tiene un atractivo esmalte verde esmeralda brillante en el exterior y porcelana blanca en el interior, solo para los amantes del mejor t\u00e9 ingl\u00e9s. Con el caracter\u00edstico logotipo completo de una de las mejores marcas de t\u00e9 del mundo. Esta tetera sirve para dos a tres tazas de t\u00e9 para ti y tus invitados a la hora del t\u00e9.  &nbsp;  Incluye: tetera + infusor de acero inoxidable\" \/>\n<meta property=\"og:url\" content=\"https:\/\/yaomarket.cl\/?product=tetera-ahmad-tea-con-infusor-850ml\" \/>\n<meta property=\"og:site_name\" content=\"YAOMARKET\" \/>\n<meta property=\"article:publisher\" content=\"https:\/\/www.facebook.com\/yaomarketchile\/\" \/>\n<meta property=\"article:modified_time\" content=\"2025-05-26T15:57:50+00:00\" \/>\n<meta property=\"og:image\" content=\"https:\/\/yaomarket.cl\/wp-content\/uploads\/2023\/04\/tetera-ahmad-tea-con-infusor-850ml.jpg\" \/>\n\t<meta property=\"og:image:width\" content=\"1100\" \/>\n\t<meta property=\"og:image:height\" content=\"1422\" \/>\n\t<meta property=\"og:image:type\" content=\"image\/jpeg\" \/>\n<meta name=\"twitter:card\" content=\"summary_large_image\" \/>\n<script type=\"application\/ld+json\" class=\"yoast-schema-graph\">{\"@context\":\"https:\/\/schema.org\",\"@graph\":[{\"@type\":\"WebPage\",\"@id\":\"https:\/\/yaomarket.cl\/?product=tetera-ahmad-tea-con-infusor-850ml\",\"url\":\"https:\/\/yaomarket.cl\/?product=tetera-ahmad-tea-con-infusor-850ml\",\"name\":\"Tetera Ahmad Tea con Infusor 850ml - YAOMARKET\",\"isPartOf\":{\"@id\":\"https:\/\/yaomarket.cl\/#website\"},\"primaryImageOfPage\":{\"@id\":\"https:\/\/yaomarket.cl\/?product=tetera-ahmad-tea-con-infusor-850ml#primaryimage\"},\"image\":{\"@id\":\"https:\/\/yaomarket.cl\/?product=tetera-ahmad-tea-con-infusor-850ml#primaryimage\"},\"thumbnailUrl\":\"https:\/\/yaomarket.cl\/wp-content\/uploads\/2023\/04\/tetera-ahmad-tea-con-infusor-850ml.jpg\",\"datePublished\":\"2023-04-01T01:07:13+00:00\",\"dateModified\":\"2025-05-26T15:57:50+00:00\",\"breadcrumb\":{\"@id\":\"https:\/\/yaomarket.cl\/?product=tetera-ahmad-tea-con-infusor-850ml#breadcrumb\"},\"inLanguage\":\"es\",\"potentialAction\":[{\"@type\":\"ReadAction\",\"target\":[\"https:\/\/yaomarket.cl\/?product=tetera-ahmad-tea-con-infusor-850ml\"]}]},{\"@type\":\"ImageObject\",\"inLanguage\":\"es\",\"@id\":\"https:\/\/yaomarket.cl\/?product=tetera-ahmad-tea-con-infusor-850ml#primaryimage\",\"url\":\"https:\/\/yaomarket.cl\/wp-content\/uploads\/2023\/04\/tetera-ahmad-tea-con-infusor-850ml.jpg\",\"contentUrl\":\"https:\/\/yaomarket.cl\/wp-content\/uploads\/2023\/04\/tetera-ahmad-tea-con-infusor-850ml.jpg\",\"width\":1100,\"height\":1422},{\"@type\":\"BreadcrumbList\",\"@id\":\"https:\/\/yaomarket.cl\/?product=tetera-ahmad-tea-con-infusor-850ml#breadcrumb\",\"itemListElement\":[{\"@type\":\"ListItem\",\"position\":1,\"name\":\"Portada\",\"item\":\"https:\/\/yaomarket.cl\/\"},{\"@type\":\"ListItem\",\"position\":2,\"name\":\"TIENDA\",\"item\":\"https:\/\/yaomarket.cl\/?page_id=8\"},{\"@type\":\"ListItem\",\"position\":3,\"name\":\"Tetera Ahmad Tea con Infusor 850ml\"}]},{\"@type\":\"WebSite\",\"@id\":\"https:\/\/yaomarket.cl\/#website\",\"url\":\"https:\/\/yaomarket.cl\/\",\"name\":\"YAOMARKET\",\"description\":\"\",\"publisher\":{\"@id\":\"https:\/\/yaomarket.cl\/#organization\"},\"potentialAction\":[{\"@type\":\"SearchAction\",\"target\":{\"@type\":\"EntryPoint\",\"urlTemplate\":\"https:\/\/yaomarket.cl\/?s={search_term_string}\"},\"query-input\":{\"@type\":\"PropertyValueSpecification\",\"valueRequired\":true,\"valueName\":\"search_term_string\"}}],\"inLanguage\":\"es\"},{\"@type\":\"Organization\",\"@id\":\"https:\/\/yaomarket.cl\/#organization\",\"name\":\"YAOMARKET\",\"url\":\"https:\/\/yaomarket.cl\/\",\"logo\":{\"@type\":\"ImageObject\",\"inLanguage\":\"es\",\"@id\":\"https:\/\/yaomarket.cl\/#\/schema\/logo\/image\/\",\"url\":\"https:\/\/yaomarket.cl\/wp-content\/uploads\/2023\/08\/Logo-Original-Yao-Market-Circular.png\",\"contentUrl\":\"https:\/\/yaomarket.cl\/wp-content\/uploads\/2023\/08\/Logo-Original-Yao-Market-Circular.png\",\"width\":522,\"height\":522,\"caption\":\"YAOMARKET\"},\"image\":{\"@id\":\"https:\/\/yaomarket.cl\/#\/schema\/logo\/image\/\"},\"sameAs\":[\"https:\/\/www.facebook.com\/yaomarketchile\/\",\"https:\/\/www.instagram.com\/yao_market\/\"]}]}<\/script>\n<!-- \/ Yoast SEO plugin. -->","yoast_head_json":{"title":"Tetera Ahmad Tea con Infusor 850ml - YAOMARKET","robots":{"index":"index","follow":"follow","max-snippet":"max-snippet:-1","max-image-preview":"max-image-preview:large","max-video-preview":"max-video-preview:-1"},"canonical":"https:\/\/yaomarket.cl\/?product=tetera-ahmad-tea-con-infusor-850ml","og_locale":"es_ES","og_type":"article","og_title":"Tetera Ahmad Tea con Infusor 850ml - YAOMARKET","og_description":"La cl\u00e1sica y amada tetera de porcelana gres con infusor incorporado tiene un atractivo esmalte verde esmeralda brillante en el exterior y porcelana blanca en el interior, solo para los amantes del mejor t\u00e9 ingl\u00e9s. Con el caracter\u00edstico logotipo completo de una de las mejores marcas de t\u00e9 del mundo. Esta tetera sirve para dos a tres tazas de t\u00e9 para ti y tus invitados a la hora del t\u00e9.  &nbsp;  Incluye: tetera + infusor de acero inoxidable","og_url":"https:\/\/yaomarket.cl\/?product=tetera-ahmad-tea-con-infusor-850ml","og_site_name":"YAOMARKET","article_publisher":"https:\/\/www.facebook.com\/yaomarketchile\/","article_modified_time":"2025-05-26T15:57:50+00:00","og_image":[{"width":1100,"height":1422,"url":"https:\/\/yaomarket.cl\/wp-content\/uploads\/2023\/04\/tetera-ahmad-tea-con-infusor-850ml.jpg","type":"image\/jpeg"}],"twitter_card":"summary_large_image","schema":{"@context":"https:\/\/schema.org","@graph":[{"@type":"WebPage","@id":"https:\/\/yaomarket.cl\/?product=tetera-ahmad-tea-con-infusor-850ml","url":"https:\/\/yaomarket.cl\/?product=tetera-ahmad-tea-con-infusor-850ml","name":"Tetera Ahmad Tea con Infusor 850ml - YAOMARKET","isPartOf":{"@id":"https:\/\/yaomarket.cl\/#website"},"primaryImageOfPage":{"@id":"https:\/\/yaomarket.cl\/?product=tetera-ahmad-tea-con-infusor-850ml#primaryimage"},"image":{"@id":"https:\/\/yaomarket.cl\/?product=tetera-ahmad-tea-con-infusor-850ml#primaryimage"},"thumbnailUrl":"https:\/\/yaomarket.cl\/wp-content\/uploads\/2023\/04\/tetera-ahmad-tea-con-infusor-850ml.jpg","datePublished":"2023-04-01T01:07:13+00:00","dateModified":"2025-05-26T15:57:50+00:00","breadcrumb":{"@id":"https:\/\/yaomarket.cl\/?product=tetera-ahmad-tea-con-infusor-850ml#breadcrumb"},"inLanguage":"es","potentialAction":[{"@type":"ReadAction","target":["https:\/\/yaomarket.cl\/?product=tetera-ahmad-tea-con-infusor-850ml"]}]},{"@type":"ImageObject","inLanguage":"es","@id":"https:\/\/yaomarket.cl\/?product=tetera-ahmad-tea-con-infusor-850ml#primaryimage","url":"https:\/\/yaomarket.cl\/wp-content\/uploads\/2023\/04\/tetera-ahmad-tea-con-infusor-850ml.jpg","contentUrl":"https:\/\/yaomarket.cl\/wp-content\/uploads\/2023\/04\/tetera-ahmad-tea-con-infusor-850ml.jpg","width":1100,"height":1422},{"@type":"BreadcrumbList","@id":"https:\/\/yaomarket.cl\/?product=tetera-ahmad-tea-con-infusor-850ml#breadcrumb","itemListElement":[{"@type":"ListItem","position":1,"name":"Portada","item":"https:\/\/yaomarket.cl\/"},{"@type":"ListItem","position":2,"name":"TIENDA","item":"https:\/\/yaomarket.cl\/?page_id=8"},{"@type":"ListItem","position":3,"name":"Tetera Ahmad Tea con Infusor 850ml"}]},{"@type":"WebSite","@id":"https:\/\/yaomarket.cl\/#website","url":"https:\/\/yaomarket.cl\/","name":"YAOMARKET","description":"","publisher":{"@id":"https:\/\/yaomarket.cl\/#organization"},"potentialAction":[{"@type":"SearchAction","target":{"@type":"EntryPoint","urlTemplate":"https:\/\/yaomarket.cl\/?s={search_term_string}"},"query-input":{"@type":"PropertyValueSpecification","valueRequired":true,"valueName":"search_term_string"}}],"inLanguage":"es"},{"@type":"Organization","@id":"https:\/\/yaomarket.cl\/#organization","name":"YAOMARKET","url":"https:\/\/yaomarket.cl\/","logo":{"@type":"ImageObject","inLanguage":"es","@id":"https:\/\/yaomarket.cl\/#\/schema\/logo\/image\/","url":"https:\/\/yaomarket.cl\/wp-content\/uploads\/2023\/08\/Logo-Original-Yao-Market-Circular.png","contentUrl":"https:\/\/yaomarket.cl\/wp-content\/uploads\/2023\/08\/Logo-Original-Yao-Market-Circular.png","width":522,"height":522,"caption":"YAOMARKET"},"image":{"@id":"https:\/\/yaomarket.cl\/#\/schema\/logo\/image\/"},"sameAs":["https:\/\/www.facebook.com\/yaomarketchile\/","https:\/\/www.instagram.com\/yao_market\/"]}]}},"_links":{"self":[{"href":"https:\/\/yaomarket.cl\/index.php?rest_route=\/wp\/v2\/product\/9286","targetHints":{"allow":["GET"]}}],"collection":[{"href":"https:\/\/yaomarket.cl\/index.php?rest_route=\/wp\/v2\/product"}],"about":[{"href":"https:\/\/yaomarket.cl\/index.php?rest_route=\/wp\/v2\/types\/product"}],"wp:featuredmedia":[{"embeddable":true,"href":"https:\/\/yaomarket.cl\/index.php?rest_route=\/wp\/v2\/media\/9287"}],"wp:attachment":[{"href":"https:\/\/yaomarket.cl\/index.php?rest_route=%2Fwp%2Fv2%2Fmedia&parent=9286"}],"wp:term":[{"taxonomy":"product_cat","embeddable":true,"href":"https:\/\/yaomarket.cl\/index.php?rest_route=%2Fwp%2Fv2%2Fproduct_cat&post=9286"},{"taxonomy":"product_tag","embeddable":true,"href":"https:\/\/yaomarket.cl\/index.php?rest_route=%2Fwp%2Fv2%2Fproduct_tag&post=9286"}],"curies":[{"name":"wp","href":"https:\/\/api.w.org\/{rel}","templated":true}]}}