{"id":9255,"date":"2023-03-30T02:06:30","date_gmt":"2023-03-30T02:06:30","guid":{"rendered":"https:\/\/yaomarket.cl\/?post_type=product&#038;p=9255"},"modified":"2023-03-30T02:12:37","modified_gmt":"2023-03-30T02:12:37","slug":"alcancia-london-icons-english-breakfast-20-sachets","status":"publish","type":"product","link":"https:\/\/yaomarket.cl\/?product=alcancia-london-icons-english-breakfast-20-sachets","title":{"rendered":"Alcanc\u00eda Polic\u00eda de Londres English Breakfast (20 Sachets)"},"content":{"rendered":"","protected":false},"excerpt":{"rendered":"<p>Comience cada ma\u00f1ana con una taza de t\u00e9 de esta lata de tel\u00e9fono londinense con encantadores personajes brit\u00e1nicos representados en los cuatro lados.\u00a0Dise\u00f1ado como las ic\u00f3nicas cabinas telef\u00f3nicas rojas que est\u00e1n\u00a0presente\u00a0en la capital del Reino Unido, esta lata de metal coleccionable contiene 25 bolsas de t\u00e9 indio, keniano y de Ceylan. Una mezcla tradicional de desayuno ingl\u00e9s de\u00a0Ahmad Tea.<\/p>\n","protected":false},"featured_media":9258,"template":"","meta":[],"product_cat":[169,84,85],"product_tag":[180,173,172,219,175,218,182,216,214,215,174],"class_list":{"0":"post-9255","1":"product","2":"type-product","3":"status-publish","4":"has-post-thumbnail","6":"product_cat-regaleria","7":"product_cat-mundo-te","8":"product_cat-ahmad-tea","9":"product_tag-180","10":"product_tag-ahmad","11":"product_tag-ahmad-tea","12":"product_tag-alcancia","13":"product_tag-black-tea","14":"product_tag-ceylan","15":"product_tag-ceylon","16":"product_tag-hoja","17":"product_tag-te","18":"product_tag-te-en-hojas","19":"product_tag-te-negro","21":"first","22":"instock","23":"shipping-taxable","24":"purchasable","25":"product-type-simple"},"yoast_head":"<!-- This site is optimized with the Yoast SEO plugin v25.2 - https:\/\/yoast.com\/wordpress\/plugins\/seo\/ -->\n<title>Alcanc\u00eda Polic\u00eda de Londres English Breakfast (20 Sachets) - YAOMARKET<\/title>\n<meta name=\"robots\" content=\"index, follow, max-snippet:-1, max-image-preview:large, max-video-preview:-1\" \/>\n<link rel=\"canonical\" href=\"https:\/\/yaomarket.cl\/product\/alcancia-london-icons-english-breakfast-20-sachets\/\" \/>\n<meta property=\"og:locale\" content=\"es_ES\" \/>\n<meta property=\"og:type\" content=\"article\" \/>\n<meta property=\"og:title\" content=\"Alcanc\u00eda Polic\u00eda de Londres English Breakfast (20 Sachets) - YAOMARKET\" \/>\n<meta property=\"og:description\" content=\"Comience cada ma\u00f1ana con una taza de t\u00e9 de esta lata de tel\u00e9fono londinense con encantadores personajes brit\u00e1nicos representados en los cuatro lados.\u00a0Dise\u00f1ado como las ic\u00f3nicas cabinas telef\u00f3nicas rojas que est\u00e1n\u00a0presente\u00a0en la capital del Reino Unido, esta lata de metal coleccionable contiene 25 bolsas de t\u00e9 indio, keniano y de Ceylan. Una mezcla tradicional de desayuno ingl\u00e9s de\u00a0Ahmad Tea.\" \/>\n<meta property=\"og:url\" content=\"https:\/\/yaomarket.cl\/product\/alcancia-london-icons-english-breakfast-20-sachets\/\" \/>\n<meta property=\"og:site_name\" content=\"YAOMARKET\" \/>\n<meta property=\"article:publisher\" content=\"https:\/\/www.facebook.com\/yaomarketchile\/\" \/>\n<meta property=\"article:modified_time\" content=\"2023-03-30T02:12:37+00:00\" \/>\n<meta property=\"og:image\" content=\"https:\/\/yaomarket.cl\/wp-content\/uploads\/2023\/03\/alcancia-policia-de-londres-english-breakfast-20-sachets.png\" \/>\n\t<meta property=\"og:image:width\" content=\"1100\" \/>\n\t<meta property=\"og:image:height\" content=\"1422\" \/>\n\t<meta property=\"og:image:type\" content=\"image\/png\" \/>\n<meta name=\"twitter:card\" content=\"summary_large_image\" \/>\n<script type=\"application\/ld+json\" class=\"yoast-schema-graph\">{\"@context\":\"https:\/\/schema.org\",\"@graph\":[{\"@type\":\"WebPage\",\"@id\":\"https:\/\/yaomarket.cl\/product\/alcancia-london-icons-english-breakfast-20-sachets\/\",\"url\":\"https:\/\/yaomarket.cl\/product\/alcancia-london-icons-english-breakfast-20-sachets\/\",\"name\":\"Alcanc\u00eda Polic\u00eda de Londres English Breakfast (20 Sachets) - YAOMARKET\",\"isPartOf\":{\"@id\":\"https:\/\/yaomarket.cl\/#website\"},\"primaryImageOfPage\":{\"@id\":\"https:\/\/yaomarket.cl\/product\/alcancia-london-icons-english-breakfast-20-sachets\/#primaryimage\"},\"image\":{\"@id\":\"https:\/\/yaomarket.cl\/product\/alcancia-london-icons-english-breakfast-20-sachets\/#primaryimage\"},\"thumbnailUrl\":\"https:\/\/yaomarket.cl\/wp-content\/uploads\/2023\/03\/alcancia-policia-de-londres-english-breakfast-20-sachets.png\",\"datePublished\":\"2023-03-30T02:06:30+00:00\",\"dateModified\":\"2023-03-30T02:12:37+00:00\",\"breadcrumb\":{\"@id\":\"https:\/\/yaomarket.cl\/product\/alcancia-london-icons-english-breakfast-20-sachets\/#breadcrumb\"},\"inLanguage\":\"es\",\"potentialAction\":[{\"@type\":\"ReadAction\",\"target\":[\"https:\/\/yaomarket.cl\/product\/alcancia-london-icons-english-breakfast-20-sachets\/\"]}]},{\"@type\":\"ImageObject\",\"inLanguage\":\"es\",\"@id\":\"https:\/\/yaomarket.cl\/product\/alcancia-london-icons-english-breakfast-20-sachets\/#primaryimage\",\"url\":\"https:\/\/yaomarket.cl\/wp-content\/uploads\/2023\/03\/alcancia-policia-de-londres-english-breakfast-20-sachets.png\",\"contentUrl\":\"https:\/\/yaomarket.cl\/wp-content\/uploads\/2023\/03\/alcancia-policia-de-londres-english-breakfast-20-sachets.png\",\"width\":1100,\"height\":1422},{\"@type\":\"BreadcrumbList\",\"@id\":\"https:\/\/yaomarket.cl\/product\/alcancia-london-icons-english-breakfast-20-sachets\/#breadcrumb\",\"itemListElement\":[{\"@type\":\"ListItem\",\"position\":1,\"name\":\"Portada\",\"item\":\"https:\/\/yaomarket.cl\/\"},{\"@type\":\"ListItem\",\"position\":2,\"name\":\"TIENDA\",\"item\":\"https:\/\/yaomarket.cl\/?page_id=8\"},{\"@type\":\"ListItem\",\"position\":3,\"name\":\"Alcanc\u00eda Polic\u00eda de Londres English Breakfast (20 Sachets)\"}]},{\"@type\":\"WebSite\",\"@id\":\"https:\/\/yaomarket.cl\/#website\",\"url\":\"https:\/\/yaomarket.cl\/\",\"name\":\"YAOMARKET\",\"description\":\"\",\"publisher\":{\"@id\":\"https:\/\/yaomarket.cl\/#organization\"},\"potentialAction\":[{\"@type\":\"SearchAction\",\"target\":{\"@type\":\"EntryPoint\",\"urlTemplate\":\"https:\/\/yaomarket.cl\/?s={search_term_string}\"},\"query-input\":{\"@type\":\"PropertyValueSpecification\",\"valueRequired\":true,\"valueName\":\"search_term_string\"}}],\"inLanguage\":\"es\"},{\"@type\":\"Organization\",\"@id\":\"https:\/\/yaomarket.cl\/#organization\",\"name\":\"YAOMARKET\",\"url\":\"https:\/\/yaomarket.cl\/\",\"logo\":{\"@type\":\"ImageObject\",\"inLanguage\":\"es\",\"@id\":\"https:\/\/yaomarket.cl\/#\/schema\/logo\/image\/\",\"url\":\"https:\/\/yaomarket.cl\/wp-content\/uploads\/2023\/08\/Logo-Original-Yao-Market-Circular.png\",\"contentUrl\":\"https:\/\/yaomarket.cl\/wp-content\/uploads\/2023\/08\/Logo-Original-Yao-Market-Circular.png\",\"width\":522,\"height\":522,\"caption\":\"YAOMARKET\"},\"image\":{\"@id\":\"https:\/\/yaomarket.cl\/#\/schema\/logo\/image\/\"},\"sameAs\":[\"https:\/\/www.facebook.com\/yaomarketchile\/\",\"https:\/\/www.instagram.com\/yao_market\/\"]}]}<\/script>\n<!-- \/ Yoast SEO plugin. -->","yoast_head_json":{"title":"Alcanc\u00eda Polic\u00eda de Londres English Breakfast (20 Sachets) - YAOMARKET","robots":{"index":"index","follow":"follow","max-snippet":"max-snippet:-1","max-image-preview":"max-image-preview:large","max-video-preview":"max-video-preview:-1"},"canonical":"https:\/\/yaomarket.cl\/product\/alcancia-london-icons-english-breakfast-20-sachets\/","og_locale":"es_ES","og_type":"article","og_title":"Alcanc\u00eda Polic\u00eda de Londres English Breakfast (20 Sachets) - YAOMARKET","og_description":"Comience cada ma\u00f1ana con una taza de t\u00e9 de esta lata de tel\u00e9fono londinense con encantadores personajes brit\u00e1nicos representados en los cuatro lados.\u00a0Dise\u00f1ado como las ic\u00f3nicas cabinas telef\u00f3nicas rojas que est\u00e1n\u00a0presente\u00a0en la capital del Reino Unido, esta lata de metal coleccionable contiene 25 bolsas de t\u00e9 indio, keniano y de Ceylan. Una mezcla tradicional de desayuno ingl\u00e9s de\u00a0Ahmad Tea.","og_url":"https:\/\/yaomarket.cl\/product\/alcancia-london-icons-english-breakfast-20-sachets\/","og_site_name":"YAOMARKET","article_publisher":"https:\/\/www.facebook.com\/yaomarketchile\/","article_modified_time":"2023-03-30T02:12:37+00:00","og_image":[{"width":1100,"height":1422,"url":"https:\/\/yaomarket.cl\/wp-content\/uploads\/2023\/03\/alcancia-policia-de-londres-english-breakfast-20-sachets.png","type":"image\/png"}],"twitter_card":"summary_large_image","schema":{"@context":"https:\/\/schema.org","@graph":[{"@type":"WebPage","@id":"https:\/\/yaomarket.cl\/product\/alcancia-london-icons-english-breakfast-20-sachets\/","url":"https:\/\/yaomarket.cl\/product\/alcancia-london-icons-english-breakfast-20-sachets\/","name":"Alcanc\u00eda Polic\u00eda de Londres English Breakfast (20 Sachets) - YAOMARKET","isPartOf":{"@id":"https:\/\/yaomarket.cl\/#website"},"primaryImageOfPage":{"@id":"https:\/\/yaomarket.cl\/product\/alcancia-london-icons-english-breakfast-20-sachets\/#primaryimage"},"image":{"@id":"https:\/\/yaomarket.cl\/product\/alcancia-london-icons-english-breakfast-20-sachets\/#primaryimage"},"thumbnailUrl":"https:\/\/yaomarket.cl\/wp-content\/uploads\/2023\/03\/alcancia-policia-de-londres-english-breakfast-20-sachets.png","datePublished":"2023-03-30T02:06:30+00:00","dateModified":"2023-03-30T02:12:37+00:00","breadcrumb":{"@id":"https:\/\/yaomarket.cl\/product\/alcancia-london-icons-english-breakfast-20-sachets\/#breadcrumb"},"inLanguage":"es","potentialAction":[{"@type":"ReadAction","target":["https:\/\/yaomarket.cl\/product\/alcancia-london-icons-english-breakfast-20-sachets\/"]}]},{"@type":"ImageObject","inLanguage":"es","@id":"https:\/\/yaomarket.cl\/product\/alcancia-london-icons-english-breakfast-20-sachets\/#primaryimage","url":"https:\/\/yaomarket.cl\/wp-content\/uploads\/2023\/03\/alcancia-policia-de-londres-english-breakfast-20-sachets.png","contentUrl":"https:\/\/yaomarket.cl\/wp-content\/uploads\/2023\/03\/alcancia-policia-de-londres-english-breakfast-20-sachets.png","width":1100,"height":1422},{"@type":"BreadcrumbList","@id":"https:\/\/yaomarket.cl\/product\/alcancia-london-icons-english-breakfast-20-sachets\/#breadcrumb","itemListElement":[{"@type":"ListItem","position":1,"name":"Portada","item":"https:\/\/yaomarket.cl\/"},{"@type":"ListItem","position":2,"name":"TIENDA","item":"https:\/\/yaomarket.cl\/?page_id=8"},{"@type":"ListItem","position":3,"name":"Alcanc\u00eda Polic\u00eda de Londres English Breakfast (20 Sachets)"}]},{"@type":"WebSite","@id":"https:\/\/yaomarket.cl\/#website","url":"https:\/\/yaomarket.cl\/","name":"YAOMARKET","description":"","publisher":{"@id":"https:\/\/yaomarket.cl\/#organization"},"potentialAction":[{"@type":"SearchAction","target":{"@type":"EntryPoint","urlTemplate":"https:\/\/yaomarket.cl\/?s={search_term_string}"},"query-input":{"@type":"PropertyValueSpecification","valueRequired":true,"valueName":"search_term_string"}}],"inLanguage":"es"},{"@type":"Organization","@id":"https:\/\/yaomarket.cl\/#organization","name":"YAOMARKET","url":"https:\/\/yaomarket.cl\/","logo":{"@type":"ImageObject","inLanguage":"es","@id":"https:\/\/yaomarket.cl\/#\/schema\/logo\/image\/","url":"https:\/\/yaomarket.cl\/wp-content\/uploads\/2023\/08\/Logo-Original-Yao-Market-Circular.png","contentUrl":"https:\/\/yaomarket.cl\/wp-content\/uploads\/2023\/08\/Logo-Original-Yao-Market-Circular.png","width":522,"height":522,"caption":"YAOMARKET"},"image":{"@id":"https:\/\/yaomarket.cl\/#\/schema\/logo\/image\/"},"sameAs":["https:\/\/www.facebook.com\/yaomarketchile\/","https:\/\/www.instagram.com\/yao_market\/"]}]}},"_links":{"self":[{"href":"https:\/\/yaomarket.cl\/index.php?rest_route=\/wp\/v2\/product\/9255","targetHints":{"allow":["GET"]}}],"collection":[{"href":"https:\/\/yaomarket.cl\/index.php?rest_route=\/wp\/v2\/product"}],"about":[{"href":"https:\/\/yaomarket.cl\/index.php?rest_route=\/wp\/v2\/types\/product"}],"wp:featuredmedia":[{"embeddable":true,"href":"https:\/\/yaomarket.cl\/index.php?rest_route=\/wp\/v2\/media\/9258"}],"wp:attachment":[{"href":"https:\/\/yaomarket.cl\/index.php?rest_route=%2Fwp%2Fv2%2Fmedia&parent=9255"}],"wp:term":[{"taxonomy":"product_cat","embeddable":true,"href":"https:\/\/yaomarket.cl\/index.php?rest_route=%2Fwp%2Fv2%2Fproduct_cat&post=9255"},{"taxonomy":"product_tag","embeddable":true,"href":"https:\/\/yaomarket.cl\/index.php?rest_route=%2Fwp%2Fv2%2Fproduct_tag&post=9255"}],"curies":[{"name":"wp","href":"https:\/\/api.w.org\/{rel}","templated":true}]}}