{"id":9246,"date":"2023-03-30T01:55:17","date_gmt":"2023-03-30T01:55:17","guid":{"rendered":"https:\/\/yaomarket.cl\/?post_type=product&#038;p=9246"},"modified":"2023-03-30T01:57:45","modified_gmt":"2023-03-30T01:57:45","slug":"cofre-chest-4-black-green-teas-40-sachets","status":"publish","type":"product","link":"https:\/\/yaomarket.cl\/?product=cofre-chest-4-black-green-teas-40-sachets","title":{"rendered":"Cofre Chest 4 black &#038; green teas (40 Sachets)"},"content":{"rendered":"","protected":false},"excerpt":{"rendered":"<p>Este hermoso cofre de t\u00e9 de oro rosa re\u00fane cuatro de nuestras mezclas m\u00e1s preciadas.<\/p>\n<p>Dentro descubrir\u00e1s 40 bolsitas de t\u00e9 excepcionalmente buenas.<\/p>\n<p>Variedades (10 cada uno):<br \/>\n-English Breakfast<br \/>\n-Earl Grey<br \/>\n-English Tea No. 1<br \/>\n-Green Tea Pure<\/p>\n<p>Nuestros Tea Masters experimentados han perfeccionado estas mezclas durante muchos a\u00f1os, y cada una merece un lugar destacado en esta colecci\u00f3n.<\/p>\n<p>Nuestro\u00a0<strong>desayuno ingl\u00e9s<\/strong>\u00a0presenta una alta proporci\u00f3n de t\u00e9 Assam de segunda descarga (hojas recolectadas en el punto m\u00e1ximo de su calidad) para darle una profundidad rica y maltosa.<br \/>\nPara algo un poco m\u00e1s refinado, nuestro galardonado\u00a0<strong>Earl Grey<\/strong>\u00a0est\u00e1 hecho con muchos t\u00e9s de Kenia de calidad para lograr un delicioso equilibrio.<br \/>\nA continuaci\u00f3n, nuestro exclusivo<strong>\u00a0English Tea No. 1<\/strong>\u00a0es una mezcla especial de Ahmad Tea que tambi\u00e9n gan\u00f3 un premio Great Taste. Con un car\u00e1cter m\u00e1s en\u00e9rgico debido a la proporci\u00f3n de t\u00e9 de Ceil\u00e1n de calidad, tambi\u00e9n est\u00e1 realzado con nuestro aroma c\u00edtrico de bergamota.<br \/>\nO para los que prefieren las delicias del<strong>\u00a0t\u00e9 verde<\/strong>, nuestro Green Tea Pure es un cl\u00e1sico atemporal. Combinando finos t\u00e9s verdes chinos, incluimos puntas y abanicos de Chun Mee, que agregan su nota claramente dulce y de nuez. Esto crea un t\u00e9 verde delicado pero lleno de sabor, rico en antioxidantes y una deliciosa alternativa a los t\u00e9s negros.<\/p>\n","protected":false},"featured_media":9248,"template":"","meta":[],"product_cat":[169,84,85],"product_tag":[180,173,172,219,175,218,182,216,214,215,174],"class_list":{"0":"post-9246","1":"product","2":"type-product","3":"status-publish","4":"has-post-thumbnail","6":"product_cat-regaleria","7":"product_cat-mundo-te","8":"product_cat-ahmad-tea","9":"product_tag-180","10":"product_tag-ahmad","11":"product_tag-ahmad-tea","12":"product_tag-alcancia","13":"product_tag-black-tea","14":"product_tag-ceylan","15":"product_tag-ceylon","16":"product_tag-hoja","17":"product_tag-te","18":"product_tag-te-en-hojas","19":"product_tag-te-negro","21":"first","22":"instock","23":"shipping-taxable","24":"purchasable","25":"product-type-simple"},"yoast_head":"<!-- This site is optimized with the Yoast SEO plugin v25.2 - https:\/\/yoast.com\/wordpress\/plugins\/seo\/ -->\n<title>Cofre Chest 4 black &amp; green teas (40 Sachets) - YAOMARKET<\/title>\n<meta name=\"robots\" content=\"index, follow, max-snippet:-1, max-image-preview:large, max-video-preview:-1\" \/>\n<link rel=\"canonical\" href=\"https:\/\/yaomarket.cl\/product\/cofre-chest-4-black-green-teas-40-sachets\/\" \/>\n<meta property=\"og:locale\" content=\"es_ES\" \/>\n<meta property=\"og:type\" content=\"article\" \/>\n<meta property=\"og:title\" content=\"Cofre Chest 4 black &amp; green teas (40 Sachets) - YAOMARKET\" \/>\n<meta property=\"og:description\" content=\"Este hermoso cofre de t\u00e9 de oro rosa re\u00fane cuatro de nuestras mezclas m\u00e1s preciadas.  Dentro descubrir\u00e1s 40 bolsitas de t\u00e9 excepcionalmente buenas.  Variedades (10 cada uno): -English Breakfast -Earl Grey -English Tea No. 1 -Green Tea Pure  Nuestros Tea Masters experimentados han perfeccionado estas mezclas durante muchos a\u00f1os, y cada una merece un lugar destacado en esta colecci\u00f3n.  Nuestro\u00a0desayuno ingl\u00e9s\u00a0presenta una alta proporci\u00f3n de t\u00e9 Assam de segunda descarga (hojas recolectadas en el punto m\u00e1ximo de su calidad) para darle una profundidad rica y maltosa. Para algo un poco m\u00e1s refinado, nuestro galardonado\u00a0Earl Grey\u00a0est\u00e1 hecho con muchos t\u00e9s de Kenia de calidad para lograr un delicioso equilibrio. A continuaci\u00f3n, nuestro exclusivo\u00a0English Tea No. 1\u00a0es una mezcla especial de Ahmad Tea que tambi\u00e9n gan\u00f3 un premio Great Taste. Con un car\u00e1cter m\u00e1s en\u00e9rgico debido a la proporci\u00f3n de t\u00e9 de Ceil\u00e1n de calidad, tambi\u00e9n est\u00e1 realzado con nuestro aroma c\u00edtrico de bergamota. O para los que prefieren las delicias del\u00a0t\u00e9 verde, nuestro Green Tea Pure es un cl\u00e1sico atemporal. Combinando finos t\u00e9s verdes chinos, incluimos puntas y abanicos de Chun Mee, que agregan su nota claramente dulce y de nuez. Esto crea un t\u00e9 verde delicado pero lleno de sabor, rico en antioxidantes y una deliciosa alternativa a los t\u00e9s negros.\" \/>\n<meta property=\"og:url\" content=\"https:\/\/yaomarket.cl\/product\/cofre-chest-4-black-green-teas-40-sachets\/\" \/>\n<meta property=\"og:site_name\" content=\"YAOMARKET\" \/>\n<meta property=\"article:publisher\" content=\"https:\/\/www.facebook.com\/yaomarketchile\/\" \/>\n<meta property=\"article:modified_time\" content=\"2023-03-30T01:57:45+00:00\" \/>\n<meta property=\"og:image\" content=\"https:\/\/yaomarket.cl\/wp-content\/uploads\/2023\/03\/cofre-chest-4-black-green-teas-40-sachets-2.png\" \/>\n\t<meta property=\"og:image:width\" content=\"381\" \/>\n\t<meta property=\"og:image:height\" content=\"492\" \/>\n\t<meta property=\"og:image:type\" content=\"image\/png\" \/>\n<meta name=\"twitter:card\" content=\"summary_large_image\" \/>\n<script type=\"application\/ld+json\" class=\"yoast-schema-graph\">{\"@context\":\"https:\/\/schema.org\",\"@graph\":[{\"@type\":\"WebPage\",\"@id\":\"https:\/\/yaomarket.cl\/product\/cofre-chest-4-black-green-teas-40-sachets\/\",\"url\":\"https:\/\/yaomarket.cl\/product\/cofre-chest-4-black-green-teas-40-sachets\/\",\"name\":\"Cofre Chest 4 black & green teas (40 Sachets) - YAOMARKET\",\"isPartOf\":{\"@id\":\"https:\/\/yaomarket.cl\/#website\"},\"primaryImageOfPage\":{\"@id\":\"https:\/\/yaomarket.cl\/product\/cofre-chest-4-black-green-teas-40-sachets\/#primaryimage\"},\"image\":{\"@id\":\"https:\/\/yaomarket.cl\/product\/cofre-chest-4-black-green-teas-40-sachets\/#primaryimage\"},\"thumbnailUrl\":\"https:\/\/yaomarket.cl\/wp-content\/uploads\/2023\/03\/cofre-chest-4-black-green-teas-40-sachets-2.png\",\"datePublished\":\"2023-03-30T01:55:17+00:00\",\"dateModified\":\"2023-03-30T01:57:45+00:00\",\"breadcrumb\":{\"@id\":\"https:\/\/yaomarket.cl\/product\/cofre-chest-4-black-green-teas-40-sachets\/#breadcrumb\"},\"inLanguage\":\"es\",\"potentialAction\":[{\"@type\":\"ReadAction\",\"target\":[\"https:\/\/yaomarket.cl\/product\/cofre-chest-4-black-green-teas-40-sachets\/\"]}]},{\"@type\":\"ImageObject\",\"inLanguage\":\"es\",\"@id\":\"https:\/\/yaomarket.cl\/product\/cofre-chest-4-black-green-teas-40-sachets\/#primaryimage\",\"url\":\"https:\/\/yaomarket.cl\/wp-content\/uploads\/2023\/03\/cofre-chest-4-black-green-teas-40-sachets-2.png\",\"contentUrl\":\"https:\/\/yaomarket.cl\/wp-content\/uploads\/2023\/03\/cofre-chest-4-black-green-teas-40-sachets-2.png\",\"width\":381,\"height\":492},{\"@type\":\"BreadcrumbList\",\"@id\":\"https:\/\/yaomarket.cl\/product\/cofre-chest-4-black-green-teas-40-sachets\/#breadcrumb\",\"itemListElement\":[{\"@type\":\"ListItem\",\"position\":1,\"name\":\"Portada\",\"item\":\"https:\/\/yaomarket.cl\/\"},{\"@type\":\"ListItem\",\"position\":2,\"name\":\"TIENDA\",\"item\":\"https:\/\/yaomarket.cl\/?page_id=8\"},{\"@type\":\"ListItem\",\"position\":3,\"name\":\"Cofre Chest 4 black &#038; green teas (40 Sachets)\"}]},{\"@type\":\"WebSite\",\"@id\":\"https:\/\/yaomarket.cl\/#website\",\"url\":\"https:\/\/yaomarket.cl\/\",\"name\":\"YAOMARKET\",\"description\":\"\",\"publisher\":{\"@id\":\"https:\/\/yaomarket.cl\/#organization\"},\"potentialAction\":[{\"@type\":\"SearchAction\",\"target\":{\"@type\":\"EntryPoint\",\"urlTemplate\":\"https:\/\/yaomarket.cl\/?s={search_term_string}\"},\"query-input\":{\"@type\":\"PropertyValueSpecification\",\"valueRequired\":true,\"valueName\":\"search_term_string\"}}],\"inLanguage\":\"es\"},{\"@type\":\"Organization\",\"@id\":\"https:\/\/yaomarket.cl\/#organization\",\"name\":\"YAOMARKET\",\"url\":\"https:\/\/yaomarket.cl\/\",\"logo\":{\"@type\":\"ImageObject\",\"inLanguage\":\"es\",\"@id\":\"https:\/\/yaomarket.cl\/#\/schema\/logo\/image\/\",\"url\":\"https:\/\/yaomarket.cl\/wp-content\/uploads\/2023\/08\/Logo-Original-Yao-Market-Circular.png\",\"contentUrl\":\"https:\/\/yaomarket.cl\/wp-content\/uploads\/2023\/08\/Logo-Original-Yao-Market-Circular.png\",\"width\":522,\"height\":522,\"caption\":\"YAOMARKET\"},\"image\":{\"@id\":\"https:\/\/yaomarket.cl\/#\/schema\/logo\/image\/\"},\"sameAs\":[\"https:\/\/www.facebook.com\/yaomarketchile\/\",\"https:\/\/www.instagram.com\/yao_market\/\"]}]}<\/script>\n<!-- \/ Yoast SEO plugin. -->","yoast_head_json":{"title":"Cofre Chest 4 black & green teas (40 Sachets) - YAOMARKET","robots":{"index":"index","follow":"follow","max-snippet":"max-snippet:-1","max-image-preview":"max-image-preview:large","max-video-preview":"max-video-preview:-1"},"canonical":"https:\/\/yaomarket.cl\/product\/cofre-chest-4-black-green-teas-40-sachets\/","og_locale":"es_ES","og_type":"article","og_title":"Cofre Chest 4 black & green teas (40 Sachets) - YAOMARKET","og_description":"Este hermoso cofre de t\u00e9 de oro rosa re\u00fane cuatro de nuestras mezclas m\u00e1s preciadas.  Dentro descubrir\u00e1s 40 bolsitas de t\u00e9 excepcionalmente buenas.  Variedades (10 cada uno): -English Breakfast -Earl Grey -English Tea No. 1 -Green Tea Pure  Nuestros Tea Masters experimentados han perfeccionado estas mezclas durante muchos a\u00f1os, y cada una merece un lugar destacado en esta colecci\u00f3n.  Nuestro\u00a0desayuno ingl\u00e9s\u00a0presenta una alta proporci\u00f3n de t\u00e9 Assam de segunda descarga (hojas recolectadas en el punto m\u00e1ximo de su calidad) para darle una profundidad rica y maltosa. Para algo un poco m\u00e1s refinado, nuestro galardonado\u00a0Earl Grey\u00a0est\u00e1 hecho con muchos t\u00e9s de Kenia de calidad para lograr un delicioso equilibrio. A continuaci\u00f3n, nuestro exclusivo\u00a0English Tea No. 1\u00a0es una mezcla especial de Ahmad Tea que tambi\u00e9n gan\u00f3 un premio Great Taste. Con un car\u00e1cter m\u00e1s en\u00e9rgico debido a la proporci\u00f3n de t\u00e9 de Ceil\u00e1n de calidad, tambi\u00e9n est\u00e1 realzado con nuestro aroma c\u00edtrico de bergamota. O para los que prefieren las delicias del\u00a0t\u00e9 verde, nuestro Green Tea Pure es un cl\u00e1sico atemporal. Combinando finos t\u00e9s verdes chinos, incluimos puntas y abanicos de Chun Mee, que agregan su nota claramente dulce y de nuez. Esto crea un t\u00e9 verde delicado pero lleno de sabor, rico en antioxidantes y una deliciosa alternativa a los t\u00e9s negros.","og_url":"https:\/\/yaomarket.cl\/product\/cofre-chest-4-black-green-teas-40-sachets\/","og_site_name":"YAOMARKET","article_publisher":"https:\/\/www.facebook.com\/yaomarketchile\/","article_modified_time":"2023-03-30T01:57:45+00:00","og_image":[{"width":381,"height":492,"url":"https:\/\/yaomarket.cl\/wp-content\/uploads\/2023\/03\/cofre-chest-4-black-green-teas-40-sachets-2.png","type":"image\/png"}],"twitter_card":"summary_large_image","schema":{"@context":"https:\/\/schema.org","@graph":[{"@type":"WebPage","@id":"https:\/\/yaomarket.cl\/product\/cofre-chest-4-black-green-teas-40-sachets\/","url":"https:\/\/yaomarket.cl\/product\/cofre-chest-4-black-green-teas-40-sachets\/","name":"Cofre Chest 4 black & green teas (40 Sachets) - YAOMARKET","isPartOf":{"@id":"https:\/\/yaomarket.cl\/#website"},"primaryImageOfPage":{"@id":"https:\/\/yaomarket.cl\/product\/cofre-chest-4-black-green-teas-40-sachets\/#primaryimage"},"image":{"@id":"https:\/\/yaomarket.cl\/product\/cofre-chest-4-black-green-teas-40-sachets\/#primaryimage"},"thumbnailUrl":"https:\/\/yaomarket.cl\/wp-content\/uploads\/2023\/03\/cofre-chest-4-black-green-teas-40-sachets-2.png","datePublished":"2023-03-30T01:55:17+00:00","dateModified":"2023-03-30T01:57:45+00:00","breadcrumb":{"@id":"https:\/\/yaomarket.cl\/product\/cofre-chest-4-black-green-teas-40-sachets\/#breadcrumb"},"inLanguage":"es","potentialAction":[{"@type":"ReadAction","target":["https:\/\/yaomarket.cl\/product\/cofre-chest-4-black-green-teas-40-sachets\/"]}]},{"@type":"ImageObject","inLanguage":"es","@id":"https:\/\/yaomarket.cl\/product\/cofre-chest-4-black-green-teas-40-sachets\/#primaryimage","url":"https:\/\/yaomarket.cl\/wp-content\/uploads\/2023\/03\/cofre-chest-4-black-green-teas-40-sachets-2.png","contentUrl":"https:\/\/yaomarket.cl\/wp-content\/uploads\/2023\/03\/cofre-chest-4-black-green-teas-40-sachets-2.png","width":381,"height":492},{"@type":"BreadcrumbList","@id":"https:\/\/yaomarket.cl\/product\/cofre-chest-4-black-green-teas-40-sachets\/#breadcrumb","itemListElement":[{"@type":"ListItem","position":1,"name":"Portada","item":"https:\/\/yaomarket.cl\/"},{"@type":"ListItem","position":2,"name":"TIENDA","item":"https:\/\/yaomarket.cl\/?page_id=8"},{"@type":"ListItem","position":3,"name":"Cofre Chest 4 black &#038; green teas (40 Sachets)"}]},{"@type":"WebSite","@id":"https:\/\/yaomarket.cl\/#website","url":"https:\/\/yaomarket.cl\/","name":"YAOMARKET","description":"","publisher":{"@id":"https:\/\/yaomarket.cl\/#organization"},"potentialAction":[{"@type":"SearchAction","target":{"@type":"EntryPoint","urlTemplate":"https:\/\/yaomarket.cl\/?s={search_term_string}"},"query-input":{"@type":"PropertyValueSpecification","valueRequired":true,"valueName":"search_term_string"}}],"inLanguage":"es"},{"@type":"Organization","@id":"https:\/\/yaomarket.cl\/#organization","name":"YAOMARKET","url":"https:\/\/yaomarket.cl\/","logo":{"@type":"ImageObject","inLanguage":"es","@id":"https:\/\/yaomarket.cl\/#\/schema\/logo\/image\/","url":"https:\/\/yaomarket.cl\/wp-content\/uploads\/2023\/08\/Logo-Original-Yao-Market-Circular.png","contentUrl":"https:\/\/yaomarket.cl\/wp-content\/uploads\/2023\/08\/Logo-Original-Yao-Market-Circular.png","width":522,"height":522,"caption":"YAOMARKET"},"image":{"@id":"https:\/\/yaomarket.cl\/#\/schema\/logo\/image\/"},"sameAs":["https:\/\/www.facebook.com\/yaomarketchile\/","https:\/\/www.instagram.com\/yao_market\/"]}]}},"_links":{"self":[{"href":"https:\/\/yaomarket.cl\/index.php?rest_route=\/wp\/v2\/product\/9246","targetHints":{"allow":["GET"]}}],"collection":[{"href":"https:\/\/yaomarket.cl\/index.php?rest_route=\/wp\/v2\/product"}],"about":[{"href":"https:\/\/yaomarket.cl\/index.php?rest_route=\/wp\/v2\/types\/product"}],"wp:featuredmedia":[{"embeddable":true,"href":"https:\/\/yaomarket.cl\/index.php?rest_route=\/wp\/v2\/media\/9248"}],"wp:attachment":[{"href":"https:\/\/yaomarket.cl\/index.php?rest_route=%2Fwp%2Fv2%2Fmedia&parent=9246"}],"wp:term":[{"taxonomy":"product_cat","embeddable":true,"href":"https:\/\/yaomarket.cl\/index.php?rest_route=%2Fwp%2Fv2%2Fproduct_cat&post=9246"},{"taxonomy":"product_tag","embeddable":true,"href":"https:\/\/yaomarket.cl\/index.php?rest_route=%2Fwp%2Fv2%2Fproduct_tag&post=9246"}],"curies":[{"name":"wp","href":"https:\/\/api.w.org\/{rel}","templated":true}]}}