{"id":9220,"date":"2023-03-30T01:08:43","date_gmt":"2023-03-30T01:08:43","guid":{"rendered":"https:\/\/yaomarket.cl\/?post_type=product&#038;p=9220"},"modified":"2025-04-01T21:59:12","modified_gmt":"2025-04-01T21:59:12","slug":"kew-garden-afternoon-100-gr-beyond-the-leaf-collection","status":"publish","type":"product","link":"https:\/\/yaomarket.cl\/?product=kew-garden-afternoon-100-gr-beyond-the-leaf-collection","title":{"rendered":"Kew Garden Afternoon 100 gr Beyond the leaf collection"},"content":{"rendered":"","protected":false},"excerpt":{"rendered":"<p>Un t\u00e9 de hojas elegante y elevado. Mezclada especialmente para complementar el t\u00e9 ingl\u00e9s de la tarde, esta deliciosa infusi\u00f3n presenta t\u00e9s de calidad exclusivos y un toque de bergamota.<\/p>\n<p>Esta creaci\u00f3n \u00fanica es el compa\u00f1ero perfecto para el t\u00e9 de la tarde: una elegante variedad de s\u00e1ndwiches y pasteles que se disfrutan entre el almuerzo y la cena. La mezcla de t\u00e9s de Assam, Kenia y Ceil\u00e1n, con un toque de bergamota, proporciona un final floral.<\/p>\n<p>Una colaboraci\u00f3n combina cuatro generaciones de conocimiento del t\u00e9 con la belleza y el patrimonio de Kew Gardens. Con nuestra gama Beyond the Leaf, lo invitamos a experimentar algo m\u00e1s que un simple t\u00e9.<\/p>\n","protected":false},"featured_media":9221,"template":"","meta":[],"product_cat":[169,84,85],"product_tag":[180,173,172,175,216,214,215,174],"class_list":{"0":"post-9220","1":"product","2":"type-product","3":"status-publish","4":"has-post-thumbnail","6":"product_cat-regaleria","7":"product_cat-mundo-te","8":"product_cat-ahmad-tea","9":"product_tag-180","10":"product_tag-ahmad","11":"product_tag-ahmad-tea","12":"product_tag-black-tea","13":"product_tag-hoja","14":"product_tag-te","15":"product_tag-te-en-hojas","16":"product_tag-te-negro","18":"first","19":"instock","20":"shipping-taxable","21":"purchasable","22":"product-type-simple"},"yoast_head":"<!-- This site is optimized with the Yoast SEO plugin v25.2 - https:\/\/yoast.com\/wordpress\/plugins\/seo\/ -->\n<title>Kew Garden Afternoon 100 gr Beyond the leaf collection - YAOMARKET<\/title>\n<meta name=\"robots\" content=\"index, follow, max-snippet:-1, max-image-preview:large, max-video-preview:-1\" \/>\n<link rel=\"canonical\" href=\"https:\/\/yaomarket.cl\/?product=kew-garden-afternoon-100-gr-beyond-the-leaf-collection\" \/>\n<meta property=\"og:locale\" content=\"es_ES\" \/>\n<meta property=\"og:type\" content=\"article\" \/>\n<meta property=\"og:title\" content=\"Kew Garden Afternoon 100 gr Beyond the leaf collection - YAOMARKET\" \/>\n<meta property=\"og:description\" content=\"Un t\u00e9 de hojas elegante y elevado. Mezclada especialmente para complementar el t\u00e9 ingl\u00e9s de la tarde, esta deliciosa infusi\u00f3n presenta t\u00e9s de calidad exclusivos y un toque de bergamota.  Esta creaci\u00f3n \u00fanica es el compa\u00f1ero perfecto para el t\u00e9 de la tarde: una elegante variedad de s\u00e1ndwiches y pasteles que se disfrutan entre el almuerzo y la cena. La mezcla de t\u00e9s de Assam, Kenia y Ceil\u00e1n, con un toque de bergamota, proporciona un final floral.  Una colaboraci\u00f3n combina cuatro generaciones de conocimiento del t\u00e9 con la belleza y el patrimonio de Kew Gardens. Con nuestra gama Beyond the Leaf, lo invitamos a experimentar algo m\u00e1s que un simple t\u00e9.\" \/>\n<meta property=\"og:url\" content=\"https:\/\/yaomarket.cl\/?product=kew-garden-afternoon-100-gr-beyond-the-leaf-collection\" \/>\n<meta property=\"og:site_name\" content=\"YAOMARKET\" \/>\n<meta property=\"article:publisher\" content=\"https:\/\/www.facebook.com\/yaomarketchile\/\" \/>\n<meta property=\"article:modified_time\" content=\"2025-04-01T21:59:12+00:00\" \/>\n<meta property=\"og:image\" content=\"https:\/\/yaomarket.cl\/wp-content\/uploads\/2023\/03\/kew-garden-afternoon-100-gr-beyond-the-leaf-collection.jpg\" \/>\n\t<meta property=\"og:image:width\" content=\"1100\" \/>\n\t<meta property=\"og:image:height\" content=\"1422\" \/>\n\t<meta property=\"og:image:type\" content=\"image\/jpeg\" \/>\n<meta name=\"twitter:card\" content=\"summary_large_image\" \/>\n<script type=\"application\/ld+json\" class=\"yoast-schema-graph\">{\"@context\":\"https:\/\/schema.org\",\"@graph\":[{\"@type\":\"WebPage\",\"@id\":\"https:\/\/yaomarket.cl\/?product=kew-garden-afternoon-100-gr-beyond-the-leaf-collection\",\"url\":\"https:\/\/yaomarket.cl\/?product=kew-garden-afternoon-100-gr-beyond-the-leaf-collection\",\"name\":\"Kew Garden Afternoon 100 gr Beyond the leaf collection - YAOMARKET\",\"isPartOf\":{\"@id\":\"https:\/\/yaomarket.cl\/#website\"},\"primaryImageOfPage\":{\"@id\":\"https:\/\/yaomarket.cl\/?product=kew-garden-afternoon-100-gr-beyond-the-leaf-collection#primaryimage\"},\"image\":{\"@id\":\"https:\/\/yaomarket.cl\/?product=kew-garden-afternoon-100-gr-beyond-the-leaf-collection#primaryimage\"},\"thumbnailUrl\":\"https:\/\/yaomarket.cl\/wp-content\/uploads\/2023\/03\/kew-garden-afternoon-100-gr-beyond-the-leaf-collection.jpg\",\"datePublished\":\"2023-03-30T01:08:43+00:00\",\"dateModified\":\"2025-04-01T21:59:12+00:00\",\"breadcrumb\":{\"@id\":\"https:\/\/yaomarket.cl\/?product=kew-garden-afternoon-100-gr-beyond-the-leaf-collection#breadcrumb\"},\"inLanguage\":\"es\",\"potentialAction\":[{\"@type\":\"ReadAction\",\"target\":[\"https:\/\/yaomarket.cl\/?product=kew-garden-afternoon-100-gr-beyond-the-leaf-collection\"]}]},{\"@type\":\"ImageObject\",\"inLanguage\":\"es\",\"@id\":\"https:\/\/yaomarket.cl\/?product=kew-garden-afternoon-100-gr-beyond-the-leaf-collection#primaryimage\",\"url\":\"https:\/\/yaomarket.cl\/wp-content\/uploads\/2023\/03\/kew-garden-afternoon-100-gr-beyond-the-leaf-collection.jpg\",\"contentUrl\":\"https:\/\/yaomarket.cl\/wp-content\/uploads\/2023\/03\/kew-garden-afternoon-100-gr-beyond-the-leaf-collection.jpg\",\"width\":1100,\"height\":1422},{\"@type\":\"BreadcrumbList\",\"@id\":\"https:\/\/yaomarket.cl\/?product=kew-garden-afternoon-100-gr-beyond-the-leaf-collection#breadcrumb\",\"itemListElement\":[{\"@type\":\"ListItem\",\"position\":1,\"name\":\"Portada\",\"item\":\"https:\/\/yaomarket.cl\/\"},{\"@type\":\"ListItem\",\"position\":2,\"name\":\"TIENDA\",\"item\":\"https:\/\/yaomarket.cl\/?page_id=8\"},{\"@type\":\"ListItem\",\"position\":3,\"name\":\"Kew Garden Afternoon 100 gr Beyond the leaf collection\"}]},{\"@type\":\"WebSite\",\"@id\":\"https:\/\/yaomarket.cl\/#website\",\"url\":\"https:\/\/yaomarket.cl\/\",\"name\":\"YAOMARKET\",\"description\":\"\",\"publisher\":{\"@id\":\"https:\/\/yaomarket.cl\/#organization\"},\"potentialAction\":[{\"@type\":\"SearchAction\",\"target\":{\"@type\":\"EntryPoint\",\"urlTemplate\":\"https:\/\/yaomarket.cl\/?s={search_term_string}\"},\"query-input\":{\"@type\":\"PropertyValueSpecification\",\"valueRequired\":true,\"valueName\":\"search_term_string\"}}],\"inLanguage\":\"es\"},{\"@type\":\"Organization\",\"@id\":\"https:\/\/yaomarket.cl\/#organization\",\"name\":\"YAOMARKET\",\"url\":\"https:\/\/yaomarket.cl\/\",\"logo\":{\"@type\":\"ImageObject\",\"inLanguage\":\"es\",\"@id\":\"https:\/\/yaomarket.cl\/#\/schema\/logo\/image\/\",\"url\":\"https:\/\/yaomarket.cl\/wp-content\/uploads\/2023\/08\/Logo-Original-Yao-Market-Circular.png\",\"contentUrl\":\"https:\/\/yaomarket.cl\/wp-content\/uploads\/2023\/08\/Logo-Original-Yao-Market-Circular.png\",\"width\":522,\"height\":522,\"caption\":\"YAOMARKET\"},\"image\":{\"@id\":\"https:\/\/yaomarket.cl\/#\/schema\/logo\/image\/\"},\"sameAs\":[\"https:\/\/www.facebook.com\/yaomarketchile\/\",\"https:\/\/www.instagram.com\/yao_market\/\"]}]}<\/script>\n<!-- \/ Yoast SEO plugin. -->","yoast_head_json":{"title":"Kew Garden Afternoon 100 gr Beyond the leaf collection - YAOMARKET","robots":{"index":"index","follow":"follow","max-snippet":"max-snippet:-1","max-image-preview":"max-image-preview:large","max-video-preview":"max-video-preview:-1"},"canonical":"https:\/\/yaomarket.cl\/?product=kew-garden-afternoon-100-gr-beyond-the-leaf-collection","og_locale":"es_ES","og_type":"article","og_title":"Kew Garden Afternoon 100 gr Beyond the leaf collection - YAOMARKET","og_description":"Un t\u00e9 de hojas elegante y elevado. Mezclada especialmente para complementar el t\u00e9 ingl\u00e9s de la tarde, esta deliciosa infusi\u00f3n presenta t\u00e9s de calidad exclusivos y un toque de bergamota.  Esta creaci\u00f3n \u00fanica es el compa\u00f1ero perfecto para el t\u00e9 de la tarde: una elegante variedad de s\u00e1ndwiches y pasteles que se disfrutan entre el almuerzo y la cena. La mezcla de t\u00e9s de Assam, Kenia y Ceil\u00e1n, con un toque de bergamota, proporciona un final floral.  Una colaboraci\u00f3n combina cuatro generaciones de conocimiento del t\u00e9 con la belleza y el patrimonio de Kew Gardens. Con nuestra gama Beyond the Leaf, lo invitamos a experimentar algo m\u00e1s que un simple t\u00e9.","og_url":"https:\/\/yaomarket.cl\/?product=kew-garden-afternoon-100-gr-beyond-the-leaf-collection","og_site_name":"YAOMARKET","article_publisher":"https:\/\/www.facebook.com\/yaomarketchile\/","article_modified_time":"2025-04-01T21:59:12+00:00","og_image":[{"width":1100,"height":1422,"url":"https:\/\/yaomarket.cl\/wp-content\/uploads\/2023\/03\/kew-garden-afternoon-100-gr-beyond-the-leaf-collection.jpg","type":"image\/jpeg"}],"twitter_card":"summary_large_image","schema":{"@context":"https:\/\/schema.org","@graph":[{"@type":"WebPage","@id":"https:\/\/yaomarket.cl\/?product=kew-garden-afternoon-100-gr-beyond-the-leaf-collection","url":"https:\/\/yaomarket.cl\/?product=kew-garden-afternoon-100-gr-beyond-the-leaf-collection","name":"Kew Garden Afternoon 100 gr Beyond the leaf collection - YAOMARKET","isPartOf":{"@id":"https:\/\/yaomarket.cl\/#website"},"primaryImageOfPage":{"@id":"https:\/\/yaomarket.cl\/?product=kew-garden-afternoon-100-gr-beyond-the-leaf-collection#primaryimage"},"image":{"@id":"https:\/\/yaomarket.cl\/?product=kew-garden-afternoon-100-gr-beyond-the-leaf-collection#primaryimage"},"thumbnailUrl":"https:\/\/yaomarket.cl\/wp-content\/uploads\/2023\/03\/kew-garden-afternoon-100-gr-beyond-the-leaf-collection.jpg","datePublished":"2023-03-30T01:08:43+00:00","dateModified":"2025-04-01T21:59:12+00:00","breadcrumb":{"@id":"https:\/\/yaomarket.cl\/?product=kew-garden-afternoon-100-gr-beyond-the-leaf-collection#breadcrumb"},"inLanguage":"es","potentialAction":[{"@type":"ReadAction","target":["https:\/\/yaomarket.cl\/?product=kew-garden-afternoon-100-gr-beyond-the-leaf-collection"]}]},{"@type":"ImageObject","inLanguage":"es","@id":"https:\/\/yaomarket.cl\/?product=kew-garden-afternoon-100-gr-beyond-the-leaf-collection#primaryimage","url":"https:\/\/yaomarket.cl\/wp-content\/uploads\/2023\/03\/kew-garden-afternoon-100-gr-beyond-the-leaf-collection.jpg","contentUrl":"https:\/\/yaomarket.cl\/wp-content\/uploads\/2023\/03\/kew-garden-afternoon-100-gr-beyond-the-leaf-collection.jpg","width":1100,"height":1422},{"@type":"BreadcrumbList","@id":"https:\/\/yaomarket.cl\/?product=kew-garden-afternoon-100-gr-beyond-the-leaf-collection#breadcrumb","itemListElement":[{"@type":"ListItem","position":1,"name":"Portada","item":"https:\/\/yaomarket.cl\/"},{"@type":"ListItem","position":2,"name":"TIENDA","item":"https:\/\/yaomarket.cl\/?page_id=8"},{"@type":"ListItem","position":3,"name":"Kew Garden Afternoon 100 gr Beyond the leaf collection"}]},{"@type":"WebSite","@id":"https:\/\/yaomarket.cl\/#website","url":"https:\/\/yaomarket.cl\/","name":"YAOMARKET","description":"","publisher":{"@id":"https:\/\/yaomarket.cl\/#organization"},"potentialAction":[{"@type":"SearchAction","target":{"@type":"EntryPoint","urlTemplate":"https:\/\/yaomarket.cl\/?s={search_term_string}"},"query-input":{"@type":"PropertyValueSpecification","valueRequired":true,"valueName":"search_term_string"}}],"inLanguage":"es"},{"@type":"Organization","@id":"https:\/\/yaomarket.cl\/#organization","name":"YAOMARKET","url":"https:\/\/yaomarket.cl\/","logo":{"@type":"ImageObject","inLanguage":"es","@id":"https:\/\/yaomarket.cl\/#\/schema\/logo\/image\/","url":"https:\/\/yaomarket.cl\/wp-content\/uploads\/2023\/08\/Logo-Original-Yao-Market-Circular.png","contentUrl":"https:\/\/yaomarket.cl\/wp-content\/uploads\/2023\/08\/Logo-Original-Yao-Market-Circular.png","width":522,"height":522,"caption":"YAOMARKET"},"image":{"@id":"https:\/\/yaomarket.cl\/#\/schema\/logo\/image\/"},"sameAs":["https:\/\/www.facebook.com\/yaomarketchile\/","https:\/\/www.instagram.com\/yao_market\/"]}]}},"_links":{"self":[{"href":"https:\/\/yaomarket.cl\/index.php?rest_route=\/wp\/v2\/product\/9220","targetHints":{"allow":["GET"]}}],"collection":[{"href":"https:\/\/yaomarket.cl\/index.php?rest_route=\/wp\/v2\/product"}],"about":[{"href":"https:\/\/yaomarket.cl\/index.php?rest_route=\/wp\/v2\/types\/product"}],"wp:featuredmedia":[{"embeddable":true,"href":"https:\/\/yaomarket.cl\/index.php?rest_route=\/wp\/v2\/media\/9221"}],"wp:attachment":[{"href":"https:\/\/yaomarket.cl\/index.php?rest_route=%2Fwp%2Fv2%2Fmedia&parent=9220"}],"wp:term":[{"taxonomy":"product_cat","embeddable":true,"href":"https:\/\/yaomarket.cl\/index.php?rest_route=%2Fwp%2Fv2%2Fproduct_cat&post=9220"},{"taxonomy":"product_tag","embeddable":true,"href":"https:\/\/yaomarket.cl\/index.php?rest_route=%2Fwp%2Fv2%2Fproduct_tag&post=9220"}],"curies":[{"name":"wp","href":"https:\/\/api.w.org\/{rel}","templated":true}]}}