{"id":9218,"date":"2023-03-30T01:05:29","date_gmt":"2023-03-30T01:05:29","guid":{"rendered":"https:\/\/yaomarket.cl\/?post_type=product&#038;p=9218"},"modified":"2023-03-30T01:07:31","modified_gmt":"2023-03-30T01:07:31","slug":"kew-majestic-breakfast-100-gr-beyond-the-leaf-collection","status":"publish","type":"product","link":"https:\/\/yaomarket.cl\/?product=kew-majestic-breakfast-100-gr-beyond-the-leaf-collection","title":{"rendered":"Kew Majestic Breakfast 100 gr Beyond the leaf collection"},"content":{"rendered":"","protected":false},"excerpt":{"rendered":"<p>Un t\u00e9 de hojas rico y suave. Una joya en la corona del t\u00e9 brit\u00e1nico, esta satisfactoria mezcla hace una taza deliciosamente suave.<\/p>\n<p>Los maestros del t\u00e9 de Ahmad Tea han estado mezclando t\u00e9s de calidad durante d\u00e9cadas. Para este brebaje ingl\u00e9s, equilibramos los t\u00e9s de Kenia y Ceil\u00e1n con hojas de Assam. Disfr\u00fatalo con un chorrito de leche, ya sea con el desayuno o en cualquier momento que necesites una infusi\u00f3n audaz y reconfortante.<\/p>\n<p>Una colaboraci\u00f3n combina cuatro generaciones de conocimiento del t\u00e9 con la belleza y el patrimonio de Kew Gardens. Con nuestra gama Beyond the Leaf, lo invitamos a experimentar algo m\u00e1s que un simple t\u00e9. Tome un sorbo y disfrute el resultado de a\u00f1os que hemos pasado perfeccionando mezclas cl\u00e1sicas.<\/p>\n","protected":false},"featured_media":9219,"template":"","meta":[],"product_cat":[169,84,85],"product_tag":[180,173,172,175,217,216,214,215,174],"class_list":{"0":"post-9218","1":"product","2":"type-product","3":"status-publish","4":"has-post-thumbnail","6":"product_cat-regaleria","7":"product_cat-mundo-te","8":"product_cat-ahmad-tea","9":"product_tag-180","10":"product_tag-ahmad","11":"product_tag-ahmad-tea","12":"product_tag-black-tea","13":"product_tag-breakfast","14":"product_tag-hoja","15":"product_tag-te","16":"product_tag-te-en-hojas","17":"product_tag-te-negro","19":"first","20":"instock","21":"shipping-taxable","22":"purchasable","23":"product-type-simple"},"yoast_head":"<!-- This site is optimized with the Yoast SEO plugin v25.2 - https:\/\/yoast.com\/wordpress\/plugins\/seo\/ -->\n<title>Kew Majestic Breakfast 100 gr Beyond the leaf collection - YAOMARKET<\/title>\n<meta name=\"robots\" content=\"index, follow, max-snippet:-1, max-image-preview:large, max-video-preview:-1\" \/>\n<link rel=\"canonical\" href=\"https:\/\/yaomarket.cl\/product\/kew-majestic-breakfast-100-gr-beyond-the-leaf-collection\/\" \/>\n<meta property=\"og:locale\" content=\"es_ES\" \/>\n<meta property=\"og:type\" content=\"article\" \/>\n<meta property=\"og:title\" content=\"Kew Majestic Breakfast 100 gr Beyond the leaf collection - YAOMARKET\" \/>\n<meta property=\"og:description\" content=\"Un t\u00e9 de hojas rico y suave. Una joya en la corona del t\u00e9 brit\u00e1nico, esta satisfactoria mezcla hace una taza deliciosamente suave.  Los maestros del t\u00e9 de Ahmad Tea han estado mezclando t\u00e9s de calidad durante d\u00e9cadas. Para este brebaje ingl\u00e9s, equilibramos los t\u00e9s de Kenia y Ceil\u00e1n con hojas de Assam. Disfr\u00fatalo con un chorrito de leche, ya sea con el desayuno o en cualquier momento que necesites una infusi\u00f3n audaz y reconfortante.  Una colaboraci\u00f3n combina cuatro generaciones de conocimiento del t\u00e9 con la belleza y el patrimonio de Kew Gardens. Con nuestra gama Beyond the Leaf, lo invitamos a experimentar algo m\u00e1s que un simple t\u00e9. Tome un sorbo y disfrute el resultado de a\u00f1os que hemos pasado perfeccionando mezclas cl\u00e1sicas.\" \/>\n<meta property=\"og:url\" content=\"https:\/\/yaomarket.cl\/product\/kew-majestic-breakfast-100-gr-beyond-the-leaf-collection\/\" \/>\n<meta property=\"og:site_name\" content=\"YAOMARKET\" \/>\n<meta property=\"article:publisher\" content=\"https:\/\/www.facebook.com\/yaomarketchile\/\" \/>\n<meta property=\"article:modified_time\" content=\"2023-03-30T01:07:31+00:00\" \/>\n<meta property=\"og:image\" content=\"https:\/\/yaomarket.cl\/wp-content\/uploads\/2023\/03\/majestic-breakfast-100-gr-beyond-the-leaf-collection.jpg\" \/>\n\t<meta property=\"og:image:width\" content=\"1100\" \/>\n\t<meta property=\"og:image:height\" content=\"1422\" \/>\n\t<meta property=\"og:image:type\" content=\"image\/jpeg\" \/>\n<meta name=\"twitter:card\" content=\"summary_large_image\" \/>\n<script type=\"application\/ld+json\" class=\"yoast-schema-graph\">{\"@context\":\"https:\/\/schema.org\",\"@graph\":[{\"@type\":\"WebPage\",\"@id\":\"https:\/\/yaomarket.cl\/product\/kew-majestic-breakfast-100-gr-beyond-the-leaf-collection\/\",\"url\":\"https:\/\/yaomarket.cl\/product\/kew-majestic-breakfast-100-gr-beyond-the-leaf-collection\/\",\"name\":\"Kew Majestic Breakfast 100 gr Beyond the leaf collection - YAOMARKET\",\"isPartOf\":{\"@id\":\"https:\/\/yaomarket.cl\/#website\"},\"primaryImageOfPage\":{\"@id\":\"https:\/\/yaomarket.cl\/product\/kew-majestic-breakfast-100-gr-beyond-the-leaf-collection\/#primaryimage\"},\"image\":{\"@id\":\"https:\/\/yaomarket.cl\/product\/kew-majestic-breakfast-100-gr-beyond-the-leaf-collection\/#primaryimage\"},\"thumbnailUrl\":\"https:\/\/yaomarket.cl\/wp-content\/uploads\/2023\/03\/majestic-breakfast-100-gr-beyond-the-leaf-collection.jpg\",\"datePublished\":\"2023-03-30T01:05:29+00:00\",\"dateModified\":\"2023-03-30T01:07:31+00:00\",\"breadcrumb\":{\"@id\":\"https:\/\/yaomarket.cl\/product\/kew-majestic-breakfast-100-gr-beyond-the-leaf-collection\/#breadcrumb\"},\"inLanguage\":\"es\",\"potentialAction\":[{\"@type\":\"ReadAction\",\"target\":[\"https:\/\/yaomarket.cl\/product\/kew-majestic-breakfast-100-gr-beyond-the-leaf-collection\/\"]}]},{\"@type\":\"ImageObject\",\"inLanguage\":\"es\",\"@id\":\"https:\/\/yaomarket.cl\/product\/kew-majestic-breakfast-100-gr-beyond-the-leaf-collection\/#primaryimage\",\"url\":\"https:\/\/yaomarket.cl\/wp-content\/uploads\/2023\/03\/majestic-breakfast-100-gr-beyond-the-leaf-collection.jpg\",\"contentUrl\":\"https:\/\/yaomarket.cl\/wp-content\/uploads\/2023\/03\/majestic-breakfast-100-gr-beyond-the-leaf-collection.jpg\",\"width\":1100,\"height\":1422},{\"@type\":\"BreadcrumbList\",\"@id\":\"https:\/\/yaomarket.cl\/product\/kew-majestic-breakfast-100-gr-beyond-the-leaf-collection\/#breadcrumb\",\"itemListElement\":[{\"@type\":\"ListItem\",\"position\":1,\"name\":\"Portada\",\"item\":\"https:\/\/yaomarket.cl\/\"},{\"@type\":\"ListItem\",\"position\":2,\"name\":\"TIENDA\",\"item\":\"https:\/\/yaomarket.cl\/?page_id=8\"},{\"@type\":\"ListItem\",\"position\":3,\"name\":\"Kew Majestic Breakfast 100 gr Beyond the leaf collection\"}]},{\"@type\":\"WebSite\",\"@id\":\"https:\/\/yaomarket.cl\/#website\",\"url\":\"https:\/\/yaomarket.cl\/\",\"name\":\"YAOMARKET\",\"description\":\"\",\"publisher\":{\"@id\":\"https:\/\/yaomarket.cl\/#organization\"},\"potentialAction\":[{\"@type\":\"SearchAction\",\"target\":{\"@type\":\"EntryPoint\",\"urlTemplate\":\"https:\/\/yaomarket.cl\/?s={search_term_string}\"},\"query-input\":{\"@type\":\"PropertyValueSpecification\",\"valueRequired\":true,\"valueName\":\"search_term_string\"}}],\"inLanguage\":\"es\"},{\"@type\":\"Organization\",\"@id\":\"https:\/\/yaomarket.cl\/#organization\",\"name\":\"YAOMARKET\",\"url\":\"https:\/\/yaomarket.cl\/\",\"logo\":{\"@type\":\"ImageObject\",\"inLanguage\":\"es\",\"@id\":\"https:\/\/yaomarket.cl\/#\/schema\/logo\/image\/\",\"url\":\"https:\/\/yaomarket.cl\/wp-content\/uploads\/2023\/08\/Logo-Original-Yao-Market-Circular.png\",\"contentUrl\":\"https:\/\/yaomarket.cl\/wp-content\/uploads\/2023\/08\/Logo-Original-Yao-Market-Circular.png\",\"width\":522,\"height\":522,\"caption\":\"YAOMARKET\"},\"image\":{\"@id\":\"https:\/\/yaomarket.cl\/#\/schema\/logo\/image\/\"},\"sameAs\":[\"https:\/\/www.facebook.com\/yaomarketchile\/\",\"https:\/\/www.instagram.com\/yao_market\/\"]}]}<\/script>\n<!-- \/ Yoast SEO plugin. -->","yoast_head_json":{"title":"Kew Majestic Breakfast 100 gr Beyond the leaf collection - YAOMARKET","robots":{"index":"index","follow":"follow","max-snippet":"max-snippet:-1","max-image-preview":"max-image-preview:large","max-video-preview":"max-video-preview:-1"},"canonical":"https:\/\/yaomarket.cl\/product\/kew-majestic-breakfast-100-gr-beyond-the-leaf-collection\/","og_locale":"es_ES","og_type":"article","og_title":"Kew Majestic Breakfast 100 gr Beyond the leaf collection - YAOMARKET","og_description":"Un t\u00e9 de hojas rico y suave. Una joya en la corona del t\u00e9 brit\u00e1nico, esta satisfactoria mezcla hace una taza deliciosamente suave.  Los maestros del t\u00e9 de Ahmad Tea han estado mezclando t\u00e9s de calidad durante d\u00e9cadas. Para este brebaje ingl\u00e9s, equilibramos los t\u00e9s de Kenia y Ceil\u00e1n con hojas de Assam. Disfr\u00fatalo con un chorrito de leche, ya sea con el desayuno o en cualquier momento que necesites una infusi\u00f3n audaz y reconfortante.  Una colaboraci\u00f3n combina cuatro generaciones de conocimiento del t\u00e9 con la belleza y el patrimonio de Kew Gardens. Con nuestra gama Beyond the Leaf, lo invitamos a experimentar algo m\u00e1s que un simple t\u00e9. Tome un sorbo y disfrute el resultado de a\u00f1os que hemos pasado perfeccionando mezclas cl\u00e1sicas.","og_url":"https:\/\/yaomarket.cl\/product\/kew-majestic-breakfast-100-gr-beyond-the-leaf-collection\/","og_site_name":"YAOMARKET","article_publisher":"https:\/\/www.facebook.com\/yaomarketchile\/","article_modified_time":"2023-03-30T01:07:31+00:00","og_image":[{"width":1100,"height":1422,"url":"https:\/\/yaomarket.cl\/wp-content\/uploads\/2023\/03\/majestic-breakfast-100-gr-beyond-the-leaf-collection.jpg","type":"image\/jpeg"}],"twitter_card":"summary_large_image","schema":{"@context":"https:\/\/schema.org","@graph":[{"@type":"WebPage","@id":"https:\/\/yaomarket.cl\/product\/kew-majestic-breakfast-100-gr-beyond-the-leaf-collection\/","url":"https:\/\/yaomarket.cl\/product\/kew-majestic-breakfast-100-gr-beyond-the-leaf-collection\/","name":"Kew Majestic Breakfast 100 gr Beyond the leaf collection - YAOMARKET","isPartOf":{"@id":"https:\/\/yaomarket.cl\/#website"},"primaryImageOfPage":{"@id":"https:\/\/yaomarket.cl\/product\/kew-majestic-breakfast-100-gr-beyond-the-leaf-collection\/#primaryimage"},"image":{"@id":"https:\/\/yaomarket.cl\/product\/kew-majestic-breakfast-100-gr-beyond-the-leaf-collection\/#primaryimage"},"thumbnailUrl":"https:\/\/yaomarket.cl\/wp-content\/uploads\/2023\/03\/majestic-breakfast-100-gr-beyond-the-leaf-collection.jpg","datePublished":"2023-03-30T01:05:29+00:00","dateModified":"2023-03-30T01:07:31+00:00","breadcrumb":{"@id":"https:\/\/yaomarket.cl\/product\/kew-majestic-breakfast-100-gr-beyond-the-leaf-collection\/#breadcrumb"},"inLanguage":"es","potentialAction":[{"@type":"ReadAction","target":["https:\/\/yaomarket.cl\/product\/kew-majestic-breakfast-100-gr-beyond-the-leaf-collection\/"]}]},{"@type":"ImageObject","inLanguage":"es","@id":"https:\/\/yaomarket.cl\/product\/kew-majestic-breakfast-100-gr-beyond-the-leaf-collection\/#primaryimage","url":"https:\/\/yaomarket.cl\/wp-content\/uploads\/2023\/03\/majestic-breakfast-100-gr-beyond-the-leaf-collection.jpg","contentUrl":"https:\/\/yaomarket.cl\/wp-content\/uploads\/2023\/03\/majestic-breakfast-100-gr-beyond-the-leaf-collection.jpg","width":1100,"height":1422},{"@type":"BreadcrumbList","@id":"https:\/\/yaomarket.cl\/product\/kew-majestic-breakfast-100-gr-beyond-the-leaf-collection\/#breadcrumb","itemListElement":[{"@type":"ListItem","position":1,"name":"Portada","item":"https:\/\/yaomarket.cl\/"},{"@type":"ListItem","position":2,"name":"TIENDA","item":"https:\/\/yaomarket.cl\/?page_id=8"},{"@type":"ListItem","position":3,"name":"Kew Majestic Breakfast 100 gr Beyond the leaf collection"}]},{"@type":"WebSite","@id":"https:\/\/yaomarket.cl\/#website","url":"https:\/\/yaomarket.cl\/","name":"YAOMARKET","description":"","publisher":{"@id":"https:\/\/yaomarket.cl\/#organization"},"potentialAction":[{"@type":"SearchAction","target":{"@type":"EntryPoint","urlTemplate":"https:\/\/yaomarket.cl\/?s={search_term_string}"},"query-input":{"@type":"PropertyValueSpecification","valueRequired":true,"valueName":"search_term_string"}}],"inLanguage":"es"},{"@type":"Organization","@id":"https:\/\/yaomarket.cl\/#organization","name":"YAOMARKET","url":"https:\/\/yaomarket.cl\/","logo":{"@type":"ImageObject","inLanguage":"es","@id":"https:\/\/yaomarket.cl\/#\/schema\/logo\/image\/","url":"https:\/\/yaomarket.cl\/wp-content\/uploads\/2023\/08\/Logo-Original-Yao-Market-Circular.png","contentUrl":"https:\/\/yaomarket.cl\/wp-content\/uploads\/2023\/08\/Logo-Original-Yao-Market-Circular.png","width":522,"height":522,"caption":"YAOMARKET"},"image":{"@id":"https:\/\/yaomarket.cl\/#\/schema\/logo\/image\/"},"sameAs":["https:\/\/www.facebook.com\/yaomarketchile\/","https:\/\/www.instagram.com\/yao_market\/"]}]}},"_links":{"self":[{"href":"https:\/\/yaomarket.cl\/index.php?rest_route=\/wp\/v2\/product\/9218","targetHints":{"allow":["GET"]}}],"collection":[{"href":"https:\/\/yaomarket.cl\/index.php?rest_route=\/wp\/v2\/product"}],"about":[{"href":"https:\/\/yaomarket.cl\/index.php?rest_route=\/wp\/v2\/types\/product"}],"wp:featuredmedia":[{"embeddable":true,"href":"https:\/\/yaomarket.cl\/index.php?rest_route=\/wp\/v2\/media\/9219"}],"wp:attachment":[{"href":"https:\/\/yaomarket.cl\/index.php?rest_route=%2Fwp%2Fv2%2Fmedia&parent=9218"}],"wp:term":[{"taxonomy":"product_cat","embeddable":true,"href":"https:\/\/yaomarket.cl\/index.php?rest_route=%2Fwp%2Fv2%2Fproduct_cat&post=9218"},{"taxonomy":"product_tag","embeddable":true,"href":"https:\/\/yaomarket.cl\/index.php?rest_route=%2Fwp%2Fv2%2Fproduct_tag&post=9218"}],"curies":[{"name":"wp","href":"https:\/\/api.w.org\/{rel}","templated":true}]}}