{"id":9208,"date":"2023-03-28T02:47:32","date_gmt":"2023-03-28T02:47:32","guid":{"rendered":"https:\/\/yaomarket.cl\/?post_type=product&#038;p=9208"},"modified":"2025-11-04T16:35:28","modified_gmt":"2025-11-04T16:35:28","slug":"infusion-ahmad-peppermint-lemon-caja-20-unidades","status":"publish","type":"product","link":"https:\/\/yaomarket.cl\/?product=infusion-ahmad-peppermint-lemon-caja-20-unidades","title":{"rendered":"Infusi\u00f3n Ahmad Peppermint &#038; Lemon (Caja 20 Unidades)"},"content":{"rendered":"","protected":false},"excerpt":{"rendered":"<div id=\"product-description-short-90\" class=\"rte-content product-description\">\n<div id=\"product-description-short-104\" class=\"rte-content product-description\">\n<div class=\"rte-content product-description\">\n<div id=\"product-description-short-101\" class=\"rte-content product-description\">\n<p>\u00bfBuscas una infusi\u00f3n de hierbas con una diferencia? No busque m\u00e1s all\u00e1 de nuestra infusi\u00f3n de menta y lim\u00f3n. Combinando la menta m\u00e1s fragante con un lim\u00f3n vibrante y sabroso, esta bebida refrescante y relajante es un b\u00e1lsamo para los sentidos cansados.<\/p>\n<p>Nuestros Tea Masters utilizan ingredientes 100% naturales para esta infusi\u00f3n de hierbas. Eligen la menta por su car\u00e1cter mentolado fresco y revitalizante, y la mejoran con c\u00e1scara de lim\u00f3n y sabor a lim\u00f3n natural para agregar complejidad y un toque afrutado y estimulante.<\/p>\n<p>Es tan arom\u00e1tico como te imaginas: inhala las notas de menta para avivar tus sentidos y luego b\u00e9belo para disfrutar de una sensaci\u00f3n persistente de mentol. Es el est\u00edmulo perfecto, en cualquier momento del d\u00eda, ya sea que est\u00e9 buscando relajarse o refrescarse.<\/p>\n<\/div>\n<\/div>\n<\/div>\n<\/div>\n","protected":false},"featured_media":9209,"template":"","meta":[],"product_cat":[168,84,85],"product_tag":[173,172,205,208,193,203,199],"class_list":{"0":"post-9208","1":"product","2":"type-product","3":"status-publish","4":"has-post-thumbnail","6":"product_cat-infusiones","7":"product_cat-mundo-te","8":"product_cat-ahmad-tea","9":"product_tag-ahmad","10":"product_tag-ahmad-tea","11":"product_tag-citricos","12":"product_tag-jengibre","13":"product_tag-limon","14":"product_tag-menta","15":"product_tag-te-verde","17":"first","18":"instock","19":"shipping-taxable","20":"purchasable","21":"product-type-simple"},"yoast_head":"<!-- This site is optimized with the Yoast SEO plugin v25.2 - https:\/\/yoast.com\/wordpress\/plugins\/seo\/ -->\n<title>Infusi\u00f3n Ahmad Peppermint &amp; Lemon (Caja 20 Unidades) - YAOMARKET<\/title>\n<meta name=\"robots\" content=\"index, follow, max-snippet:-1, max-image-preview:large, max-video-preview:-1\" \/>\n<link rel=\"canonical\" href=\"https:\/\/yaomarket.cl\/?product=infusion-ahmad-peppermint-lemon-caja-20-unidades\" \/>\n<meta property=\"og:locale\" content=\"es_ES\" \/>\n<meta property=\"og:type\" content=\"article\" \/>\n<meta property=\"og:title\" content=\"Infusi\u00f3n Ahmad Peppermint &amp; Lemon (Caja 20 Unidades) - YAOMARKET\" \/>\n<meta property=\"og:description\" content=\"\u00bfBuscas una infusi\u00f3n de hierbas con una diferencia? No busque m\u00e1s all\u00e1 de nuestra infusi\u00f3n de menta y lim\u00f3n. Combinando la menta m\u00e1s fragante con un lim\u00f3n vibrante y sabroso, esta bebida refrescante y relajante es un b\u00e1lsamo para los sentidos cansados.  Nuestros Tea Masters utilizan ingredientes 100% naturales para esta infusi\u00f3n de hierbas. Eligen la menta por su car\u00e1cter mentolado fresco y revitalizante, y la mejoran con c\u00e1scara de lim\u00f3n y sabor a lim\u00f3n natural para agregar complejidad y un toque afrutado y estimulante.  Es tan arom\u00e1tico como te imaginas: inhala las notas de menta para avivar tus sentidos y luego b\u00e9belo para disfrutar de una sensaci\u00f3n persistente de mentol. Es el est\u00edmulo perfecto, en cualquier momento del d\u00eda, ya sea que est\u00e9 buscando relajarse o refrescarse.\" \/>\n<meta property=\"og:url\" content=\"https:\/\/yaomarket.cl\/?product=infusion-ahmad-peppermint-lemon-caja-20-unidades\" \/>\n<meta property=\"og:site_name\" content=\"YAOMARKET\" \/>\n<meta property=\"article:publisher\" content=\"https:\/\/www.facebook.com\/yaomarketchile\/\" \/>\n<meta property=\"article:modified_time\" content=\"2025-11-04T16:35:28+00:00\" \/>\n<meta property=\"og:image\" content=\"https:\/\/yaomarket.cl\/wp-content\/uploads\/2023\/03\/teabag-ahmad-peppermint-lemon-caja-20-unidades.png\" \/>\n\t<meta property=\"og:image:width\" content=\"1100\" \/>\n\t<meta property=\"og:image:height\" content=\"1422\" \/>\n\t<meta property=\"og:image:type\" content=\"image\/png\" \/>\n<meta name=\"twitter:card\" content=\"summary_large_image\" \/>\n<script type=\"application\/ld+json\" class=\"yoast-schema-graph\">{\"@context\":\"https:\/\/schema.org\",\"@graph\":[{\"@type\":\"WebPage\",\"@id\":\"https:\/\/yaomarket.cl\/?product=infusion-ahmad-peppermint-lemon-caja-20-unidades\",\"url\":\"https:\/\/yaomarket.cl\/?product=infusion-ahmad-peppermint-lemon-caja-20-unidades\",\"name\":\"Infusi\u00f3n Ahmad Peppermint & Lemon (Caja 20 Unidades) - YAOMARKET\",\"isPartOf\":{\"@id\":\"https:\/\/yaomarket.cl\/#website\"},\"primaryImageOfPage\":{\"@id\":\"https:\/\/yaomarket.cl\/?product=infusion-ahmad-peppermint-lemon-caja-20-unidades#primaryimage\"},\"image\":{\"@id\":\"https:\/\/yaomarket.cl\/?product=infusion-ahmad-peppermint-lemon-caja-20-unidades#primaryimage\"},\"thumbnailUrl\":\"https:\/\/yaomarket.cl\/wp-content\/uploads\/2023\/03\/teabag-ahmad-peppermint-lemon-caja-20-unidades.png\",\"datePublished\":\"2023-03-28T02:47:32+00:00\",\"dateModified\":\"2025-11-04T16:35:28+00:00\",\"breadcrumb\":{\"@id\":\"https:\/\/yaomarket.cl\/?product=infusion-ahmad-peppermint-lemon-caja-20-unidades#breadcrumb\"},\"inLanguage\":\"es\",\"potentialAction\":[{\"@type\":\"ReadAction\",\"target\":[\"https:\/\/yaomarket.cl\/?product=infusion-ahmad-peppermint-lemon-caja-20-unidades\"]}]},{\"@type\":\"ImageObject\",\"inLanguage\":\"es\",\"@id\":\"https:\/\/yaomarket.cl\/?product=infusion-ahmad-peppermint-lemon-caja-20-unidades#primaryimage\",\"url\":\"https:\/\/yaomarket.cl\/wp-content\/uploads\/2023\/03\/teabag-ahmad-peppermint-lemon-caja-20-unidades.png\",\"contentUrl\":\"https:\/\/yaomarket.cl\/wp-content\/uploads\/2023\/03\/teabag-ahmad-peppermint-lemon-caja-20-unidades.png\",\"width\":1100,\"height\":1422},{\"@type\":\"BreadcrumbList\",\"@id\":\"https:\/\/yaomarket.cl\/?product=infusion-ahmad-peppermint-lemon-caja-20-unidades#breadcrumb\",\"itemListElement\":[{\"@type\":\"ListItem\",\"position\":1,\"name\":\"Portada\",\"item\":\"https:\/\/yaomarket.cl\/\"},{\"@type\":\"ListItem\",\"position\":2,\"name\":\"TIENDA\",\"item\":\"https:\/\/yaomarket.cl\/?page_id=8\"},{\"@type\":\"ListItem\",\"position\":3,\"name\":\"Infusi\u00f3n Ahmad Peppermint &#038; Lemon (Caja 20 Unidades)\"}]},{\"@type\":\"WebSite\",\"@id\":\"https:\/\/yaomarket.cl\/#website\",\"url\":\"https:\/\/yaomarket.cl\/\",\"name\":\"YAOMARKET\",\"description\":\"\",\"publisher\":{\"@id\":\"https:\/\/yaomarket.cl\/#organization\"},\"potentialAction\":[{\"@type\":\"SearchAction\",\"target\":{\"@type\":\"EntryPoint\",\"urlTemplate\":\"https:\/\/yaomarket.cl\/?s={search_term_string}\"},\"query-input\":{\"@type\":\"PropertyValueSpecification\",\"valueRequired\":true,\"valueName\":\"search_term_string\"}}],\"inLanguage\":\"es\"},{\"@type\":\"Organization\",\"@id\":\"https:\/\/yaomarket.cl\/#organization\",\"name\":\"YAOMARKET\",\"url\":\"https:\/\/yaomarket.cl\/\",\"logo\":{\"@type\":\"ImageObject\",\"inLanguage\":\"es\",\"@id\":\"https:\/\/yaomarket.cl\/#\/schema\/logo\/image\/\",\"url\":\"https:\/\/yaomarket.cl\/wp-content\/uploads\/2023\/08\/Logo-Original-Yao-Market-Circular.png\",\"contentUrl\":\"https:\/\/yaomarket.cl\/wp-content\/uploads\/2023\/08\/Logo-Original-Yao-Market-Circular.png\",\"width\":522,\"height\":522,\"caption\":\"YAOMARKET\"},\"image\":{\"@id\":\"https:\/\/yaomarket.cl\/#\/schema\/logo\/image\/\"},\"sameAs\":[\"https:\/\/www.facebook.com\/yaomarketchile\/\",\"https:\/\/www.instagram.com\/yao_market\/\"]}]}<\/script>\n<!-- \/ Yoast SEO plugin. -->","yoast_head_json":{"title":"Infusi\u00f3n Ahmad Peppermint & Lemon (Caja 20 Unidades) - YAOMARKET","robots":{"index":"index","follow":"follow","max-snippet":"max-snippet:-1","max-image-preview":"max-image-preview:large","max-video-preview":"max-video-preview:-1"},"canonical":"https:\/\/yaomarket.cl\/?product=infusion-ahmad-peppermint-lemon-caja-20-unidades","og_locale":"es_ES","og_type":"article","og_title":"Infusi\u00f3n Ahmad Peppermint & Lemon (Caja 20 Unidades) - YAOMARKET","og_description":"\u00bfBuscas una infusi\u00f3n de hierbas con una diferencia? No busque m\u00e1s all\u00e1 de nuestra infusi\u00f3n de menta y lim\u00f3n. Combinando la menta m\u00e1s fragante con un lim\u00f3n vibrante y sabroso, esta bebida refrescante y relajante es un b\u00e1lsamo para los sentidos cansados.  Nuestros Tea Masters utilizan ingredientes 100% naturales para esta infusi\u00f3n de hierbas. Eligen la menta por su car\u00e1cter mentolado fresco y revitalizante, y la mejoran con c\u00e1scara de lim\u00f3n y sabor a lim\u00f3n natural para agregar complejidad y un toque afrutado y estimulante.  Es tan arom\u00e1tico como te imaginas: inhala las notas de menta para avivar tus sentidos y luego b\u00e9belo para disfrutar de una sensaci\u00f3n persistente de mentol. Es el est\u00edmulo perfecto, en cualquier momento del d\u00eda, ya sea que est\u00e9 buscando relajarse o refrescarse.","og_url":"https:\/\/yaomarket.cl\/?product=infusion-ahmad-peppermint-lemon-caja-20-unidades","og_site_name":"YAOMARKET","article_publisher":"https:\/\/www.facebook.com\/yaomarketchile\/","article_modified_time":"2025-11-04T16:35:28+00:00","og_image":[{"width":1100,"height":1422,"url":"https:\/\/yaomarket.cl\/wp-content\/uploads\/2023\/03\/teabag-ahmad-peppermint-lemon-caja-20-unidades.png","type":"image\/png"}],"twitter_card":"summary_large_image","schema":{"@context":"https:\/\/schema.org","@graph":[{"@type":"WebPage","@id":"https:\/\/yaomarket.cl\/?product=infusion-ahmad-peppermint-lemon-caja-20-unidades","url":"https:\/\/yaomarket.cl\/?product=infusion-ahmad-peppermint-lemon-caja-20-unidades","name":"Infusi\u00f3n Ahmad Peppermint & Lemon (Caja 20 Unidades) - YAOMARKET","isPartOf":{"@id":"https:\/\/yaomarket.cl\/#website"},"primaryImageOfPage":{"@id":"https:\/\/yaomarket.cl\/?product=infusion-ahmad-peppermint-lemon-caja-20-unidades#primaryimage"},"image":{"@id":"https:\/\/yaomarket.cl\/?product=infusion-ahmad-peppermint-lemon-caja-20-unidades#primaryimage"},"thumbnailUrl":"https:\/\/yaomarket.cl\/wp-content\/uploads\/2023\/03\/teabag-ahmad-peppermint-lemon-caja-20-unidades.png","datePublished":"2023-03-28T02:47:32+00:00","dateModified":"2025-11-04T16:35:28+00:00","breadcrumb":{"@id":"https:\/\/yaomarket.cl\/?product=infusion-ahmad-peppermint-lemon-caja-20-unidades#breadcrumb"},"inLanguage":"es","potentialAction":[{"@type":"ReadAction","target":["https:\/\/yaomarket.cl\/?product=infusion-ahmad-peppermint-lemon-caja-20-unidades"]}]},{"@type":"ImageObject","inLanguage":"es","@id":"https:\/\/yaomarket.cl\/?product=infusion-ahmad-peppermint-lemon-caja-20-unidades#primaryimage","url":"https:\/\/yaomarket.cl\/wp-content\/uploads\/2023\/03\/teabag-ahmad-peppermint-lemon-caja-20-unidades.png","contentUrl":"https:\/\/yaomarket.cl\/wp-content\/uploads\/2023\/03\/teabag-ahmad-peppermint-lemon-caja-20-unidades.png","width":1100,"height":1422},{"@type":"BreadcrumbList","@id":"https:\/\/yaomarket.cl\/?product=infusion-ahmad-peppermint-lemon-caja-20-unidades#breadcrumb","itemListElement":[{"@type":"ListItem","position":1,"name":"Portada","item":"https:\/\/yaomarket.cl\/"},{"@type":"ListItem","position":2,"name":"TIENDA","item":"https:\/\/yaomarket.cl\/?page_id=8"},{"@type":"ListItem","position":3,"name":"Infusi\u00f3n Ahmad Peppermint &#038; Lemon (Caja 20 Unidades)"}]},{"@type":"WebSite","@id":"https:\/\/yaomarket.cl\/#website","url":"https:\/\/yaomarket.cl\/","name":"YAOMARKET","description":"","publisher":{"@id":"https:\/\/yaomarket.cl\/#organization"},"potentialAction":[{"@type":"SearchAction","target":{"@type":"EntryPoint","urlTemplate":"https:\/\/yaomarket.cl\/?s={search_term_string}"},"query-input":{"@type":"PropertyValueSpecification","valueRequired":true,"valueName":"search_term_string"}}],"inLanguage":"es"},{"@type":"Organization","@id":"https:\/\/yaomarket.cl\/#organization","name":"YAOMARKET","url":"https:\/\/yaomarket.cl\/","logo":{"@type":"ImageObject","inLanguage":"es","@id":"https:\/\/yaomarket.cl\/#\/schema\/logo\/image\/","url":"https:\/\/yaomarket.cl\/wp-content\/uploads\/2023\/08\/Logo-Original-Yao-Market-Circular.png","contentUrl":"https:\/\/yaomarket.cl\/wp-content\/uploads\/2023\/08\/Logo-Original-Yao-Market-Circular.png","width":522,"height":522,"caption":"YAOMARKET"},"image":{"@id":"https:\/\/yaomarket.cl\/#\/schema\/logo\/image\/"},"sameAs":["https:\/\/www.facebook.com\/yaomarketchile\/","https:\/\/www.instagram.com\/yao_market\/"]}]}},"_links":{"self":[{"href":"https:\/\/yaomarket.cl\/index.php?rest_route=\/wp\/v2\/product\/9208","targetHints":{"allow":["GET"]}}],"collection":[{"href":"https:\/\/yaomarket.cl\/index.php?rest_route=\/wp\/v2\/product"}],"about":[{"href":"https:\/\/yaomarket.cl\/index.php?rest_route=\/wp\/v2\/types\/product"}],"wp:featuredmedia":[{"embeddable":true,"href":"https:\/\/yaomarket.cl\/index.php?rest_route=\/wp\/v2\/media\/9209"}],"wp:attachment":[{"href":"https:\/\/yaomarket.cl\/index.php?rest_route=%2Fwp%2Fv2%2Fmedia&parent=9208"}],"wp:term":[{"taxonomy":"product_cat","embeddable":true,"href":"https:\/\/yaomarket.cl\/index.php?rest_route=%2Fwp%2Fv2%2Fproduct_cat&post=9208"},{"taxonomy":"product_tag","embeddable":true,"href":"https:\/\/yaomarket.cl\/index.php?rest_route=%2Fwp%2Fv2%2Fproduct_tag&post=9208"}],"curies":[{"name":"wp","href":"https:\/\/api.w.org\/{rel}","templated":true}]}}