{"id":9202,"date":"2023-03-28T02:38:23","date_gmt":"2023-03-28T02:38:23","guid":{"rendered":"https:\/\/yaomarket.cl\/?post_type=product&#038;p=9202"},"modified":"2025-11-04T16:35:28","modified_gmt":"2025-11-04T16:35:28","slug":"te-ahmad-rooibos-cinnamon","status":"publish","type":"product","link":"https:\/\/yaomarket.cl\/?product=te-ahmad-rooibos-cinnamon","title":{"rendered":"Te Ahmad Rooibos &#038; Cinnamon"},"content":{"rendered":"","protected":false},"excerpt":{"rendered":"<div id=\"product-description-short-90\" class=\"rte-content product-description\">\n<div id=\"product-description-short-104\" class=\"rte-content product-description\">\n<div class=\"rte-content product-description\">\n<div id=\"product-description-short-101\" class=\"rte-content product-description\">\n<p>Ahmad rooibos y canela es preparado con hojas de roiboos y corteza de canela. Rooibos sudafricano, tambi\u00e9n conocido como t\u00e9 rojo, es famoso en todo el mundo como un t\u00e9 excepcional para relajarse. Para mejorar el delicioso sabor de los rooibos, se agregar\u00f3n notas c\u00e1lidas de canela para complementar el sabor y crear una mezcla viva. Cantidad por envase: 20 bolsitas<\/p>\n<\/div>\n<\/div>\n<\/div>\n<\/div>\n","protected":false},"featured_media":9203,"template":"","meta":[],"product_cat":[168,679,677,84,85],"product_tag":[173,172,162,200,192,203,204,199],"class_list":{"0":"post-9202","1":"product","2":"type-product","3":"status-publish","4":"has-post-thumbnail","6":"product_cat-infusiones","7":"product_cat-rooibos-exclusivos","8":"product_cat-te-exclusivos","9":"product_cat-mundo-te","10":"product_cat-ahmad-tea","11":"product_tag-ahmad","12":"product_tag-ahmad-tea","13":"product_tag-canela","14":"product_tag-green-tea","15":"product_tag-manzana","16":"product_tag-menta","17":"product_tag-rooibos","18":"product_tag-te-verde","20":"first","21":"instock","22":"shipping-taxable","23":"purchasable","24":"product-type-simple"},"yoast_head":"<!-- This site is optimized with the Yoast SEO plugin v25.2 - https:\/\/yoast.com\/wordpress\/plugins\/seo\/ -->\n<title>Te Ahmad Rooibos &amp; Cinnamon - YAOMARKET<\/title>\n<meta name=\"robots\" content=\"index, follow, max-snippet:-1, max-image-preview:large, max-video-preview:-1\" \/>\n<link rel=\"canonical\" href=\"https:\/\/yaomarket.cl\/?product=te-ahmad-rooibos-cinnamon\" \/>\n<meta property=\"og:locale\" content=\"es_ES\" \/>\n<meta property=\"og:type\" content=\"article\" \/>\n<meta property=\"og:title\" content=\"Te Ahmad Rooibos &amp; Cinnamon - YAOMARKET\" \/>\n<meta property=\"og:description\" content=\"Ahmad rooibos y canela es preparado con hojas de roiboos y corteza de canela. Rooibos sudafricano, tambi\u00e9n conocido como t\u00e9 rojo, es famoso en todo el mundo como un t\u00e9 excepcional para relajarse. Para mejorar el delicioso sabor de los rooibos, se agregar\u00f3n notas c\u00e1lidas de canela para complementar el sabor y crear una mezcla viva. Cantidad por envase: 20 bolsitas\" \/>\n<meta property=\"og:url\" content=\"https:\/\/yaomarket.cl\/?product=te-ahmad-rooibos-cinnamon\" \/>\n<meta property=\"og:site_name\" content=\"YAOMARKET\" \/>\n<meta property=\"article:publisher\" content=\"https:\/\/www.facebook.com\/yaomarketchile\/\" \/>\n<meta property=\"article:modified_time\" content=\"2025-11-04T16:35:28+00:00\" \/>\n<meta property=\"og:image\" content=\"https:\/\/yaomarket.cl\/wp-content\/uploads\/2023\/03\/teabag-ahmad-roibos-cinnamon-caja-20-unidades.png\" \/>\n\t<meta property=\"og:image:width\" content=\"1100\" \/>\n\t<meta property=\"og:image:height\" content=\"1422\" \/>\n\t<meta property=\"og:image:type\" content=\"image\/png\" \/>\n<meta name=\"twitter:card\" content=\"summary_large_image\" \/>\n<script type=\"application\/ld+json\" class=\"yoast-schema-graph\">{\"@context\":\"https:\/\/schema.org\",\"@graph\":[{\"@type\":\"WebPage\",\"@id\":\"https:\/\/yaomarket.cl\/?product=te-ahmad-rooibos-cinnamon\",\"url\":\"https:\/\/yaomarket.cl\/?product=te-ahmad-rooibos-cinnamon\",\"name\":\"Te Ahmad Rooibos & Cinnamon - YAOMARKET\",\"isPartOf\":{\"@id\":\"https:\/\/yaomarket.cl\/#website\"},\"primaryImageOfPage\":{\"@id\":\"https:\/\/yaomarket.cl\/?product=te-ahmad-rooibos-cinnamon#primaryimage\"},\"image\":{\"@id\":\"https:\/\/yaomarket.cl\/?product=te-ahmad-rooibos-cinnamon#primaryimage\"},\"thumbnailUrl\":\"https:\/\/yaomarket.cl\/wp-content\/uploads\/2023\/03\/teabag-ahmad-roibos-cinnamon-caja-20-unidades.png\",\"datePublished\":\"2023-03-28T02:38:23+00:00\",\"dateModified\":\"2025-11-04T16:35:28+00:00\",\"breadcrumb\":{\"@id\":\"https:\/\/yaomarket.cl\/?product=te-ahmad-rooibos-cinnamon#breadcrumb\"},\"inLanguage\":\"es\",\"potentialAction\":[{\"@type\":\"ReadAction\",\"target\":[\"https:\/\/yaomarket.cl\/?product=te-ahmad-rooibos-cinnamon\"]}]},{\"@type\":\"ImageObject\",\"inLanguage\":\"es\",\"@id\":\"https:\/\/yaomarket.cl\/?product=te-ahmad-rooibos-cinnamon#primaryimage\",\"url\":\"https:\/\/yaomarket.cl\/wp-content\/uploads\/2023\/03\/teabag-ahmad-roibos-cinnamon-caja-20-unidades.png\",\"contentUrl\":\"https:\/\/yaomarket.cl\/wp-content\/uploads\/2023\/03\/teabag-ahmad-roibos-cinnamon-caja-20-unidades.png\",\"width\":1100,\"height\":1422},{\"@type\":\"BreadcrumbList\",\"@id\":\"https:\/\/yaomarket.cl\/?product=te-ahmad-rooibos-cinnamon#breadcrumb\",\"itemListElement\":[{\"@type\":\"ListItem\",\"position\":1,\"name\":\"Portada\",\"item\":\"https:\/\/yaomarket.cl\/\"},{\"@type\":\"ListItem\",\"position\":2,\"name\":\"TIENDA\",\"item\":\"https:\/\/yaomarket.cl\/?page_id=8\"},{\"@type\":\"ListItem\",\"position\":3,\"name\":\"Te Ahmad Rooibos &#038; Cinnamon\"}]},{\"@type\":\"WebSite\",\"@id\":\"https:\/\/yaomarket.cl\/#website\",\"url\":\"https:\/\/yaomarket.cl\/\",\"name\":\"YAOMARKET\",\"description\":\"\",\"publisher\":{\"@id\":\"https:\/\/yaomarket.cl\/#organization\"},\"potentialAction\":[{\"@type\":\"SearchAction\",\"target\":{\"@type\":\"EntryPoint\",\"urlTemplate\":\"https:\/\/yaomarket.cl\/?s={search_term_string}\"},\"query-input\":{\"@type\":\"PropertyValueSpecification\",\"valueRequired\":true,\"valueName\":\"search_term_string\"}}],\"inLanguage\":\"es\"},{\"@type\":\"Organization\",\"@id\":\"https:\/\/yaomarket.cl\/#organization\",\"name\":\"YAOMARKET\",\"url\":\"https:\/\/yaomarket.cl\/\",\"logo\":{\"@type\":\"ImageObject\",\"inLanguage\":\"es\",\"@id\":\"https:\/\/yaomarket.cl\/#\/schema\/logo\/image\/\",\"url\":\"https:\/\/yaomarket.cl\/wp-content\/uploads\/2023\/08\/Logo-Original-Yao-Market-Circular.png\",\"contentUrl\":\"https:\/\/yaomarket.cl\/wp-content\/uploads\/2023\/08\/Logo-Original-Yao-Market-Circular.png\",\"width\":522,\"height\":522,\"caption\":\"YAOMARKET\"},\"image\":{\"@id\":\"https:\/\/yaomarket.cl\/#\/schema\/logo\/image\/\"},\"sameAs\":[\"https:\/\/www.facebook.com\/yaomarketchile\/\",\"https:\/\/www.instagram.com\/yao_market\/\"]}]}<\/script>\n<!-- \/ Yoast SEO plugin. -->","yoast_head_json":{"title":"Te Ahmad Rooibos & Cinnamon - YAOMARKET","robots":{"index":"index","follow":"follow","max-snippet":"max-snippet:-1","max-image-preview":"max-image-preview:large","max-video-preview":"max-video-preview:-1"},"canonical":"https:\/\/yaomarket.cl\/?product=te-ahmad-rooibos-cinnamon","og_locale":"es_ES","og_type":"article","og_title":"Te Ahmad Rooibos & Cinnamon - YAOMARKET","og_description":"Ahmad rooibos y canela es preparado con hojas de roiboos y corteza de canela. Rooibos sudafricano, tambi\u00e9n conocido como t\u00e9 rojo, es famoso en todo el mundo como un t\u00e9 excepcional para relajarse. Para mejorar el delicioso sabor de los rooibos, se agregar\u00f3n notas c\u00e1lidas de canela para complementar el sabor y crear una mezcla viva. Cantidad por envase: 20 bolsitas","og_url":"https:\/\/yaomarket.cl\/?product=te-ahmad-rooibos-cinnamon","og_site_name":"YAOMARKET","article_publisher":"https:\/\/www.facebook.com\/yaomarketchile\/","article_modified_time":"2025-11-04T16:35:28+00:00","og_image":[{"width":1100,"height":1422,"url":"https:\/\/yaomarket.cl\/wp-content\/uploads\/2023\/03\/teabag-ahmad-roibos-cinnamon-caja-20-unidades.png","type":"image\/png"}],"twitter_card":"summary_large_image","schema":{"@context":"https:\/\/schema.org","@graph":[{"@type":"WebPage","@id":"https:\/\/yaomarket.cl\/?product=te-ahmad-rooibos-cinnamon","url":"https:\/\/yaomarket.cl\/?product=te-ahmad-rooibos-cinnamon","name":"Te Ahmad Rooibos & Cinnamon - YAOMARKET","isPartOf":{"@id":"https:\/\/yaomarket.cl\/#website"},"primaryImageOfPage":{"@id":"https:\/\/yaomarket.cl\/?product=te-ahmad-rooibos-cinnamon#primaryimage"},"image":{"@id":"https:\/\/yaomarket.cl\/?product=te-ahmad-rooibos-cinnamon#primaryimage"},"thumbnailUrl":"https:\/\/yaomarket.cl\/wp-content\/uploads\/2023\/03\/teabag-ahmad-roibos-cinnamon-caja-20-unidades.png","datePublished":"2023-03-28T02:38:23+00:00","dateModified":"2025-11-04T16:35:28+00:00","breadcrumb":{"@id":"https:\/\/yaomarket.cl\/?product=te-ahmad-rooibos-cinnamon#breadcrumb"},"inLanguage":"es","potentialAction":[{"@type":"ReadAction","target":["https:\/\/yaomarket.cl\/?product=te-ahmad-rooibos-cinnamon"]}]},{"@type":"ImageObject","inLanguage":"es","@id":"https:\/\/yaomarket.cl\/?product=te-ahmad-rooibos-cinnamon#primaryimage","url":"https:\/\/yaomarket.cl\/wp-content\/uploads\/2023\/03\/teabag-ahmad-roibos-cinnamon-caja-20-unidades.png","contentUrl":"https:\/\/yaomarket.cl\/wp-content\/uploads\/2023\/03\/teabag-ahmad-roibos-cinnamon-caja-20-unidades.png","width":1100,"height":1422},{"@type":"BreadcrumbList","@id":"https:\/\/yaomarket.cl\/?product=te-ahmad-rooibos-cinnamon#breadcrumb","itemListElement":[{"@type":"ListItem","position":1,"name":"Portada","item":"https:\/\/yaomarket.cl\/"},{"@type":"ListItem","position":2,"name":"TIENDA","item":"https:\/\/yaomarket.cl\/?page_id=8"},{"@type":"ListItem","position":3,"name":"Te Ahmad Rooibos &#038; Cinnamon"}]},{"@type":"WebSite","@id":"https:\/\/yaomarket.cl\/#website","url":"https:\/\/yaomarket.cl\/","name":"YAOMARKET","description":"","publisher":{"@id":"https:\/\/yaomarket.cl\/#organization"},"potentialAction":[{"@type":"SearchAction","target":{"@type":"EntryPoint","urlTemplate":"https:\/\/yaomarket.cl\/?s={search_term_string}"},"query-input":{"@type":"PropertyValueSpecification","valueRequired":true,"valueName":"search_term_string"}}],"inLanguage":"es"},{"@type":"Organization","@id":"https:\/\/yaomarket.cl\/#organization","name":"YAOMARKET","url":"https:\/\/yaomarket.cl\/","logo":{"@type":"ImageObject","inLanguage":"es","@id":"https:\/\/yaomarket.cl\/#\/schema\/logo\/image\/","url":"https:\/\/yaomarket.cl\/wp-content\/uploads\/2023\/08\/Logo-Original-Yao-Market-Circular.png","contentUrl":"https:\/\/yaomarket.cl\/wp-content\/uploads\/2023\/08\/Logo-Original-Yao-Market-Circular.png","width":522,"height":522,"caption":"YAOMARKET"},"image":{"@id":"https:\/\/yaomarket.cl\/#\/schema\/logo\/image\/"},"sameAs":["https:\/\/www.facebook.com\/yaomarketchile\/","https:\/\/www.instagram.com\/yao_market\/"]}]}},"_links":{"self":[{"href":"https:\/\/yaomarket.cl\/index.php?rest_route=\/wp\/v2\/product\/9202","targetHints":{"allow":["GET"]}}],"collection":[{"href":"https:\/\/yaomarket.cl\/index.php?rest_route=\/wp\/v2\/product"}],"about":[{"href":"https:\/\/yaomarket.cl\/index.php?rest_route=\/wp\/v2\/types\/product"}],"wp:featuredmedia":[{"embeddable":true,"href":"https:\/\/yaomarket.cl\/index.php?rest_route=\/wp\/v2\/media\/9203"}],"wp:attachment":[{"href":"https:\/\/yaomarket.cl\/index.php?rest_route=%2Fwp%2Fv2%2Fmedia&parent=9202"}],"wp:term":[{"taxonomy":"product_cat","embeddable":true,"href":"https:\/\/yaomarket.cl\/index.php?rest_route=%2Fwp%2Fv2%2Fproduct_cat&post=9202"},{"taxonomy":"product_tag","embeddable":true,"href":"https:\/\/yaomarket.cl\/index.php?rest_route=%2Fwp%2Fv2%2Fproduct_tag&post=9202"}],"curies":[{"name":"wp","href":"https:\/\/api.w.org\/{rel}","templated":true}]}}