{"id":9200,"date":"2025-03-28T02:32:04","date_gmt":"2025-03-28T02:32:04","guid":{"rendered":"https:\/\/yaomarket.cl\/?post_type=product&#038;p=9200"},"modified":"2025-11-04T16:32:55","modified_gmt":"2025-11-04T16:32:55","slug":"infusion-ahmad-mixed-berries-caja-20-unidades","status":"publish","type":"product","link":"https:\/\/yaomarket.cl\/?product=infusion-ahmad-mixed-berries-caja-20-unidades","title":{"rendered":"Infusi\u00f3n Ahmad Mixed Berries (Caja 20 Unidades)"},"content":{"rendered":"","protected":false},"excerpt":{"rendered":"<div id=\"product-description-short-90\" class=\"rte-content product-description\">\n<div id=\"product-description-short-104\" class=\"rte-content product-description\">\n<div class=\"rte-content product-description\">\n<div id=\"product-description-short-101\" class=\"rte-content product-description\">\n<p>La infusi\u00f3n mixta de bayas e hibiscos es una mezcla deliciosamente llena de sabor a bayas de verano y frutas de seto. Un t\u00e9 de hierbas intensamente afrutado con un color rojo cereza brillante, revitalizar\u00e1 tu esp\u00edritu desde el primer sorbo hasta el \u00faltimo.<\/p>\n<p>Nuestros Tea Masters seleccionan ingredientes 100% naturales para crear esta mezcla. Una cama de manzana dulce, hojas de mora, rosa mosqueta y ralladura de naranja prepara el escenario para nuestras bayas y flores de hibisco favoritas de finales de verano. Luego a\u00f1adimos bayas de sa\u00faco, moras, ar\u00e1ndanos y frambuesas para crear un t\u00e9 de frutas y hierbas de rico sabor. Dulce, \u00e1cida y energizante, con un encantador aroma soleado, es la infusi\u00f3n perfecta sin cafe\u00edna.<\/p>\n<\/div>\n<\/div>\n<div class=\"product-actions\">\n<form id=\"add-to-cart-or-refresh\" action=\"https:\/\/europasecreta.cl\/carrito\" method=\"post\">\n<div class=\"product-add-to-cart pt-3\">\n<div class=\"row extra-small-gutters product-quantity \">\n<div class=\"col col-12 col-sm-auto col-add-btn \">\n<div class=\"add\"><\/div>\n<\/div>\n<\/div>\n<\/div>\n<\/form>\n<\/div>\n<\/div>\n<\/div>\n","protected":false},"featured_media":9201,"template":"","meta":[],"product_cat":[168,84,85],"product_tag":[173,172,200,192,203,199],"class_list":{"0":"post-9200","1":"product","2":"type-product","3":"status-publish","4":"has-post-thumbnail","6":"product_cat-infusiones","7":"product_cat-mundo-te","8":"product_cat-ahmad-tea","9":"product_tag-ahmad","10":"product_tag-ahmad-tea","11":"product_tag-green-tea","12":"product_tag-manzana","13":"product_tag-menta","14":"product_tag-te-verde","16":"first","17":"instock","18":"shipping-taxable","19":"purchasable","20":"product-type-simple"},"yoast_head":"<!-- This site is optimized with the Yoast SEO plugin v25.2 - https:\/\/yoast.com\/wordpress\/plugins\/seo\/ -->\n<title>Infusi\u00f3n Ahmad Mixed Berries (Caja 20 Unidades) - YAOMARKET<\/title>\n<meta name=\"robots\" content=\"index, follow, max-snippet:-1, max-image-preview:large, max-video-preview:-1\" \/>\n<link rel=\"canonical\" href=\"https:\/\/yaomarket.cl\/?product=infusion-ahmad-mixed-berries-caja-20-unidades\" \/>\n<meta property=\"og:locale\" content=\"es_ES\" \/>\n<meta property=\"og:type\" content=\"article\" \/>\n<meta property=\"og:title\" content=\"Infusi\u00f3n Ahmad Mixed Berries (Caja 20 Unidades) - YAOMARKET\" \/>\n<meta property=\"og:description\" content=\"La infusi\u00f3n mixta de bayas e hibiscos es una mezcla deliciosamente llena de sabor a bayas de verano y frutas de seto. Un t\u00e9 de hierbas intensamente afrutado con un color rojo cereza brillante, revitalizar\u00e1 tu esp\u00edritu desde el primer sorbo hasta el \u00faltimo.  Nuestros Tea Masters seleccionan ingredientes 100% naturales para crear esta mezcla. Una cama de manzana dulce, hojas de mora, rosa mosqueta y ralladura de naranja prepara el escenario para nuestras bayas y flores de hibisco favoritas de finales de verano. Luego a\u00f1adimos bayas de sa\u00faco, moras, ar\u00e1ndanos y frambuesas para crear un t\u00e9 de frutas y hierbas de rico sabor. Dulce, \u00e1cida y energizante, con un encantador aroma soleado, es la infusi\u00f3n perfecta sin cafe\u00edna.\" \/>\n<meta property=\"og:url\" content=\"https:\/\/yaomarket.cl\/?product=infusion-ahmad-mixed-berries-caja-20-unidades\" \/>\n<meta property=\"og:site_name\" content=\"YAOMARKET\" \/>\n<meta property=\"article:publisher\" content=\"https:\/\/www.facebook.com\/yaomarketchile\/\" \/>\n<meta property=\"article:modified_time\" content=\"2025-11-04T16:32:55+00:00\" \/>\n<meta property=\"og:image\" content=\"https:\/\/yaomarket.cl\/wp-content\/uploads\/2023\/03\/teabag-ahmad-mixed-berries-caja-20-unidades.png\" \/>\n\t<meta property=\"og:image:width\" content=\"1100\" \/>\n\t<meta property=\"og:image:height\" content=\"1422\" \/>\n\t<meta property=\"og:image:type\" content=\"image\/png\" \/>\n<meta name=\"twitter:card\" content=\"summary_large_image\" \/>\n<script type=\"application\/ld+json\" class=\"yoast-schema-graph\">{\"@context\":\"https:\/\/schema.org\",\"@graph\":[{\"@type\":\"WebPage\",\"@id\":\"https:\/\/yaomarket.cl\/?product=infusion-ahmad-mixed-berries-caja-20-unidades\",\"url\":\"https:\/\/yaomarket.cl\/?product=infusion-ahmad-mixed-berries-caja-20-unidades\",\"name\":\"Infusi\u00f3n Ahmad Mixed Berries (Caja 20 Unidades) - YAOMARKET\",\"isPartOf\":{\"@id\":\"https:\/\/yaomarket.cl\/#website\"},\"primaryImageOfPage\":{\"@id\":\"https:\/\/yaomarket.cl\/?product=infusion-ahmad-mixed-berries-caja-20-unidades#primaryimage\"},\"image\":{\"@id\":\"https:\/\/yaomarket.cl\/?product=infusion-ahmad-mixed-berries-caja-20-unidades#primaryimage\"},\"thumbnailUrl\":\"https:\/\/yaomarket.cl\/wp-content\/uploads\/2023\/03\/teabag-ahmad-mixed-berries-caja-20-unidades.png\",\"datePublished\":\"2025-03-28T02:32:04+00:00\",\"dateModified\":\"2025-11-04T16:32:55+00:00\",\"breadcrumb\":{\"@id\":\"https:\/\/yaomarket.cl\/?product=infusion-ahmad-mixed-berries-caja-20-unidades#breadcrumb\"},\"inLanguage\":\"es\",\"potentialAction\":[{\"@type\":\"ReadAction\",\"target\":[\"https:\/\/yaomarket.cl\/?product=infusion-ahmad-mixed-berries-caja-20-unidades\"]}]},{\"@type\":\"ImageObject\",\"inLanguage\":\"es\",\"@id\":\"https:\/\/yaomarket.cl\/?product=infusion-ahmad-mixed-berries-caja-20-unidades#primaryimage\",\"url\":\"https:\/\/yaomarket.cl\/wp-content\/uploads\/2023\/03\/teabag-ahmad-mixed-berries-caja-20-unidades.png\",\"contentUrl\":\"https:\/\/yaomarket.cl\/wp-content\/uploads\/2023\/03\/teabag-ahmad-mixed-berries-caja-20-unidades.png\",\"width\":1100,\"height\":1422},{\"@type\":\"BreadcrumbList\",\"@id\":\"https:\/\/yaomarket.cl\/?product=infusion-ahmad-mixed-berries-caja-20-unidades#breadcrumb\",\"itemListElement\":[{\"@type\":\"ListItem\",\"position\":1,\"name\":\"Portada\",\"item\":\"https:\/\/yaomarket.cl\/\"},{\"@type\":\"ListItem\",\"position\":2,\"name\":\"TIENDA\",\"item\":\"https:\/\/yaomarket.cl\/?page_id=8\"},{\"@type\":\"ListItem\",\"position\":3,\"name\":\"Infusi\u00f3n Ahmad Mixed Berries (Caja 20 Unidades)\"}]},{\"@type\":\"WebSite\",\"@id\":\"https:\/\/yaomarket.cl\/#website\",\"url\":\"https:\/\/yaomarket.cl\/\",\"name\":\"YAOMARKET\",\"description\":\"\",\"publisher\":{\"@id\":\"https:\/\/yaomarket.cl\/#organization\"},\"potentialAction\":[{\"@type\":\"SearchAction\",\"target\":{\"@type\":\"EntryPoint\",\"urlTemplate\":\"https:\/\/yaomarket.cl\/?s={search_term_string}\"},\"query-input\":{\"@type\":\"PropertyValueSpecification\",\"valueRequired\":true,\"valueName\":\"search_term_string\"}}],\"inLanguage\":\"es\"},{\"@type\":\"Organization\",\"@id\":\"https:\/\/yaomarket.cl\/#organization\",\"name\":\"YAOMARKET\",\"url\":\"https:\/\/yaomarket.cl\/\",\"logo\":{\"@type\":\"ImageObject\",\"inLanguage\":\"es\",\"@id\":\"https:\/\/yaomarket.cl\/#\/schema\/logo\/image\/\",\"url\":\"https:\/\/yaomarket.cl\/wp-content\/uploads\/2023\/08\/Logo-Original-Yao-Market-Circular.png\",\"contentUrl\":\"https:\/\/yaomarket.cl\/wp-content\/uploads\/2023\/08\/Logo-Original-Yao-Market-Circular.png\",\"width\":522,\"height\":522,\"caption\":\"YAOMARKET\"},\"image\":{\"@id\":\"https:\/\/yaomarket.cl\/#\/schema\/logo\/image\/\"},\"sameAs\":[\"https:\/\/www.facebook.com\/yaomarketchile\/\",\"https:\/\/www.instagram.com\/yao_market\/\"]}]}<\/script>\n<!-- \/ Yoast SEO plugin. -->","yoast_head_json":{"title":"Infusi\u00f3n Ahmad Mixed Berries (Caja 20 Unidades) - YAOMARKET","robots":{"index":"index","follow":"follow","max-snippet":"max-snippet:-1","max-image-preview":"max-image-preview:large","max-video-preview":"max-video-preview:-1"},"canonical":"https:\/\/yaomarket.cl\/?product=infusion-ahmad-mixed-berries-caja-20-unidades","og_locale":"es_ES","og_type":"article","og_title":"Infusi\u00f3n Ahmad Mixed Berries (Caja 20 Unidades) - YAOMARKET","og_description":"La infusi\u00f3n mixta de bayas e hibiscos es una mezcla deliciosamente llena de sabor a bayas de verano y frutas de seto. Un t\u00e9 de hierbas intensamente afrutado con un color rojo cereza brillante, revitalizar\u00e1 tu esp\u00edritu desde el primer sorbo hasta el \u00faltimo.  Nuestros Tea Masters seleccionan ingredientes 100% naturales para crear esta mezcla. Una cama de manzana dulce, hojas de mora, rosa mosqueta y ralladura de naranja prepara el escenario para nuestras bayas y flores de hibisco favoritas de finales de verano. Luego a\u00f1adimos bayas de sa\u00faco, moras, ar\u00e1ndanos y frambuesas para crear un t\u00e9 de frutas y hierbas de rico sabor. Dulce, \u00e1cida y energizante, con un encantador aroma soleado, es la infusi\u00f3n perfecta sin cafe\u00edna.","og_url":"https:\/\/yaomarket.cl\/?product=infusion-ahmad-mixed-berries-caja-20-unidades","og_site_name":"YAOMARKET","article_publisher":"https:\/\/www.facebook.com\/yaomarketchile\/","article_modified_time":"2025-11-04T16:32:55+00:00","og_image":[{"width":1100,"height":1422,"url":"https:\/\/yaomarket.cl\/wp-content\/uploads\/2023\/03\/teabag-ahmad-mixed-berries-caja-20-unidades.png","type":"image\/png"}],"twitter_card":"summary_large_image","schema":{"@context":"https:\/\/schema.org","@graph":[{"@type":"WebPage","@id":"https:\/\/yaomarket.cl\/?product=infusion-ahmad-mixed-berries-caja-20-unidades","url":"https:\/\/yaomarket.cl\/?product=infusion-ahmad-mixed-berries-caja-20-unidades","name":"Infusi\u00f3n Ahmad Mixed Berries (Caja 20 Unidades) - YAOMARKET","isPartOf":{"@id":"https:\/\/yaomarket.cl\/#website"},"primaryImageOfPage":{"@id":"https:\/\/yaomarket.cl\/?product=infusion-ahmad-mixed-berries-caja-20-unidades#primaryimage"},"image":{"@id":"https:\/\/yaomarket.cl\/?product=infusion-ahmad-mixed-berries-caja-20-unidades#primaryimage"},"thumbnailUrl":"https:\/\/yaomarket.cl\/wp-content\/uploads\/2023\/03\/teabag-ahmad-mixed-berries-caja-20-unidades.png","datePublished":"2025-03-28T02:32:04+00:00","dateModified":"2025-11-04T16:32:55+00:00","breadcrumb":{"@id":"https:\/\/yaomarket.cl\/?product=infusion-ahmad-mixed-berries-caja-20-unidades#breadcrumb"},"inLanguage":"es","potentialAction":[{"@type":"ReadAction","target":["https:\/\/yaomarket.cl\/?product=infusion-ahmad-mixed-berries-caja-20-unidades"]}]},{"@type":"ImageObject","inLanguage":"es","@id":"https:\/\/yaomarket.cl\/?product=infusion-ahmad-mixed-berries-caja-20-unidades#primaryimage","url":"https:\/\/yaomarket.cl\/wp-content\/uploads\/2023\/03\/teabag-ahmad-mixed-berries-caja-20-unidades.png","contentUrl":"https:\/\/yaomarket.cl\/wp-content\/uploads\/2023\/03\/teabag-ahmad-mixed-berries-caja-20-unidades.png","width":1100,"height":1422},{"@type":"BreadcrumbList","@id":"https:\/\/yaomarket.cl\/?product=infusion-ahmad-mixed-berries-caja-20-unidades#breadcrumb","itemListElement":[{"@type":"ListItem","position":1,"name":"Portada","item":"https:\/\/yaomarket.cl\/"},{"@type":"ListItem","position":2,"name":"TIENDA","item":"https:\/\/yaomarket.cl\/?page_id=8"},{"@type":"ListItem","position":3,"name":"Infusi\u00f3n Ahmad Mixed Berries (Caja 20 Unidades)"}]},{"@type":"WebSite","@id":"https:\/\/yaomarket.cl\/#website","url":"https:\/\/yaomarket.cl\/","name":"YAOMARKET","description":"","publisher":{"@id":"https:\/\/yaomarket.cl\/#organization"},"potentialAction":[{"@type":"SearchAction","target":{"@type":"EntryPoint","urlTemplate":"https:\/\/yaomarket.cl\/?s={search_term_string}"},"query-input":{"@type":"PropertyValueSpecification","valueRequired":true,"valueName":"search_term_string"}}],"inLanguage":"es"},{"@type":"Organization","@id":"https:\/\/yaomarket.cl\/#organization","name":"YAOMARKET","url":"https:\/\/yaomarket.cl\/","logo":{"@type":"ImageObject","inLanguage":"es","@id":"https:\/\/yaomarket.cl\/#\/schema\/logo\/image\/","url":"https:\/\/yaomarket.cl\/wp-content\/uploads\/2023\/08\/Logo-Original-Yao-Market-Circular.png","contentUrl":"https:\/\/yaomarket.cl\/wp-content\/uploads\/2023\/08\/Logo-Original-Yao-Market-Circular.png","width":522,"height":522,"caption":"YAOMARKET"},"image":{"@id":"https:\/\/yaomarket.cl\/#\/schema\/logo\/image\/"},"sameAs":["https:\/\/www.facebook.com\/yaomarketchile\/","https:\/\/www.instagram.com\/yao_market\/"]}]}},"_links":{"self":[{"href":"https:\/\/yaomarket.cl\/index.php?rest_route=\/wp\/v2\/product\/9200","targetHints":{"allow":["GET"]}}],"collection":[{"href":"https:\/\/yaomarket.cl\/index.php?rest_route=\/wp\/v2\/product"}],"about":[{"href":"https:\/\/yaomarket.cl\/index.php?rest_route=\/wp\/v2\/types\/product"}],"wp:featuredmedia":[{"embeddable":true,"href":"https:\/\/yaomarket.cl\/index.php?rest_route=\/wp\/v2\/media\/9201"}],"wp:attachment":[{"href":"https:\/\/yaomarket.cl\/index.php?rest_route=%2Fwp%2Fv2%2Fmedia&parent=9200"}],"wp:term":[{"taxonomy":"product_cat","embeddable":true,"href":"https:\/\/yaomarket.cl\/index.php?rest_route=%2Fwp%2Fv2%2Fproduct_cat&post=9200"},{"taxonomy":"product_tag","embeddable":true,"href":"https:\/\/yaomarket.cl\/index.php?rest_route=%2Fwp%2Fv2%2Fproduct_tag&post=9200"}],"curies":[{"name":"wp","href":"https:\/\/api.w.org\/{rel}","templated":true}]}}