{"id":9142,"date":"2023-03-24T01:50:15","date_gmt":"2023-03-24T01:50:15","guid":{"rendered":"https:\/\/yaomarket.cl\/?post_type=product&#038;p=9142"},"modified":"2023-03-24T01:52:12","modified_gmt":"2023-03-24T01:52:12","slug":"te-negro-ahmad-english-tea-no1-caja-100-unidades","status":"publish","type":"product","link":"https:\/\/yaomarket.cl\/?product=te-negro-ahmad-english-tea-no1-caja-100-unidades","title":{"rendered":"T\u00e9 negro Ahmad English Tea N\u00ba1 (Caja 100 Unidades)"},"content":{"rendered":"","protected":false},"excerpt":{"rendered":"<p>Nuestro English Tea No.1 es un t\u00e9 negro fresco y elegante con un toque sutil de bergamota. Mezclado para dar una bebida delicadamente equilibrada, es un t\u00e9 para aquellos que disfrutan de las cosas buenas de la vida. Nuestros Tea Masters equilibran los t\u00e9s de Ceil\u00e1n, Kenia y Assam para esta mezcla. Utilizan un mont\u00f3n de Ceil\u00e1n de alto crecimiento, procedente de las colinas centrales del pa\u00eds. Aqu\u00ed es donde se encuentran los mejores jardines de t\u00e9 de Sri Lanka. Le da a la mezcla su calidad vivaz y en\u00e9rgica, que realzamos con un toque de nuestro sabor distintivo de bergamota c\u00edtrica.<\/p>\n<p>Cantidad por envase: 100 bolsitas<\/p>\n","protected":false},"featured_media":9143,"template":"","meta":[],"product_cat":[165,84,85],"product_tag":[180,173,172,175,178,179,174],"class_list":{"0":"post-9142","1":"product","2":"type-product","3":"status-publish","4":"has-post-thumbnail","6":"product_cat-te-negro","7":"product_cat-mundo-te","8":"product_cat-ahmad-tea","9":"product_tag-180","10":"product_tag-ahmad","11":"product_tag-ahmad-tea","12":"product_tag-black-tea","13":"product_tag-english-tea","14":"product_tag-n1","15":"product_tag-te-negro","17":"first","18":"instock","19":"shipping-taxable","20":"purchasable","21":"product-type-simple"},"yoast_head":"<!-- This site is optimized with the Yoast SEO plugin v25.2 - https:\/\/yoast.com\/wordpress\/plugins\/seo\/ -->\n<title>T\u00e9 negro Ahmad English Tea N\u00ba1 (Caja 100 Unidades) - YAOMARKET<\/title>\n<meta name=\"robots\" content=\"index, follow, max-snippet:-1, max-image-preview:large, max-video-preview:-1\" \/>\n<link rel=\"canonical\" href=\"https:\/\/yaomarket.cl\/product\/te-negro-ahmad-english-tea-no1-caja-100-unidades\/\" \/>\n<meta property=\"og:locale\" content=\"es_ES\" \/>\n<meta property=\"og:type\" content=\"article\" \/>\n<meta property=\"og:title\" content=\"T\u00e9 negro Ahmad English Tea N\u00ba1 (Caja 100 Unidades) - YAOMARKET\" \/>\n<meta property=\"og:description\" content=\"Nuestro English Tea No.1 es un t\u00e9 negro fresco y elegante con un toque sutil de bergamota. Mezclado para dar una bebida delicadamente equilibrada, es un t\u00e9 para aquellos que disfrutan de las cosas buenas de la vida. Nuestros Tea Masters equilibran los t\u00e9s de Ceil\u00e1n, Kenia y Assam para esta mezcla. Utilizan un mont\u00f3n de Ceil\u00e1n de alto crecimiento, procedente de las colinas centrales del pa\u00eds. Aqu\u00ed es donde se encuentran los mejores jardines de t\u00e9 de Sri Lanka. Le da a la mezcla su calidad vivaz y en\u00e9rgica, que realzamos con un toque de nuestro sabor distintivo de bergamota c\u00edtrica.  Cantidad por envase: 100 bolsitas\" \/>\n<meta property=\"og:url\" content=\"https:\/\/yaomarket.cl\/product\/te-negro-ahmad-english-tea-no1-caja-100-unidades\/\" \/>\n<meta property=\"og:site_name\" content=\"YAOMARKET\" \/>\n<meta property=\"article:publisher\" content=\"https:\/\/www.facebook.com\/yaomarketchile\/\" \/>\n<meta property=\"article:modified_time\" content=\"2023-03-24T01:52:12+00:00\" \/>\n<meta property=\"og:image\" content=\"https:\/\/yaomarket.cl\/wp-content\/uploads\/2023\/03\/teabag-ahmad-english-tea-n1-caja-100-unidades.png\" \/>\n\t<meta property=\"og:image:width\" content=\"1100\" \/>\n\t<meta property=\"og:image:height\" content=\"1422\" \/>\n\t<meta property=\"og:image:type\" content=\"image\/png\" \/>\n<meta name=\"twitter:card\" content=\"summary_large_image\" \/>\n<script type=\"application\/ld+json\" class=\"yoast-schema-graph\">{\"@context\":\"https:\/\/schema.org\",\"@graph\":[{\"@type\":\"WebPage\",\"@id\":\"https:\/\/yaomarket.cl\/product\/te-negro-ahmad-english-tea-no1-caja-100-unidades\/\",\"url\":\"https:\/\/yaomarket.cl\/product\/te-negro-ahmad-english-tea-no1-caja-100-unidades\/\",\"name\":\"T\u00e9 negro Ahmad English Tea N\u00ba1 (Caja 100 Unidades) - YAOMARKET\",\"isPartOf\":{\"@id\":\"https:\/\/yaomarket.cl\/#website\"},\"primaryImageOfPage\":{\"@id\":\"https:\/\/yaomarket.cl\/product\/te-negro-ahmad-english-tea-no1-caja-100-unidades\/#primaryimage\"},\"image\":{\"@id\":\"https:\/\/yaomarket.cl\/product\/te-negro-ahmad-english-tea-no1-caja-100-unidades\/#primaryimage\"},\"thumbnailUrl\":\"https:\/\/yaomarket.cl\/wp-content\/uploads\/2023\/03\/teabag-ahmad-english-tea-n1-caja-100-unidades.png\",\"datePublished\":\"2023-03-24T01:50:15+00:00\",\"dateModified\":\"2023-03-24T01:52:12+00:00\",\"breadcrumb\":{\"@id\":\"https:\/\/yaomarket.cl\/product\/te-negro-ahmad-english-tea-no1-caja-100-unidades\/#breadcrumb\"},\"inLanguage\":\"es\",\"potentialAction\":[{\"@type\":\"ReadAction\",\"target\":[\"https:\/\/yaomarket.cl\/product\/te-negro-ahmad-english-tea-no1-caja-100-unidades\/\"]}]},{\"@type\":\"ImageObject\",\"inLanguage\":\"es\",\"@id\":\"https:\/\/yaomarket.cl\/product\/te-negro-ahmad-english-tea-no1-caja-100-unidades\/#primaryimage\",\"url\":\"https:\/\/yaomarket.cl\/wp-content\/uploads\/2023\/03\/teabag-ahmad-english-tea-n1-caja-100-unidades.png\",\"contentUrl\":\"https:\/\/yaomarket.cl\/wp-content\/uploads\/2023\/03\/teabag-ahmad-english-tea-n1-caja-100-unidades.png\",\"width\":1100,\"height\":1422},{\"@type\":\"BreadcrumbList\",\"@id\":\"https:\/\/yaomarket.cl\/product\/te-negro-ahmad-english-tea-no1-caja-100-unidades\/#breadcrumb\",\"itemListElement\":[{\"@type\":\"ListItem\",\"position\":1,\"name\":\"Portada\",\"item\":\"https:\/\/yaomarket.cl\/\"},{\"@type\":\"ListItem\",\"position\":2,\"name\":\"TIENDA\",\"item\":\"https:\/\/yaomarket.cl\/?page_id=8\"},{\"@type\":\"ListItem\",\"position\":3,\"name\":\"T\u00e9 negro Ahmad English Tea N\u00ba1 (Caja 100 Unidades)\"}]},{\"@type\":\"WebSite\",\"@id\":\"https:\/\/yaomarket.cl\/#website\",\"url\":\"https:\/\/yaomarket.cl\/\",\"name\":\"YAOMARKET\",\"description\":\"\",\"publisher\":{\"@id\":\"https:\/\/yaomarket.cl\/#organization\"},\"potentialAction\":[{\"@type\":\"SearchAction\",\"target\":{\"@type\":\"EntryPoint\",\"urlTemplate\":\"https:\/\/yaomarket.cl\/?s={search_term_string}\"},\"query-input\":{\"@type\":\"PropertyValueSpecification\",\"valueRequired\":true,\"valueName\":\"search_term_string\"}}],\"inLanguage\":\"es\"},{\"@type\":\"Organization\",\"@id\":\"https:\/\/yaomarket.cl\/#organization\",\"name\":\"YAOMARKET\",\"url\":\"https:\/\/yaomarket.cl\/\",\"logo\":{\"@type\":\"ImageObject\",\"inLanguage\":\"es\",\"@id\":\"https:\/\/yaomarket.cl\/#\/schema\/logo\/image\/\",\"url\":\"https:\/\/yaomarket.cl\/wp-content\/uploads\/2023\/08\/Logo-Original-Yao-Market-Circular.png\",\"contentUrl\":\"https:\/\/yaomarket.cl\/wp-content\/uploads\/2023\/08\/Logo-Original-Yao-Market-Circular.png\",\"width\":522,\"height\":522,\"caption\":\"YAOMARKET\"},\"image\":{\"@id\":\"https:\/\/yaomarket.cl\/#\/schema\/logo\/image\/\"},\"sameAs\":[\"https:\/\/www.facebook.com\/yaomarketchile\/\",\"https:\/\/www.instagram.com\/yao_market\/\"]}]}<\/script>\n<!-- \/ Yoast SEO plugin. -->","yoast_head_json":{"title":"T\u00e9 negro Ahmad English Tea N\u00ba1 (Caja 100 Unidades) - YAOMARKET","robots":{"index":"index","follow":"follow","max-snippet":"max-snippet:-1","max-image-preview":"max-image-preview:large","max-video-preview":"max-video-preview:-1"},"canonical":"https:\/\/yaomarket.cl\/product\/te-negro-ahmad-english-tea-no1-caja-100-unidades\/","og_locale":"es_ES","og_type":"article","og_title":"T\u00e9 negro Ahmad English Tea N\u00ba1 (Caja 100 Unidades) - YAOMARKET","og_description":"Nuestro English Tea No.1 es un t\u00e9 negro fresco y elegante con un toque sutil de bergamota. Mezclado para dar una bebida delicadamente equilibrada, es un t\u00e9 para aquellos que disfrutan de las cosas buenas de la vida. Nuestros Tea Masters equilibran los t\u00e9s de Ceil\u00e1n, Kenia y Assam para esta mezcla. Utilizan un mont\u00f3n de Ceil\u00e1n de alto crecimiento, procedente de las colinas centrales del pa\u00eds. Aqu\u00ed es donde se encuentran los mejores jardines de t\u00e9 de Sri Lanka. Le da a la mezcla su calidad vivaz y en\u00e9rgica, que realzamos con un toque de nuestro sabor distintivo de bergamota c\u00edtrica.  Cantidad por envase: 100 bolsitas","og_url":"https:\/\/yaomarket.cl\/product\/te-negro-ahmad-english-tea-no1-caja-100-unidades\/","og_site_name":"YAOMARKET","article_publisher":"https:\/\/www.facebook.com\/yaomarketchile\/","article_modified_time":"2023-03-24T01:52:12+00:00","og_image":[{"width":1100,"height":1422,"url":"https:\/\/yaomarket.cl\/wp-content\/uploads\/2023\/03\/teabag-ahmad-english-tea-n1-caja-100-unidades.png","type":"image\/png"}],"twitter_card":"summary_large_image","schema":{"@context":"https:\/\/schema.org","@graph":[{"@type":"WebPage","@id":"https:\/\/yaomarket.cl\/product\/te-negro-ahmad-english-tea-no1-caja-100-unidades\/","url":"https:\/\/yaomarket.cl\/product\/te-negro-ahmad-english-tea-no1-caja-100-unidades\/","name":"T\u00e9 negro Ahmad English Tea N\u00ba1 (Caja 100 Unidades) - YAOMARKET","isPartOf":{"@id":"https:\/\/yaomarket.cl\/#website"},"primaryImageOfPage":{"@id":"https:\/\/yaomarket.cl\/product\/te-negro-ahmad-english-tea-no1-caja-100-unidades\/#primaryimage"},"image":{"@id":"https:\/\/yaomarket.cl\/product\/te-negro-ahmad-english-tea-no1-caja-100-unidades\/#primaryimage"},"thumbnailUrl":"https:\/\/yaomarket.cl\/wp-content\/uploads\/2023\/03\/teabag-ahmad-english-tea-n1-caja-100-unidades.png","datePublished":"2023-03-24T01:50:15+00:00","dateModified":"2023-03-24T01:52:12+00:00","breadcrumb":{"@id":"https:\/\/yaomarket.cl\/product\/te-negro-ahmad-english-tea-no1-caja-100-unidades\/#breadcrumb"},"inLanguage":"es","potentialAction":[{"@type":"ReadAction","target":["https:\/\/yaomarket.cl\/product\/te-negro-ahmad-english-tea-no1-caja-100-unidades\/"]}]},{"@type":"ImageObject","inLanguage":"es","@id":"https:\/\/yaomarket.cl\/product\/te-negro-ahmad-english-tea-no1-caja-100-unidades\/#primaryimage","url":"https:\/\/yaomarket.cl\/wp-content\/uploads\/2023\/03\/teabag-ahmad-english-tea-n1-caja-100-unidades.png","contentUrl":"https:\/\/yaomarket.cl\/wp-content\/uploads\/2023\/03\/teabag-ahmad-english-tea-n1-caja-100-unidades.png","width":1100,"height":1422},{"@type":"BreadcrumbList","@id":"https:\/\/yaomarket.cl\/product\/te-negro-ahmad-english-tea-no1-caja-100-unidades\/#breadcrumb","itemListElement":[{"@type":"ListItem","position":1,"name":"Portada","item":"https:\/\/yaomarket.cl\/"},{"@type":"ListItem","position":2,"name":"TIENDA","item":"https:\/\/yaomarket.cl\/?page_id=8"},{"@type":"ListItem","position":3,"name":"T\u00e9 negro Ahmad English Tea N\u00ba1 (Caja 100 Unidades)"}]},{"@type":"WebSite","@id":"https:\/\/yaomarket.cl\/#website","url":"https:\/\/yaomarket.cl\/","name":"YAOMARKET","description":"","publisher":{"@id":"https:\/\/yaomarket.cl\/#organization"},"potentialAction":[{"@type":"SearchAction","target":{"@type":"EntryPoint","urlTemplate":"https:\/\/yaomarket.cl\/?s={search_term_string}"},"query-input":{"@type":"PropertyValueSpecification","valueRequired":true,"valueName":"search_term_string"}}],"inLanguage":"es"},{"@type":"Organization","@id":"https:\/\/yaomarket.cl\/#organization","name":"YAOMARKET","url":"https:\/\/yaomarket.cl\/","logo":{"@type":"ImageObject","inLanguage":"es","@id":"https:\/\/yaomarket.cl\/#\/schema\/logo\/image\/","url":"https:\/\/yaomarket.cl\/wp-content\/uploads\/2023\/08\/Logo-Original-Yao-Market-Circular.png","contentUrl":"https:\/\/yaomarket.cl\/wp-content\/uploads\/2023\/08\/Logo-Original-Yao-Market-Circular.png","width":522,"height":522,"caption":"YAOMARKET"},"image":{"@id":"https:\/\/yaomarket.cl\/#\/schema\/logo\/image\/"},"sameAs":["https:\/\/www.facebook.com\/yaomarketchile\/","https:\/\/www.instagram.com\/yao_market\/"]}]}},"_links":{"self":[{"href":"https:\/\/yaomarket.cl\/index.php?rest_route=\/wp\/v2\/product\/9142","targetHints":{"allow":["GET"]}}],"collection":[{"href":"https:\/\/yaomarket.cl\/index.php?rest_route=\/wp\/v2\/product"}],"about":[{"href":"https:\/\/yaomarket.cl\/index.php?rest_route=\/wp\/v2\/types\/product"}],"wp:featuredmedia":[{"embeddable":true,"href":"https:\/\/yaomarket.cl\/index.php?rest_route=\/wp\/v2\/media\/9143"}],"wp:attachment":[{"href":"https:\/\/yaomarket.cl\/index.php?rest_route=%2Fwp%2Fv2%2Fmedia&parent=9142"}],"wp:term":[{"taxonomy":"product_cat","embeddable":true,"href":"https:\/\/yaomarket.cl\/index.php?rest_route=%2Fwp%2Fv2%2Fproduct_cat&post=9142"},{"taxonomy":"product_tag","embeddable":true,"href":"https:\/\/yaomarket.cl\/index.php?rest_route=%2Fwp%2Fv2%2Fproduct_tag&post=9142"}],"curies":[{"name":"wp","href":"https:\/\/api.w.org\/{rel}","templated":true}]}}