{"id":9129,"date":"2025-03-24T00:47:51","date_gmt":"2025-03-24T00:47:51","guid":{"rendered":"https:\/\/yaomarket.cl\/?post_type=product&#038;p=9129"},"modified":"2025-05-27T03:30:37","modified_gmt":"2025-05-27T03:30:37","slug":"spice-up-my-coffee-salted-caramel-65-gr","status":"publish","type":"product","link":"https:\/\/yaomarket.cl\/?product=spice-up-my-coffee-salted-caramel-65-gr","title":{"rendered":"Spice Up My Coffee Salted Caramel 65 Gr"},"content":{"rendered":"","protected":false},"excerpt":{"rendered":"<div id=\"product-description-short-29\" class=\"rte-content product-description\">\n<div id=\"product-description-short-587\" class=\"rte-content product-description\">\n<div id=\"product-description-short-588\" class=\"rte-content product-description\">\n<div id=\"product-description-short-601\" class=\"rte-content product-description\">\n<div id=\"product-description-short-40\" class=\"rte-content product-description\">\n<div id=\"product-description-short-44\" class=\"rte-content product-description\">\n<div id=\"product-description-short-74\" class=\"rte-content product-description\">\n<div id=\"product-description-short-595\" class=\"rte-content product-description\">\n<div id=\"product-description-short-600\" class=\"rte-content product-description\">\n<div id=\"product-description-short-562\" class=\"rte-content product-description\">\n<div id=\"product-description-short-563\" class=\"rte-content product-description\">\n<p>Agregue nuevos acentos de sabor con esta mezcla de caramelo y sal reci\u00e9n molida. \u00a1Deja tu huella en el caf\u00e9 y otras bebidas calientes! Ideal para: Como aderezo o edulcorante, Salted Caramel de Kot\u00e1nyi es adecuado para cualquier tipo de caf\u00e9 y otras bebidas calientes como matcha latte o chocolate caliente, as\u00ed como para helados, tartas y otros postres.<\/p>\n<p>Contenido Neto: 65grs<\/p>\n<\/div>\n<div class=\"product-actions\">\n<form id=\"add-to-cart-or-refresh\" action=\"https:\/\/europasecreta.cl\/carrito\" method=\"post\">\n<div class=\"product-add-to-cart pt-3\">\n<div class=\"row extra-small-gutters product-quantity \">\n<div class=\"col col-12 col-sm-auto col-add-qty\">\n<div class=\"qty \">\n<div class=\"input-group bootstrap-touchspin\"><\/div>\n<\/div>\n<\/div>\n<\/div>\n<\/div>\n<\/form>\n<\/div>\n<\/div>\n<div class=\"product-actions\">\n<form id=\"add-to-cart-or-refresh\" action=\"https:\/\/europasecreta.cl\/carrito\" method=\"post\">\n<div class=\"product-add-to-cart pt-3\">\n<div class=\"row extra-small-gutters product-quantity \">\n<div class=\"col col-12 col-sm-auto col-add-qty\">\n<div class=\"qty \">\n<div class=\"input-group bootstrap-touchspin\"><\/div>\n<\/div>\n<\/div>\n<\/div>\n<\/div>\n<\/form>\n<\/div>\n<\/div>\n<\/div>\n<\/div>\n<\/div>\n<\/div>\n<\/div>\n<\/div>\n<\/div>\n<\/div>\n","protected":false},"featured_media":9130,"template":"","meta":[],"product_cat":[699,696,697,72,132],"product_tag":[157,104,160,103,109,162,127,164,161,163,158,113,110,140,154,141,107,118,159],"class_list":{"0":"post-9129","1":"product","2":"type-product","3":"status-publish","4":"has-post-thumbnail","6":"product_cat-especias-para-cafe","7":"product_cat-gourmet","8":"product_cat-para-cocinar","9":"product_cat-cafe","10":"product_cat-aderezos-para-el-cafe","11":"product_tag-aderezo","12":"product_tag-arabico","13":"product_tag-cacao","14":"product_tag-cafe","15":"product_tag-cafeina","16":"product_tag-canela","17":"product_tag-capsula","18":"product_tag-caramelo","19":"product_tag-chai","20":"product_tag-cinnamon","21":"product_tag-coffee","22":"product_tag-espresso","23":"product_tag-extrema-cafeina","24":"product_tag-filtrado","25":"product_tag-filtro","26":"product_tag-glass","27":"product_tag-grano","28":"product_tag-moka","29":"product_tag-spice-up","30":"pa_tipo-de-cafe-cafe-en-grano","32":"first","33":"instock","34":"shipping-taxable","35":"purchasable","36":"product-type-simple"},"yoast_head":"<!-- This site is optimized with the Yoast SEO plugin v25.2 - https:\/\/yoast.com\/wordpress\/plugins\/seo\/ -->\n<title>Spice Up My Coffee Salted Caramel 65 Gr - YAOMARKET<\/title>\n<meta name=\"robots\" content=\"index, follow, max-snippet:-1, max-image-preview:large, max-video-preview:-1\" \/>\n<link rel=\"canonical\" href=\"https:\/\/yaomarket.cl\/?product=spice-up-my-coffee-salted-caramel-65-gr\" \/>\n<meta property=\"og:locale\" content=\"es_ES\" \/>\n<meta property=\"og:type\" content=\"article\" \/>\n<meta property=\"og:title\" content=\"Spice Up My Coffee Salted Caramel 65 Gr - YAOMARKET\" \/>\n<meta property=\"og:description\" content=\"Agregue nuevos acentos de sabor con esta mezcla de caramelo y sal reci\u00e9n molida. \u00a1Deja tu huella en el caf\u00e9 y otras bebidas calientes! Ideal para: Como aderezo o edulcorante, Salted Caramel de Kot\u00e1nyi es adecuado para cualquier tipo de caf\u00e9 y otras bebidas calientes como matcha latte o chocolate caliente, as\u00ed como para helados, tartas y otros postres.  Contenido Neto: 65grs\" \/>\n<meta property=\"og:url\" content=\"https:\/\/yaomarket.cl\/?product=spice-up-my-coffee-salted-caramel-65-gr\" \/>\n<meta property=\"og:site_name\" content=\"YAOMARKET\" \/>\n<meta property=\"article:publisher\" content=\"https:\/\/www.facebook.com\/yaomarketchile\/\" \/>\n<meta property=\"article:modified_time\" content=\"2025-05-27T03:30:37+00:00\" \/>\n<meta property=\"og:image\" content=\"https:\/\/yaomarket.cl\/wp-content\/uploads\/2023\/03\/spice-up-my-coffee-salted-caramel-65-gr-con-molinillo.png\" \/>\n\t<meta property=\"og:image:width\" content=\"1100\" \/>\n\t<meta property=\"og:image:height\" content=\"1422\" \/>\n\t<meta property=\"og:image:type\" content=\"image\/png\" \/>\n<meta name=\"twitter:card\" content=\"summary_large_image\" \/>\n<script type=\"application\/ld+json\" class=\"yoast-schema-graph\">{\"@context\":\"https:\/\/schema.org\",\"@graph\":[{\"@type\":\"WebPage\",\"@id\":\"https:\/\/yaomarket.cl\/?product=spice-up-my-coffee-salted-caramel-65-gr\",\"url\":\"https:\/\/yaomarket.cl\/?product=spice-up-my-coffee-salted-caramel-65-gr\",\"name\":\"Spice Up My Coffee Salted Caramel 65 Gr - YAOMARKET\",\"isPartOf\":{\"@id\":\"https:\/\/yaomarket.cl\/#website\"},\"primaryImageOfPage\":{\"@id\":\"https:\/\/yaomarket.cl\/?product=spice-up-my-coffee-salted-caramel-65-gr#primaryimage\"},\"image\":{\"@id\":\"https:\/\/yaomarket.cl\/?product=spice-up-my-coffee-salted-caramel-65-gr#primaryimage\"},\"thumbnailUrl\":\"https:\/\/yaomarket.cl\/wp-content\/uploads\/2023\/03\/spice-up-my-coffee-salted-caramel-65-gr-con-molinillo.png\",\"datePublished\":\"2025-03-24T00:47:51+00:00\",\"dateModified\":\"2025-05-27T03:30:37+00:00\",\"breadcrumb\":{\"@id\":\"https:\/\/yaomarket.cl\/?product=spice-up-my-coffee-salted-caramel-65-gr#breadcrumb\"},\"inLanguage\":\"es\",\"potentialAction\":[{\"@type\":\"ReadAction\",\"target\":[\"https:\/\/yaomarket.cl\/?product=spice-up-my-coffee-salted-caramel-65-gr\"]}]},{\"@type\":\"ImageObject\",\"inLanguage\":\"es\",\"@id\":\"https:\/\/yaomarket.cl\/?product=spice-up-my-coffee-salted-caramel-65-gr#primaryimage\",\"url\":\"https:\/\/yaomarket.cl\/wp-content\/uploads\/2023\/03\/spice-up-my-coffee-salted-caramel-65-gr-con-molinillo.png\",\"contentUrl\":\"https:\/\/yaomarket.cl\/wp-content\/uploads\/2023\/03\/spice-up-my-coffee-salted-caramel-65-gr-con-molinillo.png\",\"width\":1100,\"height\":1422},{\"@type\":\"BreadcrumbList\",\"@id\":\"https:\/\/yaomarket.cl\/?product=spice-up-my-coffee-salted-caramel-65-gr#breadcrumb\",\"itemListElement\":[{\"@type\":\"ListItem\",\"position\":1,\"name\":\"Portada\",\"item\":\"https:\/\/yaomarket.cl\/\"},{\"@type\":\"ListItem\",\"position\":2,\"name\":\"TIENDA\",\"item\":\"https:\/\/yaomarket.cl\/?page_id=8\"},{\"@type\":\"ListItem\",\"position\":3,\"name\":\"Spice Up My Coffee Salted Caramel 65 Gr\"}]},{\"@type\":\"WebSite\",\"@id\":\"https:\/\/yaomarket.cl\/#website\",\"url\":\"https:\/\/yaomarket.cl\/\",\"name\":\"YAOMARKET\",\"description\":\"\",\"publisher\":{\"@id\":\"https:\/\/yaomarket.cl\/#organization\"},\"potentialAction\":[{\"@type\":\"SearchAction\",\"target\":{\"@type\":\"EntryPoint\",\"urlTemplate\":\"https:\/\/yaomarket.cl\/?s={search_term_string}\"},\"query-input\":{\"@type\":\"PropertyValueSpecification\",\"valueRequired\":true,\"valueName\":\"search_term_string\"}}],\"inLanguage\":\"es\"},{\"@type\":\"Organization\",\"@id\":\"https:\/\/yaomarket.cl\/#organization\",\"name\":\"YAOMARKET\",\"url\":\"https:\/\/yaomarket.cl\/\",\"logo\":{\"@type\":\"ImageObject\",\"inLanguage\":\"es\",\"@id\":\"https:\/\/yaomarket.cl\/#\/schema\/logo\/image\/\",\"url\":\"https:\/\/yaomarket.cl\/wp-content\/uploads\/2023\/08\/Logo-Original-Yao-Market-Circular.png\",\"contentUrl\":\"https:\/\/yaomarket.cl\/wp-content\/uploads\/2023\/08\/Logo-Original-Yao-Market-Circular.png\",\"width\":522,\"height\":522,\"caption\":\"YAOMARKET\"},\"image\":{\"@id\":\"https:\/\/yaomarket.cl\/#\/schema\/logo\/image\/\"},\"sameAs\":[\"https:\/\/www.facebook.com\/yaomarketchile\/\",\"https:\/\/www.instagram.com\/yao_market\/\"]}]}<\/script>\n<!-- \/ Yoast SEO plugin. -->","yoast_head_json":{"title":"Spice Up My Coffee Salted Caramel 65 Gr - YAOMARKET","robots":{"index":"index","follow":"follow","max-snippet":"max-snippet:-1","max-image-preview":"max-image-preview:large","max-video-preview":"max-video-preview:-1"},"canonical":"https:\/\/yaomarket.cl\/?product=spice-up-my-coffee-salted-caramel-65-gr","og_locale":"es_ES","og_type":"article","og_title":"Spice Up My Coffee Salted Caramel 65 Gr - YAOMARKET","og_description":"Agregue nuevos acentos de sabor con esta mezcla de caramelo y sal reci\u00e9n molida. \u00a1Deja tu huella en el caf\u00e9 y otras bebidas calientes! Ideal para: Como aderezo o edulcorante, Salted Caramel de Kot\u00e1nyi es adecuado para cualquier tipo de caf\u00e9 y otras bebidas calientes como matcha latte o chocolate caliente, as\u00ed como para helados, tartas y otros postres.  Contenido Neto: 65grs","og_url":"https:\/\/yaomarket.cl\/?product=spice-up-my-coffee-salted-caramel-65-gr","og_site_name":"YAOMARKET","article_publisher":"https:\/\/www.facebook.com\/yaomarketchile\/","article_modified_time":"2025-05-27T03:30:37+00:00","og_image":[{"width":1100,"height":1422,"url":"https:\/\/yaomarket.cl\/wp-content\/uploads\/2023\/03\/spice-up-my-coffee-salted-caramel-65-gr-con-molinillo.png","type":"image\/png"}],"twitter_card":"summary_large_image","schema":{"@context":"https:\/\/schema.org","@graph":[{"@type":"WebPage","@id":"https:\/\/yaomarket.cl\/?product=spice-up-my-coffee-salted-caramel-65-gr","url":"https:\/\/yaomarket.cl\/?product=spice-up-my-coffee-salted-caramel-65-gr","name":"Spice Up My Coffee Salted Caramel 65 Gr - YAOMARKET","isPartOf":{"@id":"https:\/\/yaomarket.cl\/#website"},"primaryImageOfPage":{"@id":"https:\/\/yaomarket.cl\/?product=spice-up-my-coffee-salted-caramel-65-gr#primaryimage"},"image":{"@id":"https:\/\/yaomarket.cl\/?product=spice-up-my-coffee-salted-caramel-65-gr#primaryimage"},"thumbnailUrl":"https:\/\/yaomarket.cl\/wp-content\/uploads\/2023\/03\/spice-up-my-coffee-salted-caramel-65-gr-con-molinillo.png","datePublished":"2025-03-24T00:47:51+00:00","dateModified":"2025-05-27T03:30:37+00:00","breadcrumb":{"@id":"https:\/\/yaomarket.cl\/?product=spice-up-my-coffee-salted-caramel-65-gr#breadcrumb"},"inLanguage":"es","potentialAction":[{"@type":"ReadAction","target":["https:\/\/yaomarket.cl\/?product=spice-up-my-coffee-salted-caramel-65-gr"]}]},{"@type":"ImageObject","inLanguage":"es","@id":"https:\/\/yaomarket.cl\/?product=spice-up-my-coffee-salted-caramel-65-gr#primaryimage","url":"https:\/\/yaomarket.cl\/wp-content\/uploads\/2023\/03\/spice-up-my-coffee-salted-caramel-65-gr-con-molinillo.png","contentUrl":"https:\/\/yaomarket.cl\/wp-content\/uploads\/2023\/03\/spice-up-my-coffee-salted-caramel-65-gr-con-molinillo.png","width":1100,"height":1422},{"@type":"BreadcrumbList","@id":"https:\/\/yaomarket.cl\/?product=spice-up-my-coffee-salted-caramel-65-gr#breadcrumb","itemListElement":[{"@type":"ListItem","position":1,"name":"Portada","item":"https:\/\/yaomarket.cl\/"},{"@type":"ListItem","position":2,"name":"TIENDA","item":"https:\/\/yaomarket.cl\/?page_id=8"},{"@type":"ListItem","position":3,"name":"Spice Up My Coffee Salted Caramel 65 Gr"}]},{"@type":"WebSite","@id":"https:\/\/yaomarket.cl\/#website","url":"https:\/\/yaomarket.cl\/","name":"YAOMARKET","description":"","publisher":{"@id":"https:\/\/yaomarket.cl\/#organization"},"potentialAction":[{"@type":"SearchAction","target":{"@type":"EntryPoint","urlTemplate":"https:\/\/yaomarket.cl\/?s={search_term_string}"},"query-input":{"@type":"PropertyValueSpecification","valueRequired":true,"valueName":"search_term_string"}}],"inLanguage":"es"},{"@type":"Organization","@id":"https:\/\/yaomarket.cl\/#organization","name":"YAOMARKET","url":"https:\/\/yaomarket.cl\/","logo":{"@type":"ImageObject","inLanguage":"es","@id":"https:\/\/yaomarket.cl\/#\/schema\/logo\/image\/","url":"https:\/\/yaomarket.cl\/wp-content\/uploads\/2023\/08\/Logo-Original-Yao-Market-Circular.png","contentUrl":"https:\/\/yaomarket.cl\/wp-content\/uploads\/2023\/08\/Logo-Original-Yao-Market-Circular.png","width":522,"height":522,"caption":"YAOMARKET"},"image":{"@id":"https:\/\/yaomarket.cl\/#\/schema\/logo\/image\/"},"sameAs":["https:\/\/www.facebook.com\/yaomarketchile\/","https:\/\/www.instagram.com\/yao_market\/"]}]}},"_links":{"self":[{"href":"https:\/\/yaomarket.cl\/index.php?rest_route=\/wp\/v2\/product\/9129","targetHints":{"allow":["GET"]}}],"collection":[{"href":"https:\/\/yaomarket.cl\/index.php?rest_route=\/wp\/v2\/product"}],"about":[{"href":"https:\/\/yaomarket.cl\/index.php?rest_route=\/wp\/v2\/types\/product"}],"wp:featuredmedia":[{"embeddable":true,"href":"https:\/\/yaomarket.cl\/index.php?rest_route=\/wp\/v2\/media\/9130"}],"wp:attachment":[{"href":"https:\/\/yaomarket.cl\/index.php?rest_route=%2Fwp%2Fv2%2Fmedia&parent=9129"}],"wp:term":[{"taxonomy":"product_cat","embeddable":true,"href":"https:\/\/yaomarket.cl\/index.php?rest_route=%2Fwp%2Fv2%2Fproduct_cat&post=9129"},{"taxonomy":"product_tag","embeddable":true,"href":"https:\/\/yaomarket.cl\/index.php?rest_route=%2Fwp%2Fv2%2Fproduct_tag&post=9129"}],"curies":[{"name":"wp","href":"https:\/\/api.w.org\/{rel}","templated":true}]}}