{"id":9120,"date":"2023-03-21T03:32:56","date_gmt":"2023-03-21T03:32:56","guid":{"rendered":"https:\/\/yaomarket.cl\/?post_type=product&#038;p=9120"},"modified":"2025-05-25T23:14:25","modified_gmt":"2025-05-25T23:14:25","slug":"tamper-con-base-metalica-58-mm-negro","status":"publish","type":"product","link":"https:\/\/yaomarket.cl\/?product=tamper-con-base-metalica-58-mm-negro","title":{"rendered":"Tamper Con Base Metalica 58 Mm (Negro)"},"content":{"rendered":"","protected":false},"excerpt":{"rendered":"<div id=\"product-description-short-29\" class=\"rte-content product-description\">\n<div id=\"product-description-short-587\" class=\"rte-content product-description\">\n<div id=\"product-description-short-588\" class=\"rte-content product-description\">\n<div id=\"product-description-short-601\" class=\"rte-content product-description\">\n<div id=\"product-description-short-40\" class=\"rte-content product-description\">\n<div id=\"product-description-short-44\" class=\"rte-content product-description\">\n<div id=\"product-description-short-74\" class=\"rte-content product-description\">\n<div id=\"product-description-short-595\" class=\"rte-content product-description\">\n<div id=\"product-description-short-600\" class=\"rte-content product-description\">\n<div id=\"product-description-short-562\" class=\"rte-content product-description\">\n<div id=\"product-description-short-563\" class=\"rte-content product-description\">\n<p>Prensador de caf\u00e9 base plana de acero inoxidable y mango de aluminio de color negro.<\/p>\n<p>Mango de dise\u00f1o ergon\u00f3mico con ajuste perfecto a la palma de la mano.<\/p>\n<p>Cuenta con regulaci\u00f3n de presi\u00f3n<\/p>\n<p>Base de 58 mm<\/p>\n<\/div>\n<div class=\"product-actions\">\n<form id=\"add-to-cart-or-refresh\" action=\"https:\/\/europasecreta.cl\/carrito\" method=\"post\">\n<div class=\"product-variants\"><\/div>\n<div class=\"product-add-to-cart pt-3\">\n<div class=\"row extra-small-gutters product-quantity \">\n<div class=\"col col-12 col-sm-auto col-add-qty\">\n<div class=\"qty \">\n<div class=\"input-group bootstrap-touchspin\"><\/div>\n<\/div>\n<\/div>\n<\/div>\n<\/div>\n<\/form>\n<\/div>\n<\/div>\n<div class=\"product-actions\">\n<form id=\"add-to-cart-or-refresh\" action=\"https:\/\/europasecreta.cl\/carrito\" method=\"post\">\n<div class=\"product-add-to-cart pt-3\">\n<div class=\"row extra-small-gutters product-quantity \">\n<div class=\"col col-12 col-sm-auto col-add-qty\">\n<div class=\"qty \">\n<div class=\"input-group bootstrap-touchspin\"><\/div>\n<\/div>\n<\/div>\n<\/div>\n<\/div>\n<\/form>\n<\/div>\n<\/div>\n<\/div>\n<\/div>\n<\/div>\n<\/div>\n<\/div>\n<\/div>\n<\/div>\n<\/div>\n","protected":false},"featured_media":9121,"template":"","meta":[],"product_cat":[675,72,79],"product_tag":[104,103,109,127,113,110,140,154,141,107,105,150,151,148,118,153,149,143,156,108,155,147],"class_list":{"0":"post-9120","1":"product","2":"type-product","3":"status-publish","4":"has-post-thumbnail","6":"product_cat-tamper","7":"product_cat-cafe","8":"product_cat-accesorios-para-cafe","9":"product_tag-arabico","10":"product_tag-cafe","11":"product_tag-cafeina","12":"product_tag-capsula","13":"product_tag-espresso","14":"product_tag-extrema-cafeina","15":"product_tag-filtrado","16":"product_tag-filtro","17":"product_tag-glass","18":"product_tag-grano","19":"product_tag-hausbrandt","20":"product_tag-jarra","21":"product_tag-leche","22":"product_tag-lechero","23":"product_tag-moka","24":"product_tag-molinillo","25":"product_tag-pitcher","26":"product_tag-plato","27":"product_tag-prensador","28":"product_tag-robusta","29":"product_tag-tamper","30":"product_tag-tetera","31":"pa_tipo-de-cafe-cafe-en-grano","33":"first","34":"instock","35":"shipping-taxable","36":"purchasable","37":"product-type-simple"},"yoast_head":"<!-- This site is optimized with the Yoast SEO plugin v25.2 - https:\/\/yoast.com\/wordpress\/plugins\/seo\/ -->\n<title>Tamper Con Base Metalica 58 Mm (Negro) - YAOMARKET<\/title>\n<meta name=\"robots\" content=\"index, follow, max-snippet:-1, max-image-preview:large, max-video-preview:-1\" \/>\n<link rel=\"canonical\" href=\"https:\/\/yaomarket.cl\/?product=tamper-con-base-metalica-58-mm-negro\" \/>\n<meta property=\"og:locale\" content=\"es_ES\" \/>\n<meta property=\"og:type\" content=\"article\" \/>\n<meta property=\"og:title\" content=\"Tamper Con Base Metalica 58 Mm (Negro) - YAOMARKET\" \/>\n<meta property=\"og:description\" content=\"Prensador de caf\u00e9 base plana de acero inoxidable y mango de aluminio de color negro.  Mango de dise\u00f1o ergon\u00f3mico con ajuste perfecto a la palma de la mano.  Cuenta con regulaci\u00f3n de presi\u00f3n  Base de 58 mm\" \/>\n<meta property=\"og:url\" content=\"https:\/\/yaomarket.cl\/?product=tamper-con-base-metalica-58-mm-negro\" \/>\n<meta property=\"og:site_name\" content=\"YAOMARKET\" \/>\n<meta property=\"article:publisher\" content=\"https:\/\/www.facebook.com\/yaomarketchile\/\" \/>\n<meta property=\"article:modified_time\" content=\"2025-05-25T23:14:25+00:00\" \/>\n<meta property=\"og:image\" content=\"https:\/\/yaomarket.cl\/wp-content\/uploads\/2023\/03\/tamper-con-base-metalica-58-mm-negro.jpg\" \/>\n\t<meta property=\"og:image:width\" content=\"1100\" \/>\n\t<meta property=\"og:image:height\" content=\"1422\" \/>\n\t<meta property=\"og:image:type\" content=\"image\/jpeg\" \/>\n<meta name=\"twitter:card\" content=\"summary_large_image\" \/>\n<script type=\"application\/ld+json\" class=\"yoast-schema-graph\">{\"@context\":\"https:\/\/schema.org\",\"@graph\":[{\"@type\":\"WebPage\",\"@id\":\"https:\/\/yaomarket.cl\/?product=tamper-con-base-metalica-58-mm-negro\",\"url\":\"https:\/\/yaomarket.cl\/?product=tamper-con-base-metalica-58-mm-negro\",\"name\":\"Tamper Con Base Metalica 58 Mm (Negro) - YAOMARKET\",\"isPartOf\":{\"@id\":\"https:\/\/yaomarket.cl\/#website\"},\"primaryImageOfPage\":{\"@id\":\"https:\/\/yaomarket.cl\/?product=tamper-con-base-metalica-58-mm-negro#primaryimage\"},\"image\":{\"@id\":\"https:\/\/yaomarket.cl\/?product=tamper-con-base-metalica-58-mm-negro#primaryimage\"},\"thumbnailUrl\":\"https:\/\/yaomarket.cl\/wp-content\/uploads\/2023\/03\/tamper-con-base-metalica-58-mm-negro.jpg\",\"datePublished\":\"2023-03-21T03:32:56+00:00\",\"dateModified\":\"2025-05-25T23:14:25+00:00\",\"breadcrumb\":{\"@id\":\"https:\/\/yaomarket.cl\/?product=tamper-con-base-metalica-58-mm-negro#breadcrumb\"},\"inLanguage\":\"es\",\"potentialAction\":[{\"@type\":\"ReadAction\",\"target\":[\"https:\/\/yaomarket.cl\/?product=tamper-con-base-metalica-58-mm-negro\"]}]},{\"@type\":\"ImageObject\",\"inLanguage\":\"es\",\"@id\":\"https:\/\/yaomarket.cl\/?product=tamper-con-base-metalica-58-mm-negro#primaryimage\",\"url\":\"https:\/\/yaomarket.cl\/wp-content\/uploads\/2023\/03\/tamper-con-base-metalica-58-mm-negro.jpg\",\"contentUrl\":\"https:\/\/yaomarket.cl\/wp-content\/uploads\/2023\/03\/tamper-con-base-metalica-58-mm-negro.jpg\",\"width\":1100,\"height\":1422},{\"@type\":\"BreadcrumbList\",\"@id\":\"https:\/\/yaomarket.cl\/?product=tamper-con-base-metalica-58-mm-negro#breadcrumb\",\"itemListElement\":[{\"@type\":\"ListItem\",\"position\":1,\"name\":\"Portada\",\"item\":\"https:\/\/yaomarket.cl\/\"},{\"@type\":\"ListItem\",\"position\":2,\"name\":\"TIENDA\",\"item\":\"https:\/\/yaomarket.cl\/?page_id=8\"},{\"@type\":\"ListItem\",\"position\":3,\"name\":\"Tamper Con Base Metalica 58 Mm (Negro)\"}]},{\"@type\":\"WebSite\",\"@id\":\"https:\/\/yaomarket.cl\/#website\",\"url\":\"https:\/\/yaomarket.cl\/\",\"name\":\"YAOMARKET\",\"description\":\"\",\"publisher\":{\"@id\":\"https:\/\/yaomarket.cl\/#organization\"},\"potentialAction\":[{\"@type\":\"SearchAction\",\"target\":{\"@type\":\"EntryPoint\",\"urlTemplate\":\"https:\/\/yaomarket.cl\/?s={search_term_string}\"},\"query-input\":{\"@type\":\"PropertyValueSpecification\",\"valueRequired\":true,\"valueName\":\"search_term_string\"}}],\"inLanguage\":\"es\"},{\"@type\":\"Organization\",\"@id\":\"https:\/\/yaomarket.cl\/#organization\",\"name\":\"YAOMARKET\",\"url\":\"https:\/\/yaomarket.cl\/\",\"logo\":{\"@type\":\"ImageObject\",\"inLanguage\":\"es\",\"@id\":\"https:\/\/yaomarket.cl\/#\/schema\/logo\/image\/\",\"url\":\"https:\/\/yaomarket.cl\/wp-content\/uploads\/2023\/08\/Logo-Original-Yao-Market-Circular.png\",\"contentUrl\":\"https:\/\/yaomarket.cl\/wp-content\/uploads\/2023\/08\/Logo-Original-Yao-Market-Circular.png\",\"width\":522,\"height\":522,\"caption\":\"YAOMARKET\"},\"image\":{\"@id\":\"https:\/\/yaomarket.cl\/#\/schema\/logo\/image\/\"},\"sameAs\":[\"https:\/\/www.facebook.com\/yaomarketchile\/\",\"https:\/\/www.instagram.com\/yao_market\/\"]}]}<\/script>\n<!-- \/ Yoast SEO plugin. -->","yoast_head_json":{"title":"Tamper Con Base Metalica 58 Mm (Negro) - YAOMARKET","robots":{"index":"index","follow":"follow","max-snippet":"max-snippet:-1","max-image-preview":"max-image-preview:large","max-video-preview":"max-video-preview:-1"},"canonical":"https:\/\/yaomarket.cl\/?product=tamper-con-base-metalica-58-mm-negro","og_locale":"es_ES","og_type":"article","og_title":"Tamper Con Base Metalica 58 Mm (Negro) - YAOMARKET","og_description":"Prensador de caf\u00e9 base plana de acero inoxidable y mango de aluminio de color negro.  Mango de dise\u00f1o ergon\u00f3mico con ajuste perfecto a la palma de la mano.  Cuenta con regulaci\u00f3n de presi\u00f3n  Base de 58 mm","og_url":"https:\/\/yaomarket.cl\/?product=tamper-con-base-metalica-58-mm-negro","og_site_name":"YAOMARKET","article_publisher":"https:\/\/www.facebook.com\/yaomarketchile\/","article_modified_time":"2025-05-25T23:14:25+00:00","og_image":[{"width":1100,"height":1422,"url":"https:\/\/yaomarket.cl\/wp-content\/uploads\/2023\/03\/tamper-con-base-metalica-58-mm-negro.jpg","type":"image\/jpeg"}],"twitter_card":"summary_large_image","schema":{"@context":"https:\/\/schema.org","@graph":[{"@type":"WebPage","@id":"https:\/\/yaomarket.cl\/?product=tamper-con-base-metalica-58-mm-negro","url":"https:\/\/yaomarket.cl\/?product=tamper-con-base-metalica-58-mm-negro","name":"Tamper Con Base Metalica 58 Mm (Negro) - YAOMARKET","isPartOf":{"@id":"https:\/\/yaomarket.cl\/#website"},"primaryImageOfPage":{"@id":"https:\/\/yaomarket.cl\/?product=tamper-con-base-metalica-58-mm-negro#primaryimage"},"image":{"@id":"https:\/\/yaomarket.cl\/?product=tamper-con-base-metalica-58-mm-negro#primaryimage"},"thumbnailUrl":"https:\/\/yaomarket.cl\/wp-content\/uploads\/2023\/03\/tamper-con-base-metalica-58-mm-negro.jpg","datePublished":"2023-03-21T03:32:56+00:00","dateModified":"2025-05-25T23:14:25+00:00","breadcrumb":{"@id":"https:\/\/yaomarket.cl\/?product=tamper-con-base-metalica-58-mm-negro#breadcrumb"},"inLanguage":"es","potentialAction":[{"@type":"ReadAction","target":["https:\/\/yaomarket.cl\/?product=tamper-con-base-metalica-58-mm-negro"]}]},{"@type":"ImageObject","inLanguage":"es","@id":"https:\/\/yaomarket.cl\/?product=tamper-con-base-metalica-58-mm-negro#primaryimage","url":"https:\/\/yaomarket.cl\/wp-content\/uploads\/2023\/03\/tamper-con-base-metalica-58-mm-negro.jpg","contentUrl":"https:\/\/yaomarket.cl\/wp-content\/uploads\/2023\/03\/tamper-con-base-metalica-58-mm-negro.jpg","width":1100,"height":1422},{"@type":"BreadcrumbList","@id":"https:\/\/yaomarket.cl\/?product=tamper-con-base-metalica-58-mm-negro#breadcrumb","itemListElement":[{"@type":"ListItem","position":1,"name":"Portada","item":"https:\/\/yaomarket.cl\/"},{"@type":"ListItem","position":2,"name":"TIENDA","item":"https:\/\/yaomarket.cl\/?page_id=8"},{"@type":"ListItem","position":3,"name":"Tamper Con Base Metalica 58 Mm (Negro)"}]},{"@type":"WebSite","@id":"https:\/\/yaomarket.cl\/#website","url":"https:\/\/yaomarket.cl\/","name":"YAOMARKET","description":"","publisher":{"@id":"https:\/\/yaomarket.cl\/#organization"},"potentialAction":[{"@type":"SearchAction","target":{"@type":"EntryPoint","urlTemplate":"https:\/\/yaomarket.cl\/?s={search_term_string}"},"query-input":{"@type":"PropertyValueSpecification","valueRequired":true,"valueName":"search_term_string"}}],"inLanguage":"es"},{"@type":"Organization","@id":"https:\/\/yaomarket.cl\/#organization","name":"YAOMARKET","url":"https:\/\/yaomarket.cl\/","logo":{"@type":"ImageObject","inLanguage":"es","@id":"https:\/\/yaomarket.cl\/#\/schema\/logo\/image\/","url":"https:\/\/yaomarket.cl\/wp-content\/uploads\/2023\/08\/Logo-Original-Yao-Market-Circular.png","contentUrl":"https:\/\/yaomarket.cl\/wp-content\/uploads\/2023\/08\/Logo-Original-Yao-Market-Circular.png","width":522,"height":522,"caption":"YAOMARKET"},"image":{"@id":"https:\/\/yaomarket.cl\/#\/schema\/logo\/image\/"},"sameAs":["https:\/\/www.facebook.com\/yaomarketchile\/","https:\/\/www.instagram.com\/yao_market\/"]}]}},"_links":{"self":[{"href":"https:\/\/yaomarket.cl\/index.php?rest_route=\/wp\/v2\/product\/9120","targetHints":{"allow":["GET"]}}],"collection":[{"href":"https:\/\/yaomarket.cl\/index.php?rest_route=\/wp\/v2\/product"}],"about":[{"href":"https:\/\/yaomarket.cl\/index.php?rest_route=\/wp\/v2\/types\/product"}],"wp:featuredmedia":[{"embeddable":true,"href":"https:\/\/yaomarket.cl\/index.php?rest_route=\/wp\/v2\/media\/9121"}],"wp:attachment":[{"href":"https:\/\/yaomarket.cl\/index.php?rest_route=%2Fwp%2Fv2%2Fmedia&parent=9120"}],"wp:term":[{"taxonomy":"product_cat","embeddable":true,"href":"https:\/\/yaomarket.cl\/index.php?rest_route=%2Fwp%2Fv2%2Fproduct_cat&post=9120"},{"taxonomy":"product_tag","embeddable":true,"href":"https:\/\/yaomarket.cl\/index.php?rest_route=%2Fwp%2Fv2%2Fproduct_tag&post=9120"}],"curies":[{"name":"wp","href":"https:\/\/api.w.org\/{rel}","templated":true}]}}