{"id":9100,"date":"2023-03-15T03:28:28","date_gmt":"2023-03-15T03:28:28","guid":{"rendered":"https:\/\/yaomarket.cl\/?post_type=product&#038;p=9100"},"modified":"2025-05-25T22:41:46","modified_gmt":"2025-05-25T22:41:46","slug":"tetera-de-vertido-por-goteo-para-cafe-350-ml","status":"publish","type":"product","link":"https:\/\/yaomarket.cl\/?product=tetera-de-vertido-por-goteo-para-cafe-350-ml","title":{"rendered":"Tetera De Vertido Por Goteo Para Caf\u00e9 350 Ml"},"content":{"rendered":"","protected":false},"excerpt":{"rendered":"<div id=\"product-description-short-29\" class=\"rte-content product-description\">\n<div id=\"product-description-short-587\" class=\"rte-content product-description\">\n<div id=\"product-description-short-588\" class=\"rte-content product-description\">\n<div id=\"product-description-short-601\" class=\"rte-content product-description\">\n<div id=\"product-description-short-40\" class=\"rte-content product-description\">\n<div id=\"product-description-short-44\" class=\"rte-content product-description\">\n<div id=\"product-description-short-74\" class=\"rte-content product-description\">\n<div id=\"product-description-short-595\" class=\"rte-content product-description\">\n<div id=\"product-description-short-600\" class=\"rte-content product-description\">\n<p>\u00bfPor qu\u00e9 verter sobre el caf\u00e9?<\/p>\n<p>Los entusiastas del caf\u00e9 vertido argumentan que verter agua en un flujo largo, lento y constante sobre el caf\u00e9 reci\u00e9n molido saca la mejor parte de los granos de caf\u00e9.<\/p>\n<p>El uso de un hervidor permite verter un chorro de agua, en lugar de docenas de peque\u00f1os chorros, lo que da como resultado un entorno de elaboraci\u00f3n que es unos pocos grados m\u00e1s alto, solo por reducir la p\u00e9rdida de temperatura de la superficie de esos estrechos chorros de agua.<br \/>\nPuede incorporar esta importante herramienta, el hervidor de cuello de cisne, en su esfuerzo por preparar la taza de caf\u00e9 perfecta.<\/p>\n<p>Capacidad 350 ml<\/p>\n<\/div>\n<\/div>\n<\/div>\n<\/div>\n<\/div>\n<\/div>\n<div class=\"product-actions\">\n<form id=\"add-to-cart-or-refresh\" action=\"https:\/\/europasecreta.cl\/carrito\" method=\"post\">\n<div class=\"product-variants\"><\/div>\n<div class=\"product-add-to-cart pt-3\">\n<div class=\"row extra-small-gutters product-quantity \">\n<div class=\"col col-12 col-sm-auto col-add-qty\">\n<div class=\"qty \">\n<div class=\"input-group bootstrap-touchspin\"><\/div>\n<\/div>\n<\/div>\n<\/div>\n<\/div>\n<\/form>\n<\/div>\n<\/div>\n<\/div>\n<\/div>\n","protected":false},"featured_media":9103,"template":"","meta":[],"product_cat":[72,79,82],"product_tag":[104,103,109,127,113,110,140,141,107,118,143,108,142,147,145],"class_list":{"0":"post-9100","1":"product","2":"type-product","3":"status-publish","4":"has-post-thumbnail","6":"product_cat-cafe","7":"product_cat-accesorios-para-cafe","8":"product_cat-tazas-y-teteras2","9":"product_tag-arabico","10":"product_tag-cafe","11":"product_tag-cafeina","12":"product_tag-capsula","13":"product_tag-espresso","14":"product_tag-extrema-cafeina","15":"product_tag-filtrado","16":"product_tag-glass","17":"product_tag-grano","18":"product_tag-moka","19":"product_tag-plato","20":"product_tag-robusta","21":"product_tag-taza","22":"product_tag-tetera","23":"product_tag-vaso","24":"pa_tipo-de-cafe-cafe-en-grano","26":"first","27":"instock","28":"shipping-taxable","29":"purchasable","30":"product-type-simple"},"yoast_head":"<!-- This site is optimized with the Yoast SEO plugin v25.2 - https:\/\/yoast.com\/wordpress\/plugins\/seo\/ -->\n<title>Tetera De Vertido Por Goteo Para Caf\u00e9 350 Ml - YAOMARKET<\/title>\n<meta name=\"robots\" content=\"index, follow, max-snippet:-1, max-image-preview:large, max-video-preview:-1\" \/>\n<link rel=\"canonical\" href=\"https:\/\/yaomarket.cl\/?product=tetera-de-vertido-por-goteo-para-cafe-350-ml\" \/>\n<meta property=\"og:locale\" content=\"es_ES\" \/>\n<meta property=\"og:type\" content=\"article\" \/>\n<meta property=\"og:title\" content=\"Tetera De Vertido Por Goteo Para Caf\u00e9 350 Ml - YAOMARKET\" \/>\n<meta property=\"og:description\" content=\"\u00bfPor qu\u00e9 verter sobre el caf\u00e9?  Los entusiastas del caf\u00e9 vertido argumentan que verter agua en un flujo largo, lento y constante sobre el caf\u00e9 reci\u00e9n molido saca la mejor parte de los granos de caf\u00e9.  El uso de un hervidor permite verter un chorro de agua, en lugar de docenas de peque\u00f1os chorros, lo que da como resultado un entorno de elaboraci\u00f3n que es unos pocos grados m\u00e1s alto, solo por reducir la p\u00e9rdida de temperatura de la superficie de esos estrechos chorros de agua. Puede incorporar esta importante herramienta, el hervidor de cuello de cisne, en su esfuerzo por preparar la taza de caf\u00e9 perfecta.  Capacidad 350 ml\" \/>\n<meta property=\"og:url\" content=\"https:\/\/yaomarket.cl\/?product=tetera-de-vertido-por-goteo-para-cafe-350-ml\" \/>\n<meta property=\"og:site_name\" content=\"YAOMARKET\" \/>\n<meta property=\"article:publisher\" content=\"https:\/\/www.facebook.com\/yaomarketchile\/\" \/>\n<meta property=\"article:modified_time\" content=\"2025-05-25T22:41:46+00:00\" \/>\n<meta property=\"og:image\" content=\"https:\/\/yaomarket.cl\/wp-content\/uploads\/2023\/03\/tetera-de-vertido-por-goteo-para-cafe-350-ml.png\" \/>\n\t<meta property=\"og:image:width\" content=\"1100\" \/>\n\t<meta property=\"og:image:height\" content=\"1422\" \/>\n\t<meta property=\"og:image:type\" content=\"image\/png\" \/>\n<meta name=\"twitter:card\" content=\"summary_large_image\" \/>\n<script type=\"application\/ld+json\" class=\"yoast-schema-graph\">{\"@context\":\"https:\/\/schema.org\",\"@graph\":[{\"@type\":\"WebPage\",\"@id\":\"https:\/\/yaomarket.cl\/?product=tetera-de-vertido-por-goteo-para-cafe-350-ml\",\"url\":\"https:\/\/yaomarket.cl\/?product=tetera-de-vertido-por-goteo-para-cafe-350-ml\",\"name\":\"Tetera De Vertido Por Goteo Para Caf\u00e9 350 Ml - YAOMARKET\",\"isPartOf\":{\"@id\":\"https:\/\/yaomarket.cl\/#website\"},\"primaryImageOfPage\":{\"@id\":\"https:\/\/yaomarket.cl\/?product=tetera-de-vertido-por-goteo-para-cafe-350-ml#primaryimage\"},\"image\":{\"@id\":\"https:\/\/yaomarket.cl\/?product=tetera-de-vertido-por-goteo-para-cafe-350-ml#primaryimage\"},\"thumbnailUrl\":\"https:\/\/yaomarket.cl\/wp-content\/uploads\/2023\/03\/tetera-de-vertido-por-goteo-para-cafe-350-ml.png\",\"datePublished\":\"2023-03-15T03:28:28+00:00\",\"dateModified\":\"2025-05-25T22:41:46+00:00\",\"breadcrumb\":{\"@id\":\"https:\/\/yaomarket.cl\/?product=tetera-de-vertido-por-goteo-para-cafe-350-ml#breadcrumb\"},\"inLanguage\":\"es\",\"potentialAction\":[{\"@type\":\"ReadAction\",\"target\":[\"https:\/\/yaomarket.cl\/?product=tetera-de-vertido-por-goteo-para-cafe-350-ml\"]}]},{\"@type\":\"ImageObject\",\"inLanguage\":\"es\",\"@id\":\"https:\/\/yaomarket.cl\/?product=tetera-de-vertido-por-goteo-para-cafe-350-ml#primaryimage\",\"url\":\"https:\/\/yaomarket.cl\/wp-content\/uploads\/2023\/03\/tetera-de-vertido-por-goteo-para-cafe-350-ml.png\",\"contentUrl\":\"https:\/\/yaomarket.cl\/wp-content\/uploads\/2023\/03\/tetera-de-vertido-por-goteo-para-cafe-350-ml.png\",\"width\":1100,\"height\":1422},{\"@type\":\"BreadcrumbList\",\"@id\":\"https:\/\/yaomarket.cl\/?product=tetera-de-vertido-por-goteo-para-cafe-350-ml#breadcrumb\",\"itemListElement\":[{\"@type\":\"ListItem\",\"position\":1,\"name\":\"Portada\",\"item\":\"https:\/\/yaomarket.cl\/\"},{\"@type\":\"ListItem\",\"position\":2,\"name\":\"TIENDA\",\"item\":\"https:\/\/yaomarket.cl\/?page_id=8\"},{\"@type\":\"ListItem\",\"position\":3,\"name\":\"Tetera De Vertido Por Goteo Para Caf\u00e9 350 Ml\"}]},{\"@type\":\"WebSite\",\"@id\":\"https:\/\/yaomarket.cl\/#website\",\"url\":\"https:\/\/yaomarket.cl\/\",\"name\":\"YAOMARKET\",\"description\":\"\",\"publisher\":{\"@id\":\"https:\/\/yaomarket.cl\/#organization\"},\"potentialAction\":[{\"@type\":\"SearchAction\",\"target\":{\"@type\":\"EntryPoint\",\"urlTemplate\":\"https:\/\/yaomarket.cl\/?s={search_term_string}\"},\"query-input\":{\"@type\":\"PropertyValueSpecification\",\"valueRequired\":true,\"valueName\":\"search_term_string\"}}],\"inLanguage\":\"es\"},{\"@type\":\"Organization\",\"@id\":\"https:\/\/yaomarket.cl\/#organization\",\"name\":\"YAOMARKET\",\"url\":\"https:\/\/yaomarket.cl\/\",\"logo\":{\"@type\":\"ImageObject\",\"inLanguage\":\"es\",\"@id\":\"https:\/\/yaomarket.cl\/#\/schema\/logo\/image\/\",\"url\":\"https:\/\/yaomarket.cl\/wp-content\/uploads\/2023\/08\/Logo-Original-Yao-Market-Circular.png\",\"contentUrl\":\"https:\/\/yaomarket.cl\/wp-content\/uploads\/2023\/08\/Logo-Original-Yao-Market-Circular.png\",\"width\":522,\"height\":522,\"caption\":\"YAOMARKET\"},\"image\":{\"@id\":\"https:\/\/yaomarket.cl\/#\/schema\/logo\/image\/\"},\"sameAs\":[\"https:\/\/www.facebook.com\/yaomarketchile\/\",\"https:\/\/www.instagram.com\/yao_market\/\"]}]}<\/script>\n<!-- \/ Yoast SEO plugin. -->","yoast_head_json":{"title":"Tetera De Vertido Por Goteo Para Caf\u00e9 350 Ml - YAOMARKET","robots":{"index":"index","follow":"follow","max-snippet":"max-snippet:-1","max-image-preview":"max-image-preview:large","max-video-preview":"max-video-preview:-1"},"canonical":"https:\/\/yaomarket.cl\/?product=tetera-de-vertido-por-goteo-para-cafe-350-ml","og_locale":"es_ES","og_type":"article","og_title":"Tetera De Vertido Por Goteo Para Caf\u00e9 350 Ml - YAOMARKET","og_description":"\u00bfPor qu\u00e9 verter sobre el caf\u00e9?  Los entusiastas del caf\u00e9 vertido argumentan que verter agua en un flujo largo, lento y constante sobre el caf\u00e9 reci\u00e9n molido saca la mejor parte de los granos de caf\u00e9.  El uso de un hervidor permite verter un chorro de agua, en lugar de docenas de peque\u00f1os chorros, lo que da como resultado un entorno de elaboraci\u00f3n que es unos pocos grados m\u00e1s alto, solo por reducir la p\u00e9rdida de temperatura de la superficie de esos estrechos chorros de agua. Puede incorporar esta importante herramienta, el hervidor de cuello de cisne, en su esfuerzo por preparar la taza de caf\u00e9 perfecta.  Capacidad 350 ml","og_url":"https:\/\/yaomarket.cl\/?product=tetera-de-vertido-por-goteo-para-cafe-350-ml","og_site_name":"YAOMARKET","article_publisher":"https:\/\/www.facebook.com\/yaomarketchile\/","article_modified_time":"2025-05-25T22:41:46+00:00","og_image":[{"width":1100,"height":1422,"url":"https:\/\/yaomarket.cl\/wp-content\/uploads\/2023\/03\/tetera-de-vertido-por-goteo-para-cafe-350-ml.png","type":"image\/png"}],"twitter_card":"summary_large_image","schema":{"@context":"https:\/\/schema.org","@graph":[{"@type":"WebPage","@id":"https:\/\/yaomarket.cl\/?product=tetera-de-vertido-por-goteo-para-cafe-350-ml","url":"https:\/\/yaomarket.cl\/?product=tetera-de-vertido-por-goteo-para-cafe-350-ml","name":"Tetera De Vertido Por Goteo Para Caf\u00e9 350 Ml - YAOMARKET","isPartOf":{"@id":"https:\/\/yaomarket.cl\/#website"},"primaryImageOfPage":{"@id":"https:\/\/yaomarket.cl\/?product=tetera-de-vertido-por-goteo-para-cafe-350-ml#primaryimage"},"image":{"@id":"https:\/\/yaomarket.cl\/?product=tetera-de-vertido-por-goteo-para-cafe-350-ml#primaryimage"},"thumbnailUrl":"https:\/\/yaomarket.cl\/wp-content\/uploads\/2023\/03\/tetera-de-vertido-por-goteo-para-cafe-350-ml.png","datePublished":"2023-03-15T03:28:28+00:00","dateModified":"2025-05-25T22:41:46+00:00","breadcrumb":{"@id":"https:\/\/yaomarket.cl\/?product=tetera-de-vertido-por-goteo-para-cafe-350-ml#breadcrumb"},"inLanguage":"es","potentialAction":[{"@type":"ReadAction","target":["https:\/\/yaomarket.cl\/?product=tetera-de-vertido-por-goteo-para-cafe-350-ml"]}]},{"@type":"ImageObject","inLanguage":"es","@id":"https:\/\/yaomarket.cl\/?product=tetera-de-vertido-por-goteo-para-cafe-350-ml#primaryimage","url":"https:\/\/yaomarket.cl\/wp-content\/uploads\/2023\/03\/tetera-de-vertido-por-goteo-para-cafe-350-ml.png","contentUrl":"https:\/\/yaomarket.cl\/wp-content\/uploads\/2023\/03\/tetera-de-vertido-por-goteo-para-cafe-350-ml.png","width":1100,"height":1422},{"@type":"BreadcrumbList","@id":"https:\/\/yaomarket.cl\/?product=tetera-de-vertido-por-goteo-para-cafe-350-ml#breadcrumb","itemListElement":[{"@type":"ListItem","position":1,"name":"Portada","item":"https:\/\/yaomarket.cl\/"},{"@type":"ListItem","position":2,"name":"TIENDA","item":"https:\/\/yaomarket.cl\/?page_id=8"},{"@type":"ListItem","position":3,"name":"Tetera De Vertido Por Goteo Para Caf\u00e9 350 Ml"}]},{"@type":"WebSite","@id":"https:\/\/yaomarket.cl\/#website","url":"https:\/\/yaomarket.cl\/","name":"YAOMARKET","description":"","publisher":{"@id":"https:\/\/yaomarket.cl\/#organization"},"potentialAction":[{"@type":"SearchAction","target":{"@type":"EntryPoint","urlTemplate":"https:\/\/yaomarket.cl\/?s={search_term_string}"},"query-input":{"@type":"PropertyValueSpecification","valueRequired":true,"valueName":"search_term_string"}}],"inLanguage":"es"},{"@type":"Organization","@id":"https:\/\/yaomarket.cl\/#organization","name":"YAOMARKET","url":"https:\/\/yaomarket.cl\/","logo":{"@type":"ImageObject","inLanguage":"es","@id":"https:\/\/yaomarket.cl\/#\/schema\/logo\/image\/","url":"https:\/\/yaomarket.cl\/wp-content\/uploads\/2023\/08\/Logo-Original-Yao-Market-Circular.png","contentUrl":"https:\/\/yaomarket.cl\/wp-content\/uploads\/2023\/08\/Logo-Original-Yao-Market-Circular.png","width":522,"height":522,"caption":"YAOMARKET"},"image":{"@id":"https:\/\/yaomarket.cl\/#\/schema\/logo\/image\/"},"sameAs":["https:\/\/www.facebook.com\/yaomarketchile\/","https:\/\/www.instagram.com\/yao_market\/"]}]}},"_links":{"self":[{"href":"https:\/\/yaomarket.cl\/index.php?rest_route=\/wp\/v2\/product\/9100","targetHints":{"allow":["GET"]}}],"collection":[{"href":"https:\/\/yaomarket.cl\/index.php?rest_route=\/wp\/v2\/product"}],"about":[{"href":"https:\/\/yaomarket.cl\/index.php?rest_route=\/wp\/v2\/types\/product"}],"wp:featuredmedia":[{"embeddable":true,"href":"https:\/\/yaomarket.cl\/index.php?rest_route=\/wp\/v2\/media\/9103"}],"wp:attachment":[{"href":"https:\/\/yaomarket.cl\/index.php?rest_route=%2Fwp%2Fv2%2Fmedia&parent=9100"}],"wp:term":[{"taxonomy":"product_cat","embeddable":true,"href":"https:\/\/yaomarket.cl\/index.php?rest_route=%2Fwp%2Fv2%2Fproduct_cat&post=9100"},{"taxonomy":"product_tag","embeddable":true,"href":"https:\/\/yaomarket.cl\/index.php?rest_route=%2Fwp%2Fv2%2Fproduct_tag&post=9100"}],"curies":[{"name":"wp","href":"https:\/\/api.w.org\/{rel}","templated":true}]}}