{"id":9082,"date":"2025-03-14T02:27:17","date_gmt":"2025-03-14T02:27:17","guid":{"rendered":"https:\/\/yaomarket.cl\/?post_type=product&#038;p=9082"},"modified":"2025-05-25T22:39:02","modified_gmt":"2025-05-25T22:39:02","slug":"taza-morettino-espresso-con-plato","status":"publish","type":"product","link":"https:\/\/yaomarket.cl\/?product=taza-morettino-espresso-con-plato","title":{"rendered":"Taza Morettino Cappuccino Con Plato"},"content":{"rendered":"","protected":false},"excerpt":{"rendered":"<div id=\"product-description-short-29\" class=\"rte-content product-description\">\n<div id=\"product-description-short-587\" class=\"rte-content product-description\">\n<div id=\"product-description-short-588\" class=\"rte-content product-description\">\n<div id=\"product-description-short-601\" class=\"rte-content product-description\">\n<div id=\"product-description-short-40\" class=\"rte-content product-description\">\n<div id=\"product-description-short-44\" class=\"rte-content product-description\">\n<div id=\"product-description-short-74\" class=\"rte-content product-description\">L\u00ednea exclusiva de accesorios de la marca Morettino dise\u00f1ados para mejorar su experiencia de caf\u00e9. Art\u00edculos \u00fanicos para coleccionar o dedicar a tus coffee breaks. Capacidad del reciente: 200ml<\/div>\n<div class=\"product-actions\">\n<form id=\"add-to-cart-or-refresh\" action=\"https:\/\/europasecreta.cl\/carrito\" method=\"post\">\n<div class=\"product-variants\"><\/div>\n<div class=\"product-add-to-cart pt-3\">\n<div class=\"row extra-small-gutters product-quantity \">\n<div class=\"col col-12 col-sm-auto col-add-qty\">\n<div class=\"qty \">\n<div class=\"input-group bootstrap-touchspin\"><\/div>\n<\/div>\n<\/div>\n<\/div>\n<\/div>\n<\/form>\n<\/div>\n<\/div>\n<div class=\"product-actions\">\n<form id=\"add-to-cart-or-refresh\" action=\"https:\/\/europasecreta.cl\/carrito\" method=\"post\">\n<div class=\"product-variants\"><\/div>\n<div class=\"product-add-to-cart pt-3\">\n<div class=\"row extra-small-gutters product-quantity \">\n<div class=\"col col-12 col-sm-auto col-add-qty\">\n<div class=\"qty \">\n<div class=\"input-group bootstrap-touchspin\"><\/div>\n<\/div>\n<\/div>\n<\/div>\n<\/div>\n<\/form>\n<\/div>\n<\/div>\n<div class=\"product-actions\">\n<form id=\"add-to-cart-or-refresh\" action=\"https:\/\/europasecreta.cl\/carrito\" method=\"post\">\n<div class=\"product-variants\"><\/div>\n<div class=\"product-add-to-cart pt-3\">\n<div class=\"row extra-small-gutters product-quantity \">\n<div class=\"col col-12 col-sm-auto col-add-qty\">\n<div class=\"qty \">\n<div class=\"input-group bootstrap-touchspin\"><\/div>\n<\/div>\n<\/div>\n<\/div>\n<\/div>\n<\/form>\n<\/div>\n<\/div>\n<div class=\"product-actions\">\n<form id=\"add-to-cart-or-refresh\" action=\"https:\/\/europasecreta.cl\/carrito\" method=\"post\">\n<div class=\"product-variants\"><\/div>\n<div class=\"product-add-to-cart pt-3\">\n<div class=\"row extra-small-gutters product-quantity \">\n<div class=\"col col-12 col-sm-auto col-add-qty\">\n<div class=\"qty \">\n<div class=\"input-group bootstrap-touchspin\"><\/div>\n<\/div>\n<\/div>\n<\/div>\n<\/div>\n<\/form>\n<\/div>\n<\/div>\n<\/div>\n<\/div>\n","protected":false},"featured_media":9083,"template":"","meta":[],"product_cat":[72,79,82],"product_tag":[104,103,109,135,127,144,113,110,140,141,107,118,114,143,108,142],"class_list":{"0":"post-9082","1":"product","2":"type-product","3":"status-publish","4":"has-post-thumbnail","6":"product_cat-cafe","7":"product_cat-accesorios-para-cafe","8":"product_cat-tazas-y-teteras2","9":"product_tag-arabico","10":"product_tag-cafe","11":"product_tag-cafeina","12":"product_tag-cafetera","13":"product_tag-capsula","14":"product_tag-capuccino","15":"product_tag-espresso","16":"product_tag-extrema-cafeina","17":"product_tag-filtrado","18":"product_tag-glass","19":"product_tag-grano","20":"product_tag-moka","21":"product_tag-morettino","22":"product_tag-plato","23":"product_tag-robusta","24":"product_tag-taza","25":"pa_tipo-de-cafe-cafe-en-grano","27":"first","28":"instock","29":"shipping-taxable","30":"purchasable","31":"product-type-simple"},"yoast_head":"<!-- This site is optimized with the Yoast SEO plugin v25.2 - https:\/\/yoast.com\/wordpress\/plugins\/seo\/ -->\n<title>Taza Morettino Cappuccino Con Plato - YAOMARKET<\/title>\n<meta name=\"robots\" content=\"index, follow, max-snippet:-1, max-image-preview:large, max-video-preview:-1\" \/>\n<link rel=\"canonical\" href=\"https:\/\/yaomarket.cl\/?product=taza-morettino-espresso-con-plato\" \/>\n<meta property=\"og:locale\" content=\"es_ES\" \/>\n<meta property=\"og:type\" content=\"article\" \/>\n<meta property=\"og:title\" content=\"Taza Morettino Cappuccino Con Plato - YAOMARKET\" \/>\n<meta property=\"og:description\" content=\"L\u00ednea exclusiva de accesorios de la marca Morettino dise\u00f1ados para mejorar su experiencia de caf\u00e9. Art\u00edculos \u00fanicos para coleccionar o dedicar a tus coffee breaks. Capacidad del reciente: 200ml\" \/>\n<meta property=\"og:url\" content=\"https:\/\/yaomarket.cl\/?product=taza-morettino-espresso-con-plato\" \/>\n<meta property=\"og:site_name\" content=\"YAOMARKET\" \/>\n<meta property=\"article:publisher\" content=\"https:\/\/www.facebook.com\/yaomarketchile\/\" \/>\n<meta property=\"article:modified_time\" content=\"2025-05-25T22:39:02+00:00\" \/>\n<meta property=\"og:image\" content=\"https:\/\/yaomarket.cl\/wp-content\/uploads\/2023\/03\/taza-morettino-cappuccino-con-plato.png\" \/>\n\t<meta property=\"og:image:width\" content=\"381\" \/>\n\t<meta property=\"og:image:height\" content=\"492\" \/>\n\t<meta property=\"og:image:type\" content=\"image\/png\" \/>\n<meta name=\"twitter:card\" content=\"summary_large_image\" \/>\n<script type=\"application\/ld+json\" class=\"yoast-schema-graph\">{\"@context\":\"https:\/\/schema.org\",\"@graph\":[{\"@type\":\"WebPage\",\"@id\":\"https:\/\/yaomarket.cl\/?product=taza-morettino-espresso-con-plato\",\"url\":\"https:\/\/yaomarket.cl\/?product=taza-morettino-espresso-con-plato\",\"name\":\"Taza Morettino Cappuccino Con Plato - YAOMARKET\",\"isPartOf\":{\"@id\":\"https:\/\/yaomarket.cl\/#website\"},\"primaryImageOfPage\":{\"@id\":\"https:\/\/yaomarket.cl\/?product=taza-morettino-espresso-con-plato#primaryimage\"},\"image\":{\"@id\":\"https:\/\/yaomarket.cl\/?product=taza-morettino-espresso-con-plato#primaryimage\"},\"thumbnailUrl\":\"https:\/\/yaomarket.cl\/wp-content\/uploads\/2023\/03\/taza-morettino-cappuccino-con-plato.png\",\"datePublished\":\"2025-03-14T02:27:17+00:00\",\"dateModified\":\"2025-05-25T22:39:02+00:00\",\"breadcrumb\":{\"@id\":\"https:\/\/yaomarket.cl\/?product=taza-morettino-espresso-con-plato#breadcrumb\"},\"inLanguage\":\"es\",\"potentialAction\":[{\"@type\":\"ReadAction\",\"target\":[\"https:\/\/yaomarket.cl\/?product=taza-morettino-espresso-con-plato\"]}]},{\"@type\":\"ImageObject\",\"inLanguage\":\"es\",\"@id\":\"https:\/\/yaomarket.cl\/?product=taza-morettino-espresso-con-plato#primaryimage\",\"url\":\"https:\/\/yaomarket.cl\/wp-content\/uploads\/2023\/03\/taza-morettino-cappuccino-con-plato.png\",\"contentUrl\":\"https:\/\/yaomarket.cl\/wp-content\/uploads\/2023\/03\/taza-morettino-cappuccino-con-plato.png\",\"width\":381,\"height\":492},{\"@type\":\"BreadcrumbList\",\"@id\":\"https:\/\/yaomarket.cl\/?product=taza-morettino-espresso-con-plato#breadcrumb\",\"itemListElement\":[{\"@type\":\"ListItem\",\"position\":1,\"name\":\"Portada\",\"item\":\"https:\/\/yaomarket.cl\/\"},{\"@type\":\"ListItem\",\"position\":2,\"name\":\"TIENDA\",\"item\":\"https:\/\/yaomarket.cl\/?page_id=8\"},{\"@type\":\"ListItem\",\"position\":3,\"name\":\"Taza Morettino Cappuccino Con Plato\"}]},{\"@type\":\"WebSite\",\"@id\":\"https:\/\/yaomarket.cl\/#website\",\"url\":\"https:\/\/yaomarket.cl\/\",\"name\":\"YAOMARKET\",\"description\":\"\",\"publisher\":{\"@id\":\"https:\/\/yaomarket.cl\/#organization\"},\"potentialAction\":[{\"@type\":\"SearchAction\",\"target\":{\"@type\":\"EntryPoint\",\"urlTemplate\":\"https:\/\/yaomarket.cl\/?s={search_term_string}\"},\"query-input\":{\"@type\":\"PropertyValueSpecification\",\"valueRequired\":true,\"valueName\":\"search_term_string\"}}],\"inLanguage\":\"es\"},{\"@type\":\"Organization\",\"@id\":\"https:\/\/yaomarket.cl\/#organization\",\"name\":\"YAOMARKET\",\"url\":\"https:\/\/yaomarket.cl\/\",\"logo\":{\"@type\":\"ImageObject\",\"inLanguage\":\"es\",\"@id\":\"https:\/\/yaomarket.cl\/#\/schema\/logo\/image\/\",\"url\":\"https:\/\/yaomarket.cl\/wp-content\/uploads\/2023\/08\/Logo-Original-Yao-Market-Circular.png\",\"contentUrl\":\"https:\/\/yaomarket.cl\/wp-content\/uploads\/2023\/08\/Logo-Original-Yao-Market-Circular.png\",\"width\":522,\"height\":522,\"caption\":\"YAOMARKET\"},\"image\":{\"@id\":\"https:\/\/yaomarket.cl\/#\/schema\/logo\/image\/\"},\"sameAs\":[\"https:\/\/www.facebook.com\/yaomarketchile\/\",\"https:\/\/www.instagram.com\/yao_market\/\"]}]}<\/script>\n<!-- \/ Yoast SEO plugin. -->","yoast_head_json":{"title":"Taza Morettino Cappuccino Con Plato - YAOMARKET","robots":{"index":"index","follow":"follow","max-snippet":"max-snippet:-1","max-image-preview":"max-image-preview:large","max-video-preview":"max-video-preview:-1"},"canonical":"https:\/\/yaomarket.cl\/?product=taza-morettino-espresso-con-plato","og_locale":"es_ES","og_type":"article","og_title":"Taza Morettino Cappuccino Con Plato - YAOMARKET","og_description":"L\u00ednea exclusiva de accesorios de la marca Morettino dise\u00f1ados para mejorar su experiencia de caf\u00e9. Art\u00edculos \u00fanicos para coleccionar o dedicar a tus coffee breaks. Capacidad del reciente: 200ml","og_url":"https:\/\/yaomarket.cl\/?product=taza-morettino-espresso-con-plato","og_site_name":"YAOMARKET","article_publisher":"https:\/\/www.facebook.com\/yaomarketchile\/","article_modified_time":"2025-05-25T22:39:02+00:00","og_image":[{"width":381,"height":492,"url":"https:\/\/yaomarket.cl\/wp-content\/uploads\/2023\/03\/taza-morettino-cappuccino-con-plato.png","type":"image\/png"}],"twitter_card":"summary_large_image","schema":{"@context":"https:\/\/schema.org","@graph":[{"@type":"WebPage","@id":"https:\/\/yaomarket.cl\/?product=taza-morettino-espresso-con-plato","url":"https:\/\/yaomarket.cl\/?product=taza-morettino-espresso-con-plato","name":"Taza Morettino Cappuccino Con Plato - YAOMARKET","isPartOf":{"@id":"https:\/\/yaomarket.cl\/#website"},"primaryImageOfPage":{"@id":"https:\/\/yaomarket.cl\/?product=taza-morettino-espresso-con-plato#primaryimage"},"image":{"@id":"https:\/\/yaomarket.cl\/?product=taza-morettino-espresso-con-plato#primaryimage"},"thumbnailUrl":"https:\/\/yaomarket.cl\/wp-content\/uploads\/2023\/03\/taza-morettino-cappuccino-con-plato.png","datePublished":"2025-03-14T02:27:17+00:00","dateModified":"2025-05-25T22:39:02+00:00","breadcrumb":{"@id":"https:\/\/yaomarket.cl\/?product=taza-morettino-espresso-con-plato#breadcrumb"},"inLanguage":"es","potentialAction":[{"@type":"ReadAction","target":["https:\/\/yaomarket.cl\/?product=taza-morettino-espresso-con-plato"]}]},{"@type":"ImageObject","inLanguage":"es","@id":"https:\/\/yaomarket.cl\/?product=taza-morettino-espresso-con-plato#primaryimage","url":"https:\/\/yaomarket.cl\/wp-content\/uploads\/2023\/03\/taza-morettino-cappuccino-con-plato.png","contentUrl":"https:\/\/yaomarket.cl\/wp-content\/uploads\/2023\/03\/taza-morettino-cappuccino-con-plato.png","width":381,"height":492},{"@type":"BreadcrumbList","@id":"https:\/\/yaomarket.cl\/?product=taza-morettino-espresso-con-plato#breadcrumb","itemListElement":[{"@type":"ListItem","position":1,"name":"Portada","item":"https:\/\/yaomarket.cl\/"},{"@type":"ListItem","position":2,"name":"TIENDA","item":"https:\/\/yaomarket.cl\/?page_id=8"},{"@type":"ListItem","position":3,"name":"Taza Morettino Cappuccino Con Plato"}]},{"@type":"WebSite","@id":"https:\/\/yaomarket.cl\/#website","url":"https:\/\/yaomarket.cl\/","name":"YAOMARKET","description":"","publisher":{"@id":"https:\/\/yaomarket.cl\/#organization"},"potentialAction":[{"@type":"SearchAction","target":{"@type":"EntryPoint","urlTemplate":"https:\/\/yaomarket.cl\/?s={search_term_string}"},"query-input":{"@type":"PropertyValueSpecification","valueRequired":true,"valueName":"search_term_string"}}],"inLanguage":"es"},{"@type":"Organization","@id":"https:\/\/yaomarket.cl\/#organization","name":"YAOMARKET","url":"https:\/\/yaomarket.cl\/","logo":{"@type":"ImageObject","inLanguage":"es","@id":"https:\/\/yaomarket.cl\/#\/schema\/logo\/image\/","url":"https:\/\/yaomarket.cl\/wp-content\/uploads\/2023\/08\/Logo-Original-Yao-Market-Circular.png","contentUrl":"https:\/\/yaomarket.cl\/wp-content\/uploads\/2023\/08\/Logo-Original-Yao-Market-Circular.png","width":522,"height":522,"caption":"YAOMARKET"},"image":{"@id":"https:\/\/yaomarket.cl\/#\/schema\/logo\/image\/"},"sameAs":["https:\/\/www.facebook.com\/yaomarketchile\/","https:\/\/www.instagram.com\/yao_market\/"]}]}},"_links":{"self":[{"href":"https:\/\/yaomarket.cl\/index.php?rest_route=\/wp\/v2\/product\/9082","targetHints":{"allow":["GET"]}}],"collection":[{"href":"https:\/\/yaomarket.cl\/index.php?rest_route=\/wp\/v2\/product"}],"about":[{"href":"https:\/\/yaomarket.cl\/index.php?rest_route=\/wp\/v2\/types\/product"}],"wp:featuredmedia":[{"embeddable":true,"href":"https:\/\/yaomarket.cl\/index.php?rest_route=\/wp\/v2\/media\/9083"}],"wp:attachment":[{"href":"https:\/\/yaomarket.cl\/index.php?rest_route=%2Fwp%2Fv2%2Fmedia&parent=9082"}],"wp:term":[{"taxonomy":"product_cat","embeddable":true,"href":"https:\/\/yaomarket.cl\/index.php?rest_route=%2Fwp%2Fv2%2Fproduct_cat&post=9082"},{"taxonomy":"product_tag","embeddable":true,"href":"https:\/\/yaomarket.cl\/index.php?rest_route=%2Fwp%2Fv2%2Fproduct_tag&post=9082"}],"curies":[{"name":"wp","href":"https:\/\/api.w.org\/{rel}","templated":true}]}}